{"id":99321,"date":"2017-03-05T22:16:18","date_gmt":"2017-03-05T22:16:18","guid":{"rendered":"https:\/\/articulosreligiosos.com\/product\/crucifix-evangelists-table-top-85916\/"},"modified":"2025-05-18T12:00:21","modified_gmt":"2025-05-18T12:00:21","slug":"crucifix-evangelists-table-top-85916","status":"publish","type":"product","link":"https:\/\/articulosreligiosos.com\/en\/product\/crucifix-evangelists-table-top-85916\/","title":{"rendered":"Crucifix Evangelists table top"},"content":{"rendered":"<p>Evangelists table crucifix<\/p>\n<p> This religious <strong>wooden<\/strong> image stands out for its careful craftsmanship.<\/p>\n<p> Devotion in every detail<\/p>\n<p> A unique piece that conveys spirituality. Buy with confidence and assured quality.<br \/> Visit our complete collection of <a href=\"https:\/\/articulosreligiosos.com\/en\/product-category\/religious-statues-religious-sculptures-catholic-statues-en\/\" target=\"_blank\">religious imagery<\/a> .<\/p>\n","protected":false},"excerpt":{"rendered":"<p>Crucifix Evangelists table top , wood carving.<\/p>\n","protected":false},"featured_media":336334,"comment_status":"open","ping_status":"closed","template":"","meta":{"_acf_changed":false},"product_brand":[],"product_cat":[6260,6262,6258],"product_tag":[],"class_list":{"0":"post-99321","1":"product","2":"type-product","3":"status-publish","4":"has-post-thumbnail","6":"product_cat-crosses-crucifixes-cross-crucifix-religious-sculptures-en","7":"product_cat-standing-crosses-crucifixes-cross-crucifix-en","8":"product_cat-religious-statues-religious-sculptures-catholic-statues-en","9":"pa_altura-120-en","10":"pa_altura-170-en","11":"pa_altura-220-en","12":"pa_altura-270-en","13":"pa_altura-380-en","14":"pa_altura-650-en","15":"pa_altura-900-en","16":"pa_decoracion_imagenes-colored-en-en","17":"pa_decoracion_imagenes-colored_antique-en","18":"pa_decoracion_imagenes-6c-disponibleenvariasdecoraci-en","19":"pa_decoracion_imagenes-natural-en","20":"pa_decoracion_imagenes-tones-en","21":"pa_decoracion_imagenes-vintagegold24k-en","22":"pa_decoracion_imagenes-waxed-en-en","23":"pa_decoraciones_general-available-in-various-decorations","24":"pa_disponibilidad-available-in-a-week","25":"pa_manufacturer-p030-en","26":"pa_material-woodcarving","28":"first","29":"instock","30":"taxable","31":"shipping-taxable","32":"purchasable","33":"product-type-variable","34":"rtwpvs-product"},"acf":[],"yoast_head":"<!-- This site is optimized with the Yoast SEO Premium plugin v27.2 (Yoast SEO v27.2) - https:\/\/yoast.com\/product\/yoast-seo-premium-wordpress\/ -->\n<title>Evangelist Table Crucifix - Handmade Religious Images<\/title>\n<meta name=\"description\" content=\"Handcrafted Evangelist tabletop crucifix to inspire devotion. Personalized service guaranteed.\" \/>\n<meta name=\"robots\" content=\"index, follow, max-snippet:-1, max-image-preview:large, max-video-preview:-1\" \/>\n<link rel=\"canonical\" href=\"https:\/\/articulosreligiosos.com\/en\/product\/crucifix-evangelists-table-top-85916\/\" \/>\n<meta property=\"og:locale\" content=\"en_US\" \/>\n<meta property=\"og:type\" content=\"article\" \/>\n<meta property=\"og:title\" content=\"Crucifix Evangelists table top\" \/>\n<meta property=\"og:description\" content=\"Handcrafted Evangelist tabletop crucifix to inspire devotion. Personalized service guaranteed.\" \/>\n<meta property=\"og:url\" content=\"https:\/\/articulosreligiosos.com\/en\/product\/crucifix-evangelists-table-top-85916\/\" \/>\n<meta property=\"og:site_name\" content=\"articulosreligiosos.com\" \/>\n<meta property=\"article:modified_time\" content=\"2025-05-18T12:00:21+00:00\" \/>\n<meta property=\"og:image\" content=\"https:\/\/articulosreligiosos.com\/wp-content\/uploads\/2025\/08\/Crucifijo-Evangelistas-de-sobremesa-macr03006029se-0.webp\" \/>\n\t<meta property=\"og:image:width\" content=\"539\" \/>\n\t<meta property=\"og:image:height\" content=\"1100\" \/>\n\t<meta property=\"og:image:type\" content=\"image\/webp\" \/>\n<meta name=\"twitter:card\" content=\"summary_large_image\" \/>\n<meta name=\"twitter:label1\" content=\"Availability\" \/>\n\t<meta name=\"twitter:data1\" content=\"In stock\" \/>\n<script type=\"application\/ld+json\" class=\"yoast-schema-graph\">{\"@context\":\"https:\/\/schema.org\",\"@graph\":[{\"@type\":\"WebPage\",\"@id\":\"https:\/\/articulosreligiosos.com\/en\/product\/crucifix-evangelists-table-top-85916\/\",\"url\":\"https:\/\/articulosreligiosos.com\/en\/product\/crucifix-evangelists-table-top-85916\/\",\"name\":\"Evangelist Table Crucifix - Handmade Religious Images\",\"isPartOf\":{\"@id\":\"https:\/\/articulosreligiosos.com\/en\/#website\"},\"primaryImageOfPage\":{\"@id\":\"https:\/\/articulosreligiosos.com\/en\/product\/crucifix-evangelists-table-top-85916\/#primaryimage\"},\"image\":{\"@id\":\"https:\/\/articulosreligiosos.com\/en\/product\/crucifix-evangelists-table-top-85916\/#primaryimage\"},\"thumbnailUrl\":\"https:\/\/articulosreligiosos.com\/wp-content\/uploads\/2025\/08\/Crucifijo-Evangelistas-de-sobremesa-macr03006029se-0.webp\",\"datePublished\":\"2017-03-05T22:16:18+00:00\",\"dateModified\":\"2025-05-18T12:00:21+00:00\",\"description\":\"Handcrafted Evangelist tabletop crucifix to inspire devotion. Personalized service guaranteed.\",\"breadcrumb\":{\"@id\":\"https:\/\/articulosreligiosos.com\/en\/product\/crucifix-evangelists-table-top-85916\/#breadcrumb\"},\"inLanguage\":\"en-US\",\"potentialAction\":[{\"@type\":\"ReadAction\",\"target\":[\"https:\/\/articulosreligiosos.com\/en\/product\/crucifix-evangelists-table-top-85916\/\"]}]},{\"@type\":\"ImageObject\",\"inLanguage\":\"en-US\",\"@id\":\"https:\/\/articulosreligiosos.com\/en\/product\/crucifix-evangelists-table-top-85916\/#primaryimage\",\"url\":\"https:\/\/articulosreligiosos.com\/wp-content\/uploads\/2025\/08\/Crucifijo-Evangelistas-de-sobremesa-macr03006029se-0.webp\",\"contentUrl\":\"https:\/\/articulosreligiosos.com\/wp-content\/uploads\/2025\/08\/Crucifijo-Evangelistas-de-sobremesa-macr03006029se-0.webp\",\"width\":539,\"height\":1100},{\"@type\":\"BreadcrumbList\",\"@id\":\"https:\/\/articulosreligiosos.com\/en\/product\/crucifix-evangelists-table-top-85916\/#breadcrumb\",\"itemListElement\":[{\"@type\":\"ListItem\",\"position\":1,\"name\":\"Home\",\"item\":\"https:\/\/articulosreligiosos.com\/en\/\"},{\"@type\":\"ListItem\",\"position\":2,\"name\":\"Products\"},{\"@type\":\"ListItem\",\"position\":3,\"name\":\"Crucifix Evangelists table top\"}]},{\"@type\":\"WebSite\",\"@id\":\"https:\/\/articulosreligiosos.com\/en\/#website\",\"url\":\"https:\/\/articulosreligiosos.com\/en\/\",\"name\":\"Art\u00edculos Religiosos\",\"description\":\"Tienda online | Fabricaci\u00f3n, restauraci\u00f3n y comercializaci\u00f3n de objetos religiosos al mejor precio y con el mejor servicio.\",\"publisher\":{\"@id\":\"https:\/\/articulosreligiosos.com\/en\/#organization\"},\"potentialAction\":[{\"@type\":\"SearchAction\",\"target\":{\"@type\":\"EntryPoint\",\"urlTemplate\":\"https:\/\/articulosreligiosos.com\/en\/?s={search_term_string}\"},\"query-input\":{\"@type\":\"PropertyValueSpecification\",\"valueRequired\":true,\"valueName\":\"search_term_string\"}}],\"inLanguage\":\"en-US\"},{\"@type\":\"Organization\",\"@id\":\"https:\/\/articulosreligiosos.com\/en\/#organization\",\"name\":\"Art\u00edculos Religiosos\",\"url\":\"https:\/\/articulosreligiosos.com\/en\/\",\"logo\":{\"@type\":\"ImageObject\",\"inLanguage\":\"en-US\",\"@id\":\"https:\/\/articulosreligiosos.com\/en\/#\/schema\/logo\/image\/\",\"url\":\"https:\/\/articulosreligiosos.com\/wp-content\/uploads\/2023\/12\/newlogo-1.png\",\"contentUrl\":\"https:\/\/articulosreligiosos.com\/wp-content\/uploads\/2023\/12\/newlogo-1.png\",\"width\":178,\"height\":114,\"caption\":\"Art\u00edculos Religiosos\"},\"image\":{\"@id\":\"https:\/\/articulosreligiosos.com\/en\/#\/schema\/logo\/image\/\"},\"sameAs\":[\"https:\/\/www.instagram.com\/articulosreligiosos.tienda\/\"],\"hasMerchantReturnPolicy\":{\"@type\":\"MerchantReturnPolicy\",\"merchantReturnLink\":\"https:\/\/articulosreligiosos.com\/en\/refund-and-returns-policy\/\"}}]}<\/script>\n<meta property=\"og:availability\" content=\"instock\" \/>\n<meta property=\"product:availability\" content=\"instock\" \/>\n<meta property=\"product:retailer_item_id\" content=\"MACR03006029SE\" \/>\n<meta property=\"product:condition\" content=\"new\" \/>\n<!-- \/ Yoast SEO Premium plugin. -->","yoast_head_json":{"title":"Evangelist Table Crucifix - Handmade Religious Images","description":"Handcrafted Evangelist tabletop crucifix to inspire devotion. Personalized service guaranteed.","robots":{"index":"index","follow":"follow","max-snippet":"max-snippet:-1","max-image-preview":"max-image-preview:large","max-video-preview":"max-video-preview:-1"},"canonical":"https:\/\/articulosreligiosos.com\/en\/product\/crucifix-evangelists-table-top-85916\/","og_locale":"en_US","og_type":"article","og_title":"Crucifix Evangelists table top","og_description":"Handcrafted Evangelist tabletop crucifix to inspire devotion. Personalized service guaranteed.","og_url":"https:\/\/articulosreligiosos.com\/en\/product\/crucifix-evangelists-table-top-85916\/","og_site_name":"articulosreligiosos.com","article_modified_time":"2025-05-18T12:00:21+00:00","og_image":[{"width":539,"height":1100,"url":"https:\/\/articulosreligiosos.com\/wp-content\/uploads\/2025\/08\/Crucifijo-Evangelistas-de-sobremesa-macr03006029se-0.webp","type":"image\/webp"}],"twitter_card":"summary_large_image","twitter_misc":{"Availability":"In stock"},"schema":{"@context":"https:\/\/schema.org","@graph":[{"@type":"WebPage","@id":"https:\/\/articulosreligiosos.com\/en\/product\/crucifix-evangelists-table-top-85916\/","url":"https:\/\/articulosreligiosos.com\/en\/product\/crucifix-evangelists-table-top-85916\/","name":"Evangelist Table Crucifix - Handmade Religious Images","isPartOf":{"@id":"https:\/\/articulosreligiosos.com\/en\/#website"},"primaryImageOfPage":{"@id":"https:\/\/articulosreligiosos.com\/en\/product\/crucifix-evangelists-table-top-85916\/#primaryimage"},"image":{"@id":"https:\/\/articulosreligiosos.com\/en\/product\/crucifix-evangelists-table-top-85916\/#primaryimage"},"thumbnailUrl":"https:\/\/articulosreligiosos.com\/wp-content\/uploads\/2025\/08\/Crucifijo-Evangelistas-de-sobremesa-macr03006029se-0.webp","datePublished":"2017-03-05T22:16:18+00:00","dateModified":"2025-05-18T12:00:21+00:00","description":"Handcrafted Evangelist tabletop crucifix to inspire devotion. Personalized service guaranteed.","breadcrumb":{"@id":"https:\/\/articulosreligiosos.com\/en\/product\/crucifix-evangelists-table-top-85916\/#breadcrumb"},"inLanguage":"en-US","potentialAction":[{"@type":"ReadAction","target":["https:\/\/articulosreligiosos.com\/en\/product\/crucifix-evangelists-table-top-85916\/"]}]},{"@type":"ImageObject","inLanguage":"en-US","@id":"https:\/\/articulosreligiosos.com\/en\/product\/crucifix-evangelists-table-top-85916\/#primaryimage","url":"https:\/\/articulosreligiosos.com\/wp-content\/uploads\/2025\/08\/Crucifijo-Evangelistas-de-sobremesa-macr03006029se-0.webp","contentUrl":"https:\/\/articulosreligiosos.com\/wp-content\/uploads\/2025\/08\/Crucifijo-Evangelistas-de-sobremesa-macr03006029se-0.webp","width":539,"height":1100},{"@type":"BreadcrumbList","@id":"https:\/\/articulosreligiosos.com\/en\/product\/crucifix-evangelists-table-top-85916\/#breadcrumb","itemListElement":[{"@type":"ListItem","position":1,"name":"Home","item":"https:\/\/articulosreligiosos.com\/en\/"},{"@type":"ListItem","position":2,"name":"Products"},{"@type":"ListItem","position":3,"name":"Crucifix Evangelists table top"}]},{"@type":"WebSite","@id":"https:\/\/articulosreligiosos.com\/en\/#website","url":"https:\/\/articulosreligiosos.com\/en\/","name":"Art\u00edculos Religiosos","description":"Tienda online | Fabricaci\u00f3n, restauraci\u00f3n y comercializaci\u00f3n de objetos religiosos al mejor precio y con el mejor servicio.","publisher":{"@id":"https:\/\/articulosreligiosos.com\/en\/#organization"},"potentialAction":[{"@type":"SearchAction","target":{"@type":"EntryPoint","urlTemplate":"https:\/\/articulosreligiosos.com\/en\/?s={search_term_string}"},"query-input":{"@type":"PropertyValueSpecification","valueRequired":true,"valueName":"search_term_string"}}],"inLanguage":"en-US"},{"@type":"Organization","@id":"https:\/\/articulosreligiosos.com\/en\/#organization","name":"Art\u00edculos Religiosos","url":"https:\/\/articulosreligiosos.com\/en\/","logo":{"@type":"ImageObject","inLanguage":"en-US","@id":"https:\/\/articulosreligiosos.com\/en\/#\/schema\/logo\/image\/","url":"https:\/\/articulosreligiosos.com\/wp-content\/uploads\/2023\/12\/newlogo-1.png","contentUrl":"https:\/\/articulosreligiosos.com\/wp-content\/uploads\/2023\/12\/newlogo-1.png","width":178,"height":114,"caption":"Art\u00edculos Religiosos"},"image":{"@id":"https:\/\/articulosreligiosos.com\/en\/#\/schema\/logo\/image\/"},"sameAs":["https:\/\/www.instagram.com\/articulosreligiosos.tienda\/"],"hasMerchantReturnPolicy":{"@type":"MerchantReturnPolicy","merchantReturnLink":"https:\/\/articulosreligiosos.com\/en\/refund-and-returns-policy\/"}}]},"og_availability":"instock","product_availability":"instock","product_retailer_item_id":"MACR03006029SE","product_condition":"new"},"_links":{"self":[{"href":"https:\/\/articulosreligiosos.com\/en\/wp-json\/wp\/v2\/product\/99321","targetHints":{"allow":["GET"]}}],"collection":[{"href":"https:\/\/articulosreligiosos.com\/en\/wp-json\/wp\/v2\/product"}],"about":[{"href":"https:\/\/articulosreligiosos.com\/en\/wp-json\/wp\/v2\/types\/product"}],"replies":[{"embeddable":true,"href":"https:\/\/articulosreligiosos.com\/en\/wp-json\/wp\/v2\/comments?post=99321"}],"wp:featuredmedia":[{"embeddable":true,"href":"https:\/\/articulosreligiosos.com\/en\/wp-json\/wp\/v2\/media\/336334"}],"wp:attachment":[{"href":"https:\/\/articulosreligiosos.com\/en\/wp-json\/wp\/v2\/media?parent=99321"}],"wp:term":[{"taxonomy":"product_brand","embeddable":true,"href":"https:\/\/articulosreligiosos.com\/en\/wp-json\/wp\/v2\/product_brand?post=99321"},{"taxonomy":"product_cat","embeddable":true,"href":"https:\/\/articulosreligiosos.com\/en\/wp-json\/wp\/v2\/product_cat?post=99321"},{"taxonomy":"product_tag","embeddable":true,"href":"https:\/\/articulosreligiosos.com\/en\/wp-json\/wp\/v2\/product_tag?post=99321"}],"curies":[{"name":"wp","href":"https:\/\/api.w.org\/{rel}","templated":true}]}}