{"id":810,"date":"2011-04-18T11:34:55","date_gmt":"2011-04-18T11:34:55","guid":{"rendered":"https:\/\/articulosreligiosos.com\/product\/cargador-de-pilas-sin-pilas\/"},"modified":"2025-12-03T07:13:06","modified_gmt":"2025-12-03T07:13:06","slug":"batterybox-without-batteries-mape0060900003u","status":"publish","type":"product","link":"https:\/\/articulosreligiosos.com\/en\/product\/batterybox-without-batteries-mape0060900003u\/","title":{"rendered":"Batterybox without batteries"},"content":{"rendered":"<p>Batterybox without batteries<\/p>\n","protected":false},"excerpt":{"rendered":"<p>Batterybox without batteries<\/p>\n","protected":false},"featured_media":329644,"comment_status":"open","ping_status":"closed","template":"","meta":{"_acf_changed":false},"product_brand":[],"product_cat":[6349,6355,6363,6351,6365,6361,6332,6359,6357,6367,6353],"product_tag":[],"class_list":{"0":"post-810","1":"product","2":"type-product","3":"status-publish","4":"has-post-thumbnail","6":"product_cat-complete-nativities-en-nativities-nativity-cribs-crib-manger-en","7":"product_cat-folkloristic-nativity-en","8":"product_cat-giner-nativity-en","9":"product_cat-gloria-nativity-en","10":"product_cat-highlander-nativity-en","11":"product_cat-kastlunger-nativity-en","12":"product_cat-nativities-nativity-cribs-crib-manger-en","13":"product_cat-reindl-nativity-en","14":"product_cat-rupert-nativity-en","15":"product_cat-rustic-nativity-en","16":"product_cat-venetian-nativity-en","17":"pa_altura-120-en","18":"pa_decoracion_imagenes-colored-en-en","19":"pa_disponibilidad-available-in-2-3-weeks","20":"pa_manufacturer-p006-en","21":"pa_material-woodcarving","23":"first","24":"instock","25":"taxable","26":"shipping-taxable","27":"purchasable","28":"product-type-simple"},"acf":[],"yoast_head":"<!-- This site is optimized with the Yoast SEO Premium plugin v27.2 (Yoast SEO v27.2) - https:\/\/yoast.com\/product\/yoast-seo-premium-wordpress\/ -->\n<title>Buy Batterybox without batteries - Art\u00edculos Religiosos | Online Store<\/title>\n<meta name=\"description\" content=\"Batterybox without batteries\" \/>\n<meta name=\"robots\" content=\"index, follow, max-snippet:-1, max-image-preview:large, max-video-preview:-1\" \/>\n<link rel=\"canonical\" href=\"https:\/\/articulosreligiosos.com\/en\/product\/batterybox-without-batteries-mape0060900003u\/\" \/>\n<meta property=\"og:locale\" content=\"en_US\" \/>\n<meta property=\"og:type\" content=\"article\" \/>\n<meta property=\"og:title\" content=\"Batterybox without batteries\" \/>\n<meta property=\"og:description\" content=\"Batterybox without batteries\" \/>\n<meta property=\"og:url\" content=\"https:\/\/articulosreligiosos.com\/en\/product\/batterybox-without-batteries-mape0060900003u\/\" \/>\n<meta property=\"og:site_name\" content=\"articulosreligiosos.com\" \/>\n<meta property=\"article:modified_time\" content=\"2025-12-03T07:13:06+00:00\" \/>\n<meta property=\"og:image\" content=\"https:\/\/articulosreligiosos.com\/wp-content\/uploads\/2025\/08\/Cargador-de-pilas-sin-pilas-mape0060900003u-0.webp\" \/>\n\t<meta property=\"og:image:width\" content=\"1120\" \/>\n\t<meta property=\"og:image:height\" content=\"1400\" \/>\n\t<meta property=\"og:image:type\" content=\"image\/webp\" \/>\n<meta name=\"twitter:card\" content=\"summary_large_image\" \/>\n<meta name=\"twitter:label1\" content=\"Price\" \/>\n\t<meta name=\"twitter:data1\" content=\"3,60&nbsp;&euro;\" \/>\n\t<meta name=\"twitter:label2\" content=\"Availability\" \/>\n\t<meta name=\"twitter:data2\" content=\"In stock\" \/>\n<script type=\"application\/ld+json\" class=\"yoast-schema-graph\">{\"@context\":\"https:\/\/schema.org\",\"@graph\":[{\"@type\":\"WebPage\",\"@id\":\"https:\/\/articulosreligiosos.com\/en\/product\/batterybox-without-batteries-mape0060900003u\/\",\"url\":\"https:\/\/articulosreligiosos.com\/en\/product\/batterybox-without-batteries-mape0060900003u\/\",\"name\":\"Buy Batterybox without batteries - Art\u00edculos Religiosos | Online Store\",\"isPartOf\":{\"@id\":\"https:\/\/articulosreligiosos.com\/en\/#website\"},\"primaryImageOfPage\":{\"@id\":\"https:\/\/articulosreligiosos.com\/en\/product\/batterybox-without-batteries-mape0060900003u\/#primaryimage\"},\"image\":{\"@id\":\"https:\/\/articulosreligiosos.com\/en\/product\/batterybox-without-batteries-mape0060900003u\/#primaryimage\"},\"thumbnailUrl\":\"https:\/\/articulosreligiosos.com\/wp-content\/uploads\/2025\/08\/Cargador-de-pilas-sin-pilas-mape0060900003u-0.webp\",\"datePublished\":\"2011-04-18T11:34:55+00:00\",\"dateModified\":\"2025-12-03T07:13:06+00:00\",\"description\":\"Batterybox without batteries\",\"breadcrumb\":{\"@id\":\"https:\/\/articulosreligiosos.com\/en\/product\/batterybox-without-batteries-mape0060900003u\/#breadcrumb\"},\"inLanguage\":\"en-US\",\"potentialAction\":[{\"@type\":\"ReadAction\",\"target\":[\"https:\/\/articulosreligiosos.com\/en\/product\/batterybox-without-batteries-mape0060900003u\/\"]}]},{\"@type\":\"ImageObject\",\"inLanguage\":\"en-US\",\"@id\":\"https:\/\/articulosreligiosos.com\/en\/product\/batterybox-without-batteries-mape0060900003u\/#primaryimage\",\"url\":\"https:\/\/articulosreligiosos.com\/wp-content\/uploads\/2025\/08\/Cargador-de-pilas-sin-pilas-mape0060900003u-0.webp\",\"contentUrl\":\"https:\/\/articulosreligiosos.com\/wp-content\/uploads\/2025\/08\/Cargador-de-pilas-sin-pilas-mape0060900003u-0.webp\",\"width\":1120,\"height\":1400,\"caption\":\"Batterybox-without-batteries-mape0060900003u-0\"},{\"@type\":\"BreadcrumbList\",\"@id\":\"https:\/\/articulosreligiosos.com\/en\/product\/batterybox-without-batteries-mape0060900003u\/#breadcrumb\",\"itemListElement\":[{\"@type\":\"ListItem\",\"position\":1,\"name\":\"Home\",\"item\":\"https:\/\/articulosreligiosos.com\/en\/\"},{\"@type\":\"ListItem\",\"position\":2,\"name\":\"Products\"},{\"@type\":\"ListItem\",\"position\":3,\"name\":\"Batterybox without batteries\"}]},{\"@type\":\"WebSite\",\"@id\":\"https:\/\/articulosreligiosos.com\/en\/#website\",\"url\":\"https:\/\/articulosreligiosos.com\/en\/\",\"name\":\"Art\u00edculos Religiosos\",\"description\":\"Tienda online | Fabricaci\u00f3n, restauraci\u00f3n y comercializaci\u00f3n de objetos religiosos al mejor precio y con el mejor servicio.\",\"publisher\":{\"@id\":\"https:\/\/articulosreligiosos.com\/en\/#organization\"},\"potentialAction\":[{\"@type\":\"SearchAction\",\"target\":{\"@type\":\"EntryPoint\",\"urlTemplate\":\"https:\/\/articulosreligiosos.com\/en\/?s={search_term_string}\"},\"query-input\":{\"@type\":\"PropertyValueSpecification\",\"valueRequired\":true,\"valueName\":\"search_term_string\"}}],\"inLanguage\":\"en-US\"},{\"@type\":\"Organization\",\"@id\":\"https:\/\/articulosreligiosos.com\/en\/#organization\",\"name\":\"Art\u00edculos Religiosos\",\"url\":\"https:\/\/articulosreligiosos.com\/en\/\",\"logo\":{\"@type\":\"ImageObject\",\"inLanguage\":\"en-US\",\"@id\":\"https:\/\/articulosreligiosos.com\/en\/#\/schema\/logo\/image\/\",\"url\":\"https:\/\/articulosreligiosos.com\/wp-content\/uploads\/2023\/12\/newlogo-1.png\",\"contentUrl\":\"https:\/\/articulosreligiosos.com\/wp-content\/uploads\/2023\/12\/newlogo-1.png\",\"width\":178,\"height\":114,\"caption\":\"Art\u00edculos Religiosos\"},\"image\":{\"@id\":\"https:\/\/articulosreligiosos.com\/en\/#\/schema\/logo\/image\/\"},\"sameAs\":[\"https:\/\/www.instagram.com\/articulosreligiosos.tienda\/\"],\"hasMerchantReturnPolicy\":{\"@type\":\"MerchantReturnPolicy\",\"merchantReturnLink\":\"https:\/\/articulosreligiosos.com\/en\/refund-and-returns-policy\/\"}}]}<\/script>\n<meta property=\"product:price:amount\" content=\"3.60\" \/>\n<meta property=\"product:price:currency\" content=\"EUR\" \/>\n<meta property=\"og:availability\" content=\"instock\" \/>\n<meta property=\"product:availability\" content=\"instock\" \/>\n<meta property=\"product:retailer_item_id\" content=\"MAPE0060900003U\" \/>\n<meta property=\"product:condition\" content=\"new\" \/>\n<!-- \/ Yoast SEO Premium plugin. -->","yoast_head_json":{"title":"Buy Batterybox without batteries - Art\u00edculos Religiosos | Online Store","description":"Batterybox without batteries","robots":{"index":"index","follow":"follow","max-snippet":"max-snippet:-1","max-image-preview":"max-image-preview:large","max-video-preview":"max-video-preview:-1"},"canonical":"https:\/\/articulosreligiosos.com\/en\/product\/batterybox-without-batteries-mape0060900003u\/","og_locale":"en_US","og_type":"article","og_title":"Batterybox without batteries","og_description":"Batterybox without batteries","og_url":"https:\/\/articulosreligiosos.com\/en\/product\/batterybox-without-batteries-mape0060900003u\/","og_site_name":"articulosreligiosos.com","article_modified_time":"2025-12-03T07:13:06+00:00","og_image":[{"width":1120,"height":1400,"url":"https:\/\/articulosreligiosos.com\/wp-content\/uploads\/2025\/08\/Cargador-de-pilas-sin-pilas-mape0060900003u-0.webp","type":"image\/webp"}],"twitter_card":"summary_large_image","twitter_misc":{"Price":"3,60&nbsp;&euro;","Availability":"In stock"},"schema":{"@context":"https:\/\/schema.org","@graph":[{"@type":"WebPage","@id":"https:\/\/articulosreligiosos.com\/en\/product\/batterybox-without-batteries-mape0060900003u\/","url":"https:\/\/articulosreligiosos.com\/en\/product\/batterybox-without-batteries-mape0060900003u\/","name":"Buy Batterybox without batteries - Art\u00edculos Religiosos | Online Store","isPartOf":{"@id":"https:\/\/articulosreligiosos.com\/en\/#website"},"primaryImageOfPage":{"@id":"https:\/\/articulosreligiosos.com\/en\/product\/batterybox-without-batteries-mape0060900003u\/#primaryimage"},"image":{"@id":"https:\/\/articulosreligiosos.com\/en\/product\/batterybox-without-batteries-mape0060900003u\/#primaryimage"},"thumbnailUrl":"https:\/\/articulosreligiosos.com\/wp-content\/uploads\/2025\/08\/Cargador-de-pilas-sin-pilas-mape0060900003u-0.webp","datePublished":"2011-04-18T11:34:55+00:00","dateModified":"2025-12-03T07:13:06+00:00","description":"Batterybox without batteries","breadcrumb":{"@id":"https:\/\/articulosreligiosos.com\/en\/product\/batterybox-without-batteries-mape0060900003u\/#breadcrumb"},"inLanguage":"en-US","potentialAction":[{"@type":"ReadAction","target":["https:\/\/articulosreligiosos.com\/en\/product\/batterybox-without-batteries-mape0060900003u\/"]}]},{"@type":"ImageObject","inLanguage":"en-US","@id":"https:\/\/articulosreligiosos.com\/en\/product\/batterybox-without-batteries-mape0060900003u\/#primaryimage","url":"https:\/\/articulosreligiosos.com\/wp-content\/uploads\/2025\/08\/Cargador-de-pilas-sin-pilas-mape0060900003u-0.webp","contentUrl":"https:\/\/articulosreligiosos.com\/wp-content\/uploads\/2025\/08\/Cargador-de-pilas-sin-pilas-mape0060900003u-0.webp","width":1120,"height":1400,"caption":"Batterybox-without-batteries-mape0060900003u-0"},{"@type":"BreadcrumbList","@id":"https:\/\/articulosreligiosos.com\/en\/product\/batterybox-without-batteries-mape0060900003u\/#breadcrumb","itemListElement":[{"@type":"ListItem","position":1,"name":"Home","item":"https:\/\/articulosreligiosos.com\/en\/"},{"@type":"ListItem","position":2,"name":"Products"},{"@type":"ListItem","position":3,"name":"Batterybox without batteries"}]},{"@type":"WebSite","@id":"https:\/\/articulosreligiosos.com\/en\/#website","url":"https:\/\/articulosreligiosos.com\/en\/","name":"Art\u00edculos Religiosos","description":"Tienda online | Fabricaci\u00f3n, restauraci\u00f3n y comercializaci\u00f3n de objetos religiosos al mejor precio y con el mejor servicio.","publisher":{"@id":"https:\/\/articulosreligiosos.com\/en\/#organization"},"potentialAction":[{"@type":"SearchAction","target":{"@type":"EntryPoint","urlTemplate":"https:\/\/articulosreligiosos.com\/en\/?s={search_term_string}"},"query-input":{"@type":"PropertyValueSpecification","valueRequired":true,"valueName":"search_term_string"}}],"inLanguage":"en-US"},{"@type":"Organization","@id":"https:\/\/articulosreligiosos.com\/en\/#organization","name":"Art\u00edculos Religiosos","url":"https:\/\/articulosreligiosos.com\/en\/","logo":{"@type":"ImageObject","inLanguage":"en-US","@id":"https:\/\/articulosreligiosos.com\/en\/#\/schema\/logo\/image\/","url":"https:\/\/articulosreligiosos.com\/wp-content\/uploads\/2023\/12\/newlogo-1.png","contentUrl":"https:\/\/articulosreligiosos.com\/wp-content\/uploads\/2023\/12\/newlogo-1.png","width":178,"height":114,"caption":"Art\u00edculos Religiosos"},"image":{"@id":"https:\/\/articulosreligiosos.com\/en\/#\/schema\/logo\/image\/"},"sameAs":["https:\/\/www.instagram.com\/articulosreligiosos.tienda\/"],"hasMerchantReturnPolicy":{"@type":"MerchantReturnPolicy","merchantReturnLink":"https:\/\/articulosreligiosos.com\/en\/refund-and-returns-policy\/"}}]},"product_price_amount":"3.60","product_price_currency":"EUR","og_availability":"instock","product_availability":"instock","product_retailer_item_id":"MAPE0060900003U","product_condition":"new"},"_links":{"self":[{"href":"https:\/\/articulosreligiosos.com\/en\/wp-json\/wp\/v2\/product\/810","targetHints":{"allow":["GET"]}}],"collection":[{"href":"https:\/\/articulosreligiosos.com\/en\/wp-json\/wp\/v2\/product"}],"about":[{"href":"https:\/\/articulosreligiosos.com\/en\/wp-json\/wp\/v2\/types\/product"}],"replies":[{"embeddable":true,"href":"https:\/\/articulosreligiosos.com\/en\/wp-json\/wp\/v2\/comments?post=810"}],"wp:featuredmedia":[{"embeddable":true,"href":"https:\/\/articulosreligiosos.com\/en\/wp-json\/wp\/v2\/media\/329644"}],"wp:attachment":[{"href":"https:\/\/articulosreligiosos.com\/en\/wp-json\/wp\/v2\/media?parent=810"}],"wp:term":[{"taxonomy":"product_brand","embeddable":true,"href":"https:\/\/articulosreligiosos.com\/en\/wp-json\/wp\/v2\/product_brand?post=810"},{"taxonomy":"product_cat","embeddable":true,"href":"https:\/\/articulosreligiosos.com\/en\/wp-json\/wp\/v2\/product_cat?post=810"},{"taxonomy":"product_tag","embeddable":true,"href":"https:\/\/articulosreligiosos.com\/en\/wp-json\/wp\/v2\/product_tag?post=810"}],"curies":[{"name":"wp","href":"https:\/\/api.w.org\/{rel}","templated":true}]}}