{"id":77987,"date":"2015-02-17T18:43:48","date_gmt":"2015-02-17T18:43:48","guid":{"rendered":"https:\/\/articulosreligiosos.com\/product\/missal-first-communion-of-nacre-prayer-book-76249\/"},"modified":"2025-05-08T10:57:07","modified_gmt":"2025-05-08T10:57:07","slug":"missal-first-communion-of-nacre-prayer-book-76249","status":"publish","type":"product","link":"https:\/\/articulosreligiosos.com\/en\/product\/missal-first-communion-of-nacre-prayer-book-76249\/","title":{"rendered":"Missal First Communion of nacre. Prayer book."},"content":{"rendered":"<div data-content-type=\"html\" data-appearance=\"default\" data-element=\"main\">Missal made with 140 pages in color including prayers and mysteries of the rosary. Only available in Spanish. <\/div>\n","protected":false},"excerpt":{"rendered":"<p>First Communion Missal with gold stamping on the cover and gold edges. Three finishes available. <\/p>\n","protected":false},"featured_media":322022,"comment_status":"open","ping_status":"closed","template":"","meta":{"_acf_changed":false},"product_brand":[],"product_cat":[6852,7400,6806],"product_tag":[],"class_list":{"0":"post-77987","1":"product","2":"type-product","3":"status-publish","4":"has-post-thumbnail","6":"product_cat-first-communion-religious-goods-en","7":"product_cat-missal","8":"product_cat-catholic-goods-religious-goods-other-items-en","9":"pa_acabado_estampas-sincierre-en","10":"pa_acabado_estampas-ff-withclaspandgoldcrossorcha-en","11":"pa_acabado_estampas-withgoldclasp-en","12":"pa_altura-100-en","13":"pa_decoraciones_general-book-covers-in-acetate-paper","14":"pa_disponibilidad-3-en-2","15":"pa_manufacturer-p121-en","16":"pa_material-acetate-paper-en","17":"pa_materiales_general-three-finishes-available-without-metal-clasp-with-gold-clasp-and-with-gold-clasp-and-gold-motif-cross-or-chalice-book-shaped-case","19":"first","20":"instock","21":"taxable","22":"shipping-taxable","23":"purchasable","24":"product-type-variable","25":"rtwpvs-product"},"acf":[],"yoast_head":"<!-- This site is optimized with the Yoast SEO Premium plugin v27.2 (Yoast SEO v27.2) - https:\/\/yoast.com\/product\/yoast-seo-premium-wordpress\/ -->\n<title>Buy Missal First Communion of nacre. Prayer book. - Art\u00edculos Religiosos | Online Store<\/title>\n<meta name=\"description\" content=\"First Communion Missal with gold stamping on the cover and gold edges. Three finishes available.\" \/>\n<meta name=\"robots\" content=\"index, follow, max-snippet:-1, max-image-preview:large, max-video-preview:-1\" \/>\n<link rel=\"canonical\" href=\"https:\/\/articulosreligiosos.com\/en\/product\/missal-first-communion-of-nacre-prayer-book-76249\/\" \/>\n<meta property=\"og:locale\" content=\"en_US\" \/>\n<meta property=\"og:type\" content=\"article\" \/>\n<meta property=\"og:title\" content=\"Missal First Communion of nacre. Prayer book.\" \/>\n<meta property=\"og:description\" content=\"First Communion Missal with gold stamping on the cover and gold edges. Three finishes available.\" \/>\n<meta property=\"og:url\" content=\"https:\/\/articulosreligiosos.com\/en\/product\/missal-first-communion-of-nacre-prayer-book-76249\/\" \/>\n<meta property=\"og:site_name\" content=\"articulosreligiosos.com\" \/>\n<meta property=\"article:modified_time\" content=\"2025-05-08T10:57:07+00:00\" \/>\n<meta property=\"og:image\" content=\"https:\/\/articulosreligiosos.com\/wp-content\/uploads\/2025\/04\/1_2_11zon.webp\" \/>\n\t<meta property=\"og:image:width\" content=\"506\" \/>\n\t<meta property=\"og:image:height\" content=\"744\" \/>\n\t<meta property=\"og:image:type\" content=\"image\/webp\" \/>\n<meta name=\"twitter:card\" content=\"summary_large_image\" \/>\n<meta name=\"twitter:label1\" content=\"Availability\" \/>\n\t<meta name=\"twitter:data1\" content=\"In stock\" \/>\n<script type=\"application\/ld+json\" class=\"yoast-schema-graph\">{\"@context\":\"https:\/\/schema.org\",\"@graph\":[{\"@type\":\"WebPage\",\"@id\":\"https:\/\/articulosreligiosos.com\/en\/product\/missal-first-communion-of-nacre-prayer-book-76249\/\",\"url\":\"https:\/\/articulosreligiosos.com\/en\/product\/missal-first-communion-of-nacre-prayer-book-76249\/\",\"name\":\"Buy Missal First Communion of nacre. Prayer book. - Art\u00edculos Religiosos | Online Store\",\"isPartOf\":{\"@id\":\"https:\/\/articulosreligiosos.com\/en\/#website\"},\"primaryImageOfPage\":{\"@id\":\"https:\/\/articulosreligiosos.com\/en\/product\/missal-first-communion-of-nacre-prayer-book-76249\/#primaryimage\"},\"image\":{\"@id\":\"https:\/\/articulosreligiosos.com\/en\/product\/missal-first-communion-of-nacre-prayer-book-76249\/#primaryimage\"},\"thumbnailUrl\":\"https:\/\/articulosreligiosos.com\/wp-content\/uploads\/2025\/04\/1_2_11zon.webp\",\"datePublished\":\"2015-02-17T18:43:48+00:00\",\"dateModified\":\"2025-05-08T10:57:07+00:00\",\"description\":\"First Communion Missal with gold stamping on the cover and gold edges. Three finishes available.\",\"breadcrumb\":{\"@id\":\"https:\/\/articulosreligiosos.com\/en\/product\/missal-first-communion-of-nacre-prayer-book-76249\/#breadcrumb\"},\"inLanguage\":\"en-US\",\"potentialAction\":[{\"@type\":\"ReadAction\",\"target\":[\"https:\/\/articulosreligiosos.com\/en\/product\/missal-first-communion-of-nacre-prayer-book-76249\/\"]}]},{\"@type\":\"ImageObject\",\"inLanguage\":\"en-US\",\"@id\":\"https:\/\/articulosreligiosos.com\/en\/product\/missal-first-communion-of-nacre-prayer-book-76249\/#primaryimage\",\"url\":\"https:\/\/articulosreligiosos.com\/wp-content\/uploads\/2025\/04\/1_2_11zon.webp\",\"contentUrl\":\"https:\/\/articulosreligiosos.com\/wp-content\/uploads\/2025\/04\/1_2_11zon.webp\",\"width\":506,\"height\":744},{\"@type\":\"BreadcrumbList\",\"@id\":\"https:\/\/articulosreligiosos.com\/en\/product\/missal-first-communion-of-nacre-prayer-book-76249\/#breadcrumb\",\"itemListElement\":[{\"@type\":\"ListItem\",\"position\":1,\"name\":\"Home\",\"item\":\"https:\/\/articulosreligiosos.com\/en\/\"},{\"@type\":\"ListItem\",\"position\":2,\"name\":\"Products\"},{\"@type\":\"ListItem\",\"position\":3,\"name\":\"Missal First Communion of nacre. Prayer book.\"}]},{\"@type\":\"WebSite\",\"@id\":\"https:\/\/articulosreligiosos.com\/en\/#website\",\"url\":\"https:\/\/articulosreligiosos.com\/en\/\",\"name\":\"Art\u00edculos Religiosos\",\"description\":\"Tienda online | Fabricaci\u00f3n, restauraci\u00f3n y comercializaci\u00f3n de objetos religiosos al mejor precio y con el mejor servicio.\",\"publisher\":{\"@id\":\"https:\/\/articulosreligiosos.com\/en\/#organization\"},\"potentialAction\":[{\"@type\":\"SearchAction\",\"target\":{\"@type\":\"EntryPoint\",\"urlTemplate\":\"https:\/\/articulosreligiosos.com\/en\/?s={search_term_string}\"},\"query-input\":{\"@type\":\"PropertyValueSpecification\",\"valueRequired\":true,\"valueName\":\"search_term_string\"}}],\"inLanguage\":\"en-US\"},{\"@type\":\"Organization\",\"@id\":\"https:\/\/articulosreligiosos.com\/en\/#organization\",\"name\":\"Art\u00edculos Religiosos\",\"url\":\"https:\/\/articulosreligiosos.com\/en\/\",\"logo\":{\"@type\":\"ImageObject\",\"inLanguage\":\"en-US\",\"@id\":\"https:\/\/articulosreligiosos.com\/en\/#\/schema\/logo\/image\/\",\"url\":\"https:\/\/articulosreligiosos.com\/wp-content\/uploads\/2023\/12\/newlogo-1.png\",\"contentUrl\":\"https:\/\/articulosreligiosos.com\/wp-content\/uploads\/2023\/12\/newlogo-1.png\",\"width\":178,\"height\":114,\"caption\":\"Art\u00edculos Religiosos\"},\"image\":{\"@id\":\"https:\/\/articulosreligiosos.com\/en\/#\/schema\/logo\/image\/\"},\"sameAs\":[\"https:\/\/www.instagram.com\/articulosreligiosos.tienda\/\"],\"hasMerchantReturnPolicy\":{\"@type\":\"MerchantReturnPolicy\",\"merchantReturnLink\":\"https:\/\/articulosreligiosos.com\/en\/refund-and-returns-policy\/\"}}]}<\/script>\n<meta property=\"og:availability\" content=\"instock\" \/>\n<meta property=\"product:availability\" content=\"instock\" \/>\n<meta property=\"product:retailer_item_id\" content=\"DECO12125123\" \/>\n<meta property=\"product:condition\" content=\"new\" \/>\n<!-- \/ Yoast SEO Premium plugin. -->","yoast_head_json":{"title":"Buy Missal First Communion of nacre. Prayer book. - Art\u00edculos Religiosos | Online Store","description":"First Communion Missal with gold stamping on the cover and gold edges. Three finishes available.","robots":{"index":"index","follow":"follow","max-snippet":"max-snippet:-1","max-image-preview":"max-image-preview:large","max-video-preview":"max-video-preview:-1"},"canonical":"https:\/\/articulosreligiosos.com\/en\/product\/missal-first-communion-of-nacre-prayer-book-76249\/","og_locale":"en_US","og_type":"article","og_title":"Missal First Communion of nacre. Prayer book.","og_description":"First Communion Missal with gold stamping on the cover and gold edges. Three finishes available.","og_url":"https:\/\/articulosreligiosos.com\/en\/product\/missal-first-communion-of-nacre-prayer-book-76249\/","og_site_name":"articulosreligiosos.com","article_modified_time":"2025-05-08T10:57:07+00:00","og_image":[{"width":506,"height":744,"url":"https:\/\/articulosreligiosos.com\/wp-content\/uploads\/2025\/04\/1_2_11zon.webp","type":"image\/webp"}],"twitter_card":"summary_large_image","twitter_misc":{"Availability":"In stock"},"schema":{"@context":"https:\/\/schema.org","@graph":[{"@type":"WebPage","@id":"https:\/\/articulosreligiosos.com\/en\/product\/missal-first-communion-of-nacre-prayer-book-76249\/","url":"https:\/\/articulosreligiosos.com\/en\/product\/missal-first-communion-of-nacre-prayer-book-76249\/","name":"Buy Missal First Communion of nacre. Prayer book. - Art\u00edculos Religiosos | Online Store","isPartOf":{"@id":"https:\/\/articulosreligiosos.com\/en\/#website"},"primaryImageOfPage":{"@id":"https:\/\/articulosreligiosos.com\/en\/product\/missal-first-communion-of-nacre-prayer-book-76249\/#primaryimage"},"image":{"@id":"https:\/\/articulosreligiosos.com\/en\/product\/missal-first-communion-of-nacre-prayer-book-76249\/#primaryimage"},"thumbnailUrl":"https:\/\/articulosreligiosos.com\/wp-content\/uploads\/2025\/04\/1_2_11zon.webp","datePublished":"2015-02-17T18:43:48+00:00","dateModified":"2025-05-08T10:57:07+00:00","description":"First Communion Missal with gold stamping on the cover and gold edges. Three finishes available.","breadcrumb":{"@id":"https:\/\/articulosreligiosos.com\/en\/product\/missal-first-communion-of-nacre-prayer-book-76249\/#breadcrumb"},"inLanguage":"en-US","potentialAction":[{"@type":"ReadAction","target":["https:\/\/articulosreligiosos.com\/en\/product\/missal-first-communion-of-nacre-prayer-book-76249\/"]}]},{"@type":"ImageObject","inLanguage":"en-US","@id":"https:\/\/articulosreligiosos.com\/en\/product\/missal-first-communion-of-nacre-prayer-book-76249\/#primaryimage","url":"https:\/\/articulosreligiosos.com\/wp-content\/uploads\/2025\/04\/1_2_11zon.webp","contentUrl":"https:\/\/articulosreligiosos.com\/wp-content\/uploads\/2025\/04\/1_2_11zon.webp","width":506,"height":744},{"@type":"BreadcrumbList","@id":"https:\/\/articulosreligiosos.com\/en\/product\/missal-first-communion-of-nacre-prayer-book-76249\/#breadcrumb","itemListElement":[{"@type":"ListItem","position":1,"name":"Home","item":"https:\/\/articulosreligiosos.com\/en\/"},{"@type":"ListItem","position":2,"name":"Products"},{"@type":"ListItem","position":3,"name":"Missal First Communion of nacre. Prayer book."}]},{"@type":"WebSite","@id":"https:\/\/articulosreligiosos.com\/en\/#website","url":"https:\/\/articulosreligiosos.com\/en\/","name":"Art\u00edculos Religiosos","description":"Tienda online | Fabricaci\u00f3n, restauraci\u00f3n y comercializaci\u00f3n de objetos religiosos al mejor precio y con el mejor servicio.","publisher":{"@id":"https:\/\/articulosreligiosos.com\/en\/#organization"},"potentialAction":[{"@type":"SearchAction","target":{"@type":"EntryPoint","urlTemplate":"https:\/\/articulosreligiosos.com\/en\/?s={search_term_string}"},"query-input":{"@type":"PropertyValueSpecification","valueRequired":true,"valueName":"search_term_string"}}],"inLanguage":"en-US"},{"@type":"Organization","@id":"https:\/\/articulosreligiosos.com\/en\/#organization","name":"Art\u00edculos Religiosos","url":"https:\/\/articulosreligiosos.com\/en\/","logo":{"@type":"ImageObject","inLanguage":"en-US","@id":"https:\/\/articulosreligiosos.com\/en\/#\/schema\/logo\/image\/","url":"https:\/\/articulosreligiosos.com\/wp-content\/uploads\/2023\/12\/newlogo-1.png","contentUrl":"https:\/\/articulosreligiosos.com\/wp-content\/uploads\/2023\/12\/newlogo-1.png","width":178,"height":114,"caption":"Art\u00edculos Religiosos"},"image":{"@id":"https:\/\/articulosreligiosos.com\/en\/#\/schema\/logo\/image\/"},"sameAs":["https:\/\/www.instagram.com\/articulosreligiosos.tienda\/"],"hasMerchantReturnPolicy":{"@type":"MerchantReturnPolicy","merchantReturnLink":"https:\/\/articulosreligiosos.com\/en\/refund-and-returns-policy\/"}}]},"og_availability":"instock","product_availability":"instock","product_retailer_item_id":"DECO12125123","product_condition":"new"},"_links":{"self":[{"href":"https:\/\/articulosreligiosos.com\/en\/wp-json\/wp\/v2\/product\/77987","targetHints":{"allow":["GET"]}}],"collection":[{"href":"https:\/\/articulosreligiosos.com\/en\/wp-json\/wp\/v2\/product"}],"about":[{"href":"https:\/\/articulosreligiosos.com\/en\/wp-json\/wp\/v2\/types\/product"}],"replies":[{"embeddable":true,"href":"https:\/\/articulosreligiosos.com\/en\/wp-json\/wp\/v2\/comments?post=77987"}],"wp:featuredmedia":[{"embeddable":true,"href":"https:\/\/articulosreligiosos.com\/en\/wp-json\/wp\/v2\/media\/322022"}],"wp:attachment":[{"href":"https:\/\/articulosreligiosos.com\/en\/wp-json\/wp\/v2\/media?parent=77987"}],"wp:term":[{"taxonomy":"product_brand","embeddable":true,"href":"https:\/\/articulosreligiosos.com\/en\/wp-json\/wp\/v2\/product_brand?post=77987"},{"taxonomy":"product_cat","embeddable":true,"href":"https:\/\/articulosreligiosos.com\/en\/wp-json\/wp\/v2\/product_cat?post=77987"},{"taxonomy":"product_tag","embeddable":true,"href":"https:\/\/articulosreligiosos.com\/en\/wp-json\/wp\/v2\/product_tag?post=77987"}],"curies":[{"name":"wp","href":"https:\/\/api.w.org\/{rel}","templated":true}]}}