{"id":74913,"date":"2015-01-27T18:20:06","date_gmt":"2015-01-27T18:20:06","guid":{"rendered":"https:\/\/articulosreligiosos.com\/product\/medal-of-our-lady-of-macarena-virgin-of-macarena\/"},"modified":"2026-02-28T10:40:08","modified_gmt":"2026-02-28T10:40:08","slug":"medal-of-our-lady-of-macarena-mevg109m1150","status":"publish","type":"product","link":"https:\/\/articulosreligiosos.com\/en\/product\/medal-of-our-lady-of-macarena-mevg109m1150\/","title":{"rendered":"Medal of Our Lady of Macarena"},"content":{"rendered":"<p>Beautiful engraved Our Lady of Macarena (Virgin of Macarena) medal characterized by great attention to detail and exceptional quality.<\/p>\n","protected":false},"excerpt":{"rendered":"<p>Medal of Our Lady of Macarena (Virgin of Macarena) in 18 carat Gold and Sterling Silver 925.<\/p>\n","protected":false},"featured_media":350528,"comment_status":"open","ping_status":"closed","template":"","meta":{"_acf_changed":false},"product_brand":[],"product_cat":[6383,6389],"product_tag":[],"class_list":{"0":"post-74913","1":"product","2":"type-product","3":"status-publish","4":"has-post-thumbnail","6":"product_cat-catholic-religious-medals-en","7":"product_cat-our-lady-virgin-catholic-religious-medals-en","8":"pa_acabado_medallas-beveln1bright-en","9":"pa_acabado_medallas-beveln2circular-en","10":"pa_acabado_medallas-silverfinished-en","11":"pa_acabado_medallas-withoutbeselsolid-en","12":"pa_altura-16-en","13":"pa_altura-17-en","14":"pa_altura-18-en","15":"pa_altura-20-en","16":"pa_altura-22-en","17":"pa_altura-25-en","18":"pa_disponibilidad-3-en-2","19":"pa_disponibilidad-available-in-2-3-weeks","20":"pa_manufacturer-p109-en","21":"pa_material-18c_goldlaw-en-en","22":"pa_material-sterlingsilver925-en-en","24":"first","25":"instock","26":"taxable","27":"shipping-taxable","28":"purchasable","29":"product-type-variable","30":"rtwpvs-product"},"acf":[],"yoast_head":"<!-- This site is optimized with the Yoast SEO Premium plugin v27.2 (Yoast SEO v27.2) - https:\/\/yoast.com\/product\/yoast-seo-premium-wordpress\/ -->\n<title>Buy Medal of Our Lady of Macarena - Art\u00edculos Religiosos | Online Store<\/title>\n<meta name=\"description\" content=\"Medal of Our Lady of Macarena (Virgin of Macarena) in 18 carat Gold and Sterling Silver 925.\" \/>\n<meta name=\"robots\" content=\"index, follow, max-snippet:-1, max-image-preview:large, max-video-preview:-1\" \/>\n<link rel=\"canonical\" href=\"https:\/\/articulosreligiosos.com\/en\/product\/medal-of-our-lady-of-macarena-mevg109m1150\/\" \/>\n<meta property=\"og:locale\" content=\"en_US\" \/>\n<meta property=\"og:type\" content=\"article\" \/>\n<meta property=\"og:title\" content=\"Medal of Our Lady of Macarena\" \/>\n<meta property=\"og:description\" content=\"Medal of Our Lady of Macarena (Virgin of Macarena) in 18 carat Gold and Sterling Silver 925.\" \/>\n<meta property=\"og:url\" content=\"https:\/\/articulosreligiosos.com\/en\/product\/medal-of-our-lady-of-macarena-mevg109m1150\/\" \/>\n<meta property=\"og:site_name\" content=\"articulosreligiosos.com\" \/>\n<meta property=\"article:modified_time\" content=\"2026-02-28T10:40:08+00:00\" \/>\n<meta property=\"og:image\" content=\"https:\/\/articulosreligiosos.com\/wp-content\/uploads\/2025\/09\/Medalla-de-Nuestra-Senora-de-la-Esperanza-Virgen-Macarena-mevg109m1150-0.webp\" \/>\n\t<meta property=\"og:image:width\" content=\"700\" \/>\n\t<meta property=\"og:image:height\" content=\"700\" \/>\n\t<meta property=\"og:image:type\" content=\"image\/webp\" \/>\n<meta name=\"twitter:card\" content=\"summary_large_image\" \/>\n<meta name=\"twitter:label1\" content=\"Availability\" \/>\n\t<meta name=\"twitter:data1\" content=\"In stock\" \/>\n<script type=\"application\/ld+json\" class=\"yoast-schema-graph\">{\"@context\":\"https:\/\/schema.org\",\"@graph\":[{\"@type\":\"WebPage\",\"@id\":\"https:\/\/articulosreligiosos.com\/en\/product\/medal-of-our-lady-of-macarena-mevg109m1150\/\",\"url\":\"https:\/\/articulosreligiosos.com\/en\/product\/medal-of-our-lady-of-macarena-mevg109m1150\/\",\"name\":\"Buy Medal of Our Lady of Macarena - Art\u00edculos Religiosos | Online Store\",\"isPartOf\":{\"@id\":\"https:\/\/articulosreligiosos.com\/en\/#website\"},\"primaryImageOfPage\":{\"@id\":\"https:\/\/articulosreligiosos.com\/en\/product\/medal-of-our-lady-of-macarena-mevg109m1150\/#primaryimage\"},\"image\":{\"@id\":\"https:\/\/articulosreligiosos.com\/en\/product\/medal-of-our-lady-of-macarena-mevg109m1150\/#primaryimage\"},\"thumbnailUrl\":\"https:\/\/articulosreligiosos.com\/wp-content\/uploads\/2025\/09\/Medalla-de-Nuestra-Senora-de-la-Esperanza-Virgen-Macarena-mevg109m1150-0.webp\",\"datePublished\":\"2015-01-27T18:20:06+00:00\",\"dateModified\":\"2026-02-28T10:40:08+00:00\",\"description\":\"Medal of Our Lady of Macarena (Virgin of Macarena) in 18 carat Gold and Sterling Silver 925.\",\"breadcrumb\":{\"@id\":\"https:\/\/articulosreligiosos.com\/en\/product\/medal-of-our-lady-of-macarena-mevg109m1150\/#breadcrumb\"},\"inLanguage\":\"en-US\",\"potentialAction\":[{\"@type\":\"ReadAction\",\"target\":[\"https:\/\/articulosreligiosos.com\/en\/product\/medal-of-our-lady-of-macarena-mevg109m1150\/\"]}]},{\"@type\":\"ImageObject\",\"inLanguage\":\"en-US\",\"@id\":\"https:\/\/articulosreligiosos.com\/en\/product\/medal-of-our-lady-of-macarena-mevg109m1150\/#primaryimage\",\"url\":\"https:\/\/articulosreligiosos.com\/wp-content\/uploads\/2025\/09\/Medalla-de-Nuestra-Senora-de-la-Esperanza-Virgen-Macarena-mevg109m1150-0.webp\",\"contentUrl\":\"https:\/\/articulosreligiosos.com\/wp-content\/uploads\/2025\/09\/Medalla-de-Nuestra-Senora-de-la-Esperanza-Virgen-Macarena-mevg109m1150-0.webp\",\"width\":700,\"height\":700},{\"@type\":\"BreadcrumbList\",\"@id\":\"https:\/\/articulosreligiosos.com\/en\/product\/medal-of-our-lady-of-macarena-mevg109m1150\/#breadcrumb\",\"itemListElement\":[{\"@type\":\"ListItem\",\"position\":1,\"name\":\"Home\",\"item\":\"https:\/\/articulosreligiosos.com\/en\/\"},{\"@type\":\"ListItem\",\"position\":2,\"name\":\"Products\"},{\"@type\":\"ListItem\",\"position\":3,\"name\":\"Medal of Our Lady of Macarena\"}]},{\"@type\":\"WebSite\",\"@id\":\"https:\/\/articulosreligiosos.com\/en\/#website\",\"url\":\"https:\/\/articulosreligiosos.com\/en\/\",\"name\":\"Art\u00edculos Religiosos\",\"description\":\"Tienda online | Fabricaci\u00f3n, restauraci\u00f3n y comercializaci\u00f3n de objetos religiosos al mejor precio y con el mejor servicio.\",\"publisher\":{\"@id\":\"https:\/\/articulosreligiosos.com\/en\/#organization\"},\"potentialAction\":[{\"@type\":\"SearchAction\",\"target\":{\"@type\":\"EntryPoint\",\"urlTemplate\":\"https:\/\/articulosreligiosos.com\/en\/?s={search_term_string}\"},\"query-input\":{\"@type\":\"PropertyValueSpecification\",\"valueRequired\":true,\"valueName\":\"search_term_string\"}}],\"inLanguage\":\"en-US\"},{\"@type\":\"Organization\",\"@id\":\"https:\/\/articulosreligiosos.com\/en\/#organization\",\"name\":\"Art\u00edculos Religiosos\",\"url\":\"https:\/\/articulosreligiosos.com\/en\/\",\"logo\":{\"@type\":\"ImageObject\",\"inLanguage\":\"en-US\",\"@id\":\"https:\/\/articulosreligiosos.com\/en\/#\/schema\/logo\/image\/\",\"url\":\"https:\/\/articulosreligiosos.com\/wp-content\/uploads\/2023\/12\/newlogo-1.png\",\"contentUrl\":\"https:\/\/articulosreligiosos.com\/wp-content\/uploads\/2023\/12\/newlogo-1.png\",\"width\":178,\"height\":114,\"caption\":\"Art\u00edculos Religiosos\"},\"image\":{\"@id\":\"https:\/\/articulosreligiosos.com\/en\/#\/schema\/logo\/image\/\"},\"sameAs\":[\"https:\/\/www.instagram.com\/articulosreligiosos.tienda\/\"],\"hasMerchantReturnPolicy\":{\"@type\":\"MerchantReturnPolicy\",\"merchantReturnLink\":\"https:\/\/articulosreligiosos.com\/en\/refund-and-returns-policy\/\"}}]}<\/script>\n<meta property=\"og:availability\" content=\"instock\" \/>\n<meta property=\"product:availability\" content=\"instock\" \/>\n<meta property=\"product:retailer_item_id\" content=\"MEVG109M1150\" \/>\n<meta property=\"product:condition\" content=\"new\" \/>\n<!-- \/ Yoast SEO Premium plugin. -->","yoast_head_json":{"title":"Buy Medal of Our Lady of Macarena - Art\u00edculos Religiosos | Online Store","description":"Medal of Our Lady of Macarena (Virgin of Macarena) in 18 carat Gold and Sterling Silver 925.","robots":{"index":"index","follow":"follow","max-snippet":"max-snippet:-1","max-image-preview":"max-image-preview:large","max-video-preview":"max-video-preview:-1"},"canonical":"https:\/\/articulosreligiosos.com\/en\/product\/medal-of-our-lady-of-macarena-mevg109m1150\/","og_locale":"en_US","og_type":"article","og_title":"Medal of Our Lady of Macarena","og_description":"Medal of Our Lady of Macarena (Virgin of Macarena) in 18 carat Gold and Sterling Silver 925.","og_url":"https:\/\/articulosreligiosos.com\/en\/product\/medal-of-our-lady-of-macarena-mevg109m1150\/","og_site_name":"articulosreligiosos.com","article_modified_time":"2026-02-28T10:40:08+00:00","og_image":[{"width":700,"height":700,"url":"https:\/\/articulosreligiosos.com\/wp-content\/uploads\/2025\/09\/Medalla-de-Nuestra-Senora-de-la-Esperanza-Virgen-Macarena-mevg109m1150-0.webp","type":"image\/webp"}],"twitter_card":"summary_large_image","twitter_misc":{"Availability":"In stock"},"schema":{"@context":"https:\/\/schema.org","@graph":[{"@type":"WebPage","@id":"https:\/\/articulosreligiosos.com\/en\/product\/medal-of-our-lady-of-macarena-mevg109m1150\/","url":"https:\/\/articulosreligiosos.com\/en\/product\/medal-of-our-lady-of-macarena-mevg109m1150\/","name":"Buy Medal of Our Lady of Macarena - Art\u00edculos Religiosos | Online Store","isPartOf":{"@id":"https:\/\/articulosreligiosos.com\/en\/#website"},"primaryImageOfPage":{"@id":"https:\/\/articulosreligiosos.com\/en\/product\/medal-of-our-lady-of-macarena-mevg109m1150\/#primaryimage"},"image":{"@id":"https:\/\/articulosreligiosos.com\/en\/product\/medal-of-our-lady-of-macarena-mevg109m1150\/#primaryimage"},"thumbnailUrl":"https:\/\/articulosreligiosos.com\/wp-content\/uploads\/2025\/09\/Medalla-de-Nuestra-Senora-de-la-Esperanza-Virgen-Macarena-mevg109m1150-0.webp","datePublished":"2015-01-27T18:20:06+00:00","dateModified":"2026-02-28T10:40:08+00:00","description":"Medal of Our Lady of Macarena (Virgin of Macarena) in 18 carat Gold and Sterling Silver 925.","breadcrumb":{"@id":"https:\/\/articulosreligiosos.com\/en\/product\/medal-of-our-lady-of-macarena-mevg109m1150\/#breadcrumb"},"inLanguage":"en-US","potentialAction":[{"@type":"ReadAction","target":["https:\/\/articulosreligiosos.com\/en\/product\/medal-of-our-lady-of-macarena-mevg109m1150\/"]}]},{"@type":"ImageObject","inLanguage":"en-US","@id":"https:\/\/articulosreligiosos.com\/en\/product\/medal-of-our-lady-of-macarena-mevg109m1150\/#primaryimage","url":"https:\/\/articulosreligiosos.com\/wp-content\/uploads\/2025\/09\/Medalla-de-Nuestra-Senora-de-la-Esperanza-Virgen-Macarena-mevg109m1150-0.webp","contentUrl":"https:\/\/articulosreligiosos.com\/wp-content\/uploads\/2025\/09\/Medalla-de-Nuestra-Senora-de-la-Esperanza-Virgen-Macarena-mevg109m1150-0.webp","width":700,"height":700},{"@type":"BreadcrumbList","@id":"https:\/\/articulosreligiosos.com\/en\/product\/medal-of-our-lady-of-macarena-mevg109m1150\/#breadcrumb","itemListElement":[{"@type":"ListItem","position":1,"name":"Home","item":"https:\/\/articulosreligiosos.com\/en\/"},{"@type":"ListItem","position":2,"name":"Products"},{"@type":"ListItem","position":3,"name":"Medal of Our Lady of Macarena"}]},{"@type":"WebSite","@id":"https:\/\/articulosreligiosos.com\/en\/#website","url":"https:\/\/articulosreligiosos.com\/en\/","name":"Art\u00edculos Religiosos","description":"Tienda online | Fabricaci\u00f3n, restauraci\u00f3n y comercializaci\u00f3n de objetos religiosos al mejor precio y con el mejor servicio.","publisher":{"@id":"https:\/\/articulosreligiosos.com\/en\/#organization"},"potentialAction":[{"@type":"SearchAction","target":{"@type":"EntryPoint","urlTemplate":"https:\/\/articulosreligiosos.com\/en\/?s={search_term_string}"},"query-input":{"@type":"PropertyValueSpecification","valueRequired":true,"valueName":"search_term_string"}}],"inLanguage":"en-US"},{"@type":"Organization","@id":"https:\/\/articulosreligiosos.com\/en\/#organization","name":"Art\u00edculos Religiosos","url":"https:\/\/articulosreligiosos.com\/en\/","logo":{"@type":"ImageObject","inLanguage":"en-US","@id":"https:\/\/articulosreligiosos.com\/en\/#\/schema\/logo\/image\/","url":"https:\/\/articulosreligiosos.com\/wp-content\/uploads\/2023\/12\/newlogo-1.png","contentUrl":"https:\/\/articulosreligiosos.com\/wp-content\/uploads\/2023\/12\/newlogo-1.png","width":178,"height":114,"caption":"Art\u00edculos Religiosos"},"image":{"@id":"https:\/\/articulosreligiosos.com\/en\/#\/schema\/logo\/image\/"},"sameAs":["https:\/\/www.instagram.com\/articulosreligiosos.tienda\/"],"hasMerchantReturnPolicy":{"@type":"MerchantReturnPolicy","merchantReturnLink":"https:\/\/articulosreligiosos.com\/en\/refund-and-returns-policy\/"}}]},"og_availability":"instock","product_availability":"instock","product_retailer_item_id":"MEVG109M1150","product_condition":"new"},"_links":{"self":[{"href":"https:\/\/articulosreligiosos.com\/en\/wp-json\/wp\/v2\/product\/74913","targetHints":{"allow":["GET"]}}],"collection":[{"href":"https:\/\/articulosreligiosos.com\/en\/wp-json\/wp\/v2\/product"}],"about":[{"href":"https:\/\/articulosreligiosos.com\/en\/wp-json\/wp\/v2\/types\/product"}],"replies":[{"embeddable":true,"href":"https:\/\/articulosreligiosos.com\/en\/wp-json\/wp\/v2\/comments?post=74913"}],"wp:featuredmedia":[{"embeddable":true,"href":"https:\/\/articulosreligiosos.com\/en\/wp-json\/wp\/v2\/media\/350528"}],"wp:attachment":[{"href":"https:\/\/articulosreligiosos.com\/en\/wp-json\/wp\/v2\/media?parent=74913"}],"wp:term":[{"taxonomy":"product_brand","embeddable":true,"href":"https:\/\/articulosreligiosos.com\/en\/wp-json\/wp\/v2\/product_brand?post=74913"},{"taxonomy":"product_cat","embeddable":true,"href":"https:\/\/articulosreligiosos.com\/en\/wp-json\/wp\/v2\/product_cat?post=74913"},{"taxonomy":"product_tag","embeddable":true,"href":"https:\/\/articulosreligiosos.com\/en\/wp-json\/wp\/v2\/product_tag?post=74913"}],"curies":[{"name":"wp","href":"https:\/\/api.w.org\/{rel}","templated":true}]}}