{"id":73000,"date":"2013-04-25T16:13:58","date_gmt":"2013-04-25T16:13:58","guid":{"rendered":"https:\/\/articulosreligiosos.com\/product\/medalla-de-la-virgen-con-ni-o-pierre-mignard\/"},"modified":"2025-03-03T09:29:18","modified_gmt":"2025-03-03T09:29:18","slug":"madonna-with-child-medal-piere-mignard-medal-mevg028mmta17","status":"publish","type":"product","link":"https:\/\/articulosreligiosos.com\/en\/product\/madonna-with-child-medal-piere-mignard-medal-mevg028mmta17\/","title":{"rendered":"Madonna with child medal (Piere Mignard) medal"},"content":{"rendered":"<p>Handpainted medal with representation of the Madonna with child (Piere Mignard) in 18 carat Gold ans Sterling Silver 925 (watercolor), characterized by great attention to detail and exceptional qualit. The die cut mount includes rubies, sapphires and emeralds. <\/p>\n","protected":false},"excerpt":{"rendered":"<p>Enlarge the photos to see the details of the available frames.Madonna with child medal (Piere Mignard) medal in 18 carat Gold and Sterling Silver 925. Watercolor hand painted miniature. Several mounts to choose. (A).   <\/p>\n","protected":false},"featured_media":349515,"comment_status":"open","ping_status":"closed","template":"","meta":{"_acf_changed":false},"product_brand":[],"product_cat":[6383,6389],"product_tag":[],"class_list":{"0":"post-73000","1":"product","2":"type-product","3":"status-publish","4":"has-post-thumbnail","6":"product_cat-catholic-religious-medals-en","7":"product_cat-our-lady-virgin-catholic-religious-medals-en","8":"pa_acabado_medallas-mountedsimp_big-en","9":"pa_acabado_medallas-mountedsimp_litt_-en","10":"pa_acabado_medallas-openworkstones-en","11":"pa_acabado_medallas-ropemounting-en","12":"pa_altura-24-en","13":"pa_altura-28-en","14":"pa_altura-30-en","15":"pa_altura-35-en","16":"pa_disponibilidad-3-en-2","17":"pa_disponibilidad-30-en-2","18":"pa_manufacturer-p028-en","19":"pa_material-18c_goldlaw-en-en","20":"pa_material-sterlingsilver925-en-en","22":"first","23":"instock","24":"taxable","25":"shipping-taxable","26":"purchasable","27":"product-type-variable","28":"rtwpvs-product"},"acf":[],"yoast_head":"<!-- This site is optimized with the Yoast SEO Premium plugin v27.2 (Yoast SEO v27.2) - https:\/\/yoast.com\/product\/yoast-seo-premium-wordpress\/ -->\n<title>Buy Madonna with child medal (Piere Mignard) medal - Art\u00edculos Religiosos | Online Store<\/title>\n<meta name=\"description\" content=\"Enlarge the photos to see the details of the available frames.Madonna with child medal (Piere Mignard) medal in 18 carat Gold and Sterling Silver 925. Watercolor hand painted miniature. Several mounts to choose. (A).\" \/>\n<meta name=\"robots\" content=\"index, follow, max-snippet:-1, max-image-preview:large, max-video-preview:-1\" \/>\n<link rel=\"canonical\" href=\"https:\/\/articulosreligiosos.com\/en\/product\/madonna-with-child-medal-piere-mignard-medal-mevg028mmta17\/\" \/>\n<meta property=\"og:locale\" content=\"en_US\" \/>\n<meta property=\"og:type\" content=\"article\" \/>\n<meta property=\"og:title\" content=\"Madonna with child medal (Piere Mignard) medal\" \/>\n<meta property=\"og:description\" content=\"Enlarge the photos to see the details of the available frames.Madonna with child medal (Piere Mignard) medal in 18 carat Gold and Sterling Silver 925. Watercolor hand painted miniature. Several mounts to choose. (A).\" \/>\n<meta property=\"og:url\" content=\"https:\/\/articulosreligiosos.com\/en\/product\/madonna-with-child-medal-piere-mignard-medal-mevg028mmta17\/\" \/>\n<meta property=\"og:site_name\" content=\"articulosreligiosos.com\" \/>\n<meta property=\"article:modified_time\" content=\"2025-03-03T09:29:18+00:00\" \/>\n<meta property=\"og:image\" content=\"https:\/\/articulosreligiosos.com\/wp-content\/uploads\/2025\/09\/Medalla-de-la-Virgen-con-nino-Pierre-Mignard-mevg028mmta17-0.webp\" \/>\n\t<meta property=\"og:image:width\" content=\"450\" \/>\n\t<meta property=\"og:image:height\" content=\"558\" \/>\n\t<meta property=\"og:image:type\" content=\"image\/webp\" \/>\n<meta name=\"twitter:card\" content=\"summary_large_image\" \/>\n<meta name=\"twitter:label1\" content=\"Availability\" \/>\n\t<meta name=\"twitter:data1\" content=\"In stock\" \/>\n<script type=\"application\/ld+json\" class=\"yoast-schema-graph\">{\"@context\":\"https:\/\/schema.org\",\"@graph\":[{\"@type\":\"WebPage\",\"@id\":\"https:\/\/articulosreligiosos.com\/en\/product\/madonna-with-child-medal-piere-mignard-medal-mevg028mmta17\/\",\"url\":\"https:\/\/articulosreligiosos.com\/en\/product\/madonna-with-child-medal-piere-mignard-medal-mevg028mmta17\/\",\"name\":\"Buy Madonna with child medal (Piere Mignard) medal - Art\u00edculos Religiosos | Online Store\",\"isPartOf\":{\"@id\":\"https:\/\/articulosreligiosos.com\/en\/#website\"},\"primaryImageOfPage\":{\"@id\":\"https:\/\/articulosreligiosos.com\/en\/product\/madonna-with-child-medal-piere-mignard-medal-mevg028mmta17\/#primaryimage\"},\"image\":{\"@id\":\"https:\/\/articulosreligiosos.com\/en\/product\/madonna-with-child-medal-piere-mignard-medal-mevg028mmta17\/#primaryimage\"},\"thumbnailUrl\":\"https:\/\/articulosreligiosos.com\/wp-content\/uploads\/2025\/09\/Medalla-de-la-Virgen-con-nino-Pierre-Mignard-mevg028mmta17-0.webp\",\"datePublished\":\"2013-04-25T16:13:58+00:00\",\"dateModified\":\"2025-03-03T09:29:18+00:00\",\"description\":\"Enlarge the photos to see the details of the available frames.Madonna with child medal (Piere Mignard) medal in 18 carat Gold and Sterling Silver 925. Watercolor hand painted miniature. Several mounts to choose. (A).\",\"breadcrumb\":{\"@id\":\"https:\/\/articulosreligiosos.com\/en\/product\/madonna-with-child-medal-piere-mignard-medal-mevg028mmta17\/#breadcrumb\"},\"inLanguage\":\"en-US\",\"potentialAction\":[{\"@type\":\"ReadAction\",\"target\":[\"https:\/\/articulosreligiosos.com\/en\/product\/madonna-with-child-medal-piere-mignard-medal-mevg028mmta17\/\"]}]},{\"@type\":\"ImageObject\",\"inLanguage\":\"en-US\",\"@id\":\"https:\/\/articulosreligiosos.com\/en\/product\/madonna-with-child-medal-piere-mignard-medal-mevg028mmta17\/#primaryimage\",\"url\":\"https:\/\/articulosreligiosos.com\/wp-content\/uploads\/2025\/09\/Medalla-de-la-Virgen-con-nino-Pierre-Mignard-mevg028mmta17-0.webp\",\"contentUrl\":\"https:\/\/articulosreligiosos.com\/wp-content\/uploads\/2025\/09\/Medalla-de-la-Virgen-con-nino-Pierre-Mignard-mevg028mmta17-0.webp\",\"width\":450,\"height\":558},{\"@type\":\"BreadcrumbList\",\"@id\":\"https:\/\/articulosreligiosos.com\/en\/product\/madonna-with-child-medal-piere-mignard-medal-mevg028mmta17\/#breadcrumb\",\"itemListElement\":[{\"@type\":\"ListItem\",\"position\":1,\"name\":\"Home\",\"item\":\"https:\/\/articulosreligiosos.com\/en\/\"},{\"@type\":\"ListItem\",\"position\":2,\"name\":\"Products\"},{\"@type\":\"ListItem\",\"position\":3,\"name\":\"Madonna with child medal (Piere Mignard) medal\"}]},{\"@type\":\"WebSite\",\"@id\":\"https:\/\/articulosreligiosos.com\/en\/#website\",\"url\":\"https:\/\/articulosreligiosos.com\/en\/\",\"name\":\"Art\u00edculos Religiosos\",\"description\":\"Tienda online | Fabricaci\u00f3n, restauraci\u00f3n y comercializaci\u00f3n de objetos religiosos al mejor precio y con el mejor servicio.\",\"publisher\":{\"@id\":\"https:\/\/articulosreligiosos.com\/en\/#organization\"},\"potentialAction\":[{\"@type\":\"SearchAction\",\"target\":{\"@type\":\"EntryPoint\",\"urlTemplate\":\"https:\/\/articulosreligiosos.com\/en\/?s={search_term_string}\"},\"query-input\":{\"@type\":\"PropertyValueSpecification\",\"valueRequired\":true,\"valueName\":\"search_term_string\"}}],\"inLanguage\":\"en-US\"},{\"@type\":\"Organization\",\"@id\":\"https:\/\/articulosreligiosos.com\/en\/#organization\",\"name\":\"Art\u00edculos Religiosos\",\"url\":\"https:\/\/articulosreligiosos.com\/en\/\",\"logo\":{\"@type\":\"ImageObject\",\"inLanguage\":\"en-US\",\"@id\":\"https:\/\/articulosreligiosos.com\/en\/#\/schema\/logo\/image\/\",\"url\":\"https:\/\/articulosreligiosos.com\/wp-content\/uploads\/2023\/12\/newlogo-1.png\",\"contentUrl\":\"https:\/\/articulosreligiosos.com\/wp-content\/uploads\/2023\/12\/newlogo-1.png\",\"width\":178,\"height\":114,\"caption\":\"Art\u00edculos Religiosos\"},\"image\":{\"@id\":\"https:\/\/articulosreligiosos.com\/en\/#\/schema\/logo\/image\/\"},\"sameAs\":[\"https:\/\/www.instagram.com\/articulosreligiosos.tienda\/\"],\"hasMerchantReturnPolicy\":{\"@type\":\"MerchantReturnPolicy\",\"merchantReturnLink\":\"https:\/\/articulosreligiosos.com\/en\/refund-and-returns-policy\/\"}}]}<\/script>\n<meta property=\"og:availability\" content=\"instock\" \/>\n<meta property=\"product:availability\" content=\"instock\" \/>\n<meta property=\"product:retailer_item_id\" content=\"MEVG028MMTA17\" \/>\n<meta property=\"product:condition\" content=\"new\" \/>\n<!-- \/ Yoast SEO Premium plugin. -->","yoast_head_json":{"title":"Buy Madonna with child medal (Piere Mignard) medal - Art\u00edculos Religiosos | Online Store","description":"Enlarge the photos to see the details of the available frames.Madonna with child medal (Piere Mignard) medal in 18 carat Gold and Sterling Silver 925. Watercolor hand painted miniature. Several mounts to choose. (A).","robots":{"index":"index","follow":"follow","max-snippet":"max-snippet:-1","max-image-preview":"max-image-preview:large","max-video-preview":"max-video-preview:-1"},"canonical":"https:\/\/articulosreligiosos.com\/en\/product\/madonna-with-child-medal-piere-mignard-medal-mevg028mmta17\/","og_locale":"en_US","og_type":"article","og_title":"Madonna with child medal (Piere Mignard) medal","og_description":"Enlarge the photos to see the details of the available frames.Madonna with child medal (Piere Mignard) medal in 18 carat Gold and Sterling Silver 925. Watercolor hand painted miniature. Several mounts to choose. (A).","og_url":"https:\/\/articulosreligiosos.com\/en\/product\/madonna-with-child-medal-piere-mignard-medal-mevg028mmta17\/","og_site_name":"articulosreligiosos.com","article_modified_time":"2025-03-03T09:29:18+00:00","og_image":[{"width":450,"height":558,"url":"https:\/\/articulosreligiosos.com\/wp-content\/uploads\/2025\/09\/Medalla-de-la-Virgen-con-nino-Pierre-Mignard-mevg028mmta17-0.webp","type":"image\/webp"}],"twitter_card":"summary_large_image","twitter_misc":{"Availability":"In stock"},"schema":{"@context":"https:\/\/schema.org","@graph":[{"@type":"WebPage","@id":"https:\/\/articulosreligiosos.com\/en\/product\/madonna-with-child-medal-piere-mignard-medal-mevg028mmta17\/","url":"https:\/\/articulosreligiosos.com\/en\/product\/madonna-with-child-medal-piere-mignard-medal-mevg028mmta17\/","name":"Buy Madonna with child medal (Piere Mignard) medal - Art\u00edculos Religiosos | Online Store","isPartOf":{"@id":"https:\/\/articulosreligiosos.com\/en\/#website"},"primaryImageOfPage":{"@id":"https:\/\/articulosreligiosos.com\/en\/product\/madonna-with-child-medal-piere-mignard-medal-mevg028mmta17\/#primaryimage"},"image":{"@id":"https:\/\/articulosreligiosos.com\/en\/product\/madonna-with-child-medal-piere-mignard-medal-mevg028mmta17\/#primaryimage"},"thumbnailUrl":"https:\/\/articulosreligiosos.com\/wp-content\/uploads\/2025\/09\/Medalla-de-la-Virgen-con-nino-Pierre-Mignard-mevg028mmta17-0.webp","datePublished":"2013-04-25T16:13:58+00:00","dateModified":"2025-03-03T09:29:18+00:00","description":"Enlarge the photos to see the details of the available frames.Madonna with child medal (Piere Mignard) medal in 18 carat Gold and Sterling Silver 925. Watercolor hand painted miniature. Several mounts to choose. (A).","breadcrumb":{"@id":"https:\/\/articulosreligiosos.com\/en\/product\/madonna-with-child-medal-piere-mignard-medal-mevg028mmta17\/#breadcrumb"},"inLanguage":"en-US","potentialAction":[{"@type":"ReadAction","target":["https:\/\/articulosreligiosos.com\/en\/product\/madonna-with-child-medal-piere-mignard-medal-mevg028mmta17\/"]}]},{"@type":"ImageObject","inLanguage":"en-US","@id":"https:\/\/articulosreligiosos.com\/en\/product\/madonna-with-child-medal-piere-mignard-medal-mevg028mmta17\/#primaryimage","url":"https:\/\/articulosreligiosos.com\/wp-content\/uploads\/2025\/09\/Medalla-de-la-Virgen-con-nino-Pierre-Mignard-mevg028mmta17-0.webp","contentUrl":"https:\/\/articulosreligiosos.com\/wp-content\/uploads\/2025\/09\/Medalla-de-la-Virgen-con-nino-Pierre-Mignard-mevg028mmta17-0.webp","width":450,"height":558},{"@type":"BreadcrumbList","@id":"https:\/\/articulosreligiosos.com\/en\/product\/madonna-with-child-medal-piere-mignard-medal-mevg028mmta17\/#breadcrumb","itemListElement":[{"@type":"ListItem","position":1,"name":"Home","item":"https:\/\/articulosreligiosos.com\/en\/"},{"@type":"ListItem","position":2,"name":"Products"},{"@type":"ListItem","position":3,"name":"Madonna with child medal (Piere Mignard) medal"}]},{"@type":"WebSite","@id":"https:\/\/articulosreligiosos.com\/en\/#website","url":"https:\/\/articulosreligiosos.com\/en\/","name":"Art\u00edculos Religiosos","description":"Tienda online | Fabricaci\u00f3n, restauraci\u00f3n y comercializaci\u00f3n de objetos religiosos al mejor precio y con el mejor servicio.","publisher":{"@id":"https:\/\/articulosreligiosos.com\/en\/#organization"},"potentialAction":[{"@type":"SearchAction","target":{"@type":"EntryPoint","urlTemplate":"https:\/\/articulosreligiosos.com\/en\/?s={search_term_string}"},"query-input":{"@type":"PropertyValueSpecification","valueRequired":true,"valueName":"search_term_string"}}],"inLanguage":"en-US"},{"@type":"Organization","@id":"https:\/\/articulosreligiosos.com\/en\/#organization","name":"Art\u00edculos Religiosos","url":"https:\/\/articulosreligiosos.com\/en\/","logo":{"@type":"ImageObject","inLanguage":"en-US","@id":"https:\/\/articulosreligiosos.com\/en\/#\/schema\/logo\/image\/","url":"https:\/\/articulosreligiosos.com\/wp-content\/uploads\/2023\/12\/newlogo-1.png","contentUrl":"https:\/\/articulosreligiosos.com\/wp-content\/uploads\/2023\/12\/newlogo-1.png","width":178,"height":114,"caption":"Art\u00edculos Religiosos"},"image":{"@id":"https:\/\/articulosreligiosos.com\/en\/#\/schema\/logo\/image\/"},"sameAs":["https:\/\/www.instagram.com\/articulosreligiosos.tienda\/"],"hasMerchantReturnPolicy":{"@type":"MerchantReturnPolicy","merchantReturnLink":"https:\/\/articulosreligiosos.com\/en\/refund-and-returns-policy\/"}}]},"og_availability":"instock","product_availability":"instock","product_retailer_item_id":"MEVG028MMTA17","product_condition":"new"},"_links":{"self":[{"href":"https:\/\/articulosreligiosos.com\/en\/wp-json\/wp\/v2\/product\/73000","targetHints":{"allow":["GET"]}}],"collection":[{"href":"https:\/\/articulosreligiosos.com\/en\/wp-json\/wp\/v2\/product"}],"about":[{"href":"https:\/\/articulosreligiosos.com\/en\/wp-json\/wp\/v2\/types\/product"}],"replies":[{"embeddable":true,"href":"https:\/\/articulosreligiosos.com\/en\/wp-json\/wp\/v2\/comments?post=73000"}],"wp:featuredmedia":[{"embeddable":true,"href":"https:\/\/articulosreligiosos.com\/en\/wp-json\/wp\/v2\/media\/349515"}],"wp:attachment":[{"href":"https:\/\/articulosreligiosos.com\/en\/wp-json\/wp\/v2\/media?parent=73000"}],"wp:term":[{"taxonomy":"product_brand","embeddable":true,"href":"https:\/\/articulosreligiosos.com\/en\/wp-json\/wp\/v2\/product_brand?post=73000"},{"taxonomy":"product_cat","embeddable":true,"href":"https:\/\/articulosreligiosos.com\/en\/wp-json\/wp\/v2\/product_cat?post=73000"},{"taxonomy":"product_tag","embeddable":true,"href":"https:\/\/articulosreligiosos.com\/en\/wp-json\/wp\/v2\/product_tag?post=73000"}],"curies":[{"name":"wp","href":"https:\/\/api.w.org\/{rel}","templated":true}]}}