{"id":70195,"date":"2012-05-10T20:56:43","date_gmt":"2012-05-10T20:56:43","guid":{"rendered":"https:\/\/articulosreligiosos.com\/product\/virgen-de-nuria\/"},"modified":"2025-05-18T11:03:43","modified_gmt":"2025-05-18T11:03:43","slug":"our-lady-of-nuria-mavr0060003","status":"publish","type":"product","link":"https:\/\/articulosreligiosos.com\/en\/product\/our-lady-of-nuria-mavr0060003\/","title":{"rendered":"Our Lady of Nuria"},"content":{"rendered":"<p>Our Lady of Nuria<\/p>\n<p> This religious <strong>wooden<\/strong> image stands out for its careful craftsmanship.<br \/> Our Lady of Valles, symbol of hope and motherhood. Patron saint of the Pyrenees, fertility, and shepherds. Feast day: September 8.<br \/> Devotion in every detail<\/p>\n<p> A unique piece that conveys spirituality. Buy with confidence and assured quality.<br \/> Visit our complete collection of <a href=\"https:\/\/articulosreligiosos.com\/en\/product-category\/religious-statues-religious-sculptures-catholic-statues-en\/\" target=\"_blank\">religious imagery<\/a> .<\/p>\n","protected":false},"excerpt":{"rendered":"<p>Wood carving. Our Lady of Nuria, Romanesque Virgin. <\/p>\n","protected":false},"featured_media":352347,"comment_status":"open","ping_status":"closed","template":"","meta":{"_acf_changed":false},"product_brand":[],"product_cat":[6274,6292,6258],"product_tag":[],"class_list":{"0":"post-70195","1":"product","2":"type-product","3":"status-publish","4":"has-post-thumbnail","6":"product_cat-our-lady-virgins-religious-sculptures-en","7":"product_cat-romanesque-religious-images-en","8":"product_cat-religious-statues-religious-sculptures-catholic-statues-en","9":"pa_altura-190-en","10":"pa_altura-300-en","11":"pa_altura-400-en","12":"pa_altura-600-en","13":"pa_decoracion_imagenes-colored-en-en","14":"pa_decoracion_imagenes-tones-en","15":"pa_decoraciones_general-available-in-zf-light-and-dark-pickled-wood-wax-polished-and-c-polychrome-wood-in-colour-with-oil-paints","16":"pa_disponibilidad-available-in-2-3-weeks","17":"pa_manufacturer-p064-en","18":"pa_material-woodcarving","19":"pa_materiales_general-carved-wooden-image-usually-linden-wood","21":"first","22":"instock","23":"taxable","24":"shipping-taxable","25":"purchasable","26":"product-type-variable","27":"rtwpvs-product"},"acf":[],"yoast_head":"<!-- This site is optimized with the Yoast SEO Premium plugin v27.2 (Yoast SEO v27.2) - https:\/\/yoast.com\/product\/yoast-seo-premium-wordpress\/ -->\n<title>Discover the Virgin of Nuria, a devotional and quality icon<\/title>\n<meta name=\"description\" content=\"Discover the Virgin of Nuria, a symbol of faith and tradition. Place your order today with confidence.\" \/>\n<meta name=\"robots\" content=\"index, follow, max-snippet:-1, max-image-preview:large, max-video-preview:-1\" \/>\n<link rel=\"canonical\" href=\"https:\/\/articulosreligiosos.com\/en\/product\/our-lady-of-nuria-mavr0060003\/\" \/>\n<meta property=\"og:locale\" content=\"en_US\" \/>\n<meta property=\"og:type\" content=\"article\" \/>\n<meta property=\"og:title\" content=\"Our Lady of Nuria\" \/>\n<meta property=\"og:description\" content=\"Discover the Virgin of Nuria, a symbol of faith and tradition. Place your order today with confidence.\" \/>\n<meta property=\"og:url\" content=\"https:\/\/articulosreligiosos.com\/en\/product\/our-lady-of-nuria-mavr0060003\/\" \/>\n<meta property=\"og:site_name\" content=\"articulosreligiosos.com\" \/>\n<meta property=\"article:modified_time\" content=\"2025-05-18T11:03:43+00:00\" \/>\n<meta property=\"og:image\" content=\"https:\/\/articulosreligiosos.com\/wp-content\/uploads\/2025\/09\/Virgen-de-Nuria-mavr0060003-0.webp\" \/>\n\t<meta property=\"og:image:width\" content=\"900\" \/>\n\t<meta property=\"og:image:height\" content=\"1673\" \/>\n\t<meta property=\"og:image:type\" content=\"image\/webp\" \/>\n<meta name=\"twitter:card\" content=\"summary_large_image\" \/>\n<meta name=\"twitter:label1\" content=\"Availability\" \/>\n\t<meta name=\"twitter:data1\" content=\"In stock\" \/>\n<script type=\"application\/ld+json\" class=\"yoast-schema-graph\">{\"@context\":\"https:\/\/schema.org\",\"@graph\":[{\"@type\":\"WebPage\",\"@id\":\"https:\/\/articulosreligiosos.com\/en\/product\/our-lady-of-nuria-mavr0060003\/\",\"url\":\"https:\/\/articulosreligiosos.com\/en\/product\/our-lady-of-nuria-mavr0060003\/\",\"name\":\"Discover the Virgin of Nuria, a devotional and quality icon\",\"isPartOf\":{\"@id\":\"https:\/\/articulosreligiosos.com\/en\/#website\"},\"primaryImageOfPage\":{\"@id\":\"https:\/\/articulosreligiosos.com\/en\/product\/our-lady-of-nuria-mavr0060003\/#primaryimage\"},\"image\":{\"@id\":\"https:\/\/articulosreligiosos.com\/en\/product\/our-lady-of-nuria-mavr0060003\/#primaryimage\"},\"thumbnailUrl\":\"https:\/\/articulosreligiosos.com\/wp-content\/uploads\/2025\/09\/Virgen-de-Nuria-mavr0060003-0.webp\",\"datePublished\":\"2012-05-10T20:56:43+00:00\",\"dateModified\":\"2025-05-18T11:03:43+00:00\",\"description\":\"Discover the Virgin of Nuria, a symbol of faith and tradition. Place your order today with confidence.\",\"breadcrumb\":{\"@id\":\"https:\/\/articulosreligiosos.com\/en\/product\/our-lady-of-nuria-mavr0060003\/#breadcrumb\"},\"inLanguage\":\"en-US\",\"potentialAction\":[{\"@type\":\"ReadAction\",\"target\":[\"https:\/\/articulosreligiosos.com\/en\/product\/our-lady-of-nuria-mavr0060003\/\"]}]},{\"@type\":\"ImageObject\",\"inLanguage\":\"en-US\",\"@id\":\"https:\/\/articulosreligiosos.com\/en\/product\/our-lady-of-nuria-mavr0060003\/#primaryimage\",\"url\":\"https:\/\/articulosreligiosos.com\/wp-content\/uploads\/2025\/09\/Virgen-de-Nuria-mavr0060003-0.webp\",\"contentUrl\":\"https:\/\/articulosreligiosos.com\/wp-content\/uploads\/2025\/09\/Virgen-de-Nuria-mavr0060003-0.webp\",\"width\":900,\"height\":1673},{\"@type\":\"BreadcrumbList\",\"@id\":\"https:\/\/articulosreligiosos.com\/en\/product\/our-lady-of-nuria-mavr0060003\/#breadcrumb\",\"itemListElement\":[{\"@type\":\"ListItem\",\"position\":1,\"name\":\"Home\",\"item\":\"https:\/\/articulosreligiosos.com\/en\/\"},{\"@type\":\"ListItem\",\"position\":2,\"name\":\"Products\"},{\"@type\":\"ListItem\",\"position\":3,\"name\":\"Our Lady of Nuria\"}]},{\"@type\":\"WebSite\",\"@id\":\"https:\/\/articulosreligiosos.com\/en\/#website\",\"url\":\"https:\/\/articulosreligiosos.com\/en\/\",\"name\":\"Art\u00edculos Religiosos\",\"description\":\"Tienda online | Fabricaci\u00f3n, restauraci\u00f3n y comercializaci\u00f3n de objetos religiosos al mejor precio y con el mejor servicio.\",\"publisher\":{\"@id\":\"https:\/\/articulosreligiosos.com\/en\/#organization\"},\"potentialAction\":[{\"@type\":\"SearchAction\",\"target\":{\"@type\":\"EntryPoint\",\"urlTemplate\":\"https:\/\/articulosreligiosos.com\/en\/?s={search_term_string}\"},\"query-input\":{\"@type\":\"PropertyValueSpecification\",\"valueRequired\":true,\"valueName\":\"search_term_string\"}}],\"inLanguage\":\"en-US\"},{\"@type\":\"Organization\",\"@id\":\"https:\/\/articulosreligiosos.com\/en\/#organization\",\"name\":\"Art\u00edculos Religiosos\",\"url\":\"https:\/\/articulosreligiosos.com\/en\/\",\"logo\":{\"@type\":\"ImageObject\",\"inLanguage\":\"en-US\",\"@id\":\"https:\/\/articulosreligiosos.com\/en\/#\/schema\/logo\/image\/\",\"url\":\"https:\/\/articulosreligiosos.com\/wp-content\/uploads\/2023\/12\/newlogo-1.png\",\"contentUrl\":\"https:\/\/articulosreligiosos.com\/wp-content\/uploads\/2023\/12\/newlogo-1.png\",\"width\":178,\"height\":114,\"caption\":\"Art\u00edculos Religiosos\"},\"image\":{\"@id\":\"https:\/\/articulosreligiosos.com\/en\/#\/schema\/logo\/image\/\"},\"sameAs\":[\"https:\/\/www.instagram.com\/articulosreligiosos.tienda\/\"],\"hasMerchantReturnPolicy\":{\"@type\":\"MerchantReturnPolicy\",\"merchantReturnLink\":\"https:\/\/articulosreligiosos.com\/en\/refund-and-returns-policy\/\"}}]}<\/script>\n<meta property=\"og:availability\" content=\"instock\" \/>\n<meta property=\"product:availability\" content=\"instock\" \/>\n<meta property=\"product:retailer_item_id\" content=\"MAVR0060003\" \/>\n<meta property=\"product:condition\" content=\"new\" \/>\n<!-- \/ Yoast SEO Premium plugin. -->","yoast_head_json":{"title":"Discover the Virgin of Nuria, a devotional and quality icon","description":"Discover the Virgin of Nuria, a symbol of faith and tradition. Place your order today with confidence.","robots":{"index":"index","follow":"follow","max-snippet":"max-snippet:-1","max-image-preview":"max-image-preview:large","max-video-preview":"max-video-preview:-1"},"canonical":"https:\/\/articulosreligiosos.com\/en\/product\/our-lady-of-nuria-mavr0060003\/","og_locale":"en_US","og_type":"article","og_title":"Our Lady of Nuria","og_description":"Discover the Virgin of Nuria, a symbol of faith and tradition. Place your order today with confidence.","og_url":"https:\/\/articulosreligiosos.com\/en\/product\/our-lady-of-nuria-mavr0060003\/","og_site_name":"articulosreligiosos.com","article_modified_time":"2025-05-18T11:03:43+00:00","og_image":[{"width":900,"height":1673,"url":"https:\/\/articulosreligiosos.com\/wp-content\/uploads\/2025\/09\/Virgen-de-Nuria-mavr0060003-0.webp","type":"image\/webp"}],"twitter_card":"summary_large_image","twitter_misc":{"Availability":"In stock"},"schema":{"@context":"https:\/\/schema.org","@graph":[{"@type":"WebPage","@id":"https:\/\/articulosreligiosos.com\/en\/product\/our-lady-of-nuria-mavr0060003\/","url":"https:\/\/articulosreligiosos.com\/en\/product\/our-lady-of-nuria-mavr0060003\/","name":"Discover the Virgin of Nuria, a devotional and quality icon","isPartOf":{"@id":"https:\/\/articulosreligiosos.com\/en\/#website"},"primaryImageOfPage":{"@id":"https:\/\/articulosreligiosos.com\/en\/product\/our-lady-of-nuria-mavr0060003\/#primaryimage"},"image":{"@id":"https:\/\/articulosreligiosos.com\/en\/product\/our-lady-of-nuria-mavr0060003\/#primaryimage"},"thumbnailUrl":"https:\/\/articulosreligiosos.com\/wp-content\/uploads\/2025\/09\/Virgen-de-Nuria-mavr0060003-0.webp","datePublished":"2012-05-10T20:56:43+00:00","dateModified":"2025-05-18T11:03:43+00:00","description":"Discover the Virgin of Nuria, a symbol of faith and tradition. Place your order today with confidence.","breadcrumb":{"@id":"https:\/\/articulosreligiosos.com\/en\/product\/our-lady-of-nuria-mavr0060003\/#breadcrumb"},"inLanguage":"en-US","potentialAction":[{"@type":"ReadAction","target":["https:\/\/articulosreligiosos.com\/en\/product\/our-lady-of-nuria-mavr0060003\/"]}]},{"@type":"ImageObject","inLanguage":"en-US","@id":"https:\/\/articulosreligiosos.com\/en\/product\/our-lady-of-nuria-mavr0060003\/#primaryimage","url":"https:\/\/articulosreligiosos.com\/wp-content\/uploads\/2025\/09\/Virgen-de-Nuria-mavr0060003-0.webp","contentUrl":"https:\/\/articulosreligiosos.com\/wp-content\/uploads\/2025\/09\/Virgen-de-Nuria-mavr0060003-0.webp","width":900,"height":1673},{"@type":"BreadcrumbList","@id":"https:\/\/articulosreligiosos.com\/en\/product\/our-lady-of-nuria-mavr0060003\/#breadcrumb","itemListElement":[{"@type":"ListItem","position":1,"name":"Home","item":"https:\/\/articulosreligiosos.com\/en\/"},{"@type":"ListItem","position":2,"name":"Products"},{"@type":"ListItem","position":3,"name":"Our Lady of Nuria"}]},{"@type":"WebSite","@id":"https:\/\/articulosreligiosos.com\/en\/#website","url":"https:\/\/articulosreligiosos.com\/en\/","name":"Art\u00edculos Religiosos","description":"Tienda online | Fabricaci\u00f3n, restauraci\u00f3n y comercializaci\u00f3n de objetos religiosos al mejor precio y con el mejor servicio.","publisher":{"@id":"https:\/\/articulosreligiosos.com\/en\/#organization"},"potentialAction":[{"@type":"SearchAction","target":{"@type":"EntryPoint","urlTemplate":"https:\/\/articulosreligiosos.com\/en\/?s={search_term_string}"},"query-input":{"@type":"PropertyValueSpecification","valueRequired":true,"valueName":"search_term_string"}}],"inLanguage":"en-US"},{"@type":"Organization","@id":"https:\/\/articulosreligiosos.com\/en\/#organization","name":"Art\u00edculos Religiosos","url":"https:\/\/articulosreligiosos.com\/en\/","logo":{"@type":"ImageObject","inLanguage":"en-US","@id":"https:\/\/articulosreligiosos.com\/en\/#\/schema\/logo\/image\/","url":"https:\/\/articulosreligiosos.com\/wp-content\/uploads\/2023\/12\/newlogo-1.png","contentUrl":"https:\/\/articulosreligiosos.com\/wp-content\/uploads\/2023\/12\/newlogo-1.png","width":178,"height":114,"caption":"Art\u00edculos Religiosos"},"image":{"@id":"https:\/\/articulosreligiosos.com\/en\/#\/schema\/logo\/image\/"},"sameAs":["https:\/\/www.instagram.com\/articulosreligiosos.tienda\/"],"hasMerchantReturnPolicy":{"@type":"MerchantReturnPolicy","merchantReturnLink":"https:\/\/articulosreligiosos.com\/en\/refund-and-returns-policy\/"}}]},"og_availability":"instock","product_availability":"instock","product_retailer_item_id":"MAVR0060003","product_condition":"new"},"_links":{"self":[{"href":"https:\/\/articulosreligiosos.com\/en\/wp-json\/wp\/v2\/product\/70195","targetHints":{"allow":["GET"]}}],"collection":[{"href":"https:\/\/articulosreligiosos.com\/en\/wp-json\/wp\/v2\/product"}],"about":[{"href":"https:\/\/articulosreligiosos.com\/en\/wp-json\/wp\/v2\/types\/product"}],"replies":[{"embeddable":true,"href":"https:\/\/articulosreligiosos.com\/en\/wp-json\/wp\/v2\/comments?post=70195"}],"wp:featuredmedia":[{"embeddable":true,"href":"https:\/\/articulosreligiosos.com\/en\/wp-json\/wp\/v2\/media\/352347"}],"wp:attachment":[{"href":"https:\/\/articulosreligiosos.com\/en\/wp-json\/wp\/v2\/media?parent=70195"}],"wp:term":[{"taxonomy":"product_brand","embeddable":true,"href":"https:\/\/articulosreligiosos.com\/en\/wp-json\/wp\/v2\/product_brand?post=70195"},{"taxonomy":"product_cat","embeddable":true,"href":"https:\/\/articulosreligiosos.com\/en\/wp-json\/wp\/v2\/product_cat?post=70195"},{"taxonomy":"product_tag","embeddable":true,"href":"https:\/\/articulosreligiosos.com\/en\/wp-json\/wp\/v2\/product_tag?post=70195"}],"curies":[{"name":"wp","href":"https:\/\/api.w.org\/{rel}","templated":true}]}}