{"id":59544,"date":"2011-04-22T14:55:12","date_gmt":"2011-04-22T14:55:12","guid":{"rendered":"https:\/\/articulosreligiosos.com\/product\/sagrada-familia-huida-a-egipto-62780\/"},"modified":"2025-05-18T10:57:48","modified_gmt":"2025-05-18T10:57:48","slug":"holy-family-flight-to-egyp-scene-impg001a218","status":"publish","type":"product","link":"https:\/\/articulosreligiosos.com\/en\/product\/holy-family-flight-to-egyp-scene-impg001a218\/","title":{"rendered":"Holy Family (Flight to Egyp scene)"},"content":{"rendered":"<p>Holy Family (flight to Egypt)<\/p>\n<p> Sacred representation in <strong>wood pulp<\/strong> stands out for its careful craftsmanship.<br \/> Perfect model of love, unity, and faith in Christian family life. Patron of families and Christian homes. Feast day: Sunday after Christmas.<br \/> Tradition that excites<\/p>\n<p> Perfect for prayer spaces or as a meaningful gift.<br \/> Visit our complete collection of <a href=\"https:\/\/articulosreligiosos.com\/en\/product-category\/religious-statues-religious-sculptures-catholic-statues-en\/\" target=\"_blank\">religious imagery<\/a> .<\/p>\n","protected":false},"excerpt":{"rendered":"<p>Holy Family (Flight to Egyp scene) Sculpture made and painted by hand in an artisanal way.<\/p>\n","protected":false},"featured_media":326534,"comment_status":"open","ping_status":"closed","template":"","meta":{"_acf_changed":false},"product_brand":[],"product_cat":[6298,6296,6258,6278],"product_tag":[],"class_list":{"0":"post-59544","1":"product","2":"type-product","3":"status-publish","4":"has-post-thumbnail","6":"product_cat-holy-family-religious-sculptures-en","7":"product_cat-other-religious-sculptures-en","8":"product_cat-religious-statues-religious-sculptures-catholic-statues-en","9":"product_cat-steps-and-groups-religious-sculptures-en","10":"pa_altura-250-en","11":"pa_altura-400-en","12":"pa_decoracion_imagenes-antique-en","13":"pa_decoracion_imagenes-economic-en-en","14":"pa_decoracion_imagenes-extra-en","15":"pa_decoracion_imagenes-fine-en","16":"pa_decoracion_imagenes-imitation_wood-en","17":"pa_decoracion_imagenes-polychrome-en","18":"pa_decoracion_imagenes-special-en","19":"pa_decoracion_imagenes-topclass-en","20":"pa_disponibilidad-35-en","21":"pa_manufacturer-p001-en","22":"pa_material-cardboard-wood-plaster-en","23":"pa_materiales_general-pasta-de-madera-con-ojos-de-cristal","25":"first","26":"instock","27":"taxable","28":"shipping-taxable","29":"purchasable","30":"product-type-variable","31":"rtwpvs-product"},"acf":[],"yoast_head":"<!-- This site is optimized with the Yoast SEO Premium plugin v27.2 (Yoast SEO v27.2) - https:\/\/yoast.com\/product\/yoast-seo-premium-wordpress\/ -->\n<title>Acquire the Holy Family (Flight to Egypt) - Spiritual and Unique<\/title>\n<meta name=\"description\" content=\"Discover the Holy Family (Flight to Egypt), a symbol of faith and tradition. Place your order today with confidence.\" \/>\n<meta name=\"robots\" content=\"index, follow, max-snippet:-1, max-image-preview:large, max-video-preview:-1\" \/>\n<link rel=\"canonical\" href=\"https:\/\/articulosreligiosos.com\/en\/product\/holy-family-flight-to-egyp-scene-impg001a218\/\" \/>\n<meta property=\"og:locale\" content=\"en_US\" \/>\n<meta property=\"og:type\" content=\"article\" \/>\n<meta property=\"og:title\" content=\"Holy Family (Flight to Egyp scene)\" \/>\n<meta property=\"og:description\" content=\"Discover the Holy Family (Flight to Egypt), a symbol of faith and tradition. Place your order today with confidence.\" \/>\n<meta property=\"og:url\" content=\"https:\/\/articulosreligiosos.com\/en\/product\/holy-family-flight-to-egyp-scene-impg001a218\/\" \/>\n<meta property=\"og:site_name\" content=\"articulosreligiosos.com\" \/>\n<meta property=\"article:modified_time\" content=\"2025-05-18T10:57:48+00:00\" \/>\n<meta property=\"og:image\" content=\"https:\/\/articulosreligiosos.com\/wp-content\/uploads\/2025\/07\/Sagrada-Familia-huida-a-Egipto-IMPG001A218-0.webp\" \/>\n\t<meta property=\"og:image:width\" content=\"1262\" \/>\n\t<meta property=\"og:image:height\" content=\"1600\" \/>\n\t<meta property=\"og:image:type\" content=\"image\/webp\" \/>\n<meta name=\"twitter:card\" content=\"summary_large_image\" \/>\n<meta name=\"twitter:label1\" content=\"Availability\" \/>\n\t<meta name=\"twitter:data1\" content=\"In stock\" \/>\n<script type=\"application\/ld+json\" class=\"yoast-schema-graph\">{\"@context\":\"https:\/\/schema.org\",\"@graph\":[{\"@type\":\"WebPage\",\"@id\":\"https:\/\/articulosreligiosos.com\/en\/product\/holy-family-flight-to-egyp-scene-impg001a218\/\",\"url\":\"https:\/\/articulosreligiosos.com\/en\/product\/holy-family-flight-to-egyp-scene-impg001a218\/\",\"name\":\"Acquire the Holy Family (Flight to Egypt) - Spiritual and Unique\",\"isPartOf\":{\"@id\":\"https:\/\/articulosreligiosos.com\/en\/#website\"},\"primaryImageOfPage\":{\"@id\":\"https:\/\/articulosreligiosos.com\/en\/product\/holy-family-flight-to-egyp-scene-impg001a218\/#primaryimage\"},\"image\":{\"@id\":\"https:\/\/articulosreligiosos.com\/en\/product\/holy-family-flight-to-egyp-scene-impg001a218\/#primaryimage\"},\"thumbnailUrl\":\"https:\/\/articulosreligiosos.com\/wp-content\/uploads\/2025\/07\/Sagrada-Familia-huida-a-Egipto-IMPG001A218-0.webp\",\"datePublished\":\"2011-04-22T14:55:12+00:00\",\"dateModified\":\"2025-05-18T10:57:48+00:00\",\"description\":\"Discover the Holy Family (Flight to Egypt), a symbol of faith and tradition. Place your order today with confidence.\",\"breadcrumb\":{\"@id\":\"https:\/\/articulosreligiosos.com\/en\/product\/holy-family-flight-to-egyp-scene-impg001a218\/#breadcrumb\"},\"inLanguage\":\"en-US\",\"potentialAction\":[{\"@type\":\"ReadAction\",\"target\":[\"https:\/\/articulosreligiosos.com\/en\/product\/holy-family-flight-to-egyp-scene-impg001a218\/\"]}]},{\"@type\":\"ImageObject\",\"inLanguage\":\"en-US\",\"@id\":\"https:\/\/articulosreligiosos.com\/en\/product\/holy-family-flight-to-egyp-scene-impg001a218\/#primaryimage\",\"url\":\"https:\/\/articulosreligiosos.com\/wp-content\/uploads\/2025\/07\/Sagrada-Familia-huida-a-Egipto-IMPG001A218-0.webp\",\"contentUrl\":\"https:\/\/articulosreligiosos.com\/wp-content\/uploads\/2025\/07\/Sagrada-Familia-huida-a-Egipto-IMPG001A218-0.webp\",\"width\":1262,\"height\":1600},{\"@type\":\"BreadcrumbList\",\"@id\":\"https:\/\/articulosreligiosos.com\/en\/product\/holy-family-flight-to-egyp-scene-impg001a218\/#breadcrumb\",\"itemListElement\":[{\"@type\":\"ListItem\",\"position\":1,\"name\":\"Home\",\"item\":\"https:\/\/articulosreligiosos.com\/en\/\"},{\"@type\":\"ListItem\",\"position\":2,\"name\":\"Products\"},{\"@type\":\"ListItem\",\"position\":3,\"name\":\"Holy Family (Flight to Egyp scene)\"}]},{\"@type\":\"WebSite\",\"@id\":\"https:\/\/articulosreligiosos.com\/en\/#website\",\"url\":\"https:\/\/articulosreligiosos.com\/en\/\",\"name\":\"Art\u00edculos Religiosos\",\"description\":\"Tienda online | Fabricaci\u00f3n, restauraci\u00f3n y comercializaci\u00f3n de objetos religiosos al mejor precio y con el mejor servicio.\",\"publisher\":{\"@id\":\"https:\/\/articulosreligiosos.com\/en\/#organization\"},\"potentialAction\":[{\"@type\":\"SearchAction\",\"target\":{\"@type\":\"EntryPoint\",\"urlTemplate\":\"https:\/\/articulosreligiosos.com\/en\/?s={search_term_string}\"},\"query-input\":{\"@type\":\"PropertyValueSpecification\",\"valueRequired\":true,\"valueName\":\"search_term_string\"}}],\"inLanguage\":\"en-US\"},{\"@type\":\"Organization\",\"@id\":\"https:\/\/articulosreligiosos.com\/en\/#organization\",\"name\":\"Art\u00edculos Religiosos\",\"url\":\"https:\/\/articulosreligiosos.com\/en\/\",\"logo\":{\"@type\":\"ImageObject\",\"inLanguage\":\"en-US\",\"@id\":\"https:\/\/articulosreligiosos.com\/en\/#\/schema\/logo\/image\/\",\"url\":\"https:\/\/articulosreligiosos.com\/wp-content\/uploads\/2023\/12\/newlogo-1.png\",\"contentUrl\":\"https:\/\/articulosreligiosos.com\/wp-content\/uploads\/2023\/12\/newlogo-1.png\",\"width\":178,\"height\":114,\"caption\":\"Art\u00edculos Religiosos\"},\"image\":{\"@id\":\"https:\/\/articulosreligiosos.com\/en\/#\/schema\/logo\/image\/\"},\"sameAs\":[\"https:\/\/www.instagram.com\/articulosreligiosos.tienda\/\"],\"hasMerchantReturnPolicy\":{\"@type\":\"MerchantReturnPolicy\",\"merchantReturnLink\":\"https:\/\/articulosreligiosos.com\/en\/refund-and-returns-policy\/\"}}]}<\/script>\n<meta property=\"og:availability\" content=\"instock\" \/>\n<meta property=\"product:availability\" content=\"instock\" \/>\n<meta property=\"product:retailer_item_id\" content=\"IMPG001A218\" \/>\n<meta property=\"product:condition\" content=\"new\" \/>\n<!-- \/ Yoast SEO Premium plugin. -->","yoast_head_json":{"title":"Acquire the Holy Family (Flight to Egypt) - Spiritual and Unique","description":"Discover the Holy Family (Flight to Egypt), a symbol of faith and tradition. Place your order today with confidence.","robots":{"index":"index","follow":"follow","max-snippet":"max-snippet:-1","max-image-preview":"max-image-preview:large","max-video-preview":"max-video-preview:-1"},"canonical":"https:\/\/articulosreligiosos.com\/en\/product\/holy-family-flight-to-egyp-scene-impg001a218\/","og_locale":"en_US","og_type":"article","og_title":"Holy Family (Flight to Egyp scene)","og_description":"Discover the Holy Family (Flight to Egypt), a symbol of faith and tradition. Place your order today with confidence.","og_url":"https:\/\/articulosreligiosos.com\/en\/product\/holy-family-flight-to-egyp-scene-impg001a218\/","og_site_name":"articulosreligiosos.com","article_modified_time":"2025-05-18T10:57:48+00:00","og_image":[{"width":1262,"height":1600,"url":"https:\/\/articulosreligiosos.com\/wp-content\/uploads\/2025\/07\/Sagrada-Familia-huida-a-Egipto-IMPG001A218-0.webp","type":"image\/webp"}],"twitter_card":"summary_large_image","twitter_misc":{"Availability":"In stock"},"schema":{"@context":"https:\/\/schema.org","@graph":[{"@type":"WebPage","@id":"https:\/\/articulosreligiosos.com\/en\/product\/holy-family-flight-to-egyp-scene-impg001a218\/","url":"https:\/\/articulosreligiosos.com\/en\/product\/holy-family-flight-to-egyp-scene-impg001a218\/","name":"Acquire the Holy Family (Flight to Egypt) - Spiritual and Unique","isPartOf":{"@id":"https:\/\/articulosreligiosos.com\/en\/#website"},"primaryImageOfPage":{"@id":"https:\/\/articulosreligiosos.com\/en\/product\/holy-family-flight-to-egyp-scene-impg001a218\/#primaryimage"},"image":{"@id":"https:\/\/articulosreligiosos.com\/en\/product\/holy-family-flight-to-egyp-scene-impg001a218\/#primaryimage"},"thumbnailUrl":"https:\/\/articulosreligiosos.com\/wp-content\/uploads\/2025\/07\/Sagrada-Familia-huida-a-Egipto-IMPG001A218-0.webp","datePublished":"2011-04-22T14:55:12+00:00","dateModified":"2025-05-18T10:57:48+00:00","description":"Discover the Holy Family (Flight to Egypt), a symbol of faith and tradition. Place your order today with confidence.","breadcrumb":{"@id":"https:\/\/articulosreligiosos.com\/en\/product\/holy-family-flight-to-egyp-scene-impg001a218\/#breadcrumb"},"inLanguage":"en-US","potentialAction":[{"@type":"ReadAction","target":["https:\/\/articulosreligiosos.com\/en\/product\/holy-family-flight-to-egyp-scene-impg001a218\/"]}]},{"@type":"ImageObject","inLanguage":"en-US","@id":"https:\/\/articulosreligiosos.com\/en\/product\/holy-family-flight-to-egyp-scene-impg001a218\/#primaryimage","url":"https:\/\/articulosreligiosos.com\/wp-content\/uploads\/2025\/07\/Sagrada-Familia-huida-a-Egipto-IMPG001A218-0.webp","contentUrl":"https:\/\/articulosreligiosos.com\/wp-content\/uploads\/2025\/07\/Sagrada-Familia-huida-a-Egipto-IMPG001A218-0.webp","width":1262,"height":1600},{"@type":"BreadcrumbList","@id":"https:\/\/articulosreligiosos.com\/en\/product\/holy-family-flight-to-egyp-scene-impg001a218\/#breadcrumb","itemListElement":[{"@type":"ListItem","position":1,"name":"Home","item":"https:\/\/articulosreligiosos.com\/en\/"},{"@type":"ListItem","position":2,"name":"Products"},{"@type":"ListItem","position":3,"name":"Holy Family (Flight to Egyp scene)"}]},{"@type":"WebSite","@id":"https:\/\/articulosreligiosos.com\/en\/#website","url":"https:\/\/articulosreligiosos.com\/en\/","name":"Art\u00edculos Religiosos","description":"Tienda online | Fabricaci\u00f3n, restauraci\u00f3n y comercializaci\u00f3n de objetos religiosos al mejor precio y con el mejor servicio.","publisher":{"@id":"https:\/\/articulosreligiosos.com\/en\/#organization"},"potentialAction":[{"@type":"SearchAction","target":{"@type":"EntryPoint","urlTemplate":"https:\/\/articulosreligiosos.com\/en\/?s={search_term_string}"},"query-input":{"@type":"PropertyValueSpecification","valueRequired":true,"valueName":"search_term_string"}}],"inLanguage":"en-US"},{"@type":"Organization","@id":"https:\/\/articulosreligiosos.com\/en\/#organization","name":"Art\u00edculos Religiosos","url":"https:\/\/articulosreligiosos.com\/en\/","logo":{"@type":"ImageObject","inLanguage":"en-US","@id":"https:\/\/articulosreligiosos.com\/en\/#\/schema\/logo\/image\/","url":"https:\/\/articulosreligiosos.com\/wp-content\/uploads\/2023\/12\/newlogo-1.png","contentUrl":"https:\/\/articulosreligiosos.com\/wp-content\/uploads\/2023\/12\/newlogo-1.png","width":178,"height":114,"caption":"Art\u00edculos Religiosos"},"image":{"@id":"https:\/\/articulosreligiosos.com\/en\/#\/schema\/logo\/image\/"},"sameAs":["https:\/\/www.instagram.com\/articulosreligiosos.tienda\/"],"hasMerchantReturnPolicy":{"@type":"MerchantReturnPolicy","merchantReturnLink":"https:\/\/articulosreligiosos.com\/en\/refund-and-returns-policy\/"}}]},"og_availability":"instock","product_availability":"instock","product_retailer_item_id":"IMPG001A218","product_condition":"new"},"_links":{"self":[{"href":"https:\/\/articulosreligiosos.com\/en\/wp-json\/wp\/v2\/product\/59544","targetHints":{"allow":["GET"]}}],"collection":[{"href":"https:\/\/articulosreligiosos.com\/en\/wp-json\/wp\/v2\/product"}],"about":[{"href":"https:\/\/articulosreligiosos.com\/en\/wp-json\/wp\/v2\/types\/product"}],"replies":[{"embeddable":true,"href":"https:\/\/articulosreligiosos.com\/en\/wp-json\/wp\/v2\/comments?post=59544"}],"wp:featuredmedia":[{"embeddable":true,"href":"https:\/\/articulosreligiosos.com\/en\/wp-json\/wp\/v2\/media\/326534"}],"wp:attachment":[{"href":"https:\/\/articulosreligiosos.com\/en\/wp-json\/wp\/v2\/media?parent=59544"}],"wp:term":[{"taxonomy":"product_brand","embeddable":true,"href":"https:\/\/articulosreligiosos.com\/en\/wp-json\/wp\/v2\/product_brand?post=59544"},{"taxonomy":"product_cat","embeddable":true,"href":"https:\/\/articulosreligiosos.com\/en\/wp-json\/wp\/v2\/product_cat?post=59544"},{"taxonomy":"product_tag","embeddable":true,"href":"https:\/\/articulosreligiosos.com\/en\/wp-json\/wp\/v2\/product_tag?post=59544"}],"curies":[{"name":"wp","href":"https:\/\/api.w.org\/{rel}","templated":true}]}}