{"id":59106,"date":"2011-04-22T14:53:16","date_gmt":"2011-04-22T14:53:16","guid":{"rendered":"https:\/\/articulosreligiosos.com\/product\/angeles-portacandelabros-candelabros-aparte-62667\/"},"modified":"2025-05-18T10:57:48","modified_gmt":"2025-05-18T10:57:48","slug":"angels-candlestick-holders-chandeliers-not-included-imaa001r69","status":"publish","type":"product","link":"https:\/\/articulosreligiosos.com\/en\/product\/angels-candlestick-holders-chandeliers-not-included-imaa001r69\/","title":{"rendered":"Angels candlestick holders (Chandeliers not included)"},"content":{"rendered":"<p>Angel candle holders (candlesticks not included)<\/p>\n<p> Devotional sculpture made of <strong>wood pulp<\/strong> stands out for its careful craftsmanship.<\/p>\n<p> Devotion in every detail<\/p>\n<p> A unique piece that conveys spirituality. Buy with confidence and assured quality.<br \/> Visit our complete collection of <a href=\"https:\/\/articulosreligiosos.com\/en\/product-category\/religious-statues-religious-sculptures-catholic-statues-en\/\" target=\"_blank\">religious imagery<\/a> .<\/p>\n","protected":false},"excerpt":{"rendered":"<p>Painted sculpture and hand-made craft.<\/p>\n","protected":false},"featured_media":326410,"comment_status":"open","ping_status":"closed","template":"","meta":{"_acf_changed":false},"product_brand":[],"product_cat":[6276,6258],"product_tag":[],"class_list":{"0":"post-59106","1":"product","2":"type-product","3":"status-publish","4":"has-post-thumbnail","6":"product_cat-angel-worshipers-religious-sculptures-en","7":"product_cat-religious-statues-religious-sculptures-catholic-statues-en","8":"pa_altura-400-en","9":"pa_decoracion_imagenes-antique-en","10":"pa_decoracion_imagenes-economic-en-en","11":"pa_decoracion_imagenes-extra-en","12":"pa_decoracion_imagenes-fine-en","13":"pa_decoracion_imagenes-imitation_wood-en","14":"pa_decoracion_imagenes-polychrome-en","15":"pa_decoracion_imagenes-special-en","16":"pa_decoracion_imagenes-topclass-en","17":"pa_disponibilidad-35-en","18":"pa_manufacturer-p001-en","19":"pa_material-cardboard-wood-plaster-en","20":"pa_materiales_general-pasta-de-madera-con-ojos-de-cristal","22":"first","23":"instock","24":"taxable","25":"shipping-taxable","26":"purchasable","27":"product-type-variable","28":"rtwpvs-product"},"acf":[],"yoast_head":"<!-- This site is optimized with the Yoast SEO Premium plugin v27.2 (Yoast SEO v27.2) - https:\/\/yoast.com\/product\/yoast-seo-premium-wordpress\/ -->\n<title>Get unique and spiritual Angel candlestick holders (candlesticks not included)<\/title>\n<meta name=\"description\" content=\"Angel candlestick holders (candlesticks not included) handcrafted to inspire devotion. Personalized service guaranteed.\" \/>\n<meta name=\"robots\" content=\"index, follow, max-snippet:-1, max-image-preview:large, max-video-preview:-1\" \/>\n<link rel=\"canonical\" href=\"https:\/\/articulosreligiosos.com\/en\/product\/angels-candlestick-holders-chandeliers-not-included-imaa001r69\/\" \/>\n<meta property=\"og:locale\" content=\"en_US\" \/>\n<meta property=\"og:type\" content=\"article\" \/>\n<meta property=\"og:title\" content=\"Angels candlestick holders (Chandeliers not included)\" \/>\n<meta property=\"og:description\" content=\"Angel candlestick holders (candlesticks not included) handcrafted to inspire devotion. Personalized service guaranteed.\" \/>\n<meta property=\"og:url\" content=\"https:\/\/articulosreligiosos.com\/en\/product\/angels-candlestick-holders-chandeliers-not-included-imaa001r69\/\" \/>\n<meta property=\"og:site_name\" content=\"articulosreligiosos.com\" \/>\n<meta property=\"article:modified_time\" content=\"2025-05-18T10:57:48+00:00\" \/>\n<meta property=\"og:image\" content=\"https:\/\/articulosreligiosos.com\/wp-content\/uploads\/2025\/07\/Angeles-portacandelabros-candelabros-aparte-IMAA001R69-0_1.webp\" \/>\n\t<meta property=\"og:image:width\" content=\"1485\" \/>\n\t<meta property=\"og:image:height\" content=\"1600\" \/>\n\t<meta property=\"og:image:type\" content=\"image\/webp\" \/>\n<meta name=\"twitter:card\" content=\"summary_large_image\" \/>\n<meta name=\"twitter:label1\" content=\"Availability\" \/>\n\t<meta name=\"twitter:data1\" content=\"In stock\" \/>\n<script type=\"application\/ld+json\" class=\"yoast-schema-graph\">{\"@context\":\"https:\/\/schema.org\",\"@graph\":[{\"@type\":\"WebPage\",\"@id\":\"https:\/\/articulosreligiosos.com\/en\/product\/angels-candlestick-holders-chandeliers-not-included-imaa001r69\/\",\"url\":\"https:\/\/articulosreligiosos.com\/en\/product\/angels-candlestick-holders-chandeliers-not-included-imaa001r69\/\",\"name\":\"Get unique and spiritual Angel candlestick holders (candlesticks not included)\",\"isPartOf\":{\"@id\":\"https:\/\/articulosreligiosos.com\/en\/#website\"},\"primaryImageOfPage\":{\"@id\":\"https:\/\/articulosreligiosos.com\/en\/product\/angels-candlestick-holders-chandeliers-not-included-imaa001r69\/#primaryimage\"},\"image\":{\"@id\":\"https:\/\/articulosreligiosos.com\/en\/product\/angels-candlestick-holders-chandeliers-not-included-imaa001r69\/#primaryimage\"},\"thumbnailUrl\":\"https:\/\/articulosreligiosos.com\/wp-content\/uploads\/2025\/07\/Angeles-portacandelabros-candelabros-aparte-IMAA001R69-0_1.webp\",\"datePublished\":\"2011-04-22T14:53:16+00:00\",\"dateModified\":\"2025-05-18T10:57:48+00:00\",\"description\":\"Angel candlestick holders (candlesticks not included) handcrafted to inspire devotion. Personalized service guaranteed.\",\"breadcrumb\":{\"@id\":\"https:\/\/articulosreligiosos.com\/en\/product\/angels-candlestick-holders-chandeliers-not-included-imaa001r69\/#breadcrumb\"},\"inLanguage\":\"en-US\",\"potentialAction\":[{\"@type\":\"ReadAction\",\"target\":[\"https:\/\/articulosreligiosos.com\/en\/product\/angels-candlestick-holders-chandeliers-not-included-imaa001r69\/\"]}]},{\"@type\":\"ImageObject\",\"inLanguage\":\"en-US\",\"@id\":\"https:\/\/articulosreligiosos.com\/en\/product\/angels-candlestick-holders-chandeliers-not-included-imaa001r69\/#primaryimage\",\"url\":\"https:\/\/articulosreligiosos.com\/wp-content\/uploads\/2025\/07\/Angeles-portacandelabros-candelabros-aparte-IMAA001R69-0_1.webp\",\"contentUrl\":\"https:\/\/articulosreligiosos.com\/wp-content\/uploads\/2025\/07\/Angeles-portacandelabros-candelabros-aparte-IMAA001R69-0_1.webp\",\"width\":1485,\"height\":1600},{\"@type\":\"BreadcrumbList\",\"@id\":\"https:\/\/articulosreligiosos.com\/en\/product\/angels-candlestick-holders-chandeliers-not-included-imaa001r69\/#breadcrumb\",\"itemListElement\":[{\"@type\":\"ListItem\",\"position\":1,\"name\":\"Home\",\"item\":\"https:\/\/articulosreligiosos.com\/en\/\"},{\"@type\":\"ListItem\",\"position\":2,\"name\":\"Products\"},{\"@type\":\"ListItem\",\"position\":3,\"name\":\"Angels candlestick holders (Chandeliers not included)\"}]},{\"@type\":\"WebSite\",\"@id\":\"https:\/\/articulosreligiosos.com\/en\/#website\",\"url\":\"https:\/\/articulosreligiosos.com\/en\/\",\"name\":\"Art\u00edculos Religiosos\",\"description\":\"Tienda online | Fabricaci\u00f3n, restauraci\u00f3n y comercializaci\u00f3n de objetos religiosos al mejor precio y con el mejor servicio.\",\"publisher\":{\"@id\":\"https:\/\/articulosreligiosos.com\/en\/#organization\"},\"potentialAction\":[{\"@type\":\"SearchAction\",\"target\":{\"@type\":\"EntryPoint\",\"urlTemplate\":\"https:\/\/articulosreligiosos.com\/en\/?s={search_term_string}\"},\"query-input\":{\"@type\":\"PropertyValueSpecification\",\"valueRequired\":true,\"valueName\":\"search_term_string\"}}],\"inLanguage\":\"en-US\"},{\"@type\":\"Organization\",\"@id\":\"https:\/\/articulosreligiosos.com\/en\/#organization\",\"name\":\"Art\u00edculos Religiosos\",\"url\":\"https:\/\/articulosreligiosos.com\/en\/\",\"logo\":{\"@type\":\"ImageObject\",\"inLanguage\":\"en-US\",\"@id\":\"https:\/\/articulosreligiosos.com\/en\/#\/schema\/logo\/image\/\",\"url\":\"https:\/\/articulosreligiosos.com\/wp-content\/uploads\/2023\/12\/newlogo-1.png\",\"contentUrl\":\"https:\/\/articulosreligiosos.com\/wp-content\/uploads\/2023\/12\/newlogo-1.png\",\"width\":178,\"height\":114,\"caption\":\"Art\u00edculos Religiosos\"},\"image\":{\"@id\":\"https:\/\/articulosreligiosos.com\/en\/#\/schema\/logo\/image\/\"},\"sameAs\":[\"https:\/\/www.instagram.com\/articulosreligiosos.tienda\/\"],\"hasMerchantReturnPolicy\":{\"@type\":\"MerchantReturnPolicy\",\"merchantReturnLink\":\"https:\/\/articulosreligiosos.com\/en\/refund-and-returns-policy\/\"}}]}<\/script>\n<meta property=\"og:availability\" content=\"instock\" \/>\n<meta property=\"product:availability\" content=\"instock\" \/>\n<meta property=\"product:retailer_item_id\" content=\"IMAA001R69\" \/>\n<meta property=\"product:condition\" content=\"new\" \/>\n<!-- \/ Yoast SEO Premium plugin. -->","yoast_head_json":{"title":"Get unique and spiritual Angel candlestick holders (candlesticks not included)","description":"Angel candlestick holders (candlesticks not included) handcrafted to inspire devotion. Personalized service guaranteed.","robots":{"index":"index","follow":"follow","max-snippet":"max-snippet:-1","max-image-preview":"max-image-preview:large","max-video-preview":"max-video-preview:-1"},"canonical":"https:\/\/articulosreligiosos.com\/en\/product\/angels-candlestick-holders-chandeliers-not-included-imaa001r69\/","og_locale":"en_US","og_type":"article","og_title":"Angels candlestick holders (Chandeliers not included)","og_description":"Angel candlestick holders (candlesticks not included) handcrafted to inspire devotion. Personalized service guaranteed.","og_url":"https:\/\/articulosreligiosos.com\/en\/product\/angels-candlestick-holders-chandeliers-not-included-imaa001r69\/","og_site_name":"articulosreligiosos.com","article_modified_time":"2025-05-18T10:57:48+00:00","og_image":[{"width":1485,"height":1600,"url":"https:\/\/articulosreligiosos.com\/wp-content\/uploads\/2025\/07\/Angeles-portacandelabros-candelabros-aparte-IMAA001R69-0_1.webp","type":"image\/webp"}],"twitter_card":"summary_large_image","twitter_misc":{"Availability":"In stock"},"schema":{"@context":"https:\/\/schema.org","@graph":[{"@type":"WebPage","@id":"https:\/\/articulosreligiosos.com\/en\/product\/angels-candlestick-holders-chandeliers-not-included-imaa001r69\/","url":"https:\/\/articulosreligiosos.com\/en\/product\/angels-candlestick-holders-chandeliers-not-included-imaa001r69\/","name":"Get unique and spiritual Angel candlestick holders (candlesticks not included)","isPartOf":{"@id":"https:\/\/articulosreligiosos.com\/en\/#website"},"primaryImageOfPage":{"@id":"https:\/\/articulosreligiosos.com\/en\/product\/angels-candlestick-holders-chandeliers-not-included-imaa001r69\/#primaryimage"},"image":{"@id":"https:\/\/articulosreligiosos.com\/en\/product\/angels-candlestick-holders-chandeliers-not-included-imaa001r69\/#primaryimage"},"thumbnailUrl":"https:\/\/articulosreligiosos.com\/wp-content\/uploads\/2025\/07\/Angeles-portacandelabros-candelabros-aparte-IMAA001R69-0_1.webp","datePublished":"2011-04-22T14:53:16+00:00","dateModified":"2025-05-18T10:57:48+00:00","description":"Angel candlestick holders (candlesticks not included) handcrafted to inspire devotion. Personalized service guaranteed.","breadcrumb":{"@id":"https:\/\/articulosreligiosos.com\/en\/product\/angels-candlestick-holders-chandeliers-not-included-imaa001r69\/#breadcrumb"},"inLanguage":"en-US","potentialAction":[{"@type":"ReadAction","target":["https:\/\/articulosreligiosos.com\/en\/product\/angels-candlestick-holders-chandeliers-not-included-imaa001r69\/"]}]},{"@type":"ImageObject","inLanguage":"en-US","@id":"https:\/\/articulosreligiosos.com\/en\/product\/angels-candlestick-holders-chandeliers-not-included-imaa001r69\/#primaryimage","url":"https:\/\/articulosreligiosos.com\/wp-content\/uploads\/2025\/07\/Angeles-portacandelabros-candelabros-aparte-IMAA001R69-0_1.webp","contentUrl":"https:\/\/articulosreligiosos.com\/wp-content\/uploads\/2025\/07\/Angeles-portacandelabros-candelabros-aparte-IMAA001R69-0_1.webp","width":1485,"height":1600},{"@type":"BreadcrumbList","@id":"https:\/\/articulosreligiosos.com\/en\/product\/angels-candlestick-holders-chandeliers-not-included-imaa001r69\/#breadcrumb","itemListElement":[{"@type":"ListItem","position":1,"name":"Home","item":"https:\/\/articulosreligiosos.com\/en\/"},{"@type":"ListItem","position":2,"name":"Products"},{"@type":"ListItem","position":3,"name":"Angels candlestick holders (Chandeliers not included)"}]},{"@type":"WebSite","@id":"https:\/\/articulosreligiosos.com\/en\/#website","url":"https:\/\/articulosreligiosos.com\/en\/","name":"Art\u00edculos Religiosos","description":"Tienda online | Fabricaci\u00f3n, restauraci\u00f3n y comercializaci\u00f3n de objetos religiosos al mejor precio y con el mejor servicio.","publisher":{"@id":"https:\/\/articulosreligiosos.com\/en\/#organization"},"potentialAction":[{"@type":"SearchAction","target":{"@type":"EntryPoint","urlTemplate":"https:\/\/articulosreligiosos.com\/en\/?s={search_term_string}"},"query-input":{"@type":"PropertyValueSpecification","valueRequired":true,"valueName":"search_term_string"}}],"inLanguage":"en-US"},{"@type":"Organization","@id":"https:\/\/articulosreligiosos.com\/en\/#organization","name":"Art\u00edculos Religiosos","url":"https:\/\/articulosreligiosos.com\/en\/","logo":{"@type":"ImageObject","inLanguage":"en-US","@id":"https:\/\/articulosreligiosos.com\/en\/#\/schema\/logo\/image\/","url":"https:\/\/articulosreligiosos.com\/wp-content\/uploads\/2023\/12\/newlogo-1.png","contentUrl":"https:\/\/articulosreligiosos.com\/wp-content\/uploads\/2023\/12\/newlogo-1.png","width":178,"height":114,"caption":"Art\u00edculos Religiosos"},"image":{"@id":"https:\/\/articulosreligiosos.com\/en\/#\/schema\/logo\/image\/"},"sameAs":["https:\/\/www.instagram.com\/articulosreligiosos.tienda\/"],"hasMerchantReturnPolicy":{"@type":"MerchantReturnPolicy","merchantReturnLink":"https:\/\/articulosreligiosos.com\/en\/refund-and-returns-policy\/"}}]},"og_availability":"instock","product_availability":"instock","product_retailer_item_id":"IMAA001R69","product_condition":"new"},"_links":{"self":[{"href":"https:\/\/articulosreligiosos.com\/en\/wp-json\/wp\/v2\/product\/59106","targetHints":{"allow":["GET"]}}],"collection":[{"href":"https:\/\/articulosreligiosos.com\/en\/wp-json\/wp\/v2\/product"}],"about":[{"href":"https:\/\/articulosreligiosos.com\/en\/wp-json\/wp\/v2\/types\/product"}],"replies":[{"embeddable":true,"href":"https:\/\/articulosreligiosos.com\/en\/wp-json\/wp\/v2\/comments?post=59106"}],"wp:featuredmedia":[{"embeddable":true,"href":"https:\/\/articulosreligiosos.com\/en\/wp-json\/wp\/v2\/media\/326410"}],"wp:attachment":[{"href":"https:\/\/articulosreligiosos.com\/en\/wp-json\/wp\/v2\/media?parent=59106"}],"wp:term":[{"taxonomy":"product_brand","embeddable":true,"href":"https:\/\/articulosreligiosos.com\/en\/wp-json\/wp\/v2\/product_brand?post=59106"},{"taxonomy":"product_cat","embeddable":true,"href":"https:\/\/articulosreligiosos.com\/en\/wp-json\/wp\/v2\/product_cat?post=59106"},{"taxonomy":"product_tag","embeddable":true,"href":"https:\/\/articulosreligiosos.com\/en\/wp-json\/wp\/v2\/product_tag?post=59106"}],"curies":[{"name":"wp","href":"https:\/\/api.w.org\/{rel}","templated":true}]}}