{"id":35920,"date":"2011-04-22T08:48:18","date_gmt":"2011-04-22T08:48:18","guid":{"rendered":"https:\/\/articulosreligiosos.com\/product\/piedad-de-miguel-angel-madera-tallada-51311\/"},"modified":"2025-05-18T10:14:10","modified_gmt":"2025-05-18T10:14:10","slug":"pieta-by-michelangelo-mavg00610249","status":"publish","type":"product","link":"https:\/\/articulosreligiosos.com\/en\/product\/pieta-by-michelangelo-mavg00610249\/","title":{"rendered":"Pieta by Michelangelo"},"content":{"rendered":"<p>Michelangelos Pieta<\/p>\n<p> Sacred representation in <strong>wood<\/strong> stands out for its careful craftsmanship.<br \/> Consolation and compassion of the Mother who sustains her Son in his Passion. Feast day: September 15.<br \/> Inspiration and faith<\/p>\n<p> Ideal for home, gift, or chapel. Friendly service and fast shipping guaranteed.<br \/> Visit our complete collection of <a href=\"https:\/\/articulosreligiosos.com\/en\/product-category\/religious-statues-religious-sculptures-catholic-statues-en\/\" target=\"_blank\">religious imagery<\/a> .<\/p>\n","protected":false},"excerpt":{"rendered":"<p>Carved wooden image. Pieta by Michelangelo in hardwood.<\/p>\n","protected":false},"featured_media":330287,"comment_status":"open","ping_status":"closed","template":"","meta":{"_acf_changed":false},"product_brand":[],"product_cat":[6274,6258],"product_tag":[],"class_list":{"0":"post-35920","1":"product","2":"type-product","3":"status-publish","4":"has-post-thumbnail","6":"product_cat-our-lady-virgins-religious-sculptures-en","7":"product_cat-religious-statues-religious-sculptures-catholic-statues-en","8":"pa_altura-140-en","9":"pa_decoracion_imagenes-colored-en-en","10":"pa_decoracion_imagenes-natural-en","11":"pa_decoracion_imagenes-tones-en","12":"pa_decoracion_imagenes-waxed-en-en","13":"pa_decoraciones_general-nr-madera-no-tratada-n-madera-tratada-con-decapado-claro-pulida-a-la-cera-no-madera-tratada-con-ojos-pintados-y-oro-pulida-a-la-cera-ns-madera-tratada-con-decapado-oscuro-pulida-a-la","14":"pa_disponibilidad-available-in-2-3-weeks","15":"pa_manufacturer-p006-en","16":"pa_material-woodcarving","17":"pa_materiales_general-carved-wooden-image-lime-walnut-chestnut-or-ash","19":"first","20":"instock","21":"taxable","22":"shipping-taxable","23":"purchasable","24":"product-type-variable","25":"rtwpvs-product"},"acf":[],"yoast_head":"<!-- This site is optimized with the Yoast SEO Premium plugin v27.2 (Yoast SEO v27.2) - https:\/\/yoast.com\/product\/yoast-seo-premium-wordpress\/ -->\n<title>Buy Michelangelos Pieta at the best price<\/title>\n<meta name=\"description\" content=\"Take Michelangelos Pieta with you, a unique spiritual figure. Buy from us and receive it soon!\" \/>\n<meta name=\"robots\" content=\"index, follow, max-snippet:-1, max-image-preview:large, max-video-preview:-1\" \/>\n<link rel=\"canonical\" href=\"https:\/\/articulosreligiosos.com\/en\/product\/pieta-by-michelangelo-mavg00610249\/\" \/>\n<meta property=\"og:locale\" content=\"en_US\" \/>\n<meta property=\"og:type\" content=\"article\" \/>\n<meta property=\"og:title\" content=\"Pieta by Michelangelo\" \/>\n<meta property=\"og:description\" content=\"Take Michelangelos Pieta with you, a unique spiritual figure. Buy from us and receive it soon!\" \/>\n<meta property=\"og:url\" content=\"https:\/\/articulosreligiosos.com\/en\/product\/pieta-by-michelangelo-mavg00610249\/\" \/>\n<meta property=\"og:site_name\" content=\"articulosreligiosos.com\" \/>\n<meta property=\"article:modified_time\" content=\"2025-05-18T10:14:10+00:00\" \/>\n<meta property=\"og:image\" content=\"https:\/\/articulosreligiosos.com\/wp-content\/uploads\/2025\/08\/Piedad-de-Miguel-Angel-mavg00610249-0.webp\" \/>\n\t<meta property=\"og:image:width\" content=\"1120\" \/>\n\t<meta property=\"og:image:height\" content=\"1400\" \/>\n\t<meta property=\"og:image:type\" content=\"image\/webp\" \/>\n<meta name=\"twitter:card\" content=\"summary_large_image\" \/>\n<meta name=\"twitter:label1\" content=\"Availability\" \/>\n\t<meta name=\"twitter:data1\" content=\"In stock\" \/>\n<script type=\"application\/ld+json\" class=\"yoast-schema-graph\">{\"@context\":\"https:\/\/schema.org\",\"@graph\":[{\"@type\":\"WebPage\",\"@id\":\"https:\/\/articulosreligiosos.com\/en\/product\/pieta-by-michelangelo-mavg00610249\/\",\"url\":\"https:\/\/articulosreligiosos.com\/en\/product\/pieta-by-michelangelo-mavg00610249\/\",\"name\":\"Buy Michelangelos Pieta at the best price\",\"isPartOf\":{\"@id\":\"https:\/\/articulosreligiosos.com\/en\/#website\"},\"primaryImageOfPage\":{\"@id\":\"https:\/\/articulosreligiosos.com\/en\/product\/pieta-by-michelangelo-mavg00610249\/#primaryimage\"},\"image\":{\"@id\":\"https:\/\/articulosreligiosos.com\/en\/product\/pieta-by-michelangelo-mavg00610249\/#primaryimage\"},\"thumbnailUrl\":\"https:\/\/articulosreligiosos.com\/wp-content\/uploads\/2025\/08\/Piedad-de-Miguel-Angel-mavg00610249-0.webp\",\"datePublished\":\"2011-04-22T08:48:18+00:00\",\"dateModified\":\"2025-05-18T10:14:10+00:00\",\"description\":\"Take Michelangelos Pieta with you, a unique spiritual figure. Buy from us and receive it soon!\",\"breadcrumb\":{\"@id\":\"https:\/\/articulosreligiosos.com\/en\/product\/pieta-by-michelangelo-mavg00610249\/#breadcrumb\"},\"inLanguage\":\"en-US\",\"potentialAction\":[{\"@type\":\"ReadAction\",\"target\":[\"https:\/\/articulosreligiosos.com\/en\/product\/pieta-by-michelangelo-mavg00610249\/\"]}]},{\"@type\":\"ImageObject\",\"inLanguage\":\"en-US\",\"@id\":\"https:\/\/articulosreligiosos.com\/en\/product\/pieta-by-michelangelo-mavg00610249\/#primaryimage\",\"url\":\"https:\/\/articulosreligiosos.com\/wp-content\/uploads\/2025\/08\/Piedad-de-Miguel-Angel-mavg00610249-0.webp\",\"contentUrl\":\"https:\/\/articulosreligiosos.com\/wp-content\/uploads\/2025\/08\/Piedad-de-Miguel-Angel-mavg00610249-0.webp\",\"width\":1120,\"height\":1400},{\"@type\":\"BreadcrumbList\",\"@id\":\"https:\/\/articulosreligiosos.com\/en\/product\/pieta-by-michelangelo-mavg00610249\/#breadcrumb\",\"itemListElement\":[{\"@type\":\"ListItem\",\"position\":1,\"name\":\"Home\",\"item\":\"https:\/\/articulosreligiosos.com\/en\/\"},{\"@type\":\"ListItem\",\"position\":2,\"name\":\"Products\"},{\"@type\":\"ListItem\",\"position\":3,\"name\":\"Pieta by Michelangelo\"}]},{\"@type\":\"WebSite\",\"@id\":\"https:\/\/articulosreligiosos.com\/en\/#website\",\"url\":\"https:\/\/articulosreligiosos.com\/en\/\",\"name\":\"Art\u00edculos Religiosos\",\"description\":\"Tienda online | Fabricaci\u00f3n, restauraci\u00f3n y comercializaci\u00f3n de objetos religiosos al mejor precio y con el mejor servicio.\",\"publisher\":{\"@id\":\"https:\/\/articulosreligiosos.com\/en\/#organization\"},\"potentialAction\":[{\"@type\":\"SearchAction\",\"target\":{\"@type\":\"EntryPoint\",\"urlTemplate\":\"https:\/\/articulosreligiosos.com\/en\/?s={search_term_string}\"},\"query-input\":{\"@type\":\"PropertyValueSpecification\",\"valueRequired\":true,\"valueName\":\"search_term_string\"}}],\"inLanguage\":\"en-US\"},{\"@type\":\"Organization\",\"@id\":\"https:\/\/articulosreligiosos.com\/en\/#organization\",\"name\":\"Art\u00edculos Religiosos\",\"url\":\"https:\/\/articulosreligiosos.com\/en\/\",\"logo\":{\"@type\":\"ImageObject\",\"inLanguage\":\"en-US\",\"@id\":\"https:\/\/articulosreligiosos.com\/en\/#\/schema\/logo\/image\/\",\"url\":\"https:\/\/articulosreligiosos.com\/wp-content\/uploads\/2023\/12\/newlogo-1.png\",\"contentUrl\":\"https:\/\/articulosreligiosos.com\/wp-content\/uploads\/2023\/12\/newlogo-1.png\",\"width\":178,\"height\":114,\"caption\":\"Art\u00edculos Religiosos\"},\"image\":{\"@id\":\"https:\/\/articulosreligiosos.com\/en\/#\/schema\/logo\/image\/\"},\"sameAs\":[\"https:\/\/www.instagram.com\/articulosreligiosos.tienda\/\"],\"hasMerchantReturnPolicy\":{\"@type\":\"MerchantReturnPolicy\",\"merchantReturnLink\":\"https:\/\/articulosreligiosos.com\/en\/refund-and-returns-policy\/\"}}]}<\/script>\n<meta property=\"og:availability\" content=\"instock\" \/>\n<meta property=\"product:availability\" content=\"instock\" \/>\n<meta property=\"product:retailer_item_id\" content=\"MAVG00610249\" \/>\n<meta property=\"product:condition\" content=\"new\" \/>\n<!-- \/ Yoast SEO Premium plugin. -->","yoast_head_json":{"title":"Buy Michelangelos Pieta at the best price","description":"Take Michelangelos Pieta with you, a unique spiritual figure. Buy from us and receive it soon!","robots":{"index":"index","follow":"follow","max-snippet":"max-snippet:-1","max-image-preview":"max-image-preview:large","max-video-preview":"max-video-preview:-1"},"canonical":"https:\/\/articulosreligiosos.com\/en\/product\/pieta-by-michelangelo-mavg00610249\/","og_locale":"en_US","og_type":"article","og_title":"Pieta by Michelangelo","og_description":"Take Michelangelos Pieta with you, a unique spiritual figure. Buy from us and receive it soon!","og_url":"https:\/\/articulosreligiosos.com\/en\/product\/pieta-by-michelangelo-mavg00610249\/","og_site_name":"articulosreligiosos.com","article_modified_time":"2025-05-18T10:14:10+00:00","og_image":[{"width":1120,"height":1400,"url":"https:\/\/articulosreligiosos.com\/wp-content\/uploads\/2025\/08\/Piedad-de-Miguel-Angel-mavg00610249-0.webp","type":"image\/webp"}],"twitter_card":"summary_large_image","twitter_misc":{"Availability":"In stock"},"schema":{"@context":"https:\/\/schema.org","@graph":[{"@type":"WebPage","@id":"https:\/\/articulosreligiosos.com\/en\/product\/pieta-by-michelangelo-mavg00610249\/","url":"https:\/\/articulosreligiosos.com\/en\/product\/pieta-by-michelangelo-mavg00610249\/","name":"Buy Michelangelos Pieta at the best price","isPartOf":{"@id":"https:\/\/articulosreligiosos.com\/en\/#website"},"primaryImageOfPage":{"@id":"https:\/\/articulosreligiosos.com\/en\/product\/pieta-by-michelangelo-mavg00610249\/#primaryimage"},"image":{"@id":"https:\/\/articulosreligiosos.com\/en\/product\/pieta-by-michelangelo-mavg00610249\/#primaryimage"},"thumbnailUrl":"https:\/\/articulosreligiosos.com\/wp-content\/uploads\/2025\/08\/Piedad-de-Miguel-Angel-mavg00610249-0.webp","datePublished":"2011-04-22T08:48:18+00:00","dateModified":"2025-05-18T10:14:10+00:00","description":"Take Michelangelos Pieta with you, a unique spiritual figure. Buy from us and receive it soon!","breadcrumb":{"@id":"https:\/\/articulosreligiosos.com\/en\/product\/pieta-by-michelangelo-mavg00610249\/#breadcrumb"},"inLanguage":"en-US","potentialAction":[{"@type":"ReadAction","target":["https:\/\/articulosreligiosos.com\/en\/product\/pieta-by-michelangelo-mavg00610249\/"]}]},{"@type":"ImageObject","inLanguage":"en-US","@id":"https:\/\/articulosreligiosos.com\/en\/product\/pieta-by-michelangelo-mavg00610249\/#primaryimage","url":"https:\/\/articulosreligiosos.com\/wp-content\/uploads\/2025\/08\/Piedad-de-Miguel-Angel-mavg00610249-0.webp","contentUrl":"https:\/\/articulosreligiosos.com\/wp-content\/uploads\/2025\/08\/Piedad-de-Miguel-Angel-mavg00610249-0.webp","width":1120,"height":1400},{"@type":"BreadcrumbList","@id":"https:\/\/articulosreligiosos.com\/en\/product\/pieta-by-michelangelo-mavg00610249\/#breadcrumb","itemListElement":[{"@type":"ListItem","position":1,"name":"Home","item":"https:\/\/articulosreligiosos.com\/en\/"},{"@type":"ListItem","position":2,"name":"Products"},{"@type":"ListItem","position":3,"name":"Pieta by Michelangelo"}]},{"@type":"WebSite","@id":"https:\/\/articulosreligiosos.com\/en\/#website","url":"https:\/\/articulosreligiosos.com\/en\/","name":"Art\u00edculos Religiosos","description":"Tienda online | Fabricaci\u00f3n, restauraci\u00f3n y comercializaci\u00f3n de objetos religiosos al mejor precio y con el mejor servicio.","publisher":{"@id":"https:\/\/articulosreligiosos.com\/en\/#organization"},"potentialAction":[{"@type":"SearchAction","target":{"@type":"EntryPoint","urlTemplate":"https:\/\/articulosreligiosos.com\/en\/?s={search_term_string}"},"query-input":{"@type":"PropertyValueSpecification","valueRequired":true,"valueName":"search_term_string"}}],"inLanguage":"en-US"},{"@type":"Organization","@id":"https:\/\/articulosreligiosos.com\/en\/#organization","name":"Art\u00edculos Religiosos","url":"https:\/\/articulosreligiosos.com\/en\/","logo":{"@type":"ImageObject","inLanguage":"en-US","@id":"https:\/\/articulosreligiosos.com\/en\/#\/schema\/logo\/image\/","url":"https:\/\/articulosreligiosos.com\/wp-content\/uploads\/2023\/12\/newlogo-1.png","contentUrl":"https:\/\/articulosreligiosos.com\/wp-content\/uploads\/2023\/12\/newlogo-1.png","width":178,"height":114,"caption":"Art\u00edculos Religiosos"},"image":{"@id":"https:\/\/articulosreligiosos.com\/en\/#\/schema\/logo\/image\/"},"sameAs":["https:\/\/www.instagram.com\/articulosreligiosos.tienda\/"],"hasMerchantReturnPolicy":{"@type":"MerchantReturnPolicy","merchantReturnLink":"https:\/\/articulosreligiosos.com\/en\/refund-and-returns-policy\/"}}]},"og_availability":"instock","product_availability":"instock","product_retailer_item_id":"MAVG00610249","product_condition":"new"},"_links":{"self":[{"href":"https:\/\/articulosreligiosos.com\/en\/wp-json\/wp\/v2\/product\/35920","targetHints":{"allow":["GET"]}}],"collection":[{"href":"https:\/\/articulosreligiosos.com\/en\/wp-json\/wp\/v2\/product"}],"about":[{"href":"https:\/\/articulosreligiosos.com\/en\/wp-json\/wp\/v2\/types\/product"}],"replies":[{"embeddable":true,"href":"https:\/\/articulosreligiosos.com\/en\/wp-json\/wp\/v2\/comments?post=35920"}],"wp:featuredmedia":[{"embeddable":true,"href":"https:\/\/articulosreligiosos.com\/en\/wp-json\/wp\/v2\/media\/330287"}],"wp:attachment":[{"href":"https:\/\/articulosreligiosos.com\/en\/wp-json\/wp\/v2\/media?parent=35920"}],"wp:term":[{"taxonomy":"product_brand","embeddable":true,"href":"https:\/\/articulosreligiosos.com\/en\/wp-json\/wp\/v2\/product_brand?post=35920"},{"taxonomy":"product_cat","embeddable":true,"href":"https:\/\/articulosreligiosos.com\/en\/wp-json\/wp\/v2\/product_cat?post=35920"},{"taxonomy":"product_tag","embeddable":true,"href":"https:\/\/articulosreligiosos.com\/en\/wp-json\/wp\/v2\/product_tag?post=35920"}],"curies":[{"name":"wp","href":"https:\/\/api.w.org\/{rel}","templated":true}]}}