{"id":358603,"date":"2026-03-24T07:00:29","date_gmt":"2026-03-24T07:00:29","guid":{"rendered":"https:\/\/articulosreligiosos.com\/?post_type=product&#038;p=358603"},"modified":"2026-03-24T07:10:15","modified_gmt":"2026-03-24T07:10:15","slug":"saint-martin-of-porres-fray-escoba-copia","status":"publish","type":"product","link":"https:\/\/articulosreligiosos.com\/en\/product\/saint-martin-of-porres-fray-escoba-copia\/","title":{"rendered":"Saint Mart\u00edn of Porres. Fray Escoba"},"content":{"rendered":"<p>Saint Mart\u00edn of Porres. Fray Escoba<\/p>\n<p>This devotional sculpture, crafted from <strong>resin<\/strong>, stands out for its meticulous craftsmanship.<br \/>\nAn example of humility, charity, and service to the most disadvantaged. Patron saint of barbers, nurses, and the poor.<br \/>\nFeast day: November 3rd.<br \/>Devotion in every detail.  <\/p>\n<p>A unique piece that conveys spirituality. Buy with confidence and assured quality.<br \/>\nVisit our full collection at <a href=\"https:\/\/articulosreligiosos.com\/en\/product-category\/religious-statues-religious-sculptures-catholic-statues-en\/\" target=\"_blank\" rel=\"noopener\">religious statues<\/a>. <\/p>\n","protected":false},"excerpt":{"rendered":"<p>Sculpture of Saint Martin de Porres. Bro Broom Friar in resin painted by hand.  Available in different sizes.<\/p>\n","protected":false},"featured_media":343958,"comment_status":"open","ping_status":"closed","template":"","meta":{"_acf_changed":false},"product_brand":[],"product_cat":[6280,6258],"product_tag":[],"class_list":{"0":"post-358603","1":"product","2":"type-product","3":"status-publish","4":"has-post-thumbnail","6":"product_cat-saints-male-religious-images-en","7":"product_cat-religious-statues-religious-sculptures-catholic-statues-en","8":"pa_altura-110-en","9":"pa_altura-150-en","10":"pa_altura-300-en","11":"pa_disponibilidad-available-in-a-week","12":"pa_manufacturer-p043-en","13":"pa_material-resin-en-en","15":"first","16":"instock","17":"taxable","18":"shipping-taxable","19":"purchasable","20":"product-type-variable","21":"rtwpvs-product"},"acf":[],"yoast_head":"<!-- This site is optimized with the Yoast SEO Premium plugin v27.2 (Yoast SEO v27.2) - https:\/\/yoast.com\/product\/yoast-seo-premium-wordpress\/ -->\n<title>Get Saint Martin of Porres. Brother Broom for your home or chapel<\/title>\n<meta name=\"description\" content=\"Get Saint Martin of Porres, Brother Broom, and fill your home with spirituality. Quality and fast shipping. Buy it now!\" \/>\n<meta name=\"robots\" content=\"index, follow, max-snippet:-1, max-image-preview:large, max-video-preview:-1\" \/>\n<link rel=\"canonical\" href=\"https:\/\/articulosreligiosos.com\/en\/product\/saint-martin-of-porres-fray-escoba-copia\/\" \/>\n<meta property=\"og:locale\" content=\"en_US\" \/>\n<meta property=\"og:type\" content=\"article\" \/>\n<meta property=\"og:title\" content=\"Saint Mart\u00edn of Porres. Fray Escoba\" \/>\n<meta property=\"og:description\" content=\"Get Saint Martin of Porres, Brother Broom, and fill your home with spirituality. Quality and fast shipping. Buy it now!\" \/>\n<meta property=\"og:url\" content=\"https:\/\/articulosreligiosos.com\/en\/product\/saint-martin-of-porres-fray-escoba-copia\/\" \/>\n<meta property=\"og:site_name\" content=\"articulosreligiosos.com\" \/>\n<meta property=\"article:modified_time\" content=\"2026-03-24T07:10:15+00:00\" \/>\n<meta property=\"og:image\" content=\"https:\/\/articulosreligiosos.com\/wp-content\/uploads\/2025\/08\/San-Martin-de-Porres-Fray-Escoba-imso04304263-1.webp\" \/>\n\t<meta property=\"og:image:width\" content=\"900\" \/>\n\t<meta property=\"og:image:height\" content=\"900\" \/>\n\t<meta property=\"og:image:type\" content=\"image\/webp\" \/>\n<meta name=\"twitter:card\" content=\"summary_large_image\" \/>\n<meta name=\"twitter:label1\" content=\"Availability\" \/>\n\t<meta name=\"twitter:data1\" content=\"In stock\" \/>\n<script type=\"application\/ld+json\" class=\"yoast-schema-graph\">{\"@context\":\"https:\/\/schema.org\",\"@graph\":[{\"@type\":\"WebPage\",\"@id\":\"https:\/\/articulosreligiosos.com\/en\/product\/saint-martin-of-porres-fray-escoba-copia\/\",\"url\":\"https:\/\/articulosreligiosos.com\/en\/product\/saint-martin-of-porres-fray-escoba-copia\/\",\"name\":\"Get Saint Martin of Porres. Brother Broom for your home or chapel\",\"isPartOf\":{\"@id\":\"https:\/\/articulosreligiosos.com\/en\/#website\"},\"primaryImageOfPage\":{\"@id\":\"https:\/\/articulosreligiosos.com\/en\/product\/saint-martin-of-porres-fray-escoba-copia\/#primaryimage\"},\"image\":{\"@id\":\"https:\/\/articulosreligiosos.com\/en\/product\/saint-martin-of-porres-fray-escoba-copia\/#primaryimage\"},\"thumbnailUrl\":\"https:\/\/articulosreligiosos.com\/wp-content\/uploads\/2025\/08\/San-Martin-de-Porres-Fray-Escoba-imso04304263-1.webp\",\"datePublished\":\"2026-03-24T07:00:29+00:00\",\"dateModified\":\"2026-03-24T07:10:15+00:00\",\"description\":\"Get Saint Martin of Porres, Brother Broom, and fill your home with spirituality. Quality and fast shipping. Buy it now!\",\"breadcrumb\":{\"@id\":\"https:\/\/articulosreligiosos.com\/en\/product\/saint-martin-of-porres-fray-escoba-copia\/#breadcrumb\"},\"inLanguage\":\"en-US\",\"potentialAction\":[{\"@type\":\"ReadAction\",\"target\":[\"https:\/\/articulosreligiosos.com\/en\/product\/saint-martin-of-porres-fray-escoba-copia\/\"]}]},{\"@type\":\"ImageObject\",\"inLanguage\":\"en-US\",\"@id\":\"https:\/\/articulosreligiosos.com\/en\/product\/saint-martin-of-porres-fray-escoba-copia\/#primaryimage\",\"url\":\"https:\/\/articulosreligiosos.com\/wp-content\/uploads\/2025\/08\/San-Martin-de-Porres-Fray-Escoba-imso04304263-1.webp\",\"contentUrl\":\"https:\/\/articulosreligiosos.com\/wp-content\/uploads\/2025\/08\/San-Martin-de-Porres-Fray-Escoba-imso04304263-1.webp\",\"width\":900,\"height\":900,\"caption\":\"Saint-Mart\u00edn-of-Porres-Fray-Escoba-imso04304263-1\"},{\"@type\":\"BreadcrumbList\",\"@id\":\"https:\/\/articulosreligiosos.com\/en\/product\/saint-martin-of-porres-fray-escoba-copia\/#breadcrumb\",\"itemListElement\":[{\"@type\":\"ListItem\",\"position\":1,\"name\":\"Home\",\"item\":\"https:\/\/articulosreligiosos.com\/en\/\"},{\"@type\":\"ListItem\",\"position\":2,\"name\":\"Products\"},{\"@type\":\"ListItem\",\"position\":3,\"name\":\"Saint Mart\u00edn of Porres. Fray Escoba\"}]},{\"@type\":\"WebSite\",\"@id\":\"https:\/\/articulosreligiosos.com\/en\/#website\",\"url\":\"https:\/\/articulosreligiosos.com\/en\/\",\"name\":\"Art\u00edculos Religiosos\",\"description\":\"Tienda online | Fabricaci\u00f3n, restauraci\u00f3n y comercializaci\u00f3n de objetos religiosos al mejor precio y con el mejor servicio.\",\"publisher\":{\"@id\":\"https:\/\/articulosreligiosos.com\/en\/#organization\"},\"potentialAction\":[{\"@type\":\"SearchAction\",\"target\":{\"@type\":\"EntryPoint\",\"urlTemplate\":\"https:\/\/articulosreligiosos.com\/en\/?s={search_term_string}\"},\"query-input\":{\"@type\":\"PropertyValueSpecification\",\"valueRequired\":true,\"valueName\":\"search_term_string\"}}],\"inLanguage\":\"en-US\"},{\"@type\":\"Organization\",\"@id\":\"https:\/\/articulosreligiosos.com\/en\/#organization\",\"name\":\"Art\u00edculos Religiosos\",\"url\":\"https:\/\/articulosreligiosos.com\/en\/\",\"logo\":{\"@type\":\"ImageObject\",\"inLanguage\":\"en-US\",\"@id\":\"https:\/\/articulosreligiosos.com\/en\/#\/schema\/logo\/image\/\",\"url\":\"https:\/\/articulosreligiosos.com\/wp-content\/uploads\/2023\/12\/newlogo-1.png\",\"contentUrl\":\"https:\/\/articulosreligiosos.com\/wp-content\/uploads\/2023\/12\/newlogo-1.png\",\"width\":178,\"height\":114,\"caption\":\"Art\u00edculos Religiosos\"},\"image\":{\"@id\":\"https:\/\/articulosreligiosos.com\/en\/#\/schema\/logo\/image\/\"},\"sameAs\":[\"https:\/\/www.instagram.com\/articulosreligiosos.tienda\/\"],\"hasMerchantReturnPolicy\":{\"@type\":\"MerchantReturnPolicy\",\"merchantReturnLink\":\"https:\/\/articulosreligiosos.com\/en\/refund-and-returns-policy\/\"}}]}<\/script>\n<meta property=\"og:availability\" content=\"instock\" \/>\n<meta property=\"product:availability\" content=\"instock\" \/>\n<meta property=\"product:retailer_item_id\" content=\"IMSO04304263C\" \/>\n<meta property=\"product:condition\" content=\"new\" \/>\n<!-- \/ Yoast SEO Premium plugin. -->","yoast_head_json":{"title":"Get Saint Martin of Porres. Brother Broom for your home or chapel","description":"Get Saint Martin of Porres, Brother Broom, and fill your home with spirituality. Quality and fast shipping. Buy it now!","robots":{"index":"index","follow":"follow","max-snippet":"max-snippet:-1","max-image-preview":"max-image-preview:large","max-video-preview":"max-video-preview:-1"},"canonical":"https:\/\/articulosreligiosos.com\/en\/product\/saint-martin-of-porres-fray-escoba-copia\/","og_locale":"en_US","og_type":"article","og_title":"Saint Mart\u00edn of Porres. Fray Escoba","og_description":"Get Saint Martin of Porres, Brother Broom, and fill your home with spirituality. Quality and fast shipping. Buy it now!","og_url":"https:\/\/articulosreligiosos.com\/en\/product\/saint-martin-of-porres-fray-escoba-copia\/","og_site_name":"articulosreligiosos.com","article_modified_time":"2026-03-24T07:10:15+00:00","og_image":[{"width":900,"height":900,"url":"https:\/\/articulosreligiosos.com\/wp-content\/uploads\/2025\/08\/San-Martin-de-Porres-Fray-Escoba-imso04304263-1.webp","type":"image\/webp"}],"twitter_card":"summary_large_image","twitter_misc":{"Availability":"In stock"},"schema":{"@context":"https:\/\/schema.org","@graph":[{"@type":"WebPage","@id":"https:\/\/articulosreligiosos.com\/en\/product\/saint-martin-of-porres-fray-escoba-copia\/","url":"https:\/\/articulosreligiosos.com\/en\/product\/saint-martin-of-porres-fray-escoba-copia\/","name":"Get Saint Martin of Porres. Brother Broom for your home or chapel","isPartOf":{"@id":"https:\/\/articulosreligiosos.com\/en\/#website"},"primaryImageOfPage":{"@id":"https:\/\/articulosreligiosos.com\/en\/product\/saint-martin-of-porres-fray-escoba-copia\/#primaryimage"},"image":{"@id":"https:\/\/articulosreligiosos.com\/en\/product\/saint-martin-of-porres-fray-escoba-copia\/#primaryimage"},"thumbnailUrl":"https:\/\/articulosreligiosos.com\/wp-content\/uploads\/2025\/08\/San-Martin-de-Porres-Fray-Escoba-imso04304263-1.webp","datePublished":"2026-03-24T07:00:29+00:00","dateModified":"2026-03-24T07:10:15+00:00","description":"Get Saint Martin of Porres, Brother Broom, and fill your home with spirituality. Quality and fast shipping. Buy it now!","breadcrumb":{"@id":"https:\/\/articulosreligiosos.com\/en\/product\/saint-martin-of-porres-fray-escoba-copia\/#breadcrumb"},"inLanguage":"en-US","potentialAction":[{"@type":"ReadAction","target":["https:\/\/articulosreligiosos.com\/en\/product\/saint-martin-of-porres-fray-escoba-copia\/"]}]},{"@type":"ImageObject","inLanguage":"en-US","@id":"https:\/\/articulosreligiosos.com\/en\/product\/saint-martin-of-porres-fray-escoba-copia\/#primaryimage","url":"https:\/\/articulosreligiosos.com\/wp-content\/uploads\/2025\/08\/San-Martin-de-Porres-Fray-Escoba-imso04304263-1.webp","contentUrl":"https:\/\/articulosreligiosos.com\/wp-content\/uploads\/2025\/08\/San-Martin-de-Porres-Fray-Escoba-imso04304263-1.webp","width":900,"height":900,"caption":"Saint-Mart\u00edn-of-Porres-Fray-Escoba-imso04304263-1"},{"@type":"BreadcrumbList","@id":"https:\/\/articulosreligiosos.com\/en\/product\/saint-martin-of-porres-fray-escoba-copia\/#breadcrumb","itemListElement":[{"@type":"ListItem","position":1,"name":"Home","item":"https:\/\/articulosreligiosos.com\/en\/"},{"@type":"ListItem","position":2,"name":"Products"},{"@type":"ListItem","position":3,"name":"Saint Mart\u00edn of Porres. Fray Escoba"}]},{"@type":"WebSite","@id":"https:\/\/articulosreligiosos.com\/en\/#website","url":"https:\/\/articulosreligiosos.com\/en\/","name":"Art\u00edculos Religiosos","description":"Tienda online | Fabricaci\u00f3n, restauraci\u00f3n y comercializaci\u00f3n de objetos religiosos al mejor precio y con el mejor servicio.","publisher":{"@id":"https:\/\/articulosreligiosos.com\/en\/#organization"},"potentialAction":[{"@type":"SearchAction","target":{"@type":"EntryPoint","urlTemplate":"https:\/\/articulosreligiosos.com\/en\/?s={search_term_string}"},"query-input":{"@type":"PropertyValueSpecification","valueRequired":true,"valueName":"search_term_string"}}],"inLanguage":"en-US"},{"@type":"Organization","@id":"https:\/\/articulosreligiosos.com\/en\/#organization","name":"Art\u00edculos Religiosos","url":"https:\/\/articulosreligiosos.com\/en\/","logo":{"@type":"ImageObject","inLanguage":"en-US","@id":"https:\/\/articulosreligiosos.com\/en\/#\/schema\/logo\/image\/","url":"https:\/\/articulosreligiosos.com\/wp-content\/uploads\/2023\/12\/newlogo-1.png","contentUrl":"https:\/\/articulosreligiosos.com\/wp-content\/uploads\/2023\/12\/newlogo-1.png","width":178,"height":114,"caption":"Art\u00edculos Religiosos"},"image":{"@id":"https:\/\/articulosreligiosos.com\/en\/#\/schema\/logo\/image\/"},"sameAs":["https:\/\/www.instagram.com\/articulosreligiosos.tienda\/"],"hasMerchantReturnPolicy":{"@type":"MerchantReturnPolicy","merchantReturnLink":"https:\/\/articulosreligiosos.com\/en\/refund-and-returns-policy\/"}}]},"og_availability":"instock","product_availability":"instock","product_retailer_item_id":"IMSO04304263C","product_condition":"new"},"_links":{"self":[{"href":"https:\/\/articulosreligiosos.com\/en\/wp-json\/wp\/v2\/product\/358603","targetHints":{"allow":["GET"]}}],"collection":[{"href":"https:\/\/articulosreligiosos.com\/en\/wp-json\/wp\/v2\/product"}],"about":[{"href":"https:\/\/articulosreligiosos.com\/en\/wp-json\/wp\/v2\/types\/product"}],"replies":[{"embeddable":true,"href":"https:\/\/articulosreligiosos.com\/en\/wp-json\/wp\/v2\/comments?post=358603"}],"wp:featuredmedia":[{"embeddable":true,"href":"https:\/\/articulosreligiosos.com\/en\/wp-json\/wp\/v2\/media\/343958"}],"wp:attachment":[{"href":"https:\/\/articulosreligiosos.com\/en\/wp-json\/wp\/v2\/media?parent=358603"}],"wp:term":[{"taxonomy":"product_brand","embeddable":true,"href":"https:\/\/articulosreligiosos.com\/en\/wp-json\/wp\/v2\/product_brand?post=358603"},{"taxonomy":"product_cat","embeddable":true,"href":"https:\/\/articulosreligiosos.com\/en\/wp-json\/wp\/v2\/product_cat?post=358603"},{"taxonomy":"product_tag","embeddable":true,"href":"https:\/\/articulosreligiosos.com\/en\/wp-json\/wp\/v2\/product_tag?post=358603"}],"curies":[{"name":"wp","href":"https:\/\/api.w.org\/{rel}","templated":true}]}}