{"id":357840,"date":"2026-02-10T13:15:04","date_gmt":"2026-02-10T13:15:04","guid":{"rendered":"https:\/\/articulosreligiosos.com\/?post_type=product&#038;p=357840"},"modified":"2026-02-12T07:20:35","modified_gmt":"2026-02-12T07:20:35","slug":"casulla-bordado-espigas-y-uvas-copia","status":"publish","type":"product","link":"https:\/\/articulosreligiosos.com\/en\/product\/casulla-bordado-espigas-y-uvas-copia\/","title":{"rendered":"Chasuble with embroidered crosses"},"content":{"rendered":"<p>This white liturgical chasuble features a classic and solemn design, intended to enhance the most important Eucharistic celebrations with an elegant and balanced presence.<\/p>\n<p>This red liturgical chasuble features a classic and balanced design, intended to accompany the celebration of the Eucharist with a sober and fully liturgical aesthetic.<\/p>\n<p>It is made from high-quality, 100% polyester fabric, carefully crafted to offer a fluid and natural drape, a pleasant feel, and excellent stability during use. Although it is polyester, the fabric&#8217;s finish and the workshop&#8217;s tailoring provide a refined appearance and a comfortable feel throughout the celebration. <\/p>\n<p>The front incorporates three embroidered crosses, arranged vertically, made of gold thread with a simple and harmonious design that reinforces Christian symbolism without overloading the garment.<\/p>\n<p>The chasuble features a golf collar, a wide cut, and discreet edging, promoting freedom of movement for the celebrant and proper placement over the alb.<\/p>\n<p>Thanks to the lightness of the fabric and its good breathability, this chasuble is suitable for temperate and warm climates, being a practical and versatile option for regular and prolonged celebrations, especially in indoor spaces.<\/p>\n<p>Available exclusively in red, it is appropriate for celebrations of martyrs, feasts of the Holy Spirit and liturgical solemnities proper to this color.<\/p>\n<p>The stole is included in the price.<\/p>\n","protected":false},"excerpt":{"rendered":"<p>Liturgical chasuble made of 100% polyester fabric, of good quality and with an excellent drape. Decorated with three crosses embroidered in gold thread, a golf collar, and discreet piping.<br \/>\nAvailable in red color.<br \/>\n<strong>Special opportunity due to stock clearance. Limited units<\/strong>.<\/p>\n","protected":false},"featured_media":357841,"comment_status":"open","ping_status":"closed","template":"","meta":{"_acf_changed":false},"product_brand":[],"product_cat":[6516,6504],"product_tag":[],"class_list":{"0":"post-357840","1":"product","2":"type-product","3":"status-publish","4":"has-post-thumbnail","6":"product_cat-liturgical-vestments-chasuble-chasubles-en","7":"product_cat-liturgical-vestments-priest-vestments-en","8":"pa_altura-1300-en","9":"pa_color_ornamentos-red-en","10":"pa_disponibilidad-in-stock","11":"pa_manufacturer-p123","12":"pa_material-polyester-en-en","14":"first","15":"instock","16":"sale","17":"taxable","18":"shipping-taxable","19":"purchasable","20":"product-type-simple"},"acf":[],"yoast_head":"<!-- This site is optimized with the Yoast SEO Premium plugin v27.2 (Yoast SEO v27.2) - https:\/\/yoast.com\/product\/yoast-seo-premium-wordpress\/ -->\n<title>Buy Chasuble with embroidered crosses - Art\u00edculos Religiosos | Online Store<\/title>\n<meta name=\"description\" content=\"Liturgical chasuble made of 100% polyester fabric, of good quality and with an excellent drape. Decorated with three crosses embroidered in gold thread, a golf collar, and discreet piping. Available in red color. Special opportunity due to stock clearance. Limited units.\" \/>\n<meta name=\"robots\" content=\"index, follow, max-snippet:-1, max-image-preview:large, max-video-preview:-1\" \/>\n<link rel=\"canonical\" href=\"https:\/\/articulosreligiosos.com\/en\/product\/casulla-bordado-espigas-y-uvas-copia\/\" \/>\n<meta property=\"og:locale\" content=\"en_US\" \/>\n<meta property=\"og:type\" content=\"article\" \/>\n<meta property=\"og:title\" content=\"Chasuble with embroidered crosses\" \/>\n<meta property=\"og:description\" content=\"Liturgical chasuble made of 100% polyester fabric, of good quality and with an excellent drape. Decorated with three crosses embroidered in gold thread, a golf collar, and discreet piping. Available in red color. Special opportunity due to stock clearance. Limited units.\" \/>\n<meta property=\"og:url\" content=\"https:\/\/articulosreligiosos.com\/en\/product\/casulla-bordado-espigas-y-uvas-copia\/\" \/>\n<meta property=\"og:site_name\" content=\"articulosreligiosos.com\" \/>\n<meta property=\"article:modified_time\" content=\"2026-02-12T07:20:35+00:00\" \/>\n<meta property=\"og:image\" content=\"https:\/\/articulosreligiosos.com\/wp-content\/uploads\/2026\/02\/OLCA1230062-0-Casulla-con-cruces-bordadas.webp\" \/>\n\t<meta property=\"og:image:width\" content=\"708\" \/>\n\t<meta property=\"og:image:height\" content=\"1200\" \/>\n\t<meta property=\"og:image:type\" content=\"image\/webp\" \/>\n<meta name=\"twitter:card\" content=\"summary_large_image\" \/>\n<meta name=\"twitter:label1\" content=\"Price\" \/>\n\t<meta name=\"twitter:data1\" content=\"107,10&nbsp;&euro;\" \/>\n\t<meta name=\"twitter:label2\" content=\"Availability\" \/>\n\t<meta name=\"twitter:data2\" content=\"In stock\" \/>\n<script type=\"application\/ld+json\" class=\"yoast-schema-graph\">{\"@context\":\"https:\/\/schema.org\",\"@graph\":[{\"@type\":\"WebPage\",\"@id\":\"https:\/\/articulosreligiosos.com\/en\/product\/casulla-bordado-espigas-y-uvas-copia\/\",\"url\":\"https:\/\/articulosreligiosos.com\/en\/product\/casulla-bordado-espigas-y-uvas-copia\/\",\"name\":\"Buy Chasuble with embroidered crosses - Art\u00edculos Religiosos | Online Store\",\"isPartOf\":{\"@id\":\"https:\/\/articulosreligiosos.com\/en\/#website\"},\"primaryImageOfPage\":{\"@id\":\"https:\/\/articulosreligiosos.com\/en\/product\/casulla-bordado-espigas-y-uvas-copia\/#primaryimage\"},\"image\":{\"@id\":\"https:\/\/articulosreligiosos.com\/en\/product\/casulla-bordado-espigas-y-uvas-copia\/#primaryimage\"},\"thumbnailUrl\":\"https:\/\/articulosreligiosos.com\/wp-content\/uploads\/2026\/02\/OLCA1230062-0-Casulla-con-cruces-bordadas.webp\",\"datePublished\":\"2026-02-10T13:15:04+00:00\",\"dateModified\":\"2026-02-12T07:20:35+00:00\",\"description\":\"Liturgical chasuble made of 100% polyester fabric, of good quality and with an excellent drape. Decorated with three crosses embroidered in gold thread, a golf collar, and discreet piping. Available in red color. Special opportunity due to stock clearance. Limited units.\",\"breadcrumb\":{\"@id\":\"https:\/\/articulosreligiosos.com\/en\/product\/casulla-bordado-espigas-y-uvas-copia\/#breadcrumb\"},\"inLanguage\":\"en-US\",\"potentialAction\":[{\"@type\":\"ReadAction\",\"target\":[\"https:\/\/articulosreligiosos.com\/en\/product\/casulla-bordado-espigas-y-uvas-copia\/\"]}]},{\"@type\":\"ImageObject\",\"inLanguage\":\"en-US\",\"@id\":\"https:\/\/articulosreligiosos.com\/en\/product\/casulla-bordado-espigas-y-uvas-copia\/#primaryimage\",\"url\":\"https:\/\/articulosreligiosos.com\/wp-content\/uploads\/2026\/02\/OLCA1230062-0-Casulla-con-cruces-bordadas.webp\",\"contentUrl\":\"https:\/\/articulosreligiosos.com\/wp-content\/uploads\/2026\/02\/OLCA1230062-0-Casulla-con-cruces-bordadas.webp\",\"width\":708,\"height\":1200,\"caption\":\"OLCA1230062-0-Chasuble-with-embroidered-crosses\"},{\"@type\":\"BreadcrumbList\",\"@id\":\"https:\/\/articulosreligiosos.com\/en\/product\/casulla-bordado-espigas-y-uvas-copia\/#breadcrumb\",\"itemListElement\":[{\"@type\":\"ListItem\",\"position\":1,\"name\":\"Home\",\"item\":\"https:\/\/articulosreligiosos.com\/en\/\"},{\"@type\":\"ListItem\",\"position\":2,\"name\":\"Products\"},{\"@type\":\"ListItem\",\"position\":3,\"name\":\"Chasuble with embroidered crosses\"}]},{\"@type\":\"WebSite\",\"@id\":\"https:\/\/articulosreligiosos.com\/en\/#website\",\"url\":\"https:\/\/articulosreligiosos.com\/en\/\",\"name\":\"Art\u00edculos Religiosos\",\"description\":\"Tienda online | Fabricaci\u00f3n, restauraci\u00f3n y comercializaci\u00f3n de objetos religiosos al mejor precio y con el mejor servicio.\",\"publisher\":{\"@id\":\"https:\/\/articulosreligiosos.com\/en\/#organization\"},\"potentialAction\":[{\"@type\":\"SearchAction\",\"target\":{\"@type\":\"EntryPoint\",\"urlTemplate\":\"https:\/\/articulosreligiosos.com\/en\/?s={search_term_string}\"},\"query-input\":{\"@type\":\"PropertyValueSpecification\",\"valueRequired\":true,\"valueName\":\"search_term_string\"}}],\"inLanguage\":\"en-US\"},{\"@type\":\"Organization\",\"@id\":\"https:\/\/articulosreligiosos.com\/en\/#organization\",\"name\":\"Art\u00edculos Religiosos\",\"url\":\"https:\/\/articulosreligiosos.com\/en\/\",\"logo\":{\"@type\":\"ImageObject\",\"inLanguage\":\"en-US\",\"@id\":\"https:\/\/articulosreligiosos.com\/en\/#\/schema\/logo\/image\/\",\"url\":\"https:\/\/articulosreligiosos.com\/wp-content\/uploads\/2023\/12\/newlogo-1.png\",\"contentUrl\":\"https:\/\/articulosreligiosos.com\/wp-content\/uploads\/2023\/12\/newlogo-1.png\",\"width\":178,\"height\":114,\"caption\":\"Art\u00edculos Religiosos\"},\"image\":{\"@id\":\"https:\/\/articulosreligiosos.com\/en\/#\/schema\/logo\/image\/\"},\"sameAs\":[\"https:\/\/www.instagram.com\/articulosreligiosos.tienda\/\"],\"hasMerchantReturnPolicy\":{\"@type\":\"MerchantReturnPolicy\",\"merchantReturnLink\":\"https:\/\/articulosreligiosos.com\/en\/refund-and-returns-policy\/\"}}]}<\/script>\n<meta property=\"product:price:amount\" content=\"107.10\" \/>\n<meta property=\"product:price:currency\" content=\"EUR\" \/>\n<meta property=\"og:availability\" content=\"instock\" \/>\n<meta property=\"product:availability\" content=\"instock\" \/>\n<meta property=\"product:retailer_item_id\" content=\"OLCA1230062\" \/>\n<meta property=\"product:condition\" content=\"new\" \/>\n<!-- \/ Yoast SEO Premium plugin. -->","yoast_head_json":{"title":"Buy Chasuble with embroidered crosses - Art\u00edculos Religiosos | Online Store","description":"Liturgical chasuble made of 100% polyester fabric, of good quality and with an excellent drape. Decorated with three crosses embroidered in gold thread, a golf collar, and discreet piping. Available in red color. Special opportunity due to stock clearance. Limited units.","robots":{"index":"index","follow":"follow","max-snippet":"max-snippet:-1","max-image-preview":"max-image-preview:large","max-video-preview":"max-video-preview:-1"},"canonical":"https:\/\/articulosreligiosos.com\/en\/product\/casulla-bordado-espigas-y-uvas-copia\/","og_locale":"en_US","og_type":"article","og_title":"Chasuble with embroidered crosses","og_description":"Liturgical chasuble made of 100% polyester fabric, of good quality and with an excellent drape. Decorated with three crosses embroidered in gold thread, a golf collar, and discreet piping. Available in red color. Special opportunity due to stock clearance. Limited units.","og_url":"https:\/\/articulosreligiosos.com\/en\/product\/casulla-bordado-espigas-y-uvas-copia\/","og_site_name":"articulosreligiosos.com","article_modified_time":"2026-02-12T07:20:35+00:00","og_image":[{"width":708,"height":1200,"url":"https:\/\/articulosreligiosos.com\/wp-content\/uploads\/2026\/02\/OLCA1230062-0-Casulla-con-cruces-bordadas.webp","type":"image\/webp"}],"twitter_card":"summary_large_image","twitter_misc":{"Price":"107,10&nbsp;&euro;","Availability":"In stock"},"schema":{"@context":"https:\/\/schema.org","@graph":[{"@type":"WebPage","@id":"https:\/\/articulosreligiosos.com\/en\/product\/casulla-bordado-espigas-y-uvas-copia\/","url":"https:\/\/articulosreligiosos.com\/en\/product\/casulla-bordado-espigas-y-uvas-copia\/","name":"Buy Chasuble with embroidered crosses - Art\u00edculos Religiosos | Online Store","isPartOf":{"@id":"https:\/\/articulosreligiosos.com\/en\/#website"},"primaryImageOfPage":{"@id":"https:\/\/articulosreligiosos.com\/en\/product\/casulla-bordado-espigas-y-uvas-copia\/#primaryimage"},"image":{"@id":"https:\/\/articulosreligiosos.com\/en\/product\/casulla-bordado-espigas-y-uvas-copia\/#primaryimage"},"thumbnailUrl":"https:\/\/articulosreligiosos.com\/wp-content\/uploads\/2026\/02\/OLCA1230062-0-Casulla-con-cruces-bordadas.webp","datePublished":"2026-02-10T13:15:04+00:00","dateModified":"2026-02-12T07:20:35+00:00","description":"Liturgical chasuble made of 100% polyester fabric, of good quality and with an excellent drape. Decorated with three crosses embroidered in gold thread, a golf collar, and discreet piping. Available in red color. Special opportunity due to stock clearance. Limited units.","breadcrumb":{"@id":"https:\/\/articulosreligiosos.com\/en\/product\/casulla-bordado-espigas-y-uvas-copia\/#breadcrumb"},"inLanguage":"en-US","potentialAction":[{"@type":"ReadAction","target":["https:\/\/articulosreligiosos.com\/en\/product\/casulla-bordado-espigas-y-uvas-copia\/"]}]},{"@type":"ImageObject","inLanguage":"en-US","@id":"https:\/\/articulosreligiosos.com\/en\/product\/casulla-bordado-espigas-y-uvas-copia\/#primaryimage","url":"https:\/\/articulosreligiosos.com\/wp-content\/uploads\/2026\/02\/OLCA1230062-0-Casulla-con-cruces-bordadas.webp","contentUrl":"https:\/\/articulosreligiosos.com\/wp-content\/uploads\/2026\/02\/OLCA1230062-0-Casulla-con-cruces-bordadas.webp","width":708,"height":1200,"caption":"OLCA1230062-0-Chasuble-with-embroidered-crosses"},{"@type":"BreadcrumbList","@id":"https:\/\/articulosreligiosos.com\/en\/product\/casulla-bordado-espigas-y-uvas-copia\/#breadcrumb","itemListElement":[{"@type":"ListItem","position":1,"name":"Home","item":"https:\/\/articulosreligiosos.com\/en\/"},{"@type":"ListItem","position":2,"name":"Products"},{"@type":"ListItem","position":3,"name":"Chasuble with embroidered crosses"}]},{"@type":"WebSite","@id":"https:\/\/articulosreligiosos.com\/en\/#website","url":"https:\/\/articulosreligiosos.com\/en\/","name":"Art\u00edculos Religiosos","description":"Tienda online | Fabricaci\u00f3n, restauraci\u00f3n y comercializaci\u00f3n de objetos religiosos al mejor precio y con el mejor servicio.","publisher":{"@id":"https:\/\/articulosreligiosos.com\/en\/#organization"},"potentialAction":[{"@type":"SearchAction","target":{"@type":"EntryPoint","urlTemplate":"https:\/\/articulosreligiosos.com\/en\/?s={search_term_string}"},"query-input":{"@type":"PropertyValueSpecification","valueRequired":true,"valueName":"search_term_string"}}],"inLanguage":"en-US"},{"@type":"Organization","@id":"https:\/\/articulosreligiosos.com\/en\/#organization","name":"Art\u00edculos Religiosos","url":"https:\/\/articulosreligiosos.com\/en\/","logo":{"@type":"ImageObject","inLanguage":"en-US","@id":"https:\/\/articulosreligiosos.com\/en\/#\/schema\/logo\/image\/","url":"https:\/\/articulosreligiosos.com\/wp-content\/uploads\/2023\/12\/newlogo-1.png","contentUrl":"https:\/\/articulosreligiosos.com\/wp-content\/uploads\/2023\/12\/newlogo-1.png","width":178,"height":114,"caption":"Art\u00edculos Religiosos"},"image":{"@id":"https:\/\/articulosreligiosos.com\/en\/#\/schema\/logo\/image\/"},"sameAs":["https:\/\/www.instagram.com\/articulosreligiosos.tienda\/"],"hasMerchantReturnPolicy":{"@type":"MerchantReturnPolicy","merchantReturnLink":"https:\/\/articulosreligiosos.com\/en\/refund-and-returns-policy\/"}}]},"product_price_amount":"107.10","product_price_currency":"EUR","og_availability":"instock","product_availability":"instock","product_retailer_item_id":"OLCA1230062","product_condition":"new"},"_links":{"self":[{"href":"https:\/\/articulosreligiosos.com\/en\/wp-json\/wp\/v2\/product\/357840","targetHints":{"allow":["GET"]}}],"collection":[{"href":"https:\/\/articulosreligiosos.com\/en\/wp-json\/wp\/v2\/product"}],"about":[{"href":"https:\/\/articulosreligiosos.com\/en\/wp-json\/wp\/v2\/types\/product"}],"replies":[{"embeddable":true,"href":"https:\/\/articulosreligiosos.com\/en\/wp-json\/wp\/v2\/comments?post=357840"}],"wp:featuredmedia":[{"embeddable":true,"href":"https:\/\/articulosreligiosos.com\/en\/wp-json\/wp\/v2\/media\/357841"}],"wp:attachment":[{"href":"https:\/\/articulosreligiosos.com\/en\/wp-json\/wp\/v2\/media?parent=357840"}],"wp:term":[{"taxonomy":"product_brand","embeddable":true,"href":"https:\/\/articulosreligiosos.com\/en\/wp-json\/wp\/v2\/product_brand?post=357840"},{"taxonomy":"product_cat","embeddable":true,"href":"https:\/\/articulosreligiosos.com\/en\/wp-json\/wp\/v2\/product_cat?post=357840"},{"taxonomy":"product_tag","embeddable":true,"href":"https:\/\/articulosreligiosos.com\/en\/wp-json\/wp\/v2\/product_tag?post=357840"}],"curies":[{"name":"wp","href":"https:\/\/api.w.org\/{rel}","templated":true}]}}