{"id":357801,"date":"2026-02-10T12:39:51","date_gmt":"2026-02-10T12:39:51","guid":{"rendered":"https:\/\/articulosreligiosos.com\/?post_type=product&#038;p=357801"},"modified":"2026-02-10T12:48:55","modified_gmt":"2026-02-10T12:48:55","slug":"casulla-liturgica-con-galon-bordado-copia-3","status":"publish","type":"product","link":"https:\/\/articulosreligiosos.com\/en\/product\/casulla-liturgica-con-galon-bordado-copia-3\/","title":{"rendered":"Chasuble with Chi-Rho embroidery"},"content":{"rendered":"<p>This white liturgical chasuble features a sober and elegant design, intended to accompany the celebration of the Eucharist with a clean, balanced and fully liturgical aesthetic.<\/p>\n<p>It is made from Primavera fabric, a high-quality material characterized by its lightness, softness to the touch, and fluid, natural drape. This fabric offers a very comfortable feel during the celebration, allowing freedom of movement for the celebrant and comfortable wear even during extended celebrations. <\/p>\n<p>The front is decorated with a central Chi-Rho embroidery, a traditional Christological symbol, executed in gold thread with fine, well-proportioned lines. The motif conveys profound liturgical meaning with restrained, elegant, and timeless ornamentation. <\/p>\n<p>The chasuble features a golf collar, a wide cut, and discreet edging, which enhances the garment without overloading it and facilitates proper placement over the alb.<\/p>\n<p>Thanks to the properties of the Primavera fabric, this chasuble is especially suitable for temperate and warm climates, without sacrificing a careful and solemn presence, making it a versatile option for use throughout the year, especially indoors.<\/p>\n<p>Available exclusively in white, it is appropriate for solemnities, feasts of the Lord, sacramental celebrations and Easter time.<\/p>\n<p>The stole is included in the price.<\/p>\n","protected":false},"excerpt":{"rendered":"<p>Liturgical chasuble made of Primavera fabric, lightweight and with an excellent drape. Decorated with a central Chi-Rho embroidery in gold thread, a golf collar, and discreet piping.<br \/>\nSpecial opportunity due to stock clearance. Limited units.<\/p>\n","protected":false},"featured_media":357802,"comment_status":"open","ping_status":"closed","template":"","meta":{"_acf_changed":false},"product_brand":[],"product_cat":[6516,6504],"product_tag":[],"class_list":{"0":"post-357801","1":"product","2":"type-product","3":"status-publish","4":"has-post-thumbnail","6":"product_cat-liturgical-vestments-chasuble-chasubles-en","7":"product_cat-liturgical-vestments-priest-vestments-en","8":"pa_altura-1300-en","9":"pa_color_ornamentos-white-en","10":"pa_disponibilidad-in-stock","11":"pa_manufacturer-p062-en","12":"pa_material-monastic","14":"first","15":"instock","16":"sale","17":"taxable","18":"shipping-taxable","19":"purchasable","20":"product-type-simple"},"acf":[],"yoast_head":"<!-- This site is optimized with the Yoast SEO Premium plugin v27.2 (Yoast SEO v27.2) - https:\/\/yoast.com\/product\/yoast-seo-premium-wordpress\/ -->\n<title>Buy Chasuble with Chi-Rho embroidery - Art\u00edculos Religiosos | Online Store<\/title>\n<meta name=\"description\" content=\"Liturgical chasuble made of Primavera fabric, lightweight and with an excellent drape. Decorated with a central Chi-Rho embroidery in gold thread, a golf collar, and discreet piping. Special opportunity due to stock clearance. Limited units.\" \/>\n<meta name=\"robots\" content=\"index, follow, max-snippet:-1, max-image-preview:large, max-video-preview:-1\" \/>\n<link rel=\"canonical\" href=\"https:\/\/articulosreligiosos.com\/en\/product\/casulla-liturgica-con-galon-bordado-copia-3\/\" \/>\n<meta property=\"og:locale\" content=\"en_US\" \/>\n<meta property=\"og:type\" content=\"article\" \/>\n<meta property=\"og:title\" content=\"Chasuble with Chi-Rho embroidery\" \/>\n<meta property=\"og:description\" content=\"Liturgical chasuble made of Primavera fabric, lightweight and with an excellent drape. Decorated with a central Chi-Rho embroidery in gold thread, a golf collar, and discreet piping. Special opportunity due to stock clearance. Limited units.\" \/>\n<meta property=\"og:url\" content=\"https:\/\/articulosreligiosos.com\/en\/product\/casulla-liturgica-con-galon-bordado-copia-3\/\" \/>\n<meta property=\"og:site_name\" content=\"articulosreligiosos.com\" \/>\n<meta property=\"article:modified_time\" content=\"2026-02-10T12:48:55+00:00\" \/>\n<meta property=\"og:image\" content=\"https:\/\/articulosreligiosos.com\/wp-content\/uploads\/2026\/02\/OLCA0621205-0-Casulla-con-bordado-Chi-Rho.webp\" \/>\n\t<meta property=\"og:image:width\" content=\"800\" \/>\n\t<meta property=\"og:image:height\" content=\"1200\" \/>\n\t<meta property=\"og:image:type\" content=\"image\/webp\" \/>\n<meta name=\"twitter:card\" content=\"summary_large_image\" \/>\n<meta name=\"twitter:label1\" content=\"Price\" \/>\n\t<meta name=\"twitter:data1\" content=\"103,95&nbsp;&euro;\" \/>\n\t<meta name=\"twitter:label2\" content=\"Availability\" \/>\n\t<meta name=\"twitter:data2\" content=\"In stock\" \/>\n<script type=\"application\/ld+json\" class=\"yoast-schema-graph\">{\"@context\":\"https:\/\/schema.org\",\"@graph\":[{\"@type\":\"WebPage\",\"@id\":\"https:\/\/articulosreligiosos.com\/en\/product\/casulla-liturgica-con-galon-bordado-copia-3\/\",\"url\":\"https:\/\/articulosreligiosos.com\/en\/product\/casulla-liturgica-con-galon-bordado-copia-3\/\",\"name\":\"Buy Chasuble with Chi-Rho embroidery - Art\u00edculos Religiosos | Online Store\",\"isPartOf\":{\"@id\":\"https:\/\/articulosreligiosos.com\/en\/#website\"},\"primaryImageOfPage\":{\"@id\":\"https:\/\/articulosreligiosos.com\/en\/product\/casulla-liturgica-con-galon-bordado-copia-3\/#primaryimage\"},\"image\":{\"@id\":\"https:\/\/articulosreligiosos.com\/en\/product\/casulla-liturgica-con-galon-bordado-copia-3\/#primaryimage\"},\"thumbnailUrl\":\"https:\/\/articulosreligiosos.com\/wp-content\/uploads\/2026\/02\/OLCA0621205-0-Casulla-con-bordado-Chi-Rho.webp\",\"datePublished\":\"2026-02-10T12:39:51+00:00\",\"dateModified\":\"2026-02-10T12:48:55+00:00\",\"description\":\"Liturgical chasuble made of Primavera fabric, lightweight and with an excellent drape. Decorated with a central Chi-Rho embroidery in gold thread, a golf collar, and discreet piping. Special opportunity due to stock clearance. Limited units.\",\"breadcrumb\":{\"@id\":\"https:\/\/articulosreligiosos.com\/en\/product\/casulla-liturgica-con-galon-bordado-copia-3\/#breadcrumb\"},\"inLanguage\":\"en-US\",\"potentialAction\":[{\"@type\":\"ReadAction\",\"target\":[\"https:\/\/articulosreligiosos.com\/en\/product\/casulla-liturgica-con-galon-bordado-copia-3\/\"]}]},{\"@type\":\"ImageObject\",\"inLanguage\":\"en-US\",\"@id\":\"https:\/\/articulosreligiosos.com\/en\/product\/casulla-liturgica-con-galon-bordado-copia-3\/#primaryimage\",\"url\":\"https:\/\/articulosreligiosos.com\/wp-content\/uploads\/2026\/02\/OLCA0621205-0-Casulla-con-bordado-Chi-Rho.webp\",\"contentUrl\":\"https:\/\/articulosreligiosos.com\/wp-content\/uploads\/2026\/02\/OLCA0621205-0-Casulla-con-bordado-Chi-Rho.webp\",\"width\":800,\"height\":1200,\"caption\":\"OLCA0621205-0-Chasuble-with-Chi-Rho-embroidery\"},{\"@type\":\"BreadcrumbList\",\"@id\":\"https:\/\/articulosreligiosos.com\/en\/product\/casulla-liturgica-con-galon-bordado-copia-3\/#breadcrumb\",\"itemListElement\":[{\"@type\":\"ListItem\",\"position\":1,\"name\":\"Home\",\"item\":\"https:\/\/articulosreligiosos.com\/en\/\"},{\"@type\":\"ListItem\",\"position\":2,\"name\":\"Products\"},{\"@type\":\"ListItem\",\"position\":3,\"name\":\"Chasuble with Chi-Rho embroidery\"}]},{\"@type\":\"WebSite\",\"@id\":\"https:\/\/articulosreligiosos.com\/en\/#website\",\"url\":\"https:\/\/articulosreligiosos.com\/en\/\",\"name\":\"Art\u00edculos Religiosos\",\"description\":\"Tienda online | Fabricaci\u00f3n, restauraci\u00f3n y comercializaci\u00f3n de objetos religiosos al mejor precio y con el mejor servicio.\",\"publisher\":{\"@id\":\"https:\/\/articulosreligiosos.com\/en\/#organization\"},\"potentialAction\":[{\"@type\":\"SearchAction\",\"target\":{\"@type\":\"EntryPoint\",\"urlTemplate\":\"https:\/\/articulosreligiosos.com\/en\/?s={search_term_string}\"},\"query-input\":{\"@type\":\"PropertyValueSpecification\",\"valueRequired\":true,\"valueName\":\"search_term_string\"}}],\"inLanguage\":\"en-US\"},{\"@type\":\"Organization\",\"@id\":\"https:\/\/articulosreligiosos.com\/en\/#organization\",\"name\":\"Art\u00edculos Religiosos\",\"url\":\"https:\/\/articulosreligiosos.com\/en\/\",\"logo\":{\"@type\":\"ImageObject\",\"inLanguage\":\"en-US\",\"@id\":\"https:\/\/articulosreligiosos.com\/en\/#\/schema\/logo\/image\/\",\"url\":\"https:\/\/articulosreligiosos.com\/wp-content\/uploads\/2023\/12\/newlogo-1.png\",\"contentUrl\":\"https:\/\/articulosreligiosos.com\/wp-content\/uploads\/2023\/12\/newlogo-1.png\",\"width\":178,\"height\":114,\"caption\":\"Art\u00edculos Religiosos\"},\"image\":{\"@id\":\"https:\/\/articulosreligiosos.com\/en\/#\/schema\/logo\/image\/\"},\"sameAs\":[\"https:\/\/www.instagram.com\/articulosreligiosos.tienda\/\"],\"hasMerchantReturnPolicy\":{\"@type\":\"MerchantReturnPolicy\",\"merchantReturnLink\":\"https:\/\/articulosreligiosos.com\/en\/refund-and-returns-policy\/\"}}]}<\/script>\n<meta property=\"product:price:amount\" content=\"103.95\" \/>\n<meta property=\"product:price:currency\" content=\"EUR\" \/>\n<meta property=\"og:availability\" content=\"instock\" \/>\n<meta property=\"product:availability\" content=\"instock\" \/>\n<meta property=\"product:retailer_item_id\" content=\"OLCA0621205\" \/>\n<meta property=\"product:condition\" content=\"new\" \/>\n<!-- \/ Yoast SEO Premium plugin. -->","yoast_head_json":{"title":"Buy Chasuble with Chi-Rho embroidery - Art\u00edculos Religiosos | Online Store","description":"Liturgical chasuble made of Primavera fabric, lightweight and with an excellent drape. Decorated with a central Chi-Rho embroidery in gold thread, a golf collar, and discreet piping. Special opportunity due to stock clearance. Limited units.","robots":{"index":"index","follow":"follow","max-snippet":"max-snippet:-1","max-image-preview":"max-image-preview:large","max-video-preview":"max-video-preview:-1"},"canonical":"https:\/\/articulosreligiosos.com\/en\/product\/casulla-liturgica-con-galon-bordado-copia-3\/","og_locale":"en_US","og_type":"article","og_title":"Chasuble with Chi-Rho embroidery","og_description":"Liturgical chasuble made of Primavera fabric, lightweight and with an excellent drape. Decorated with a central Chi-Rho embroidery in gold thread, a golf collar, and discreet piping. Special opportunity due to stock clearance. Limited units.","og_url":"https:\/\/articulosreligiosos.com\/en\/product\/casulla-liturgica-con-galon-bordado-copia-3\/","og_site_name":"articulosreligiosos.com","article_modified_time":"2026-02-10T12:48:55+00:00","og_image":[{"width":800,"height":1200,"url":"https:\/\/articulosreligiosos.com\/wp-content\/uploads\/2026\/02\/OLCA0621205-0-Casulla-con-bordado-Chi-Rho.webp","type":"image\/webp"}],"twitter_card":"summary_large_image","twitter_misc":{"Price":"103,95&nbsp;&euro;","Availability":"In stock"},"schema":{"@context":"https:\/\/schema.org","@graph":[{"@type":"WebPage","@id":"https:\/\/articulosreligiosos.com\/en\/product\/casulla-liturgica-con-galon-bordado-copia-3\/","url":"https:\/\/articulosreligiosos.com\/en\/product\/casulla-liturgica-con-galon-bordado-copia-3\/","name":"Buy Chasuble with Chi-Rho embroidery - Art\u00edculos Religiosos | Online Store","isPartOf":{"@id":"https:\/\/articulosreligiosos.com\/en\/#website"},"primaryImageOfPage":{"@id":"https:\/\/articulosreligiosos.com\/en\/product\/casulla-liturgica-con-galon-bordado-copia-3\/#primaryimage"},"image":{"@id":"https:\/\/articulosreligiosos.com\/en\/product\/casulla-liturgica-con-galon-bordado-copia-3\/#primaryimage"},"thumbnailUrl":"https:\/\/articulosreligiosos.com\/wp-content\/uploads\/2026\/02\/OLCA0621205-0-Casulla-con-bordado-Chi-Rho.webp","datePublished":"2026-02-10T12:39:51+00:00","dateModified":"2026-02-10T12:48:55+00:00","description":"Liturgical chasuble made of Primavera fabric, lightweight and with an excellent drape. Decorated with a central Chi-Rho embroidery in gold thread, a golf collar, and discreet piping. Special opportunity due to stock clearance. Limited units.","breadcrumb":{"@id":"https:\/\/articulosreligiosos.com\/en\/product\/casulla-liturgica-con-galon-bordado-copia-3\/#breadcrumb"},"inLanguage":"en-US","potentialAction":[{"@type":"ReadAction","target":["https:\/\/articulosreligiosos.com\/en\/product\/casulla-liturgica-con-galon-bordado-copia-3\/"]}]},{"@type":"ImageObject","inLanguage":"en-US","@id":"https:\/\/articulosreligiosos.com\/en\/product\/casulla-liturgica-con-galon-bordado-copia-3\/#primaryimage","url":"https:\/\/articulosreligiosos.com\/wp-content\/uploads\/2026\/02\/OLCA0621205-0-Casulla-con-bordado-Chi-Rho.webp","contentUrl":"https:\/\/articulosreligiosos.com\/wp-content\/uploads\/2026\/02\/OLCA0621205-0-Casulla-con-bordado-Chi-Rho.webp","width":800,"height":1200,"caption":"OLCA0621205-0-Chasuble-with-Chi-Rho-embroidery"},{"@type":"BreadcrumbList","@id":"https:\/\/articulosreligiosos.com\/en\/product\/casulla-liturgica-con-galon-bordado-copia-3\/#breadcrumb","itemListElement":[{"@type":"ListItem","position":1,"name":"Home","item":"https:\/\/articulosreligiosos.com\/en\/"},{"@type":"ListItem","position":2,"name":"Products"},{"@type":"ListItem","position":3,"name":"Chasuble with Chi-Rho embroidery"}]},{"@type":"WebSite","@id":"https:\/\/articulosreligiosos.com\/en\/#website","url":"https:\/\/articulosreligiosos.com\/en\/","name":"Art\u00edculos Religiosos","description":"Tienda online | Fabricaci\u00f3n, restauraci\u00f3n y comercializaci\u00f3n de objetos religiosos al mejor precio y con el mejor servicio.","publisher":{"@id":"https:\/\/articulosreligiosos.com\/en\/#organization"},"potentialAction":[{"@type":"SearchAction","target":{"@type":"EntryPoint","urlTemplate":"https:\/\/articulosreligiosos.com\/en\/?s={search_term_string}"},"query-input":{"@type":"PropertyValueSpecification","valueRequired":true,"valueName":"search_term_string"}}],"inLanguage":"en-US"},{"@type":"Organization","@id":"https:\/\/articulosreligiosos.com\/en\/#organization","name":"Art\u00edculos Religiosos","url":"https:\/\/articulosreligiosos.com\/en\/","logo":{"@type":"ImageObject","inLanguage":"en-US","@id":"https:\/\/articulosreligiosos.com\/en\/#\/schema\/logo\/image\/","url":"https:\/\/articulosreligiosos.com\/wp-content\/uploads\/2023\/12\/newlogo-1.png","contentUrl":"https:\/\/articulosreligiosos.com\/wp-content\/uploads\/2023\/12\/newlogo-1.png","width":178,"height":114,"caption":"Art\u00edculos Religiosos"},"image":{"@id":"https:\/\/articulosreligiosos.com\/en\/#\/schema\/logo\/image\/"},"sameAs":["https:\/\/www.instagram.com\/articulosreligiosos.tienda\/"],"hasMerchantReturnPolicy":{"@type":"MerchantReturnPolicy","merchantReturnLink":"https:\/\/articulosreligiosos.com\/en\/refund-and-returns-policy\/"}}]},"product_price_amount":"103.95","product_price_currency":"EUR","og_availability":"instock","product_availability":"instock","product_retailer_item_id":"OLCA0621205","product_condition":"new"},"_links":{"self":[{"href":"https:\/\/articulosreligiosos.com\/en\/wp-json\/wp\/v2\/product\/357801","targetHints":{"allow":["GET"]}}],"collection":[{"href":"https:\/\/articulosreligiosos.com\/en\/wp-json\/wp\/v2\/product"}],"about":[{"href":"https:\/\/articulosreligiosos.com\/en\/wp-json\/wp\/v2\/types\/product"}],"replies":[{"embeddable":true,"href":"https:\/\/articulosreligiosos.com\/en\/wp-json\/wp\/v2\/comments?post=357801"}],"wp:featuredmedia":[{"embeddable":true,"href":"https:\/\/articulosreligiosos.com\/en\/wp-json\/wp\/v2\/media\/357802"}],"wp:attachment":[{"href":"https:\/\/articulosreligiosos.com\/en\/wp-json\/wp\/v2\/media?parent=357801"}],"wp:term":[{"taxonomy":"product_brand","embeddable":true,"href":"https:\/\/articulosreligiosos.com\/en\/wp-json\/wp\/v2\/product_brand?post=357801"},{"taxonomy":"product_cat","embeddable":true,"href":"https:\/\/articulosreligiosos.com\/en\/wp-json\/wp\/v2\/product_cat?post=357801"},{"taxonomy":"product_tag","embeddable":true,"href":"https:\/\/articulosreligiosos.com\/en\/wp-json\/wp\/v2\/product_tag?post=357801"}],"curies":[{"name":"wp","href":"https:\/\/api.w.org\/{rel}","templated":true}]}}