{"id":357796,"date":"2026-02-10T12:33:06","date_gmt":"2026-02-10T12:33:06","guid":{"rendered":"https:\/\/articulosreligiosos.com\/?post_type=product&#038;p=357796"},"modified":"2026-02-10T12:39:15","modified_gmt":"2026-02-10T12:39:15","slug":"casulla-liturgica-con-galon-bordado-copia-2","status":"publish","type":"product","link":"https:\/\/articulosreligiosos.com\/en\/product\/casulla-liturgica-con-galon-bordado-copia-2\/","title":{"rendered":"Casulla con estol\u00f3n bordado"},"content":{"rendered":"<p>This white liturgical chasuble stands out for its careful craftsmanship, the quality of its materials, and an elegant design that combines tradition and contemporary lines, intended for solemn celebrations and for those who value a superior liturgical garment.<\/p>\n<p>It is made from a blended fabric composed of 45% wool and 55% polyester, a combination that provides body, stability, and a beautifully balanced drape. The wool adds a touch of elegance, texture, and a natural feel, while the polyester enhances strength, durability, and ease of care. <\/p>\n<p>Thanks to this blend of fibers, the fabric offers balanced thermal comfort: it&#8217;s pleasant in temperate climates, performs well in air-conditioned spaces, and maintains good breathability during extended gatherings, without being heavy or excessively warm. This makes it a versatile option for year-round use, especially indoors. <\/p>\n<p>The front features a richly embroidered central stole with a symbolically inspired motif and interlaced lines, executed with great precision. The embroidery adds visual depth and a distinctive character without overwhelming the garment, maintaining a sober and harmonious aesthetic. <\/p>\n<p>The chasuble features a golf collar, a wide cut, and discreet edging, promoting freedom of movement for the celebrant and proper placement over the alb.<\/p>\n<p>Due to the quality of the fabric, the level of the embroidery and the care in the finishing, this is a high-end chasuble, suitable for solemnities, major feasts and celebrations of special liturgical significance.<\/p>\n<p>The stole is included in the price.<\/p>\n","protected":false},"excerpt":{"rendered":"<p>High-quality liturgical chasuble made from a blend of 45% wool and 55% polyester, with an excellent drape and pleasant feel. Decorated with a central embroidered stole in a contemporary design and discreet piping. Available in white.<br \/>\nSpecial opportunity due to stock clearance. Limited units.<\/p>\n","protected":false},"featured_media":357797,"comment_status":"open","ping_status":"closed","template":"","meta":{"_acf_changed":false},"product_brand":[],"product_cat":[6516,6504],"product_tag":[],"class_list":{"0":"post-357796","1":"product","2":"type-product","3":"status-publish","4":"has-post-thumbnail","6":"product_cat-liturgical-vestments-chasuble-chasubles-en","7":"product_cat-liturgical-vestments-priest-vestments-en","8":"pa_altura-1300-en","9":"pa_color_ornamentos-white-en","10":"pa_disponibilidad-in-stock","11":"pa_manufacturer-p062-en","12":"pa_material-wool-polyester-mix","14":"first","15":"instock","16":"sale","17":"taxable","18":"shipping-taxable","19":"purchasable","20":"product-type-simple"},"acf":[],"yoast_head":"<!-- This site is optimized with the Yoast SEO Premium plugin v27.2 (Yoast SEO v27.2) - https:\/\/yoast.com\/product\/yoast-seo-premium-wordpress\/ -->\n<title>Buy Casulla con estol\u00f3n bordado - Art\u00edculos Religiosos | Online Store<\/title>\n<meta name=\"description\" content=\"High-quality liturgical chasuble made from a blend of 45% wool and 55% polyester, with an excellent drape and pleasant feel. Decorated with a central embroidered stole in a contemporary design and discreet piping. Available in white.  Special opportunity due to stock clearance. Limited units.\" \/>\n<meta name=\"robots\" content=\"index, follow, max-snippet:-1, max-image-preview:large, max-video-preview:-1\" \/>\n<link rel=\"canonical\" href=\"https:\/\/articulosreligiosos.com\/en\/product\/casulla-liturgica-con-galon-bordado-copia-2\/\" \/>\n<meta property=\"og:locale\" content=\"en_US\" \/>\n<meta property=\"og:type\" content=\"article\" \/>\n<meta property=\"og:title\" content=\"Casulla con estol\u00f3n bordado\" \/>\n<meta property=\"og:description\" content=\"High-quality liturgical chasuble made from a blend of 45% wool and 55% polyester, with an excellent drape and pleasant feel. Decorated with a central embroidered stole in a contemporary design and discreet piping. Available in white.  Special opportunity due to stock clearance. Limited units.\" \/>\n<meta property=\"og:url\" content=\"https:\/\/articulosreligiosos.com\/en\/product\/casulla-liturgica-con-galon-bordado-copia-2\/\" \/>\n<meta property=\"og:site_name\" content=\"articulosreligiosos.com\" \/>\n<meta property=\"article:modified_time\" content=\"2026-02-10T12:39:15+00:00\" \/>\n<meta property=\"og:image\" content=\"https:\/\/articulosreligiosos.com\/wp-content\/uploads\/2026\/02\/OLCA062B0229-0-Casulla-con-estolon-bordado.webp\" \/>\n\t<meta property=\"og:image:width\" content=\"800\" \/>\n\t<meta property=\"og:image:height\" content=\"1413\" \/>\n\t<meta property=\"og:image:type\" content=\"image\/webp\" \/>\n<meta name=\"twitter:card\" content=\"summary_large_image\" \/>\n<meta name=\"twitter:label1\" content=\"Price\" \/>\n\t<meta name=\"twitter:data1\" content=\"404,25&nbsp;&euro;\" \/>\n\t<meta name=\"twitter:label2\" content=\"Availability\" \/>\n\t<meta name=\"twitter:data2\" content=\"In stock\" \/>\n<script type=\"application\/ld+json\" class=\"yoast-schema-graph\">{\"@context\":\"https:\/\/schema.org\",\"@graph\":[{\"@type\":\"WebPage\",\"@id\":\"https:\/\/articulosreligiosos.com\/en\/product\/casulla-liturgica-con-galon-bordado-copia-2\/\",\"url\":\"https:\/\/articulosreligiosos.com\/en\/product\/casulla-liturgica-con-galon-bordado-copia-2\/\",\"name\":\"Buy Casulla con estol\u00f3n bordado - Art\u00edculos Religiosos | Online Store\",\"isPartOf\":{\"@id\":\"https:\/\/articulosreligiosos.com\/en\/#website\"},\"primaryImageOfPage\":{\"@id\":\"https:\/\/articulosreligiosos.com\/en\/product\/casulla-liturgica-con-galon-bordado-copia-2\/#primaryimage\"},\"image\":{\"@id\":\"https:\/\/articulosreligiosos.com\/en\/product\/casulla-liturgica-con-galon-bordado-copia-2\/#primaryimage\"},\"thumbnailUrl\":\"https:\/\/articulosreligiosos.com\/wp-content\/uploads\/2026\/02\/OLCA062B0229-0-Casulla-con-estolon-bordado.webp\",\"datePublished\":\"2026-02-10T12:33:06+00:00\",\"dateModified\":\"2026-02-10T12:39:15+00:00\",\"description\":\"High-quality liturgical chasuble made from a blend of 45% wool and 55% polyester, with an excellent drape and pleasant feel. Decorated with a central embroidered stole in a contemporary design and discreet piping. Available in white. Special opportunity due to stock clearance. Limited units.\",\"breadcrumb\":{\"@id\":\"https:\/\/articulosreligiosos.com\/en\/product\/casulla-liturgica-con-galon-bordado-copia-2\/#breadcrumb\"},\"inLanguage\":\"en-US\",\"potentialAction\":[{\"@type\":\"ReadAction\",\"target\":[\"https:\/\/articulosreligiosos.com\/en\/product\/casulla-liturgica-con-galon-bordado-copia-2\/\"]}]},{\"@type\":\"ImageObject\",\"inLanguage\":\"en-US\",\"@id\":\"https:\/\/articulosreligiosos.com\/en\/product\/casulla-liturgica-con-galon-bordado-copia-2\/#primaryimage\",\"url\":\"https:\/\/articulosreligiosos.com\/wp-content\/uploads\/2026\/02\/OLCA062B0229-0-Casulla-con-estolon-bordado.webp\",\"contentUrl\":\"https:\/\/articulosreligiosos.com\/wp-content\/uploads\/2026\/02\/OLCA062B0229-0-Casulla-con-estolon-bordado.webp\",\"width\":800,\"height\":1413,\"caption\":\"OLCA062B0229-0-Chasuble-with-embroidered-stole\"},{\"@type\":\"BreadcrumbList\",\"@id\":\"https:\/\/articulosreligiosos.com\/en\/product\/casulla-liturgica-con-galon-bordado-copia-2\/#breadcrumb\",\"itemListElement\":[{\"@type\":\"ListItem\",\"position\":1,\"name\":\"Home\",\"item\":\"https:\/\/articulosreligiosos.com\/en\/\"},{\"@type\":\"ListItem\",\"position\":2,\"name\":\"Products\"},{\"@type\":\"ListItem\",\"position\":3,\"name\":\"Casulla con estol\u00f3n bordado\"}]},{\"@type\":\"WebSite\",\"@id\":\"https:\/\/articulosreligiosos.com\/en\/#website\",\"url\":\"https:\/\/articulosreligiosos.com\/en\/\",\"name\":\"Art\u00edculos Religiosos\",\"description\":\"Tienda online | Fabricaci\u00f3n, restauraci\u00f3n y comercializaci\u00f3n de objetos religiosos al mejor precio y con el mejor servicio.\",\"publisher\":{\"@id\":\"https:\/\/articulosreligiosos.com\/en\/#organization\"},\"potentialAction\":[{\"@type\":\"SearchAction\",\"target\":{\"@type\":\"EntryPoint\",\"urlTemplate\":\"https:\/\/articulosreligiosos.com\/en\/?s={search_term_string}\"},\"query-input\":{\"@type\":\"PropertyValueSpecification\",\"valueRequired\":true,\"valueName\":\"search_term_string\"}}],\"inLanguage\":\"en-US\"},{\"@type\":\"Organization\",\"@id\":\"https:\/\/articulosreligiosos.com\/en\/#organization\",\"name\":\"Art\u00edculos Religiosos\",\"url\":\"https:\/\/articulosreligiosos.com\/en\/\",\"logo\":{\"@type\":\"ImageObject\",\"inLanguage\":\"en-US\",\"@id\":\"https:\/\/articulosreligiosos.com\/en\/#\/schema\/logo\/image\/\",\"url\":\"https:\/\/articulosreligiosos.com\/wp-content\/uploads\/2023\/12\/newlogo-1.png\",\"contentUrl\":\"https:\/\/articulosreligiosos.com\/wp-content\/uploads\/2023\/12\/newlogo-1.png\",\"width\":178,\"height\":114,\"caption\":\"Art\u00edculos Religiosos\"},\"image\":{\"@id\":\"https:\/\/articulosreligiosos.com\/en\/#\/schema\/logo\/image\/\"},\"sameAs\":[\"https:\/\/www.instagram.com\/articulosreligiosos.tienda\/\"],\"hasMerchantReturnPolicy\":{\"@type\":\"MerchantReturnPolicy\",\"merchantReturnLink\":\"https:\/\/articulosreligiosos.com\/en\/refund-and-returns-policy\/\"}}]}<\/script>\n<meta property=\"product:price:amount\" content=\"404.25\" \/>\n<meta property=\"product:price:currency\" content=\"EUR\" \/>\n<meta property=\"og:availability\" content=\"instock\" \/>\n<meta property=\"product:availability\" content=\"instock\" \/>\n<meta property=\"product:retailer_item_id\" content=\"OLCA062B0229\" \/>\n<meta property=\"product:condition\" content=\"new\" \/>\n<!-- \/ Yoast SEO Premium plugin. -->","yoast_head_json":{"title":"Buy Casulla con estol\u00f3n bordado - Art\u00edculos Religiosos | Online Store","description":"High-quality liturgical chasuble made from a blend of 45% wool and 55% polyester, with an excellent drape and pleasant feel. Decorated with a central embroidered stole in a contemporary design and discreet piping. Available in white.  Special opportunity due to stock clearance. Limited units.","robots":{"index":"index","follow":"follow","max-snippet":"max-snippet:-1","max-image-preview":"max-image-preview:large","max-video-preview":"max-video-preview:-1"},"canonical":"https:\/\/articulosreligiosos.com\/en\/product\/casulla-liturgica-con-galon-bordado-copia-2\/","og_locale":"en_US","og_type":"article","og_title":"Casulla con estol\u00f3n bordado","og_description":"High-quality liturgical chasuble made from a blend of 45% wool and 55% polyester, with an excellent drape and pleasant feel. Decorated with a central embroidered stole in a contemporary design and discreet piping. Available in white.  Special opportunity due to stock clearance. Limited units.","og_url":"https:\/\/articulosreligiosos.com\/en\/product\/casulla-liturgica-con-galon-bordado-copia-2\/","og_site_name":"articulosreligiosos.com","article_modified_time":"2026-02-10T12:39:15+00:00","og_image":[{"width":800,"height":1413,"url":"https:\/\/articulosreligiosos.com\/wp-content\/uploads\/2026\/02\/OLCA062B0229-0-Casulla-con-estolon-bordado.webp","type":"image\/webp"}],"twitter_card":"summary_large_image","twitter_misc":{"Price":"404,25&nbsp;&euro;","Availability":"In stock"},"schema":{"@context":"https:\/\/schema.org","@graph":[{"@type":"WebPage","@id":"https:\/\/articulosreligiosos.com\/en\/product\/casulla-liturgica-con-galon-bordado-copia-2\/","url":"https:\/\/articulosreligiosos.com\/en\/product\/casulla-liturgica-con-galon-bordado-copia-2\/","name":"Buy Casulla con estol\u00f3n bordado - Art\u00edculos Religiosos | Online Store","isPartOf":{"@id":"https:\/\/articulosreligiosos.com\/en\/#website"},"primaryImageOfPage":{"@id":"https:\/\/articulosreligiosos.com\/en\/product\/casulla-liturgica-con-galon-bordado-copia-2\/#primaryimage"},"image":{"@id":"https:\/\/articulosreligiosos.com\/en\/product\/casulla-liturgica-con-galon-bordado-copia-2\/#primaryimage"},"thumbnailUrl":"https:\/\/articulosreligiosos.com\/wp-content\/uploads\/2026\/02\/OLCA062B0229-0-Casulla-con-estolon-bordado.webp","datePublished":"2026-02-10T12:33:06+00:00","dateModified":"2026-02-10T12:39:15+00:00","description":"High-quality liturgical chasuble made from a blend of 45% wool and 55% polyester, with an excellent drape and pleasant feel. Decorated with a central embroidered stole in a contemporary design and discreet piping. Available in white. Special opportunity due to stock clearance. Limited units.","breadcrumb":{"@id":"https:\/\/articulosreligiosos.com\/en\/product\/casulla-liturgica-con-galon-bordado-copia-2\/#breadcrumb"},"inLanguage":"en-US","potentialAction":[{"@type":"ReadAction","target":["https:\/\/articulosreligiosos.com\/en\/product\/casulla-liturgica-con-galon-bordado-copia-2\/"]}]},{"@type":"ImageObject","inLanguage":"en-US","@id":"https:\/\/articulosreligiosos.com\/en\/product\/casulla-liturgica-con-galon-bordado-copia-2\/#primaryimage","url":"https:\/\/articulosreligiosos.com\/wp-content\/uploads\/2026\/02\/OLCA062B0229-0-Casulla-con-estolon-bordado.webp","contentUrl":"https:\/\/articulosreligiosos.com\/wp-content\/uploads\/2026\/02\/OLCA062B0229-0-Casulla-con-estolon-bordado.webp","width":800,"height":1413,"caption":"OLCA062B0229-0-Chasuble-with-embroidered-stole"},{"@type":"BreadcrumbList","@id":"https:\/\/articulosreligiosos.com\/en\/product\/casulla-liturgica-con-galon-bordado-copia-2\/#breadcrumb","itemListElement":[{"@type":"ListItem","position":1,"name":"Home","item":"https:\/\/articulosreligiosos.com\/en\/"},{"@type":"ListItem","position":2,"name":"Products"},{"@type":"ListItem","position":3,"name":"Casulla con estol\u00f3n bordado"}]},{"@type":"WebSite","@id":"https:\/\/articulosreligiosos.com\/en\/#website","url":"https:\/\/articulosreligiosos.com\/en\/","name":"Art\u00edculos Religiosos","description":"Tienda online | Fabricaci\u00f3n, restauraci\u00f3n y comercializaci\u00f3n de objetos religiosos al mejor precio y con el mejor servicio.","publisher":{"@id":"https:\/\/articulosreligiosos.com\/en\/#organization"},"potentialAction":[{"@type":"SearchAction","target":{"@type":"EntryPoint","urlTemplate":"https:\/\/articulosreligiosos.com\/en\/?s={search_term_string}"},"query-input":{"@type":"PropertyValueSpecification","valueRequired":true,"valueName":"search_term_string"}}],"inLanguage":"en-US"},{"@type":"Organization","@id":"https:\/\/articulosreligiosos.com\/en\/#organization","name":"Art\u00edculos Religiosos","url":"https:\/\/articulosreligiosos.com\/en\/","logo":{"@type":"ImageObject","inLanguage":"en-US","@id":"https:\/\/articulosreligiosos.com\/en\/#\/schema\/logo\/image\/","url":"https:\/\/articulosreligiosos.com\/wp-content\/uploads\/2023\/12\/newlogo-1.png","contentUrl":"https:\/\/articulosreligiosos.com\/wp-content\/uploads\/2023\/12\/newlogo-1.png","width":178,"height":114,"caption":"Art\u00edculos Religiosos"},"image":{"@id":"https:\/\/articulosreligiosos.com\/en\/#\/schema\/logo\/image\/"},"sameAs":["https:\/\/www.instagram.com\/articulosreligiosos.tienda\/"],"hasMerchantReturnPolicy":{"@type":"MerchantReturnPolicy","merchantReturnLink":"https:\/\/articulosreligiosos.com\/en\/refund-and-returns-policy\/"}}]},"product_price_amount":"404.25","product_price_currency":"EUR","og_availability":"instock","product_availability":"instock","product_retailer_item_id":"OLCA062B0229","product_condition":"new"},"_links":{"self":[{"href":"https:\/\/articulosreligiosos.com\/en\/wp-json\/wp\/v2\/product\/357796","targetHints":{"allow":["GET"]}}],"collection":[{"href":"https:\/\/articulosreligiosos.com\/en\/wp-json\/wp\/v2\/product"}],"about":[{"href":"https:\/\/articulosreligiosos.com\/en\/wp-json\/wp\/v2\/types\/product"}],"replies":[{"embeddable":true,"href":"https:\/\/articulosreligiosos.com\/en\/wp-json\/wp\/v2\/comments?post=357796"}],"wp:featuredmedia":[{"embeddable":true,"href":"https:\/\/articulosreligiosos.com\/en\/wp-json\/wp\/v2\/media\/357797"}],"wp:attachment":[{"href":"https:\/\/articulosreligiosos.com\/en\/wp-json\/wp\/v2\/media?parent=357796"}],"wp:term":[{"taxonomy":"product_brand","embeddable":true,"href":"https:\/\/articulosreligiosos.com\/en\/wp-json\/wp\/v2\/product_brand?post=357796"},{"taxonomy":"product_cat","embeddable":true,"href":"https:\/\/articulosreligiosos.com\/en\/wp-json\/wp\/v2\/product_cat?post=357796"},{"taxonomy":"product_tag","embeddable":true,"href":"https:\/\/articulosreligiosos.com\/en\/wp-json\/wp\/v2\/product_tag?post=357796"}],"curies":[{"name":"wp","href":"https:\/\/api.w.org\/{rel}","templated":true}]}}