{"id":357771,"date":"2026-02-10T11:18:32","date_gmt":"2026-02-10T11:18:32","guid":{"rendered":"https:\/\/articulosreligiosos.com\/?post_type=product&#038;p=357771"},"modified":"2026-02-10T11:28:57","modified_gmt":"2026-02-10T11:28:57","slug":"liturgical-chasuble-with-ihs-embroidery-copia-3","status":"publish","type":"product","link":"https:\/\/articulosreligiosos.com\/en\/product\/liturgical-chasuble-with-ihs-embroidery-copia-3\/","title":{"rendered":"Chasuble with embroidered cross"},"content":{"rendered":"<p>This liturgical chasuble stands out for its elegant and well-proportioned design, intended to enhance the Eucharistic celebration with a carefully crafted and high-quality liturgical presence.<\/p>\n<p>The green and white versions are made from Primavera fabric, a lightweight material that is soft to the touch and drapes beautifully, making it especially suitable for temperate or warm climates. Its structure ensures comfort during extended celebrations and maintains a clean, flowing look over the evening. <\/p>\n<p>The front features a central cross embroidered in relief, with a classically inspired ornamental design, crafted in gold thread and with precise outlining that adds depth and visual richness without being excessive. The garment is completed with a fine gold trim along the edges, enhancing it with understated elegance. <\/p>\n<p>The red version features the same design but is crafted with more intricate embroidery, made from a special blend of materials (95% wool and 5% gold thread), which adds richness, volume, and presence to the central motif.<br \/>\nThe chasuble has a golf collar and a loose fit, ensuring freedom of movement and a comfortable fit during the celebration.<\/p>\n<p>Available in green, white and red, it is suitable for ordinary time, solemnities and celebrations proper to the liturgical calendar, according to the corresponding color.<\/p>\n<p>The stole is included in the price.<\/p>\n","protected":false},"excerpt":{"rendered":"<p>Liturgical chasuble made of Primavera fabric, lightweight and with an excellent drape. Decorated with a central embroidered cross in relief and fine trim along the edges, with a golf collar.<br \/>Available in green, white, and red. The red version features a more elaborate and special embroidery.<br \/>\nSpecial opportunity due to stock clearance. Limited units.<\/p>\n","protected":false},"featured_media":357781,"comment_status":"open","ping_status":"closed","template":"","meta":{"_acf_changed":false},"product_brand":[],"product_cat":[6516],"product_tag":[],"class_list":{"0":"post-357771","1":"product","2":"type-product","3":"status-publish","4":"has-post-thumbnail","6":"product_cat-liturgical-vestments-chasuble-chasubles-en","7":"pa_altura-1300-en","8":"pa_color_ornamentos-green-en","9":"pa_color_ornamentos-purple-en","10":"pa_color_ornamentos-red-en","11":"pa_color_ornamentos-white-en","12":"pa_disponibilidad-in-stock","13":"pa_manufacturer-p062-en","14":"pa_material-monastic","15":"pa_material-wool-en-en","17":"first","18":"instock","19":"sale","20":"taxable","21":"shipping-taxable","22":"purchasable","23":"product-type-variable","24":"rtwpvs-product"},"acf":[],"yoast_head":"<!-- This site is optimized with the Yoast SEO Premium plugin v27.2 (Yoast SEO v27.2) - https:\/\/yoast.com\/product\/yoast-seo-premium-wordpress\/ -->\n<title>Buy Chasuble with embroidered cross - Art\u00edculos Religiosos | Online Store<\/title>\n<meta name=\"description\" content=\"Liturgical chasuble made of Primavera fabric, lightweight and with an excellent drape. Decorated with a central embroidered cross in relief and fine trim along the edges, with a golf collar.Available in green, white, and red. The red version features a more elaborate and special embroidery.  Special opportunity due to stock clearance. Limited units.\" \/>\n<meta name=\"robots\" content=\"index, follow, max-snippet:-1, max-image-preview:large, max-video-preview:-1\" \/>\n<link rel=\"canonical\" href=\"https:\/\/articulosreligiosos.com\/en\/product\/liturgical-chasuble-with-ihs-embroidery-copia-3\/\" \/>\n<meta property=\"og:locale\" content=\"en_US\" \/>\n<meta property=\"og:type\" content=\"article\" \/>\n<meta property=\"og:title\" content=\"Chasuble with embroidered cross\" \/>\n<meta property=\"og:description\" content=\"Liturgical chasuble made of Primavera fabric, lightweight and with an excellent drape. Decorated with a central embroidered cross in relief and fine trim along the edges, with a golf collar.Available in green, white, and red. The red version features a more elaborate and special embroidery.  Special opportunity due to stock clearance. Limited units.\" \/>\n<meta property=\"og:url\" content=\"https:\/\/articulosreligiosos.com\/en\/product\/liturgical-chasuble-with-ihs-embroidery-copia-3\/\" \/>\n<meta property=\"og:site_name\" content=\"articulosreligiosos.com\" \/>\n<meta property=\"article:modified_time\" content=\"2026-02-10T11:28:57+00:00\" \/>\n<meta property=\"og:image\" content=\"https:\/\/articulosreligiosos.com\/wp-content\/uploads\/2026\/02\/OLCA0620751-2-Casulla-con-cruz-bordada.webp\" \/>\n\t<meta property=\"og:image:width\" content=\"800\" \/>\n\t<meta property=\"og:image:height\" content=\"1200\" \/>\n\t<meta property=\"og:image:type\" content=\"image\/webp\" \/>\n<meta name=\"twitter:card\" content=\"summary_large_image\" \/>\n<meta name=\"twitter:label1\" content=\"Availability\" \/>\n\t<meta name=\"twitter:data1\" content=\"In stock\" \/>\n<script type=\"application\/ld+json\" class=\"yoast-schema-graph\">{\"@context\":\"https:\/\/schema.org\",\"@graph\":[{\"@type\":\"WebPage\",\"@id\":\"https:\/\/articulosreligiosos.com\/en\/product\/liturgical-chasuble-with-ihs-embroidery-copia-3\/\",\"url\":\"https:\/\/articulosreligiosos.com\/en\/product\/liturgical-chasuble-with-ihs-embroidery-copia-3\/\",\"name\":\"Buy Chasuble with embroidered cross - Art\u00edculos Religiosos | Online Store\",\"isPartOf\":{\"@id\":\"https:\/\/articulosreligiosos.com\/en\/#website\"},\"primaryImageOfPage\":{\"@id\":\"https:\/\/articulosreligiosos.com\/en\/product\/liturgical-chasuble-with-ihs-embroidery-copia-3\/#primaryimage\"},\"image\":{\"@id\":\"https:\/\/articulosreligiosos.com\/en\/product\/liturgical-chasuble-with-ihs-embroidery-copia-3\/#primaryimage\"},\"thumbnailUrl\":\"https:\/\/articulosreligiosos.com\/wp-content\/uploads\/2026\/02\/OLCA0620751-2-Casulla-con-cruz-bordada.webp\",\"datePublished\":\"2026-02-10T11:18:32+00:00\",\"dateModified\":\"2026-02-10T11:28:57+00:00\",\"description\":\"Liturgical chasuble made of Primavera fabric, lightweight and with an excellent drape. Decorated with a central embroidered cross in relief and fine trim along the edges, with a golf collar. Available in green, white, and red. The red version features a more elaborate and special embroidery. Special opportunity due to stock clearance. Limited units.\",\"breadcrumb\":{\"@id\":\"https:\/\/articulosreligiosos.com\/en\/product\/liturgical-chasuble-with-ihs-embroidery-copia-3\/#breadcrumb\"},\"inLanguage\":\"en-US\",\"potentialAction\":[{\"@type\":\"ReadAction\",\"target\":[\"https:\/\/articulosreligiosos.com\/en\/product\/liturgical-chasuble-with-ihs-embroidery-copia-3\/\"]}]},{\"@type\":\"ImageObject\",\"inLanguage\":\"en-US\",\"@id\":\"https:\/\/articulosreligiosos.com\/en\/product\/liturgical-chasuble-with-ihs-embroidery-copia-3\/#primaryimage\",\"url\":\"https:\/\/articulosreligiosos.com\/wp-content\/uploads\/2026\/02\/OLCA0620751-2-Casulla-con-cruz-bordada.webp\",\"contentUrl\":\"https:\/\/articulosreligiosos.com\/wp-content\/uploads\/2026\/02\/OLCA0620751-2-Casulla-con-cruz-bordada.webp\",\"width\":800,\"height\":1200,\"caption\":\"OLCA0620751-2-Chasuble-with-embroidered-cross\"},{\"@type\":\"BreadcrumbList\",\"@id\":\"https:\/\/articulosreligiosos.com\/en\/product\/liturgical-chasuble-with-ihs-embroidery-copia-3\/#breadcrumb\",\"itemListElement\":[{\"@type\":\"ListItem\",\"position\":1,\"name\":\"Home\",\"item\":\"https:\/\/articulosreligiosos.com\/en\/\"},{\"@type\":\"ListItem\",\"position\":2,\"name\":\"Products\"},{\"@type\":\"ListItem\",\"position\":3,\"name\":\"Chasuble with embroidered cross\"}]},{\"@type\":\"WebSite\",\"@id\":\"https:\/\/articulosreligiosos.com\/en\/#website\",\"url\":\"https:\/\/articulosreligiosos.com\/en\/\",\"name\":\"Art\u00edculos Religiosos\",\"description\":\"Tienda online | Fabricaci\u00f3n, restauraci\u00f3n y comercializaci\u00f3n de objetos religiosos al mejor precio y con el mejor servicio.\",\"publisher\":{\"@id\":\"https:\/\/articulosreligiosos.com\/en\/#organization\"},\"potentialAction\":[{\"@type\":\"SearchAction\",\"target\":{\"@type\":\"EntryPoint\",\"urlTemplate\":\"https:\/\/articulosreligiosos.com\/en\/?s={search_term_string}\"},\"query-input\":{\"@type\":\"PropertyValueSpecification\",\"valueRequired\":true,\"valueName\":\"search_term_string\"}}],\"inLanguage\":\"en-US\"},{\"@type\":\"Organization\",\"@id\":\"https:\/\/articulosreligiosos.com\/en\/#organization\",\"name\":\"Art\u00edculos Religiosos\",\"url\":\"https:\/\/articulosreligiosos.com\/en\/\",\"logo\":{\"@type\":\"ImageObject\",\"inLanguage\":\"en-US\",\"@id\":\"https:\/\/articulosreligiosos.com\/en\/#\/schema\/logo\/image\/\",\"url\":\"https:\/\/articulosreligiosos.com\/wp-content\/uploads\/2023\/12\/newlogo-1.png\",\"contentUrl\":\"https:\/\/articulosreligiosos.com\/wp-content\/uploads\/2023\/12\/newlogo-1.png\",\"width\":178,\"height\":114,\"caption\":\"Art\u00edculos Religiosos\"},\"image\":{\"@id\":\"https:\/\/articulosreligiosos.com\/en\/#\/schema\/logo\/image\/\"},\"sameAs\":[\"https:\/\/www.instagram.com\/articulosreligiosos.tienda\/\"],\"hasMerchantReturnPolicy\":{\"@type\":\"MerchantReturnPolicy\",\"merchantReturnLink\":\"https:\/\/articulosreligiosos.com\/en\/refund-and-returns-policy\/\"}}]}<\/script>\n<meta property=\"og:availability\" content=\"instock\" \/>\n<meta property=\"product:availability\" content=\"instock\" \/>\n<meta property=\"product:retailer_item_id\" content=\"OLCA0620751\" \/>\n<meta property=\"product:condition\" content=\"new\" \/>\n<!-- \/ Yoast SEO Premium plugin. -->","yoast_head_json":{"title":"Buy Chasuble with embroidered cross - Art\u00edculos Religiosos | Online Store","description":"Liturgical chasuble made of Primavera fabric, lightweight and with an excellent drape. Decorated with a central embroidered cross in relief and fine trim along the edges, with a golf collar.Available in green, white, and red. The red version features a more elaborate and special embroidery.  Special opportunity due to stock clearance. Limited units.","robots":{"index":"index","follow":"follow","max-snippet":"max-snippet:-1","max-image-preview":"max-image-preview:large","max-video-preview":"max-video-preview:-1"},"canonical":"https:\/\/articulosreligiosos.com\/en\/product\/liturgical-chasuble-with-ihs-embroidery-copia-3\/","og_locale":"en_US","og_type":"article","og_title":"Chasuble with embroidered cross","og_description":"Liturgical chasuble made of Primavera fabric, lightweight and with an excellent drape. Decorated with a central embroidered cross in relief and fine trim along the edges, with a golf collar.Available in green, white, and red. The red version features a more elaborate and special embroidery.  Special opportunity due to stock clearance. Limited units.","og_url":"https:\/\/articulosreligiosos.com\/en\/product\/liturgical-chasuble-with-ihs-embroidery-copia-3\/","og_site_name":"articulosreligiosos.com","article_modified_time":"2026-02-10T11:28:57+00:00","og_image":[{"width":800,"height":1200,"url":"https:\/\/articulosreligiosos.com\/wp-content\/uploads\/2026\/02\/OLCA0620751-2-Casulla-con-cruz-bordada.webp","type":"image\/webp"}],"twitter_card":"summary_large_image","twitter_misc":{"Availability":"In stock"},"schema":{"@context":"https:\/\/schema.org","@graph":[{"@type":"WebPage","@id":"https:\/\/articulosreligiosos.com\/en\/product\/liturgical-chasuble-with-ihs-embroidery-copia-3\/","url":"https:\/\/articulosreligiosos.com\/en\/product\/liturgical-chasuble-with-ihs-embroidery-copia-3\/","name":"Buy Chasuble with embroidered cross - Art\u00edculos Religiosos | Online Store","isPartOf":{"@id":"https:\/\/articulosreligiosos.com\/en\/#website"},"primaryImageOfPage":{"@id":"https:\/\/articulosreligiosos.com\/en\/product\/liturgical-chasuble-with-ihs-embroidery-copia-3\/#primaryimage"},"image":{"@id":"https:\/\/articulosreligiosos.com\/en\/product\/liturgical-chasuble-with-ihs-embroidery-copia-3\/#primaryimage"},"thumbnailUrl":"https:\/\/articulosreligiosos.com\/wp-content\/uploads\/2026\/02\/OLCA0620751-2-Casulla-con-cruz-bordada.webp","datePublished":"2026-02-10T11:18:32+00:00","dateModified":"2026-02-10T11:28:57+00:00","description":"Liturgical chasuble made of Primavera fabric, lightweight and with an excellent drape. Decorated with a central embroidered cross in relief and fine trim along the edges, with a golf collar. Available in green, white, and red. The red version features a more elaborate and special embroidery. Special opportunity due to stock clearance. Limited units.","breadcrumb":{"@id":"https:\/\/articulosreligiosos.com\/en\/product\/liturgical-chasuble-with-ihs-embroidery-copia-3\/#breadcrumb"},"inLanguage":"en-US","potentialAction":[{"@type":"ReadAction","target":["https:\/\/articulosreligiosos.com\/en\/product\/liturgical-chasuble-with-ihs-embroidery-copia-3\/"]}]},{"@type":"ImageObject","inLanguage":"en-US","@id":"https:\/\/articulosreligiosos.com\/en\/product\/liturgical-chasuble-with-ihs-embroidery-copia-3\/#primaryimage","url":"https:\/\/articulosreligiosos.com\/wp-content\/uploads\/2026\/02\/OLCA0620751-2-Casulla-con-cruz-bordada.webp","contentUrl":"https:\/\/articulosreligiosos.com\/wp-content\/uploads\/2026\/02\/OLCA0620751-2-Casulla-con-cruz-bordada.webp","width":800,"height":1200,"caption":"OLCA0620751-2-Chasuble-with-embroidered-cross"},{"@type":"BreadcrumbList","@id":"https:\/\/articulosreligiosos.com\/en\/product\/liturgical-chasuble-with-ihs-embroidery-copia-3\/#breadcrumb","itemListElement":[{"@type":"ListItem","position":1,"name":"Home","item":"https:\/\/articulosreligiosos.com\/en\/"},{"@type":"ListItem","position":2,"name":"Products"},{"@type":"ListItem","position":3,"name":"Chasuble with embroidered cross"}]},{"@type":"WebSite","@id":"https:\/\/articulosreligiosos.com\/en\/#website","url":"https:\/\/articulosreligiosos.com\/en\/","name":"Art\u00edculos Religiosos","description":"Tienda online | Fabricaci\u00f3n, restauraci\u00f3n y comercializaci\u00f3n de objetos religiosos al mejor precio y con el mejor servicio.","publisher":{"@id":"https:\/\/articulosreligiosos.com\/en\/#organization"},"potentialAction":[{"@type":"SearchAction","target":{"@type":"EntryPoint","urlTemplate":"https:\/\/articulosreligiosos.com\/en\/?s={search_term_string}"},"query-input":{"@type":"PropertyValueSpecification","valueRequired":true,"valueName":"search_term_string"}}],"inLanguage":"en-US"},{"@type":"Organization","@id":"https:\/\/articulosreligiosos.com\/en\/#organization","name":"Art\u00edculos Religiosos","url":"https:\/\/articulosreligiosos.com\/en\/","logo":{"@type":"ImageObject","inLanguage":"en-US","@id":"https:\/\/articulosreligiosos.com\/en\/#\/schema\/logo\/image\/","url":"https:\/\/articulosreligiosos.com\/wp-content\/uploads\/2023\/12\/newlogo-1.png","contentUrl":"https:\/\/articulosreligiosos.com\/wp-content\/uploads\/2023\/12\/newlogo-1.png","width":178,"height":114,"caption":"Art\u00edculos Religiosos"},"image":{"@id":"https:\/\/articulosreligiosos.com\/en\/#\/schema\/logo\/image\/"},"sameAs":["https:\/\/www.instagram.com\/articulosreligiosos.tienda\/"],"hasMerchantReturnPolicy":{"@type":"MerchantReturnPolicy","merchantReturnLink":"https:\/\/articulosreligiosos.com\/en\/refund-and-returns-policy\/"}}]},"og_availability":"instock","product_availability":"instock","product_retailer_item_id":"OLCA0620751","product_condition":"new"},"_links":{"self":[{"href":"https:\/\/articulosreligiosos.com\/en\/wp-json\/wp\/v2\/product\/357771","targetHints":{"allow":["GET"]}}],"collection":[{"href":"https:\/\/articulosreligiosos.com\/en\/wp-json\/wp\/v2\/product"}],"about":[{"href":"https:\/\/articulosreligiosos.com\/en\/wp-json\/wp\/v2\/types\/product"}],"replies":[{"embeddable":true,"href":"https:\/\/articulosreligiosos.com\/en\/wp-json\/wp\/v2\/comments?post=357771"}],"wp:featuredmedia":[{"embeddable":true,"href":"https:\/\/articulosreligiosos.com\/en\/wp-json\/wp\/v2\/media\/357781"}],"wp:attachment":[{"href":"https:\/\/articulosreligiosos.com\/en\/wp-json\/wp\/v2\/media?parent=357771"}],"wp:term":[{"taxonomy":"product_brand","embeddable":true,"href":"https:\/\/articulosreligiosos.com\/en\/wp-json\/wp\/v2\/product_brand?post=357771"},{"taxonomy":"product_cat","embeddable":true,"href":"https:\/\/articulosreligiosos.com\/en\/wp-json\/wp\/v2\/product_cat?post=357771"},{"taxonomy":"product_tag","embeddable":true,"href":"https:\/\/articulosreligiosos.com\/en\/wp-json\/wp\/v2\/product_tag?post=357771"}],"curies":[{"name":"wp","href":"https:\/\/api.w.org\/{rel}","templated":true}]}}