{"id":357755,"date":"2026-02-10T10:59:24","date_gmt":"2026-02-10T10:59:24","guid":{"rendered":"https:\/\/articulosreligiosos.com\/?post_type=product&#038;p=357755"},"modified":"2026-02-10T11:17:37","modified_gmt":"2026-02-10T11:17:37","slug":"chasuble-with-embroidered-cross-copia","status":"publish","type":"product","link":"https:\/\/articulosreligiosos.com\/en\/product\/chasuble-with-embroidered-cross-copia\/","title":{"rendered":"Chasuble with ornamental embroidery"},"content":{"rendered":"<p>This liturgical chasuble features an elegant and balanced design, intended to accompany the celebration of the Eucharist with sobriety and a careful visual presence.<\/p>\n<p>It&#8217;s made from Primavera fabric, a premium polyester known for its lightness, softness, and excellent drape, allowing for proper ventilation and making it especially comfortable in mild or warm climates. Its structure offers a clean, flowing look and maintains its shape throughout the celebration. <\/p>\n<p>The front is decorated with vertically arranged geometric embroidery in gold thread, lending a classic liturgical character with a harmonious and well-proportioned aesthetic. The gold trim along the edges completes the ensemble with understated elegance, without overwhelming the garment. <\/p>\n<p>It features a golf collar and a wide cut that facilitates freedom of movement and proper placement over the gown, even during prolonged celebrations.<\/p>\n<p>Available in green, white and red, it is suitable for ordinary time, solemnities, liturgical feasts and celebrations proper to the calendar, according to the corresponding color.<\/p>\n<p>The stole is included in the price.<\/p>\n","protected":false},"excerpt":{"rendered":"<p>Liturgical chasuble made of Primavera fabric, lightweight and with an excellent drape. Decorated with geometric ornamental embroidery in gold thread, a golf collar, and fine trim along the edges.<br \/>\nAvailable in green, white, and red, according to the liturgical season.<br \/>\nSpecial opportunity due to stock clearance. Limited units.<\/p>\n","protected":false},"featured_media":357763,"comment_status":"open","ping_status":"closed","template":"","meta":{"_acf_changed":false},"product_brand":[],"product_cat":[6516],"product_tag":[],"class_list":{"0":"post-357755","1":"product","2":"type-product","3":"status-publish","4":"has-post-thumbnail","6":"product_cat-liturgical-vestments-chasuble-chasubles-en","7":"pa_altura-1300-en","8":"pa_color_ornamentos-green-en","9":"pa_color_ornamentos-red-en","10":"pa_color_ornamentos-white-en","11":"pa_disponibilidad-in-stock","12":"pa_manufacturer-p062-en","13":"pa_material-monastic","15":"first","16":"instock","17":"sale","18":"taxable","19":"shipping-taxable","20":"purchasable","21":"product-type-variable","22":"rtwpvs-product"},"acf":[],"yoast_head":"<!-- This site is optimized with the Yoast SEO Premium plugin v27.2 (Yoast SEO v27.2) - https:\/\/yoast.com\/product\/yoast-seo-premium-wordpress\/ -->\n<title>Buy Chasuble with ornamental embroidery - Art\u00edculos Religiosos | Online Store<\/title>\n<meta name=\"description\" content=\"Liturgical chasuble made of Primavera fabric, lightweight and with an excellent drape. Decorated with geometric ornamental embroidery in gold thread, a golf collar, and fine trim along the edges. Available in green, white, and red, according to the liturgical season. Special opportunity due to stock clearance. Limited units.\" \/>\n<meta name=\"robots\" content=\"index, follow, max-snippet:-1, max-image-preview:large, max-video-preview:-1\" \/>\n<link rel=\"canonical\" href=\"https:\/\/articulosreligiosos.com\/en\/product\/chasuble-with-embroidered-cross-copia\/\" \/>\n<meta property=\"og:locale\" content=\"en_US\" \/>\n<meta property=\"og:type\" content=\"article\" \/>\n<meta property=\"og:title\" content=\"Chasuble with ornamental embroidery\" \/>\n<meta property=\"og:description\" content=\"Liturgical chasuble made of Primavera fabric, lightweight and with an excellent drape. Decorated with geometric ornamental embroidery in gold thread, a golf collar, and fine trim along the edges. Available in green, white, and red, according to the liturgical season. Special opportunity due to stock clearance. Limited units.\" \/>\n<meta property=\"og:url\" content=\"https:\/\/articulosreligiosos.com\/en\/product\/chasuble-with-embroidered-cross-copia\/\" \/>\n<meta property=\"og:site_name\" content=\"articulosreligiosos.com\" \/>\n<meta property=\"article:modified_time\" content=\"2026-02-10T11:17:37+00:00\" \/>\n<meta property=\"og:image\" content=\"https:\/\/articulosreligiosos.com\/wp-content\/uploads\/2026\/02\/OLCA0620650-2-Casulla-con-bordado-ornamental.webp\" \/>\n\t<meta property=\"og:image:width\" content=\"800\" \/>\n\t<meta property=\"og:image:height\" content=\"1200\" \/>\n\t<meta property=\"og:image:type\" content=\"image\/webp\" \/>\n<meta name=\"twitter:card\" content=\"summary_large_image\" \/>\n<meta name=\"twitter:label1\" content=\"Availability\" \/>\n\t<meta name=\"twitter:data1\" content=\"In stock\" \/>\n<script type=\"application\/ld+json\" class=\"yoast-schema-graph\">{\"@context\":\"https:\/\/schema.org\",\"@graph\":[{\"@type\":\"WebPage\",\"@id\":\"https:\/\/articulosreligiosos.com\/en\/product\/chasuble-with-embroidered-cross-copia\/\",\"url\":\"https:\/\/articulosreligiosos.com\/en\/product\/chasuble-with-embroidered-cross-copia\/\",\"name\":\"Buy Chasuble with ornamental embroidery - Art\u00edculos Religiosos | Online Store\",\"isPartOf\":{\"@id\":\"https:\/\/articulosreligiosos.com\/en\/#website\"},\"primaryImageOfPage\":{\"@id\":\"https:\/\/articulosreligiosos.com\/en\/product\/chasuble-with-embroidered-cross-copia\/#primaryimage\"},\"image\":{\"@id\":\"https:\/\/articulosreligiosos.com\/en\/product\/chasuble-with-embroidered-cross-copia\/#primaryimage\"},\"thumbnailUrl\":\"https:\/\/articulosreligiosos.com\/wp-content\/uploads\/2026\/02\/OLCA0620650-2-Casulla-con-bordado-ornamental.webp\",\"datePublished\":\"2026-02-10T10:59:24+00:00\",\"dateModified\":\"2026-02-10T11:17:37+00:00\",\"description\":\"Liturgical chasuble made of Primavera fabric, lightweight and with an excellent drape. Decorated with geometric ornamental embroidery in gold thread, a golf collar, and fine trim along the edges. Available in green, white, and red, according to the liturgical season. Special opportunity due to stock clearance. Limited units.\",\"breadcrumb\":{\"@id\":\"https:\/\/articulosreligiosos.com\/en\/product\/chasuble-with-embroidered-cross-copia\/#breadcrumb\"},\"inLanguage\":\"en-US\",\"potentialAction\":[{\"@type\":\"ReadAction\",\"target\":[\"https:\/\/articulosreligiosos.com\/en\/product\/chasuble-with-embroidered-cross-copia\/\"]}]},{\"@type\":\"ImageObject\",\"inLanguage\":\"en-US\",\"@id\":\"https:\/\/articulosreligiosos.com\/en\/product\/chasuble-with-embroidered-cross-copia\/#primaryimage\",\"url\":\"https:\/\/articulosreligiosos.com\/wp-content\/uploads\/2026\/02\/OLCA0620650-2-Casulla-con-bordado-ornamental.webp\",\"contentUrl\":\"https:\/\/articulosreligiosos.com\/wp-content\/uploads\/2026\/02\/OLCA0620650-2-Casulla-con-bordado-ornamental.webp\",\"width\":800,\"height\":1200,\"caption\":\"OLCA0620650-2-Chasuble-with-ornamental-embroidery\"},{\"@type\":\"BreadcrumbList\",\"@id\":\"https:\/\/articulosreligiosos.com\/en\/product\/chasuble-with-embroidered-cross-copia\/#breadcrumb\",\"itemListElement\":[{\"@type\":\"ListItem\",\"position\":1,\"name\":\"Home\",\"item\":\"https:\/\/articulosreligiosos.com\/en\/\"},{\"@type\":\"ListItem\",\"position\":2,\"name\":\"Products\"},{\"@type\":\"ListItem\",\"position\":3,\"name\":\"Chasuble with ornamental embroidery\"}]},{\"@type\":\"WebSite\",\"@id\":\"https:\/\/articulosreligiosos.com\/en\/#website\",\"url\":\"https:\/\/articulosreligiosos.com\/en\/\",\"name\":\"Art\u00edculos Religiosos\",\"description\":\"Tienda online | Fabricaci\u00f3n, restauraci\u00f3n y comercializaci\u00f3n de objetos religiosos al mejor precio y con el mejor servicio.\",\"publisher\":{\"@id\":\"https:\/\/articulosreligiosos.com\/en\/#organization\"},\"potentialAction\":[{\"@type\":\"SearchAction\",\"target\":{\"@type\":\"EntryPoint\",\"urlTemplate\":\"https:\/\/articulosreligiosos.com\/en\/?s={search_term_string}\"},\"query-input\":{\"@type\":\"PropertyValueSpecification\",\"valueRequired\":true,\"valueName\":\"search_term_string\"}}],\"inLanguage\":\"en-US\"},{\"@type\":\"Organization\",\"@id\":\"https:\/\/articulosreligiosos.com\/en\/#organization\",\"name\":\"Art\u00edculos Religiosos\",\"url\":\"https:\/\/articulosreligiosos.com\/en\/\",\"logo\":{\"@type\":\"ImageObject\",\"inLanguage\":\"en-US\",\"@id\":\"https:\/\/articulosreligiosos.com\/en\/#\/schema\/logo\/image\/\",\"url\":\"https:\/\/articulosreligiosos.com\/wp-content\/uploads\/2023\/12\/newlogo-1.png\",\"contentUrl\":\"https:\/\/articulosreligiosos.com\/wp-content\/uploads\/2023\/12\/newlogo-1.png\",\"width\":178,\"height\":114,\"caption\":\"Art\u00edculos Religiosos\"},\"image\":{\"@id\":\"https:\/\/articulosreligiosos.com\/en\/#\/schema\/logo\/image\/\"},\"sameAs\":[\"https:\/\/www.instagram.com\/articulosreligiosos.tienda\/\"],\"hasMerchantReturnPolicy\":{\"@type\":\"MerchantReturnPolicy\",\"merchantReturnLink\":\"https:\/\/articulosreligiosos.com\/en\/refund-and-returns-policy\/\"}}]}<\/script>\n<meta property=\"og:availability\" content=\"instock\" \/>\n<meta property=\"product:availability\" content=\"instock\" \/>\n<meta property=\"product:retailer_item_id\" content=\"OLCA0620650\" \/>\n<meta property=\"product:condition\" content=\"new\" \/>\n<!-- \/ Yoast SEO Premium plugin. -->","yoast_head_json":{"title":"Buy Chasuble with ornamental embroidery - Art\u00edculos Religiosos | Online Store","description":"Liturgical chasuble made of Primavera fabric, lightweight and with an excellent drape. Decorated with geometric ornamental embroidery in gold thread, a golf collar, and fine trim along the edges. Available in green, white, and red, according to the liturgical season. Special opportunity due to stock clearance. Limited units.","robots":{"index":"index","follow":"follow","max-snippet":"max-snippet:-1","max-image-preview":"max-image-preview:large","max-video-preview":"max-video-preview:-1"},"canonical":"https:\/\/articulosreligiosos.com\/en\/product\/chasuble-with-embroidered-cross-copia\/","og_locale":"en_US","og_type":"article","og_title":"Chasuble with ornamental embroidery","og_description":"Liturgical chasuble made of Primavera fabric, lightweight and with an excellent drape. Decorated with geometric ornamental embroidery in gold thread, a golf collar, and fine trim along the edges. Available in green, white, and red, according to the liturgical season. Special opportunity due to stock clearance. Limited units.","og_url":"https:\/\/articulosreligiosos.com\/en\/product\/chasuble-with-embroidered-cross-copia\/","og_site_name":"articulosreligiosos.com","article_modified_time":"2026-02-10T11:17:37+00:00","og_image":[{"width":800,"height":1200,"url":"https:\/\/articulosreligiosos.com\/wp-content\/uploads\/2026\/02\/OLCA0620650-2-Casulla-con-bordado-ornamental.webp","type":"image\/webp"}],"twitter_card":"summary_large_image","twitter_misc":{"Availability":"In stock"},"schema":{"@context":"https:\/\/schema.org","@graph":[{"@type":"WebPage","@id":"https:\/\/articulosreligiosos.com\/en\/product\/chasuble-with-embroidered-cross-copia\/","url":"https:\/\/articulosreligiosos.com\/en\/product\/chasuble-with-embroidered-cross-copia\/","name":"Buy Chasuble with ornamental embroidery - Art\u00edculos Religiosos | Online Store","isPartOf":{"@id":"https:\/\/articulosreligiosos.com\/en\/#website"},"primaryImageOfPage":{"@id":"https:\/\/articulosreligiosos.com\/en\/product\/chasuble-with-embroidered-cross-copia\/#primaryimage"},"image":{"@id":"https:\/\/articulosreligiosos.com\/en\/product\/chasuble-with-embroidered-cross-copia\/#primaryimage"},"thumbnailUrl":"https:\/\/articulosreligiosos.com\/wp-content\/uploads\/2026\/02\/OLCA0620650-2-Casulla-con-bordado-ornamental.webp","datePublished":"2026-02-10T10:59:24+00:00","dateModified":"2026-02-10T11:17:37+00:00","description":"Liturgical chasuble made of Primavera fabric, lightweight and with an excellent drape. Decorated with geometric ornamental embroidery in gold thread, a golf collar, and fine trim along the edges. Available in green, white, and red, according to the liturgical season. Special opportunity due to stock clearance. Limited units.","breadcrumb":{"@id":"https:\/\/articulosreligiosos.com\/en\/product\/chasuble-with-embroidered-cross-copia\/#breadcrumb"},"inLanguage":"en-US","potentialAction":[{"@type":"ReadAction","target":["https:\/\/articulosreligiosos.com\/en\/product\/chasuble-with-embroidered-cross-copia\/"]}]},{"@type":"ImageObject","inLanguage":"en-US","@id":"https:\/\/articulosreligiosos.com\/en\/product\/chasuble-with-embroidered-cross-copia\/#primaryimage","url":"https:\/\/articulosreligiosos.com\/wp-content\/uploads\/2026\/02\/OLCA0620650-2-Casulla-con-bordado-ornamental.webp","contentUrl":"https:\/\/articulosreligiosos.com\/wp-content\/uploads\/2026\/02\/OLCA0620650-2-Casulla-con-bordado-ornamental.webp","width":800,"height":1200,"caption":"OLCA0620650-2-Chasuble-with-ornamental-embroidery"},{"@type":"BreadcrumbList","@id":"https:\/\/articulosreligiosos.com\/en\/product\/chasuble-with-embroidered-cross-copia\/#breadcrumb","itemListElement":[{"@type":"ListItem","position":1,"name":"Home","item":"https:\/\/articulosreligiosos.com\/en\/"},{"@type":"ListItem","position":2,"name":"Products"},{"@type":"ListItem","position":3,"name":"Chasuble with ornamental embroidery"}]},{"@type":"WebSite","@id":"https:\/\/articulosreligiosos.com\/en\/#website","url":"https:\/\/articulosreligiosos.com\/en\/","name":"Art\u00edculos Religiosos","description":"Tienda online | Fabricaci\u00f3n, restauraci\u00f3n y comercializaci\u00f3n de objetos religiosos al mejor precio y con el mejor servicio.","publisher":{"@id":"https:\/\/articulosreligiosos.com\/en\/#organization"},"potentialAction":[{"@type":"SearchAction","target":{"@type":"EntryPoint","urlTemplate":"https:\/\/articulosreligiosos.com\/en\/?s={search_term_string}"},"query-input":{"@type":"PropertyValueSpecification","valueRequired":true,"valueName":"search_term_string"}}],"inLanguage":"en-US"},{"@type":"Organization","@id":"https:\/\/articulosreligiosos.com\/en\/#organization","name":"Art\u00edculos Religiosos","url":"https:\/\/articulosreligiosos.com\/en\/","logo":{"@type":"ImageObject","inLanguage":"en-US","@id":"https:\/\/articulosreligiosos.com\/en\/#\/schema\/logo\/image\/","url":"https:\/\/articulosreligiosos.com\/wp-content\/uploads\/2023\/12\/newlogo-1.png","contentUrl":"https:\/\/articulosreligiosos.com\/wp-content\/uploads\/2023\/12\/newlogo-1.png","width":178,"height":114,"caption":"Art\u00edculos Religiosos"},"image":{"@id":"https:\/\/articulosreligiosos.com\/en\/#\/schema\/logo\/image\/"},"sameAs":["https:\/\/www.instagram.com\/articulosreligiosos.tienda\/"],"hasMerchantReturnPolicy":{"@type":"MerchantReturnPolicy","merchantReturnLink":"https:\/\/articulosreligiosos.com\/en\/refund-and-returns-policy\/"}}]},"og_availability":"instock","product_availability":"instock","product_retailer_item_id":"OLCA0620650","product_condition":"new"},"_links":{"self":[{"href":"https:\/\/articulosreligiosos.com\/en\/wp-json\/wp\/v2\/product\/357755","targetHints":{"allow":["GET"]}}],"collection":[{"href":"https:\/\/articulosreligiosos.com\/en\/wp-json\/wp\/v2\/product"}],"about":[{"href":"https:\/\/articulosreligiosos.com\/en\/wp-json\/wp\/v2\/types\/product"}],"replies":[{"embeddable":true,"href":"https:\/\/articulosreligiosos.com\/en\/wp-json\/wp\/v2\/comments?post=357755"}],"wp:featuredmedia":[{"embeddable":true,"href":"https:\/\/articulosreligiosos.com\/en\/wp-json\/wp\/v2\/media\/357763"}],"wp:attachment":[{"href":"https:\/\/articulosreligiosos.com\/en\/wp-json\/wp\/v2\/media?parent=357755"}],"wp:term":[{"taxonomy":"product_brand","embeddable":true,"href":"https:\/\/articulosreligiosos.com\/en\/wp-json\/wp\/v2\/product_brand?post=357755"},{"taxonomy":"product_cat","embeddable":true,"href":"https:\/\/articulosreligiosos.com\/en\/wp-json\/wp\/v2\/product_cat?post=357755"},{"taxonomy":"product_tag","embeddable":true,"href":"https:\/\/articulosreligiosos.com\/en\/wp-json\/wp\/v2\/product_tag?post=357755"}],"curies":[{"name":"wp","href":"https:\/\/api.w.org\/{rel}","templated":true}]}}