{"id":357686,"date":"2026-02-10T09:59:54","date_gmt":"2026-02-10T09:59:54","guid":{"rendered":"https:\/\/articulosreligiosos.com\/?post_type=product&#038;p=357686"},"modified":"2026-02-10T10:05:40","modified_gmt":"2026-02-10T10:05:40","slug":"casulla-liturgica-con-galon-bordado-copia","status":"publish","type":"product","link":"https:\/\/articulosreligiosos.com\/en\/product\/casulla-liturgica-con-galon-bordado-copia\/","title":{"rendered":"Liturgical chasuble with embroidered trim"},"content":{"rendered":"<p>This liturgical chasuble features a classic and balanced design, conceived to accompany the celebration of the Eucharist with a solemn and fully liturgical aesthetic.<\/p>\n<p>It is made from Primavera fabric, a higher-quality technical polyester prized for its superior texture, greater body, and a more fluid and elegant drape than standard polyester. This fabric combines durability, lightness, and easy care, offering a more refined look on the altar. <\/p>\n<p>The front is decorated with a central vertical braid, ornamented with embroidered crosses and geometric motifs of traditional inspiration, which provide a marked liturgical character and a clear symbolic reading, without being excessive.<\/p>\n<p>The chasuble features a golf collar, a wide cut, and a design that facilitates proper placement over the alb, ensuring comfort and freedom of movement during the celebration.<\/p>\n<p>Available only in red, this chasuble is especially suitable for martyrs&#8217; feasts, celebrations of the Holy Spirit, Good Friday and other solemnities proper to this liturgical color.<\/p>\n<p>The stole is included in the price.<\/p>\n","protected":false},"excerpt":{"rendered":"<p>Liturgical chasuble made of Primavera fabric, with an excellent drape and refined appearance. Decorated with a central braid featuring embroidered crosses, a golf collar, and simple edging.<br \/>\nAvailable exclusively in red, suitable for solemn celebrations of the liturgical calendar.<br \/>\nSpecial opportunity due to stock clearance. Limited units.<\/p>\n","protected":false},"featured_media":357687,"comment_status":"open","ping_status":"closed","template":"","meta":{"_acf_changed":false},"product_brand":[],"product_cat":[6516,6504],"product_tag":[],"class_list":{"0":"post-357686","1":"product","2":"type-product","3":"status-publish","4":"has-post-thumbnail","6":"product_cat-liturgical-vestments-chasuble-chasubles-en","7":"product_cat-liturgical-vestments-priest-vestments-en","8":"pa_altura-1300-en","9":"pa_color_ornamentos-red-en","10":"pa_disponibilidad-in-stock","11":"pa_manufacturer-p062-en","12":"pa_material-monastic","14":"first","15":"instock","16":"sale","17":"taxable","18":"shipping-taxable","19":"purchasable","20":"product-type-simple"},"acf":[],"yoast_head":"<!-- This site is optimized with the Yoast SEO Premium plugin v27.2 (Yoast SEO v27.2) - https:\/\/yoast.com\/product\/yoast-seo-premium-wordpress\/ -->\n<title>Buy Liturgical chasuble with embroidered trim - Art\u00edculos Religiosos | Online Store<\/title>\n<meta name=\"description\" content=\"Liturgical chasuble made of Primavera fabric, with an excellent drape and refined appearance. Decorated with a central braid featuring embroidered crosses, a golf collar, and simple edging. Available exclusively in red, suitable for solemn celebrations of the liturgical calendar. Special opportunity due to stock clearance. Limited units.\" \/>\n<meta name=\"robots\" content=\"index, follow, max-snippet:-1, max-image-preview:large, max-video-preview:-1\" \/>\n<link rel=\"canonical\" href=\"https:\/\/articulosreligiosos.com\/en\/product\/casulla-liturgica-con-galon-bordado-copia\/\" \/>\n<meta property=\"og:locale\" content=\"en_US\" \/>\n<meta property=\"og:type\" content=\"article\" \/>\n<meta property=\"og:title\" content=\"Liturgical chasuble with embroidered trim\" \/>\n<meta property=\"og:description\" content=\"Liturgical chasuble made of Primavera fabric, with an excellent drape and refined appearance. Decorated with a central braid featuring embroidered crosses, a golf collar, and simple edging. Available exclusively in red, suitable for solemn celebrations of the liturgical calendar. Special opportunity due to stock clearance. Limited units.\" \/>\n<meta property=\"og:url\" content=\"https:\/\/articulosreligiosos.com\/en\/product\/casulla-liturgica-con-galon-bordado-copia\/\" \/>\n<meta property=\"og:site_name\" content=\"articulosreligiosos.com\" \/>\n<meta property=\"article:modified_time\" content=\"2026-02-10T10:05:40+00:00\" \/>\n<meta property=\"og:image\" content=\"https:\/\/articulosreligiosos.com\/wp-content\/uploads\/2026\/02\/OLCA0620823B-0-Casulla-liturgica-con-galon-bordado.webp\" \/>\n\t<meta property=\"og:image:width\" content=\"719\" \/>\n\t<meta property=\"og:image:height\" content=\"1200\" \/>\n\t<meta property=\"og:image:type\" content=\"image\/webp\" \/>\n<meta name=\"twitter:card\" content=\"summary_large_image\" \/>\n<meta name=\"twitter:label1\" content=\"Price\" \/>\n\t<meta name=\"twitter:data1\" content=\"123,59&nbsp;&euro;\" \/>\n\t<meta name=\"twitter:label2\" content=\"Availability\" \/>\n\t<meta name=\"twitter:data2\" content=\"In stock\" \/>\n<script type=\"application\/ld+json\" class=\"yoast-schema-graph\">{\"@context\":\"https:\/\/schema.org\",\"@graph\":[{\"@type\":\"WebPage\",\"@id\":\"https:\/\/articulosreligiosos.com\/en\/product\/casulla-liturgica-con-galon-bordado-copia\/\",\"url\":\"https:\/\/articulosreligiosos.com\/en\/product\/casulla-liturgica-con-galon-bordado-copia\/\",\"name\":\"Buy Liturgical chasuble with embroidered trim - Art\u00edculos Religiosos | Online Store\",\"isPartOf\":{\"@id\":\"https:\/\/articulosreligiosos.com\/en\/#website\"},\"primaryImageOfPage\":{\"@id\":\"https:\/\/articulosreligiosos.com\/en\/product\/casulla-liturgica-con-galon-bordado-copia\/#primaryimage\"},\"image\":{\"@id\":\"https:\/\/articulosreligiosos.com\/en\/product\/casulla-liturgica-con-galon-bordado-copia\/#primaryimage\"},\"thumbnailUrl\":\"https:\/\/articulosreligiosos.com\/wp-content\/uploads\/2026\/02\/OLCA0620823B-0-Casulla-liturgica-con-galon-bordado.webp\",\"datePublished\":\"2026-02-10T09:59:54+00:00\",\"dateModified\":\"2026-02-10T10:05:40+00:00\",\"description\":\"Liturgical chasuble made of Primavera fabric, with an excellent drape and refined appearance. Decorated with a central braid featuring embroidered crosses, a golf collar, and simple edging. Available exclusively in red, suitable for solemn celebrations of the liturgical calendar. Special opportunity due to stock clearance. Limited units.\",\"breadcrumb\":{\"@id\":\"https:\/\/articulosreligiosos.com\/en\/product\/casulla-liturgica-con-galon-bordado-copia\/#breadcrumb\"},\"inLanguage\":\"en-US\",\"potentialAction\":[{\"@type\":\"ReadAction\",\"target\":[\"https:\/\/articulosreligiosos.com\/en\/product\/casulla-liturgica-con-galon-bordado-copia\/\"]}]},{\"@type\":\"ImageObject\",\"inLanguage\":\"en-US\",\"@id\":\"https:\/\/articulosreligiosos.com\/en\/product\/casulla-liturgica-con-galon-bordado-copia\/#primaryimage\",\"url\":\"https:\/\/articulosreligiosos.com\/wp-content\/uploads\/2026\/02\/OLCA0620823B-0-Casulla-liturgica-con-galon-bordado.webp\",\"contentUrl\":\"https:\/\/articulosreligiosos.com\/wp-content\/uploads\/2026\/02\/OLCA0620823B-0-Casulla-liturgica-con-galon-bordado.webp\",\"width\":719,\"height\":1200,\"caption\":\"OLCA0620823B-0-Liturgical-chasuble-with-embroidered-trim\"},{\"@type\":\"BreadcrumbList\",\"@id\":\"https:\/\/articulosreligiosos.com\/en\/product\/casulla-liturgica-con-galon-bordado-copia\/#breadcrumb\",\"itemListElement\":[{\"@type\":\"ListItem\",\"position\":1,\"name\":\"Home\",\"item\":\"https:\/\/articulosreligiosos.com\/en\/\"},{\"@type\":\"ListItem\",\"position\":2,\"name\":\"Products\"},{\"@type\":\"ListItem\",\"position\":3,\"name\":\"Liturgical chasuble with embroidered trim\"}]},{\"@type\":\"WebSite\",\"@id\":\"https:\/\/articulosreligiosos.com\/en\/#website\",\"url\":\"https:\/\/articulosreligiosos.com\/en\/\",\"name\":\"Art\u00edculos Religiosos\",\"description\":\"Tienda online | Fabricaci\u00f3n, restauraci\u00f3n y comercializaci\u00f3n de objetos religiosos al mejor precio y con el mejor servicio.\",\"publisher\":{\"@id\":\"https:\/\/articulosreligiosos.com\/en\/#organization\"},\"potentialAction\":[{\"@type\":\"SearchAction\",\"target\":{\"@type\":\"EntryPoint\",\"urlTemplate\":\"https:\/\/articulosreligiosos.com\/en\/?s={search_term_string}\"},\"query-input\":{\"@type\":\"PropertyValueSpecification\",\"valueRequired\":true,\"valueName\":\"search_term_string\"}}],\"inLanguage\":\"en-US\"},{\"@type\":\"Organization\",\"@id\":\"https:\/\/articulosreligiosos.com\/en\/#organization\",\"name\":\"Art\u00edculos Religiosos\",\"url\":\"https:\/\/articulosreligiosos.com\/en\/\",\"logo\":{\"@type\":\"ImageObject\",\"inLanguage\":\"en-US\",\"@id\":\"https:\/\/articulosreligiosos.com\/en\/#\/schema\/logo\/image\/\",\"url\":\"https:\/\/articulosreligiosos.com\/wp-content\/uploads\/2023\/12\/newlogo-1.png\",\"contentUrl\":\"https:\/\/articulosreligiosos.com\/wp-content\/uploads\/2023\/12\/newlogo-1.png\",\"width\":178,\"height\":114,\"caption\":\"Art\u00edculos Religiosos\"},\"image\":{\"@id\":\"https:\/\/articulosreligiosos.com\/en\/#\/schema\/logo\/image\/\"},\"sameAs\":[\"https:\/\/www.instagram.com\/articulosreligiosos.tienda\/\"],\"hasMerchantReturnPolicy\":{\"@type\":\"MerchantReturnPolicy\",\"merchantReturnLink\":\"https:\/\/articulosreligiosos.com\/en\/refund-and-returns-policy\/\"}}]}<\/script>\n<meta property=\"product:price:amount\" content=\"123.59\" \/>\n<meta property=\"product:price:currency\" content=\"EUR\" \/>\n<meta property=\"og:availability\" content=\"instock\" \/>\n<meta property=\"product:availability\" content=\"instock\" \/>\n<meta property=\"product:retailer_item_id\" content=\"OLCA0620823B\" \/>\n<meta property=\"product:condition\" content=\"new\" \/>\n<!-- \/ Yoast SEO Premium plugin. -->","yoast_head_json":{"title":"Buy Liturgical chasuble with embroidered trim - Art\u00edculos Religiosos | Online Store","description":"Liturgical chasuble made of Primavera fabric, with an excellent drape and refined appearance. Decorated with a central braid featuring embroidered crosses, a golf collar, and simple edging. Available exclusively in red, suitable for solemn celebrations of the liturgical calendar. Special opportunity due to stock clearance. Limited units.","robots":{"index":"index","follow":"follow","max-snippet":"max-snippet:-1","max-image-preview":"max-image-preview:large","max-video-preview":"max-video-preview:-1"},"canonical":"https:\/\/articulosreligiosos.com\/en\/product\/casulla-liturgica-con-galon-bordado-copia\/","og_locale":"en_US","og_type":"article","og_title":"Liturgical chasuble with embroidered trim","og_description":"Liturgical chasuble made of Primavera fabric, with an excellent drape and refined appearance. Decorated with a central braid featuring embroidered crosses, a golf collar, and simple edging. Available exclusively in red, suitable for solemn celebrations of the liturgical calendar. Special opportunity due to stock clearance. Limited units.","og_url":"https:\/\/articulosreligiosos.com\/en\/product\/casulla-liturgica-con-galon-bordado-copia\/","og_site_name":"articulosreligiosos.com","article_modified_time":"2026-02-10T10:05:40+00:00","og_image":[{"width":719,"height":1200,"url":"https:\/\/articulosreligiosos.com\/wp-content\/uploads\/2026\/02\/OLCA0620823B-0-Casulla-liturgica-con-galon-bordado.webp","type":"image\/webp"}],"twitter_card":"summary_large_image","twitter_misc":{"Price":"123,59&nbsp;&euro;","Availability":"In stock"},"schema":{"@context":"https:\/\/schema.org","@graph":[{"@type":"WebPage","@id":"https:\/\/articulosreligiosos.com\/en\/product\/casulla-liturgica-con-galon-bordado-copia\/","url":"https:\/\/articulosreligiosos.com\/en\/product\/casulla-liturgica-con-galon-bordado-copia\/","name":"Buy Liturgical chasuble with embroidered trim - Art\u00edculos Religiosos | Online Store","isPartOf":{"@id":"https:\/\/articulosreligiosos.com\/en\/#website"},"primaryImageOfPage":{"@id":"https:\/\/articulosreligiosos.com\/en\/product\/casulla-liturgica-con-galon-bordado-copia\/#primaryimage"},"image":{"@id":"https:\/\/articulosreligiosos.com\/en\/product\/casulla-liturgica-con-galon-bordado-copia\/#primaryimage"},"thumbnailUrl":"https:\/\/articulosreligiosos.com\/wp-content\/uploads\/2026\/02\/OLCA0620823B-0-Casulla-liturgica-con-galon-bordado.webp","datePublished":"2026-02-10T09:59:54+00:00","dateModified":"2026-02-10T10:05:40+00:00","description":"Liturgical chasuble made of Primavera fabric, with an excellent drape and refined appearance. Decorated with a central braid featuring embroidered crosses, a golf collar, and simple edging. Available exclusively in red, suitable for solemn celebrations of the liturgical calendar. Special opportunity due to stock clearance. Limited units.","breadcrumb":{"@id":"https:\/\/articulosreligiosos.com\/en\/product\/casulla-liturgica-con-galon-bordado-copia\/#breadcrumb"},"inLanguage":"en-US","potentialAction":[{"@type":"ReadAction","target":["https:\/\/articulosreligiosos.com\/en\/product\/casulla-liturgica-con-galon-bordado-copia\/"]}]},{"@type":"ImageObject","inLanguage":"en-US","@id":"https:\/\/articulosreligiosos.com\/en\/product\/casulla-liturgica-con-galon-bordado-copia\/#primaryimage","url":"https:\/\/articulosreligiosos.com\/wp-content\/uploads\/2026\/02\/OLCA0620823B-0-Casulla-liturgica-con-galon-bordado.webp","contentUrl":"https:\/\/articulosreligiosos.com\/wp-content\/uploads\/2026\/02\/OLCA0620823B-0-Casulla-liturgica-con-galon-bordado.webp","width":719,"height":1200,"caption":"OLCA0620823B-0-Liturgical-chasuble-with-embroidered-trim"},{"@type":"BreadcrumbList","@id":"https:\/\/articulosreligiosos.com\/en\/product\/casulla-liturgica-con-galon-bordado-copia\/#breadcrumb","itemListElement":[{"@type":"ListItem","position":1,"name":"Home","item":"https:\/\/articulosreligiosos.com\/en\/"},{"@type":"ListItem","position":2,"name":"Products"},{"@type":"ListItem","position":3,"name":"Liturgical chasuble with embroidered trim"}]},{"@type":"WebSite","@id":"https:\/\/articulosreligiosos.com\/en\/#website","url":"https:\/\/articulosreligiosos.com\/en\/","name":"Art\u00edculos Religiosos","description":"Tienda online | Fabricaci\u00f3n, restauraci\u00f3n y comercializaci\u00f3n de objetos religiosos al mejor precio y con el mejor servicio.","publisher":{"@id":"https:\/\/articulosreligiosos.com\/en\/#organization"},"potentialAction":[{"@type":"SearchAction","target":{"@type":"EntryPoint","urlTemplate":"https:\/\/articulosreligiosos.com\/en\/?s={search_term_string}"},"query-input":{"@type":"PropertyValueSpecification","valueRequired":true,"valueName":"search_term_string"}}],"inLanguage":"en-US"},{"@type":"Organization","@id":"https:\/\/articulosreligiosos.com\/en\/#organization","name":"Art\u00edculos Religiosos","url":"https:\/\/articulosreligiosos.com\/en\/","logo":{"@type":"ImageObject","inLanguage":"en-US","@id":"https:\/\/articulosreligiosos.com\/en\/#\/schema\/logo\/image\/","url":"https:\/\/articulosreligiosos.com\/wp-content\/uploads\/2023\/12\/newlogo-1.png","contentUrl":"https:\/\/articulosreligiosos.com\/wp-content\/uploads\/2023\/12\/newlogo-1.png","width":178,"height":114,"caption":"Art\u00edculos Religiosos"},"image":{"@id":"https:\/\/articulosreligiosos.com\/en\/#\/schema\/logo\/image\/"},"sameAs":["https:\/\/www.instagram.com\/articulosreligiosos.tienda\/"],"hasMerchantReturnPolicy":{"@type":"MerchantReturnPolicy","merchantReturnLink":"https:\/\/articulosreligiosos.com\/en\/refund-and-returns-policy\/"}}]},"product_price_amount":"123.59","product_price_currency":"EUR","og_availability":"instock","product_availability":"instock","product_retailer_item_id":"OLCA0620823B","product_condition":"new"},"_links":{"self":[{"href":"https:\/\/articulosreligiosos.com\/en\/wp-json\/wp\/v2\/product\/357686","targetHints":{"allow":["GET"]}}],"collection":[{"href":"https:\/\/articulosreligiosos.com\/en\/wp-json\/wp\/v2\/product"}],"about":[{"href":"https:\/\/articulosreligiosos.com\/en\/wp-json\/wp\/v2\/types\/product"}],"replies":[{"embeddable":true,"href":"https:\/\/articulosreligiosos.com\/en\/wp-json\/wp\/v2\/comments?post=357686"}],"wp:featuredmedia":[{"embeddable":true,"href":"https:\/\/articulosreligiosos.com\/en\/wp-json\/wp\/v2\/media\/357687"}],"wp:attachment":[{"href":"https:\/\/articulosreligiosos.com\/en\/wp-json\/wp\/v2\/media?parent=357686"}],"wp:term":[{"taxonomy":"product_brand","embeddable":true,"href":"https:\/\/articulosreligiosos.com\/en\/wp-json\/wp\/v2\/product_brand?post=357686"},{"taxonomy":"product_cat","embeddable":true,"href":"https:\/\/articulosreligiosos.com\/en\/wp-json\/wp\/v2\/product_cat?post=357686"},{"taxonomy":"product_tag","embeddable":true,"href":"https:\/\/articulosreligiosos.com\/en\/wp-json\/wp\/v2\/product_tag?post=357686"}],"curies":[{"name":"wp","href":"https:\/\/api.w.org\/{rel}","templated":true}]}}