{"id":357668,"date":"2026-02-09T17:47:10","date_gmt":"2026-02-09T17:47:10","guid":{"rendered":"https:\/\/articulosreligiosos.com\/product\/casulla-liturgica-con-bordado-ihs\/"},"modified":"2026-02-10T07:39:21","modified_gmt":"2026-02-10T07:39:21","slug":"casulla-liturgica-con-bordado-ihs","status":"publish","type":"product","link":"https:\/\/articulosreligiosos.com\/en\/product\/casulla-liturgica-con-bordado-ihs\/","title":{"rendered":"Liturgical chasuble with IHS embroidery"},"content":{"rendered":"<p>This liturgical chasuble features a sober and balanced design, intended to accompany the celebration of the Eucharist with a clear and fully liturgical aesthetic.<\/p>\n<p>It is made from 100% polyester fabric, a durable, lightweight, and easy-care material suitable for frequent use. Its loose cut allows the fabric to drape beautifully and fits comfortably over the bed. <\/p>\n<p>In the micromonastic variant, the polyester has a higher quality finish, with better texture, more body and a more elegant drape, resulting in a more refined visual presence on the altar.<\/p>\n<p>The front panel is decorated with a central IHS embroidery, a traditional Christogram representing the name of Jesus, accompanied by a radiant cross embroidered in gold thread. This motif conveys a clear Eucharistic meaning while maintaining a restrained ornamentation that respects tradition. <\/p>\n<p>The chasuble features a golf collar and discreet edging, which enhances the garment without overloading it, allowing freedom of movement during the celebration.<\/p>\n<p>Available in purple, red and green, it is suitable for ordinary time, penitential celebrations, martyrs&#8217; feasts and solemnities, according to the corresponding liturgical color.<\/p>\n<p>The stole is included in the price.<\/p>\n","protected":false},"excerpt":{"rendered":"<p>Liturgical chasuble made of 100% polyester, lightweight and with a beautiful drape. Decorated with a central IHS embroidery with a gold thread cross, a golf collar, and discreet piping.<br \/>Available in purple, red, and green, according to the liturgical season.<br \/>\n<strong>Special opportunity due to stock clearance. Limited units. <\/strong><\/p>\n","protected":false},"featured_media":357667,"comment_status":"open","ping_status":"closed","template":"","meta":{"_acf_changed":false},"product_brand":[],"product_cat":[6516],"product_tag":[],"class_list":{"0":"post-357668","1":"product","2":"type-product","3":"status-publish","4":"has-post-thumbnail","6":"product_cat-liturgical-vestments-chasuble-chasubles-en","7":"pa_altura-1300-en","8":"pa_color_ornamentos-green-en","9":"pa_color_ornamentos-purple-en","10":"pa_color_ornamentos-red-en","11":"pa_disponibilidad-in-stock","12":"pa_manufacturer-p062-en","13":"pa_material-monastic","14":"pa_material-polyester-en-en","16":"first","17":"instock","18":"sale","19":"taxable","20":"shipping-taxable","21":"purchasable","22":"product-type-variable","23":"rtwpvs-product"},"acf":[],"yoast_head":"<!-- This site is optimized with the Yoast SEO Premium plugin v27.2 (Yoast SEO v27.2) - https:\/\/yoast.com\/product\/yoast-seo-premium-wordpress\/ -->\n<title>Buy Liturgical chasuble with IHS embroidery - Art\u00edculos Religiosos | Online Store<\/title>\n<meta name=\"description\" content=\"Liturgical chasuble made of 100% polyester, lightweight and with a beautiful drape. Decorated with a central IHS embroidery with a gold thread cross, a golf collar, and discreet piping.Available in purple, red, and green, according to the liturgical season. Special opportunity due to stock clearance. Limited units.\" \/>\n<meta name=\"robots\" content=\"index, follow, max-snippet:-1, max-image-preview:large, max-video-preview:-1\" \/>\n<link rel=\"canonical\" href=\"https:\/\/articulosreligiosos.com\/en\/product\/casulla-liturgica-con-bordado-ihs\/\" \/>\n<meta property=\"og:locale\" content=\"en_US\" \/>\n<meta property=\"og:type\" content=\"article\" \/>\n<meta property=\"og:title\" content=\"Liturgical chasuble with IHS embroidery\" \/>\n<meta property=\"og:description\" content=\"Liturgical chasuble made of 100% polyester, lightweight and with a beautiful drape. Decorated with a central IHS embroidery with a gold thread cross, a golf collar, and discreet piping.Available in purple, red, and green, according to the liturgical season. Special opportunity due to stock clearance. Limited units.\" \/>\n<meta property=\"og:url\" content=\"https:\/\/articulosreligiosos.com\/en\/product\/casulla-liturgica-con-bordado-ihs\/\" \/>\n<meta property=\"og:site_name\" content=\"articulosreligiosos.com\" \/>\n<meta property=\"article:modified_time\" content=\"2026-02-10T07:39:21+00:00\" \/>\n<meta property=\"og:image\" content=\"https:\/\/articulosreligiosos.com\/wp-content\/uploads\/2026\/02\/OLCA0620220-3-Casulla-liturgica-con-bordado-IHS.webp\" \/>\n\t<meta property=\"og:image:width\" content=\"523\" \/>\n\t<meta property=\"og:image:height\" content=\"1200\" \/>\n\t<meta property=\"og:image:type\" content=\"image\/webp\" \/>\n<meta name=\"twitter:card\" content=\"summary_large_image\" \/>\n<meta name=\"twitter:label1\" content=\"Availability\" \/>\n\t<meta name=\"twitter:data1\" content=\"In stock\" \/>\n<script type=\"application\/ld+json\" class=\"yoast-schema-graph\">{\"@context\":\"https:\/\/schema.org\",\"@graph\":[{\"@type\":\"WebPage\",\"@id\":\"https:\/\/articulosreligiosos.com\/en\/product\/casulla-liturgica-con-bordado-ihs\/\",\"url\":\"https:\/\/articulosreligiosos.com\/en\/product\/casulla-liturgica-con-bordado-ihs\/\",\"name\":\"Buy Liturgical chasuble with IHS embroidery - Art\u00edculos Religiosos | Online Store\",\"isPartOf\":{\"@id\":\"https:\/\/articulosreligiosos.com\/en\/#website\"},\"primaryImageOfPage\":{\"@id\":\"https:\/\/articulosreligiosos.com\/en\/product\/casulla-liturgica-con-bordado-ihs\/#primaryimage\"},\"image\":{\"@id\":\"https:\/\/articulosreligiosos.com\/en\/product\/casulla-liturgica-con-bordado-ihs\/#primaryimage\"},\"thumbnailUrl\":\"https:\/\/articulosreligiosos.com\/wp-content\/uploads\/2026\/02\/OLCA0620220-3-Casulla-liturgica-con-bordado-IHS.webp\",\"datePublished\":\"2026-02-09T17:47:10+00:00\",\"dateModified\":\"2026-02-10T07:39:21+00:00\",\"description\":\"Liturgical chasuble made of 100% polyester, lightweight and with a beautiful drape. Decorated with a central IHS embroidery with a gold thread cross, a golf collar, and discreet piping. Available in purple, red, and green, according to the liturgical season. Special opportunity due to stock clearance. Limited units.\",\"breadcrumb\":{\"@id\":\"https:\/\/articulosreligiosos.com\/en\/product\/casulla-liturgica-con-bordado-ihs\/#breadcrumb\"},\"inLanguage\":\"en-US\",\"potentialAction\":[{\"@type\":\"ReadAction\",\"target\":[\"https:\/\/articulosreligiosos.com\/en\/product\/casulla-liturgica-con-bordado-ihs\/\"]}]},{\"@type\":\"ImageObject\",\"inLanguage\":\"en-US\",\"@id\":\"https:\/\/articulosreligiosos.com\/en\/product\/casulla-liturgica-con-bordado-ihs\/#primaryimage\",\"url\":\"https:\/\/articulosreligiosos.com\/wp-content\/uploads\/2026\/02\/OLCA0620220-3-Casulla-liturgica-con-bordado-IHS.webp\",\"contentUrl\":\"https:\/\/articulosreligiosos.com\/wp-content\/uploads\/2026\/02\/OLCA0620220-3-Casulla-liturgica-con-bordado-IHS.webp\",\"width\":523,\"height\":1200,\"caption\":\"OLCA0620220-3-Liturgical-chasuble-with-IHS-embroidery\"},{\"@type\":\"BreadcrumbList\",\"@id\":\"https:\/\/articulosreligiosos.com\/en\/product\/casulla-liturgica-con-bordado-ihs\/#breadcrumb\",\"itemListElement\":[{\"@type\":\"ListItem\",\"position\":1,\"name\":\"Home\",\"item\":\"https:\/\/articulosreligiosos.com\/en\/\"},{\"@type\":\"ListItem\",\"position\":2,\"name\":\"Products\"},{\"@type\":\"ListItem\",\"position\":3,\"name\":\"Liturgical chasuble with IHS embroidery\"}]},{\"@type\":\"WebSite\",\"@id\":\"https:\/\/articulosreligiosos.com\/en\/#website\",\"url\":\"https:\/\/articulosreligiosos.com\/en\/\",\"name\":\"Art\u00edculos Religiosos\",\"description\":\"Tienda online | Fabricaci\u00f3n, restauraci\u00f3n y comercializaci\u00f3n de objetos religiosos al mejor precio y con el mejor servicio.\",\"publisher\":{\"@id\":\"https:\/\/articulosreligiosos.com\/en\/#organization\"},\"potentialAction\":[{\"@type\":\"SearchAction\",\"target\":{\"@type\":\"EntryPoint\",\"urlTemplate\":\"https:\/\/articulosreligiosos.com\/en\/?s={search_term_string}\"},\"query-input\":{\"@type\":\"PropertyValueSpecification\",\"valueRequired\":true,\"valueName\":\"search_term_string\"}}],\"inLanguage\":\"en-US\"},{\"@type\":\"Organization\",\"@id\":\"https:\/\/articulosreligiosos.com\/en\/#organization\",\"name\":\"Art\u00edculos Religiosos\",\"url\":\"https:\/\/articulosreligiosos.com\/en\/\",\"logo\":{\"@type\":\"ImageObject\",\"inLanguage\":\"en-US\",\"@id\":\"https:\/\/articulosreligiosos.com\/en\/#\/schema\/logo\/image\/\",\"url\":\"https:\/\/articulosreligiosos.com\/wp-content\/uploads\/2023\/12\/newlogo-1.png\",\"contentUrl\":\"https:\/\/articulosreligiosos.com\/wp-content\/uploads\/2023\/12\/newlogo-1.png\",\"width\":178,\"height\":114,\"caption\":\"Art\u00edculos Religiosos\"},\"image\":{\"@id\":\"https:\/\/articulosreligiosos.com\/en\/#\/schema\/logo\/image\/\"},\"sameAs\":[\"https:\/\/www.instagram.com\/articulosreligiosos.tienda\/\"],\"hasMerchantReturnPolicy\":{\"@type\":\"MerchantReturnPolicy\",\"merchantReturnLink\":\"https:\/\/articulosreligiosos.com\/en\/refund-and-returns-policy\/\"}}]}<\/script>\n<meta property=\"og:availability\" content=\"instock\" \/>\n<meta property=\"product:availability\" content=\"instock\" \/>\n<meta property=\"product:retailer_item_id\" content=\"OLCA0620220\" \/>\n<meta property=\"product:condition\" content=\"new\" \/>\n<!-- \/ Yoast SEO Premium plugin. -->","yoast_head_json":{"title":"Buy Liturgical chasuble with IHS embroidery - Art\u00edculos Religiosos | Online Store","description":"Liturgical chasuble made of 100% polyester, lightweight and with a beautiful drape. Decorated with a central IHS embroidery with a gold thread cross, a golf collar, and discreet piping.Available in purple, red, and green, according to the liturgical season. Special opportunity due to stock clearance. Limited units.","robots":{"index":"index","follow":"follow","max-snippet":"max-snippet:-1","max-image-preview":"max-image-preview:large","max-video-preview":"max-video-preview:-1"},"canonical":"https:\/\/articulosreligiosos.com\/en\/product\/casulla-liturgica-con-bordado-ihs\/","og_locale":"en_US","og_type":"article","og_title":"Liturgical chasuble with IHS embroidery","og_description":"Liturgical chasuble made of 100% polyester, lightweight and with a beautiful drape. Decorated with a central IHS embroidery with a gold thread cross, a golf collar, and discreet piping.Available in purple, red, and green, according to the liturgical season. Special opportunity due to stock clearance. Limited units.","og_url":"https:\/\/articulosreligiosos.com\/en\/product\/casulla-liturgica-con-bordado-ihs\/","og_site_name":"articulosreligiosos.com","article_modified_time":"2026-02-10T07:39:21+00:00","og_image":[{"width":523,"height":1200,"url":"https:\/\/articulosreligiosos.com\/wp-content\/uploads\/2026\/02\/OLCA0620220-3-Casulla-liturgica-con-bordado-IHS.webp","type":"image\/webp"}],"twitter_card":"summary_large_image","twitter_misc":{"Availability":"In stock"},"schema":{"@context":"https:\/\/schema.org","@graph":[{"@type":"WebPage","@id":"https:\/\/articulosreligiosos.com\/en\/product\/casulla-liturgica-con-bordado-ihs\/","url":"https:\/\/articulosreligiosos.com\/en\/product\/casulla-liturgica-con-bordado-ihs\/","name":"Buy Liturgical chasuble with IHS embroidery - Art\u00edculos Religiosos | Online Store","isPartOf":{"@id":"https:\/\/articulosreligiosos.com\/en\/#website"},"primaryImageOfPage":{"@id":"https:\/\/articulosreligiosos.com\/en\/product\/casulla-liturgica-con-bordado-ihs\/#primaryimage"},"image":{"@id":"https:\/\/articulosreligiosos.com\/en\/product\/casulla-liturgica-con-bordado-ihs\/#primaryimage"},"thumbnailUrl":"https:\/\/articulosreligiosos.com\/wp-content\/uploads\/2026\/02\/OLCA0620220-3-Casulla-liturgica-con-bordado-IHS.webp","datePublished":"2026-02-09T17:47:10+00:00","dateModified":"2026-02-10T07:39:21+00:00","description":"Liturgical chasuble made of 100% polyester, lightweight and with a beautiful drape. Decorated with a central IHS embroidery with a gold thread cross, a golf collar, and discreet piping. Available in purple, red, and green, according to the liturgical season. Special opportunity due to stock clearance. Limited units.","breadcrumb":{"@id":"https:\/\/articulosreligiosos.com\/en\/product\/casulla-liturgica-con-bordado-ihs\/#breadcrumb"},"inLanguage":"en-US","potentialAction":[{"@type":"ReadAction","target":["https:\/\/articulosreligiosos.com\/en\/product\/casulla-liturgica-con-bordado-ihs\/"]}]},{"@type":"ImageObject","inLanguage":"en-US","@id":"https:\/\/articulosreligiosos.com\/en\/product\/casulla-liturgica-con-bordado-ihs\/#primaryimage","url":"https:\/\/articulosreligiosos.com\/wp-content\/uploads\/2026\/02\/OLCA0620220-3-Casulla-liturgica-con-bordado-IHS.webp","contentUrl":"https:\/\/articulosreligiosos.com\/wp-content\/uploads\/2026\/02\/OLCA0620220-3-Casulla-liturgica-con-bordado-IHS.webp","width":523,"height":1200,"caption":"OLCA0620220-3-Liturgical-chasuble-with-IHS-embroidery"},{"@type":"BreadcrumbList","@id":"https:\/\/articulosreligiosos.com\/en\/product\/casulla-liturgica-con-bordado-ihs\/#breadcrumb","itemListElement":[{"@type":"ListItem","position":1,"name":"Home","item":"https:\/\/articulosreligiosos.com\/en\/"},{"@type":"ListItem","position":2,"name":"Products"},{"@type":"ListItem","position":3,"name":"Liturgical chasuble with IHS embroidery"}]},{"@type":"WebSite","@id":"https:\/\/articulosreligiosos.com\/en\/#website","url":"https:\/\/articulosreligiosos.com\/en\/","name":"Art\u00edculos Religiosos","description":"Tienda online | Fabricaci\u00f3n, restauraci\u00f3n y comercializaci\u00f3n de objetos religiosos al mejor precio y con el mejor servicio.","publisher":{"@id":"https:\/\/articulosreligiosos.com\/en\/#organization"},"potentialAction":[{"@type":"SearchAction","target":{"@type":"EntryPoint","urlTemplate":"https:\/\/articulosreligiosos.com\/en\/?s={search_term_string}"},"query-input":{"@type":"PropertyValueSpecification","valueRequired":true,"valueName":"search_term_string"}}],"inLanguage":"en-US"},{"@type":"Organization","@id":"https:\/\/articulosreligiosos.com\/en\/#organization","name":"Art\u00edculos Religiosos","url":"https:\/\/articulosreligiosos.com\/en\/","logo":{"@type":"ImageObject","inLanguage":"en-US","@id":"https:\/\/articulosreligiosos.com\/en\/#\/schema\/logo\/image\/","url":"https:\/\/articulosreligiosos.com\/wp-content\/uploads\/2023\/12\/newlogo-1.png","contentUrl":"https:\/\/articulosreligiosos.com\/wp-content\/uploads\/2023\/12\/newlogo-1.png","width":178,"height":114,"caption":"Art\u00edculos Religiosos"},"image":{"@id":"https:\/\/articulosreligiosos.com\/en\/#\/schema\/logo\/image\/"},"sameAs":["https:\/\/www.instagram.com\/articulosreligiosos.tienda\/"],"hasMerchantReturnPolicy":{"@type":"MerchantReturnPolicy","merchantReturnLink":"https:\/\/articulosreligiosos.com\/en\/refund-and-returns-policy\/"}}]},"og_availability":"instock","product_availability":"instock","product_retailer_item_id":"OLCA0620220","product_condition":"new"},"_links":{"self":[{"href":"https:\/\/articulosreligiosos.com\/en\/wp-json\/wp\/v2\/product\/357668","targetHints":{"allow":["GET"]}}],"collection":[{"href":"https:\/\/articulosreligiosos.com\/en\/wp-json\/wp\/v2\/product"}],"about":[{"href":"https:\/\/articulosreligiosos.com\/en\/wp-json\/wp\/v2\/types\/product"}],"replies":[{"embeddable":true,"href":"https:\/\/articulosreligiosos.com\/en\/wp-json\/wp\/v2\/comments?post=357668"}],"wp:featuredmedia":[{"embeddable":true,"href":"https:\/\/articulosreligiosos.com\/en\/wp-json\/wp\/v2\/media\/357667"}],"wp:attachment":[{"href":"https:\/\/articulosreligiosos.com\/en\/wp-json\/wp\/v2\/media?parent=357668"}],"wp:term":[{"taxonomy":"product_brand","embeddable":true,"href":"https:\/\/articulosreligiosos.com\/en\/wp-json\/wp\/v2\/product_brand?post=357668"},{"taxonomy":"product_cat","embeddable":true,"href":"https:\/\/articulosreligiosos.com\/en\/wp-json\/wp\/v2\/product_cat?post=357668"},{"taxonomy":"product_tag","embeddable":true,"href":"https:\/\/articulosreligiosos.com\/en\/wp-json\/wp\/v2\/product_tag?post=357668"}],"curies":[{"name":"wp","href":"https:\/\/api.w.org\/{rel}","templated":true}]}}