{"id":320200,"date":"2025-03-07T16:26:59","date_gmt":"2025-03-07T16:26:59","guid":{"rendered":"https:\/\/articulosreligiosos.com\/product\/relief-of-the-sacred-heart-of-jesus-with-rays\/"},"modified":"2025-05-18T17:53:23","modified_gmt":"2025-05-18T17:53:23","slug":"relief-of-the-sacred-heart-of-jesus-with-rays","status":"publish","type":"product","link":"https:\/\/articulosreligiosos.com\/en\/product\/relief-of-the-sacred-heart-of-jesus-with-rays\/","title":{"rendered":"Relief of the Sacred Heart of Jesus with rays"},"content":{"rendered":"<p>Relief of the Sacred Heart of Jesus with rays<\/p>\n<p> This religious <strong>wooden<\/strong> image stands out for its careful craftsmanship.<br \/> Inexhaustible source of love and mercy that renews hearts. Patron of Families, universal consecration. Feast day: June 8.<br \/> Devotion in every detail<\/p>\n<p> A unique piece that conveys spirituality. Buy with confidence and assured quality.<br \/> Visit our complete collection of <a href=\"https:\/\/articulosreligiosos.com\/en\/product-category\/religious-statues-religious-sculptures-catholic-statues-en\/\" target=\"_blank\">religious imagery<\/a> .<\/p>\n","protected":false},"excerpt":{"rendered":"<p>Meticulously carved and embellished with high-quality oil paints, this exquisite maple wood relief shines with a gold leaf finish that enhances its elegance. Each handcrafted piece is available in a variety of finishes, including the option to preserve the natural beauty of the wood, and is offered in multiple sizes to fit any space. <\/p>\n","protected":false},"featured_media":338126,"comment_status":"open","ping_status":"closed","template":"","meta":{"_acf_changed":false},"product_brand":[],"product_cat":[6288,6258],"product_tag":[],"class_list":{"0":"post-320200","1":"product","2":"type-product","3":"status-publish","4":"has-post-thumbnail","6":"product_cat-high-reliefs-religious-sculptures-en","7":"product_cat-religious-statues-religious-sculptures-catholic-statues-en","8":"pa_altura-115-en","9":"pa_altura-46-en","10":"pa_altura-58-en","11":"pa_altura-76-en","12":"pa_decoracion_imagenes-antique-en","13":"pa_decoracion_imagenes-colored-en-en","14":"pa_decoracion_imagenes-natural-en","15":"pa_decoracion_imagenes-tones-en","16":"pa_decoracion_imagenes-waxed-en-en","17":"pa_disponibilidad-available-in-a-week","18":"pa_manufacturer-p030-en","19":"pa_material-woodcarving","21":"first","22":"instock","23":"taxable","24":"shipping-taxable","25":"purchasable","26":"product-type-variable","27":"rtwpvs-product"},"acf":[],"yoast_head":"<!-- This site is optimized with the Yoast SEO Premium plugin v27.2 (Yoast SEO v27.2) - https:\/\/yoast.com\/product\/yoast-seo-premium-wordpress\/ -->\n<title>Relief of the Sacred Heart of Jesus with rays - Handmade religious images<\/title>\n<meta name=\"description\" content=\"Discover the relief of the Sacred Heart of Jesus with rays, a symbol of faith and tradition. Place your order today with confidence.\" \/>\n<meta name=\"robots\" content=\"index, follow, max-snippet:-1, max-image-preview:large, max-video-preview:-1\" \/>\n<link rel=\"canonical\" href=\"https:\/\/articulosreligiosos.com\/en\/product\/relief-of-the-sacred-heart-of-jesus-with-rays\/\" \/>\n<meta property=\"og:locale\" content=\"en_US\" \/>\n<meta property=\"og:type\" content=\"article\" \/>\n<meta property=\"og:title\" content=\"Relief of the Sacred Heart of Jesus with rays\" \/>\n<meta property=\"og:description\" content=\"Discover the relief of the Sacred Heart of Jesus with rays, a symbol of faith and tradition. Place your order today with confidence.\" \/>\n<meta property=\"og:url\" content=\"https:\/\/articulosreligiosos.com\/en\/product\/relief-of-the-sacred-heart-of-jesus-with-rays\/\" \/>\n<meta property=\"og:site_name\" content=\"articulosreligiosos.com\" \/>\n<meta property=\"article:modified_time\" content=\"2025-05-18T17:53:23+00:00\" \/>\n<meta property=\"og:image\" content=\"https:\/\/articulosreligiosos.com\/wp-content\/uploads\/2025\/08\/Relieve-Sagrado-Corazon-de-Jesus-con-rayos-MARE030050090-3.webp\" \/>\n\t<meta property=\"og:image:width\" content=\"1000\" \/>\n\t<meta property=\"og:image:height\" content=\"1000\" \/>\n\t<meta property=\"og:image:type\" content=\"image\/webp\" \/>\n<meta name=\"twitter:card\" content=\"summary_large_image\" \/>\n<meta name=\"twitter:label1\" content=\"Availability\" \/>\n\t<meta name=\"twitter:data1\" content=\"In stock\" \/>\n<script type=\"application\/ld+json\" class=\"yoast-schema-graph\">{\"@context\":\"https:\/\/schema.org\",\"@graph\":[{\"@type\":\"WebPage\",\"@id\":\"https:\/\/articulosreligiosos.com\/en\/product\/relief-of-the-sacred-heart-of-jesus-with-rays\/\",\"url\":\"https:\/\/articulosreligiosos.com\/en\/product\/relief-of-the-sacred-heart-of-jesus-with-rays\/\",\"name\":\"Relief of the Sacred Heart of Jesus with rays - Handmade religious images\",\"isPartOf\":{\"@id\":\"https:\/\/articulosreligiosos.com\/en\/#website\"},\"primaryImageOfPage\":{\"@id\":\"https:\/\/articulosreligiosos.com\/en\/product\/relief-of-the-sacred-heart-of-jesus-with-rays\/#primaryimage\"},\"image\":{\"@id\":\"https:\/\/articulosreligiosos.com\/en\/product\/relief-of-the-sacred-heart-of-jesus-with-rays\/#primaryimage\"},\"thumbnailUrl\":\"https:\/\/articulosreligiosos.com\/wp-content\/uploads\/2025\/08\/Relieve-Sagrado-Corazon-de-Jesus-con-rayos-MARE030050090-3.webp\",\"datePublished\":\"2025-03-07T16:26:59+00:00\",\"dateModified\":\"2025-05-18T17:53:23+00:00\",\"description\":\"Discover the relief of the Sacred Heart of Jesus with rays, a symbol of faith and tradition. Place your order today with confidence.\",\"breadcrumb\":{\"@id\":\"https:\/\/articulosreligiosos.com\/en\/product\/relief-of-the-sacred-heart-of-jesus-with-rays\/#breadcrumb\"},\"inLanguage\":\"en-US\",\"potentialAction\":[{\"@type\":\"ReadAction\",\"target\":[\"https:\/\/articulosreligiosos.com\/en\/product\/relief-of-the-sacred-heart-of-jesus-with-rays\/\"]}]},{\"@type\":\"ImageObject\",\"inLanguage\":\"en-US\",\"@id\":\"https:\/\/articulosreligiosos.com\/en\/product\/relief-of-the-sacred-heart-of-jesus-with-rays\/#primaryimage\",\"url\":\"https:\/\/articulosreligiosos.com\/wp-content\/uploads\/2025\/08\/Relieve-Sagrado-Corazon-de-Jesus-con-rayos-MARE030050090-3.webp\",\"contentUrl\":\"https:\/\/articulosreligiosos.com\/wp-content\/uploads\/2025\/08\/Relieve-Sagrado-Corazon-de-Jesus-con-rayos-MARE030050090-3.webp\",\"width\":1000,\"height\":1000},{\"@type\":\"BreadcrumbList\",\"@id\":\"https:\/\/articulosreligiosos.com\/en\/product\/relief-of-the-sacred-heart-of-jesus-with-rays\/#breadcrumb\",\"itemListElement\":[{\"@type\":\"ListItem\",\"position\":1,\"name\":\"Home\",\"item\":\"https:\/\/articulosreligiosos.com\/en\/\"},{\"@type\":\"ListItem\",\"position\":2,\"name\":\"Products\"},{\"@type\":\"ListItem\",\"position\":3,\"name\":\"Relief of the Sacred Heart of Jesus with rays\"}]},{\"@type\":\"WebSite\",\"@id\":\"https:\/\/articulosreligiosos.com\/en\/#website\",\"url\":\"https:\/\/articulosreligiosos.com\/en\/\",\"name\":\"Art\u00edculos Religiosos\",\"description\":\"Tienda online | Fabricaci\u00f3n, restauraci\u00f3n y comercializaci\u00f3n de objetos religiosos al mejor precio y con el mejor servicio.\",\"publisher\":{\"@id\":\"https:\/\/articulosreligiosos.com\/en\/#organization\"},\"potentialAction\":[{\"@type\":\"SearchAction\",\"target\":{\"@type\":\"EntryPoint\",\"urlTemplate\":\"https:\/\/articulosreligiosos.com\/en\/?s={search_term_string}\"},\"query-input\":{\"@type\":\"PropertyValueSpecification\",\"valueRequired\":true,\"valueName\":\"search_term_string\"}}],\"inLanguage\":\"en-US\"},{\"@type\":\"Organization\",\"@id\":\"https:\/\/articulosreligiosos.com\/en\/#organization\",\"name\":\"Art\u00edculos Religiosos\",\"url\":\"https:\/\/articulosreligiosos.com\/en\/\",\"logo\":{\"@type\":\"ImageObject\",\"inLanguage\":\"en-US\",\"@id\":\"https:\/\/articulosreligiosos.com\/en\/#\/schema\/logo\/image\/\",\"url\":\"https:\/\/articulosreligiosos.com\/wp-content\/uploads\/2023\/12\/newlogo-1.png\",\"contentUrl\":\"https:\/\/articulosreligiosos.com\/wp-content\/uploads\/2023\/12\/newlogo-1.png\",\"width\":178,\"height\":114,\"caption\":\"Art\u00edculos Religiosos\"},\"image\":{\"@id\":\"https:\/\/articulosreligiosos.com\/en\/#\/schema\/logo\/image\/\"},\"sameAs\":[\"https:\/\/www.instagram.com\/articulosreligiosos.tienda\/\"],\"hasMerchantReturnPolicy\":{\"@type\":\"MerchantReturnPolicy\",\"merchantReturnLink\":\"https:\/\/articulosreligiosos.com\/en\/refund-and-returns-policy\/\"}}]}<\/script>\n<meta property=\"og:availability\" content=\"instock\" \/>\n<meta property=\"product:availability\" content=\"instock\" \/>\n<meta property=\"product:retailer_item_id\" content=\"MARE030050090\" \/>\n<meta property=\"product:condition\" content=\"new\" \/>\n<!-- \/ Yoast SEO Premium plugin. -->","yoast_head_json":{"title":"Relief of the Sacred Heart of Jesus with rays - Handmade religious images","description":"Discover the relief of the Sacred Heart of Jesus with rays, a symbol of faith and tradition. Place your order today with confidence.","robots":{"index":"index","follow":"follow","max-snippet":"max-snippet:-1","max-image-preview":"max-image-preview:large","max-video-preview":"max-video-preview:-1"},"canonical":"https:\/\/articulosreligiosos.com\/en\/product\/relief-of-the-sacred-heart-of-jesus-with-rays\/","og_locale":"en_US","og_type":"article","og_title":"Relief of the Sacred Heart of Jesus with rays","og_description":"Discover the relief of the Sacred Heart of Jesus with rays, a symbol of faith and tradition. Place your order today with confidence.","og_url":"https:\/\/articulosreligiosos.com\/en\/product\/relief-of-the-sacred-heart-of-jesus-with-rays\/","og_site_name":"articulosreligiosos.com","article_modified_time":"2025-05-18T17:53:23+00:00","og_image":[{"width":1000,"height":1000,"url":"https:\/\/articulosreligiosos.com\/wp-content\/uploads\/2025\/08\/Relieve-Sagrado-Corazon-de-Jesus-con-rayos-MARE030050090-3.webp","type":"image\/webp"}],"twitter_card":"summary_large_image","twitter_misc":{"Availability":"In stock"},"schema":{"@context":"https:\/\/schema.org","@graph":[{"@type":"WebPage","@id":"https:\/\/articulosreligiosos.com\/en\/product\/relief-of-the-sacred-heart-of-jesus-with-rays\/","url":"https:\/\/articulosreligiosos.com\/en\/product\/relief-of-the-sacred-heart-of-jesus-with-rays\/","name":"Relief of the Sacred Heart of Jesus with rays - Handmade religious images","isPartOf":{"@id":"https:\/\/articulosreligiosos.com\/en\/#website"},"primaryImageOfPage":{"@id":"https:\/\/articulosreligiosos.com\/en\/product\/relief-of-the-sacred-heart-of-jesus-with-rays\/#primaryimage"},"image":{"@id":"https:\/\/articulosreligiosos.com\/en\/product\/relief-of-the-sacred-heart-of-jesus-with-rays\/#primaryimage"},"thumbnailUrl":"https:\/\/articulosreligiosos.com\/wp-content\/uploads\/2025\/08\/Relieve-Sagrado-Corazon-de-Jesus-con-rayos-MARE030050090-3.webp","datePublished":"2025-03-07T16:26:59+00:00","dateModified":"2025-05-18T17:53:23+00:00","description":"Discover the relief of the Sacred Heart of Jesus with rays, a symbol of faith and tradition. Place your order today with confidence.","breadcrumb":{"@id":"https:\/\/articulosreligiosos.com\/en\/product\/relief-of-the-sacred-heart-of-jesus-with-rays\/#breadcrumb"},"inLanguage":"en-US","potentialAction":[{"@type":"ReadAction","target":["https:\/\/articulosreligiosos.com\/en\/product\/relief-of-the-sacred-heart-of-jesus-with-rays\/"]}]},{"@type":"ImageObject","inLanguage":"en-US","@id":"https:\/\/articulosreligiosos.com\/en\/product\/relief-of-the-sacred-heart-of-jesus-with-rays\/#primaryimage","url":"https:\/\/articulosreligiosos.com\/wp-content\/uploads\/2025\/08\/Relieve-Sagrado-Corazon-de-Jesus-con-rayos-MARE030050090-3.webp","contentUrl":"https:\/\/articulosreligiosos.com\/wp-content\/uploads\/2025\/08\/Relieve-Sagrado-Corazon-de-Jesus-con-rayos-MARE030050090-3.webp","width":1000,"height":1000},{"@type":"BreadcrumbList","@id":"https:\/\/articulosreligiosos.com\/en\/product\/relief-of-the-sacred-heart-of-jesus-with-rays\/#breadcrumb","itemListElement":[{"@type":"ListItem","position":1,"name":"Home","item":"https:\/\/articulosreligiosos.com\/en\/"},{"@type":"ListItem","position":2,"name":"Products"},{"@type":"ListItem","position":3,"name":"Relief of the Sacred Heart of Jesus with rays"}]},{"@type":"WebSite","@id":"https:\/\/articulosreligiosos.com\/en\/#website","url":"https:\/\/articulosreligiosos.com\/en\/","name":"Art\u00edculos Religiosos","description":"Tienda online | Fabricaci\u00f3n, restauraci\u00f3n y comercializaci\u00f3n de objetos religiosos al mejor precio y con el mejor servicio.","publisher":{"@id":"https:\/\/articulosreligiosos.com\/en\/#organization"},"potentialAction":[{"@type":"SearchAction","target":{"@type":"EntryPoint","urlTemplate":"https:\/\/articulosreligiosos.com\/en\/?s={search_term_string}"},"query-input":{"@type":"PropertyValueSpecification","valueRequired":true,"valueName":"search_term_string"}}],"inLanguage":"en-US"},{"@type":"Organization","@id":"https:\/\/articulosreligiosos.com\/en\/#organization","name":"Art\u00edculos Religiosos","url":"https:\/\/articulosreligiosos.com\/en\/","logo":{"@type":"ImageObject","inLanguage":"en-US","@id":"https:\/\/articulosreligiosos.com\/en\/#\/schema\/logo\/image\/","url":"https:\/\/articulosreligiosos.com\/wp-content\/uploads\/2023\/12\/newlogo-1.png","contentUrl":"https:\/\/articulosreligiosos.com\/wp-content\/uploads\/2023\/12\/newlogo-1.png","width":178,"height":114,"caption":"Art\u00edculos Religiosos"},"image":{"@id":"https:\/\/articulosreligiosos.com\/en\/#\/schema\/logo\/image\/"},"sameAs":["https:\/\/www.instagram.com\/articulosreligiosos.tienda\/"],"hasMerchantReturnPolicy":{"@type":"MerchantReturnPolicy","merchantReturnLink":"https:\/\/articulosreligiosos.com\/en\/refund-and-returns-policy\/"}}]},"og_availability":"instock","product_availability":"instock","product_retailer_item_id":"MARE030050090","product_condition":"new"},"_links":{"self":[{"href":"https:\/\/articulosreligiosos.com\/en\/wp-json\/wp\/v2\/product\/320200","targetHints":{"allow":["GET"]}}],"collection":[{"href":"https:\/\/articulosreligiosos.com\/en\/wp-json\/wp\/v2\/product"}],"about":[{"href":"https:\/\/articulosreligiosos.com\/en\/wp-json\/wp\/v2\/types\/product"}],"replies":[{"embeddable":true,"href":"https:\/\/articulosreligiosos.com\/en\/wp-json\/wp\/v2\/comments?post=320200"}],"wp:featuredmedia":[{"embeddable":true,"href":"https:\/\/articulosreligiosos.com\/en\/wp-json\/wp\/v2\/media\/338126"}],"wp:attachment":[{"href":"https:\/\/articulosreligiosos.com\/en\/wp-json\/wp\/v2\/media?parent=320200"}],"wp:term":[{"taxonomy":"product_brand","embeddable":true,"href":"https:\/\/articulosreligiosos.com\/en\/wp-json\/wp\/v2\/product_brand?post=320200"},{"taxonomy":"product_cat","embeddable":true,"href":"https:\/\/articulosreligiosos.com\/en\/wp-json\/wp\/v2\/product_cat?post=320200"},{"taxonomy":"product_tag","embeddable":true,"href":"https:\/\/articulosreligiosos.com\/en\/wp-json\/wp\/v2\/product_tag?post=320200"}],"curies":[{"name":"wp","href":"https:\/\/api.w.org\/{rel}","templated":true}]}}