{"id":320179,"date":"2025-03-07T16:27:00","date_gmt":"2025-03-07T16:27:00","guid":{"rendered":"https:\/\/articulosreligiosos.com\/product\/relief-of-the-head-of-christ\/"},"modified":"2025-12-29T15:39:08","modified_gmt":"2025-12-29T15:39:08","slug":"relief-of-the-head-of-christ","status":"publish","type":"product","link":"https:\/\/articulosreligiosos.com\/en\/product\/relief-of-the-head-of-christ\/","title":{"rendered":"Relief of the Head of Christ"},"content":{"rendered":"<p>Each wooden carving up to 60 cm is meticulously crafted from the highest quality maple wood, selected for its strength and natural beauty. For sculptures 60 cm or larger, linden wood is used, renowned for its elegance, durability, and smoothness when carved. This process ensures pieces of unparalleled quality and detail.  <\/p>\n","protected":false},"excerpt":{"rendered":"<p>Meticulously carved and embellished with high-quality oil paints, this exquisite maple wood relief shines with a gold leaf finish that enhances its elegance. Each handcrafted piece is available in a variety of finishes, including the option to preserve the natural beauty of the wood, and is offered in multiple sizes to fit any space. <\/p>\n","protected":false},"featured_media":338074,"comment_status":"open","ping_status":"closed","template":"","meta":{"_acf_changed":false},"product_brand":[],"product_cat":[6288,6258],"product_tag":[],"class_list":{"0":"post-320179","1":"product","2":"type-product","3":"status-publish","4":"has-post-thumbnail","6":"product_cat-high-reliefs-religious-sculptures-en","7":"product_cat-religious-statues-religious-sculptures-catholic-statues-en","8":"pa_altura-130-en","9":"pa_altura-150-en","10":"pa_altura-250-en","11":"pa_altura-65-en","12":"pa_altura-85-en","13":"pa_decoracion_imagenes-antique-en","14":"pa_decoracion_imagenes-colored-en-en","15":"pa_decoracion_imagenes-natural-en","16":"pa_decoracion_imagenes-waxed-en-en","17":"pa_disponibilidad-available-in-a-week","18":"pa_manufacturer-p030-en","19":"pa_material-woodcarving","21":"first","22":"instock","23":"taxable","24":"shipping-taxable","25":"purchasable","26":"product-type-variable","27":"rtwpvs-product"},"acf":[],"yoast_head":"<!-- This site is optimized with the Yoast SEO Premium plugin v27.2 (Yoast SEO v27.2) - https:\/\/yoast.com\/product\/yoast-seo-premium-wordpress\/ -->\n<title>Buy a relief of Head of Christ&#039;s carved in wood<\/title>\n<meta name=\"description\" content=\"Beautify your home with this relief of Christ&#039;s head, handcrafted from exquisite wood. Enjoy its serene and unique presence. \ud83c\udf1f\" \/>\n<meta name=\"robots\" content=\"index, follow, max-snippet:-1, max-image-preview:large, max-video-preview:-1\" \/>\n<link rel=\"canonical\" href=\"https:\/\/articulosreligiosos.com\/en\/product\/relief-of-the-head-of-christ\/\" \/>\n<meta property=\"og:locale\" content=\"en_US\" \/>\n<meta property=\"og:type\" content=\"article\" \/>\n<meta property=\"og:title\" content=\"Relief of the Head of Christ\" \/>\n<meta property=\"og:description\" content=\"Beautify your home with this relief of Christ&#039;s head, handcrafted from exquisite wood. Enjoy its serene and unique presence. \ud83c\udf1f\" \/>\n<meta property=\"og:url\" content=\"https:\/\/articulosreligiosos.com\/en\/product\/relief-of-the-head-of-christ\/\" \/>\n<meta property=\"og:site_name\" content=\"articulosreligiosos.com\" \/>\n<meta property=\"article:modified_time\" content=\"2025-12-29T15:39:08+00:00\" \/>\n<meta property=\"og:image\" content=\"https:\/\/articulosreligiosos.com\/wp-content\/uploads\/2025\/08\/Relieve-Cabeza-de-Cristo-MARE03006051-4.webp\" \/>\n\t<meta property=\"og:image:width\" content=\"1200\" \/>\n\t<meta property=\"og:image:height\" content=\"1200\" \/>\n\t<meta property=\"og:image:type\" content=\"image\/webp\" \/>\n<meta name=\"twitter:card\" content=\"summary_large_image\" \/>\n<meta name=\"twitter:label1\" content=\"Availability\" \/>\n\t<meta name=\"twitter:data1\" content=\"In stock\" \/>\n<script type=\"application\/ld+json\" class=\"yoast-schema-graph\">{\"@context\":\"https:\/\/schema.org\",\"@graph\":[{\"@type\":\"WebPage\",\"@id\":\"https:\/\/articulosreligiosos.com\/en\/product\/relief-of-the-head-of-christ\/\",\"url\":\"https:\/\/articulosreligiosos.com\/en\/product\/relief-of-the-head-of-christ\/\",\"name\":\"Buy a relief of Head of Christ's carved in wood\",\"isPartOf\":{\"@id\":\"https:\/\/articulosreligiosos.com\/en\/#website\"},\"primaryImageOfPage\":{\"@id\":\"https:\/\/articulosreligiosos.com\/en\/product\/relief-of-the-head-of-christ\/#primaryimage\"},\"image\":{\"@id\":\"https:\/\/articulosreligiosos.com\/en\/product\/relief-of-the-head-of-christ\/#primaryimage\"},\"thumbnailUrl\":\"https:\/\/articulosreligiosos.com\/wp-content\/uploads\/2025\/08\/Relieve-Cabeza-de-Cristo-MARE03006051-4.webp\",\"datePublished\":\"2025-03-07T16:27:00+00:00\",\"dateModified\":\"2025-12-29T15:39:08+00:00\",\"description\":\"Beautify your home with this relief of Christ's head, handcrafted from exquisite wood. Enjoy its serene and unique presence. \ud83c\udf1f\",\"breadcrumb\":{\"@id\":\"https:\/\/articulosreligiosos.com\/en\/product\/relief-of-the-head-of-christ\/#breadcrumb\"},\"inLanguage\":\"en-US\",\"potentialAction\":[{\"@type\":\"ReadAction\",\"target\":[\"https:\/\/articulosreligiosos.com\/en\/product\/relief-of-the-head-of-christ\/\"]}]},{\"@type\":\"ImageObject\",\"inLanguage\":\"en-US\",\"@id\":\"https:\/\/articulosreligiosos.com\/en\/product\/relief-of-the-head-of-christ\/#primaryimage\",\"url\":\"https:\/\/articulosreligiosos.com\/wp-content\/uploads\/2025\/08\/Relieve-Cabeza-de-Cristo-MARE03006051-4.webp\",\"contentUrl\":\"https:\/\/articulosreligiosos.com\/wp-content\/uploads\/2025\/08\/Relieve-Cabeza-de-Cristo-MARE03006051-4.webp\",\"width\":1200,\"height\":1200},{\"@type\":\"BreadcrumbList\",\"@id\":\"https:\/\/articulosreligiosos.com\/en\/product\/relief-of-the-head-of-christ\/#breadcrumb\",\"itemListElement\":[{\"@type\":\"ListItem\",\"position\":1,\"name\":\"Home\",\"item\":\"https:\/\/articulosreligiosos.com\/en\/\"},{\"@type\":\"ListItem\",\"position\":2,\"name\":\"Products\"},{\"@type\":\"ListItem\",\"position\":3,\"name\":\"Relief of the Head of Christ\"}]},{\"@type\":\"WebSite\",\"@id\":\"https:\/\/articulosreligiosos.com\/en\/#website\",\"url\":\"https:\/\/articulosreligiosos.com\/en\/\",\"name\":\"Art\u00edculos Religiosos\",\"description\":\"Tienda online | Fabricaci\u00f3n, restauraci\u00f3n y comercializaci\u00f3n de objetos religiosos al mejor precio y con el mejor servicio.\",\"publisher\":{\"@id\":\"https:\/\/articulosreligiosos.com\/en\/#organization\"},\"potentialAction\":[{\"@type\":\"SearchAction\",\"target\":{\"@type\":\"EntryPoint\",\"urlTemplate\":\"https:\/\/articulosreligiosos.com\/en\/?s={search_term_string}\"},\"query-input\":{\"@type\":\"PropertyValueSpecification\",\"valueRequired\":true,\"valueName\":\"search_term_string\"}}],\"inLanguage\":\"en-US\"},{\"@type\":\"Organization\",\"@id\":\"https:\/\/articulosreligiosos.com\/en\/#organization\",\"name\":\"Art\u00edculos Religiosos\",\"url\":\"https:\/\/articulosreligiosos.com\/en\/\",\"logo\":{\"@type\":\"ImageObject\",\"inLanguage\":\"en-US\",\"@id\":\"https:\/\/articulosreligiosos.com\/en\/#\/schema\/logo\/image\/\",\"url\":\"https:\/\/articulosreligiosos.com\/wp-content\/uploads\/2023\/12\/newlogo-1.png\",\"contentUrl\":\"https:\/\/articulosreligiosos.com\/wp-content\/uploads\/2023\/12\/newlogo-1.png\",\"width\":178,\"height\":114,\"caption\":\"Art\u00edculos Religiosos\"},\"image\":{\"@id\":\"https:\/\/articulosreligiosos.com\/en\/#\/schema\/logo\/image\/\"},\"sameAs\":[\"https:\/\/www.instagram.com\/articulosreligiosos.tienda\/\"],\"hasMerchantReturnPolicy\":{\"@type\":\"MerchantReturnPolicy\",\"merchantReturnLink\":\"https:\/\/articulosreligiosos.com\/en\/refund-and-returns-policy\/\"}}]}<\/script>\n<meta property=\"og:availability\" content=\"instock\" \/>\n<meta property=\"product:availability\" content=\"instock\" \/>\n<meta property=\"product:retailer_item_id\" content=\"MARE03006051\" \/>\n<meta property=\"product:condition\" content=\"new\" \/>\n<!-- \/ Yoast SEO Premium plugin. -->","yoast_head_json":{"title":"Buy a relief of Head of Christ's carved in wood","description":"Beautify your home with this relief of Christ's head, handcrafted from exquisite wood. Enjoy its serene and unique presence. \ud83c\udf1f","robots":{"index":"index","follow":"follow","max-snippet":"max-snippet:-1","max-image-preview":"max-image-preview:large","max-video-preview":"max-video-preview:-1"},"canonical":"https:\/\/articulosreligiosos.com\/en\/product\/relief-of-the-head-of-christ\/","og_locale":"en_US","og_type":"article","og_title":"Relief of the Head of Christ","og_description":"Beautify your home with this relief of Christ's head, handcrafted from exquisite wood. Enjoy its serene and unique presence. \ud83c\udf1f","og_url":"https:\/\/articulosreligiosos.com\/en\/product\/relief-of-the-head-of-christ\/","og_site_name":"articulosreligiosos.com","article_modified_time":"2025-12-29T15:39:08+00:00","og_image":[{"width":1200,"height":1200,"url":"https:\/\/articulosreligiosos.com\/wp-content\/uploads\/2025\/08\/Relieve-Cabeza-de-Cristo-MARE03006051-4.webp","type":"image\/webp"}],"twitter_card":"summary_large_image","twitter_misc":{"Availability":"In stock"},"schema":{"@context":"https:\/\/schema.org","@graph":[{"@type":"WebPage","@id":"https:\/\/articulosreligiosos.com\/en\/product\/relief-of-the-head-of-christ\/","url":"https:\/\/articulosreligiosos.com\/en\/product\/relief-of-the-head-of-christ\/","name":"Buy a relief of Head of Christ's carved in wood","isPartOf":{"@id":"https:\/\/articulosreligiosos.com\/en\/#website"},"primaryImageOfPage":{"@id":"https:\/\/articulosreligiosos.com\/en\/product\/relief-of-the-head-of-christ\/#primaryimage"},"image":{"@id":"https:\/\/articulosreligiosos.com\/en\/product\/relief-of-the-head-of-christ\/#primaryimage"},"thumbnailUrl":"https:\/\/articulosreligiosos.com\/wp-content\/uploads\/2025\/08\/Relieve-Cabeza-de-Cristo-MARE03006051-4.webp","datePublished":"2025-03-07T16:27:00+00:00","dateModified":"2025-12-29T15:39:08+00:00","description":"Beautify your home with this relief of Christ's head, handcrafted from exquisite wood. Enjoy its serene and unique presence. \ud83c\udf1f","breadcrumb":{"@id":"https:\/\/articulosreligiosos.com\/en\/product\/relief-of-the-head-of-christ\/#breadcrumb"},"inLanguage":"en-US","potentialAction":[{"@type":"ReadAction","target":["https:\/\/articulosreligiosos.com\/en\/product\/relief-of-the-head-of-christ\/"]}]},{"@type":"ImageObject","inLanguage":"en-US","@id":"https:\/\/articulosreligiosos.com\/en\/product\/relief-of-the-head-of-christ\/#primaryimage","url":"https:\/\/articulosreligiosos.com\/wp-content\/uploads\/2025\/08\/Relieve-Cabeza-de-Cristo-MARE03006051-4.webp","contentUrl":"https:\/\/articulosreligiosos.com\/wp-content\/uploads\/2025\/08\/Relieve-Cabeza-de-Cristo-MARE03006051-4.webp","width":1200,"height":1200},{"@type":"BreadcrumbList","@id":"https:\/\/articulosreligiosos.com\/en\/product\/relief-of-the-head-of-christ\/#breadcrumb","itemListElement":[{"@type":"ListItem","position":1,"name":"Home","item":"https:\/\/articulosreligiosos.com\/en\/"},{"@type":"ListItem","position":2,"name":"Products"},{"@type":"ListItem","position":3,"name":"Relief of the Head of Christ"}]},{"@type":"WebSite","@id":"https:\/\/articulosreligiosos.com\/en\/#website","url":"https:\/\/articulosreligiosos.com\/en\/","name":"Art\u00edculos Religiosos","description":"Tienda online | Fabricaci\u00f3n, restauraci\u00f3n y comercializaci\u00f3n de objetos religiosos al mejor precio y con el mejor servicio.","publisher":{"@id":"https:\/\/articulosreligiosos.com\/en\/#organization"},"potentialAction":[{"@type":"SearchAction","target":{"@type":"EntryPoint","urlTemplate":"https:\/\/articulosreligiosos.com\/en\/?s={search_term_string}"},"query-input":{"@type":"PropertyValueSpecification","valueRequired":true,"valueName":"search_term_string"}}],"inLanguage":"en-US"},{"@type":"Organization","@id":"https:\/\/articulosreligiosos.com\/en\/#organization","name":"Art\u00edculos Religiosos","url":"https:\/\/articulosreligiosos.com\/en\/","logo":{"@type":"ImageObject","inLanguage":"en-US","@id":"https:\/\/articulosreligiosos.com\/en\/#\/schema\/logo\/image\/","url":"https:\/\/articulosreligiosos.com\/wp-content\/uploads\/2023\/12\/newlogo-1.png","contentUrl":"https:\/\/articulosreligiosos.com\/wp-content\/uploads\/2023\/12\/newlogo-1.png","width":178,"height":114,"caption":"Art\u00edculos Religiosos"},"image":{"@id":"https:\/\/articulosreligiosos.com\/en\/#\/schema\/logo\/image\/"},"sameAs":["https:\/\/www.instagram.com\/articulosreligiosos.tienda\/"],"hasMerchantReturnPolicy":{"@type":"MerchantReturnPolicy","merchantReturnLink":"https:\/\/articulosreligiosos.com\/en\/refund-and-returns-policy\/"}}]},"og_availability":"instock","product_availability":"instock","product_retailer_item_id":"MARE03006051","product_condition":"new"},"_links":{"self":[{"href":"https:\/\/articulosreligiosos.com\/en\/wp-json\/wp\/v2\/product\/320179","targetHints":{"allow":["GET"]}}],"collection":[{"href":"https:\/\/articulosreligiosos.com\/en\/wp-json\/wp\/v2\/product"}],"about":[{"href":"https:\/\/articulosreligiosos.com\/en\/wp-json\/wp\/v2\/types\/product"}],"replies":[{"embeddable":true,"href":"https:\/\/articulosreligiosos.com\/en\/wp-json\/wp\/v2\/comments?post=320179"}],"wp:featuredmedia":[{"embeddable":true,"href":"https:\/\/articulosreligiosos.com\/en\/wp-json\/wp\/v2\/media\/338074"}],"wp:attachment":[{"href":"https:\/\/articulosreligiosos.com\/en\/wp-json\/wp\/v2\/media?parent=320179"}],"wp:term":[{"taxonomy":"product_brand","embeddable":true,"href":"https:\/\/articulosreligiosos.com\/en\/wp-json\/wp\/v2\/product_brand?post=320179"},{"taxonomy":"product_cat","embeddable":true,"href":"https:\/\/articulosreligiosos.com\/en\/wp-json\/wp\/v2\/product_cat?post=320179"},{"taxonomy":"product_tag","embeddable":true,"href":"https:\/\/articulosreligiosos.com\/en\/wp-json\/wp\/v2\/product_tag?post=320179"}],"curies":[{"name":"wp","href":"https:\/\/api.w.org\/{rel}","templated":true}]}}