{"id":312528,"date":"2025-02-25T07:33:03","date_gmt":"2025-02-25T07:33:03","guid":{"rendered":"https:\/\/articulosreligiosos.com\/product\/nativity-holy-family-2\/"},"modified":"2025-03-19T07:40:56","modified_gmt":"2025-03-19T07:40:56","slug":"nativity-holy-family-2","status":"publish","type":"product","link":"https:\/\/articulosreligiosos.com\/en\/product\/nativity-holy-family-2\/","title":{"rendered":"Nativity. Holy Family"},"content":{"rendered":"<p>Every wood carving up to 60 cm is carefully crafted from the highest quality maple wood, selected for its strength and natural beauty. For sculptures of 60 cm or larger, linden wood is used, renowned for its nobility, durability, and smoothness for carving. This process ensures pieces of incomparable quality and detail.  <\/p>\n","protected":false},"excerpt":{"rendered":"<p>This exquisite maple wood sculpture, meticulously carved and adorned with high-quality oil paints, shines with a gold leaf finish that enhances its elegance. Each piece, crafted by hand, is available in a variety of finishes, including the option to preserve the natural beauty of the wood, and is offered in multiple sizes to suit any space. <\/p>\n","protected":false},"featured_media":347898,"comment_status":"open","ping_status":"closed","template":"","meta":{"_acf_changed":false},"product_brand":[],"product_cat":[6332,6334],"product_tag":[],"class_list":{"0":"post-312528","1":"product","2":"type-product","3":"status-publish","4":"has-post-thumbnail","6":"product_cat-nativities-nativity-cribs-crib-manger-en","7":"product_cat-nativities-nativity-crib-manger-sculptures-en","8":"pa_altura-110-en","9":"pa_altura-150-en","10":"pa_altura-220-en","11":"pa_altura-300-en","12":"pa_altura-450-en","13":"pa_altura-75-en","14":"pa_altura-90-en","15":"pa_decoracion_imagenes-colored-en-en","16":"pa_decoracion_imagenes-natural-en","17":"pa_decoracion_imagenes-tones-en","18":"pa_decoracion_imagenes-waxed-en-en","19":"pa_disponibilidad-available-in-a-week","20":"pa_manufacturer-p074-en","21":"pa_material-woodcarving","23":"first","24":"instock","25":"taxable","26":"shipping-taxable","27":"purchasable","28":"product-type-variable","29":"rtwpvs-product"},"acf":[],"yoast_head":"<!-- This site is optimized with the Yoast SEO Premium plugin v27.2 (Yoast SEO v27.2) - https:\/\/yoast.com\/product\/yoast-seo-premium-wordpress\/ -->\n<title>Buy Nativity. Holy Family - Art\u00edculos Religiosos<\/title>\n<meta name=\"description\" content=\"Protect what you love with the magic of the Holy Family, crafted in quality wood. Its natural beauty will bring strength to your space. Buy now!\" \/>\n<meta name=\"robots\" content=\"index, follow, max-snippet:-1, max-image-preview:large, max-video-preview:-1\" \/>\n<link rel=\"canonical\" href=\"https:\/\/articulosreligiosos.com\/en\/product\/nativity-holy-family-2\/\" \/>\n<meta property=\"og:locale\" content=\"en_US\" \/>\n<meta property=\"og:type\" content=\"article\" \/>\n<meta property=\"og:title\" content=\"Nativity. Holy Family\" \/>\n<meta property=\"og:description\" content=\"Protect what you love with the magic of the Holy Family, crafted in quality wood. Its natural beauty will bring strength to your space. Buy now!\" \/>\n<meta property=\"og:url\" content=\"https:\/\/articulosreligiosos.com\/en\/product\/nativity-holy-family-2\/\" \/>\n<meta property=\"og:site_name\" content=\"articulosreligiosos.com\" \/>\n<meta property=\"article:modified_time\" content=\"2025-03-19T07:40:56+00:00\" \/>\n<meta property=\"og:image\" content=\"https:\/\/articulosreligiosos.com\/wp-content\/uploads\/2025\/08\/Misterio-Sagrada-Familia-MASF074788000-3.webp\" \/>\n\t<meta property=\"og:image:width\" content=\"729\" \/>\n\t<meta property=\"og:image:height\" content=\"1200\" \/>\n\t<meta property=\"og:image:type\" content=\"image\/webp\" \/>\n<meta name=\"twitter:card\" content=\"summary_large_image\" \/>\n<meta name=\"twitter:label1\" content=\"Availability\" \/>\n\t<meta name=\"twitter:data1\" content=\"In stock\" \/>\n<script type=\"application\/ld+json\" class=\"yoast-schema-graph\">{\"@context\":\"https:\/\/schema.org\",\"@graph\":[{\"@type\":\"WebPage\",\"@id\":\"https:\/\/articulosreligiosos.com\/en\/product\/nativity-holy-family-2\/\",\"url\":\"https:\/\/articulosreligiosos.com\/en\/product\/nativity-holy-family-2\/\",\"name\":\"Buy Nativity. Holy Family - Art\u00edculos Religiosos\",\"isPartOf\":{\"@id\":\"https:\/\/articulosreligiosos.com\/en\/#website\"},\"primaryImageOfPage\":{\"@id\":\"https:\/\/articulosreligiosos.com\/en\/product\/nativity-holy-family-2\/#primaryimage\"},\"image\":{\"@id\":\"https:\/\/articulosreligiosos.com\/en\/product\/nativity-holy-family-2\/#primaryimage\"},\"thumbnailUrl\":\"https:\/\/articulosreligiosos.com\/wp-content\/uploads\/2025\/08\/Misterio-Sagrada-Familia-MASF074788000-3.webp\",\"datePublished\":\"2025-02-25T07:33:03+00:00\",\"dateModified\":\"2025-03-19T07:40:56+00:00\",\"description\":\"Protect what you love with the magic of the Holy Family, crafted in quality wood. Its natural beauty will bring strength to your space. Buy now!\",\"breadcrumb\":{\"@id\":\"https:\/\/articulosreligiosos.com\/en\/product\/nativity-holy-family-2\/#breadcrumb\"},\"inLanguage\":\"en-US\",\"potentialAction\":[{\"@type\":\"ReadAction\",\"target\":[\"https:\/\/articulosreligiosos.com\/en\/product\/nativity-holy-family-2\/\"]}]},{\"@type\":\"ImageObject\",\"inLanguage\":\"en-US\",\"@id\":\"https:\/\/articulosreligiosos.com\/en\/product\/nativity-holy-family-2\/#primaryimage\",\"url\":\"https:\/\/articulosreligiosos.com\/wp-content\/uploads\/2025\/08\/Misterio-Sagrada-Familia-MASF074788000-3.webp\",\"contentUrl\":\"https:\/\/articulosreligiosos.com\/wp-content\/uploads\/2025\/08\/Misterio-Sagrada-Familia-MASF074788000-3.webp\",\"width\":729,\"height\":1200},{\"@type\":\"BreadcrumbList\",\"@id\":\"https:\/\/articulosreligiosos.com\/en\/product\/nativity-holy-family-2\/#breadcrumb\",\"itemListElement\":[{\"@type\":\"ListItem\",\"position\":1,\"name\":\"Home\",\"item\":\"https:\/\/articulosreligiosos.com\/en\/\"},{\"@type\":\"ListItem\",\"position\":2,\"name\":\"Products\"},{\"@type\":\"ListItem\",\"position\":3,\"name\":\"Nativity. Holy Family\"}]},{\"@type\":\"WebSite\",\"@id\":\"https:\/\/articulosreligiosos.com\/en\/#website\",\"url\":\"https:\/\/articulosreligiosos.com\/en\/\",\"name\":\"Art\u00edculos Religiosos\",\"description\":\"Tienda online | Fabricaci\u00f3n, restauraci\u00f3n y comercializaci\u00f3n de objetos religiosos al mejor precio y con el mejor servicio.\",\"publisher\":{\"@id\":\"https:\/\/articulosreligiosos.com\/en\/#organization\"},\"potentialAction\":[{\"@type\":\"SearchAction\",\"target\":{\"@type\":\"EntryPoint\",\"urlTemplate\":\"https:\/\/articulosreligiosos.com\/en\/?s={search_term_string}\"},\"query-input\":{\"@type\":\"PropertyValueSpecification\",\"valueRequired\":true,\"valueName\":\"search_term_string\"}}],\"inLanguage\":\"en-US\"},{\"@type\":\"Organization\",\"@id\":\"https:\/\/articulosreligiosos.com\/en\/#organization\",\"name\":\"Art\u00edculos Religiosos\",\"url\":\"https:\/\/articulosreligiosos.com\/en\/\",\"logo\":{\"@type\":\"ImageObject\",\"inLanguage\":\"en-US\",\"@id\":\"https:\/\/articulosreligiosos.com\/en\/#\/schema\/logo\/image\/\",\"url\":\"https:\/\/articulosreligiosos.com\/wp-content\/uploads\/2023\/12\/newlogo-1.png\",\"contentUrl\":\"https:\/\/articulosreligiosos.com\/wp-content\/uploads\/2023\/12\/newlogo-1.png\",\"width\":178,\"height\":114,\"caption\":\"Art\u00edculos Religiosos\"},\"image\":{\"@id\":\"https:\/\/articulosreligiosos.com\/en\/#\/schema\/logo\/image\/\"},\"sameAs\":[\"https:\/\/www.instagram.com\/articulosreligiosos.tienda\/\"],\"hasMerchantReturnPolicy\":{\"@type\":\"MerchantReturnPolicy\",\"merchantReturnLink\":\"https:\/\/articulosreligiosos.com\/en\/refund-and-returns-policy\/\"}}]}<\/script>\n<meta property=\"og:availability\" content=\"instock\" \/>\n<meta property=\"product:availability\" content=\"instock\" \/>\n<meta property=\"product:retailer_item_id\" content=\"MASF074788000\" \/>\n<meta property=\"product:condition\" content=\"new\" \/>\n<!-- \/ Yoast SEO Premium plugin. -->","yoast_head_json":{"title":"Buy Nativity. Holy Family - Art\u00edculos Religiosos","description":"Protect what you love with the magic of the Holy Family, crafted in quality wood. Its natural beauty will bring strength to your space. Buy now!","robots":{"index":"index","follow":"follow","max-snippet":"max-snippet:-1","max-image-preview":"max-image-preview:large","max-video-preview":"max-video-preview:-1"},"canonical":"https:\/\/articulosreligiosos.com\/en\/product\/nativity-holy-family-2\/","og_locale":"en_US","og_type":"article","og_title":"Nativity. Holy Family","og_description":"Protect what you love with the magic of the Holy Family, crafted in quality wood. Its natural beauty will bring strength to your space. Buy now!","og_url":"https:\/\/articulosreligiosos.com\/en\/product\/nativity-holy-family-2\/","og_site_name":"articulosreligiosos.com","article_modified_time":"2025-03-19T07:40:56+00:00","og_image":[{"width":729,"height":1200,"url":"https:\/\/articulosreligiosos.com\/wp-content\/uploads\/2025\/08\/Misterio-Sagrada-Familia-MASF074788000-3.webp","type":"image\/webp"}],"twitter_card":"summary_large_image","twitter_misc":{"Availability":"In stock"},"schema":{"@context":"https:\/\/schema.org","@graph":[{"@type":"WebPage","@id":"https:\/\/articulosreligiosos.com\/en\/product\/nativity-holy-family-2\/","url":"https:\/\/articulosreligiosos.com\/en\/product\/nativity-holy-family-2\/","name":"Buy Nativity. Holy Family - Art\u00edculos Religiosos","isPartOf":{"@id":"https:\/\/articulosreligiosos.com\/en\/#website"},"primaryImageOfPage":{"@id":"https:\/\/articulosreligiosos.com\/en\/product\/nativity-holy-family-2\/#primaryimage"},"image":{"@id":"https:\/\/articulosreligiosos.com\/en\/product\/nativity-holy-family-2\/#primaryimage"},"thumbnailUrl":"https:\/\/articulosreligiosos.com\/wp-content\/uploads\/2025\/08\/Misterio-Sagrada-Familia-MASF074788000-3.webp","datePublished":"2025-02-25T07:33:03+00:00","dateModified":"2025-03-19T07:40:56+00:00","description":"Protect what you love with the magic of the Holy Family, crafted in quality wood. Its natural beauty will bring strength to your space. Buy now!","breadcrumb":{"@id":"https:\/\/articulosreligiosos.com\/en\/product\/nativity-holy-family-2\/#breadcrumb"},"inLanguage":"en-US","potentialAction":[{"@type":"ReadAction","target":["https:\/\/articulosreligiosos.com\/en\/product\/nativity-holy-family-2\/"]}]},{"@type":"ImageObject","inLanguage":"en-US","@id":"https:\/\/articulosreligiosos.com\/en\/product\/nativity-holy-family-2\/#primaryimage","url":"https:\/\/articulosreligiosos.com\/wp-content\/uploads\/2025\/08\/Misterio-Sagrada-Familia-MASF074788000-3.webp","contentUrl":"https:\/\/articulosreligiosos.com\/wp-content\/uploads\/2025\/08\/Misterio-Sagrada-Familia-MASF074788000-3.webp","width":729,"height":1200},{"@type":"BreadcrumbList","@id":"https:\/\/articulosreligiosos.com\/en\/product\/nativity-holy-family-2\/#breadcrumb","itemListElement":[{"@type":"ListItem","position":1,"name":"Home","item":"https:\/\/articulosreligiosos.com\/en\/"},{"@type":"ListItem","position":2,"name":"Products"},{"@type":"ListItem","position":3,"name":"Nativity. Holy Family"}]},{"@type":"WebSite","@id":"https:\/\/articulosreligiosos.com\/en\/#website","url":"https:\/\/articulosreligiosos.com\/en\/","name":"Art\u00edculos Religiosos","description":"Tienda online | Fabricaci\u00f3n, restauraci\u00f3n y comercializaci\u00f3n de objetos religiosos al mejor precio y con el mejor servicio.","publisher":{"@id":"https:\/\/articulosreligiosos.com\/en\/#organization"},"potentialAction":[{"@type":"SearchAction","target":{"@type":"EntryPoint","urlTemplate":"https:\/\/articulosreligiosos.com\/en\/?s={search_term_string}"},"query-input":{"@type":"PropertyValueSpecification","valueRequired":true,"valueName":"search_term_string"}}],"inLanguage":"en-US"},{"@type":"Organization","@id":"https:\/\/articulosreligiosos.com\/en\/#organization","name":"Art\u00edculos Religiosos","url":"https:\/\/articulosreligiosos.com\/en\/","logo":{"@type":"ImageObject","inLanguage":"en-US","@id":"https:\/\/articulosreligiosos.com\/en\/#\/schema\/logo\/image\/","url":"https:\/\/articulosreligiosos.com\/wp-content\/uploads\/2023\/12\/newlogo-1.png","contentUrl":"https:\/\/articulosreligiosos.com\/wp-content\/uploads\/2023\/12\/newlogo-1.png","width":178,"height":114,"caption":"Art\u00edculos Religiosos"},"image":{"@id":"https:\/\/articulosreligiosos.com\/en\/#\/schema\/logo\/image\/"},"sameAs":["https:\/\/www.instagram.com\/articulosreligiosos.tienda\/"],"hasMerchantReturnPolicy":{"@type":"MerchantReturnPolicy","merchantReturnLink":"https:\/\/articulosreligiosos.com\/en\/refund-and-returns-policy\/"}}]},"og_availability":"instock","product_availability":"instock","product_retailer_item_id":"MASF074788000","product_condition":"new"},"_links":{"self":[{"href":"https:\/\/articulosreligiosos.com\/en\/wp-json\/wp\/v2\/product\/312528","targetHints":{"allow":["GET"]}}],"collection":[{"href":"https:\/\/articulosreligiosos.com\/en\/wp-json\/wp\/v2\/product"}],"about":[{"href":"https:\/\/articulosreligiosos.com\/en\/wp-json\/wp\/v2\/types\/product"}],"replies":[{"embeddable":true,"href":"https:\/\/articulosreligiosos.com\/en\/wp-json\/wp\/v2\/comments?post=312528"}],"wp:featuredmedia":[{"embeddable":true,"href":"https:\/\/articulosreligiosos.com\/en\/wp-json\/wp\/v2\/media\/347898"}],"wp:attachment":[{"href":"https:\/\/articulosreligiosos.com\/en\/wp-json\/wp\/v2\/media?parent=312528"}],"wp:term":[{"taxonomy":"product_brand","embeddable":true,"href":"https:\/\/articulosreligiosos.com\/en\/wp-json\/wp\/v2\/product_brand?post=312528"},{"taxonomy":"product_cat","embeddable":true,"href":"https:\/\/articulosreligiosos.com\/en\/wp-json\/wp\/v2\/product_cat?post=312528"},{"taxonomy":"product_tag","embeddable":true,"href":"https:\/\/articulosreligiosos.com\/en\/wp-json\/wp\/v2\/product_tag?post=312528"}],"curies":[{"name":"wp","href":"https:\/\/api.w.org\/{rel}","templated":true}]}}