{"id":302071,"date":"2025-01-27T10:54:35","date_gmt":"2025-01-27T10:54:35","guid":{"rendered":"https:\/\/articulosreligiosos.com\/product\/agony-in-the-garden-set-of-6-pieces\/"},"modified":"2025-11-22T13:11:30","modified_gmt":"2025-11-22T13:11:30","slug":"agony-in-the-garden-set-of-6-pieces-impg04315658","status":"publish","type":"product","link":"https:\/\/articulosreligiosos.com\/en\/product\/agony-in-the-garden-set-of-6-pieces-impg04315658\/","title":{"rendered":"Agony in the Garden (Set of 6 pieces)"},"content":{"rendered":"<p>Agony in the Garden (Set of 6 pieces)<\/p>\n<p>This sacred resin sculpture stands out for its meticulous craftsmanship.<\/p>\n<p>A tradition that inspires emotion.<\/p>\n<p>Perfect for prayer spaces or as a meaningful gift.<br \/>\n<br \/>Visit our complete collection at <a href=\"https:\/\/articulosreligiosos.com\/en\/product-category\/religious-statues-religious-sculptures-catholic-statues-en\/\" target=\"_blank\" rel=\"noopener\">religious statues<\/a>.<\/p>\n","protected":false},"excerpt":{"rendered":"<p>Beautiful composition, made of resin, hand painted. The height of the largest image is 11 cm, the rest have a height proportional to the largest one. <\/p>\n","protected":false},"featured_media":343150,"comment_status":"open","ping_status":"closed","template":"","meta":{"_acf_changed":false},"product_brand":[],"product_cat":[6258,6278],"product_tag":[],"class_list":{"0":"post-302071","1":"product","2":"type-product","3":"status-publish","4":"has-post-thumbnail","6":"product_cat-religious-statues-religious-sculptures-catholic-statues-en","7":"product_cat-steps-and-groups-religious-sculptures-en","8":"pa_altura-190-en","9":"pa_disponibilidad-available-in-a-week","10":"pa_manufacturer-p043-en","11":"pa_material-resin-en-en","13":"first","14":"instock","15":"taxable","16":"shipping-taxable","17":"purchasable","18":"product-type-simple"},"acf":[],"yoast_head":"<!-- This site is optimized with the Yoast SEO Premium plugin v27.2 (Yoast SEO v27.2) - https:\/\/yoast.com\/product\/yoast-seo-premium-wordpress\/ -->\n<title>Get Agony in the Garden (6-Piece Set) for your home or chapel<\/title>\n<meta name=\"description\" content=\"Agony in the Garden (6-piece set) handcrafted to inspire devotion. Personalized service guaranteed.\" \/>\n<meta name=\"robots\" content=\"index, follow, max-snippet:-1, max-image-preview:large, max-video-preview:-1\" \/>\n<link rel=\"canonical\" href=\"https:\/\/articulosreligiosos.com\/en\/product\/agony-in-the-garden-set-of-6-pieces-impg04315658\/\" \/>\n<meta property=\"og:locale\" content=\"en_US\" \/>\n<meta property=\"og:type\" content=\"article\" \/>\n<meta property=\"og:title\" content=\"Agony in the Garden (Set of 6 pieces)\" \/>\n<meta property=\"og:description\" content=\"Agony in the Garden (6-piece set) handcrafted to inspire devotion. Personalized service guaranteed.\" \/>\n<meta property=\"og:url\" content=\"https:\/\/articulosreligiosos.com\/en\/product\/agony-in-the-garden-set-of-6-pieces-impg04315658\/\" \/>\n<meta property=\"og:site_name\" content=\"articulosreligiosos.com\" \/>\n<meta property=\"article:modified_time\" content=\"2025-11-22T13:11:30+00:00\" \/>\n<meta property=\"og:image\" content=\"https:\/\/articulosreligiosos.com\/wp-content\/uploads\/2025\/08\/Oracion-en-el-huerto-Set-de-6-piezas-IMPG04315658-0.webp\" \/>\n\t<meta property=\"og:image:width\" content=\"768\" \/>\n\t<meta property=\"og:image:height\" content=\"768\" \/>\n\t<meta property=\"og:image:type\" content=\"image\/webp\" \/>\n<meta name=\"twitter:card\" content=\"summary_large_image\" \/>\n<meta name=\"twitter:label1\" content=\"Price\" \/>\n\t<meta name=\"twitter:data1\" content=\"43,80&nbsp;&euro;\" \/>\n\t<meta name=\"twitter:label2\" content=\"Availability\" \/>\n\t<meta name=\"twitter:data2\" content=\"In stock\" \/>\n<script type=\"application\/ld+json\" class=\"yoast-schema-graph\">{\"@context\":\"https:\/\/schema.org\",\"@graph\":[{\"@type\":\"WebPage\",\"@id\":\"https:\/\/articulosreligiosos.com\/en\/product\/agony-in-the-garden-set-of-6-pieces-impg04315658\/\",\"url\":\"https:\/\/articulosreligiosos.com\/en\/product\/agony-in-the-garden-set-of-6-pieces-impg04315658\/\",\"name\":\"Get Agony in the Garden (6-Piece Set) for your home or chapel\",\"isPartOf\":{\"@id\":\"https:\/\/articulosreligiosos.com\/en\/#website\"},\"primaryImageOfPage\":{\"@id\":\"https:\/\/articulosreligiosos.com\/en\/product\/agony-in-the-garden-set-of-6-pieces-impg04315658\/#primaryimage\"},\"image\":{\"@id\":\"https:\/\/articulosreligiosos.com\/en\/product\/agony-in-the-garden-set-of-6-pieces-impg04315658\/#primaryimage\"},\"thumbnailUrl\":\"https:\/\/articulosreligiosos.com\/wp-content\/uploads\/2025\/08\/Oracion-en-el-huerto-Set-de-6-piezas-IMPG04315658-0.webp\",\"datePublished\":\"2025-01-27T10:54:35+00:00\",\"dateModified\":\"2025-11-22T13:11:30+00:00\",\"description\":\"Agony in the Garden (6-piece set) handcrafted to inspire devotion. Personalized service guaranteed.\",\"breadcrumb\":{\"@id\":\"https:\/\/articulosreligiosos.com\/en\/product\/agony-in-the-garden-set-of-6-pieces-impg04315658\/#breadcrumb\"},\"inLanguage\":\"en-US\",\"potentialAction\":[{\"@type\":\"ReadAction\",\"target\":[\"https:\/\/articulosreligiosos.com\/en\/product\/agony-in-the-garden-set-of-6-pieces-impg04315658\/\"]}]},{\"@type\":\"ImageObject\",\"inLanguage\":\"en-US\",\"@id\":\"https:\/\/articulosreligiosos.com\/en\/product\/agony-in-the-garden-set-of-6-pieces-impg04315658\/#primaryimage\",\"url\":\"https:\/\/articulosreligiosos.com\/wp-content\/uploads\/2025\/08\/Oracion-en-el-huerto-Set-de-6-piezas-IMPG04315658-0.webp\",\"contentUrl\":\"https:\/\/articulosreligiosos.com\/wp-content\/uploads\/2025\/08\/Oracion-en-el-huerto-Set-de-6-piezas-IMPG04315658-0.webp\",\"width\":768,\"height\":768,\"caption\":\"Agony-in-the-Garden-Set-IMPG04315658-0\"},{\"@type\":\"BreadcrumbList\",\"@id\":\"https:\/\/articulosreligiosos.com\/en\/product\/agony-in-the-garden-set-of-6-pieces-impg04315658\/#breadcrumb\",\"itemListElement\":[{\"@type\":\"ListItem\",\"position\":1,\"name\":\"Home\",\"item\":\"https:\/\/articulosreligiosos.com\/en\/\"},{\"@type\":\"ListItem\",\"position\":2,\"name\":\"Products\"},{\"@type\":\"ListItem\",\"position\":3,\"name\":\"Agony in the Garden (Set of 6 pieces)\"}]},{\"@type\":\"WebSite\",\"@id\":\"https:\/\/articulosreligiosos.com\/en\/#website\",\"url\":\"https:\/\/articulosreligiosos.com\/en\/\",\"name\":\"Art\u00edculos Religiosos\",\"description\":\"Tienda online | Fabricaci\u00f3n, restauraci\u00f3n y comercializaci\u00f3n de objetos religiosos al mejor precio y con el mejor servicio.\",\"publisher\":{\"@id\":\"https:\/\/articulosreligiosos.com\/en\/#organization\"},\"potentialAction\":[{\"@type\":\"SearchAction\",\"target\":{\"@type\":\"EntryPoint\",\"urlTemplate\":\"https:\/\/articulosreligiosos.com\/en\/?s={search_term_string}\"},\"query-input\":{\"@type\":\"PropertyValueSpecification\",\"valueRequired\":true,\"valueName\":\"search_term_string\"}}],\"inLanguage\":\"en-US\"},{\"@type\":\"Organization\",\"@id\":\"https:\/\/articulosreligiosos.com\/en\/#organization\",\"name\":\"Art\u00edculos Religiosos\",\"url\":\"https:\/\/articulosreligiosos.com\/en\/\",\"logo\":{\"@type\":\"ImageObject\",\"inLanguage\":\"en-US\",\"@id\":\"https:\/\/articulosreligiosos.com\/en\/#\/schema\/logo\/image\/\",\"url\":\"https:\/\/articulosreligiosos.com\/wp-content\/uploads\/2023\/12\/newlogo-1.png\",\"contentUrl\":\"https:\/\/articulosreligiosos.com\/wp-content\/uploads\/2023\/12\/newlogo-1.png\",\"width\":178,\"height\":114,\"caption\":\"Art\u00edculos Religiosos\"},\"image\":{\"@id\":\"https:\/\/articulosreligiosos.com\/en\/#\/schema\/logo\/image\/\"},\"sameAs\":[\"https:\/\/www.instagram.com\/articulosreligiosos.tienda\/\"],\"hasMerchantReturnPolicy\":{\"@type\":\"MerchantReturnPolicy\",\"merchantReturnLink\":\"https:\/\/articulosreligiosos.com\/en\/refund-and-returns-policy\/\"}}]}<\/script>\n<meta property=\"product:price:amount\" content=\"43.80\" \/>\n<meta property=\"product:price:currency\" content=\"EUR\" \/>\n<meta property=\"og:availability\" content=\"instock\" \/>\n<meta property=\"product:availability\" content=\"instock\" \/>\n<meta property=\"product:retailer_item_id\" content=\"IMPG04315658\" \/>\n<meta property=\"product:condition\" content=\"new\" \/>\n<!-- \/ Yoast SEO Premium plugin. -->","yoast_head_json":{"title":"Get Agony in the Garden (6-Piece Set) for your home or chapel","description":"Agony in the Garden (6-piece set) handcrafted to inspire devotion. Personalized service guaranteed.","robots":{"index":"index","follow":"follow","max-snippet":"max-snippet:-1","max-image-preview":"max-image-preview:large","max-video-preview":"max-video-preview:-1"},"canonical":"https:\/\/articulosreligiosos.com\/en\/product\/agony-in-the-garden-set-of-6-pieces-impg04315658\/","og_locale":"en_US","og_type":"article","og_title":"Agony in the Garden (Set of 6 pieces)","og_description":"Agony in the Garden (6-piece set) handcrafted to inspire devotion. Personalized service guaranteed.","og_url":"https:\/\/articulosreligiosos.com\/en\/product\/agony-in-the-garden-set-of-6-pieces-impg04315658\/","og_site_name":"articulosreligiosos.com","article_modified_time":"2025-11-22T13:11:30+00:00","og_image":[{"width":768,"height":768,"url":"https:\/\/articulosreligiosos.com\/wp-content\/uploads\/2025\/08\/Oracion-en-el-huerto-Set-de-6-piezas-IMPG04315658-0.webp","type":"image\/webp"}],"twitter_card":"summary_large_image","twitter_misc":{"Price":"43,80&nbsp;&euro;","Availability":"In stock"},"schema":{"@context":"https:\/\/schema.org","@graph":[{"@type":"WebPage","@id":"https:\/\/articulosreligiosos.com\/en\/product\/agony-in-the-garden-set-of-6-pieces-impg04315658\/","url":"https:\/\/articulosreligiosos.com\/en\/product\/agony-in-the-garden-set-of-6-pieces-impg04315658\/","name":"Get Agony in the Garden (6-Piece Set) for your home or chapel","isPartOf":{"@id":"https:\/\/articulosreligiosos.com\/en\/#website"},"primaryImageOfPage":{"@id":"https:\/\/articulosreligiosos.com\/en\/product\/agony-in-the-garden-set-of-6-pieces-impg04315658\/#primaryimage"},"image":{"@id":"https:\/\/articulosreligiosos.com\/en\/product\/agony-in-the-garden-set-of-6-pieces-impg04315658\/#primaryimage"},"thumbnailUrl":"https:\/\/articulosreligiosos.com\/wp-content\/uploads\/2025\/08\/Oracion-en-el-huerto-Set-de-6-piezas-IMPG04315658-0.webp","datePublished":"2025-01-27T10:54:35+00:00","dateModified":"2025-11-22T13:11:30+00:00","description":"Agony in the Garden (6-piece set) handcrafted to inspire devotion. Personalized service guaranteed.","breadcrumb":{"@id":"https:\/\/articulosreligiosos.com\/en\/product\/agony-in-the-garden-set-of-6-pieces-impg04315658\/#breadcrumb"},"inLanguage":"en-US","potentialAction":[{"@type":"ReadAction","target":["https:\/\/articulosreligiosos.com\/en\/product\/agony-in-the-garden-set-of-6-pieces-impg04315658\/"]}]},{"@type":"ImageObject","inLanguage":"en-US","@id":"https:\/\/articulosreligiosos.com\/en\/product\/agony-in-the-garden-set-of-6-pieces-impg04315658\/#primaryimage","url":"https:\/\/articulosreligiosos.com\/wp-content\/uploads\/2025\/08\/Oracion-en-el-huerto-Set-de-6-piezas-IMPG04315658-0.webp","contentUrl":"https:\/\/articulosreligiosos.com\/wp-content\/uploads\/2025\/08\/Oracion-en-el-huerto-Set-de-6-piezas-IMPG04315658-0.webp","width":768,"height":768,"caption":"Agony-in-the-Garden-Set-IMPG04315658-0"},{"@type":"BreadcrumbList","@id":"https:\/\/articulosreligiosos.com\/en\/product\/agony-in-the-garden-set-of-6-pieces-impg04315658\/#breadcrumb","itemListElement":[{"@type":"ListItem","position":1,"name":"Home","item":"https:\/\/articulosreligiosos.com\/en\/"},{"@type":"ListItem","position":2,"name":"Products"},{"@type":"ListItem","position":3,"name":"Agony in the Garden (Set of 6 pieces)"}]},{"@type":"WebSite","@id":"https:\/\/articulosreligiosos.com\/en\/#website","url":"https:\/\/articulosreligiosos.com\/en\/","name":"Art\u00edculos Religiosos","description":"Tienda online | Fabricaci\u00f3n, restauraci\u00f3n y comercializaci\u00f3n de objetos religiosos al mejor precio y con el mejor servicio.","publisher":{"@id":"https:\/\/articulosreligiosos.com\/en\/#organization"},"potentialAction":[{"@type":"SearchAction","target":{"@type":"EntryPoint","urlTemplate":"https:\/\/articulosreligiosos.com\/en\/?s={search_term_string}"},"query-input":{"@type":"PropertyValueSpecification","valueRequired":true,"valueName":"search_term_string"}}],"inLanguage":"en-US"},{"@type":"Organization","@id":"https:\/\/articulosreligiosos.com\/en\/#organization","name":"Art\u00edculos Religiosos","url":"https:\/\/articulosreligiosos.com\/en\/","logo":{"@type":"ImageObject","inLanguage":"en-US","@id":"https:\/\/articulosreligiosos.com\/en\/#\/schema\/logo\/image\/","url":"https:\/\/articulosreligiosos.com\/wp-content\/uploads\/2023\/12\/newlogo-1.png","contentUrl":"https:\/\/articulosreligiosos.com\/wp-content\/uploads\/2023\/12\/newlogo-1.png","width":178,"height":114,"caption":"Art\u00edculos Religiosos"},"image":{"@id":"https:\/\/articulosreligiosos.com\/en\/#\/schema\/logo\/image\/"},"sameAs":["https:\/\/www.instagram.com\/articulosreligiosos.tienda\/"],"hasMerchantReturnPolicy":{"@type":"MerchantReturnPolicy","merchantReturnLink":"https:\/\/articulosreligiosos.com\/en\/refund-and-returns-policy\/"}}]},"product_price_amount":"43.80","product_price_currency":"EUR","og_availability":"instock","product_availability":"instock","product_retailer_item_id":"IMPG04315658","product_condition":"new"},"_links":{"self":[{"href":"https:\/\/articulosreligiosos.com\/en\/wp-json\/wp\/v2\/product\/302071","targetHints":{"allow":["GET"]}}],"collection":[{"href":"https:\/\/articulosreligiosos.com\/en\/wp-json\/wp\/v2\/product"}],"about":[{"href":"https:\/\/articulosreligiosos.com\/en\/wp-json\/wp\/v2\/types\/product"}],"replies":[{"embeddable":true,"href":"https:\/\/articulosreligiosos.com\/en\/wp-json\/wp\/v2\/comments?post=302071"}],"wp:featuredmedia":[{"embeddable":true,"href":"https:\/\/articulosreligiosos.com\/en\/wp-json\/wp\/v2\/media\/343150"}],"wp:attachment":[{"href":"https:\/\/articulosreligiosos.com\/en\/wp-json\/wp\/v2\/media?parent=302071"}],"wp:term":[{"taxonomy":"product_brand","embeddable":true,"href":"https:\/\/articulosreligiosos.com\/en\/wp-json\/wp\/v2\/product_brand?post=302071"},{"taxonomy":"product_cat","embeddable":true,"href":"https:\/\/articulosreligiosos.com\/en\/wp-json\/wp\/v2\/product_cat?post=302071"},{"taxonomy":"product_tag","embeddable":true,"href":"https:\/\/articulosreligiosos.com\/en\/wp-json\/wp\/v2\/product_tag?post=302071"}],"curies":[{"name":"wp","href":"https:\/\/api.w.org\/{rel}","templated":true}]}}