{"id":273092,"date":"2011-06-29T09:46:57","date_gmt":"2011-06-29T09:46:57","guid":{"rendered":"https:\/\/articulosreligiosos.com\/product\/child-jesus-with-cross-divine-child\/"},"modified":"2025-11-30T21:40:48","modified_gmt":"2025-11-30T21:40:48","slug":"child-jesus-with-cross-divine-child-imnj001a197","status":"publish","type":"product","link":"https:\/\/articulosreligiosos.com\/en\/product\/child-jesus-with-cross-divine-child-imnj001a197\/","title":{"rendered":"Child Jesus with cross -Divine Child-"},"content":{"rendered":"<p>Child Jesus with cross -Divine Child-<\/p>\n<p>This figure of the Christ Child is made of <strong>wood pulp<\/strong>, with fine finishes and full of tenderness.<br \/>\nChrist Child, light of Bethlehem and joy of the world, protector of simple hearts. Patron saint of children, families, and the sick. Feast day: December 25.<br \/>\nDevotion in every detail  <\/p>\n<p>A unique piece that conveys spirituality. Buy with confidence and assured quality.<br \/>\nVisit our full collection at <a href=\"https:\/\/articulosreligiosos.com\/en\/product-category\/religious-statues-religious-sculptures-catholic-statues-en\/\" target=\"_blank\" rel=\"noopener\">religious statues<\/a>. <\/p>\n","protected":false},"excerpt":{"rendered":"<p>Child Jesus with cross. Sculpture made and painted by hand.<\/p>\n","protected":false},"featured_media":326496,"comment_status":"open","ping_status":"closed","template":"","meta":{"_acf_changed":false},"product_brand":[],"product_cat":[6286,6258],"product_tag":[],"class_list":{"0":"post-273092","1":"product","2":"type-product","3":"status-publish","4":"has-post-thumbnail","6":"product_cat-child-jesus-religious-sculptures-en","7":"product_cat-religious-statues-religious-sculptures-catholic-statues-en","8":"pa_altura-200-en","9":"pa_altura-300-en","10":"pa_altura-400-en","11":"pa_altura-500-en","12":"pa_decoracion_imagenes-antique-en","13":"pa_decoracion_imagenes-economic-en-en","14":"pa_decoracion_imagenes-extra-en","15":"pa_decoracion_imagenes-fine-en","16":"pa_decoracion_imagenes-imitation_wood-en","17":"pa_decoracion_imagenes-polychrome-en","18":"pa_decoracion_imagenes-special-en","19":"pa_decoracion_imagenes-topclass-en","20":"pa_disponibilidad-35-en","21":"pa_manufacturer-p001-en","22":"pa_material-cardboard-wood-plaster-en","23":"pa_materiales_general-pasta-de-madera-con-ojos-de-cristal","25":"first","26":"instock","27":"taxable","28":"shipping-taxable","29":"purchasable","30":"product-type-variable","31":"rtwpvs-product"},"acf":[],"yoast_head":"<!-- This site is optimized with the Yoast SEO Premium plugin v27.2 (Yoast SEO v27.2) - https:\/\/yoast.com\/product\/yoast-seo-premium-wordpress\/ -->\n<title>Child Jesus with cross -Divine Child- - Handmade religious images<\/title>\n<meta name=\"description\" content=\"Carry with you the Child Jesus with cross \u2013 Divine Child \u2013 a unique spiritual figure. Buy from us and receive it soon!\" \/>\n<meta name=\"robots\" content=\"index, follow, max-snippet:-1, max-image-preview:large, max-video-preview:-1\" \/>\n<link rel=\"canonical\" href=\"https:\/\/articulosreligiosos.com\/en\/product\/child-jesus-with-cross-divine-child-imnj001a197\/\" \/>\n<meta property=\"og:locale\" content=\"en_US\" \/>\n<meta property=\"og:type\" content=\"article\" \/>\n<meta property=\"og:title\" content=\"Child Jesus with cross -Divine Child-\" \/>\n<meta property=\"og:description\" content=\"Carry with you the Child Jesus with cross \u2013 Divine Child \u2013 a unique spiritual figure. Buy from us and receive it soon!\" \/>\n<meta property=\"og:url\" content=\"https:\/\/articulosreligiosos.com\/en\/product\/child-jesus-with-cross-divine-child-imnj001a197\/\" \/>\n<meta property=\"og:site_name\" content=\"articulosreligiosos.com\" \/>\n<meta property=\"article:modified_time\" content=\"2025-11-30T21:40:48+00:00\" \/>\n<meta property=\"og:image\" content=\"https:\/\/articulosreligiosos.com\/wp-content\/uploads\/2025\/07\/Nino-Jesus-con-cruz-Divino-Nino-IMNJ001A197-0.webp\" \/>\n\t<meta property=\"og:image:width\" content=\"1123\" \/>\n\t<meta property=\"og:image:height\" content=\"1500\" \/>\n\t<meta property=\"og:image:type\" content=\"image\/webp\" \/>\n<meta name=\"twitter:card\" content=\"summary_large_image\" \/>\n<meta name=\"twitter:label1\" content=\"Availability\" \/>\n\t<meta name=\"twitter:data1\" content=\"In stock\" \/>\n<script type=\"application\/ld+json\" class=\"yoast-schema-graph\">{\"@context\":\"https:\/\/schema.org\",\"@graph\":[{\"@type\":\"WebPage\",\"@id\":\"https:\/\/articulosreligiosos.com\/en\/product\/child-jesus-with-cross-divine-child-imnj001a197\/\",\"url\":\"https:\/\/articulosreligiosos.com\/en\/product\/child-jesus-with-cross-divine-child-imnj001a197\/\",\"name\":\"Child Jesus with cross -Divine Child- - Handmade religious images\",\"isPartOf\":{\"@id\":\"https:\/\/articulosreligiosos.com\/en\/#website\"},\"primaryImageOfPage\":{\"@id\":\"https:\/\/articulosreligiosos.com\/en\/product\/child-jesus-with-cross-divine-child-imnj001a197\/#primaryimage\"},\"image\":{\"@id\":\"https:\/\/articulosreligiosos.com\/en\/product\/child-jesus-with-cross-divine-child-imnj001a197\/#primaryimage\"},\"thumbnailUrl\":\"https:\/\/articulosreligiosos.com\/wp-content\/uploads\/2025\/07\/Nino-Jesus-con-cruz-Divino-Nino-IMNJ001A197-0.webp\",\"datePublished\":\"2011-06-29T09:46:57+00:00\",\"dateModified\":\"2025-11-30T21:40:48+00:00\",\"description\":\"Carry with you the Child Jesus with cross \u2013 Divine Child \u2013 a unique spiritual figure. Buy from us and receive it soon!\",\"breadcrumb\":{\"@id\":\"https:\/\/articulosreligiosos.com\/en\/product\/child-jesus-with-cross-divine-child-imnj001a197\/#breadcrumb\"},\"inLanguage\":\"en-US\",\"potentialAction\":[{\"@type\":\"ReadAction\",\"target\":[\"https:\/\/articulosreligiosos.com\/en\/product\/child-jesus-with-cross-divine-child-imnj001a197\/\"]}]},{\"@type\":\"ImageObject\",\"inLanguage\":\"en-US\",\"@id\":\"https:\/\/articulosreligiosos.com\/en\/product\/child-jesus-with-cross-divine-child-imnj001a197\/#primaryimage\",\"url\":\"https:\/\/articulosreligiosos.com\/wp-content\/uploads\/2025\/07\/Nino-Jesus-con-cruz-Divino-Nino-IMNJ001A197-0.webp\",\"contentUrl\":\"https:\/\/articulosreligiosos.com\/wp-content\/uploads\/2025\/07\/Nino-Jesus-con-cruz-Divino-Nino-IMNJ001A197-0.webp\",\"width\":1123,\"height\":1500,\"caption\":\"Child-Jesus-with-cross-IMNJ001A197-0\"},{\"@type\":\"BreadcrumbList\",\"@id\":\"https:\/\/articulosreligiosos.com\/en\/product\/child-jesus-with-cross-divine-child-imnj001a197\/#breadcrumb\",\"itemListElement\":[{\"@type\":\"ListItem\",\"position\":1,\"name\":\"Home\",\"item\":\"https:\/\/articulosreligiosos.com\/en\/\"},{\"@type\":\"ListItem\",\"position\":2,\"name\":\"Products\"},{\"@type\":\"ListItem\",\"position\":3,\"name\":\"Child Jesus with cross -Divine Child-\"}]},{\"@type\":\"WebSite\",\"@id\":\"https:\/\/articulosreligiosos.com\/en\/#website\",\"url\":\"https:\/\/articulosreligiosos.com\/en\/\",\"name\":\"Art\u00edculos Religiosos\",\"description\":\"Tienda online | Fabricaci\u00f3n, restauraci\u00f3n y comercializaci\u00f3n de objetos religiosos al mejor precio y con el mejor servicio.\",\"publisher\":{\"@id\":\"https:\/\/articulosreligiosos.com\/en\/#organization\"},\"potentialAction\":[{\"@type\":\"SearchAction\",\"target\":{\"@type\":\"EntryPoint\",\"urlTemplate\":\"https:\/\/articulosreligiosos.com\/en\/?s={search_term_string}\"},\"query-input\":{\"@type\":\"PropertyValueSpecification\",\"valueRequired\":true,\"valueName\":\"search_term_string\"}}],\"inLanguage\":\"en-US\"},{\"@type\":\"Organization\",\"@id\":\"https:\/\/articulosreligiosos.com\/en\/#organization\",\"name\":\"Art\u00edculos Religiosos\",\"url\":\"https:\/\/articulosreligiosos.com\/en\/\",\"logo\":{\"@type\":\"ImageObject\",\"inLanguage\":\"en-US\",\"@id\":\"https:\/\/articulosreligiosos.com\/en\/#\/schema\/logo\/image\/\",\"url\":\"https:\/\/articulosreligiosos.com\/wp-content\/uploads\/2023\/12\/newlogo-1.png\",\"contentUrl\":\"https:\/\/articulosreligiosos.com\/wp-content\/uploads\/2023\/12\/newlogo-1.png\",\"width\":178,\"height\":114,\"caption\":\"Art\u00edculos Religiosos\"},\"image\":{\"@id\":\"https:\/\/articulosreligiosos.com\/en\/#\/schema\/logo\/image\/\"},\"sameAs\":[\"https:\/\/www.instagram.com\/articulosreligiosos.tienda\/\"],\"hasMerchantReturnPolicy\":{\"@type\":\"MerchantReturnPolicy\",\"merchantReturnLink\":\"https:\/\/articulosreligiosos.com\/en\/refund-and-returns-policy\/\"}}]}<\/script>\n<meta property=\"og:availability\" content=\"instock\" \/>\n<meta property=\"product:availability\" content=\"instock\" \/>\n<meta property=\"product:retailer_item_id\" content=\"IMNJ001A197\" \/>\n<meta property=\"product:condition\" content=\"new\" \/>\n<!-- \/ Yoast SEO Premium plugin. -->","yoast_head_json":{"title":"Child Jesus with cross -Divine Child- - Handmade religious images","description":"Carry with you the Child Jesus with cross \u2013 Divine Child \u2013 a unique spiritual figure. Buy from us and receive it soon!","robots":{"index":"index","follow":"follow","max-snippet":"max-snippet:-1","max-image-preview":"max-image-preview:large","max-video-preview":"max-video-preview:-1"},"canonical":"https:\/\/articulosreligiosos.com\/en\/product\/child-jesus-with-cross-divine-child-imnj001a197\/","og_locale":"en_US","og_type":"article","og_title":"Child Jesus with cross -Divine Child-","og_description":"Carry with you the Child Jesus with cross \u2013 Divine Child \u2013 a unique spiritual figure. Buy from us and receive it soon!","og_url":"https:\/\/articulosreligiosos.com\/en\/product\/child-jesus-with-cross-divine-child-imnj001a197\/","og_site_name":"articulosreligiosos.com","article_modified_time":"2025-11-30T21:40:48+00:00","og_image":[{"width":1123,"height":1500,"url":"https:\/\/articulosreligiosos.com\/wp-content\/uploads\/2025\/07\/Nino-Jesus-con-cruz-Divino-Nino-IMNJ001A197-0.webp","type":"image\/webp"}],"twitter_card":"summary_large_image","twitter_misc":{"Availability":"In stock"},"schema":{"@context":"https:\/\/schema.org","@graph":[{"@type":"WebPage","@id":"https:\/\/articulosreligiosos.com\/en\/product\/child-jesus-with-cross-divine-child-imnj001a197\/","url":"https:\/\/articulosreligiosos.com\/en\/product\/child-jesus-with-cross-divine-child-imnj001a197\/","name":"Child Jesus with cross -Divine Child- - Handmade religious images","isPartOf":{"@id":"https:\/\/articulosreligiosos.com\/en\/#website"},"primaryImageOfPage":{"@id":"https:\/\/articulosreligiosos.com\/en\/product\/child-jesus-with-cross-divine-child-imnj001a197\/#primaryimage"},"image":{"@id":"https:\/\/articulosreligiosos.com\/en\/product\/child-jesus-with-cross-divine-child-imnj001a197\/#primaryimage"},"thumbnailUrl":"https:\/\/articulosreligiosos.com\/wp-content\/uploads\/2025\/07\/Nino-Jesus-con-cruz-Divino-Nino-IMNJ001A197-0.webp","datePublished":"2011-06-29T09:46:57+00:00","dateModified":"2025-11-30T21:40:48+00:00","description":"Carry with you the Child Jesus with cross \u2013 Divine Child \u2013 a unique spiritual figure. Buy from us and receive it soon!","breadcrumb":{"@id":"https:\/\/articulosreligiosos.com\/en\/product\/child-jesus-with-cross-divine-child-imnj001a197\/#breadcrumb"},"inLanguage":"en-US","potentialAction":[{"@type":"ReadAction","target":["https:\/\/articulosreligiosos.com\/en\/product\/child-jesus-with-cross-divine-child-imnj001a197\/"]}]},{"@type":"ImageObject","inLanguage":"en-US","@id":"https:\/\/articulosreligiosos.com\/en\/product\/child-jesus-with-cross-divine-child-imnj001a197\/#primaryimage","url":"https:\/\/articulosreligiosos.com\/wp-content\/uploads\/2025\/07\/Nino-Jesus-con-cruz-Divino-Nino-IMNJ001A197-0.webp","contentUrl":"https:\/\/articulosreligiosos.com\/wp-content\/uploads\/2025\/07\/Nino-Jesus-con-cruz-Divino-Nino-IMNJ001A197-0.webp","width":1123,"height":1500,"caption":"Child-Jesus-with-cross-IMNJ001A197-0"},{"@type":"BreadcrumbList","@id":"https:\/\/articulosreligiosos.com\/en\/product\/child-jesus-with-cross-divine-child-imnj001a197\/#breadcrumb","itemListElement":[{"@type":"ListItem","position":1,"name":"Home","item":"https:\/\/articulosreligiosos.com\/en\/"},{"@type":"ListItem","position":2,"name":"Products"},{"@type":"ListItem","position":3,"name":"Child Jesus with cross -Divine Child-"}]},{"@type":"WebSite","@id":"https:\/\/articulosreligiosos.com\/en\/#website","url":"https:\/\/articulosreligiosos.com\/en\/","name":"Art\u00edculos Religiosos","description":"Tienda online | Fabricaci\u00f3n, restauraci\u00f3n y comercializaci\u00f3n de objetos religiosos al mejor precio y con el mejor servicio.","publisher":{"@id":"https:\/\/articulosreligiosos.com\/en\/#organization"},"potentialAction":[{"@type":"SearchAction","target":{"@type":"EntryPoint","urlTemplate":"https:\/\/articulosreligiosos.com\/en\/?s={search_term_string}"},"query-input":{"@type":"PropertyValueSpecification","valueRequired":true,"valueName":"search_term_string"}}],"inLanguage":"en-US"},{"@type":"Organization","@id":"https:\/\/articulosreligiosos.com\/en\/#organization","name":"Art\u00edculos Religiosos","url":"https:\/\/articulosreligiosos.com\/en\/","logo":{"@type":"ImageObject","inLanguage":"en-US","@id":"https:\/\/articulosreligiosos.com\/en\/#\/schema\/logo\/image\/","url":"https:\/\/articulosreligiosos.com\/wp-content\/uploads\/2023\/12\/newlogo-1.png","contentUrl":"https:\/\/articulosreligiosos.com\/wp-content\/uploads\/2023\/12\/newlogo-1.png","width":178,"height":114,"caption":"Art\u00edculos Religiosos"},"image":{"@id":"https:\/\/articulosreligiosos.com\/en\/#\/schema\/logo\/image\/"},"sameAs":["https:\/\/www.instagram.com\/articulosreligiosos.tienda\/"],"hasMerchantReturnPolicy":{"@type":"MerchantReturnPolicy","merchantReturnLink":"https:\/\/articulosreligiosos.com\/en\/refund-and-returns-policy\/"}}]},"og_availability":"instock","product_availability":"instock","product_retailer_item_id":"IMNJ001A197","product_condition":"new"},"_links":{"self":[{"href":"https:\/\/articulosreligiosos.com\/en\/wp-json\/wp\/v2\/product\/273092","targetHints":{"allow":["GET"]}}],"collection":[{"href":"https:\/\/articulosreligiosos.com\/en\/wp-json\/wp\/v2\/product"}],"about":[{"href":"https:\/\/articulosreligiosos.com\/en\/wp-json\/wp\/v2\/types\/product"}],"replies":[{"embeddable":true,"href":"https:\/\/articulosreligiosos.com\/en\/wp-json\/wp\/v2\/comments?post=273092"}],"wp:featuredmedia":[{"embeddable":true,"href":"https:\/\/articulosreligiosos.com\/en\/wp-json\/wp\/v2\/media\/326496"}],"wp:attachment":[{"href":"https:\/\/articulosreligiosos.com\/en\/wp-json\/wp\/v2\/media?parent=273092"}],"wp:term":[{"taxonomy":"product_brand","embeddable":true,"href":"https:\/\/articulosreligiosos.com\/en\/wp-json\/wp\/v2\/product_brand?post=273092"},{"taxonomy":"product_cat","embeddable":true,"href":"https:\/\/articulosreligiosos.com\/en\/wp-json\/wp\/v2\/product_cat?post=273092"},{"taxonomy":"product_tag","embeddable":true,"href":"https:\/\/articulosreligiosos.com\/en\/wp-json\/wp\/v2\/product_tag?post=273092"}],"curies":[{"name":"wp","href":"https:\/\/api.w.org\/{rel}","templated":true}]}}