{"id":271931,"date":"2024-06-28T05:54:26","date_gmt":"2024-06-28T05:54:26","guid":{"rendered":"https:\/\/articulosreligiosos.com\/product\/saint-gabriel-the-archangel-various-sizes\/"},"modified":"2025-11-23T11:42:32","modified_gmt":"2025-11-23T11:42:32","slug":"saint-gabriel-the-archangel-various-sizes-iman043014202","status":"publish","type":"product","link":"https:\/\/articulosreligiosos.com\/en\/product\/saint-gabriel-the-archangel-various-sizes-iman043014202\/","title":{"rendered":"Saint Gabriel the Archangel Various sizes."},"content":{"rendered":"<p>Saint Gabriel the Archangel Various sizes.<\/p>\n<p>Messenger of good news, protector of communicators and messengers. Patron saint of messengers and diplomats. Feast day: September 29.<br \/>\nA moving tradition  <\/p>\n<p>Perfect for prayer spaces or as a meaningful gift.<br \/>\nVisit our complete collection of <a href=\"https:\/\/articulosreligiosos.com\/en\/product-category\/religious-statues-religious-sculptures-catholic-statues-en\/\" target=\"_blank\" rel=\"noopener\">religious imaginery<\/a>.<\/p>\n","protected":false},"excerpt":{"rendered":"<p>Saint Gabriel the Archangel in resin. Available in different sizes.<\/p>\n","protected":false},"featured_media":343738,"comment_status":"open","ping_status":"closed","template":"","meta":{"_acf_changed":false},"product_brand":[],"product_cat":[6280,6258],"product_tag":[],"class_list":{"0":"post-271931","1":"product","2":"type-product","3":"status-publish","4":"has-post-thumbnail","6":"product_cat-saints-male-religious-images-en","7":"product_cat-religious-statues-religious-sculptures-catholic-statues-en","8":"pa_altura-150-en","9":"pa_altura-200-en","10":"pa_altura-300-en","11":"pa_disponibilidad-7-en","12":"pa_manufacturer-p043-en","13":"pa_material-resin-en-en","15":"first","16":"instock","17":"taxable","18":"shipping-taxable","19":"purchasable","20":"product-type-variable","21":"rtwpvs-product"},"acf":[],"yoast_head":"<!-- This site is optimized with the Yoast SEO Premium plugin v27.2 (Yoast SEO v27.2) - https:\/\/yoast.com\/product\/yoast-seo-premium-wordpress\/ -->\n<title>Buy Saint Gabriel the Archangel. Various sizes. religious at the best price<\/title>\n<meta name=\"description\" content=\"Saint Gabriel the Archangel Various sizes. Handcrafted to inspire devotion. Personalized service guaranteed.\" \/>\n<meta name=\"robots\" content=\"index, follow, max-snippet:-1, max-image-preview:large, max-video-preview:-1\" \/>\n<link rel=\"canonical\" href=\"https:\/\/articulosreligiosos.com\/en\/product\/saint-gabriel-the-archangel-various-sizes-iman043014202\/\" \/>\n<meta property=\"og:locale\" content=\"en_US\" \/>\n<meta property=\"og:type\" content=\"article\" \/>\n<meta property=\"og:title\" content=\"Saint Gabriel the Archangel Various sizes.\" \/>\n<meta property=\"og:description\" content=\"Saint Gabriel the Archangel Various sizes. Handcrafted to inspire devotion. Personalized service guaranteed.\" \/>\n<meta property=\"og:url\" content=\"https:\/\/articulosreligiosos.com\/en\/product\/saint-gabriel-the-archangel-various-sizes-iman043014202\/\" \/>\n<meta property=\"og:site_name\" content=\"articulosreligiosos.com\" \/>\n<meta property=\"article:modified_time\" content=\"2025-11-23T11:42:32+00:00\" \/>\n<meta property=\"og:image\" content=\"https:\/\/articulosreligiosos.com\/wp-content\/uploads\/2025\/08\/San-Gabriel-Arcangel-IMAN043014202-2.webp\" \/>\n\t<meta property=\"og:image:width\" content=\"768\" \/>\n\t<meta property=\"og:image:height\" content=\"768\" \/>\n\t<meta property=\"og:image:type\" content=\"image\/webp\" \/>\n<meta name=\"twitter:card\" content=\"summary_large_image\" \/>\n<meta name=\"twitter:label1\" content=\"Availability\" \/>\n\t<meta name=\"twitter:data1\" content=\"In stock\" \/>\n<script type=\"application\/ld+json\" class=\"yoast-schema-graph\">{\"@context\":\"https:\/\/schema.org\",\"@graph\":[{\"@type\":\"WebPage\",\"@id\":\"https:\/\/articulosreligiosos.com\/en\/product\/saint-gabriel-the-archangel-various-sizes-iman043014202\/\",\"url\":\"https:\/\/articulosreligiosos.com\/en\/product\/saint-gabriel-the-archangel-various-sizes-iman043014202\/\",\"name\":\"Buy Saint Gabriel the Archangel. Various sizes. religious at the best price\",\"isPartOf\":{\"@id\":\"https:\/\/articulosreligiosos.com\/en\/#website\"},\"primaryImageOfPage\":{\"@id\":\"https:\/\/articulosreligiosos.com\/en\/product\/saint-gabriel-the-archangel-various-sizes-iman043014202\/#primaryimage\"},\"image\":{\"@id\":\"https:\/\/articulosreligiosos.com\/en\/product\/saint-gabriel-the-archangel-various-sizes-iman043014202\/#primaryimage\"},\"thumbnailUrl\":\"https:\/\/articulosreligiosos.com\/wp-content\/uploads\/2025\/08\/San-Gabriel-Arcangel-IMAN043014202-2.webp\",\"datePublished\":\"2024-06-28T05:54:26+00:00\",\"dateModified\":\"2025-11-23T11:42:32+00:00\",\"description\":\"Saint Gabriel the Archangel Various sizes. Handcrafted to inspire devotion. Personalized service guaranteed.\",\"breadcrumb\":{\"@id\":\"https:\/\/articulosreligiosos.com\/en\/product\/saint-gabriel-the-archangel-various-sizes-iman043014202\/#breadcrumb\"},\"inLanguage\":\"en-US\",\"potentialAction\":[{\"@type\":\"ReadAction\",\"target\":[\"https:\/\/articulosreligiosos.com\/en\/product\/saint-gabriel-the-archangel-various-sizes-iman043014202\/\"]}]},{\"@type\":\"ImageObject\",\"inLanguage\":\"en-US\",\"@id\":\"https:\/\/articulosreligiosos.com\/en\/product\/saint-gabriel-the-archangel-various-sizes-iman043014202\/#primaryimage\",\"url\":\"https:\/\/articulosreligiosos.com\/wp-content\/uploads\/2025\/08\/San-Gabriel-Arcangel-IMAN043014202-2.webp\",\"contentUrl\":\"https:\/\/articulosreligiosos.com\/wp-content\/uploads\/2025\/08\/San-Gabriel-Arcangel-IMAN043014202-2.webp\",\"width\":768,\"height\":768,\"caption\":\"Saint-Gabriel-the-Archangel-IMAN043014202-2\"},{\"@type\":\"BreadcrumbList\",\"@id\":\"https:\/\/articulosreligiosos.com\/en\/product\/saint-gabriel-the-archangel-various-sizes-iman043014202\/#breadcrumb\",\"itemListElement\":[{\"@type\":\"ListItem\",\"position\":1,\"name\":\"Home\",\"item\":\"https:\/\/articulosreligiosos.com\/en\/\"},{\"@type\":\"ListItem\",\"position\":2,\"name\":\"Products\"},{\"@type\":\"ListItem\",\"position\":3,\"name\":\"Saint Gabriel the Archangel Various sizes.\"}]},{\"@type\":\"WebSite\",\"@id\":\"https:\/\/articulosreligiosos.com\/en\/#website\",\"url\":\"https:\/\/articulosreligiosos.com\/en\/\",\"name\":\"Art\u00edculos Religiosos\",\"description\":\"Tienda online | Fabricaci\u00f3n, restauraci\u00f3n y comercializaci\u00f3n de objetos religiosos al mejor precio y con el mejor servicio.\",\"publisher\":{\"@id\":\"https:\/\/articulosreligiosos.com\/en\/#organization\"},\"potentialAction\":[{\"@type\":\"SearchAction\",\"target\":{\"@type\":\"EntryPoint\",\"urlTemplate\":\"https:\/\/articulosreligiosos.com\/en\/?s={search_term_string}\"},\"query-input\":{\"@type\":\"PropertyValueSpecification\",\"valueRequired\":true,\"valueName\":\"search_term_string\"}}],\"inLanguage\":\"en-US\"},{\"@type\":\"Organization\",\"@id\":\"https:\/\/articulosreligiosos.com\/en\/#organization\",\"name\":\"Art\u00edculos Religiosos\",\"url\":\"https:\/\/articulosreligiosos.com\/en\/\",\"logo\":{\"@type\":\"ImageObject\",\"inLanguage\":\"en-US\",\"@id\":\"https:\/\/articulosreligiosos.com\/en\/#\/schema\/logo\/image\/\",\"url\":\"https:\/\/articulosreligiosos.com\/wp-content\/uploads\/2023\/12\/newlogo-1.png\",\"contentUrl\":\"https:\/\/articulosreligiosos.com\/wp-content\/uploads\/2023\/12\/newlogo-1.png\",\"width\":178,\"height\":114,\"caption\":\"Art\u00edculos Religiosos\"},\"image\":{\"@id\":\"https:\/\/articulosreligiosos.com\/en\/#\/schema\/logo\/image\/\"},\"sameAs\":[\"https:\/\/www.instagram.com\/articulosreligiosos.tienda\/\"],\"hasMerchantReturnPolicy\":{\"@type\":\"MerchantReturnPolicy\",\"merchantReturnLink\":\"https:\/\/articulosreligiosos.com\/en\/refund-and-returns-policy\/\"}}]}<\/script>\n<meta property=\"og:availability\" content=\"instock\" \/>\n<meta property=\"product:availability\" content=\"instock\" \/>\n<meta property=\"product:retailer_item_id\" content=\"IMAN043014202\" \/>\n<meta property=\"product:condition\" content=\"new\" \/>\n<!-- \/ Yoast SEO Premium plugin. -->","yoast_head_json":{"title":"Buy Saint Gabriel the Archangel. Various sizes. religious at the best price","description":"Saint Gabriel the Archangel Various sizes. Handcrafted to inspire devotion. Personalized service guaranteed.","robots":{"index":"index","follow":"follow","max-snippet":"max-snippet:-1","max-image-preview":"max-image-preview:large","max-video-preview":"max-video-preview:-1"},"canonical":"https:\/\/articulosreligiosos.com\/en\/product\/saint-gabriel-the-archangel-various-sizes-iman043014202\/","og_locale":"en_US","og_type":"article","og_title":"Saint Gabriel the Archangel Various sizes.","og_description":"Saint Gabriel the Archangel Various sizes. Handcrafted to inspire devotion. Personalized service guaranteed.","og_url":"https:\/\/articulosreligiosos.com\/en\/product\/saint-gabriel-the-archangel-various-sizes-iman043014202\/","og_site_name":"articulosreligiosos.com","article_modified_time":"2025-11-23T11:42:32+00:00","og_image":[{"width":768,"height":768,"url":"https:\/\/articulosreligiosos.com\/wp-content\/uploads\/2025\/08\/San-Gabriel-Arcangel-IMAN043014202-2.webp","type":"image\/webp"}],"twitter_card":"summary_large_image","twitter_misc":{"Availability":"In stock"},"schema":{"@context":"https:\/\/schema.org","@graph":[{"@type":"WebPage","@id":"https:\/\/articulosreligiosos.com\/en\/product\/saint-gabriel-the-archangel-various-sizes-iman043014202\/","url":"https:\/\/articulosreligiosos.com\/en\/product\/saint-gabriel-the-archangel-various-sizes-iman043014202\/","name":"Buy Saint Gabriel the Archangel. Various sizes. religious at the best price","isPartOf":{"@id":"https:\/\/articulosreligiosos.com\/en\/#website"},"primaryImageOfPage":{"@id":"https:\/\/articulosreligiosos.com\/en\/product\/saint-gabriel-the-archangel-various-sizes-iman043014202\/#primaryimage"},"image":{"@id":"https:\/\/articulosreligiosos.com\/en\/product\/saint-gabriel-the-archangel-various-sizes-iman043014202\/#primaryimage"},"thumbnailUrl":"https:\/\/articulosreligiosos.com\/wp-content\/uploads\/2025\/08\/San-Gabriel-Arcangel-IMAN043014202-2.webp","datePublished":"2024-06-28T05:54:26+00:00","dateModified":"2025-11-23T11:42:32+00:00","description":"Saint Gabriel the Archangel Various sizes. Handcrafted to inspire devotion. Personalized service guaranteed.","breadcrumb":{"@id":"https:\/\/articulosreligiosos.com\/en\/product\/saint-gabriel-the-archangel-various-sizes-iman043014202\/#breadcrumb"},"inLanguage":"en-US","potentialAction":[{"@type":"ReadAction","target":["https:\/\/articulosreligiosos.com\/en\/product\/saint-gabriel-the-archangel-various-sizes-iman043014202\/"]}]},{"@type":"ImageObject","inLanguage":"en-US","@id":"https:\/\/articulosreligiosos.com\/en\/product\/saint-gabriel-the-archangel-various-sizes-iman043014202\/#primaryimage","url":"https:\/\/articulosreligiosos.com\/wp-content\/uploads\/2025\/08\/San-Gabriel-Arcangel-IMAN043014202-2.webp","contentUrl":"https:\/\/articulosreligiosos.com\/wp-content\/uploads\/2025\/08\/San-Gabriel-Arcangel-IMAN043014202-2.webp","width":768,"height":768,"caption":"Saint-Gabriel-the-Archangel-IMAN043014202-2"},{"@type":"BreadcrumbList","@id":"https:\/\/articulosreligiosos.com\/en\/product\/saint-gabriel-the-archangel-various-sizes-iman043014202\/#breadcrumb","itemListElement":[{"@type":"ListItem","position":1,"name":"Home","item":"https:\/\/articulosreligiosos.com\/en\/"},{"@type":"ListItem","position":2,"name":"Products"},{"@type":"ListItem","position":3,"name":"Saint Gabriel the Archangel Various sizes."}]},{"@type":"WebSite","@id":"https:\/\/articulosreligiosos.com\/en\/#website","url":"https:\/\/articulosreligiosos.com\/en\/","name":"Art\u00edculos Religiosos","description":"Tienda online | Fabricaci\u00f3n, restauraci\u00f3n y comercializaci\u00f3n de objetos religiosos al mejor precio y con el mejor servicio.","publisher":{"@id":"https:\/\/articulosreligiosos.com\/en\/#organization"},"potentialAction":[{"@type":"SearchAction","target":{"@type":"EntryPoint","urlTemplate":"https:\/\/articulosreligiosos.com\/en\/?s={search_term_string}"},"query-input":{"@type":"PropertyValueSpecification","valueRequired":true,"valueName":"search_term_string"}}],"inLanguage":"en-US"},{"@type":"Organization","@id":"https:\/\/articulosreligiosos.com\/en\/#organization","name":"Art\u00edculos Religiosos","url":"https:\/\/articulosreligiosos.com\/en\/","logo":{"@type":"ImageObject","inLanguage":"en-US","@id":"https:\/\/articulosreligiosos.com\/en\/#\/schema\/logo\/image\/","url":"https:\/\/articulosreligiosos.com\/wp-content\/uploads\/2023\/12\/newlogo-1.png","contentUrl":"https:\/\/articulosreligiosos.com\/wp-content\/uploads\/2023\/12\/newlogo-1.png","width":178,"height":114,"caption":"Art\u00edculos Religiosos"},"image":{"@id":"https:\/\/articulosreligiosos.com\/en\/#\/schema\/logo\/image\/"},"sameAs":["https:\/\/www.instagram.com\/articulosreligiosos.tienda\/"],"hasMerchantReturnPolicy":{"@type":"MerchantReturnPolicy","merchantReturnLink":"https:\/\/articulosreligiosos.com\/en\/refund-and-returns-policy\/"}}]},"og_availability":"instock","product_availability":"instock","product_retailer_item_id":"IMAN043014202","product_condition":"new"},"_links":{"self":[{"href":"https:\/\/articulosreligiosos.com\/en\/wp-json\/wp\/v2\/product\/271931","targetHints":{"allow":["GET"]}}],"collection":[{"href":"https:\/\/articulosreligiosos.com\/en\/wp-json\/wp\/v2\/product"}],"about":[{"href":"https:\/\/articulosreligiosos.com\/en\/wp-json\/wp\/v2\/types\/product"}],"replies":[{"embeddable":true,"href":"https:\/\/articulosreligiosos.com\/en\/wp-json\/wp\/v2\/comments?post=271931"}],"wp:featuredmedia":[{"embeddable":true,"href":"https:\/\/articulosreligiosos.com\/en\/wp-json\/wp\/v2\/media\/343738"}],"wp:attachment":[{"href":"https:\/\/articulosreligiosos.com\/en\/wp-json\/wp\/v2\/media?parent=271931"}],"wp:term":[{"taxonomy":"product_brand","embeddable":true,"href":"https:\/\/articulosreligiosos.com\/en\/wp-json\/wp\/v2\/product_brand?post=271931"},{"taxonomy":"product_cat","embeddable":true,"href":"https:\/\/articulosreligiosos.com\/en\/wp-json\/wp\/v2\/product_cat?post=271931"},{"taxonomy":"product_tag","embeddable":true,"href":"https:\/\/articulosreligiosos.com\/en\/wp-json\/wp\/v2\/product_tag?post=271931"}],"curies":[{"name":"wp","href":"https:\/\/api.w.org\/{rel}","templated":true}]}}