{"id":202802,"date":"2023-10-31T12:27:59","date_gmt":"2023-10-31T12:27:59","guid":{"rendered":"https:\/\/articulosreligiosos.com\/product\/medal-of-saint-benedict-enameled-with-chain-come020s140201\/"},"modified":"2025-11-24T10:30:47","modified_gmt":"2025-11-24T10:30:47","slug":"medal-of-saint-benedict-enameled-with-chain-come020s140201","status":"publish","type":"product","link":"https:\/\/articulosreligiosos.com\/en\/product\/medal-of-saint-benedict-enameled-with-chain-come020s140201\/","title":{"rendered":"Medal of Saint Benedict. Enameled. With chain"},"content":{"rendered":"<p>Beautiful medal of Saint Benedict with great presence and quality.<\/p>\n","protected":false},"excerpt":{"rendered":"<p>Blue enameled medal of Saint Benedict, made of metal. 60cm long silver chain. <\/p>\n","protected":false},"featured_media":351514,"comment_status":"open","ping_status":"closed","template":"","meta":{"_acf_changed":false},"product_brand":[],"product_cat":[6383,7459,7312,6385],"product_tag":[],"class_list":{"0":"post-202802","1":"product","2":"type-product","3":"status-publish","4":"has-post-thumbnail","6":"product_cat-catholic-religious-medals-en","7":"product_cat-saint-benedict-medal-saint-benedict-medals-en-en","8":"product_cat-saint-benedict","9":"product_cat-saints-male-catholic-religious-medals-en","10":"pa_altura-10-en","11":"pa_altura-14-en","12":"pa_altura-20-en","13":"pa_altura-25-en","14":"pa_altura-30-en","15":"pa_disponibilidad-3-en-2","16":"pa_manufacturer-p020-en","17":"pa_material-metal-en-2","19":"first","20":"instock","21":"taxable","22":"shipping-taxable","23":"purchasable","24":"product-type-variable","25":"rtwpvs-product"},"acf":[],"yoast_head":"<!-- This site is optimized with the Yoast SEO Premium plugin v27.2 (Yoast SEO v27.2) - https:\/\/yoast.com\/product\/yoast-seo-premium-wordpress\/ -->\n<title>Buy Medal of Saint Benedict. Enameled. With chain - Art\u00edculos Religiosos | Online Store<\/title>\n<meta name=\"description\" content=\"Blue enameled medal of Saint Benedict, made of metal. 60cm long silver chain.\" \/>\n<meta name=\"robots\" content=\"index, follow, max-snippet:-1, max-image-preview:large, max-video-preview:-1\" \/>\n<link rel=\"canonical\" href=\"https:\/\/articulosreligiosos.com\/en\/product\/medal-of-saint-benedict-enameled-with-chain-come020s140201\/\" \/>\n<meta property=\"og:locale\" content=\"en_US\" \/>\n<meta property=\"og:type\" content=\"article\" \/>\n<meta property=\"og:title\" content=\"Medal of Saint Benedict. Enameled. With chain\" \/>\n<meta property=\"og:description\" content=\"Blue enameled medal of Saint Benedict, made of metal. 60cm long silver chain.\" \/>\n<meta property=\"og:url\" content=\"https:\/\/articulosreligiosos.com\/en\/product\/medal-of-saint-benedict-enameled-with-chain-come020s140201\/\" \/>\n<meta property=\"og:site_name\" content=\"articulosreligiosos.com\" \/>\n<meta property=\"article:modified_time\" content=\"2025-11-24T10:30:47+00:00\" \/>\n<meta property=\"og:image\" content=\"https:\/\/articulosreligiosos.com\/wp-content\/uploads\/2025\/09\/Medalla-esmaltada-de-San-Benito-Con-cadena-come020s140201-0.webp\" \/>\n\t<meta property=\"og:image:width\" content=\"587\" \/>\n\t<meta property=\"og:image:height\" content=\"800\" \/>\n\t<meta property=\"og:image:type\" content=\"image\/webp\" \/>\n<meta name=\"twitter:card\" content=\"summary_large_image\" \/>\n<meta name=\"twitter:label1\" content=\"Availability\" \/>\n\t<meta name=\"twitter:data1\" content=\"In stock\" \/>\n<script type=\"application\/ld+json\" class=\"yoast-schema-graph\">{\"@context\":\"https:\/\/schema.org\",\"@graph\":[{\"@type\":\"WebPage\",\"@id\":\"https:\/\/articulosreligiosos.com\/en\/product\/medal-of-saint-benedict-enameled-with-chain-come020s140201\/\",\"url\":\"https:\/\/articulosreligiosos.com\/en\/product\/medal-of-saint-benedict-enameled-with-chain-come020s140201\/\",\"name\":\"Buy Medal of Saint Benedict. Enameled. With chain - Art\u00edculos Religiosos | Online Store\",\"isPartOf\":{\"@id\":\"https:\/\/articulosreligiosos.com\/en\/#website\"},\"primaryImageOfPage\":{\"@id\":\"https:\/\/articulosreligiosos.com\/en\/product\/medal-of-saint-benedict-enameled-with-chain-come020s140201\/#primaryimage\"},\"image\":{\"@id\":\"https:\/\/articulosreligiosos.com\/en\/product\/medal-of-saint-benedict-enameled-with-chain-come020s140201\/#primaryimage\"},\"thumbnailUrl\":\"https:\/\/articulosreligiosos.com\/wp-content\/uploads\/2025\/09\/Medalla-esmaltada-de-San-Benito-Con-cadena-come020s140201-0.webp\",\"datePublished\":\"2023-10-31T12:27:59+00:00\",\"dateModified\":\"2025-11-24T10:30:47+00:00\",\"description\":\"Blue enameled medal of Saint Benedict, made of metal. 60cm long silver chain.\",\"breadcrumb\":{\"@id\":\"https:\/\/articulosreligiosos.com\/en\/product\/medal-of-saint-benedict-enameled-with-chain-come020s140201\/#breadcrumb\"},\"inLanguage\":\"en-US\",\"potentialAction\":[{\"@type\":\"ReadAction\",\"target\":[\"https:\/\/articulosreligiosos.com\/en\/product\/medal-of-saint-benedict-enameled-with-chain-come020s140201\/\"]}]},{\"@type\":\"ImageObject\",\"inLanguage\":\"en-US\",\"@id\":\"https:\/\/articulosreligiosos.com\/en\/product\/medal-of-saint-benedict-enameled-with-chain-come020s140201\/#primaryimage\",\"url\":\"https:\/\/articulosreligiosos.com\/wp-content\/uploads\/2025\/09\/Medalla-esmaltada-de-San-Benito-Con-cadena-come020s140201-0.webp\",\"contentUrl\":\"https:\/\/articulosreligiosos.com\/wp-content\/uploads\/2025\/09\/Medalla-esmaltada-de-San-Benito-Con-cadena-come020s140201-0.webp\",\"width\":587,\"height\":800,\"caption\":\"Medal-of-Saint-Benedict-come020s140201-0\"},{\"@type\":\"BreadcrumbList\",\"@id\":\"https:\/\/articulosreligiosos.com\/en\/product\/medal-of-saint-benedict-enameled-with-chain-come020s140201\/#breadcrumb\",\"itemListElement\":[{\"@type\":\"ListItem\",\"position\":1,\"name\":\"Home\",\"item\":\"https:\/\/articulosreligiosos.com\/en\/\"},{\"@type\":\"ListItem\",\"position\":2,\"name\":\"Products\"},{\"@type\":\"ListItem\",\"position\":3,\"name\":\"Medal of Saint Benedict. Enameled. With chain\"}]},{\"@type\":\"WebSite\",\"@id\":\"https:\/\/articulosreligiosos.com\/en\/#website\",\"url\":\"https:\/\/articulosreligiosos.com\/en\/\",\"name\":\"Art\u00edculos Religiosos\",\"description\":\"Tienda online | Fabricaci\u00f3n, restauraci\u00f3n y comercializaci\u00f3n de objetos religiosos al mejor precio y con el mejor servicio.\",\"publisher\":{\"@id\":\"https:\/\/articulosreligiosos.com\/en\/#organization\"},\"potentialAction\":[{\"@type\":\"SearchAction\",\"target\":{\"@type\":\"EntryPoint\",\"urlTemplate\":\"https:\/\/articulosreligiosos.com\/en\/?s={search_term_string}\"},\"query-input\":{\"@type\":\"PropertyValueSpecification\",\"valueRequired\":true,\"valueName\":\"search_term_string\"}}],\"inLanguage\":\"en-US\"},{\"@type\":\"Organization\",\"@id\":\"https:\/\/articulosreligiosos.com\/en\/#organization\",\"name\":\"Art\u00edculos Religiosos\",\"url\":\"https:\/\/articulosreligiosos.com\/en\/\",\"logo\":{\"@type\":\"ImageObject\",\"inLanguage\":\"en-US\",\"@id\":\"https:\/\/articulosreligiosos.com\/en\/#\/schema\/logo\/image\/\",\"url\":\"https:\/\/articulosreligiosos.com\/wp-content\/uploads\/2023\/12\/newlogo-1.png\",\"contentUrl\":\"https:\/\/articulosreligiosos.com\/wp-content\/uploads\/2023\/12\/newlogo-1.png\",\"width\":178,\"height\":114,\"caption\":\"Art\u00edculos Religiosos\"},\"image\":{\"@id\":\"https:\/\/articulosreligiosos.com\/en\/#\/schema\/logo\/image\/\"},\"sameAs\":[\"https:\/\/www.instagram.com\/articulosreligiosos.tienda\/\"],\"hasMerchantReturnPolicy\":{\"@type\":\"MerchantReturnPolicy\",\"merchantReturnLink\":\"https:\/\/articulosreligiosos.com\/en\/refund-and-returns-policy\/\"}}]}<\/script>\n<meta property=\"og:availability\" content=\"instock\" \/>\n<meta property=\"product:availability\" content=\"instock\" \/>\n<meta property=\"product:retailer_item_id\" content=\"COME020S140201\" \/>\n<meta property=\"product:condition\" content=\"new\" \/>\n<!-- \/ Yoast SEO Premium plugin. -->","yoast_head_json":{"title":"Buy Medal of Saint Benedict. Enameled. With chain - Art\u00edculos Religiosos | Online Store","description":"Blue enameled medal of Saint Benedict, made of metal. 60cm long silver chain.","robots":{"index":"index","follow":"follow","max-snippet":"max-snippet:-1","max-image-preview":"max-image-preview:large","max-video-preview":"max-video-preview:-1"},"canonical":"https:\/\/articulosreligiosos.com\/en\/product\/medal-of-saint-benedict-enameled-with-chain-come020s140201\/","og_locale":"en_US","og_type":"article","og_title":"Medal of Saint Benedict. Enameled. With chain","og_description":"Blue enameled medal of Saint Benedict, made of metal. 60cm long silver chain.","og_url":"https:\/\/articulosreligiosos.com\/en\/product\/medal-of-saint-benedict-enameled-with-chain-come020s140201\/","og_site_name":"articulosreligiosos.com","article_modified_time":"2025-11-24T10:30:47+00:00","og_image":[{"width":587,"height":800,"url":"https:\/\/articulosreligiosos.com\/wp-content\/uploads\/2025\/09\/Medalla-esmaltada-de-San-Benito-Con-cadena-come020s140201-0.webp","type":"image\/webp"}],"twitter_card":"summary_large_image","twitter_misc":{"Availability":"In stock"},"schema":{"@context":"https:\/\/schema.org","@graph":[{"@type":"WebPage","@id":"https:\/\/articulosreligiosos.com\/en\/product\/medal-of-saint-benedict-enameled-with-chain-come020s140201\/","url":"https:\/\/articulosreligiosos.com\/en\/product\/medal-of-saint-benedict-enameled-with-chain-come020s140201\/","name":"Buy Medal of Saint Benedict. Enameled. With chain - Art\u00edculos Religiosos | Online Store","isPartOf":{"@id":"https:\/\/articulosreligiosos.com\/en\/#website"},"primaryImageOfPage":{"@id":"https:\/\/articulosreligiosos.com\/en\/product\/medal-of-saint-benedict-enameled-with-chain-come020s140201\/#primaryimage"},"image":{"@id":"https:\/\/articulosreligiosos.com\/en\/product\/medal-of-saint-benedict-enameled-with-chain-come020s140201\/#primaryimage"},"thumbnailUrl":"https:\/\/articulosreligiosos.com\/wp-content\/uploads\/2025\/09\/Medalla-esmaltada-de-San-Benito-Con-cadena-come020s140201-0.webp","datePublished":"2023-10-31T12:27:59+00:00","dateModified":"2025-11-24T10:30:47+00:00","description":"Blue enameled medal of Saint Benedict, made of metal. 60cm long silver chain.","breadcrumb":{"@id":"https:\/\/articulosreligiosos.com\/en\/product\/medal-of-saint-benedict-enameled-with-chain-come020s140201\/#breadcrumb"},"inLanguage":"en-US","potentialAction":[{"@type":"ReadAction","target":["https:\/\/articulosreligiosos.com\/en\/product\/medal-of-saint-benedict-enameled-with-chain-come020s140201\/"]}]},{"@type":"ImageObject","inLanguage":"en-US","@id":"https:\/\/articulosreligiosos.com\/en\/product\/medal-of-saint-benedict-enameled-with-chain-come020s140201\/#primaryimage","url":"https:\/\/articulosreligiosos.com\/wp-content\/uploads\/2025\/09\/Medalla-esmaltada-de-San-Benito-Con-cadena-come020s140201-0.webp","contentUrl":"https:\/\/articulosreligiosos.com\/wp-content\/uploads\/2025\/09\/Medalla-esmaltada-de-San-Benito-Con-cadena-come020s140201-0.webp","width":587,"height":800,"caption":"Medal-of-Saint-Benedict-come020s140201-0"},{"@type":"BreadcrumbList","@id":"https:\/\/articulosreligiosos.com\/en\/product\/medal-of-saint-benedict-enameled-with-chain-come020s140201\/#breadcrumb","itemListElement":[{"@type":"ListItem","position":1,"name":"Home","item":"https:\/\/articulosreligiosos.com\/en\/"},{"@type":"ListItem","position":2,"name":"Products"},{"@type":"ListItem","position":3,"name":"Medal of Saint Benedict. Enameled. With chain"}]},{"@type":"WebSite","@id":"https:\/\/articulosreligiosos.com\/en\/#website","url":"https:\/\/articulosreligiosos.com\/en\/","name":"Art\u00edculos Religiosos","description":"Tienda online | Fabricaci\u00f3n, restauraci\u00f3n y comercializaci\u00f3n de objetos religiosos al mejor precio y con el mejor servicio.","publisher":{"@id":"https:\/\/articulosreligiosos.com\/en\/#organization"},"potentialAction":[{"@type":"SearchAction","target":{"@type":"EntryPoint","urlTemplate":"https:\/\/articulosreligiosos.com\/en\/?s={search_term_string}"},"query-input":{"@type":"PropertyValueSpecification","valueRequired":true,"valueName":"search_term_string"}}],"inLanguage":"en-US"},{"@type":"Organization","@id":"https:\/\/articulosreligiosos.com\/en\/#organization","name":"Art\u00edculos Religiosos","url":"https:\/\/articulosreligiosos.com\/en\/","logo":{"@type":"ImageObject","inLanguage":"en-US","@id":"https:\/\/articulosreligiosos.com\/en\/#\/schema\/logo\/image\/","url":"https:\/\/articulosreligiosos.com\/wp-content\/uploads\/2023\/12\/newlogo-1.png","contentUrl":"https:\/\/articulosreligiosos.com\/wp-content\/uploads\/2023\/12\/newlogo-1.png","width":178,"height":114,"caption":"Art\u00edculos Religiosos"},"image":{"@id":"https:\/\/articulosreligiosos.com\/en\/#\/schema\/logo\/image\/"},"sameAs":["https:\/\/www.instagram.com\/articulosreligiosos.tienda\/"],"hasMerchantReturnPolicy":{"@type":"MerchantReturnPolicy","merchantReturnLink":"https:\/\/articulosreligiosos.com\/en\/refund-and-returns-policy\/"}}]},"og_availability":"instock","product_availability":"instock","product_retailer_item_id":"COME020S140201","product_condition":"new"},"_links":{"self":[{"href":"https:\/\/articulosreligiosos.com\/en\/wp-json\/wp\/v2\/product\/202802","targetHints":{"allow":["GET"]}}],"collection":[{"href":"https:\/\/articulosreligiosos.com\/en\/wp-json\/wp\/v2\/product"}],"about":[{"href":"https:\/\/articulosreligiosos.com\/en\/wp-json\/wp\/v2\/types\/product"}],"replies":[{"embeddable":true,"href":"https:\/\/articulosreligiosos.com\/en\/wp-json\/wp\/v2\/comments?post=202802"}],"wp:featuredmedia":[{"embeddable":true,"href":"https:\/\/articulosreligiosos.com\/en\/wp-json\/wp\/v2\/media\/351514"}],"wp:attachment":[{"href":"https:\/\/articulosreligiosos.com\/en\/wp-json\/wp\/v2\/media?parent=202802"}],"wp:term":[{"taxonomy":"product_brand","embeddable":true,"href":"https:\/\/articulosreligiosos.com\/en\/wp-json\/wp\/v2\/product_brand?post=202802"},{"taxonomy":"product_cat","embeddable":true,"href":"https:\/\/articulosreligiosos.com\/en\/wp-json\/wp\/v2\/product_cat?post=202802"},{"taxonomy":"product_tag","embeddable":true,"href":"https:\/\/articulosreligiosos.com\/en\/wp-json\/wp\/v2\/product_tag?post=202802"}],"curies":[{"name":"wp","href":"https:\/\/api.w.org\/{rel}","templated":true}]}}