{"id":202353,"date":"2023-10-25T13:12:11","date_gmt":"2023-10-25T13:12:11","guid":{"rendered":"https:\/\/articulosreligiosos.com\/product\/pair-of-wing-shaped-bookends-imaa04323381\/"},"modified":"2025-11-24T12:45:18","modified_gmt":"2025-11-24T12:45:18","slug":"pair-of-wing-shaped-bookends-imaa04323381","status":"publish","type":"product","link":"https:\/\/articulosreligiosos.com\/en\/product\/pair-of-wing-shaped-bookends-imaa04323381\/","title":{"rendered":"Pair of wing-shaped bookends"},"content":{"rendered":"<p>Pair of wing-shaped bookends<\/p>\n<p>This sacred representation in resin stands out for its meticulous craftsmanship.<\/p>\n<p>A tradition that inspires.<br \/>Perfect for prayer spaces or as a meaningful gift.<\/p>\n<p>Visit our complete collection at <a href=\"https:\/\/articulosreligiosos.com\/en\/product-category\/religious-statues-religious-sculptures-catholic-statues-en\/\" target=\"_blank\" rel=\"noopener\">religious statues<\/a>.<\/p>\n","protected":false},"excerpt":{"rendered":"<p>Pair of 2 angel wing-shaped bookends, desktop, hand-painted. Resin material.<\/p>\n","protected":false},"featured_media":343400,"comment_status":"open","ping_status":"closed","template":"","meta":{"_acf_changed":false},"product_brand":[],"product_cat":[6290,6258],"product_tag":[],"class_list":{"0":"post-202353","1":"product","2":"type-product","3":"status-publish","4":"has-post-thumbnail","6":"product_cat-angels-religious-images-en","7":"product_cat-religious-statues-religious-sculptures-catholic-statues-en","8":"pa_altura-180-en","9":"pa_disponibilidad-available-in-a-week","10":"pa_manufacturer-p043-en","11":"pa_material-resin-en-en","13":"first","14":"instock","15":"taxable","16":"shipping-taxable","17":"purchasable","18":"product-type-simple"},"acf":[],"yoast_head":"<!-- This site is optimized with the Yoast SEO Premium plugin v27.2 (Yoast SEO v27.2) - https:\/\/yoast.com\/product\/yoast-seo-premium-wordpress\/ -->\n<title>Purchase a pair of unique, spiritual wing-shaped bookends<\/title>\n<meta name=\"description\" content=\"Get a pair of wing-shaped bookends and fill your home with spirituality. Quality and fast shipping. Buy now!\" \/>\n<meta name=\"robots\" content=\"index, follow, max-snippet:-1, max-image-preview:large, max-video-preview:-1\" \/>\n<link rel=\"canonical\" href=\"https:\/\/articulosreligiosos.com\/en\/product\/pair-of-wing-shaped-bookends-imaa04323381\/\" \/>\n<meta property=\"og:locale\" content=\"en_US\" \/>\n<meta property=\"og:type\" content=\"article\" \/>\n<meta property=\"og:title\" content=\"Pair of wing-shaped bookends\" \/>\n<meta property=\"og:description\" content=\"Get a pair of wing-shaped bookends and fill your home with spirituality. Quality and fast shipping. Buy now!\" \/>\n<meta property=\"og:url\" content=\"https:\/\/articulosreligiosos.com\/en\/product\/pair-of-wing-shaped-bookends-imaa04323381\/\" \/>\n<meta property=\"og:site_name\" content=\"articulosreligiosos.com\" \/>\n<meta property=\"article:modified_time\" content=\"2025-11-24T12:45:18+00:00\" \/>\n<meta property=\"og:image\" content=\"https:\/\/articulosreligiosos.com\/wp-content\/uploads\/2025\/08\/Pareja-de-sujetalibros-con-forma-de-ala-imaa04323381-0.webp\" \/>\n\t<meta property=\"og:image:width\" content=\"800\" \/>\n\t<meta property=\"og:image:height\" content=\"800\" \/>\n\t<meta property=\"og:image:type\" content=\"image\/webp\" \/>\n<meta name=\"twitter:card\" content=\"summary_large_image\" \/>\n<meta name=\"twitter:label1\" content=\"Price\" \/>\n\t<meta name=\"twitter:data1\" content=\"74,38&nbsp;&euro;\" \/>\n\t<meta name=\"twitter:label2\" content=\"Availability\" \/>\n\t<meta name=\"twitter:data2\" content=\"In stock\" \/>\n<script type=\"application\/ld+json\" class=\"yoast-schema-graph\">{\"@context\":\"https:\/\/schema.org\",\"@graph\":[{\"@type\":\"WebPage\",\"@id\":\"https:\/\/articulosreligiosos.com\/en\/product\/pair-of-wing-shaped-bookends-imaa04323381\/\",\"url\":\"https:\/\/articulosreligiosos.com\/en\/product\/pair-of-wing-shaped-bookends-imaa04323381\/\",\"name\":\"Purchase a pair of unique, spiritual wing-shaped bookends\",\"isPartOf\":{\"@id\":\"https:\/\/articulosreligiosos.com\/en\/#website\"},\"primaryImageOfPage\":{\"@id\":\"https:\/\/articulosreligiosos.com\/en\/product\/pair-of-wing-shaped-bookends-imaa04323381\/#primaryimage\"},\"image\":{\"@id\":\"https:\/\/articulosreligiosos.com\/en\/product\/pair-of-wing-shaped-bookends-imaa04323381\/#primaryimage\"},\"thumbnailUrl\":\"https:\/\/articulosreligiosos.com\/wp-content\/uploads\/2025\/08\/Pareja-de-sujetalibros-con-forma-de-ala-imaa04323381-0.webp\",\"datePublished\":\"2023-10-25T13:12:11+00:00\",\"dateModified\":\"2025-11-24T12:45:18+00:00\",\"description\":\"Get a pair of wing-shaped bookends and fill your home with spirituality. Quality and fast shipping. Buy now!\",\"breadcrumb\":{\"@id\":\"https:\/\/articulosreligiosos.com\/en\/product\/pair-of-wing-shaped-bookends-imaa04323381\/#breadcrumb\"},\"inLanguage\":\"en-US\",\"potentialAction\":[{\"@type\":\"ReadAction\",\"target\":[\"https:\/\/articulosreligiosos.com\/en\/product\/pair-of-wing-shaped-bookends-imaa04323381\/\"]}]},{\"@type\":\"ImageObject\",\"inLanguage\":\"en-US\",\"@id\":\"https:\/\/articulosreligiosos.com\/en\/product\/pair-of-wing-shaped-bookends-imaa04323381\/#primaryimage\",\"url\":\"https:\/\/articulosreligiosos.com\/wp-content\/uploads\/2025\/08\/Pareja-de-sujetalibros-con-forma-de-ala-imaa04323381-0.webp\",\"contentUrl\":\"https:\/\/articulosreligiosos.com\/wp-content\/uploads\/2025\/08\/Pareja-de-sujetalibros-con-forma-de-ala-imaa04323381-0.webp\",\"width\":800,\"height\":800,\"caption\":\"Pair-of-wing-shaped-bookends-imaa04323381-0\"},{\"@type\":\"BreadcrumbList\",\"@id\":\"https:\/\/articulosreligiosos.com\/en\/product\/pair-of-wing-shaped-bookends-imaa04323381\/#breadcrumb\",\"itemListElement\":[{\"@type\":\"ListItem\",\"position\":1,\"name\":\"Home\",\"item\":\"https:\/\/articulosreligiosos.com\/en\/\"},{\"@type\":\"ListItem\",\"position\":2,\"name\":\"Products\"},{\"@type\":\"ListItem\",\"position\":3,\"name\":\"Pair of wing-shaped bookends\"}]},{\"@type\":\"WebSite\",\"@id\":\"https:\/\/articulosreligiosos.com\/en\/#website\",\"url\":\"https:\/\/articulosreligiosos.com\/en\/\",\"name\":\"Art\u00edculos Religiosos\",\"description\":\"Tienda online | Fabricaci\u00f3n, restauraci\u00f3n y comercializaci\u00f3n de objetos religiosos al mejor precio y con el mejor servicio.\",\"publisher\":{\"@id\":\"https:\/\/articulosreligiosos.com\/en\/#organization\"},\"potentialAction\":[{\"@type\":\"SearchAction\",\"target\":{\"@type\":\"EntryPoint\",\"urlTemplate\":\"https:\/\/articulosreligiosos.com\/en\/?s={search_term_string}\"},\"query-input\":{\"@type\":\"PropertyValueSpecification\",\"valueRequired\":true,\"valueName\":\"search_term_string\"}}],\"inLanguage\":\"en-US\"},{\"@type\":\"Organization\",\"@id\":\"https:\/\/articulosreligiosos.com\/en\/#organization\",\"name\":\"Art\u00edculos Religiosos\",\"url\":\"https:\/\/articulosreligiosos.com\/en\/\",\"logo\":{\"@type\":\"ImageObject\",\"inLanguage\":\"en-US\",\"@id\":\"https:\/\/articulosreligiosos.com\/en\/#\/schema\/logo\/image\/\",\"url\":\"https:\/\/articulosreligiosos.com\/wp-content\/uploads\/2023\/12\/newlogo-1.png\",\"contentUrl\":\"https:\/\/articulosreligiosos.com\/wp-content\/uploads\/2023\/12\/newlogo-1.png\",\"width\":178,\"height\":114,\"caption\":\"Art\u00edculos Religiosos\"},\"image\":{\"@id\":\"https:\/\/articulosreligiosos.com\/en\/#\/schema\/logo\/image\/\"},\"sameAs\":[\"https:\/\/www.instagram.com\/articulosreligiosos.tienda\/\"],\"hasMerchantReturnPolicy\":{\"@type\":\"MerchantReturnPolicy\",\"merchantReturnLink\":\"https:\/\/articulosreligiosos.com\/en\/refund-and-returns-policy\/\"}}]}<\/script>\n<meta property=\"product:price:amount\" content=\"74.38\" \/>\n<meta property=\"product:price:currency\" content=\"EUR\" \/>\n<meta property=\"og:availability\" content=\"instock\" \/>\n<meta property=\"product:availability\" content=\"instock\" \/>\n<meta property=\"product:retailer_item_id\" content=\"IMAA04323381\" \/>\n<meta property=\"product:condition\" content=\"new\" \/>\n<!-- \/ Yoast SEO Premium plugin. -->","yoast_head_json":{"title":"Purchase a pair of unique, spiritual wing-shaped bookends","description":"Get a pair of wing-shaped bookends and fill your home with spirituality. Quality and fast shipping. Buy now!","robots":{"index":"index","follow":"follow","max-snippet":"max-snippet:-1","max-image-preview":"max-image-preview:large","max-video-preview":"max-video-preview:-1"},"canonical":"https:\/\/articulosreligiosos.com\/en\/product\/pair-of-wing-shaped-bookends-imaa04323381\/","og_locale":"en_US","og_type":"article","og_title":"Pair of wing-shaped bookends","og_description":"Get a pair of wing-shaped bookends and fill your home with spirituality. Quality and fast shipping. Buy now!","og_url":"https:\/\/articulosreligiosos.com\/en\/product\/pair-of-wing-shaped-bookends-imaa04323381\/","og_site_name":"articulosreligiosos.com","article_modified_time":"2025-11-24T12:45:18+00:00","og_image":[{"width":800,"height":800,"url":"https:\/\/articulosreligiosos.com\/wp-content\/uploads\/2025\/08\/Pareja-de-sujetalibros-con-forma-de-ala-imaa04323381-0.webp","type":"image\/webp"}],"twitter_card":"summary_large_image","twitter_misc":{"Price":"74,38&nbsp;&euro;","Availability":"In stock"},"schema":{"@context":"https:\/\/schema.org","@graph":[{"@type":"WebPage","@id":"https:\/\/articulosreligiosos.com\/en\/product\/pair-of-wing-shaped-bookends-imaa04323381\/","url":"https:\/\/articulosreligiosos.com\/en\/product\/pair-of-wing-shaped-bookends-imaa04323381\/","name":"Purchase a pair of unique, spiritual wing-shaped bookends","isPartOf":{"@id":"https:\/\/articulosreligiosos.com\/en\/#website"},"primaryImageOfPage":{"@id":"https:\/\/articulosreligiosos.com\/en\/product\/pair-of-wing-shaped-bookends-imaa04323381\/#primaryimage"},"image":{"@id":"https:\/\/articulosreligiosos.com\/en\/product\/pair-of-wing-shaped-bookends-imaa04323381\/#primaryimage"},"thumbnailUrl":"https:\/\/articulosreligiosos.com\/wp-content\/uploads\/2025\/08\/Pareja-de-sujetalibros-con-forma-de-ala-imaa04323381-0.webp","datePublished":"2023-10-25T13:12:11+00:00","dateModified":"2025-11-24T12:45:18+00:00","description":"Get a pair of wing-shaped bookends and fill your home with spirituality. Quality and fast shipping. Buy now!","breadcrumb":{"@id":"https:\/\/articulosreligiosos.com\/en\/product\/pair-of-wing-shaped-bookends-imaa04323381\/#breadcrumb"},"inLanguage":"en-US","potentialAction":[{"@type":"ReadAction","target":["https:\/\/articulosreligiosos.com\/en\/product\/pair-of-wing-shaped-bookends-imaa04323381\/"]}]},{"@type":"ImageObject","inLanguage":"en-US","@id":"https:\/\/articulosreligiosos.com\/en\/product\/pair-of-wing-shaped-bookends-imaa04323381\/#primaryimage","url":"https:\/\/articulosreligiosos.com\/wp-content\/uploads\/2025\/08\/Pareja-de-sujetalibros-con-forma-de-ala-imaa04323381-0.webp","contentUrl":"https:\/\/articulosreligiosos.com\/wp-content\/uploads\/2025\/08\/Pareja-de-sujetalibros-con-forma-de-ala-imaa04323381-0.webp","width":800,"height":800,"caption":"Pair-of-wing-shaped-bookends-imaa04323381-0"},{"@type":"BreadcrumbList","@id":"https:\/\/articulosreligiosos.com\/en\/product\/pair-of-wing-shaped-bookends-imaa04323381\/#breadcrumb","itemListElement":[{"@type":"ListItem","position":1,"name":"Home","item":"https:\/\/articulosreligiosos.com\/en\/"},{"@type":"ListItem","position":2,"name":"Products"},{"@type":"ListItem","position":3,"name":"Pair of wing-shaped bookends"}]},{"@type":"WebSite","@id":"https:\/\/articulosreligiosos.com\/en\/#website","url":"https:\/\/articulosreligiosos.com\/en\/","name":"Art\u00edculos Religiosos","description":"Tienda online | Fabricaci\u00f3n, restauraci\u00f3n y comercializaci\u00f3n de objetos religiosos al mejor precio y con el mejor servicio.","publisher":{"@id":"https:\/\/articulosreligiosos.com\/en\/#organization"},"potentialAction":[{"@type":"SearchAction","target":{"@type":"EntryPoint","urlTemplate":"https:\/\/articulosreligiosos.com\/en\/?s={search_term_string}"},"query-input":{"@type":"PropertyValueSpecification","valueRequired":true,"valueName":"search_term_string"}}],"inLanguage":"en-US"},{"@type":"Organization","@id":"https:\/\/articulosreligiosos.com\/en\/#organization","name":"Art\u00edculos Religiosos","url":"https:\/\/articulosreligiosos.com\/en\/","logo":{"@type":"ImageObject","inLanguage":"en-US","@id":"https:\/\/articulosreligiosos.com\/en\/#\/schema\/logo\/image\/","url":"https:\/\/articulosreligiosos.com\/wp-content\/uploads\/2023\/12\/newlogo-1.png","contentUrl":"https:\/\/articulosreligiosos.com\/wp-content\/uploads\/2023\/12\/newlogo-1.png","width":178,"height":114,"caption":"Art\u00edculos Religiosos"},"image":{"@id":"https:\/\/articulosreligiosos.com\/en\/#\/schema\/logo\/image\/"},"sameAs":["https:\/\/www.instagram.com\/articulosreligiosos.tienda\/"],"hasMerchantReturnPolicy":{"@type":"MerchantReturnPolicy","merchantReturnLink":"https:\/\/articulosreligiosos.com\/en\/refund-and-returns-policy\/"}}]},"product_price_amount":"74.38","product_price_currency":"EUR","og_availability":"instock","product_availability":"instock","product_retailer_item_id":"IMAA04323381","product_condition":"new"},"_links":{"self":[{"href":"https:\/\/articulosreligiosos.com\/en\/wp-json\/wp\/v2\/product\/202353","targetHints":{"allow":["GET"]}}],"collection":[{"href":"https:\/\/articulosreligiosos.com\/en\/wp-json\/wp\/v2\/product"}],"about":[{"href":"https:\/\/articulosreligiosos.com\/en\/wp-json\/wp\/v2\/types\/product"}],"replies":[{"embeddable":true,"href":"https:\/\/articulosreligiosos.com\/en\/wp-json\/wp\/v2\/comments?post=202353"}],"wp:featuredmedia":[{"embeddable":true,"href":"https:\/\/articulosreligiosos.com\/en\/wp-json\/wp\/v2\/media\/343400"}],"wp:attachment":[{"href":"https:\/\/articulosreligiosos.com\/en\/wp-json\/wp\/v2\/media?parent=202353"}],"wp:term":[{"taxonomy":"product_brand","embeddable":true,"href":"https:\/\/articulosreligiosos.com\/en\/wp-json\/wp\/v2\/product_brand?post=202353"},{"taxonomy":"product_cat","embeddable":true,"href":"https:\/\/articulosreligiosos.com\/en\/wp-json\/wp\/v2\/product_cat?post=202353"},{"taxonomy":"product_tag","embeddable":true,"href":"https:\/\/articulosreligiosos.com\/en\/wp-json\/wp\/v2\/product_tag?post=202353"}],"curies":[{"name":"wp","href":"https:\/\/api.w.org\/{rel}","templated":true}]}}