{"id":201849,"date":"2023-09-06T14:09:30","date_gmt":"2023-09-06T14:09:30","guid":{"rendered":"https:\/\/articulosreligiosos.com\/product\/clergyman-shirt-denim-long-sleeve-cotton-various-colors-olcm166c23ml\/"},"modified":"2024-12-23T12:02:24","modified_gmt":"2024-12-23T12:02:24","slug":"clergyman-shirt-denim-long-sleeve-cotton-various-colors-olcm166c23ml","status":"publish","type":"product","link":"https:\/\/articulosreligiosos.com\/en\/product\/clergyman-shirt-denim-long-sleeve-cotton-various-colors-olcm166c23ml\/","title":{"rendered":"Clergyman Shirt Denim. Long sleeve. Cotton.   Various colors."},"content":{"rendered":"<p>Shirt for priests and deacons made with excellent quality fabrics, made with 100% cotton, getting a light and very comfortable shirt. Available in various colors.<\/p>\n","protected":false},"excerpt":{"rendered":"<p>Clergyman shirt Denim, long sleeve, made with excellent fabrics, 100% cotton, modern and with a great presence. Select the size and color you want. <\/p>\n","protected":false},"featured_media":201810,"comment_status":"open","ping_status":"closed","template":"","meta":{"_acf_changed":false},"product_brand":[],"product_cat":[7472,6504],"product_tag":[],"class_list":{"0":"post-201849","1":"product","2":"type-product","3":"status-publish","4":"has-post-thumbnail","6":"product_cat-liturgical-vestments-clerical-shirts-en-liturgical-vestments-priest-vestments-en-en","7":"product_cat-liturgical-vestments-priest-vestments-en","8":"pa_acabados_ornamentos-cotton-en","9":"pa_altura-380-en","10":"pa_altura-390-en","11":"pa_altura-400-en","12":"pa_altura-410-en","13":"pa_altura-420-en","14":"pa_altura-430-en","15":"pa_altura-440-en","16":"pa_altura-450-en","17":"pa_altura-460-en","18":"pa_altura-470-en","19":"pa_altura-480-en","20":"pa_altura-490-en","21":"pa_altura-500-en","22":"pa_altura-510-en","23":"pa_altura-520-en","24":"pa_altura-530-en","25":"pa_altura-540-en","26":"pa_color_ornamentos-black-en","27":"pa_color_ornamentos-blue-en","28":"pa_disponibilidad-available-in-2-3-weeks","29":"pa_disponibilidad-in-stock","30":"pa_manufacturer-p166-en","31":"pa_material-cotton-en-en","33":"first","34":"instock","35":"taxable","36":"shipping-taxable","37":"purchasable","38":"product-type-variable","39":"rtwpvs-product"},"acf":[],"yoast_head":"<!-- This site is optimized with the Yoast SEO Premium plugin v27.2 (Yoast SEO v27.2) - https:\/\/yoast.com\/product\/yoast-seo-premium-wordpress\/ -->\n<title>Buy Clergyman Shirt Denim. Long sleeve. Cotton.  Various colors. - Art\u00edculos Religiosos | Online Store<\/title>\n<meta name=\"description\" content=\"Clergyman shirt Denim, long sleeve, made with excellent fabrics, 100% cotton, modern and with a great presence. Select the size and color you want.\" \/>\n<meta name=\"robots\" content=\"index, follow, max-snippet:-1, max-image-preview:large, max-video-preview:-1\" \/>\n<link rel=\"canonical\" href=\"https:\/\/articulosreligiosos.com\/en\/product\/clergyman-shirt-denim-long-sleeve-cotton-various-colors-olcm166c23ml\/\" \/>\n<meta property=\"og:locale\" content=\"en_US\" \/>\n<meta property=\"og:type\" content=\"article\" \/>\n<meta property=\"og:title\" content=\"Clergyman Shirt Denim. Long sleeve. Cotton.  Various colors.\" \/>\n<meta property=\"og:description\" content=\"Clergyman shirt Denim, long sleeve, made with excellent fabrics, 100% cotton, modern and with a great presence. Select the size and color you want.\" \/>\n<meta property=\"og:url\" content=\"https:\/\/articulosreligiosos.com\/en\/product\/clergyman-shirt-denim-long-sleeve-cotton-various-colors-olcm166c23ml\/\" \/>\n<meta property=\"og:site_name\" content=\"articulosreligiosos.com\" \/>\n<meta property=\"article:modified_time\" content=\"2024-12-23T12:02:24+00:00\" \/>\n<meta property=\"og:image\" content=\"https:\/\/articulosreligiosos.com\/wp-content\/uploads\/2023\/09\/olcm166c23ml-0.jpg\" \/>\n\t<meta property=\"og:image:width\" content=\"1000\" \/>\n\t<meta property=\"og:image:height\" content=\"1000\" \/>\n\t<meta property=\"og:image:type\" content=\"image\/jpeg\" \/>\n<meta name=\"twitter:card\" content=\"summary_large_image\" \/>\n<meta name=\"twitter:label1\" content=\"Availability\" \/>\n\t<meta name=\"twitter:data1\" content=\"In stock\" \/>\n<script type=\"application\/ld+json\" class=\"yoast-schema-graph\">{\"@context\":\"https:\/\/schema.org\",\"@graph\":[{\"@type\":\"WebPage\",\"@id\":\"https:\/\/articulosreligiosos.com\/en\/product\/clergyman-shirt-denim-long-sleeve-cotton-various-colors-olcm166c23ml\/\",\"url\":\"https:\/\/articulosreligiosos.com\/en\/product\/clergyman-shirt-denim-long-sleeve-cotton-various-colors-olcm166c23ml\/\",\"name\":\"Buy Clergyman Shirt Denim. Long sleeve. Cotton. Various colors. - Art\u00edculos Religiosos | Online Store\",\"isPartOf\":{\"@id\":\"https:\/\/articulosreligiosos.com\/en\/#website\"},\"primaryImageOfPage\":{\"@id\":\"https:\/\/articulosreligiosos.com\/en\/product\/clergyman-shirt-denim-long-sleeve-cotton-various-colors-olcm166c23ml\/#primaryimage\"},\"image\":{\"@id\":\"https:\/\/articulosreligiosos.com\/en\/product\/clergyman-shirt-denim-long-sleeve-cotton-various-colors-olcm166c23ml\/#primaryimage\"},\"thumbnailUrl\":\"https:\/\/articulosreligiosos.com\/wp-content\/uploads\/2023\/09\/olcm166c23ml-0.jpg\",\"datePublished\":\"2023-09-06T14:09:30+00:00\",\"dateModified\":\"2024-12-23T12:02:24+00:00\",\"description\":\"Clergyman shirt Denim, long sleeve, made with excellent fabrics, 100% cotton, modern and with a great presence. Select the size and color you want.\",\"breadcrumb\":{\"@id\":\"https:\/\/articulosreligiosos.com\/en\/product\/clergyman-shirt-denim-long-sleeve-cotton-various-colors-olcm166c23ml\/#breadcrumb\"},\"inLanguage\":\"en-US\",\"potentialAction\":[{\"@type\":\"ReadAction\",\"target\":[\"https:\/\/articulosreligiosos.com\/en\/product\/clergyman-shirt-denim-long-sleeve-cotton-various-colors-olcm166c23ml\/\"]}]},{\"@type\":\"ImageObject\",\"inLanguage\":\"en-US\",\"@id\":\"https:\/\/articulosreligiosos.com\/en\/product\/clergyman-shirt-denim-long-sleeve-cotton-various-colors-olcm166c23ml\/#primaryimage\",\"url\":\"https:\/\/articulosreligiosos.com\/wp-content\/uploads\/2023\/09\/olcm166c23ml-0.jpg\",\"contentUrl\":\"https:\/\/articulosreligiosos.com\/wp-content\/uploads\/2023\/09\/olcm166c23ml-0.jpg\",\"width\":1000,\"height\":1000,\"caption\":\"Camisa Clergyman Vaquera. Manga larga. Algodon. Varios colores.-0\"},{\"@type\":\"BreadcrumbList\",\"@id\":\"https:\/\/articulosreligiosos.com\/en\/product\/clergyman-shirt-denim-long-sleeve-cotton-various-colors-olcm166c23ml\/#breadcrumb\",\"itemListElement\":[{\"@type\":\"ListItem\",\"position\":1,\"name\":\"Home\",\"item\":\"https:\/\/articulosreligiosos.com\/en\/\"},{\"@type\":\"ListItem\",\"position\":2,\"name\":\"Products\"},{\"@type\":\"ListItem\",\"position\":3,\"name\":\"Clergyman Shirt Denim. Long sleeve. Cotton. Various colors.\"}]},{\"@type\":\"WebSite\",\"@id\":\"https:\/\/articulosreligiosos.com\/en\/#website\",\"url\":\"https:\/\/articulosreligiosos.com\/en\/\",\"name\":\"Art\u00edculos Religiosos\",\"description\":\"Tienda online | Fabricaci\u00f3n, restauraci\u00f3n y comercializaci\u00f3n de objetos religiosos al mejor precio y con el mejor servicio.\",\"publisher\":{\"@id\":\"https:\/\/articulosreligiosos.com\/en\/#organization\"},\"potentialAction\":[{\"@type\":\"SearchAction\",\"target\":{\"@type\":\"EntryPoint\",\"urlTemplate\":\"https:\/\/articulosreligiosos.com\/en\/?s={search_term_string}\"},\"query-input\":{\"@type\":\"PropertyValueSpecification\",\"valueRequired\":true,\"valueName\":\"search_term_string\"}}],\"inLanguage\":\"en-US\"},{\"@type\":\"Organization\",\"@id\":\"https:\/\/articulosreligiosos.com\/en\/#organization\",\"name\":\"Art\u00edculos Religiosos\",\"url\":\"https:\/\/articulosreligiosos.com\/en\/\",\"logo\":{\"@type\":\"ImageObject\",\"inLanguage\":\"en-US\",\"@id\":\"https:\/\/articulosreligiosos.com\/en\/#\/schema\/logo\/image\/\",\"url\":\"https:\/\/articulosreligiosos.com\/wp-content\/uploads\/2023\/12\/newlogo-1.png\",\"contentUrl\":\"https:\/\/articulosreligiosos.com\/wp-content\/uploads\/2023\/12\/newlogo-1.png\",\"width\":178,\"height\":114,\"caption\":\"Art\u00edculos Religiosos\"},\"image\":{\"@id\":\"https:\/\/articulosreligiosos.com\/en\/#\/schema\/logo\/image\/\"},\"sameAs\":[\"https:\/\/www.instagram.com\/articulosreligiosos.tienda\/\"],\"hasMerchantReturnPolicy\":{\"@type\":\"MerchantReturnPolicy\",\"merchantReturnLink\":\"https:\/\/articulosreligiosos.com\/en\/refund-and-returns-policy\/\"}}]}<\/script>\n<meta property=\"og:availability\" content=\"instock\" \/>\n<meta property=\"product:availability\" content=\"instock\" \/>\n<meta property=\"product:retailer_item_id\" content=\"OLCM166C23ML\" \/>\n<meta property=\"product:condition\" content=\"new\" \/>\n<!-- \/ Yoast SEO Premium plugin. -->","yoast_head_json":{"title":"Buy Clergyman Shirt Denim. Long sleeve. Cotton.  Various colors. - Art\u00edculos Religiosos | Online Store","description":"Clergyman shirt Denim, long sleeve, made with excellent fabrics, 100% cotton, modern and with a great presence. Select the size and color you want.","robots":{"index":"index","follow":"follow","max-snippet":"max-snippet:-1","max-image-preview":"max-image-preview:large","max-video-preview":"max-video-preview:-1"},"canonical":"https:\/\/articulosreligiosos.com\/en\/product\/clergyman-shirt-denim-long-sleeve-cotton-various-colors-olcm166c23ml\/","og_locale":"en_US","og_type":"article","og_title":"Clergyman Shirt Denim. Long sleeve. Cotton.  Various colors.","og_description":"Clergyman shirt Denim, long sleeve, made with excellent fabrics, 100% cotton, modern and with a great presence. Select the size and color you want.","og_url":"https:\/\/articulosreligiosos.com\/en\/product\/clergyman-shirt-denim-long-sleeve-cotton-various-colors-olcm166c23ml\/","og_site_name":"articulosreligiosos.com","article_modified_time":"2024-12-23T12:02:24+00:00","og_image":[{"width":1000,"height":1000,"url":"https:\/\/articulosreligiosos.com\/wp-content\/uploads\/2023\/09\/olcm166c23ml-0.jpg","type":"image\/jpeg"}],"twitter_card":"summary_large_image","twitter_misc":{"Availability":"In stock"},"schema":{"@context":"https:\/\/schema.org","@graph":[{"@type":"WebPage","@id":"https:\/\/articulosreligiosos.com\/en\/product\/clergyman-shirt-denim-long-sleeve-cotton-various-colors-olcm166c23ml\/","url":"https:\/\/articulosreligiosos.com\/en\/product\/clergyman-shirt-denim-long-sleeve-cotton-various-colors-olcm166c23ml\/","name":"Buy Clergyman Shirt Denim. Long sleeve. Cotton. Various colors. - Art\u00edculos Religiosos | Online Store","isPartOf":{"@id":"https:\/\/articulosreligiosos.com\/en\/#website"},"primaryImageOfPage":{"@id":"https:\/\/articulosreligiosos.com\/en\/product\/clergyman-shirt-denim-long-sleeve-cotton-various-colors-olcm166c23ml\/#primaryimage"},"image":{"@id":"https:\/\/articulosreligiosos.com\/en\/product\/clergyman-shirt-denim-long-sleeve-cotton-various-colors-olcm166c23ml\/#primaryimage"},"thumbnailUrl":"https:\/\/articulosreligiosos.com\/wp-content\/uploads\/2023\/09\/olcm166c23ml-0.jpg","datePublished":"2023-09-06T14:09:30+00:00","dateModified":"2024-12-23T12:02:24+00:00","description":"Clergyman shirt Denim, long sleeve, made with excellent fabrics, 100% cotton, modern and with a great presence. Select the size and color you want.","breadcrumb":{"@id":"https:\/\/articulosreligiosos.com\/en\/product\/clergyman-shirt-denim-long-sleeve-cotton-various-colors-olcm166c23ml\/#breadcrumb"},"inLanguage":"en-US","potentialAction":[{"@type":"ReadAction","target":["https:\/\/articulosreligiosos.com\/en\/product\/clergyman-shirt-denim-long-sleeve-cotton-various-colors-olcm166c23ml\/"]}]},{"@type":"ImageObject","inLanguage":"en-US","@id":"https:\/\/articulosreligiosos.com\/en\/product\/clergyman-shirt-denim-long-sleeve-cotton-various-colors-olcm166c23ml\/#primaryimage","url":"https:\/\/articulosreligiosos.com\/wp-content\/uploads\/2023\/09\/olcm166c23ml-0.jpg","contentUrl":"https:\/\/articulosreligiosos.com\/wp-content\/uploads\/2023\/09\/olcm166c23ml-0.jpg","width":1000,"height":1000,"caption":"Camisa Clergyman Vaquera. Manga larga. Algodon. Varios colores.-0"},{"@type":"BreadcrumbList","@id":"https:\/\/articulosreligiosos.com\/en\/product\/clergyman-shirt-denim-long-sleeve-cotton-various-colors-olcm166c23ml\/#breadcrumb","itemListElement":[{"@type":"ListItem","position":1,"name":"Home","item":"https:\/\/articulosreligiosos.com\/en\/"},{"@type":"ListItem","position":2,"name":"Products"},{"@type":"ListItem","position":3,"name":"Clergyman Shirt Denim. Long sleeve. Cotton. Various colors."}]},{"@type":"WebSite","@id":"https:\/\/articulosreligiosos.com\/en\/#website","url":"https:\/\/articulosreligiosos.com\/en\/","name":"Art\u00edculos Religiosos","description":"Tienda online | Fabricaci\u00f3n, restauraci\u00f3n y comercializaci\u00f3n de objetos religiosos al mejor precio y con el mejor servicio.","publisher":{"@id":"https:\/\/articulosreligiosos.com\/en\/#organization"},"potentialAction":[{"@type":"SearchAction","target":{"@type":"EntryPoint","urlTemplate":"https:\/\/articulosreligiosos.com\/en\/?s={search_term_string}"},"query-input":{"@type":"PropertyValueSpecification","valueRequired":true,"valueName":"search_term_string"}}],"inLanguage":"en-US"},{"@type":"Organization","@id":"https:\/\/articulosreligiosos.com\/en\/#organization","name":"Art\u00edculos Religiosos","url":"https:\/\/articulosreligiosos.com\/en\/","logo":{"@type":"ImageObject","inLanguage":"en-US","@id":"https:\/\/articulosreligiosos.com\/en\/#\/schema\/logo\/image\/","url":"https:\/\/articulosreligiosos.com\/wp-content\/uploads\/2023\/12\/newlogo-1.png","contentUrl":"https:\/\/articulosreligiosos.com\/wp-content\/uploads\/2023\/12\/newlogo-1.png","width":178,"height":114,"caption":"Art\u00edculos Religiosos"},"image":{"@id":"https:\/\/articulosreligiosos.com\/en\/#\/schema\/logo\/image\/"},"sameAs":["https:\/\/www.instagram.com\/articulosreligiosos.tienda\/"],"hasMerchantReturnPolicy":{"@type":"MerchantReturnPolicy","merchantReturnLink":"https:\/\/articulosreligiosos.com\/en\/refund-and-returns-policy\/"}}]},"og_availability":"instock","product_availability":"instock","product_retailer_item_id":"OLCM166C23ML","product_condition":"new"},"_links":{"self":[{"href":"https:\/\/articulosreligiosos.com\/en\/wp-json\/wp\/v2\/product\/201849","targetHints":{"allow":["GET"]}}],"collection":[{"href":"https:\/\/articulosreligiosos.com\/en\/wp-json\/wp\/v2\/product"}],"about":[{"href":"https:\/\/articulosreligiosos.com\/en\/wp-json\/wp\/v2\/types\/product"}],"replies":[{"embeddable":true,"href":"https:\/\/articulosreligiosos.com\/en\/wp-json\/wp\/v2\/comments?post=201849"}],"wp:featuredmedia":[{"embeddable":true,"href":"https:\/\/articulosreligiosos.com\/en\/wp-json\/wp\/v2\/media\/201810"}],"wp:attachment":[{"href":"https:\/\/articulosreligiosos.com\/en\/wp-json\/wp\/v2\/media?parent=201849"}],"wp:term":[{"taxonomy":"product_brand","embeddable":true,"href":"https:\/\/articulosreligiosos.com\/en\/wp-json\/wp\/v2\/product_brand?post=201849"},{"taxonomy":"product_cat","embeddable":true,"href":"https:\/\/articulosreligiosos.com\/en\/wp-json\/wp\/v2\/product_cat?post=201849"},{"taxonomy":"product_tag","embeddable":true,"href":"https:\/\/articulosreligiosos.com\/en\/wp-json\/wp\/v2\/product_tag?post=201849"}],"curies":[{"name":"wp","href":"https:\/\/api.w.org\/{rel}","templated":true}]}}