{"id":201244,"date":"2023-09-06T13:54:39","date_gmt":"2023-09-06T13:54:39","guid":{"rendered":"https:\/\/articulosreligiosos.com\/product\/clergyman-shirt-roman-collar-violet-long-sleeve-100-cotton-olcm166vic18ml\/"},"modified":"2024-12-23T11:59:02","modified_gmt":"2024-12-23T11:59:02","slug":"clergyman-shirt-roman-collar-violet-long-sleeve-100-cotton-olcm166vic18ml","status":"publish","type":"product","link":"https:\/\/articulosreligiosos.com\/en\/product\/clergyman-shirt-roman-collar-violet-long-sleeve-100-cotton-olcm166vic18ml\/","title":{"rendered":"Clergyman Shirt roman collar, violet. Long sleeve. 100% cotton"},"content":{"rendered":"<p>Shirt for priests and deacons made with excellent quality fabrics, made with 100% cotton fabric, getting a light and very comfortable shirt.<\/p>\n","protected":false},"excerpt":{"rendered":"<p>Camisa Clergyman lisa, cuello romano, manga larga, de color violeta, realizada con excelentes telas, mixto algod\u00f3n, con una gran presencia. Seleccione la talla que desee. Si desea la opci\u00f3n de manga corta o con gemelos, cons\u00faltenos.  <\/p>\n","protected":false},"featured_media":201224,"comment_status":"open","ping_status":"closed","template":"","meta":{"_acf_changed":false},"product_brand":[],"product_cat":[7472,6504],"product_tag":[],"class_list":{"0":"post-201244","1":"product","2":"type-product","3":"status-publish","4":"has-post-thumbnail","6":"product_cat-liturgical-vestments-clerical-shirts-en-liturgical-vestments-priest-vestments-en-en","7":"product_cat-liturgical-vestments-priest-vestments-en","8":"pa_acabados_ornamentos-cotton-en","9":"pa_altura-380-en","10":"pa_altura-390-en","11":"pa_altura-400-en","12":"pa_altura-410-en","13":"pa_altura-420-en","14":"pa_altura-430-en","15":"pa_altura-440-en","16":"pa_altura-450-en","17":"pa_altura-460-en","18":"pa_altura-470-en","19":"pa_altura-480-en","20":"pa_altura-490-en","21":"pa_altura-500-en","22":"pa_altura-510-en","23":"pa_altura-520-en","24":"pa_altura-530-en","25":"pa_altura-540-en","26":"pa_color_ornamentos-violet-en","27":"pa_disponibilidad-available-in-2-3-weeks","28":"pa_disponibilidad-in-stock","29":"pa_manufacturer-p166-en","30":"pa_material-cotton-en-en","32":"first","33":"instock","34":"taxable","35":"shipping-taxable","36":"purchasable","37":"product-type-variable","38":"rtwpvs-product"},"acf":[],"yoast_head":"<!-- This site is optimized with the Yoast SEO Premium plugin v27.2 (Yoast SEO v27.2) - https:\/\/yoast.com\/product\/yoast-seo-premium-wordpress\/ -->\n<title>Buy Clergyman Shirt roman collar, violet. Long sleeve. 100% cotton - Art\u00edculos Religiosos | Online Store<\/title>\n<meta name=\"description\" content=\"Camisa Clergyman lisa, cuello romano, manga larga, de color violeta, realizada con excelentes telas, mixto algod\u00f3n, con una gran presencia. Seleccione la talla que desee. Si desea la opci\u00f3n de manga corta o con gemelos, cons\u00faltenos.\" \/>\n<meta name=\"robots\" content=\"index, follow, max-snippet:-1, max-image-preview:large, max-video-preview:-1\" \/>\n<link rel=\"canonical\" href=\"https:\/\/articulosreligiosos.com\/en\/product\/clergyman-shirt-roman-collar-violet-long-sleeve-100-cotton-olcm166vic18ml\/\" \/>\n<meta property=\"og:locale\" content=\"en_US\" \/>\n<meta property=\"og:type\" content=\"article\" \/>\n<meta property=\"og:title\" content=\"Clergyman Shirt roman collar, violet. Long sleeve. 100% cotton\" \/>\n<meta property=\"og:description\" content=\"Camisa Clergyman lisa, cuello romano, manga larga, de color violeta, realizada con excelentes telas, mixto algod\u00f3n, con una gran presencia. Seleccione la talla que desee. Si desea la opci\u00f3n de manga corta o con gemelos, cons\u00faltenos.\" \/>\n<meta property=\"og:url\" content=\"https:\/\/articulosreligiosos.com\/en\/product\/clergyman-shirt-roman-collar-violet-long-sleeve-100-cotton-olcm166vic18ml\/\" \/>\n<meta property=\"og:site_name\" content=\"articulosreligiosos.com\" \/>\n<meta property=\"article:modified_time\" content=\"2024-12-23T11:59:02+00:00\" \/>\n<meta property=\"og:image\" content=\"https:\/\/articulosreligiosos.com\/wp-content\/uploads\/2023\/09\/olcm166vic18ml-0.jpg\" \/>\n\t<meta property=\"og:image:width\" content=\"1000\" \/>\n\t<meta property=\"og:image:height\" content=\"1000\" \/>\n\t<meta property=\"og:image:type\" content=\"image\/jpeg\" \/>\n<meta name=\"twitter:card\" content=\"summary_large_image\" \/>\n<meta name=\"twitter:label1\" content=\"Availability\" \/>\n\t<meta name=\"twitter:data1\" content=\"In stock\" \/>\n<script type=\"application\/ld+json\" class=\"yoast-schema-graph\">{\"@context\":\"https:\/\/schema.org\",\"@graph\":[{\"@type\":\"WebPage\",\"@id\":\"https:\/\/articulosreligiosos.com\/en\/product\/clergyman-shirt-roman-collar-violet-long-sleeve-100-cotton-olcm166vic18ml\/\",\"url\":\"https:\/\/articulosreligiosos.com\/en\/product\/clergyman-shirt-roman-collar-violet-long-sleeve-100-cotton-olcm166vic18ml\/\",\"name\":\"Buy Clergyman Shirt roman collar, violet. Long sleeve. 100% cotton - Art\u00edculos Religiosos | Online Store\",\"isPartOf\":{\"@id\":\"https:\/\/articulosreligiosos.com\/en\/#website\"},\"primaryImageOfPage\":{\"@id\":\"https:\/\/articulosreligiosos.com\/en\/product\/clergyman-shirt-roman-collar-violet-long-sleeve-100-cotton-olcm166vic18ml\/#primaryimage\"},\"image\":{\"@id\":\"https:\/\/articulosreligiosos.com\/en\/product\/clergyman-shirt-roman-collar-violet-long-sleeve-100-cotton-olcm166vic18ml\/#primaryimage\"},\"thumbnailUrl\":\"https:\/\/articulosreligiosos.com\/wp-content\/uploads\/2023\/09\/olcm166vic18ml-0.jpg\",\"datePublished\":\"2023-09-06T13:54:39+00:00\",\"dateModified\":\"2024-12-23T11:59:02+00:00\",\"description\":\"Camisa Clergyman lisa, cuello romano, manga larga, de color violeta, realizada con excelentes telas, mixto algod\u00f3n, con una gran presencia. Seleccione la talla que desee. Si desea la opci\u00f3n de manga corta o con gemelos, cons\u00faltenos.\",\"breadcrumb\":{\"@id\":\"https:\/\/articulosreligiosos.com\/en\/product\/clergyman-shirt-roman-collar-violet-long-sleeve-100-cotton-olcm166vic18ml\/#breadcrumb\"},\"inLanguage\":\"en-US\",\"potentialAction\":[{\"@type\":\"ReadAction\",\"target\":[\"https:\/\/articulosreligiosos.com\/en\/product\/clergyman-shirt-roman-collar-violet-long-sleeve-100-cotton-olcm166vic18ml\/\"]}]},{\"@type\":\"ImageObject\",\"inLanguage\":\"en-US\",\"@id\":\"https:\/\/articulosreligiosos.com\/en\/product\/clergyman-shirt-roman-collar-violet-long-sleeve-100-cotton-olcm166vic18ml\/#primaryimage\",\"url\":\"https:\/\/articulosreligiosos.com\/wp-content\/uploads\/2023\/09\/olcm166vic18ml-0.jpg\",\"contentUrl\":\"https:\/\/articulosreligiosos.com\/wp-content\/uploads\/2023\/09\/olcm166vic18ml-0.jpg\",\"width\":1000,\"height\":1000,\"caption\":\"Camisa Clergyman Cuello romano, Violeta. Manga larga. 100% Algod\u00f3n-0\"},{\"@type\":\"BreadcrumbList\",\"@id\":\"https:\/\/articulosreligiosos.com\/en\/product\/clergyman-shirt-roman-collar-violet-long-sleeve-100-cotton-olcm166vic18ml\/#breadcrumb\",\"itemListElement\":[{\"@type\":\"ListItem\",\"position\":1,\"name\":\"Home\",\"item\":\"https:\/\/articulosreligiosos.com\/en\/\"},{\"@type\":\"ListItem\",\"position\":2,\"name\":\"Products\"},{\"@type\":\"ListItem\",\"position\":3,\"name\":\"Clergyman Shirt roman collar, violet. Long sleeve. 100% cotton\"}]},{\"@type\":\"WebSite\",\"@id\":\"https:\/\/articulosreligiosos.com\/en\/#website\",\"url\":\"https:\/\/articulosreligiosos.com\/en\/\",\"name\":\"Art\u00edculos Religiosos\",\"description\":\"Tienda online | Fabricaci\u00f3n, restauraci\u00f3n y comercializaci\u00f3n de objetos religiosos al mejor precio y con el mejor servicio.\",\"publisher\":{\"@id\":\"https:\/\/articulosreligiosos.com\/en\/#organization\"},\"potentialAction\":[{\"@type\":\"SearchAction\",\"target\":{\"@type\":\"EntryPoint\",\"urlTemplate\":\"https:\/\/articulosreligiosos.com\/en\/?s={search_term_string}\"},\"query-input\":{\"@type\":\"PropertyValueSpecification\",\"valueRequired\":true,\"valueName\":\"search_term_string\"}}],\"inLanguage\":\"en-US\"},{\"@type\":\"Organization\",\"@id\":\"https:\/\/articulosreligiosos.com\/en\/#organization\",\"name\":\"Art\u00edculos Religiosos\",\"url\":\"https:\/\/articulosreligiosos.com\/en\/\",\"logo\":{\"@type\":\"ImageObject\",\"inLanguage\":\"en-US\",\"@id\":\"https:\/\/articulosreligiosos.com\/en\/#\/schema\/logo\/image\/\",\"url\":\"https:\/\/articulosreligiosos.com\/wp-content\/uploads\/2023\/12\/newlogo-1.png\",\"contentUrl\":\"https:\/\/articulosreligiosos.com\/wp-content\/uploads\/2023\/12\/newlogo-1.png\",\"width\":178,\"height\":114,\"caption\":\"Art\u00edculos Religiosos\"},\"image\":{\"@id\":\"https:\/\/articulosreligiosos.com\/en\/#\/schema\/logo\/image\/\"},\"sameAs\":[\"https:\/\/www.instagram.com\/articulosreligiosos.tienda\/\"],\"hasMerchantReturnPolicy\":{\"@type\":\"MerchantReturnPolicy\",\"merchantReturnLink\":\"https:\/\/articulosreligiosos.com\/en\/refund-and-returns-policy\/\"}}]}<\/script>\n<meta property=\"og:availability\" content=\"instock\" \/>\n<meta property=\"product:availability\" content=\"instock\" \/>\n<meta property=\"product:retailer_item_id\" content=\"OLCM166VIC18ML\" \/>\n<meta property=\"product:condition\" content=\"new\" \/>\n<!-- \/ Yoast SEO Premium plugin. -->","yoast_head_json":{"title":"Buy Clergyman Shirt roman collar, violet. Long sleeve. 100% cotton - Art\u00edculos Religiosos | Online Store","description":"Camisa Clergyman lisa, cuello romano, manga larga, de color violeta, realizada con excelentes telas, mixto algod\u00f3n, con una gran presencia. Seleccione la talla que desee. Si desea la opci\u00f3n de manga corta o con gemelos, cons\u00faltenos.","robots":{"index":"index","follow":"follow","max-snippet":"max-snippet:-1","max-image-preview":"max-image-preview:large","max-video-preview":"max-video-preview:-1"},"canonical":"https:\/\/articulosreligiosos.com\/en\/product\/clergyman-shirt-roman-collar-violet-long-sleeve-100-cotton-olcm166vic18ml\/","og_locale":"en_US","og_type":"article","og_title":"Clergyman Shirt roman collar, violet. Long sleeve. 100% cotton","og_description":"Camisa Clergyman lisa, cuello romano, manga larga, de color violeta, realizada con excelentes telas, mixto algod\u00f3n, con una gran presencia. Seleccione la talla que desee. Si desea la opci\u00f3n de manga corta o con gemelos, cons\u00faltenos.","og_url":"https:\/\/articulosreligiosos.com\/en\/product\/clergyman-shirt-roman-collar-violet-long-sleeve-100-cotton-olcm166vic18ml\/","og_site_name":"articulosreligiosos.com","article_modified_time":"2024-12-23T11:59:02+00:00","og_image":[{"width":1000,"height":1000,"url":"https:\/\/articulosreligiosos.com\/wp-content\/uploads\/2023\/09\/olcm166vic18ml-0.jpg","type":"image\/jpeg"}],"twitter_card":"summary_large_image","twitter_misc":{"Availability":"In stock"},"schema":{"@context":"https:\/\/schema.org","@graph":[{"@type":"WebPage","@id":"https:\/\/articulosreligiosos.com\/en\/product\/clergyman-shirt-roman-collar-violet-long-sleeve-100-cotton-olcm166vic18ml\/","url":"https:\/\/articulosreligiosos.com\/en\/product\/clergyman-shirt-roman-collar-violet-long-sleeve-100-cotton-olcm166vic18ml\/","name":"Buy Clergyman Shirt roman collar, violet. Long sleeve. 100% cotton - Art\u00edculos Religiosos | Online Store","isPartOf":{"@id":"https:\/\/articulosreligiosos.com\/en\/#website"},"primaryImageOfPage":{"@id":"https:\/\/articulosreligiosos.com\/en\/product\/clergyman-shirt-roman-collar-violet-long-sleeve-100-cotton-olcm166vic18ml\/#primaryimage"},"image":{"@id":"https:\/\/articulosreligiosos.com\/en\/product\/clergyman-shirt-roman-collar-violet-long-sleeve-100-cotton-olcm166vic18ml\/#primaryimage"},"thumbnailUrl":"https:\/\/articulosreligiosos.com\/wp-content\/uploads\/2023\/09\/olcm166vic18ml-0.jpg","datePublished":"2023-09-06T13:54:39+00:00","dateModified":"2024-12-23T11:59:02+00:00","description":"Camisa Clergyman lisa, cuello romano, manga larga, de color violeta, realizada con excelentes telas, mixto algod\u00f3n, con una gran presencia. Seleccione la talla que desee. Si desea la opci\u00f3n de manga corta o con gemelos, cons\u00faltenos.","breadcrumb":{"@id":"https:\/\/articulosreligiosos.com\/en\/product\/clergyman-shirt-roman-collar-violet-long-sleeve-100-cotton-olcm166vic18ml\/#breadcrumb"},"inLanguage":"en-US","potentialAction":[{"@type":"ReadAction","target":["https:\/\/articulosreligiosos.com\/en\/product\/clergyman-shirt-roman-collar-violet-long-sleeve-100-cotton-olcm166vic18ml\/"]}]},{"@type":"ImageObject","inLanguage":"en-US","@id":"https:\/\/articulosreligiosos.com\/en\/product\/clergyman-shirt-roman-collar-violet-long-sleeve-100-cotton-olcm166vic18ml\/#primaryimage","url":"https:\/\/articulosreligiosos.com\/wp-content\/uploads\/2023\/09\/olcm166vic18ml-0.jpg","contentUrl":"https:\/\/articulosreligiosos.com\/wp-content\/uploads\/2023\/09\/olcm166vic18ml-0.jpg","width":1000,"height":1000,"caption":"Camisa Clergyman Cuello romano, Violeta. Manga larga. 100% Algod\u00f3n-0"},{"@type":"BreadcrumbList","@id":"https:\/\/articulosreligiosos.com\/en\/product\/clergyman-shirt-roman-collar-violet-long-sleeve-100-cotton-olcm166vic18ml\/#breadcrumb","itemListElement":[{"@type":"ListItem","position":1,"name":"Home","item":"https:\/\/articulosreligiosos.com\/en\/"},{"@type":"ListItem","position":2,"name":"Products"},{"@type":"ListItem","position":3,"name":"Clergyman Shirt roman collar, violet. Long sleeve. 100% cotton"}]},{"@type":"WebSite","@id":"https:\/\/articulosreligiosos.com\/en\/#website","url":"https:\/\/articulosreligiosos.com\/en\/","name":"Art\u00edculos Religiosos","description":"Tienda online | Fabricaci\u00f3n, restauraci\u00f3n y comercializaci\u00f3n de objetos religiosos al mejor precio y con el mejor servicio.","publisher":{"@id":"https:\/\/articulosreligiosos.com\/en\/#organization"},"potentialAction":[{"@type":"SearchAction","target":{"@type":"EntryPoint","urlTemplate":"https:\/\/articulosreligiosos.com\/en\/?s={search_term_string}"},"query-input":{"@type":"PropertyValueSpecification","valueRequired":true,"valueName":"search_term_string"}}],"inLanguage":"en-US"},{"@type":"Organization","@id":"https:\/\/articulosreligiosos.com\/en\/#organization","name":"Art\u00edculos Religiosos","url":"https:\/\/articulosreligiosos.com\/en\/","logo":{"@type":"ImageObject","inLanguage":"en-US","@id":"https:\/\/articulosreligiosos.com\/en\/#\/schema\/logo\/image\/","url":"https:\/\/articulosreligiosos.com\/wp-content\/uploads\/2023\/12\/newlogo-1.png","contentUrl":"https:\/\/articulosreligiosos.com\/wp-content\/uploads\/2023\/12\/newlogo-1.png","width":178,"height":114,"caption":"Art\u00edculos Religiosos"},"image":{"@id":"https:\/\/articulosreligiosos.com\/en\/#\/schema\/logo\/image\/"},"sameAs":["https:\/\/www.instagram.com\/articulosreligiosos.tienda\/"],"hasMerchantReturnPolicy":{"@type":"MerchantReturnPolicy","merchantReturnLink":"https:\/\/articulosreligiosos.com\/en\/refund-and-returns-policy\/"}}]},"og_availability":"instock","product_availability":"instock","product_retailer_item_id":"OLCM166VIC18ML","product_condition":"new"},"_links":{"self":[{"href":"https:\/\/articulosreligiosos.com\/en\/wp-json\/wp\/v2\/product\/201244","targetHints":{"allow":["GET"]}}],"collection":[{"href":"https:\/\/articulosreligiosos.com\/en\/wp-json\/wp\/v2\/product"}],"about":[{"href":"https:\/\/articulosreligiosos.com\/en\/wp-json\/wp\/v2\/types\/product"}],"replies":[{"embeddable":true,"href":"https:\/\/articulosreligiosos.com\/en\/wp-json\/wp\/v2\/comments?post=201244"}],"wp:featuredmedia":[{"embeddable":true,"href":"https:\/\/articulosreligiosos.com\/en\/wp-json\/wp\/v2\/media\/201224"}],"wp:attachment":[{"href":"https:\/\/articulosreligiosos.com\/en\/wp-json\/wp\/v2\/media?parent=201244"}],"wp:term":[{"taxonomy":"product_brand","embeddable":true,"href":"https:\/\/articulosreligiosos.com\/en\/wp-json\/wp\/v2\/product_brand?post=201244"},{"taxonomy":"product_cat","embeddable":true,"href":"https:\/\/articulosreligiosos.com\/en\/wp-json\/wp\/v2\/product_cat?post=201244"},{"taxonomy":"product_tag","embeddable":true,"href":"https:\/\/articulosreligiosos.com\/en\/wp-json\/wp\/v2\/product_tag?post=201244"}],"curies":[{"name":"wp","href":"https:\/\/api.w.org\/{rel}","templated":true}]}}