{"id":198215,"date":"2023-07-15T19:54:34","date_gmt":"2023-07-15T19:54:34","guid":{"rendered":"https:\/\/articulosreligiosos.com\/product\/bracelet-with-cross-steel-brac165br4103\/"},"modified":"2024-12-23T12:20:34","modified_gmt":"2024-12-23T12:20:34","slug":"bracelet-with-cross-steel-brac165br4103","status":"publish","type":"product","link":"https:\/\/articulosreligiosos.com\/en\/product\/bracelet-with-cross-steel-brac165br4103\/","title":{"rendered":"Bracelet with cross Steel"},"content":{"rendered":"<p>Precious bracelet made of steel, the perfect gift for family and friends.<\/p>\n","protected":false},"excerpt":{"rendered":"<p>Flexible bracelet with safety clasp, with an elegant cross with white zircons, made of steel. Long bracelet: 17 cm.+ 4 cm. lengthen &#8211; Measure of the cross: 22 x 15 mm.<\/p>\n","protected":false},"featured_media":198212,"comment_status":"open","ping_status":"closed","template":"","meta":{"_acf_changed":false},"product_brand":[],"product_cat":[7468,6806],"product_tag":[],"class_list":{"0":"post-198215","1":"product","2":"type-product","3":"status-publish","4":"has-post-thumbnail","6":"product_cat-religious-catholic-bracelets-en-en","7":"product_cat-catholic-goods-religious-goods-other-items-en","8":"pa_altura-170-en","9":"pa_disponibilidad-in-stock","10":"pa_manufacturer-p165-en","11":"pa_material-steel","13":"first","14":"instock","15":"taxable","16":"shipping-taxable","17":"purchasable","18":"product-type-simple"},"acf":[],"yoast_head":"<!-- This site is optimized with the Yoast SEO Premium plugin v27.2 (Yoast SEO v27.2) - https:\/\/yoast.com\/product\/yoast-seo-premium-wordpress\/ -->\n<title>Buy Bracelet with cross Steel - Art\u00edculos Religiosos | Online Store<\/title>\n<meta name=\"description\" content=\"Flexible bracelet with safety clasp, with an elegant cross with white zircons, made of steel. Long bracelet: 17 cm.+ 4 cm. lengthen - Measure of the cross: 22 x 15 mm.\" \/>\n<meta name=\"robots\" content=\"index, follow, max-snippet:-1, max-image-preview:large, max-video-preview:-1\" \/>\n<link rel=\"canonical\" href=\"https:\/\/articulosreligiosos.com\/en\/product\/bracelet-with-cross-steel-brac165br4103\/\" \/>\n<meta property=\"og:locale\" content=\"en_US\" \/>\n<meta property=\"og:type\" content=\"article\" \/>\n<meta property=\"og:title\" content=\"Bracelet with cross Steel\" \/>\n<meta property=\"og:description\" content=\"Flexible bracelet with safety clasp, with an elegant cross with white zircons, made of steel. Long bracelet: 17 cm.+ 4 cm. lengthen - Measure of the cross: 22 x 15 mm.\" \/>\n<meta property=\"og:url\" content=\"https:\/\/articulosreligiosos.com\/en\/product\/bracelet-with-cross-steel-brac165br4103\/\" \/>\n<meta property=\"og:site_name\" content=\"articulosreligiosos.com\" \/>\n<meta property=\"article:modified_time\" content=\"2024-12-23T12:20:34+00:00\" \/>\n<meta property=\"og:image\" content=\"https:\/\/articulosreligiosos.com\/wp-content\/uploads\/2023\/07\/brac165br4103-0.jpg\" \/>\n\t<meta property=\"og:image:width\" content=\"907\" \/>\n\t<meta property=\"og:image:height\" content=\"900\" \/>\n\t<meta property=\"og:image:type\" content=\"image\/jpeg\" \/>\n<meta name=\"twitter:card\" content=\"summary_large_image\" \/>\n<meta name=\"twitter:label1\" content=\"Price\" \/>\n\t<meta name=\"twitter:data1\" content=\"15,70&nbsp;&euro;\" \/>\n\t<meta name=\"twitter:label2\" content=\"Availability\" \/>\n\t<meta name=\"twitter:data2\" content=\"In stock\" \/>\n<script type=\"application\/ld+json\" class=\"yoast-schema-graph\">{\"@context\":\"https:\/\/schema.org\",\"@graph\":[{\"@type\":\"WebPage\",\"@id\":\"https:\/\/articulosreligiosos.com\/en\/product\/bracelet-with-cross-steel-brac165br4103\/\",\"url\":\"https:\/\/articulosreligiosos.com\/en\/product\/bracelet-with-cross-steel-brac165br4103\/\",\"name\":\"Buy Bracelet with cross Steel - Art\u00edculos Religiosos | Online Store\",\"isPartOf\":{\"@id\":\"https:\/\/articulosreligiosos.com\/en\/#website\"},\"primaryImageOfPage\":{\"@id\":\"https:\/\/articulosreligiosos.com\/en\/product\/bracelet-with-cross-steel-brac165br4103\/#primaryimage\"},\"image\":{\"@id\":\"https:\/\/articulosreligiosos.com\/en\/product\/bracelet-with-cross-steel-brac165br4103\/#primaryimage\"},\"thumbnailUrl\":\"https:\/\/articulosreligiosos.com\/wp-content\/uploads\/2023\/07\/brac165br4103-0.jpg\",\"datePublished\":\"2023-07-15T19:54:34+00:00\",\"dateModified\":\"2024-12-23T12:20:34+00:00\",\"description\":\"Flexible bracelet with safety clasp, with an elegant cross with white zircons, made of steel. Long bracelet: 17 cm.+ 4 cm. lengthen - Measure of the cross: 22 x 15 mm.\",\"breadcrumb\":{\"@id\":\"https:\/\/articulosreligiosos.com\/en\/product\/bracelet-with-cross-steel-brac165br4103\/#breadcrumb\"},\"inLanguage\":\"en-US\",\"potentialAction\":[{\"@type\":\"ReadAction\",\"target\":[\"https:\/\/articulosreligiosos.com\/en\/product\/bracelet-with-cross-steel-brac165br4103\/\"]}]},{\"@type\":\"ImageObject\",\"inLanguage\":\"en-US\",\"@id\":\"https:\/\/articulosreligiosos.com\/en\/product\/bracelet-with-cross-steel-brac165br4103\/#primaryimage\",\"url\":\"https:\/\/articulosreligiosos.com\/wp-content\/uploads\/2023\/07\/brac165br4103-0.jpg\",\"contentUrl\":\"https:\/\/articulosreligiosos.com\/wp-content\/uploads\/2023\/07\/brac165br4103-0.jpg\",\"width\":907,\"height\":900,\"caption\":\"Brazalete con Cruz. Acero-0\"},{\"@type\":\"BreadcrumbList\",\"@id\":\"https:\/\/articulosreligiosos.com\/en\/product\/bracelet-with-cross-steel-brac165br4103\/#breadcrumb\",\"itemListElement\":[{\"@type\":\"ListItem\",\"position\":1,\"name\":\"Home\",\"item\":\"https:\/\/articulosreligiosos.com\/en\/\"},{\"@type\":\"ListItem\",\"position\":2,\"name\":\"Products\"},{\"@type\":\"ListItem\",\"position\":3,\"name\":\"Bracelet with cross Steel\"}]},{\"@type\":\"WebSite\",\"@id\":\"https:\/\/articulosreligiosos.com\/en\/#website\",\"url\":\"https:\/\/articulosreligiosos.com\/en\/\",\"name\":\"Art\u00edculos Religiosos\",\"description\":\"Tienda online | Fabricaci\u00f3n, restauraci\u00f3n y comercializaci\u00f3n de objetos religiosos al mejor precio y con el mejor servicio.\",\"publisher\":{\"@id\":\"https:\/\/articulosreligiosos.com\/en\/#organization\"},\"potentialAction\":[{\"@type\":\"SearchAction\",\"target\":{\"@type\":\"EntryPoint\",\"urlTemplate\":\"https:\/\/articulosreligiosos.com\/en\/?s={search_term_string}\"},\"query-input\":{\"@type\":\"PropertyValueSpecification\",\"valueRequired\":true,\"valueName\":\"search_term_string\"}}],\"inLanguage\":\"en-US\"},{\"@type\":\"Organization\",\"@id\":\"https:\/\/articulosreligiosos.com\/en\/#organization\",\"name\":\"Art\u00edculos Religiosos\",\"url\":\"https:\/\/articulosreligiosos.com\/en\/\",\"logo\":{\"@type\":\"ImageObject\",\"inLanguage\":\"en-US\",\"@id\":\"https:\/\/articulosreligiosos.com\/en\/#\/schema\/logo\/image\/\",\"url\":\"https:\/\/articulosreligiosos.com\/wp-content\/uploads\/2023\/12\/newlogo-1.png\",\"contentUrl\":\"https:\/\/articulosreligiosos.com\/wp-content\/uploads\/2023\/12\/newlogo-1.png\",\"width\":178,\"height\":114,\"caption\":\"Art\u00edculos Religiosos\"},\"image\":{\"@id\":\"https:\/\/articulosreligiosos.com\/en\/#\/schema\/logo\/image\/\"},\"sameAs\":[\"https:\/\/www.instagram.com\/articulosreligiosos.tienda\/\"],\"hasMerchantReturnPolicy\":{\"@type\":\"MerchantReturnPolicy\",\"merchantReturnLink\":\"https:\/\/articulosreligiosos.com\/en\/refund-and-returns-policy\/\"}}]}<\/script>\n<meta property=\"product:price:amount\" content=\"15.70\" \/>\n<meta property=\"product:price:currency\" content=\"EUR\" \/>\n<meta property=\"og:availability\" content=\"instock\" \/>\n<meta property=\"product:availability\" content=\"instock\" \/>\n<meta property=\"product:retailer_item_id\" content=\"BRAC165BR4103\" \/>\n<meta property=\"product:condition\" content=\"new\" \/>\n<!-- \/ Yoast SEO Premium plugin. -->","yoast_head_json":{"title":"Buy Bracelet with cross Steel - Art\u00edculos Religiosos | Online Store","description":"Flexible bracelet with safety clasp, with an elegant cross with white zircons, made of steel. Long bracelet: 17 cm.+ 4 cm. lengthen - Measure of the cross: 22 x 15 mm.","robots":{"index":"index","follow":"follow","max-snippet":"max-snippet:-1","max-image-preview":"max-image-preview:large","max-video-preview":"max-video-preview:-1"},"canonical":"https:\/\/articulosreligiosos.com\/en\/product\/bracelet-with-cross-steel-brac165br4103\/","og_locale":"en_US","og_type":"article","og_title":"Bracelet with cross Steel","og_description":"Flexible bracelet with safety clasp, with an elegant cross with white zircons, made of steel. Long bracelet: 17 cm.+ 4 cm. lengthen - Measure of the cross: 22 x 15 mm.","og_url":"https:\/\/articulosreligiosos.com\/en\/product\/bracelet-with-cross-steel-brac165br4103\/","og_site_name":"articulosreligiosos.com","article_modified_time":"2024-12-23T12:20:34+00:00","og_image":[{"width":907,"height":900,"url":"https:\/\/articulosreligiosos.com\/wp-content\/uploads\/2023\/07\/brac165br4103-0.jpg","type":"image\/jpeg"}],"twitter_card":"summary_large_image","twitter_misc":{"Price":"15,70&nbsp;&euro;","Availability":"In stock"},"schema":{"@context":"https:\/\/schema.org","@graph":[{"@type":"WebPage","@id":"https:\/\/articulosreligiosos.com\/en\/product\/bracelet-with-cross-steel-brac165br4103\/","url":"https:\/\/articulosreligiosos.com\/en\/product\/bracelet-with-cross-steel-brac165br4103\/","name":"Buy Bracelet with cross Steel - Art\u00edculos Religiosos | Online Store","isPartOf":{"@id":"https:\/\/articulosreligiosos.com\/en\/#website"},"primaryImageOfPage":{"@id":"https:\/\/articulosreligiosos.com\/en\/product\/bracelet-with-cross-steel-brac165br4103\/#primaryimage"},"image":{"@id":"https:\/\/articulosreligiosos.com\/en\/product\/bracelet-with-cross-steel-brac165br4103\/#primaryimage"},"thumbnailUrl":"https:\/\/articulosreligiosos.com\/wp-content\/uploads\/2023\/07\/brac165br4103-0.jpg","datePublished":"2023-07-15T19:54:34+00:00","dateModified":"2024-12-23T12:20:34+00:00","description":"Flexible bracelet with safety clasp, with an elegant cross with white zircons, made of steel. Long bracelet: 17 cm.+ 4 cm. lengthen - Measure of the cross: 22 x 15 mm.","breadcrumb":{"@id":"https:\/\/articulosreligiosos.com\/en\/product\/bracelet-with-cross-steel-brac165br4103\/#breadcrumb"},"inLanguage":"en-US","potentialAction":[{"@type":"ReadAction","target":["https:\/\/articulosreligiosos.com\/en\/product\/bracelet-with-cross-steel-brac165br4103\/"]}]},{"@type":"ImageObject","inLanguage":"en-US","@id":"https:\/\/articulosreligiosos.com\/en\/product\/bracelet-with-cross-steel-brac165br4103\/#primaryimage","url":"https:\/\/articulosreligiosos.com\/wp-content\/uploads\/2023\/07\/brac165br4103-0.jpg","contentUrl":"https:\/\/articulosreligiosos.com\/wp-content\/uploads\/2023\/07\/brac165br4103-0.jpg","width":907,"height":900,"caption":"Brazalete con Cruz. Acero-0"},{"@type":"BreadcrumbList","@id":"https:\/\/articulosreligiosos.com\/en\/product\/bracelet-with-cross-steel-brac165br4103\/#breadcrumb","itemListElement":[{"@type":"ListItem","position":1,"name":"Home","item":"https:\/\/articulosreligiosos.com\/en\/"},{"@type":"ListItem","position":2,"name":"Products"},{"@type":"ListItem","position":3,"name":"Bracelet with cross Steel"}]},{"@type":"WebSite","@id":"https:\/\/articulosreligiosos.com\/en\/#website","url":"https:\/\/articulosreligiosos.com\/en\/","name":"Art\u00edculos Religiosos","description":"Tienda online | Fabricaci\u00f3n, restauraci\u00f3n y comercializaci\u00f3n de objetos religiosos al mejor precio y con el mejor servicio.","publisher":{"@id":"https:\/\/articulosreligiosos.com\/en\/#organization"},"potentialAction":[{"@type":"SearchAction","target":{"@type":"EntryPoint","urlTemplate":"https:\/\/articulosreligiosos.com\/en\/?s={search_term_string}"},"query-input":{"@type":"PropertyValueSpecification","valueRequired":true,"valueName":"search_term_string"}}],"inLanguage":"en-US"},{"@type":"Organization","@id":"https:\/\/articulosreligiosos.com\/en\/#organization","name":"Art\u00edculos Religiosos","url":"https:\/\/articulosreligiosos.com\/en\/","logo":{"@type":"ImageObject","inLanguage":"en-US","@id":"https:\/\/articulosreligiosos.com\/en\/#\/schema\/logo\/image\/","url":"https:\/\/articulosreligiosos.com\/wp-content\/uploads\/2023\/12\/newlogo-1.png","contentUrl":"https:\/\/articulosreligiosos.com\/wp-content\/uploads\/2023\/12\/newlogo-1.png","width":178,"height":114,"caption":"Art\u00edculos Religiosos"},"image":{"@id":"https:\/\/articulosreligiosos.com\/en\/#\/schema\/logo\/image\/"},"sameAs":["https:\/\/www.instagram.com\/articulosreligiosos.tienda\/"],"hasMerchantReturnPolicy":{"@type":"MerchantReturnPolicy","merchantReturnLink":"https:\/\/articulosreligiosos.com\/en\/refund-and-returns-policy\/"}}]},"product_price_amount":"15.70","product_price_currency":"EUR","og_availability":"instock","product_availability":"instock","product_retailer_item_id":"BRAC165BR4103","product_condition":"new"},"_links":{"self":[{"href":"https:\/\/articulosreligiosos.com\/en\/wp-json\/wp\/v2\/product\/198215","targetHints":{"allow":["GET"]}}],"collection":[{"href":"https:\/\/articulosreligiosos.com\/en\/wp-json\/wp\/v2\/product"}],"about":[{"href":"https:\/\/articulosreligiosos.com\/en\/wp-json\/wp\/v2\/types\/product"}],"replies":[{"embeddable":true,"href":"https:\/\/articulosreligiosos.com\/en\/wp-json\/wp\/v2\/comments?post=198215"}],"wp:featuredmedia":[{"embeddable":true,"href":"https:\/\/articulosreligiosos.com\/en\/wp-json\/wp\/v2\/media\/198212"}],"wp:attachment":[{"href":"https:\/\/articulosreligiosos.com\/en\/wp-json\/wp\/v2\/media?parent=198215"}],"wp:term":[{"taxonomy":"product_brand","embeddable":true,"href":"https:\/\/articulosreligiosos.com\/en\/wp-json\/wp\/v2\/product_brand?post=198215"},{"taxonomy":"product_cat","embeddable":true,"href":"https:\/\/articulosreligiosos.com\/en\/wp-json\/wp\/v2\/product_cat?post=198215"},{"taxonomy":"product_tag","embeddable":true,"href":"https:\/\/articulosreligiosos.com\/en\/wp-json\/wp\/v2\/product_tag?post=198215"}],"curies":[{"name":"wp","href":"https:\/\/api.w.org\/{rel}","templated":true}]}}