{"id":197573,"date":"2023-04-22T14:46:20","date_gmt":"2023-04-22T14:46:20","guid":{"rendered":"https:\/\/articulosreligiosos.com\/product\/murano-glass-and-metal-cross-pendant-come043013698\/"},"modified":"2024-12-19T12:25:34","modified_gmt":"2024-12-19T12:25:34","slug":"murano-glass-and-metal-cross-pendant-come043013698","status":"publish","type":"product","link":"https:\/\/articulosreligiosos.com\/en\/product\/murano-glass-and-metal-cross-pendant-come043013698\/","title":{"rendered":"Murano glass and metal cross pendant"},"content":{"rendered":"<p>Precious metal and Murano glass pendant. Presented in a gift box.<\/p>\n","protected":false},"excerpt":{"rendered":"<p>Pendant with metal cross, Murano glass stones. Metal chain included 45 cm.<\/p>\n","protected":false},"featured_media":340701,"comment_status":"open","ping_status":"closed","template":"","meta":{"_acf_changed":false},"product_brand":[],"product_cat":[6260,6393,6268,6258],"product_tag":[],"class_list":{"0":"post-197573","1":"product","2":"type-product","3":"status-publish","4":"has-post-thumbnail","6":"product_cat-crosses-crucifixes-cross-crucifix-religious-sculptures-en","7":"product_cat-neck-crucifixes-catholic-religious-medals-en","8":"product_cat-necklace-crosses-crucifixes-cross-crucifix-en","9":"product_cat-religious-statues-religious-sculptures-catholic-statues-en","10":"pa_acabado_medallas-miraculous-en","11":"pa_altura-15-en","12":"pa_disponibilidad-7-en","13":"pa_manufacturer-p043-en","14":"pa_material-metal-en-2","16":"first","17":"instock","18":"taxable","19":"shipping-taxable","20":"purchasable","21":"product-type-simple"},"acf":[],"yoast_head":"<!-- This site is optimized with the Yoast SEO Premium plugin v27.2 (Yoast SEO v27.2) - https:\/\/yoast.com\/product\/yoast-seo-premium-wordpress\/ -->\n<title>Buy Murano glass and metal cross pendant - Art\u00edculos Religiosos | Online Store<\/title>\n<meta name=\"description\" content=\"Pendant with metal cross, Murano glass stones. Metal chain included 45 cm.\" \/>\n<meta name=\"robots\" content=\"index, follow, max-snippet:-1, max-image-preview:large, max-video-preview:-1\" \/>\n<link rel=\"canonical\" href=\"https:\/\/articulosreligiosos.com\/en\/product\/murano-glass-and-metal-cross-pendant-come043013698\/\" \/>\n<meta property=\"og:locale\" content=\"en_US\" \/>\n<meta property=\"og:type\" content=\"article\" \/>\n<meta property=\"og:title\" content=\"Murano glass and metal cross pendant\" \/>\n<meta property=\"og:description\" content=\"Pendant with metal cross, Murano glass stones. Metal chain included 45 cm.\" \/>\n<meta property=\"og:url\" content=\"https:\/\/articulosreligiosos.com\/en\/product\/murano-glass-and-metal-cross-pendant-come043013698\/\" \/>\n<meta property=\"og:site_name\" content=\"articulosreligiosos.com\" \/>\n<meta property=\"article:modified_time\" content=\"2024-12-19T12:25:34+00:00\" \/>\n<meta property=\"og:image\" content=\"https:\/\/articulosreligiosos.com\/wp-content\/uploads\/2025\/08\/Colgante-cruz-metal-y-cristal-de-murano-come043013698-0.webp\" \/>\n\t<meta property=\"og:image:width\" content=\"800\" \/>\n\t<meta property=\"og:image:height\" content=\"800\" \/>\n\t<meta property=\"og:image:type\" content=\"image\/webp\" \/>\n<meta name=\"twitter:card\" content=\"summary_large_image\" \/>\n<meta name=\"twitter:label1\" content=\"Price\" \/>\n\t<meta name=\"twitter:data1\" content=\"24,79&nbsp;&euro;\" \/>\n\t<meta name=\"twitter:label2\" content=\"Availability\" \/>\n\t<meta name=\"twitter:data2\" content=\"In stock\" \/>\n<script type=\"application\/ld+json\" class=\"yoast-schema-graph\">{\"@context\":\"https:\/\/schema.org\",\"@graph\":[{\"@type\":\"WebPage\",\"@id\":\"https:\/\/articulosreligiosos.com\/en\/product\/murano-glass-and-metal-cross-pendant-come043013698\/\",\"url\":\"https:\/\/articulosreligiosos.com\/en\/product\/murano-glass-and-metal-cross-pendant-come043013698\/\",\"name\":\"Buy Murano glass and metal cross pendant - Art\u00edculos Religiosos | Online Store\",\"isPartOf\":{\"@id\":\"https:\/\/articulosreligiosos.com\/en\/#website\"},\"primaryImageOfPage\":{\"@id\":\"https:\/\/articulosreligiosos.com\/en\/product\/murano-glass-and-metal-cross-pendant-come043013698\/#primaryimage\"},\"image\":{\"@id\":\"https:\/\/articulosreligiosos.com\/en\/product\/murano-glass-and-metal-cross-pendant-come043013698\/#primaryimage\"},\"thumbnailUrl\":\"https:\/\/articulosreligiosos.com\/wp-content\/uploads\/2025\/08\/Colgante-cruz-metal-y-cristal-de-murano-come043013698-0.webp\",\"datePublished\":\"2023-04-22T14:46:20+00:00\",\"dateModified\":\"2024-12-19T12:25:34+00:00\",\"description\":\"Pendant with metal cross, Murano glass stones. Metal chain included 45 cm.\",\"breadcrumb\":{\"@id\":\"https:\/\/articulosreligiosos.com\/en\/product\/murano-glass-and-metal-cross-pendant-come043013698\/#breadcrumb\"},\"inLanguage\":\"en-US\",\"potentialAction\":[{\"@type\":\"ReadAction\",\"target\":[\"https:\/\/articulosreligiosos.com\/en\/product\/murano-glass-and-metal-cross-pendant-come043013698\/\"]}]},{\"@type\":\"ImageObject\",\"inLanguage\":\"en-US\",\"@id\":\"https:\/\/articulosreligiosos.com\/en\/product\/murano-glass-and-metal-cross-pendant-come043013698\/#primaryimage\",\"url\":\"https:\/\/articulosreligiosos.com\/wp-content\/uploads\/2025\/08\/Colgante-cruz-metal-y-cristal-de-murano-come043013698-0.webp\",\"contentUrl\":\"https:\/\/articulosreligiosos.com\/wp-content\/uploads\/2025\/08\/Colgante-cruz-metal-y-cristal-de-murano-come043013698-0.webp\",\"width\":800,\"height\":800},{\"@type\":\"BreadcrumbList\",\"@id\":\"https:\/\/articulosreligiosos.com\/en\/product\/murano-glass-and-metal-cross-pendant-come043013698\/#breadcrumb\",\"itemListElement\":[{\"@type\":\"ListItem\",\"position\":1,\"name\":\"Home\",\"item\":\"https:\/\/articulosreligiosos.com\/en\/\"},{\"@type\":\"ListItem\",\"position\":2,\"name\":\"Products\"},{\"@type\":\"ListItem\",\"position\":3,\"name\":\"Murano glass and metal cross pendant\"}]},{\"@type\":\"WebSite\",\"@id\":\"https:\/\/articulosreligiosos.com\/en\/#website\",\"url\":\"https:\/\/articulosreligiosos.com\/en\/\",\"name\":\"Art\u00edculos Religiosos\",\"description\":\"Tienda online | Fabricaci\u00f3n, restauraci\u00f3n y comercializaci\u00f3n de objetos religiosos al mejor precio y con el mejor servicio.\",\"publisher\":{\"@id\":\"https:\/\/articulosreligiosos.com\/en\/#organization\"},\"potentialAction\":[{\"@type\":\"SearchAction\",\"target\":{\"@type\":\"EntryPoint\",\"urlTemplate\":\"https:\/\/articulosreligiosos.com\/en\/?s={search_term_string}\"},\"query-input\":{\"@type\":\"PropertyValueSpecification\",\"valueRequired\":true,\"valueName\":\"search_term_string\"}}],\"inLanguage\":\"en-US\"},{\"@type\":\"Organization\",\"@id\":\"https:\/\/articulosreligiosos.com\/en\/#organization\",\"name\":\"Art\u00edculos Religiosos\",\"url\":\"https:\/\/articulosreligiosos.com\/en\/\",\"logo\":{\"@type\":\"ImageObject\",\"inLanguage\":\"en-US\",\"@id\":\"https:\/\/articulosreligiosos.com\/en\/#\/schema\/logo\/image\/\",\"url\":\"https:\/\/articulosreligiosos.com\/wp-content\/uploads\/2023\/12\/newlogo-1.png\",\"contentUrl\":\"https:\/\/articulosreligiosos.com\/wp-content\/uploads\/2023\/12\/newlogo-1.png\",\"width\":178,\"height\":114,\"caption\":\"Art\u00edculos Religiosos\"},\"image\":{\"@id\":\"https:\/\/articulosreligiosos.com\/en\/#\/schema\/logo\/image\/\"},\"sameAs\":[\"https:\/\/www.instagram.com\/articulosreligiosos.tienda\/\"],\"hasMerchantReturnPolicy\":{\"@type\":\"MerchantReturnPolicy\",\"merchantReturnLink\":\"https:\/\/articulosreligiosos.com\/en\/refund-and-returns-policy\/\"}}]}<\/script>\n<meta property=\"product:price:amount\" content=\"24.79\" \/>\n<meta property=\"product:price:currency\" content=\"EUR\" \/>\n<meta property=\"og:availability\" content=\"instock\" \/>\n<meta property=\"product:availability\" content=\"instock\" \/>\n<meta property=\"product:retailer_item_id\" content=\"COME043013698\" \/>\n<meta property=\"product:condition\" content=\"new\" \/>\n<!-- \/ Yoast SEO Premium plugin. -->","yoast_head_json":{"title":"Buy Murano glass and metal cross pendant - Art\u00edculos Religiosos | Online Store","description":"Pendant with metal cross, Murano glass stones. Metal chain included 45 cm.","robots":{"index":"index","follow":"follow","max-snippet":"max-snippet:-1","max-image-preview":"max-image-preview:large","max-video-preview":"max-video-preview:-1"},"canonical":"https:\/\/articulosreligiosos.com\/en\/product\/murano-glass-and-metal-cross-pendant-come043013698\/","og_locale":"en_US","og_type":"article","og_title":"Murano glass and metal cross pendant","og_description":"Pendant with metal cross, Murano glass stones. Metal chain included 45 cm.","og_url":"https:\/\/articulosreligiosos.com\/en\/product\/murano-glass-and-metal-cross-pendant-come043013698\/","og_site_name":"articulosreligiosos.com","article_modified_time":"2024-12-19T12:25:34+00:00","og_image":[{"width":800,"height":800,"url":"https:\/\/articulosreligiosos.com\/wp-content\/uploads\/2025\/08\/Colgante-cruz-metal-y-cristal-de-murano-come043013698-0.webp","type":"image\/webp"}],"twitter_card":"summary_large_image","twitter_misc":{"Price":"24,79&nbsp;&euro;","Availability":"In stock"},"schema":{"@context":"https:\/\/schema.org","@graph":[{"@type":"WebPage","@id":"https:\/\/articulosreligiosos.com\/en\/product\/murano-glass-and-metal-cross-pendant-come043013698\/","url":"https:\/\/articulosreligiosos.com\/en\/product\/murano-glass-and-metal-cross-pendant-come043013698\/","name":"Buy Murano glass and metal cross pendant - Art\u00edculos Religiosos | Online Store","isPartOf":{"@id":"https:\/\/articulosreligiosos.com\/en\/#website"},"primaryImageOfPage":{"@id":"https:\/\/articulosreligiosos.com\/en\/product\/murano-glass-and-metal-cross-pendant-come043013698\/#primaryimage"},"image":{"@id":"https:\/\/articulosreligiosos.com\/en\/product\/murano-glass-and-metal-cross-pendant-come043013698\/#primaryimage"},"thumbnailUrl":"https:\/\/articulosreligiosos.com\/wp-content\/uploads\/2025\/08\/Colgante-cruz-metal-y-cristal-de-murano-come043013698-0.webp","datePublished":"2023-04-22T14:46:20+00:00","dateModified":"2024-12-19T12:25:34+00:00","description":"Pendant with metal cross, Murano glass stones. Metal chain included 45 cm.","breadcrumb":{"@id":"https:\/\/articulosreligiosos.com\/en\/product\/murano-glass-and-metal-cross-pendant-come043013698\/#breadcrumb"},"inLanguage":"en-US","potentialAction":[{"@type":"ReadAction","target":["https:\/\/articulosreligiosos.com\/en\/product\/murano-glass-and-metal-cross-pendant-come043013698\/"]}]},{"@type":"ImageObject","inLanguage":"en-US","@id":"https:\/\/articulosreligiosos.com\/en\/product\/murano-glass-and-metal-cross-pendant-come043013698\/#primaryimage","url":"https:\/\/articulosreligiosos.com\/wp-content\/uploads\/2025\/08\/Colgante-cruz-metal-y-cristal-de-murano-come043013698-0.webp","contentUrl":"https:\/\/articulosreligiosos.com\/wp-content\/uploads\/2025\/08\/Colgante-cruz-metal-y-cristal-de-murano-come043013698-0.webp","width":800,"height":800},{"@type":"BreadcrumbList","@id":"https:\/\/articulosreligiosos.com\/en\/product\/murano-glass-and-metal-cross-pendant-come043013698\/#breadcrumb","itemListElement":[{"@type":"ListItem","position":1,"name":"Home","item":"https:\/\/articulosreligiosos.com\/en\/"},{"@type":"ListItem","position":2,"name":"Products"},{"@type":"ListItem","position":3,"name":"Murano glass and metal cross pendant"}]},{"@type":"WebSite","@id":"https:\/\/articulosreligiosos.com\/en\/#website","url":"https:\/\/articulosreligiosos.com\/en\/","name":"Art\u00edculos Religiosos","description":"Tienda online | Fabricaci\u00f3n, restauraci\u00f3n y comercializaci\u00f3n de objetos religiosos al mejor precio y con el mejor servicio.","publisher":{"@id":"https:\/\/articulosreligiosos.com\/en\/#organization"},"potentialAction":[{"@type":"SearchAction","target":{"@type":"EntryPoint","urlTemplate":"https:\/\/articulosreligiosos.com\/en\/?s={search_term_string}"},"query-input":{"@type":"PropertyValueSpecification","valueRequired":true,"valueName":"search_term_string"}}],"inLanguage":"en-US"},{"@type":"Organization","@id":"https:\/\/articulosreligiosos.com\/en\/#organization","name":"Art\u00edculos Religiosos","url":"https:\/\/articulosreligiosos.com\/en\/","logo":{"@type":"ImageObject","inLanguage":"en-US","@id":"https:\/\/articulosreligiosos.com\/en\/#\/schema\/logo\/image\/","url":"https:\/\/articulosreligiosos.com\/wp-content\/uploads\/2023\/12\/newlogo-1.png","contentUrl":"https:\/\/articulosreligiosos.com\/wp-content\/uploads\/2023\/12\/newlogo-1.png","width":178,"height":114,"caption":"Art\u00edculos Religiosos"},"image":{"@id":"https:\/\/articulosreligiosos.com\/en\/#\/schema\/logo\/image\/"},"sameAs":["https:\/\/www.instagram.com\/articulosreligiosos.tienda\/"],"hasMerchantReturnPolicy":{"@type":"MerchantReturnPolicy","merchantReturnLink":"https:\/\/articulosreligiosos.com\/en\/refund-and-returns-policy\/"}}]},"product_price_amount":"24.79","product_price_currency":"EUR","og_availability":"instock","product_availability":"instock","product_retailer_item_id":"COME043013698","product_condition":"new"},"_links":{"self":[{"href":"https:\/\/articulosreligiosos.com\/en\/wp-json\/wp\/v2\/product\/197573","targetHints":{"allow":["GET"]}}],"collection":[{"href":"https:\/\/articulosreligiosos.com\/en\/wp-json\/wp\/v2\/product"}],"about":[{"href":"https:\/\/articulosreligiosos.com\/en\/wp-json\/wp\/v2\/types\/product"}],"replies":[{"embeddable":true,"href":"https:\/\/articulosreligiosos.com\/en\/wp-json\/wp\/v2\/comments?post=197573"}],"wp:featuredmedia":[{"embeddable":true,"href":"https:\/\/articulosreligiosos.com\/en\/wp-json\/wp\/v2\/media\/340701"}],"wp:attachment":[{"href":"https:\/\/articulosreligiosos.com\/en\/wp-json\/wp\/v2\/media?parent=197573"}],"wp:term":[{"taxonomy":"product_brand","embeddable":true,"href":"https:\/\/articulosreligiosos.com\/en\/wp-json\/wp\/v2\/product_brand?post=197573"},{"taxonomy":"product_cat","embeddable":true,"href":"https:\/\/articulosreligiosos.com\/en\/wp-json\/wp\/v2\/product_cat?post=197573"},{"taxonomy":"product_tag","embeddable":true,"href":"https:\/\/articulosreligiosos.com\/en\/wp-json\/wp\/v2\/product_tag?post=197573"}],"curies":[{"name":"wp","href":"https:\/\/api.w.org\/{rel}","templated":true}]}}