{"id":194793,"date":"2023-03-15T13:55:26","date_gmt":"2023-03-15T13:55:26","guid":{"rendered":"https:\/\/articulosreligiosos.com\/product\/our-lady-of-macarena-red-cape-imvg04313065\/"},"modified":"2025-05-18T08:39:24","modified_gmt":"2025-05-18T08:39:24","slug":"our-lady-of-macarena-red-cape-imvg04313065","status":"publish","type":"product","link":"https:\/\/articulosreligiosos.com\/en\/product\/our-lady-of-macarena-red-cape-imvg04313065\/","title":{"rendered":"Our Lady of Macarena, red cape"},"content":{"rendered":"<p>Our Lady of the Macarena, red mantle<\/p>\n<p>This religious image in <strong>resin<\/strong> stands out for its careful craftsmanship.<br \/>Mother of confident expectation and comfort in adversity. Feast day: December 18.<br \/>Tradition that moves<\/p>\n<p>Perfect for prayer spaces or as a meaningful gift.<br \/>Visit our complete collection at <a href=\"https:\/\/articulosreligiosos.com\/en\/product-category\/religious-statues-religious-sculptures-catholic-statues-en\/\" target=\"_blank\">religious imagery<\/a><br \/>.<\/p>\n","protected":false},"excerpt":{"rendered":"<p>Sculpture of Our Lady of Macarena, red cape, hand painted. Resin material.<\/p>\n","protected":false},"featured_media":344568,"comment_status":"open","ping_status":"closed","template":"","meta":{"_acf_changed":false},"product_brand":[],"product_cat":[6274,6258],"product_tag":[],"class_list":{"0":"post-194793","1":"product","2":"type-product","3":"status-publish","4":"has-post-thumbnail","6":"product_cat-our-lady-virgins-religious-sculptures-en","7":"product_cat-religious-statues-religious-sculptures-catholic-statues-en","9":"first","10":"instock","11":"taxable","12":"shipping-taxable","13":"purchasable","14":"product-type-simple"},"acf":[],"yoast_head":"<!-- This site is optimized with the Yoast SEO Premium plugin v27.2 (Yoast SEO v27.2) - https:\/\/yoast.com\/product\/yoast-seo-premium-wordpress\/ -->\n<title>Our Lady of the Macarena, red mantle - Handmade religious images<\/title>\n<meta name=\"description\" content=\"Buy Our Lady of the Macarena, red mantle and fill your home with spirituality. Quality and fast shipping, buy it now!\" \/>\n<meta name=\"robots\" content=\"index, follow, max-snippet:-1, max-image-preview:large, max-video-preview:-1\" \/>\n<link rel=\"canonical\" href=\"https:\/\/articulosreligiosos.com\/en\/product\/our-lady-of-macarena-red-cape-imvg04313065\/\" \/>\n<meta property=\"og:locale\" content=\"en_US\" \/>\n<meta property=\"og:type\" content=\"article\" \/>\n<meta property=\"og:title\" content=\"Our Lady of Macarena, red cape\" \/>\n<meta property=\"og:description\" content=\"Buy Our Lady of the Macarena, red mantle and fill your home with spirituality. Quality and fast shipping, buy it now!\" \/>\n<meta property=\"og:url\" content=\"https:\/\/articulosreligiosos.com\/en\/product\/our-lady-of-macarena-red-cape-imvg04313065\/\" \/>\n<meta property=\"og:site_name\" content=\"articulosreligiosos.com\" \/>\n<meta property=\"article:modified_time\" content=\"2025-05-18T08:39:24+00:00\" \/>\n<meta property=\"og:image\" content=\"https:\/\/articulosreligiosos.com\/wp-content\/uploads\/2025\/08\/Virgen-de-la-Macarena-manto-rojo-imvg04313065-0.webp\" \/>\n\t<meta property=\"og:image:width\" content=\"800\" \/>\n\t<meta property=\"og:image:height\" content=\"800\" \/>\n\t<meta property=\"og:image:type\" content=\"image\/webp\" \/>\n<meta name=\"twitter:card\" content=\"summary_large_image\" \/>\n<meta name=\"twitter:label1\" content=\"Price\" \/>\n\t<meta name=\"twitter:data1\" content=\"28,93&nbsp;&euro;\" \/>\n\t<meta name=\"twitter:label2\" content=\"Availability\" \/>\n\t<meta name=\"twitter:data2\" content=\"In stock\" \/>\n<script type=\"application\/ld+json\" class=\"yoast-schema-graph\">{\"@context\":\"https:\/\/schema.org\",\"@graph\":[{\"@type\":\"WebPage\",\"@id\":\"https:\/\/articulosreligiosos.com\/en\/product\/our-lady-of-macarena-red-cape-imvg04313065\/\",\"url\":\"https:\/\/articulosreligiosos.com\/en\/product\/our-lady-of-macarena-red-cape-imvg04313065\/\",\"name\":\"Our Lady of the Macarena, red mantle - Handmade religious images\",\"isPartOf\":{\"@id\":\"https:\/\/articulosreligiosos.com\/en\/#website\"},\"primaryImageOfPage\":{\"@id\":\"https:\/\/articulosreligiosos.com\/en\/product\/our-lady-of-macarena-red-cape-imvg04313065\/#primaryimage\"},\"image\":{\"@id\":\"https:\/\/articulosreligiosos.com\/en\/product\/our-lady-of-macarena-red-cape-imvg04313065\/#primaryimage\"},\"thumbnailUrl\":\"https:\/\/articulosreligiosos.com\/wp-content\/uploads\/2025\/08\/Virgen-de-la-Macarena-manto-rojo-imvg04313065-0.webp\",\"datePublished\":\"2023-03-15T13:55:26+00:00\",\"dateModified\":\"2025-05-18T08:39:24+00:00\",\"description\":\"Buy Our Lady of the Macarena, red mantle and fill your home with spirituality. Quality and fast shipping, buy it now!\",\"breadcrumb\":{\"@id\":\"https:\/\/articulosreligiosos.com\/en\/product\/our-lady-of-macarena-red-cape-imvg04313065\/#breadcrumb\"},\"inLanguage\":\"en-US\",\"potentialAction\":[{\"@type\":\"ReadAction\",\"target\":[\"https:\/\/articulosreligiosos.com\/en\/product\/our-lady-of-macarena-red-cape-imvg04313065\/\"]}]},{\"@type\":\"ImageObject\",\"inLanguage\":\"en-US\",\"@id\":\"https:\/\/articulosreligiosos.com\/en\/product\/our-lady-of-macarena-red-cape-imvg04313065\/#primaryimage\",\"url\":\"https:\/\/articulosreligiosos.com\/wp-content\/uploads\/2025\/08\/Virgen-de-la-Macarena-manto-rojo-imvg04313065-0.webp\",\"contentUrl\":\"https:\/\/articulosreligiosos.com\/wp-content\/uploads\/2025\/08\/Virgen-de-la-Macarena-manto-rojo-imvg04313065-0.webp\",\"width\":800,\"height\":800},{\"@type\":\"BreadcrumbList\",\"@id\":\"https:\/\/articulosreligiosos.com\/en\/product\/our-lady-of-macarena-red-cape-imvg04313065\/#breadcrumb\",\"itemListElement\":[{\"@type\":\"ListItem\",\"position\":1,\"name\":\"Home\",\"item\":\"https:\/\/articulosreligiosos.com\/en\/\"},{\"@type\":\"ListItem\",\"position\":2,\"name\":\"Products\"},{\"@type\":\"ListItem\",\"position\":3,\"name\":\"Our Lady of Macarena, red cape\"}]},{\"@type\":\"WebSite\",\"@id\":\"https:\/\/articulosreligiosos.com\/en\/#website\",\"url\":\"https:\/\/articulosreligiosos.com\/en\/\",\"name\":\"Art\u00edculos Religiosos\",\"description\":\"Tienda online | Fabricaci\u00f3n, restauraci\u00f3n y comercializaci\u00f3n de objetos religiosos al mejor precio y con el mejor servicio.\",\"publisher\":{\"@id\":\"https:\/\/articulosreligiosos.com\/en\/#organization\"},\"potentialAction\":[{\"@type\":\"SearchAction\",\"target\":{\"@type\":\"EntryPoint\",\"urlTemplate\":\"https:\/\/articulosreligiosos.com\/en\/?s={search_term_string}\"},\"query-input\":{\"@type\":\"PropertyValueSpecification\",\"valueRequired\":true,\"valueName\":\"search_term_string\"}}],\"inLanguage\":\"en-US\"},{\"@type\":\"Organization\",\"@id\":\"https:\/\/articulosreligiosos.com\/en\/#organization\",\"name\":\"Art\u00edculos Religiosos\",\"url\":\"https:\/\/articulosreligiosos.com\/en\/\",\"logo\":{\"@type\":\"ImageObject\",\"inLanguage\":\"en-US\",\"@id\":\"https:\/\/articulosreligiosos.com\/en\/#\/schema\/logo\/image\/\",\"url\":\"https:\/\/articulosreligiosos.com\/wp-content\/uploads\/2023\/12\/newlogo-1.png\",\"contentUrl\":\"https:\/\/articulosreligiosos.com\/wp-content\/uploads\/2023\/12\/newlogo-1.png\",\"width\":178,\"height\":114,\"caption\":\"Art\u00edculos Religiosos\"},\"image\":{\"@id\":\"https:\/\/articulosreligiosos.com\/en\/#\/schema\/logo\/image\/\"},\"sameAs\":[\"https:\/\/www.instagram.com\/articulosreligiosos.tienda\/\"],\"hasMerchantReturnPolicy\":{\"@type\":\"MerchantReturnPolicy\",\"merchantReturnLink\":\"https:\/\/articulosreligiosos.com\/en\/refund-and-returns-policy\/\"}}]}<\/script>\n<meta property=\"product:price:amount\" content=\"28.93\" \/>\n<meta property=\"product:price:currency\" content=\"EUR\" \/>\n<meta property=\"og:availability\" content=\"instock\" \/>\n<meta property=\"product:availability\" content=\"instock\" \/>\n<meta property=\"product:retailer_item_id\" content=\"IMVG04313065\" \/>\n<meta property=\"product:condition\" content=\"new\" \/>\n<!-- \/ Yoast SEO Premium plugin. -->","yoast_head_json":{"title":"Our Lady of the Macarena, red mantle - Handmade religious images","description":"Buy Our Lady of the Macarena, red mantle and fill your home with spirituality. Quality and fast shipping, buy it now!","robots":{"index":"index","follow":"follow","max-snippet":"max-snippet:-1","max-image-preview":"max-image-preview:large","max-video-preview":"max-video-preview:-1"},"canonical":"https:\/\/articulosreligiosos.com\/en\/product\/our-lady-of-macarena-red-cape-imvg04313065\/","og_locale":"en_US","og_type":"article","og_title":"Our Lady of Macarena, red cape","og_description":"Buy Our Lady of the Macarena, red mantle and fill your home with spirituality. Quality and fast shipping, buy it now!","og_url":"https:\/\/articulosreligiosos.com\/en\/product\/our-lady-of-macarena-red-cape-imvg04313065\/","og_site_name":"articulosreligiosos.com","article_modified_time":"2025-05-18T08:39:24+00:00","og_image":[{"width":800,"height":800,"url":"https:\/\/articulosreligiosos.com\/wp-content\/uploads\/2025\/08\/Virgen-de-la-Macarena-manto-rojo-imvg04313065-0.webp","type":"image\/webp"}],"twitter_card":"summary_large_image","twitter_misc":{"Price":"28,93&nbsp;&euro;","Availability":"In stock"},"schema":{"@context":"https:\/\/schema.org","@graph":[{"@type":"WebPage","@id":"https:\/\/articulosreligiosos.com\/en\/product\/our-lady-of-macarena-red-cape-imvg04313065\/","url":"https:\/\/articulosreligiosos.com\/en\/product\/our-lady-of-macarena-red-cape-imvg04313065\/","name":"Our Lady of the Macarena, red mantle - Handmade religious images","isPartOf":{"@id":"https:\/\/articulosreligiosos.com\/en\/#website"},"primaryImageOfPage":{"@id":"https:\/\/articulosreligiosos.com\/en\/product\/our-lady-of-macarena-red-cape-imvg04313065\/#primaryimage"},"image":{"@id":"https:\/\/articulosreligiosos.com\/en\/product\/our-lady-of-macarena-red-cape-imvg04313065\/#primaryimage"},"thumbnailUrl":"https:\/\/articulosreligiosos.com\/wp-content\/uploads\/2025\/08\/Virgen-de-la-Macarena-manto-rojo-imvg04313065-0.webp","datePublished":"2023-03-15T13:55:26+00:00","dateModified":"2025-05-18T08:39:24+00:00","description":"Buy Our Lady of the Macarena, red mantle and fill your home with spirituality. Quality and fast shipping, buy it now!","breadcrumb":{"@id":"https:\/\/articulosreligiosos.com\/en\/product\/our-lady-of-macarena-red-cape-imvg04313065\/#breadcrumb"},"inLanguage":"en-US","potentialAction":[{"@type":"ReadAction","target":["https:\/\/articulosreligiosos.com\/en\/product\/our-lady-of-macarena-red-cape-imvg04313065\/"]}]},{"@type":"ImageObject","inLanguage":"en-US","@id":"https:\/\/articulosreligiosos.com\/en\/product\/our-lady-of-macarena-red-cape-imvg04313065\/#primaryimage","url":"https:\/\/articulosreligiosos.com\/wp-content\/uploads\/2025\/08\/Virgen-de-la-Macarena-manto-rojo-imvg04313065-0.webp","contentUrl":"https:\/\/articulosreligiosos.com\/wp-content\/uploads\/2025\/08\/Virgen-de-la-Macarena-manto-rojo-imvg04313065-0.webp","width":800,"height":800},{"@type":"BreadcrumbList","@id":"https:\/\/articulosreligiosos.com\/en\/product\/our-lady-of-macarena-red-cape-imvg04313065\/#breadcrumb","itemListElement":[{"@type":"ListItem","position":1,"name":"Home","item":"https:\/\/articulosreligiosos.com\/en\/"},{"@type":"ListItem","position":2,"name":"Products"},{"@type":"ListItem","position":3,"name":"Our Lady of Macarena, red cape"}]},{"@type":"WebSite","@id":"https:\/\/articulosreligiosos.com\/en\/#website","url":"https:\/\/articulosreligiosos.com\/en\/","name":"Art\u00edculos Religiosos","description":"Tienda online | Fabricaci\u00f3n, restauraci\u00f3n y comercializaci\u00f3n de objetos religiosos al mejor precio y con el mejor servicio.","publisher":{"@id":"https:\/\/articulosreligiosos.com\/en\/#organization"},"potentialAction":[{"@type":"SearchAction","target":{"@type":"EntryPoint","urlTemplate":"https:\/\/articulosreligiosos.com\/en\/?s={search_term_string}"},"query-input":{"@type":"PropertyValueSpecification","valueRequired":true,"valueName":"search_term_string"}}],"inLanguage":"en-US"},{"@type":"Organization","@id":"https:\/\/articulosreligiosos.com\/en\/#organization","name":"Art\u00edculos Religiosos","url":"https:\/\/articulosreligiosos.com\/en\/","logo":{"@type":"ImageObject","inLanguage":"en-US","@id":"https:\/\/articulosreligiosos.com\/en\/#\/schema\/logo\/image\/","url":"https:\/\/articulosreligiosos.com\/wp-content\/uploads\/2023\/12\/newlogo-1.png","contentUrl":"https:\/\/articulosreligiosos.com\/wp-content\/uploads\/2023\/12\/newlogo-1.png","width":178,"height":114,"caption":"Art\u00edculos Religiosos"},"image":{"@id":"https:\/\/articulosreligiosos.com\/en\/#\/schema\/logo\/image\/"},"sameAs":["https:\/\/www.instagram.com\/articulosreligiosos.tienda\/"],"hasMerchantReturnPolicy":{"@type":"MerchantReturnPolicy","merchantReturnLink":"https:\/\/articulosreligiosos.com\/en\/refund-and-returns-policy\/"}}]},"product_price_amount":"28.93","product_price_currency":"EUR","og_availability":"instock","product_availability":"instock","product_retailer_item_id":"IMVG04313065","product_condition":"new"},"_links":{"self":[{"href":"https:\/\/articulosreligiosos.com\/en\/wp-json\/wp\/v2\/product\/194793","targetHints":{"allow":["GET"]}}],"collection":[{"href":"https:\/\/articulosreligiosos.com\/en\/wp-json\/wp\/v2\/product"}],"about":[{"href":"https:\/\/articulosreligiosos.com\/en\/wp-json\/wp\/v2\/types\/product"}],"replies":[{"embeddable":true,"href":"https:\/\/articulosreligiosos.com\/en\/wp-json\/wp\/v2\/comments?post=194793"}],"wp:featuredmedia":[{"embeddable":true,"href":"https:\/\/articulosreligiosos.com\/en\/wp-json\/wp\/v2\/media\/344568"}],"wp:attachment":[{"href":"https:\/\/articulosreligiosos.com\/en\/wp-json\/wp\/v2\/media?parent=194793"}],"wp:term":[{"taxonomy":"product_brand","embeddable":true,"href":"https:\/\/articulosreligiosos.com\/en\/wp-json\/wp\/v2\/product_brand?post=194793"},{"taxonomy":"product_cat","embeddable":true,"href":"https:\/\/articulosreligiosos.com\/en\/wp-json\/wp\/v2\/product_cat?post=194793"},{"taxonomy":"product_tag","embeddable":true,"href":"https:\/\/articulosreligiosos.com\/en\/wp-json\/wp\/v2\/product_tag?post=194793"}],"curies":[{"name":"wp","href":"https:\/\/api.w.org\/{rel}","templated":true}]}}