{"id":193739,"date":"2023-03-02T11:43:11","date_gmt":"2023-03-02T11:43:11","guid":{"rendered":"https:\/\/articulosreligiosos.com\/product\/saint-rose-of-lima-card-laminated-with-medal-espa136n0363\/"},"modified":"2025-03-18T11:14:08","modified_gmt":"2025-03-18T11:14:08","slug":"saint-rose-of-lima-card-laminated-with-medal-espa136n0363","status":"publish","type":"product","link":"https:\/\/articulosreligiosos.com\/en\/product\/saint-rose-of-lima-card-laminated-with-medal-espa136n0363\/","title":{"rendered":"Saint Rose of Lima card laminated with medal"},"content":{"rendered":"<p>Card taken care of in all the details to get a great presentation and first quality. The size corresponds to that of a bank card. <\/p>\n","protected":false},"excerpt":{"rendered":"<p>Wonderful Saint Rose of Lima card laminated with medal, card laminated with prayer. Text in Spanish. Other languages on request, consult.  <\/p>\n","protected":false},"featured_media":193736,"comment_status":"open","ping_status":"closed","template":"","meta":{"_acf_changed":false},"product_brand":[],"product_cat":[6806,7200],"product_tag":[],"class_list":{"0":"post-193739","1":"product","2":"type-product","3":"status-publish","4":"has-post-thumbnail","6":"product_cat-catholic-goods-religious-goods-other-items-en","7":"product_cat-religious-cards-en","8":"pa_altura-85-en","9":"pa_disponibilidad-in-stock","10":"pa_manufacturer-p163-en","11":"pa_material-pvc-en-2","13":"first","14":"instock","15":"taxable","16":"shipping-taxable","17":"purchasable","18":"product-type-simple"},"acf":[],"yoast_head":"<!-- This site is optimized with the Yoast SEO Premium plugin v27.2 (Yoast SEO v27.2) - https:\/\/yoast.com\/product\/yoast-seo-premium-wordpress\/ -->\n<title>Buy Saint Rose of Lima card laminated with medal - Art\u00edculos Religiosos | Online Store<\/title>\n<meta name=\"description\" content=\"Wonderful Saint Rose of Lima card laminated with medal, card laminated with prayer. Text in Spanish. Other languages on request, consult.\" \/>\n<meta name=\"robots\" content=\"index, follow, max-snippet:-1, max-image-preview:large, max-video-preview:-1\" \/>\n<link rel=\"canonical\" href=\"https:\/\/articulosreligiosos.com\/en\/product\/saint-rose-of-lima-card-laminated-with-medal-espa136n0363\/\" \/>\n<meta property=\"og:locale\" content=\"en_US\" \/>\n<meta property=\"og:type\" content=\"article\" \/>\n<meta property=\"og:title\" content=\"Saint Rose of Lima card laminated with medal\" \/>\n<meta property=\"og:description\" content=\"Wonderful Saint Rose of Lima card laminated with medal, card laminated with prayer. Text in Spanish. Other languages on request, consult.\" \/>\n<meta property=\"og:url\" content=\"https:\/\/articulosreligiosos.com\/en\/product\/saint-rose-of-lima-card-laminated-with-medal-espa136n0363\/\" \/>\n<meta property=\"og:site_name\" content=\"articulosreligiosos.com\" \/>\n<meta property=\"article:modified_time\" content=\"2025-03-18T11:14:08+00:00\" \/>\n<meta property=\"og:image\" content=\"https:\/\/articulosreligiosos.com\/wp-content\/uploads\/2023\/03\/espa136n0363-0.jpg\" \/>\n\t<meta property=\"og:image:width\" content=\"374\" \/>\n\t<meta property=\"og:image:height\" content=\"600\" \/>\n\t<meta property=\"og:image:type\" content=\"image\/jpeg\" \/>\n<meta name=\"twitter:card\" content=\"summary_large_image\" \/>\n<meta name=\"twitter:label1\" content=\"Price\" \/>\n\t<meta name=\"twitter:data1\" content=\"2,40&nbsp;&euro;\" \/>\n\t<meta name=\"twitter:label2\" content=\"Availability\" \/>\n\t<meta name=\"twitter:data2\" content=\"In stock\" \/>\n<script type=\"application\/ld+json\" class=\"yoast-schema-graph\">{\"@context\":\"https:\/\/schema.org\",\"@graph\":[{\"@type\":\"WebPage\",\"@id\":\"https:\/\/articulosreligiosos.com\/en\/product\/saint-rose-of-lima-card-laminated-with-medal-espa136n0363\/\",\"url\":\"https:\/\/articulosreligiosos.com\/en\/product\/saint-rose-of-lima-card-laminated-with-medal-espa136n0363\/\",\"name\":\"Buy Saint Rose of Lima card laminated with medal - Art\u00edculos Religiosos | Online Store\",\"isPartOf\":{\"@id\":\"https:\/\/articulosreligiosos.com\/en\/#website\"},\"primaryImageOfPage\":{\"@id\":\"https:\/\/articulosreligiosos.com\/en\/product\/saint-rose-of-lima-card-laminated-with-medal-espa136n0363\/#primaryimage\"},\"image\":{\"@id\":\"https:\/\/articulosreligiosos.com\/en\/product\/saint-rose-of-lima-card-laminated-with-medal-espa136n0363\/#primaryimage\"},\"thumbnailUrl\":\"https:\/\/articulosreligiosos.com\/wp-content\/uploads\/2023\/03\/espa136n0363-0.jpg\",\"datePublished\":\"2023-03-02T11:43:11+00:00\",\"dateModified\":\"2025-03-18T11:14:08+00:00\",\"description\":\"Wonderful Saint Rose of Lima card laminated with medal, card laminated with prayer. Text in Spanish. Other languages on request, consult.\",\"breadcrumb\":{\"@id\":\"https:\/\/articulosreligiosos.com\/en\/product\/saint-rose-of-lima-card-laminated-with-medal-espa136n0363\/#breadcrumb\"},\"inLanguage\":\"en-US\",\"potentialAction\":[{\"@type\":\"ReadAction\",\"target\":[\"https:\/\/articulosreligiosos.com\/en\/product\/saint-rose-of-lima-card-laminated-with-medal-espa136n0363\/\"]}]},{\"@type\":\"ImageObject\",\"inLanguage\":\"en-US\",\"@id\":\"https:\/\/articulosreligiosos.com\/en\/product\/saint-rose-of-lima-card-laminated-with-medal-espa136n0363\/#primaryimage\",\"url\":\"https:\/\/articulosreligiosos.com\/wp-content\/uploads\/2023\/03\/espa136n0363-0.jpg\",\"contentUrl\":\"https:\/\/articulosreligiosos.com\/wp-content\/uploads\/2023\/03\/espa136n0363-0.jpg\",\"width\":374,\"height\":600,\"caption\":\"Estampa de Santa Rosa de Lima con medalla-0\"},{\"@type\":\"BreadcrumbList\",\"@id\":\"https:\/\/articulosreligiosos.com\/en\/product\/saint-rose-of-lima-card-laminated-with-medal-espa136n0363\/#breadcrumb\",\"itemListElement\":[{\"@type\":\"ListItem\",\"position\":1,\"name\":\"Home\",\"item\":\"https:\/\/articulosreligiosos.com\/en\/\"},{\"@type\":\"ListItem\",\"position\":2,\"name\":\"Products\"},{\"@type\":\"ListItem\",\"position\":3,\"name\":\"Saint Rose of Lima card laminated with medal\"}]},{\"@type\":\"WebSite\",\"@id\":\"https:\/\/articulosreligiosos.com\/en\/#website\",\"url\":\"https:\/\/articulosreligiosos.com\/en\/\",\"name\":\"Art\u00edculos Religiosos\",\"description\":\"Tienda online | Fabricaci\u00f3n, restauraci\u00f3n y comercializaci\u00f3n de objetos religiosos al mejor precio y con el mejor servicio.\",\"publisher\":{\"@id\":\"https:\/\/articulosreligiosos.com\/en\/#organization\"},\"potentialAction\":[{\"@type\":\"SearchAction\",\"target\":{\"@type\":\"EntryPoint\",\"urlTemplate\":\"https:\/\/articulosreligiosos.com\/en\/?s={search_term_string}\"},\"query-input\":{\"@type\":\"PropertyValueSpecification\",\"valueRequired\":true,\"valueName\":\"search_term_string\"}}],\"inLanguage\":\"en-US\"},{\"@type\":\"Organization\",\"@id\":\"https:\/\/articulosreligiosos.com\/en\/#organization\",\"name\":\"Art\u00edculos Religiosos\",\"url\":\"https:\/\/articulosreligiosos.com\/en\/\",\"logo\":{\"@type\":\"ImageObject\",\"inLanguage\":\"en-US\",\"@id\":\"https:\/\/articulosreligiosos.com\/en\/#\/schema\/logo\/image\/\",\"url\":\"https:\/\/articulosreligiosos.com\/wp-content\/uploads\/2023\/12\/newlogo-1.png\",\"contentUrl\":\"https:\/\/articulosreligiosos.com\/wp-content\/uploads\/2023\/12\/newlogo-1.png\",\"width\":178,\"height\":114,\"caption\":\"Art\u00edculos Religiosos\"},\"image\":{\"@id\":\"https:\/\/articulosreligiosos.com\/en\/#\/schema\/logo\/image\/\"},\"sameAs\":[\"https:\/\/www.instagram.com\/articulosreligiosos.tienda\/\"],\"hasMerchantReturnPolicy\":{\"@type\":\"MerchantReturnPolicy\",\"merchantReturnLink\":\"https:\/\/articulosreligiosos.com\/en\/refund-and-returns-policy\/\"}}]}<\/script>\n<meta property=\"product:price:amount\" content=\"2.40\" \/>\n<meta property=\"product:price:currency\" content=\"EUR\" \/>\n<meta property=\"og:availability\" content=\"instock\" \/>\n<meta property=\"product:availability\" content=\"instock\" \/>\n<meta property=\"product:retailer_item_id\" content=\"ESPA136N0363\" \/>\n<meta property=\"product:condition\" content=\"new\" \/>\n<!-- \/ Yoast SEO Premium plugin. -->","yoast_head_json":{"title":"Buy Saint Rose of Lima card laminated with medal - Art\u00edculos Religiosos | Online Store","description":"Wonderful Saint Rose of Lima card laminated with medal, card laminated with prayer. Text in Spanish. Other languages on request, consult.","robots":{"index":"index","follow":"follow","max-snippet":"max-snippet:-1","max-image-preview":"max-image-preview:large","max-video-preview":"max-video-preview:-1"},"canonical":"https:\/\/articulosreligiosos.com\/en\/product\/saint-rose-of-lima-card-laminated-with-medal-espa136n0363\/","og_locale":"en_US","og_type":"article","og_title":"Saint Rose of Lima card laminated with medal","og_description":"Wonderful Saint Rose of Lima card laminated with medal, card laminated with prayer. Text in Spanish. Other languages on request, consult.","og_url":"https:\/\/articulosreligiosos.com\/en\/product\/saint-rose-of-lima-card-laminated-with-medal-espa136n0363\/","og_site_name":"articulosreligiosos.com","article_modified_time":"2025-03-18T11:14:08+00:00","og_image":[{"width":374,"height":600,"url":"https:\/\/articulosreligiosos.com\/wp-content\/uploads\/2023\/03\/espa136n0363-0.jpg","type":"image\/jpeg"}],"twitter_card":"summary_large_image","twitter_misc":{"Price":"2,40&nbsp;&euro;","Availability":"In stock"},"schema":{"@context":"https:\/\/schema.org","@graph":[{"@type":"WebPage","@id":"https:\/\/articulosreligiosos.com\/en\/product\/saint-rose-of-lima-card-laminated-with-medal-espa136n0363\/","url":"https:\/\/articulosreligiosos.com\/en\/product\/saint-rose-of-lima-card-laminated-with-medal-espa136n0363\/","name":"Buy Saint Rose of Lima card laminated with medal - Art\u00edculos Religiosos | Online Store","isPartOf":{"@id":"https:\/\/articulosreligiosos.com\/en\/#website"},"primaryImageOfPage":{"@id":"https:\/\/articulosreligiosos.com\/en\/product\/saint-rose-of-lima-card-laminated-with-medal-espa136n0363\/#primaryimage"},"image":{"@id":"https:\/\/articulosreligiosos.com\/en\/product\/saint-rose-of-lima-card-laminated-with-medal-espa136n0363\/#primaryimage"},"thumbnailUrl":"https:\/\/articulosreligiosos.com\/wp-content\/uploads\/2023\/03\/espa136n0363-0.jpg","datePublished":"2023-03-02T11:43:11+00:00","dateModified":"2025-03-18T11:14:08+00:00","description":"Wonderful Saint Rose of Lima card laminated with medal, card laminated with prayer. Text in Spanish. Other languages on request, consult.","breadcrumb":{"@id":"https:\/\/articulosreligiosos.com\/en\/product\/saint-rose-of-lima-card-laminated-with-medal-espa136n0363\/#breadcrumb"},"inLanguage":"en-US","potentialAction":[{"@type":"ReadAction","target":["https:\/\/articulosreligiosos.com\/en\/product\/saint-rose-of-lima-card-laminated-with-medal-espa136n0363\/"]}]},{"@type":"ImageObject","inLanguage":"en-US","@id":"https:\/\/articulosreligiosos.com\/en\/product\/saint-rose-of-lima-card-laminated-with-medal-espa136n0363\/#primaryimage","url":"https:\/\/articulosreligiosos.com\/wp-content\/uploads\/2023\/03\/espa136n0363-0.jpg","contentUrl":"https:\/\/articulosreligiosos.com\/wp-content\/uploads\/2023\/03\/espa136n0363-0.jpg","width":374,"height":600,"caption":"Estampa de Santa Rosa de Lima con medalla-0"},{"@type":"BreadcrumbList","@id":"https:\/\/articulosreligiosos.com\/en\/product\/saint-rose-of-lima-card-laminated-with-medal-espa136n0363\/#breadcrumb","itemListElement":[{"@type":"ListItem","position":1,"name":"Home","item":"https:\/\/articulosreligiosos.com\/en\/"},{"@type":"ListItem","position":2,"name":"Products"},{"@type":"ListItem","position":3,"name":"Saint Rose of Lima card laminated with medal"}]},{"@type":"WebSite","@id":"https:\/\/articulosreligiosos.com\/en\/#website","url":"https:\/\/articulosreligiosos.com\/en\/","name":"Art\u00edculos Religiosos","description":"Tienda online | Fabricaci\u00f3n, restauraci\u00f3n y comercializaci\u00f3n de objetos religiosos al mejor precio y con el mejor servicio.","publisher":{"@id":"https:\/\/articulosreligiosos.com\/en\/#organization"},"potentialAction":[{"@type":"SearchAction","target":{"@type":"EntryPoint","urlTemplate":"https:\/\/articulosreligiosos.com\/en\/?s={search_term_string}"},"query-input":{"@type":"PropertyValueSpecification","valueRequired":true,"valueName":"search_term_string"}}],"inLanguage":"en-US"},{"@type":"Organization","@id":"https:\/\/articulosreligiosos.com\/en\/#organization","name":"Art\u00edculos Religiosos","url":"https:\/\/articulosreligiosos.com\/en\/","logo":{"@type":"ImageObject","inLanguage":"en-US","@id":"https:\/\/articulosreligiosos.com\/en\/#\/schema\/logo\/image\/","url":"https:\/\/articulosreligiosos.com\/wp-content\/uploads\/2023\/12\/newlogo-1.png","contentUrl":"https:\/\/articulosreligiosos.com\/wp-content\/uploads\/2023\/12\/newlogo-1.png","width":178,"height":114,"caption":"Art\u00edculos Religiosos"},"image":{"@id":"https:\/\/articulosreligiosos.com\/en\/#\/schema\/logo\/image\/"},"sameAs":["https:\/\/www.instagram.com\/articulosreligiosos.tienda\/"],"hasMerchantReturnPolicy":{"@type":"MerchantReturnPolicy","merchantReturnLink":"https:\/\/articulosreligiosos.com\/en\/refund-and-returns-policy\/"}}]},"product_price_amount":"2.40","product_price_currency":"EUR","og_availability":"instock","product_availability":"instock","product_retailer_item_id":"ESPA136N0363","product_condition":"new"},"_links":{"self":[{"href":"https:\/\/articulosreligiosos.com\/en\/wp-json\/wp\/v2\/product\/193739","targetHints":{"allow":["GET"]}}],"collection":[{"href":"https:\/\/articulosreligiosos.com\/en\/wp-json\/wp\/v2\/product"}],"about":[{"href":"https:\/\/articulosreligiosos.com\/en\/wp-json\/wp\/v2\/types\/product"}],"replies":[{"embeddable":true,"href":"https:\/\/articulosreligiosos.com\/en\/wp-json\/wp\/v2\/comments?post=193739"}],"wp:featuredmedia":[{"embeddable":true,"href":"https:\/\/articulosreligiosos.com\/en\/wp-json\/wp\/v2\/media\/193736"}],"wp:attachment":[{"href":"https:\/\/articulosreligiosos.com\/en\/wp-json\/wp\/v2\/media?parent=193739"}],"wp:term":[{"taxonomy":"product_brand","embeddable":true,"href":"https:\/\/articulosreligiosos.com\/en\/wp-json\/wp\/v2\/product_brand?post=193739"},{"taxonomy":"product_cat","embeddable":true,"href":"https:\/\/articulosreligiosos.com\/en\/wp-json\/wp\/v2\/product_cat?post=193739"},{"taxonomy":"product_tag","embeddable":true,"href":"https:\/\/articulosreligiosos.com\/en\/wp-json\/wp\/v2\/product_tag?post=193739"}],"curies":[{"name":"wp","href":"https:\/\/api.w.org\/{rel}","templated":true}]}}