{"id":179693,"date":"2023-02-23T19:47:36","date_gmt":"2023-02-23T19:47:36","guid":{"rendered":"https:\/\/articulosreligiosos.com\/product\/sterling-silver-chain-model-cola-thickness-090-mm-capt161pca1141\/"},"modified":"2025-11-26T07:46:08","modified_gmt":"2025-11-26T07:46:08","slug":"sterling-silver-chain-model-cola-thickness-090-mm-capt161pca1141","status":"publish","type":"product","link":"https:\/\/articulosreligiosos.com\/en\/product\/sterling-silver-chain-model-cola-thickness-090-mm-capt161pca1141\/","title":{"rendered":"Sterling silver chain model &#8216;Cola&#8217;. Thickness 0,90 mm"},"content":{"rendered":"<p>Sterling silver chain, model \u2018Cola\u2019 thickness 0,90 mm. Available in various sizes. Choose the most suitable size you want.<\/p>\n","protected":false},"excerpt":{"rendered":"<p>Sterling silver chain, model &#8216;Cola&#8217;, thickness 0,90 mm diameter. Various measures<\/p>\n","protected":false},"featured_media":179685,"comment_status":"open","ping_status":"closed","template":"","meta":{"_acf_changed":false},"product_brand":[],"product_cat":[6850,6383],"product_tag":[],"class_list":{"0":"post-179693","1":"product","2":"type-product","3":"status-publish","4":"has-post-thumbnail","6":"product_cat-chains-en","7":"product_cat-catholic-religious-medals-en","8":"pa_altura-400-en","9":"pa_altura-450-en","10":"pa_disponibilidad-in-stock","11":"pa_manufacturer-p161-en","12":"pa_material-sterlingsilver925-en-en","14":"first","15":"instock","16":"taxable","17":"shipping-taxable","18":"purchasable","19":"product-type-variable","20":"rtwpvs-product"},"acf":[],"yoast_head":"<!-- This site is optimized with the Yoast SEO Premium plugin v27.2 (Yoast SEO v27.2) - https:\/\/yoast.com\/product\/yoast-seo-premium-wordpress\/ -->\n<title>Buy Sterling silver chain model &#039;Cola&#039;. Thickness 0,90 mm - Art\u00edculos Religiosos | Online Store<\/title>\n<meta name=\"description\" content=\"Sterling silver chain, model &#039;Cola&#039;, thickness 0,90 mm diameter. Various measures\" \/>\n<meta name=\"robots\" content=\"index, follow, max-snippet:-1, max-image-preview:large, max-video-preview:-1\" \/>\n<link rel=\"canonical\" href=\"https:\/\/articulosreligiosos.com\/en\/product\/sterling-silver-chain-model-cola-thickness-090-mm-capt161pca1141\/\" \/>\n<meta property=\"og:locale\" content=\"en_US\" \/>\n<meta property=\"og:type\" content=\"article\" \/>\n<meta property=\"og:title\" content=\"Sterling silver chain model &#039;Cola&#039;. Thickness 0,90 mm\" \/>\n<meta property=\"og:description\" content=\"Sterling silver chain, model &#039;Cola&#039;, thickness 0,90 mm diameter. Various measures\" \/>\n<meta property=\"og:url\" content=\"https:\/\/articulosreligiosos.com\/en\/product\/sterling-silver-chain-model-cola-thickness-090-mm-capt161pca1141\/\" \/>\n<meta property=\"og:site_name\" content=\"articulosreligiosos.com\" \/>\n<meta property=\"article:modified_time\" content=\"2025-11-26T07:46:08+00:00\" \/>\n<meta property=\"og:image\" content=\"https:\/\/articulosreligiosos.com\/wp-content\/uploads\/2023\/02\/capt161pca1141-0.jpg\" \/>\n\t<meta property=\"og:image:width\" content=\"900\" \/>\n\t<meta property=\"og:image:height\" content=\"900\" \/>\n\t<meta property=\"og:image:type\" content=\"image\/jpeg\" \/>\n<meta name=\"twitter:card\" content=\"summary_large_image\" \/>\n<meta name=\"twitter:label1\" content=\"Availability\" \/>\n\t<meta name=\"twitter:data1\" content=\"In stock\" \/>\n<script type=\"application\/ld+json\" class=\"yoast-schema-graph\">{\"@context\":\"https:\/\/schema.org\",\"@graph\":[{\"@type\":\"WebPage\",\"@id\":\"https:\/\/articulosreligiosos.com\/en\/product\/sterling-silver-chain-model-cola-thickness-090-mm-capt161pca1141\/\",\"url\":\"https:\/\/articulosreligiosos.com\/en\/product\/sterling-silver-chain-model-cola-thickness-090-mm-capt161pca1141\/\",\"name\":\"Buy Sterling silver chain model 'Cola'. Thickness 0,90 mm - Art\u00edculos Religiosos | Online Store\",\"isPartOf\":{\"@id\":\"https:\/\/articulosreligiosos.com\/en\/#website\"},\"primaryImageOfPage\":{\"@id\":\"https:\/\/articulosreligiosos.com\/en\/product\/sterling-silver-chain-model-cola-thickness-090-mm-capt161pca1141\/#primaryimage\"},\"image\":{\"@id\":\"https:\/\/articulosreligiosos.com\/en\/product\/sterling-silver-chain-model-cola-thickness-090-mm-capt161pca1141\/#primaryimage\"},\"thumbnailUrl\":\"https:\/\/articulosreligiosos.com\/wp-content\/uploads\/2023\/02\/capt161pca1141-0.jpg\",\"datePublished\":\"2023-02-23T19:47:36+00:00\",\"dateModified\":\"2025-11-26T07:46:08+00:00\",\"description\":\"Sterling silver chain, model 'Cola', thickness 0,90 mm diameter. Various measures\",\"breadcrumb\":{\"@id\":\"https:\/\/articulosreligiosos.com\/en\/product\/sterling-silver-chain-model-cola-thickness-090-mm-capt161pca1141\/#breadcrumb\"},\"inLanguage\":\"en-US\",\"potentialAction\":[{\"@type\":\"ReadAction\",\"target\":[\"https:\/\/articulosreligiosos.com\/en\/product\/sterling-silver-chain-model-cola-thickness-090-mm-capt161pca1141\/\"]}]},{\"@type\":\"ImageObject\",\"inLanguage\":\"en-US\",\"@id\":\"https:\/\/articulosreligiosos.com\/en\/product\/sterling-silver-chain-model-cola-thickness-090-mm-capt161pca1141\/#primaryimage\",\"url\":\"https:\/\/articulosreligiosos.com\/wp-content\/uploads\/2023\/02\/capt161pca1141-0.jpg\",\"contentUrl\":\"https:\/\/articulosreligiosos.com\/wp-content\/uploads\/2023\/02\/capt161pca1141-0.jpg\",\"width\":900,\"height\":900,\"caption\":\"Sterling silver chain model 'Cola'. Thickness 0.90 mm-0\"},{\"@type\":\"BreadcrumbList\",\"@id\":\"https:\/\/articulosreligiosos.com\/en\/product\/sterling-silver-chain-model-cola-thickness-090-mm-capt161pca1141\/#breadcrumb\",\"itemListElement\":[{\"@type\":\"ListItem\",\"position\":1,\"name\":\"Home\",\"item\":\"https:\/\/articulosreligiosos.com\/en\/\"},{\"@type\":\"ListItem\",\"position\":2,\"name\":\"Products\"},{\"@type\":\"ListItem\",\"position\":3,\"name\":\"Sterling silver chain model &#8216;Cola&#8217;. Thickness 0,90 mm\"}]},{\"@type\":\"WebSite\",\"@id\":\"https:\/\/articulosreligiosos.com\/en\/#website\",\"url\":\"https:\/\/articulosreligiosos.com\/en\/\",\"name\":\"Art\u00edculos Religiosos\",\"description\":\"Tienda online | Fabricaci\u00f3n, restauraci\u00f3n y comercializaci\u00f3n de objetos religiosos al mejor precio y con el mejor servicio.\",\"publisher\":{\"@id\":\"https:\/\/articulosreligiosos.com\/en\/#organization\"},\"potentialAction\":[{\"@type\":\"SearchAction\",\"target\":{\"@type\":\"EntryPoint\",\"urlTemplate\":\"https:\/\/articulosreligiosos.com\/en\/?s={search_term_string}\"},\"query-input\":{\"@type\":\"PropertyValueSpecification\",\"valueRequired\":true,\"valueName\":\"search_term_string\"}}],\"inLanguage\":\"en-US\"},{\"@type\":\"Organization\",\"@id\":\"https:\/\/articulosreligiosos.com\/en\/#organization\",\"name\":\"Art\u00edculos Religiosos\",\"url\":\"https:\/\/articulosreligiosos.com\/en\/\",\"logo\":{\"@type\":\"ImageObject\",\"inLanguage\":\"en-US\",\"@id\":\"https:\/\/articulosreligiosos.com\/en\/#\/schema\/logo\/image\/\",\"url\":\"https:\/\/articulosreligiosos.com\/wp-content\/uploads\/2023\/12\/newlogo-1.png\",\"contentUrl\":\"https:\/\/articulosreligiosos.com\/wp-content\/uploads\/2023\/12\/newlogo-1.png\",\"width\":178,\"height\":114,\"caption\":\"Art\u00edculos Religiosos\"},\"image\":{\"@id\":\"https:\/\/articulosreligiosos.com\/en\/#\/schema\/logo\/image\/\"},\"sameAs\":[\"https:\/\/www.instagram.com\/articulosreligiosos.tienda\/\"],\"hasMerchantReturnPolicy\":{\"@type\":\"MerchantReturnPolicy\",\"merchantReturnLink\":\"https:\/\/articulosreligiosos.com\/en\/refund-and-returns-policy\/\"}}]}<\/script>\n<meta property=\"og:availability\" content=\"instock\" \/>\n<meta property=\"product:availability\" content=\"instock\" \/>\n<meta property=\"product:retailer_item_id\" content=\"CAPT161PCA1141\" \/>\n<meta property=\"product:condition\" content=\"new\" \/>\n<!-- \/ Yoast SEO Premium plugin. -->","yoast_head_json":{"title":"Buy Sterling silver chain model 'Cola'. Thickness 0,90 mm - Art\u00edculos Religiosos | Online Store","description":"Sterling silver chain, model 'Cola', thickness 0,90 mm diameter. Various measures","robots":{"index":"index","follow":"follow","max-snippet":"max-snippet:-1","max-image-preview":"max-image-preview:large","max-video-preview":"max-video-preview:-1"},"canonical":"https:\/\/articulosreligiosos.com\/en\/product\/sterling-silver-chain-model-cola-thickness-090-mm-capt161pca1141\/","og_locale":"en_US","og_type":"article","og_title":"Sterling silver chain model 'Cola'. Thickness 0,90 mm","og_description":"Sterling silver chain, model 'Cola', thickness 0,90 mm diameter. Various measures","og_url":"https:\/\/articulosreligiosos.com\/en\/product\/sterling-silver-chain-model-cola-thickness-090-mm-capt161pca1141\/","og_site_name":"articulosreligiosos.com","article_modified_time":"2025-11-26T07:46:08+00:00","og_image":[{"width":900,"height":900,"url":"https:\/\/articulosreligiosos.com\/wp-content\/uploads\/2023\/02\/capt161pca1141-0.jpg","type":"image\/jpeg"}],"twitter_card":"summary_large_image","twitter_misc":{"Availability":"In stock"},"schema":{"@context":"https:\/\/schema.org","@graph":[{"@type":"WebPage","@id":"https:\/\/articulosreligiosos.com\/en\/product\/sterling-silver-chain-model-cola-thickness-090-mm-capt161pca1141\/","url":"https:\/\/articulosreligiosos.com\/en\/product\/sterling-silver-chain-model-cola-thickness-090-mm-capt161pca1141\/","name":"Buy Sterling silver chain model 'Cola'. Thickness 0,90 mm - Art\u00edculos Religiosos | Online Store","isPartOf":{"@id":"https:\/\/articulosreligiosos.com\/en\/#website"},"primaryImageOfPage":{"@id":"https:\/\/articulosreligiosos.com\/en\/product\/sterling-silver-chain-model-cola-thickness-090-mm-capt161pca1141\/#primaryimage"},"image":{"@id":"https:\/\/articulosreligiosos.com\/en\/product\/sterling-silver-chain-model-cola-thickness-090-mm-capt161pca1141\/#primaryimage"},"thumbnailUrl":"https:\/\/articulosreligiosos.com\/wp-content\/uploads\/2023\/02\/capt161pca1141-0.jpg","datePublished":"2023-02-23T19:47:36+00:00","dateModified":"2025-11-26T07:46:08+00:00","description":"Sterling silver chain, model 'Cola', thickness 0,90 mm diameter. Various measures","breadcrumb":{"@id":"https:\/\/articulosreligiosos.com\/en\/product\/sterling-silver-chain-model-cola-thickness-090-mm-capt161pca1141\/#breadcrumb"},"inLanguage":"en-US","potentialAction":[{"@type":"ReadAction","target":["https:\/\/articulosreligiosos.com\/en\/product\/sterling-silver-chain-model-cola-thickness-090-mm-capt161pca1141\/"]}]},{"@type":"ImageObject","inLanguage":"en-US","@id":"https:\/\/articulosreligiosos.com\/en\/product\/sterling-silver-chain-model-cola-thickness-090-mm-capt161pca1141\/#primaryimage","url":"https:\/\/articulosreligiosos.com\/wp-content\/uploads\/2023\/02\/capt161pca1141-0.jpg","contentUrl":"https:\/\/articulosreligiosos.com\/wp-content\/uploads\/2023\/02\/capt161pca1141-0.jpg","width":900,"height":900,"caption":"Sterling silver chain model 'Cola'. Thickness 0.90 mm-0"},{"@type":"BreadcrumbList","@id":"https:\/\/articulosreligiosos.com\/en\/product\/sterling-silver-chain-model-cola-thickness-090-mm-capt161pca1141\/#breadcrumb","itemListElement":[{"@type":"ListItem","position":1,"name":"Home","item":"https:\/\/articulosreligiosos.com\/en\/"},{"@type":"ListItem","position":2,"name":"Products"},{"@type":"ListItem","position":3,"name":"Sterling silver chain model &#8216;Cola&#8217;. Thickness 0,90 mm"}]},{"@type":"WebSite","@id":"https:\/\/articulosreligiosos.com\/en\/#website","url":"https:\/\/articulosreligiosos.com\/en\/","name":"Art\u00edculos Religiosos","description":"Tienda online | Fabricaci\u00f3n, restauraci\u00f3n y comercializaci\u00f3n de objetos religiosos al mejor precio y con el mejor servicio.","publisher":{"@id":"https:\/\/articulosreligiosos.com\/en\/#organization"},"potentialAction":[{"@type":"SearchAction","target":{"@type":"EntryPoint","urlTemplate":"https:\/\/articulosreligiosos.com\/en\/?s={search_term_string}"},"query-input":{"@type":"PropertyValueSpecification","valueRequired":true,"valueName":"search_term_string"}}],"inLanguage":"en-US"},{"@type":"Organization","@id":"https:\/\/articulosreligiosos.com\/en\/#organization","name":"Art\u00edculos Religiosos","url":"https:\/\/articulosreligiosos.com\/en\/","logo":{"@type":"ImageObject","inLanguage":"en-US","@id":"https:\/\/articulosreligiosos.com\/en\/#\/schema\/logo\/image\/","url":"https:\/\/articulosreligiosos.com\/wp-content\/uploads\/2023\/12\/newlogo-1.png","contentUrl":"https:\/\/articulosreligiosos.com\/wp-content\/uploads\/2023\/12\/newlogo-1.png","width":178,"height":114,"caption":"Art\u00edculos Religiosos"},"image":{"@id":"https:\/\/articulosreligiosos.com\/en\/#\/schema\/logo\/image\/"},"sameAs":["https:\/\/www.instagram.com\/articulosreligiosos.tienda\/"],"hasMerchantReturnPolicy":{"@type":"MerchantReturnPolicy","merchantReturnLink":"https:\/\/articulosreligiosos.com\/en\/refund-and-returns-policy\/"}}]},"og_availability":"instock","product_availability":"instock","product_retailer_item_id":"CAPT161PCA1141","product_condition":"new"},"_links":{"self":[{"href":"https:\/\/articulosreligiosos.com\/en\/wp-json\/wp\/v2\/product\/179693","targetHints":{"allow":["GET"]}}],"collection":[{"href":"https:\/\/articulosreligiosos.com\/en\/wp-json\/wp\/v2\/product"}],"about":[{"href":"https:\/\/articulosreligiosos.com\/en\/wp-json\/wp\/v2\/types\/product"}],"replies":[{"embeddable":true,"href":"https:\/\/articulosreligiosos.com\/en\/wp-json\/wp\/v2\/comments?post=179693"}],"wp:featuredmedia":[{"embeddable":true,"href":"https:\/\/articulosreligiosos.com\/en\/wp-json\/wp\/v2\/media\/179685"}],"wp:attachment":[{"href":"https:\/\/articulosreligiosos.com\/en\/wp-json\/wp\/v2\/media?parent=179693"}],"wp:term":[{"taxonomy":"product_brand","embeddable":true,"href":"https:\/\/articulosreligiosos.com\/en\/wp-json\/wp\/v2\/product_brand?post=179693"},{"taxonomy":"product_cat","embeddable":true,"href":"https:\/\/articulosreligiosos.com\/en\/wp-json\/wp\/v2\/product_cat?post=179693"},{"taxonomy":"product_tag","embeddable":true,"href":"https:\/\/articulosreligiosos.com\/en\/wp-json\/wp\/v2\/product_tag?post=179693"}],"curies":[{"name":"wp","href":"https:\/\/api.w.org\/{rel}","templated":true}]}}