{"id":172532,"date":"2022-12-31T16:43:10","date_gmt":"2022-12-31T16:43:10","guid":{"rendered":"https:\/\/articulosreligiosos.com\/product\/maternal-our-lady-white-and-blue-color-relief-mavg13601151b\/"},"modified":"2025-05-18T13:29:59","modified_gmt":"2025-05-18T13:29:59","slug":"maternal-our-lady-white-and-blue-color-relief-mavg13601151b","status":"publish","type":"product","link":"https:\/\/articulosreligiosos.com\/en\/product\/maternal-our-lady-white-and-blue-color-relief-mavg13601151b\/","title":{"rendered":"Virgin and Child, white and blue. Relief"},"content":{"rendered":"<p>Virgin and Child, white and blue. Relief<\/p>\n<p> This religious <strong>wooden<\/strong> image stands out for its careful craftsmanship.<br \/> Scene of unconditional love that represents the eternal embrace between the Mother and the divine Child.<br \/> Devotion in every detail<\/p>\n<p> A unique piece that conveys spirituality. Buy with confidence and assured quality.<br \/> Visit our complete collection of <a href=\"https:\/\/articulosreligiosos.com\/en\/product-category\/religious-statues-religious-sculptures-catholic-statues-en\/\" target=\"_blank\">religious imagery<\/a> .<\/p>\n","protected":false},"excerpt":{"rendered":"<p>Relief of the Virgin and Child, white and blue, made of natural wood. To hang.<\/p>\n","protected":false},"featured_media":346904,"comment_status":"open","ping_status":"closed","template":"","meta":{"_acf_changed":false},"product_brand":[],"product_cat":[6288,6274,6258],"product_tag":[],"class_list":{"0":"post-172532","1":"product","2":"type-product","3":"status-publish","4":"has-post-thumbnail","6":"product_cat-high-reliefs-religious-sculptures-en","7":"product_cat-our-lady-virgins-religious-sculptures-en","8":"product_cat-religious-statues-religious-sculptures-catholic-statues-en","9":"pa_altura-120-en","10":"pa_altura-150-en","11":"pa_altura-180-en","12":"pa_altura-240-en","13":"pa_altura-60-en","14":"pa_altura-90-en","15":"pa_decoracion_imagenes-colored-en-en","16":"pa_decoracion_imagenes-natural-en","17":"pa_decoracion_imagenes-tones-en","18":"pa_decoracion_imagenes-waxed-en-en","19":"pa_disponibilidad-available-in-a-week","20":"pa_manufacturer-p136-en","21":"pa_material-woodcarving","23":"first","24":"instock","25":"taxable","26":"shipping-taxable","27":"purchasable","28":"product-type-variable","29":"rtwpvs-product"},"acf":[],"yoast_head":"<!-- This site is optimized with the Yoast SEO Premium plugin v27.2 (Yoast SEO v27.2) - https:\/\/yoast.com\/product\/yoast-seo-premium-wordpress\/ -->\n<title>Virgin and Child, white and blue. Relief - Handmade religious images<\/title>\n<meta name=\"description\" content=\"Virgin and Child, white and blue. Relief, ideal as a devotional gift or for your altar. Friendly service and prompt delivery.\" \/>\n<meta name=\"robots\" content=\"index, follow, max-snippet:-1, max-image-preview:large, max-video-preview:-1\" \/>\n<link rel=\"canonical\" href=\"https:\/\/articulosreligiosos.com\/en\/product\/maternal-our-lady-white-and-blue-color-relief-mavg13601151b\/\" \/>\n<meta property=\"og:locale\" content=\"en_US\" \/>\n<meta property=\"og:type\" content=\"article\" \/>\n<meta property=\"og:title\" content=\"Virgin and Child, white and blue. Relief\" \/>\n<meta property=\"og:description\" content=\"Virgin and Child, white and blue. Relief, ideal as a devotional gift or for your altar. Friendly service and prompt delivery.\" \/>\n<meta property=\"og:url\" content=\"https:\/\/articulosreligiosos.com\/en\/product\/maternal-our-lady-white-and-blue-color-relief-mavg13601151b\/\" \/>\n<meta property=\"og:site_name\" content=\"articulosreligiosos.com\" \/>\n<meta property=\"article:modified_time\" content=\"2025-05-18T13:29:59+00:00\" \/>\n<meta property=\"og:image\" content=\"https:\/\/articulosreligiosos.com\/wp-content\/uploads\/2025\/08\/Virgen-con-nino-color-blanco-y-azul-Relieve-mavg13601151b-2.webp\" \/>\n\t<meta property=\"og:image:width\" content=\"693\" \/>\n\t<meta property=\"og:image:height\" content=\"1000\" \/>\n\t<meta property=\"og:image:type\" content=\"image\/webp\" \/>\n<meta name=\"twitter:card\" content=\"summary_large_image\" \/>\n<meta name=\"twitter:label1\" content=\"Availability\" \/>\n\t<meta name=\"twitter:data1\" content=\"In stock\" \/>\n<script type=\"application\/ld+json\" class=\"yoast-schema-graph\">{\"@context\":\"https:\/\/schema.org\",\"@graph\":[{\"@type\":\"WebPage\",\"@id\":\"https:\/\/articulosreligiosos.com\/en\/product\/maternal-our-lady-white-and-blue-color-relief-mavg13601151b\/\",\"url\":\"https:\/\/articulosreligiosos.com\/en\/product\/maternal-our-lady-white-and-blue-color-relief-mavg13601151b\/\",\"name\":\"Virgin and Child, white and blue. Relief - Handmade religious images\",\"isPartOf\":{\"@id\":\"https:\/\/articulosreligiosos.com\/en\/#website\"},\"primaryImageOfPage\":{\"@id\":\"https:\/\/articulosreligiosos.com\/en\/product\/maternal-our-lady-white-and-blue-color-relief-mavg13601151b\/#primaryimage\"},\"image\":{\"@id\":\"https:\/\/articulosreligiosos.com\/en\/product\/maternal-our-lady-white-and-blue-color-relief-mavg13601151b\/#primaryimage\"},\"thumbnailUrl\":\"https:\/\/articulosreligiosos.com\/wp-content\/uploads\/2025\/08\/Virgen-con-nino-color-blanco-y-azul-Relieve-mavg13601151b-2.webp\",\"datePublished\":\"2022-12-31T16:43:10+00:00\",\"dateModified\":\"2025-05-18T13:29:59+00:00\",\"description\":\"Virgin and Child, white and blue. Relief, ideal as a devotional gift or for your altar. Friendly service and prompt delivery.\",\"breadcrumb\":{\"@id\":\"https:\/\/articulosreligiosos.com\/en\/product\/maternal-our-lady-white-and-blue-color-relief-mavg13601151b\/#breadcrumb\"},\"inLanguage\":\"en-US\",\"potentialAction\":[{\"@type\":\"ReadAction\",\"target\":[\"https:\/\/articulosreligiosos.com\/en\/product\/maternal-our-lady-white-and-blue-color-relief-mavg13601151b\/\"]}]},{\"@type\":\"ImageObject\",\"inLanguage\":\"en-US\",\"@id\":\"https:\/\/articulosreligiosos.com\/en\/product\/maternal-our-lady-white-and-blue-color-relief-mavg13601151b\/#primaryimage\",\"url\":\"https:\/\/articulosreligiosos.com\/wp-content\/uploads\/2025\/08\/Virgen-con-nino-color-blanco-y-azul-Relieve-mavg13601151b-2.webp\",\"contentUrl\":\"https:\/\/articulosreligiosos.com\/wp-content\/uploads\/2025\/08\/Virgen-con-nino-color-blanco-y-azul-Relieve-mavg13601151b-2.webp\",\"width\":693,\"height\":1000},{\"@type\":\"BreadcrumbList\",\"@id\":\"https:\/\/articulosreligiosos.com\/en\/product\/maternal-our-lady-white-and-blue-color-relief-mavg13601151b\/#breadcrumb\",\"itemListElement\":[{\"@type\":\"ListItem\",\"position\":1,\"name\":\"Home\",\"item\":\"https:\/\/articulosreligiosos.com\/en\/\"},{\"@type\":\"ListItem\",\"position\":2,\"name\":\"Products\"},{\"@type\":\"ListItem\",\"position\":3,\"name\":\"Virgin and Child, white and blue. Relief\"}]},{\"@type\":\"WebSite\",\"@id\":\"https:\/\/articulosreligiosos.com\/en\/#website\",\"url\":\"https:\/\/articulosreligiosos.com\/en\/\",\"name\":\"Art\u00edculos Religiosos\",\"description\":\"Tienda online | Fabricaci\u00f3n, restauraci\u00f3n y comercializaci\u00f3n de objetos religiosos al mejor precio y con el mejor servicio.\",\"publisher\":{\"@id\":\"https:\/\/articulosreligiosos.com\/en\/#organization\"},\"potentialAction\":[{\"@type\":\"SearchAction\",\"target\":{\"@type\":\"EntryPoint\",\"urlTemplate\":\"https:\/\/articulosreligiosos.com\/en\/?s={search_term_string}\"},\"query-input\":{\"@type\":\"PropertyValueSpecification\",\"valueRequired\":true,\"valueName\":\"search_term_string\"}}],\"inLanguage\":\"en-US\"},{\"@type\":\"Organization\",\"@id\":\"https:\/\/articulosreligiosos.com\/en\/#organization\",\"name\":\"Art\u00edculos Religiosos\",\"url\":\"https:\/\/articulosreligiosos.com\/en\/\",\"logo\":{\"@type\":\"ImageObject\",\"inLanguage\":\"en-US\",\"@id\":\"https:\/\/articulosreligiosos.com\/en\/#\/schema\/logo\/image\/\",\"url\":\"https:\/\/articulosreligiosos.com\/wp-content\/uploads\/2023\/12\/newlogo-1.png\",\"contentUrl\":\"https:\/\/articulosreligiosos.com\/wp-content\/uploads\/2023\/12\/newlogo-1.png\",\"width\":178,\"height\":114,\"caption\":\"Art\u00edculos Religiosos\"},\"image\":{\"@id\":\"https:\/\/articulosreligiosos.com\/en\/#\/schema\/logo\/image\/\"},\"sameAs\":[\"https:\/\/www.instagram.com\/articulosreligiosos.tienda\/\"],\"hasMerchantReturnPolicy\":{\"@type\":\"MerchantReturnPolicy\",\"merchantReturnLink\":\"https:\/\/articulosreligiosos.com\/en\/refund-and-returns-policy\/\"}}]}<\/script>\n<meta property=\"og:availability\" content=\"instock\" \/>\n<meta property=\"product:availability\" content=\"instock\" \/>\n<meta property=\"product:retailer_item_id\" content=\"MAVG13601151B\" \/>\n<meta property=\"product:condition\" content=\"new\" \/>\n<!-- \/ Yoast SEO Premium plugin. -->","yoast_head_json":{"title":"Virgin and Child, white and blue. Relief - Handmade religious images","description":"Virgin and Child, white and blue. Relief, ideal as a devotional gift or for your altar. Friendly service and prompt delivery.","robots":{"index":"index","follow":"follow","max-snippet":"max-snippet:-1","max-image-preview":"max-image-preview:large","max-video-preview":"max-video-preview:-1"},"canonical":"https:\/\/articulosreligiosos.com\/en\/product\/maternal-our-lady-white-and-blue-color-relief-mavg13601151b\/","og_locale":"en_US","og_type":"article","og_title":"Virgin and Child, white and blue. Relief","og_description":"Virgin and Child, white and blue. Relief, ideal as a devotional gift or for your altar. Friendly service and prompt delivery.","og_url":"https:\/\/articulosreligiosos.com\/en\/product\/maternal-our-lady-white-and-blue-color-relief-mavg13601151b\/","og_site_name":"articulosreligiosos.com","article_modified_time":"2025-05-18T13:29:59+00:00","og_image":[{"width":693,"height":1000,"url":"https:\/\/articulosreligiosos.com\/wp-content\/uploads\/2025\/08\/Virgen-con-nino-color-blanco-y-azul-Relieve-mavg13601151b-2.webp","type":"image\/webp"}],"twitter_card":"summary_large_image","twitter_misc":{"Availability":"In stock"},"schema":{"@context":"https:\/\/schema.org","@graph":[{"@type":"WebPage","@id":"https:\/\/articulosreligiosos.com\/en\/product\/maternal-our-lady-white-and-blue-color-relief-mavg13601151b\/","url":"https:\/\/articulosreligiosos.com\/en\/product\/maternal-our-lady-white-and-blue-color-relief-mavg13601151b\/","name":"Virgin and Child, white and blue. Relief - Handmade religious images","isPartOf":{"@id":"https:\/\/articulosreligiosos.com\/en\/#website"},"primaryImageOfPage":{"@id":"https:\/\/articulosreligiosos.com\/en\/product\/maternal-our-lady-white-and-blue-color-relief-mavg13601151b\/#primaryimage"},"image":{"@id":"https:\/\/articulosreligiosos.com\/en\/product\/maternal-our-lady-white-and-blue-color-relief-mavg13601151b\/#primaryimage"},"thumbnailUrl":"https:\/\/articulosreligiosos.com\/wp-content\/uploads\/2025\/08\/Virgen-con-nino-color-blanco-y-azul-Relieve-mavg13601151b-2.webp","datePublished":"2022-12-31T16:43:10+00:00","dateModified":"2025-05-18T13:29:59+00:00","description":"Virgin and Child, white and blue. Relief, ideal as a devotional gift or for your altar. Friendly service and prompt delivery.","breadcrumb":{"@id":"https:\/\/articulosreligiosos.com\/en\/product\/maternal-our-lady-white-and-blue-color-relief-mavg13601151b\/#breadcrumb"},"inLanguage":"en-US","potentialAction":[{"@type":"ReadAction","target":["https:\/\/articulosreligiosos.com\/en\/product\/maternal-our-lady-white-and-blue-color-relief-mavg13601151b\/"]}]},{"@type":"ImageObject","inLanguage":"en-US","@id":"https:\/\/articulosreligiosos.com\/en\/product\/maternal-our-lady-white-and-blue-color-relief-mavg13601151b\/#primaryimage","url":"https:\/\/articulosreligiosos.com\/wp-content\/uploads\/2025\/08\/Virgen-con-nino-color-blanco-y-azul-Relieve-mavg13601151b-2.webp","contentUrl":"https:\/\/articulosreligiosos.com\/wp-content\/uploads\/2025\/08\/Virgen-con-nino-color-blanco-y-azul-Relieve-mavg13601151b-2.webp","width":693,"height":1000},{"@type":"BreadcrumbList","@id":"https:\/\/articulosreligiosos.com\/en\/product\/maternal-our-lady-white-and-blue-color-relief-mavg13601151b\/#breadcrumb","itemListElement":[{"@type":"ListItem","position":1,"name":"Home","item":"https:\/\/articulosreligiosos.com\/en\/"},{"@type":"ListItem","position":2,"name":"Products"},{"@type":"ListItem","position":3,"name":"Virgin and Child, white and blue. Relief"}]},{"@type":"WebSite","@id":"https:\/\/articulosreligiosos.com\/en\/#website","url":"https:\/\/articulosreligiosos.com\/en\/","name":"Art\u00edculos Religiosos","description":"Tienda online | Fabricaci\u00f3n, restauraci\u00f3n y comercializaci\u00f3n de objetos religiosos al mejor precio y con el mejor servicio.","publisher":{"@id":"https:\/\/articulosreligiosos.com\/en\/#organization"},"potentialAction":[{"@type":"SearchAction","target":{"@type":"EntryPoint","urlTemplate":"https:\/\/articulosreligiosos.com\/en\/?s={search_term_string}"},"query-input":{"@type":"PropertyValueSpecification","valueRequired":true,"valueName":"search_term_string"}}],"inLanguage":"en-US"},{"@type":"Organization","@id":"https:\/\/articulosreligiosos.com\/en\/#organization","name":"Art\u00edculos Religiosos","url":"https:\/\/articulosreligiosos.com\/en\/","logo":{"@type":"ImageObject","inLanguage":"en-US","@id":"https:\/\/articulosreligiosos.com\/en\/#\/schema\/logo\/image\/","url":"https:\/\/articulosreligiosos.com\/wp-content\/uploads\/2023\/12\/newlogo-1.png","contentUrl":"https:\/\/articulosreligiosos.com\/wp-content\/uploads\/2023\/12\/newlogo-1.png","width":178,"height":114,"caption":"Art\u00edculos Religiosos"},"image":{"@id":"https:\/\/articulosreligiosos.com\/en\/#\/schema\/logo\/image\/"},"sameAs":["https:\/\/www.instagram.com\/articulosreligiosos.tienda\/"],"hasMerchantReturnPolicy":{"@type":"MerchantReturnPolicy","merchantReturnLink":"https:\/\/articulosreligiosos.com\/en\/refund-and-returns-policy\/"}}]},"og_availability":"instock","product_availability":"instock","product_retailer_item_id":"MAVG13601151B","product_condition":"new"},"_links":{"self":[{"href":"https:\/\/articulosreligiosos.com\/en\/wp-json\/wp\/v2\/product\/172532","targetHints":{"allow":["GET"]}}],"collection":[{"href":"https:\/\/articulosreligiosos.com\/en\/wp-json\/wp\/v2\/product"}],"about":[{"href":"https:\/\/articulosreligiosos.com\/en\/wp-json\/wp\/v2\/types\/product"}],"replies":[{"embeddable":true,"href":"https:\/\/articulosreligiosos.com\/en\/wp-json\/wp\/v2\/comments?post=172532"}],"wp:featuredmedia":[{"embeddable":true,"href":"https:\/\/articulosreligiosos.com\/en\/wp-json\/wp\/v2\/media\/346904"}],"wp:attachment":[{"href":"https:\/\/articulosreligiosos.com\/en\/wp-json\/wp\/v2\/media?parent=172532"}],"wp:term":[{"taxonomy":"product_brand","embeddable":true,"href":"https:\/\/articulosreligiosos.com\/en\/wp-json\/wp\/v2\/product_brand?post=172532"},{"taxonomy":"product_cat","embeddable":true,"href":"https:\/\/articulosreligiosos.com\/en\/wp-json\/wp\/v2\/product_cat?post=172532"},{"taxonomy":"product_tag","embeddable":true,"href":"https:\/\/articulosreligiosos.com\/en\/wp-json\/wp\/v2\/product_tag?post=172532"}],"curies":[{"name":"wp","href":"https:\/\/api.w.org\/{rel}","templated":true}]}}