{"id":169095,"date":"2022-12-19T13:46:52","date_gmt":"2022-12-19T13:46:52","guid":{"rendered":"https:\/\/articulosreligiosos.com\/product\/hota140papfc600-hostias\/"},"modified":"2025-03-06T10:28:18","modified_gmt":"2025-03-06T10:28:18","slug":"hota140papfc600-hostias","status":"publish","type":"product","link":"https:\/\/articulosreligiosos.com\/en\/product\/hota140papfc600-hostias\/","title":{"rendered":"Hosts for mass. 500 units, 3 cm. (diameter)"},"content":{"rendered":"<p>High-quality hosts, made with the best quality wheat flour and water.<\/p>\n","protected":false},"excerpt":{"rendered":"<p>Large hosts for mass, packed in 500 units. Diameter 3 cm. Product made in Spain.   EXCLUSIVE ONLINE SALE<\/p>\n","protected":false},"featured_media":169093,"comment_status":"open","ping_status":"closed","template":"","meta":{"_acf_changed":false},"product_brand":[],"product_cat":[7460,7462],"product_tag":[],"class_list":{"0":"post-169095","1":"product","2":"type-product","3":"status-publish","4":"has-post-thumbnail","6":"product_cat-hosts-communion-wafer-communion-bread-altar-bread-en-religious-catholic-supplies-en-en","7":"product_cat-religious-catholic-supplies-en-religious-catholic-liturgy-en-en","8":"pa_disponibilidad-in-stock","9":"pa_manufacturer-p140-en","10":"pa_material-wheat","12":"first","13":"instock","14":"taxable","15":"shipping-taxable","16":"purchasable","17":"product-type-simple"},"acf":[],"yoast_head":"<!-- This site is optimized with the Yoast SEO Premium plugin v27.2 (Yoast SEO v27.2) - https:\/\/yoast.com\/product\/yoast-seo-premium-wordpress\/ -->\n<title>Buy Hosts for mass. 500 units, 3 cm. (diameter) - Art\u00edculos Religiosos | Online Store<\/title>\n<meta name=\"description\" content=\"Large hosts for mass, packed in 500 units. Diameter 3 cm. Product made in Spain.  EXCLUSIVE ONLINE SALE\" \/>\n<meta name=\"robots\" content=\"index, follow, max-snippet:-1, max-image-preview:large, max-video-preview:-1\" \/>\n<link rel=\"canonical\" href=\"https:\/\/articulosreligiosos.com\/en\/product\/hota140papfc600-hostias\/\" \/>\n<meta property=\"og:locale\" content=\"en_US\" \/>\n<meta property=\"og:type\" content=\"article\" \/>\n<meta property=\"og:title\" content=\"Hosts for mass. 500 units, 3 cm. (diameter)\" \/>\n<meta property=\"og:description\" content=\"Large hosts for mass, packed in 500 units. Diameter 3 cm. Product made in Spain.  EXCLUSIVE ONLINE SALE\" \/>\n<meta property=\"og:url\" content=\"https:\/\/articulosreligiosos.com\/en\/product\/hota140papfc600-hostias\/\" \/>\n<meta property=\"og:site_name\" content=\"articulosreligiosos.com\" \/>\n<meta property=\"article:modified_time\" content=\"2025-03-06T10:28:18+00:00\" \/>\n<meta property=\"og:image\" content=\"https:\/\/articulosreligiosos.com\/wp-content\/uploads\/2022\/12\/hota140papfc250-0_1.jpg\" \/>\n\t<meta property=\"og:image:width\" content=\"1000\" \/>\n\t<meta property=\"og:image:height\" content=\"947\" \/>\n\t<meta property=\"og:image:type\" content=\"image\/jpeg\" \/>\n<meta name=\"twitter:card\" content=\"summary_large_image\" \/>\n<meta name=\"twitter:label1\" content=\"Price\" \/>\n\t<meta name=\"twitter:data1\" content=\"6,36&nbsp;&euro;\" \/>\n\t<meta name=\"twitter:label2\" content=\"Availability\" \/>\n\t<meta name=\"twitter:data2\" content=\"In stock\" \/>\n<script type=\"application\/ld+json\" class=\"yoast-schema-graph\">{\"@context\":\"https:\/\/schema.org\",\"@graph\":[{\"@type\":\"WebPage\",\"@id\":\"https:\/\/articulosreligiosos.com\/en\/product\/hota140papfc600-hostias\/\",\"url\":\"https:\/\/articulosreligiosos.com\/en\/product\/hota140papfc600-hostias\/\",\"name\":\"Buy Hosts for mass. 500 units, 3 cm. (diameter) - Art\u00edculos Religiosos | Online Store\",\"isPartOf\":{\"@id\":\"https:\/\/articulosreligiosos.com\/en\/#website\"},\"primaryImageOfPage\":{\"@id\":\"https:\/\/articulosreligiosos.com\/en\/product\/hota140papfc600-hostias\/#primaryimage\"},\"image\":{\"@id\":\"https:\/\/articulosreligiosos.com\/en\/product\/hota140papfc600-hostias\/#primaryimage\"},\"thumbnailUrl\":\"https:\/\/articulosreligiosos.com\/wp-content\/uploads\/2022\/12\/hota140papfc250-0_1.jpg\",\"datePublished\":\"2022-12-19T13:46:52+00:00\",\"dateModified\":\"2025-03-06T10:28:18+00:00\",\"description\":\"Large hosts for mass, packed in 500 units. Diameter 3 cm. Product made in Spain. EXCLUSIVE ONLINE SALE\",\"breadcrumb\":{\"@id\":\"https:\/\/articulosreligiosos.com\/en\/product\/hota140papfc600-hostias\/#breadcrumb\"},\"inLanguage\":\"en-US\",\"potentialAction\":[{\"@type\":\"ReadAction\",\"target\":[\"https:\/\/articulosreligiosos.com\/en\/product\/hota140papfc600-hostias\/\"]}]},{\"@type\":\"ImageObject\",\"inLanguage\":\"en-US\",\"@id\":\"https:\/\/articulosreligiosos.com\/en\/product\/hota140papfc600-hostias\/#primaryimage\",\"url\":\"https:\/\/articulosreligiosos.com\/wp-content\/uploads\/2022\/12\/hota140papfc250-0_1.jpg\",\"contentUrl\":\"https:\/\/articulosreligiosos.com\/wp-content\/uploads\/2022\/12\/hota140papfc250-0_1.jpg\",\"width\":1000,\"height\":947},{\"@type\":\"BreadcrumbList\",\"@id\":\"https:\/\/articulosreligiosos.com\/en\/product\/hota140papfc600-hostias\/#breadcrumb\",\"itemListElement\":[{\"@type\":\"ListItem\",\"position\":1,\"name\":\"Home\",\"item\":\"https:\/\/articulosreligiosos.com\/en\/\"},{\"@type\":\"ListItem\",\"position\":2,\"name\":\"Products\"},{\"@type\":\"ListItem\",\"position\":3,\"name\":\"Hosts for mass. 500 units, 3 cm. (diameter)\"}]},{\"@type\":\"WebSite\",\"@id\":\"https:\/\/articulosreligiosos.com\/en\/#website\",\"url\":\"https:\/\/articulosreligiosos.com\/en\/\",\"name\":\"Art\u00edculos Religiosos\",\"description\":\"Tienda online | Fabricaci\u00f3n, restauraci\u00f3n y comercializaci\u00f3n de objetos religiosos al mejor precio y con el mejor servicio.\",\"publisher\":{\"@id\":\"https:\/\/articulosreligiosos.com\/en\/#organization\"},\"potentialAction\":[{\"@type\":\"SearchAction\",\"target\":{\"@type\":\"EntryPoint\",\"urlTemplate\":\"https:\/\/articulosreligiosos.com\/en\/?s={search_term_string}\"},\"query-input\":{\"@type\":\"PropertyValueSpecification\",\"valueRequired\":true,\"valueName\":\"search_term_string\"}}],\"inLanguage\":\"en-US\"},{\"@type\":\"Organization\",\"@id\":\"https:\/\/articulosreligiosos.com\/en\/#organization\",\"name\":\"Art\u00edculos Religiosos\",\"url\":\"https:\/\/articulosreligiosos.com\/en\/\",\"logo\":{\"@type\":\"ImageObject\",\"inLanguage\":\"en-US\",\"@id\":\"https:\/\/articulosreligiosos.com\/en\/#\/schema\/logo\/image\/\",\"url\":\"https:\/\/articulosreligiosos.com\/wp-content\/uploads\/2023\/12\/newlogo-1.png\",\"contentUrl\":\"https:\/\/articulosreligiosos.com\/wp-content\/uploads\/2023\/12\/newlogo-1.png\",\"width\":178,\"height\":114,\"caption\":\"Art\u00edculos Religiosos\"},\"image\":{\"@id\":\"https:\/\/articulosreligiosos.com\/en\/#\/schema\/logo\/image\/\"},\"sameAs\":[\"https:\/\/www.instagram.com\/articulosreligiosos.tienda\/\"],\"hasMerchantReturnPolicy\":{\"@type\":\"MerchantReturnPolicy\",\"merchantReturnLink\":\"https:\/\/articulosreligiosos.com\/en\/refund-and-returns-policy\/\"}}]}<\/script>\n<meta property=\"product:price:amount\" content=\"6.36\" \/>\n<meta property=\"product:price:currency\" content=\"EUR\" \/>\n<meta property=\"og:availability\" content=\"instock\" \/>\n<meta property=\"product:availability\" content=\"instock\" \/>\n<meta property=\"product:retailer_item_id\" content=\"HOTA140PAPFC600\" \/>\n<meta property=\"product:condition\" content=\"new\" \/>\n<!-- \/ Yoast SEO Premium plugin. -->","yoast_head_json":{"title":"Buy Hosts for mass. 500 units, 3 cm. (diameter) - Art\u00edculos Religiosos | Online Store","description":"Large hosts for mass, packed in 500 units. Diameter 3 cm. Product made in Spain.  EXCLUSIVE ONLINE SALE","robots":{"index":"index","follow":"follow","max-snippet":"max-snippet:-1","max-image-preview":"max-image-preview:large","max-video-preview":"max-video-preview:-1"},"canonical":"https:\/\/articulosreligiosos.com\/en\/product\/hota140papfc600-hostias\/","og_locale":"en_US","og_type":"article","og_title":"Hosts for mass. 500 units, 3 cm. (diameter)","og_description":"Large hosts for mass, packed in 500 units. Diameter 3 cm. Product made in Spain.  EXCLUSIVE ONLINE SALE","og_url":"https:\/\/articulosreligiosos.com\/en\/product\/hota140papfc600-hostias\/","og_site_name":"articulosreligiosos.com","article_modified_time":"2025-03-06T10:28:18+00:00","og_image":[{"width":1000,"height":947,"url":"https:\/\/articulosreligiosos.com\/wp-content\/uploads\/2022\/12\/hota140papfc250-0_1.jpg","type":"image\/jpeg"}],"twitter_card":"summary_large_image","twitter_misc":{"Price":"6,36&nbsp;&euro;","Availability":"In stock"},"schema":{"@context":"https:\/\/schema.org","@graph":[{"@type":"WebPage","@id":"https:\/\/articulosreligiosos.com\/en\/product\/hota140papfc600-hostias\/","url":"https:\/\/articulosreligiosos.com\/en\/product\/hota140papfc600-hostias\/","name":"Buy Hosts for mass. 500 units, 3 cm. (diameter) - Art\u00edculos Religiosos | Online Store","isPartOf":{"@id":"https:\/\/articulosreligiosos.com\/en\/#website"},"primaryImageOfPage":{"@id":"https:\/\/articulosreligiosos.com\/en\/product\/hota140papfc600-hostias\/#primaryimage"},"image":{"@id":"https:\/\/articulosreligiosos.com\/en\/product\/hota140papfc600-hostias\/#primaryimage"},"thumbnailUrl":"https:\/\/articulosreligiosos.com\/wp-content\/uploads\/2022\/12\/hota140papfc250-0_1.jpg","datePublished":"2022-12-19T13:46:52+00:00","dateModified":"2025-03-06T10:28:18+00:00","description":"Large hosts for mass, packed in 500 units. Diameter 3 cm. Product made in Spain. EXCLUSIVE ONLINE SALE","breadcrumb":{"@id":"https:\/\/articulosreligiosos.com\/en\/product\/hota140papfc600-hostias\/#breadcrumb"},"inLanguage":"en-US","potentialAction":[{"@type":"ReadAction","target":["https:\/\/articulosreligiosos.com\/en\/product\/hota140papfc600-hostias\/"]}]},{"@type":"ImageObject","inLanguage":"en-US","@id":"https:\/\/articulosreligiosos.com\/en\/product\/hota140papfc600-hostias\/#primaryimage","url":"https:\/\/articulosreligiosos.com\/wp-content\/uploads\/2022\/12\/hota140papfc250-0_1.jpg","contentUrl":"https:\/\/articulosreligiosos.com\/wp-content\/uploads\/2022\/12\/hota140papfc250-0_1.jpg","width":1000,"height":947},{"@type":"BreadcrumbList","@id":"https:\/\/articulosreligiosos.com\/en\/product\/hota140papfc600-hostias\/#breadcrumb","itemListElement":[{"@type":"ListItem","position":1,"name":"Home","item":"https:\/\/articulosreligiosos.com\/en\/"},{"@type":"ListItem","position":2,"name":"Products"},{"@type":"ListItem","position":3,"name":"Hosts for mass. 500 units, 3 cm. (diameter)"}]},{"@type":"WebSite","@id":"https:\/\/articulosreligiosos.com\/en\/#website","url":"https:\/\/articulosreligiosos.com\/en\/","name":"Art\u00edculos Religiosos","description":"Tienda online | Fabricaci\u00f3n, restauraci\u00f3n y comercializaci\u00f3n de objetos religiosos al mejor precio y con el mejor servicio.","publisher":{"@id":"https:\/\/articulosreligiosos.com\/en\/#organization"},"potentialAction":[{"@type":"SearchAction","target":{"@type":"EntryPoint","urlTemplate":"https:\/\/articulosreligiosos.com\/en\/?s={search_term_string}"},"query-input":{"@type":"PropertyValueSpecification","valueRequired":true,"valueName":"search_term_string"}}],"inLanguage":"en-US"},{"@type":"Organization","@id":"https:\/\/articulosreligiosos.com\/en\/#organization","name":"Art\u00edculos Religiosos","url":"https:\/\/articulosreligiosos.com\/en\/","logo":{"@type":"ImageObject","inLanguage":"en-US","@id":"https:\/\/articulosreligiosos.com\/en\/#\/schema\/logo\/image\/","url":"https:\/\/articulosreligiosos.com\/wp-content\/uploads\/2023\/12\/newlogo-1.png","contentUrl":"https:\/\/articulosreligiosos.com\/wp-content\/uploads\/2023\/12\/newlogo-1.png","width":178,"height":114,"caption":"Art\u00edculos Religiosos"},"image":{"@id":"https:\/\/articulosreligiosos.com\/en\/#\/schema\/logo\/image\/"},"sameAs":["https:\/\/www.instagram.com\/articulosreligiosos.tienda\/"],"hasMerchantReturnPolicy":{"@type":"MerchantReturnPolicy","merchantReturnLink":"https:\/\/articulosreligiosos.com\/en\/refund-and-returns-policy\/"}}]},"product_price_amount":"6.36","product_price_currency":"EUR","og_availability":"instock","product_availability":"instock","product_retailer_item_id":"HOTA140PAPFC600","product_condition":"new"},"_links":{"self":[{"href":"https:\/\/articulosreligiosos.com\/en\/wp-json\/wp\/v2\/product\/169095","targetHints":{"allow":["GET"]}}],"collection":[{"href":"https:\/\/articulosreligiosos.com\/en\/wp-json\/wp\/v2\/product"}],"about":[{"href":"https:\/\/articulosreligiosos.com\/en\/wp-json\/wp\/v2\/types\/product"}],"replies":[{"embeddable":true,"href":"https:\/\/articulosreligiosos.com\/en\/wp-json\/wp\/v2\/comments?post=169095"}],"wp:featuredmedia":[{"embeddable":true,"href":"https:\/\/articulosreligiosos.com\/en\/wp-json\/wp\/v2\/media\/169093"}],"wp:attachment":[{"href":"https:\/\/articulosreligiosos.com\/en\/wp-json\/wp\/v2\/media?parent=169095"}],"wp:term":[{"taxonomy":"product_brand","embeddable":true,"href":"https:\/\/articulosreligiosos.com\/en\/wp-json\/wp\/v2\/product_brand?post=169095"},{"taxonomy":"product_cat","embeddable":true,"href":"https:\/\/articulosreligiosos.com\/en\/wp-json\/wp\/v2\/product_cat?post=169095"},{"taxonomy":"product_tag","embeddable":true,"href":"https:\/\/articulosreligiosos.com\/en\/wp-json\/wp\/v2\/product_tag?post=169095"}],"curies":[{"name":"wp","href":"https:\/\/api.w.org\/{rel}","templated":true}]}}