{"id":165900,"date":"2020-09-14T14:27:15","date_gmt":"2020-09-14T14:27:15","guid":{"rendered":"https:\/\/articulosreligiosos.com\/product\/tau-cross-bracelet-wood-and-cord-cord-closure-123392\/"},"modified":"2025-03-03T14:43:45","modified_gmt":"2025-03-03T14:43:45","slug":"tau-cross-bracelet-wood-and-cord-cord-closure-123392","status":"publish","type":"product","link":"https:\/\/articulosreligiosos.com\/en\/product\/tau-cross-bracelet-wood-and-cord-cord-closure-123392\/","title":{"rendered":"Tau cross bracelet. Wood and cord. Cord closure."},"content":{"rendered":"<p>Beautiful bracelet made in natural wood and cord of high quality.<\/p>\n","protected":false},"excerpt":{"rendered":"<p>Tau cross bracelet, made in natural wood and cord. Different colors available.  Rope closure.<\/p>\n","protected":false},"featured_media":352257,"comment_status":"open","ping_status":"closed","template":"","meta":{"_acf_changed":false},"product_brand":[],"product_cat":[7468],"product_tag":[],"class_list":{"0":"post-165900","1":"product","2":"type-product","3":"status-publish","4":"has-post-thumbnail","6":"product_cat-religious-catholic-bracelets-en-en","7":"pa_acabado_orfebreria-black-en","8":"pa_acabado_orfebreria-blue-en","9":"pa_acabado_orfebreria-brown-en","10":"pa_acabado_orfebreria-grey-en","11":"pa_acabado_orfebreria-white-en","12":"pa_acabado_orfebreria-yellow-en","13":"pa_altura-4-en","14":"pa_disponibilidad-25-en-2","15":"pa_manufacturer-p005-en","16":"pa_material-wood-en-en","18":"first","19":"instock","20":"taxable","21":"shipping-taxable","22":"purchasable","23":"product-type-variable","24":"rtwpvs-product"},"acf":[],"yoast_head":"<!-- This site is optimized with the Yoast SEO Premium plugin v27.2 (Yoast SEO v27.2) - https:\/\/yoast.com\/product\/yoast-seo-premium-wordpress\/ -->\n<title>Buy Tau cross bracelet. Wood and cord. Cord closure. - Art\u00edculos Religiosos | Online Store<\/title>\n<meta name=\"description\" content=\"Tau cross bracelet, made in natural wood and cord. Different colors available. Rope closure.\" \/>\n<meta name=\"robots\" content=\"index, follow, max-snippet:-1, max-image-preview:large, max-video-preview:-1\" \/>\n<link rel=\"canonical\" href=\"https:\/\/articulosreligiosos.com\/en\/product\/tau-cross-bracelet-wood-and-cord-cord-closure-123392\/\" \/>\n<meta property=\"og:locale\" content=\"en_US\" \/>\n<meta property=\"og:type\" content=\"article\" \/>\n<meta property=\"og:title\" content=\"Tau cross bracelet. Wood and cord. Cord closure.\" \/>\n<meta property=\"og:description\" content=\"Tau cross bracelet, made in natural wood and cord. Different colors available. Rope closure.\" \/>\n<meta property=\"og:url\" content=\"https:\/\/articulosreligiosos.com\/en\/product\/tau-cross-bracelet-wood-and-cord-cord-closure-123392\/\" \/>\n<meta property=\"og:site_name\" content=\"articulosreligiosos.com\" \/>\n<meta property=\"article:modified_time\" content=\"2025-03-03T14:43:45+00:00\" \/>\n<meta property=\"og:image\" content=\"https:\/\/articulosreligiosos.com\/wp-content\/uploads\/2025\/09\/Brazalete-con-cruz-de-Tau-Madera-y-cuerda-brma00529236-0.webp\" \/>\n\t<meta property=\"og:image:width\" content=\"1351\" \/>\n\t<meta property=\"og:image:height\" content=\"1000\" \/>\n\t<meta property=\"og:image:type\" content=\"image\/webp\" \/>\n<meta name=\"twitter:card\" content=\"summary_large_image\" \/>\n<meta name=\"twitter:label1\" content=\"Availability\" \/>\n\t<meta name=\"twitter:data1\" content=\"In stock\" \/>\n<script type=\"application\/ld+json\" class=\"yoast-schema-graph\">{\"@context\":\"https:\/\/schema.org\",\"@graph\":[{\"@type\":\"WebPage\",\"@id\":\"https:\/\/articulosreligiosos.com\/en\/product\/tau-cross-bracelet-wood-and-cord-cord-closure-123392\/\",\"url\":\"https:\/\/articulosreligiosos.com\/en\/product\/tau-cross-bracelet-wood-and-cord-cord-closure-123392\/\",\"name\":\"Buy Tau cross bracelet. Wood and cord. Cord closure. - Art\u00edculos Religiosos | Online Store\",\"isPartOf\":{\"@id\":\"https:\/\/articulosreligiosos.com\/en\/#website\"},\"primaryImageOfPage\":{\"@id\":\"https:\/\/articulosreligiosos.com\/en\/product\/tau-cross-bracelet-wood-and-cord-cord-closure-123392\/#primaryimage\"},\"image\":{\"@id\":\"https:\/\/articulosreligiosos.com\/en\/product\/tau-cross-bracelet-wood-and-cord-cord-closure-123392\/#primaryimage\"},\"thumbnailUrl\":\"https:\/\/articulosreligiosos.com\/wp-content\/uploads\/2025\/09\/Brazalete-con-cruz-de-Tau-Madera-y-cuerda-brma00529236-0.webp\",\"datePublished\":\"2020-09-14T14:27:15+00:00\",\"dateModified\":\"2025-03-03T14:43:45+00:00\",\"description\":\"Tau cross bracelet, made in natural wood and cord. Different colors available. Rope closure.\",\"breadcrumb\":{\"@id\":\"https:\/\/articulosreligiosos.com\/en\/product\/tau-cross-bracelet-wood-and-cord-cord-closure-123392\/#breadcrumb\"},\"inLanguage\":\"en-US\",\"potentialAction\":[{\"@type\":\"ReadAction\",\"target\":[\"https:\/\/articulosreligiosos.com\/en\/product\/tau-cross-bracelet-wood-and-cord-cord-closure-123392\/\"]}]},{\"@type\":\"ImageObject\",\"inLanguage\":\"en-US\",\"@id\":\"https:\/\/articulosreligiosos.com\/en\/product\/tau-cross-bracelet-wood-and-cord-cord-closure-123392\/#primaryimage\",\"url\":\"https:\/\/articulosreligiosos.com\/wp-content\/uploads\/2025\/09\/Brazalete-con-cruz-de-Tau-Madera-y-cuerda-brma00529236-0.webp\",\"contentUrl\":\"https:\/\/articulosreligiosos.com\/wp-content\/uploads\/2025\/09\/Brazalete-con-cruz-de-Tau-Madera-y-cuerda-brma00529236-0.webp\",\"width\":1351,\"height\":1000},{\"@type\":\"BreadcrumbList\",\"@id\":\"https:\/\/articulosreligiosos.com\/en\/product\/tau-cross-bracelet-wood-and-cord-cord-closure-123392\/#breadcrumb\",\"itemListElement\":[{\"@type\":\"ListItem\",\"position\":1,\"name\":\"Home\",\"item\":\"https:\/\/articulosreligiosos.com\/en\/\"},{\"@type\":\"ListItem\",\"position\":2,\"name\":\"Products\"},{\"@type\":\"ListItem\",\"position\":3,\"name\":\"Tau cross bracelet. Wood and cord. Cord closure.\"}]},{\"@type\":\"WebSite\",\"@id\":\"https:\/\/articulosreligiosos.com\/en\/#website\",\"url\":\"https:\/\/articulosreligiosos.com\/en\/\",\"name\":\"Art\u00edculos Religiosos\",\"description\":\"Tienda online | Fabricaci\u00f3n, restauraci\u00f3n y comercializaci\u00f3n de objetos religiosos al mejor precio y con el mejor servicio.\",\"publisher\":{\"@id\":\"https:\/\/articulosreligiosos.com\/en\/#organization\"},\"potentialAction\":[{\"@type\":\"SearchAction\",\"target\":{\"@type\":\"EntryPoint\",\"urlTemplate\":\"https:\/\/articulosreligiosos.com\/en\/?s={search_term_string}\"},\"query-input\":{\"@type\":\"PropertyValueSpecification\",\"valueRequired\":true,\"valueName\":\"search_term_string\"}}],\"inLanguage\":\"en-US\"},{\"@type\":\"Organization\",\"@id\":\"https:\/\/articulosreligiosos.com\/en\/#organization\",\"name\":\"Art\u00edculos Religiosos\",\"url\":\"https:\/\/articulosreligiosos.com\/en\/\",\"logo\":{\"@type\":\"ImageObject\",\"inLanguage\":\"en-US\",\"@id\":\"https:\/\/articulosreligiosos.com\/en\/#\/schema\/logo\/image\/\",\"url\":\"https:\/\/articulosreligiosos.com\/wp-content\/uploads\/2023\/12\/newlogo-1.png\",\"contentUrl\":\"https:\/\/articulosreligiosos.com\/wp-content\/uploads\/2023\/12\/newlogo-1.png\",\"width\":178,\"height\":114,\"caption\":\"Art\u00edculos Religiosos\"},\"image\":{\"@id\":\"https:\/\/articulosreligiosos.com\/en\/#\/schema\/logo\/image\/\"},\"sameAs\":[\"https:\/\/www.instagram.com\/articulosreligiosos.tienda\/\"],\"hasMerchantReturnPolicy\":{\"@type\":\"MerchantReturnPolicy\",\"merchantReturnLink\":\"https:\/\/articulosreligiosos.com\/en\/refund-and-returns-policy\/\"}}]}<\/script>\n<meta property=\"og:availability\" content=\"instock\" \/>\n<meta property=\"product:availability\" content=\"instock\" \/>\n<meta property=\"product:retailer_item_id\" content=\"BRMA00529236\" \/>\n<meta property=\"product:condition\" content=\"new\" \/>\n<!-- \/ Yoast SEO Premium plugin. -->","yoast_head_json":{"title":"Buy Tau cross bracelet. Wood and cord. Cord closure. - Art\u00edculos Religiosos | Online Store","description":"Tau cross bracelet, made in natural wood and cord. Different colors available. Rope closure.","robots":{"index":"index","follow":"follow","max-snippet":"max-snippet:-1","max-image-preview":"max-image-preview:large","max-video-preview":"max-video-preview:-1"},"canonical":"https:\/\/articulosreligiosos.com\/en\/product\/tau-cross-bracelet-wood-and-cord-cord-closure-123392\/","og_locale":"en_US","og_type":"article","og_title":"Tau cross bracelet. Wood and cord. Cord closure.","og_description":"Tau cross bracelet, made in natural wood and cord. Different colors available. Rope closure.","og_url":"https:\/\/articulosreligiosos.com\/en\/product\/tau-cross-bracelet-wood-and-cord-cord-closure-123392\/","og_site_name":"articulosreligiosos.com","article_modified_time":"2025-03-03T14:43:45+00:00","og_image":[{"width":1351,"height":1000,"url":"https:\/\/articulosreligiosos.com\/wp-content\/uploads\/2025\/09\/Brazalete-con-cruz-de-Tau-Madera-y-cuerda-brma00529236-0.webp","type":"image\/webp"}],"twitter_card":"summary_large_image","twitter_misc":{"Availability":"In stock"},"schema":{"@context":"https:\/\/schema.org","@graph":[{"@type":"WebPage","@id":"https:\/\/articulosreligiosos.com\/en\/product\/tau-cross-bracelet-wood-and-cord-cord-closure-123392\/","url":"https:\/\/articulosreligiosos.com\/en\/product\/tau-cross-bracelet-wood-and-cord-cord-closure-123392\/","name":"Buy Tau cross bracelet. Wood and cord. Cord closure. - Art\u00edculos Religiosos | Online Store","isPartOf":{"@id":"https:\/\/articulosreligiosos.com\/en\/#website"},"primaryImageOfPage":{"@id":"https:\/\/articulosreligiosos.com\/en\/product\/tau-cross-bracelet-wood-and-cord-cord-closure-123392\/#primaryimage"},"image":{"@id":"https:\/\/articulosreligiosos.com\/en\/product\/tau-cross-bracelet-wood-and-cord-cord-closure-123392\/#primaryimage"},"thumbnailUrl":"https:\/\/articulosreligiosos.com\/wp-content\/uploads\/2025\/09\/Brazalete-con-cruz-de-Tau-Madera-y-cuerda-brma00529236-0.webp","datePublished":"2020-09-14T14:27:15+00:00","dateModified":"2025-03-03T14:43:45+00:00","description":"Tau cross bracelet, made in natural wood and cord. Different colors available. Rope closure.","breadcrumb":{"@id":"https:\/\/articulosreligiosos.com\/en\/product\/tau-cross-bracelet-wood-and-cord-cord-closure-123392\/#breadcrumb"},"inLanguage":"en-US","potentialAction":[{"@type":"ReadAction","target":["https:\/\/articulosreligiosos.com\/en\/product\/tau-cross-bracelet-wood-and-cord-cord-closure-123392\/"]}]},{"@type":"ImageObject","inLanguage":"en-US","@id":"https:\/\/articulosreligiosos.com\/en\/product\/tau-cross-bracelet-wood-and-cord-cord-closure-123392\/#primaryimage","url":"https:\/\/articulosreligiosos.com\/wp-content\/uploads\/2025\/09\/Brazalete-con-cruz-de-Tau-Madera-y-cuerda-brma00529236-0.webp","contentUrl":"https:\/\/articulosreligiosos.com\/wp-content\/uploads\/2025\/09\/Brazalete-con-cruz-de-Tau-Madera-y-cuerda-brma00529236-0.webp","width":1351,"height":1000},{"@type":"BreadcrumbList","@id":"https:\/\/articulosreligiosos.com\/en\/product\/tau-cross-bracelet-wood-and-cord-cord-closure-123392\/#breadcrumb","itemListElement":[{"@type":"ListItem","position":1,"name":"Home","item":"https:\/\/articulosreligiosos.com\/en\/"},{"@type":"ListItem","position":2,"name":"Products"},{"@type":"ListItem","position":3,"name":"Tau cross bracelet. Wood and cord. Cord closure."}]},{"@type":"WebSite","@id":"https:\/\/articulosreligiosos.com\/en\/#website","url":"https:\/\/articulosreligiosos.com\/en\/","name":"Art\u00edculos Religiosos","description":"Tienda online | Fabricaci\u00f3n, restauraci\u00f3n y comercializaci\u00f3n de objetos religiosos al mejor precio y con el mejor servicio.","publisher":{"@id":"https:\/\/articulosreligiosos.com\/en\/#organization"},"potentialAction":[{"@type":"SearchAction","target":{"@type":"EntryPoint","urlTemplate":"https:\/\/articulosreligiosos.com\/en\/?s={search_term_string}"},"query-input":{"@type":"PropertyValueSpecification","valueRequired":true,"valueName":"search_term_string"}}],"inLanguage":"en-US"},{"@type":"Organization","@id":"https:\/\/articulosreligiosos.com\/en\/#organization","name":"Art\u00edculos Religiosos","url":"https:\/\/articulosreligiosos.com\/en\/","logo":{"@type":"ImageObject","inLanguage":"en-US","@id":"https:\/\/articulosreligiosos.com\/en\/#\/schema\/logo\/image\/","url":"https:\/\/articulosreligiosos.com\/wp-content\/uploads\/2023\/12\/newlogo-1.png","contentUrl":"https:\/\/articulosreligiosos.com\/wp-content\/uploads\/2023\/12\/newlogo-1.png","width":178,"height":114,"caption":"Art\u00edculos Religiosos"},"image":{"@id":"https:\/\/articulosreligiosos.com\/en\/#\/schema\/logo\/image\/"},"sameAs":["https:\/\/www.instagram.com\/articulosreligiosos.tienda\/"],"hasMerchantReturnPolicy":{"@type":"MerchantReturnPolicy","merchantReturnLink":"https:\/\/articulosreligiosos.com\/en\/refund-and-returns-policy\/"}}]},"og_availability":"instock","product_availability":"instock","product_retailer_item_id":"BRMA00529236","product_condition":"new"},"_links":{"self":[{"href":"https:\/\/articulosreligiosos.com\/en\/wp-json\/wp\/v2\/product\/165900","targetHints":{"allow":["GET"]}}],"collection":[{"href":"https:\/\/articulosreligiosos.com\/en\/wp-json\/wp\/v2\/product"}],"about":[{"href":"https:\/\/articulosreligiosos.com\/en\/wp-json\/wp\/v2\/types\/product"}],"replies":[{"embeddable":true,"href":"https:\/\/articulosreligiosos.com\/en\/wp-json\/wp\/v2\/comments?post=165900"}],"wp:featuredmedia":[{"embeddable":true,"href":"https:\/\/articulosreligiosos.com\/en\/wp-json\/wp\/v2\/media\/352257"}],"wp:attachment":[{"href":"https:\/\/articulosreligiosos.com\/en\/wp-json\/wp\/v2\/media?parent=165900"}],"wp:term":[{"taxonomy":"product_brand","embeddable":true,"href":"https:\/\/articulosreligiosos.com\/en\/wp-json\/wp\/v2\/product_brand?post=165900"},{"taxonomy":"product_cat","embeddable":true,"href":"https:\/\/articulosreligiosos.com\/en\/wp-json\/wp\/v2\/product_cat?post=165900"},{"taxonomy":"product_tag","embeddable":true,"href":"https:\/\/articulosreligiosos.com\/en\/wp-json\/wp\/v2\/product_tag?post=165900"}],"curies":[{"name":"wp","href":"https:\/\/api.w.org\/{rel}","templated":true}]}}