{"id":16474,"date":"2011-04-18T12:22:57","date_gmt":"2011-04-18T12:22:57","guid":{"rendered":"https:\/\/articulosreligiosos.com\/product\/arriero-de-cordero-nacimiento-rustico-38245\/"},"modified":"2025-03-03T07:57:49","modified_gmt":"2025-03-03T07:57:49","slug":"shepherd-with-lamb-rustic-nativity-mape00610700204","status":"publish","type":"product","link":"https:\/\/articulosreligiosos.com\/en\/product\/shepherd-with-lamb-rustic-nativity-mape00610700204\/","title":{"rendered":"Shepherd with lamb (Rustic Nativity)"},"content":{"rendered":"<p>Carved wooden image. Shepherd with lamb in wood.<\/p>\n","protected":false},"excerpt":{"rendered":"<p>Carved wooden image. Shepherd with lamb in wood.<\/p>\n","protected":false},"featured_media":329562,"comment_status":"open","ping_status":"closed","template":"","meta":{"_acf_changed":false},"product_brand":[],"product_cat":[6349,6332,6367,6338],"product_tag":[],"class_list":{"0":"post-16474","1":"product","2":"type-product","3":"status-publish","4":"has-post-thumbnail","6":"product_cat-complete-nativities-en-nativities-nativity-cribs-crib-manger-en","7":"product_cat-nativities-nativity-cribs-crib-manger-en","8":"product_cat-rustic-nativity-en","9":"product_cat-shepherds-shepherd-crib-manger-statues-en","10":"pa_altura-100-en","11":"pa_altura-120-en","12":"pa_altura-160-en","13":"pa_decoracion_imagenes-colored-en-en","14":"pa_decoracion_imagenes-natural-en","15":"pa_decoracion_imagenes-tones-en","16":"pa_decoracion_imagenes-waxed-en-en","17":"pa_decoraciones_general-nr-madera-no-tratada-n-madera-tratada-con-decapado-claro-pulida-a-la-cera-no-madera-tratada-con-ojos-pintados-y-oro-pulida-a-la-cera-ns-madera-tratada-con-decapado-oscuro-pulida-a-la","18":"pa_disponibilidad-15-en","19":"pa_manufacturer-p006-en","20":"pa_material-woodcarving","21":"pa_materiales_general-carved-wooden-image-lime-walnut-chestnut-or-ash","23":"first","24":"instock","25":"taxable","26":"shipping-taxable","27":"purchasable","28":"product-type-variable","29":"rtwpvs-product"},"acf":[],"yoast_head":"<!-- This site is optimized with the Yoast SEO Premium plugin v27.2 (Yoast SEO v27.2) - https:\/\/yoast.com\/product\/yoast-seo-premium-wordpress\/ -->\n<title>Buy Shepherd with lamb (Rustic Nativity) - Art\u00edculos Religiosos | Online Store<\/title>\n<meta name=\"description\" content=\"Carved wooden image. Shepherd with lamb in wood.\" \/>\n<meta name=\"robots\" content=\"index, follow, max-snippet:-1, max-image-preview:large, max-video-preview:-1\" \/>\n<link rel=\"canonical\" href=\"https:\/\/articulosreligiosos.com\/en\/product\/shepherd-with-lamb-rustic-nativity-mape00610700204\/\" \/>\n<meta property=\"og:locale\" content=\"en_US\" \/>\n<meta property=\"og:type\" content=\"article\" \/>\n<meta property=\"og:title\" content=\"Shepherd with lamb (Rustic Nativity)\" \/>\n<meta property=\"og:description\" content=\"Carved wooden image. Shepherd with lamb in wood.\" \/>\n<meta property=\"og:url\" content=\"https:\/\/articulosreligiosos.com\/en\/product\/shepherd-with-lamb-rustic-nativity-mape00610700204\/\" \/>\n<meta property=\"og:site_name\" content=\"articulosreligiosos.com\" \/>\n<meta property=\"article:modified_time\" content=\"2025-03-03T07:57:49+00:00\" \/>\n<meta property=\"og:image\" content=\"https:\/\/articulosreligiosos.com\/wp-content\/uploads\/2025\/08\/Arriero-de-cordero-Nacimiento-Folclorico-mape00610100204-0.webp\" \/>\n\t<meta property=\"og:image:width\" content=\"1200\" \/>\n\t<meta property=\"og:image:height\" content=\"1500\" \/>\n\t<meta property=\"og:image:type\" content=\"image\/webp\" \/>\n<meta name=\"twitter:card\" content=\"summary_large_image\" \/>\n<meta name=\"twitter:label1\" content=\"Availability\" \/>\n\t<meta name=\"twitter:data1\" content=\"In stock\" \/>\n<script type=\"application\/ld+json\" class=\"yoast-schema-graph\">{\"@context\":\"https:\/\/schema.org\",\"@graph\":[{\"@type\":\"WebPage\",\"@id\":\"https:\/\/articulosreligiosos.com\/en\/product\/shepherd-with-lamb-rustic-nativity-mape00610700204\/\",\"url\":\"https:\/\/articulosreligiosos.com\/en\/product\/shepherd-with-lamb-rustic-nativity-mape00610700204\/\",\"name\":\"Buy Shepherd with lamb (Rustic Nativity) - Art\u00edculos Religiosos | Online Store\",\"isPartOf\":{\"@id\":\"https:\/\/articulosreligiosos.com\/en\/#website\"},\"primaryImageOfPage\":{\"@id\":\"https:\/\/articulosreligiosos.com\/en\/product\/shepherd-with-lamb-rustic-nativity-mape00610700204\/#primaryimage\"},\"image\":{\"@id\":\"https:\/\/articulosreligiosos.com\/en\/product\/shepherd-with-lamb-rustic-nativity-mape00610700204\/#primaryimage\"},\"thumbnailUrl\":\"https:\/\/articulosreligiosos.com\/wp-content\/uploads\/2025\/08\/Arriero-de-cordero-Nacimiento-Folclorico-mape00610100204-0.webp\",\"datePublished\":\"2011-04-18T12:22:57+00:00\",\"dateModified\":\"2025-03-03T07:57:49+00:00\",\"description\":\"Carved wooden image. Shepherd with lamb in wood.\",\"breadcrumb\":{\"@id\":\"https:\/\/articulosreligiosos.com\/en\/product\/shepherd-with-lamb-rustic-nativity-mape00610700204\/#breadcrumb\"},\"inLanguage\":\"en-US\",\"potentialAction\":[{\"@type\":\"ReadAction\",\"target\":[\"https:\/\/articulosreligiosos.com\/en\/product\/shepherd-with-lamb-rustic-nativity-mape00610700204\/\"]}]},{\"@type\":\"ImageObject\",\"inLanguage\":\"en-US\",\"@id\":\"https:\/\/articulosreligiosos.com\/en\/product\/shepherd-with-lamb-rustic-nativity-mape00610700204\/#primaryimage\",\"url\":\"https:\/\/articulosreligiosos.com\/wp-content\/uploads\/2025\/08\/Arriero-de-cordero-Nacimiento-Folclorico-mape00610100204-0.webp\",\"contentUrl\":\"https:\/\/articulosreligiosos.com\/wp-content\/uploads\/2025\/08\/Arriero-de-cordero-Nacimiento-Folclorico-mape00610100204-0.webp\",\"width\":1200,\"height\":1500},{\"@type\":\"BreadcrumbList\",\"@id\":\"https:\/\/articulosreligiosos.com\/en\/product\/shepherd-with-lamb-rustic-nativity-mape00610700204\/#breadcrumb\",\"itemListElement\":[{\"@type\":\"ListItem\",\"position\":1,\"name\":\"Home\",\"item\":\"https:\/\/articulosreligiosos.com\/en\/\"},{\"@type\":\"ListItem\",\"position\":2,\"name\":\"Products\"},{\"@type\":\"ListItem\",\"position\":3,\"name\":\"Shepherd with lamb (Rustic Nativity)\"}]},{\"@type\":\"WebSite\",\"@id\":\"https:\/\/articulosreligiosos.com\/en\/#website\",\"url\":\"https:\/\/articulosreligiosos.com\/en\/\",\"name\":\"Art\u00edculos Religiosos\",\"description\":\"Tienda online | Fabricaci\u00f3n, restauraci\u00f3n y comercializaci\u00f3n de objetos religiosos al mejor precio y con el mejor servicio.\",\"publisher\":{\"@id\":\"https:\/\/articulosreligiosos.com\/en\/#organization\"},\"potentialAction\":[{\"@type\":\"SearchAction\",\"target\":{\"@type\":\"EntryPoint\",\"urlTemplate\":\"https:\/\/articulosreligiosos.com\/en\/?s={search_term_string}\"},\"query-input\":{\"@type\":\"PropertyValueSpecification\",\"valueRequired\":true,\"valueName\":\"search_term_string\"}}],\"inLanguage\":\"en-US\"},{\"@type\":\"Organization\",\"@id\":\"https:\/\/articulosreligiosos.com\/en\/#organization\",\"name\":\"Art\u00edculos Religiosos\",\"url\":\"https:\/\/articulosreligiosos.com\/en\/\",\"logo\":{\"@type\":\"ImageObject\",\"inLanguage\":\"en-US\",\"@id\":\"https:\/\/articulosreligiosos.com\/en\/#\/schema\/logo\/image\/\",\"url\":\"https:\/\/articulosreligiosos.com\/wp-content\/uploads\/2023\/12\/newlogo-1.png\",\"contentUrl\":\"https:\/\/articulosreligiosos.com\/wp-content\/uploads\/2023\/12\/newlogo-1.png\",\"width\":178,\"height\":114,\"caption\":\"Art\u00edculos Religiosos\"},\"image\":{\"@id\":\"https:\/\/articulosreligiosos.com\/en\/#\/schema\/logo\/image\/\"},\"sameAs\":[\"https:\/\/www.instagram.com\/articulosreligiosos.tienda\/\"],\"hasMerchantReturnPolicy\":{\"@type\":\"MerchantReturnPolicy\",\"merchantReturnLink\":\"https:\/\/articulosreligiosos.com\/en\/refund-and-returns-policy\/\"}}]}<\/script>\n<meta property=\"og:availability\" content=\"instock\" \/>\n<meta property=\"product:availability\" content=\"instock\" \/>\n<meta property=\"product:retailer_item_id\" content=\"MAPE00610700204\" \/>\n<meta property=\"product:condition\" content=\"new\" \/>\n<!-- \/ Yoast SEO Premium plugin. -->","yoast_head_json":{"title":"Buy Shepherd with lamb (Rustic Nativity) - Art\u00edculos Religiosos | Online Store","description":"Carved wooden image. Shepherd with lamb in wood.","robots":{"index":"index","follow":"follow","max-snippet":"max-snippet:-1","max-image-preview":"max-image-preview:large","max-video-preview":"max-video-preview:-1"},"canonical":"https:\/\/articulosreligiosos.com\/en\/product\/shepherd-with-lamb-rustic-nativity-mape00610700204\/","og_locale":"en_US","og_type":"article","og_title":"Shepherd with lamb (Rustic Nativity)","og_description":"Carved wooden image. Shepherd with lamb in wood.","og_url":"https:\/\/articulosreligiosos.com\/en\/product\/shepherd-with-lamb-rustic-nativity-mape00610700204\/","og_site_name":"articulosreligiosos.com","article_modified_time":"2025-03-03T07:57:49+00:00","og_image":[{"width":1200,"height":1500,"url":"https:\/\/articulosreligiosos.com\/wp-content\/uploads\/2025\/08\/Arriero-de-cordero-Nacimiento-Folclorico-mape00610100204-0.webp","type":"image\/webp"}],"twitter_card":"summary_large_image","twitter_misc":{"Availability":"In stock"},"schema":{"@context":"https:\/\/schema.org","@graph":[{"@type":"WebPage","@id":"https:\/\/articulosreligiosos.com\/en\/product\/shepherd-with-lamb-rustic-nativity-mape00610700204\/","url":"https:\/\/articulosreligiosos.com\/en\/product\/shepherd-with-lamb-rustic-nativity-mape00610700204\/","name":"Buy Shepherd with lamb (Rustic Nativity) - Art\u00edculos Religiosos | Online Store","isPartOf":{"@id":"https:\/\/articulosreligiosos.com\/en\/#website"},"primaryImageOfPage":{"@id":"https:\/\/articulosreligiosos.com\/en\/product\/shepherd-with-lamb-rustic-nativity-mape00610700204\/#primaryimage"},"image":{"@id":"https:\/\/articulosreligiosos.com\/en\/product\/shepherd-with-lamb-rustic-nativity-mape00610700204\/#primaryimage"},"thumbnailUrl":"https:\/\/articulosreligiosos.com\/wp-content\/uploads\/2025\/08\/Arriero-de-cordero-Nacimiento-Folclorico-mape00610100204-0.webp","datePublished":"2011-04-18T12:22:57+00:00","dateModified":"2025-03-03T07:57:49+00:00","description":"Carved wooden image. Shepherd with lamb in wood.","breadcrumb":{"@id":"https:\/\/articulosreligiosos.com\/en\/product\/shepherd-with-lamb-rustic-nativity-mape00610700204\/#breadcrumb"},"inLanguage":"en-US","potentialAction":[{"@type":"ReadAction","target":["https:\/\/articulosreligiosos.com\/en\/product\/shepherd-with-lamb-rustic-nativity-mape00610700204\/"]}]},{"@type":"ImageObject","inLanguage":"en-US","@id":"https:\/\/articulosreligiosos.com\/en\/product\/shepherd-with-lamb-rustic-nativity-mape00610700204\/#primaryimage","url":"https:\/\/articulosreligiosos.com\/wp-content\/uploads\/2025\/08\/Arriero-de-cordero-Nacimiento-Folclorico-mape00610100204-0.webp","contentUrl":"https:\/\/articulosreligiosos.com\/wp-content\/uploads\/2025\/08\/Arriero-de-cordero-Nacimiento-Folclorico-mape00610100204-0.webp","width":1200,"height":1500},{"@type":"BreadcrumbList","@id":"https:\/\/articulosreligiosos.com\/en\/product\/shepherd-with-lamb-rustic-nativity-mape00610700204\/#breadcrumb","itemListElement":[{"@type":"ListItem","position":1,"name":"Home","item":"https:\/\/articulosreligiosos.com\/en\/"},{"@type":"ListItem","position":2,"name":"Products"},{"@type":"ListItem","position":3,"name":"Shepherd with lamb (Rustic Nativity)"}]},{"@type":"WebSite","@id":"https:\/\/articulosreligiosos.com\/en\/#website","url":"https:\/\/articulosreligiosos.com\/en\/","name":"Art\u00edculos Religiosos","description":"Tienda online | Fabricaci\u00f3n, restauraci\u00f3n y comercializaci\u00f3n de objetos religiosos al mejor precio y con el mejor servicio.","publisher":{"@id":"https:\/\/articulosreligiosos.com\/en\/#organization"},"potentialAction":[{"@type":"SearchAction","target":{"@type":"EntryPoint","urlTemplate":"https:\/\/articulosreligiosos.com\/en\/?s={search_term_string}"},"query-input":{"@type":"PropertyValueSpecification","valueRequired":true,"valueName":"search_term_string"}}],"inLanguage":"en-US"},{"@type":"Organization","@id":"https:\/\/articulosreligiosos.com\/en\/#organization","name":"Art\u00edculos Religiosos","url":"https:\/\/articulosreligiosos.com\/en\/","logo":{"@type":"ImageObject","inLanguage":"en-US","@id":"https:\/\/articulosreligiosos.com\/en\/#\/schema\/logo\/image\/","url":"https:\/\/articulosreligiosos.com\/wp-content\/uploads\/2023\/12\/newlogo-1.png","contentUrl":"https:\/\/articulosreligiosos.com\/wp-content\/uploads\/2023\/12\/newlogo-1.png","width":178,"height":114,"caption":"Art\u00edculos Religiosos"},"image":{"@id":"https:\/\/articulosreligiosos.com\/en\/#\/schema\/logo\/image\/"},"sameAs":["https:\/\/www.instagram.com\/articulosreligiosos.tienda\/"],"hasMerchantReturnPolicy":{"@type":"MerchantReturnPolicy","merchantReturnLink":"https:\/\/articulosreligiosos.com\/en\/refund-and-returns-policy\/"}}]},"og_availability":"instock","product_availability":"instock","product_retailer_item_id":"MAPE00610700204","product_condition":"new"},"_links":{"self":[{"href":"https:\/\/articulosreligiosos.com\/en\/wp-json\/wp\/v2\/product\/16474","targetHints":{"allow":["GET"]}}],"collection":[{"href":"https:\/\/articulosreligiosos.com\/en\/wp-json\/wp\/v2\/product"}],"about":[{"href":"https:\/\/articulosreligiosos.com\/en\/wp-json\/wp\/v2\/types\/product"}],"replies":[{"embeddable":true,"href":"https:\/\/articulosreligiosos.com\/en\/wp-json\/wp\/v2\/comments?post=16474"}],"wp:featuredmedia":[{"embeddable":true,"href":"https:\/\/articulosreligiosos.com\/en\/wp-json\/wp\/v2\/media\/329562"}],"wp:attachment":[{"href":"https:\/\/articulosreligiosos.com\/en\/wp-json\/wp\/v2\/media?parent=16474"}],"wp:term":[{"taxonomy":"product_brand","embeddable":true,"href":"https:\/\/articulosreligiosos.com\/en\/wp-json\/wp\/v2\/product_brand?post=16474"},{"taxonomy":"product_cat","embeddable":true,"href":"https:\/\/articulosreligiosos.com\/en\/wp-json\/wp\/v2\/product_cat?post=16474"},{"taxonomy":"product_tag","embeddable":true,"href":"https:\/\/articulosreligiosos.com\/en\/wp-json\/wp\/v2\/product_tag?post=16474"}],"curies":[{"name":"wp","href":"https:\/\/api.w.org\/{rel}","templated":true}]}}