{"id":158673,"date":"2020-09-14T14:10:11","date_gmt":"2020-09-14T14:10:11","guid":{"rendered":"https:\/\/articulosreligiosos.com\/product\/nativity-fiberglass\/"},"modified":"2025-03-03T17:01:39","modified_gmt":"2025-03-03T17:01:39","slug":"nativity-fiberglass","status":"publish","type":"product","link":"https:\/\/articulosreligiosos.com\/en\/product\/nativity-fiberglass\/","title":{"rendered":"Nativity. Fiberglass"},"content":{"rendered":"<p>Sculpture of a Nativity high quality fiberglass. Sculpture with a perfect finish.<\/p>\n","protected":false},"excerpt":{"rendered":"<p>Nativity in fiberglass, made up of Saint Joseph, the Virgin Mary and the Child Jesus. Various finishes available. The Natural and Exterior Color decorations are suitable to put the sculpture outdoors.<\/p>\n","protected":false},"featured_media":328170,"comment_status":"open","ping_status":"closed","template":"","meta":{"_acf_changed":false},"product_brand":[],"product_cat":[6334],"product_tag":[],"class_list":{"0":"post-158673","1":"product","2":"type-product","3":"status-publish","4":"has-post-thumbnail","6":"product_cat-nativities-nativity-crib-manger-sculptures-en","7":"pa_altura-1000-en","8":"pa_altura-600-en","9":"pa_altura-800-en","10":"pa_decoracion_imagenes-colored-en-en","11":"pa_decoracion_imagenes-colored_outside-en","12":"pa_decoracion_imagenes-natural-en","13":"pa_decoraciones_general-available-in-various-decorations","14":"pa_disponibilidad-25-en-2","15":"pa_manufacturer-p005-en","16":"pa_material-fiberglass","18":"first","19":"instock","20":"taxable","21":"shipping-taxable","22":"purchasable","23":"product-type-variable","24":"rtwpvs-product"},"acf":[],"yoast_head":"<!-- This site is optimized with the Yoast SEO Premium plugin v27.2 (Yoast SEO v27.2) - https:\/\/yoast.com\/product\/yoast-seo-premium-wordpress\/ -->\n<title>Buy Nativity. Fiberglass - Art\u00edculos Religiosos | Online Store<\/title>\n<meta name=\"description\" content=\"Nativity in fiberglass, made up of Saint Joseph, the Virgin Mary and the Child Jesus. Various finishes available. The Natural and Exterior Color decorations are suitable to put the sculpture outdoors.\" \/>\n<meta name=\"robots\" content=\"index, follow, max-snippet:-1, max-image-preview:large, max-video-preview:-1\" \/>\n<link rel=\"canonical\" href=\"https:\/\/articulosreligiosos.com\/en\/product\/nativity-fiberglass\/\" \/>\n<meta property=\"og:locale\" content=\"en_US\" \/>\n<meta property=\"og:type\" content=\"article\" \/>\n<meta property=\"og:title\" content=\"Nativity. Fiberglass\" \/>\n<meta property=\"og:description\" content=\"Nativity in fiberglass, made up of Saint Joseph, the Virgin Mary and the Child Jesus. Various finishes available. The Natural and Exterior Color decorations are suitable to put the sculpture outdoors.\" \/>\n<meta property=\"og:url\" content=\"https:\/\/articulosreligiosos.com\/en\/product\/nativity-fiberglass\/\" \/>\n<meta property=\"og:site_name\" content=\"articulosreligiosos.com\" \/>\n<meta property=\"article:modified_time\" content=\"2025-03-03T17:01:39+00:00\" \/>\n<meta property=\"og:image\" content=\"https:\/\/articulosreligiosos.com\/wp-content\/uploads\/2025\/07\/Nacimiento-Fibra-de-vidrio-mape005fb16801-0.webp\" \/>\n\t<meta property=\"og:image:width\" content=\"1168\" \/>\n\t<meta property=\"og:image:height\" content=\"1500\" \/>\n\t<meta property=\"og:image:type\" content=\"image\/webp\" \/>\n<meta name=\"twitter:card\" content=\"summary_large_image\" \/>\n<meta name=\"twitter:label1\" content=\"Availability\" \/>\n\t<meta name=\"twitter:data1\" content=\"In stock\" \/>\n<script type=\"application\/ld+json\" class=\"yoast-schema-graph\">{\"@context\":\"https:\/\/schema.org\",\"@graph\":[{\"@type\":\"WebPage\",\"@id\":\"https:\/\/articulosreligiosos.com\/en\/product\/nativity-fiberglass\/\",\"url\":\"https:\/\/articulosreligiosos.com\/en\/product\/nativity-fiberglass\/\",\"name\":\"Buy Nativity. Fiberglass - Art\u00edculos Religiosos | Online Store\",\"isPartOf\":{\"@id\":\"https:\/\/articulosreligiosos.com\/en\/#website\"},\"primaryImageOfPage\":{\"@id\":\"https:\/\/articulosreligiosos.com\/en\/product\/nativity-fiberglass\/#primaryimage\"},\"image\":{\"@id\":\"https:\/\/articulosreligiosos.com\/en\/product\/nativity-fiberglass\/#primaryimage\"},\"thumbnailUrl\":\"https:\/\/articulosreligiosos.com\/wp-content\/uploads\/2025\/07\/Nacimiento-Fibra-de-vidrio-mape005fb16801-0.webp\",\"datePublished\":\"2020-09-14T14:10:11+00:00\",\"dateModified\":\"2025-03-03T17:01:39+00:00\",\"description\":\"Nativity in fiberglass, made up of Saint Joseph, the Virgin Mary and the Child Jesus. Various finishes available. The Natural and Exterior Color decorations are suitable to put the sculpture outdoors.\",\"breadcrumb\":{\"@id\":\"https:\/\/articulosreligiosos.com\/en\/product\/nativity-fiberglass\/#breadcrumb\"},\"inLanguage\":\"en-US\",\"potentialAction\":[{\"@type\":\"ReadAction\",\"target\":[\"https:\/\/articulosreligiosos.com\/en\/product\/nativity-fiberglass\/\"]}]},{\"@type\":\"ImageObject\",\"inLanguage\":\"en-US\",\"@id\":\"https:\/\/articulosreligiosos.com\/en\/product\/nativity-fiberglass\/#primaryimage\",\"url\":\"https:\/\/articulosreligiosos.com\/wp-content\/uploads\/2025\/07\/Nacimiento-Fibra-de-vidrio-mape005fb16801-0.webp\",\"contentUrl\":\"https:\/\/articulosreligiosos.com\/wp-content\/uploads\/2025\/07\/Nacimiento-Fibra-de-vidrio-mape005fb16801-0.webp\",\"width\":1168,\"height\":1500},{\"@type\":\"BreadcrumbList\",\"@id\":\"https:\/\/articulosreligiosos.com\/en\/product\/nativity-fiberglass\/#breadcrumb\",\"itemListElement\":[{\"@type\":\"ListItem\",\"position\":1,\"name\":\"Home\",\"item\":\"https:\/\/articulosreligiosos.com\/en\/\"},{\"@type\":\"ListItem\",\"position\":2,\"name\":\"Products\"},{\"@type\":\"ListItem\",\"position\":3,\"name\":\"Nativity. Fiberglass\"}]},{\"@type\":\"WebSite\",\"@id\":\"https:\/\/articulosreligiosos.com\/en\/#website\",\"url\":\"https:\/\/articulosreligiosos.com\/en\/\",\"name\":\"Art\u00edculos Religiosos\",\"description\":\"Tienda online | Fabricaci\u00f3n, restauraci\u00f3n y comercializaci\u00f3n de objetos religiosos al mejor precio y con el mejor servicio.\",\"publisher\":{\"@id\":\"https:\/\/articulosreligiosos.com\/en\/#organization\"},\"potentialAction\":[{\"@type\":\"SearchAction\",\"target\":{\"@type\":\"EntryPoint\",\"urlTemplate\":\"https:\/\/articulosreligiosos.com\/en\/?s={search_term_string}\"},\"query-input\":{\"@type\":\"PropertyValueSpecification\",\"valueRequired\":true,\"valueName\":\"search_term_string\"}}],\"inLanguage\":\"en-US\"},{\"@type\":\"Organization\",\"@id\":\"https:\/\/articulosreligiosos.com\/en\/#organization\",\"name\":\"Art\u00edculos Religiosos\",\"url\":\"https:\/\/articulosreligiosos.com\/en\/\",\"logo\":{\"@type\":\"ImageObject\",\"inLanguage\":\"en-US\",\"@id\":\"https:\/\/articulosreligiosos.com\/en\/#\/schema\/logo\/image\/\",\"url\":\"https:\/\/articulosreligiosos.com\/wp-content\/uploads\/2023\/12\/newlogo-1.png\",\"contentUrl\":\"https:\/\/articulosreligiosos.com\/wp-content\/uploads\/2023\/12\/newlogo-1.png\",\"width\":178,\"height\":114,\"caption\":\"Art\u00edculos Religiosos\"},\"image\":{\"@id\":\"https:\/\/articulosreligiosos.com\/en\/#\/schema\/logo\/image\/\"},\"sameAs\":[\"https:\/\/www.instagram.com\/articulosreligiosos.tienda\/\"],\"hasMerchantReturnPolicy\":{\"@type\":\"MerchantReturnPolicy\",\"merchantReturnLink\":\"https:\/\/articulosreligiosos.com\/en\/refund-and-returns-policy\/\"}}]}<\/script>\n<meta property=\"og:availability\" content=\"instock\" \/>\n<meta property=\"product:availability\" content=\"instock\" \/>\n<meta property=\"product:retailer_item_id\" content=\"MAPE005FB16801\" \/>\n<meta property=\"product:condition\" content=\"new\" \/>\n<!-- \/ Yoast SEO Premium plugin. -->","yoast_head_json":{"title":"Buy Nativity. Fiberglass - Art\u00edculos Religiosos | Online Store","description":"Nativity in fiberglass, made up of Saint Joseph, the Virgin Mary and the Child Jesus. Various finishes available. The Natural and Exterior Color decorations are suitable to put the sculpture outdoors.","robots":{"index":"index","follow":"follow","max-snippet":"max-snippet:-1","max-image-preview":"max-image-preview:large","max-video-preview":"max-video-preview:-1"},"canonical":"https:\/\/articulosreligiosos.com\/en\/product\/nativity-fiberglass\/","og_locale":"en_US","og_type":"article","og_title":"Nativity. Fiberglass","og_description":"Nativity in fiberglass, made up of Saint Joseph, the Virgin Mary and the Child Jesus. Various finishes available. The Natural and Exterior Color decorations are suitable to put the sculpture outdoors.","og_url":"https:\/\/articulosreligiosos.com\/en\/product\/nativity-fiberglass\/","og_site_name":"articulosreligiosos.com","article_modified_time":"2025-03-03T17:01:39+00:00","og_image":[{"width":1168,"height":1500,"url":"https:\/\/articulosreligiosos.com\/wp-content\/uploads\/2025\/07\/Nacimiento-Fibra-de-vidrio-mape005fb16801-0.webp","type":"image\/webp"}],"twitter_card":"summary_large_image","twitter_misc":{"Availability":"In stock"},"schema":{"@context":"https:\/\/schema.org","@graph":[{"@type":"WebPage","@id":"https:\/\/articulosreligiosos.com\/en\/product\/nativity-fiberglass\/","url":"https:\/\/articulosreligiosos.com\/en\/product\/nativity-fiberglass\/","name":"Buy Nativity. Fiberglass - Art\u00edculos Religiosos | Online Store","isPartOf":{"@id":"https:\/\/articulosreligiosos.com\/en\/#website"},"primaryImageOfPage":{"@id":"https:\/\/articulosreligiosos.com\/en\/product\/nativity-fiberglass\/#primaryimage"},"image":{"@id":"https:\/\/articulosreligiosos.com\/en\/product\/nativity-fiberglass\/#primaryimage"},"thumbnailUrl":"https:\/\/articulosreligiosos.com\/wp-content\/uploads\/2025\/07\/Nacimiento-Fibra-de-vidrio-mape005fb16801-0.webp","datePublished":"2020-09-14T14:10:11+00:00","dateModified":"2025-03-03T17:01:39+00:00","description":"Nativity in fiberglass, made up of Saint Joseph, the Virgin Mary and the Child Jesus. Various finishes available. The Natural and Exterior Color decorations are suitable to put the sculpture outdoors.","breadcrumb":{"@id":"https:\/\/articulosreligiosos.com\/en\/product\/nativity-fiberglass\/#breadcrumb"},"inLanguage":"en-US","potentialAction":[{"@type":"ReadAction","target":["https:\/\/articulosreligiosos.com\/en\/product\/nativity-fiberglass\/"]}]},{"@type":"ImageObject","inLanguage":"en-US","@id":"https:\/\/articulosreligiosos.com\/en\/product\/nativity-fiberglass\/#primaryimage","url":"https:\/\/articulosreligiosos.com\/wp-content\/uploads\/2025\/07\/Nacimiento-Fibra-de-vidrio-mape005fb16801-0.webp","contentUrl":"https:\/\/articulosreligiosos.com\/wp-content\/uploads\/2025\/07\/Nacimiento-Fibra-de-vidrio-mape005fb16801-0.webp","width":1168,"height":1500},{"@type":"BreadcrumbList","@id":"https:\/\/articulosreligiosos.com\/en\/product\/nativity-fiberglass\/#breadcrumb","itemListElement":[{"@type":"ListItem","position":1,"name":"Home","item":"https:\/\/articulosreligiosos.com\/en\/"},{"@type":"ListItem","position":2,"name":"Products"},{"@type":"ListItem","position":3,"name":"Nativity. Fiberglass"}]},{"@type":"WebSite","@id":"https:\/\/articulosreligiosos.com\/en\/#website","url":"https:\/\/articulosreligiosos.com\/en\/","name":"Art\u00edculos Religiosos","description":"Tienda online | Fabricaci\u00f3n, restauraci\u00f3n y comercializaci\u00f3n de objetos religiosos al mejor precio y con el mejor servicio.","publisher":{"@id":"https:\/\/articulosreligiosos.com\/en\/#organization"},"potentialAction":[{"@type":"SearchAction","target":{"@type":"EntryPoint","urlTemplate":"https:\/\/articulosreligiosos.com\/en\/?s={search_term_string}"},"query-input":{"@type":"PropertyValueSpecification","valueRequired":true,"valueName":"search_term_string"}}],"inLanguage":"en-US"},{"@type":"Organization","@id":"https:\/\/articulosreligiosos.com\/en\/#organization","name":"Art\u00edculos Religiosos","url":"https:\/\/articulosreligiosos.com\/en\/","logo":{"@type":"ImageObject","inLanguage":"en-US","@id":"https:\/\/articulosreligiosos.com\/en\/#\/schema\/logo\/image\/","url":"https:\/\/articulosreligiosos.com\/wp-content\/uploads\/2023\/12\/newlogo-1.png","contentUrl":"https:\/\/articulosreligiosos.com\/wp-content\/uploads\/2023\/12\/newlogo-1.png","width":178,"height":114,"caption":"Art\u00edculos Religiosos"},"image":{"@id":"https:\/\/articulosreligiosos.com\/en\/#\/schema\/logo\/image\/"},"sameAs":["https:\/\/www.instagram.com\/articulosreligiosos.tienda\/"],"hasMerchantReturnPolicy":{"@type":"MerchantReturnPolicy","merchantReturnLink":"https:\/\/articulosreligiosos.com\/en\/refund-and-returns-policy\/"}}]},"og_availability":"instock","product_availability":"instock","product_retailer_item_id":"MAPE005FB16801","product_condition":"new"},"_links":{"self":[{"href":"https:\/\/articulosreligiosos.com\/en\/wp-json\/wp\/v2\/product\/158673","targetHints":{"allow":["GET"]}}],"collection":[{"href":"https:\/\/articulosreligiosos.com\/en\/wp-json\/wp\/v2\/product"}],"about":[{"href":"https:\/\/articulosreligiosos.com\/en\/wp-json\/wp\/v2\/types\/product"}],"replies":[{"embeddable":true,"href":"https:\/\/articulosreligiosos.com\/en\/wp-json\/wp\/v2\/comments?post=158673"}],"wp:featuredmedia":[{"embeddable":true,"href":"https:\/\/articulosreligiosos.com\/en\/wp-json\/wp\/v2\/media\/328170"}],"wp:attachment":[{"href":"https:\/\/articulosreligiosos.com\/en\/wp-json\/wp\/v2\/media?parent=158673"}],"wp:term":[{"taxonomy":"product_brand","embeddable":true,"href":"https:\/\/articulosreligiosos.com\/en\/wp-json\/wp\/v2\/product_brand?post=158673"},{"taxonomy":"product_cat","embeddable":true,"href":"https:\/\/articulosreligiosos.com\/en\/wp-json\/wp\/v2\/product_cat?post=158673"},{"taxonomy":"product_tag","embeddable":true,"href":"https:\/\/articulosreligiosos.com\/en\/wp-json\/wp\/v2\/product_tag?post=158673"}],"curies":[{"name":"wp","href":"https:\/\/api.w.org\/{rel}","templated":true}]}}