{"id":150746,"date":"2020-09-14T14:07:07","date_gmt":"2020-09-14T14:07:07","guid":{"rendered":"https:\/\/articulosreligiosos.com\/product\/childrens-cross-with-angel-and-sun-115977\/"},"modified":"2025-05-18T12:18:12","modified_gmt":"2025-05-18T12:18:12","slug":"childrens-cross-with-angel-and-sun-115977","status":"publish","type":"product","link":"https:\/\/articulosreligiosos.com\/en\/product\/childrens-cross-with-angel-and-sun-115977\/","title":{"rendered":"Children\u2019s cross with Angel and sun"},"content":{"rendered":"<p>Childrens cross with Angel and sun<\/p>\n<p> This crucifix is made of <strong>wood<\/strong> , with a highly detailed finish.<\/p>\n<p> Devotion in every detail<\/p>\n<p> A unique piece that conveys spirituality. Buy with confidence and assured quality.<br \/> Visit our complete collection of <a href=\"https:\/\/articulosreligiosos.com\/en\/product-category\/religious-statues-religious-sculptures-catholic-statues-en\/\" target=\"_blank\">religious imagery<\/a> .<\/p>\n","protected":false},"excerpt":{"rendered":"<p>Children&#8217;s cross with Angel and sun in natural wood carving. Various finishes available.<\/p>\n","protected":false},"featured_media":327952,"comment_status":"open","ping_status":"closed","template":"","meta":{"_acf_changed":false},"product_brand":[],"product_cat":[6264],"product_tag":[],"class_list":{"0":"post-150746","1":"product","2":"type-product","3":"status-publish","4":"has-post-thumbnail","6":"product_cat-to-hang-crosses-crucifixes-cross-crucifix-en","7":"pa_altura-150-en","8":"pa_decoracion_imagenes-colored_blue-en","9":"pa_decoracion_imagenes-colored_pink-en","10":"pa_decoracion_imagenes-natural-en","11":"pa_decoraciones_general-available-in-various-decorations","12":"pa_disponibilidad-25-en-2","13":"pa_manufacturer-p005-en","14":"pa_material-woodcarving","16":"first","17":"instock","18":"taxable","19":"shipping-taxable","20":"purchasable","21":"product-type-variable","22":"rtwpvs-product"},"acf":[],"yoast_head":"<!-- This site is optimized with the Yoast SEO Premium plugin v27.2 (Yoast SEO v27.2) - https:\/\/yoast.com\/product\/yoast-seo-premium-wordpress\/ -->\n<title>Purchase a unique, spiritual childrens cross with an angel and sun<\/title>\n<meta name=\"description\" content=\"Childrens cross with an angel and sun, ideal as a devotional gift or for your altar. Friendly service and fast delivery.\" \/>\n<meta name=\"robots\" content=\"index, follow, max-snippet:-1, max-image-preview:large, max-video-preview:-1\" \/>\n<link rel=\"canonical\" href=\"https:\/\/articulosreligiosos.com\/en\/product\/childrens-cross-with-angel-and-sun-115977\/\" \/>\n<meta property=\"og:locale\" content=\"en_US\" \/>\n<meta property=\"og:type\" content=\"article\" \/>\n<meta property=\"og:title\" content=\"Children\u2019s cross with Angel and sun\" \/>\n<meta property=\"og:description\" content=\"Childrens cross with an angel and sun, ideal as a devotional gift or for your altar. Friendly service and fast delivery.\" \/>\n<meta property=\"og:url\" content=\"https:\/\/articulosreligiosos.com\/en\/product\/childrens-cross-with-angel-and-sun-115977\/\" \/>\n<meta property=\"og:site_name\" content=\"articulosreligiosos.com\" \/>\n<meta property=\"article:modified_time\" content=\"2025-05-18T12:18:12+00:00\" \/>\n<meta property=\"og:image\" content=\"https:\/\/articulosreligiosos.com\/wp-content\/uploads\/2025\/07\/Cruz-infantil-con-Angel-y-sol-macr00516252-0.webp\" \/>\n\t<meta property=\"og:image:width\" content=\"825\" \/>\n\t<meta property=\"og:image:height\" content=\"1100\" \/>\n\t<meta property=\"og:image:type\" content=\"image\/webp\" \/>\n<meta name=\"twitter:card\" content=\"summary_large_image\" \/>\n<meta name=\"twitter:label1\" content=\"Availability\" \/>\n\t<meta name=\"twitter:data1\" content=\"In stock\" \/>\n<script type=\"application\/ld+json\" class=\"yoast-schema-graph\">{\"@context\":\"https:\/\/schema.org\",\"@graph\":[{\"@type\":\"WebPage\",\"@id\":\"https:\/\/articulosreligiosos.com\/en\/product\/childrens-cross-with-angel-and-sun-115977\/\",\"url\":\"https:\/\/articulosreligiosos.com\/en\/product\/childrens-cross-with-angel-and-sun-115977\/\",\"name\":\"Purchase a unique, spiritual childrens cross with an angel and sun\",\"isPartOf\":{\"@id\":\"https:\/\/articulosreligiosos.com\/en\/#website\"},\"primaryImageOfPage\":{\"@id\":\"https:\/\/articulosreligiosos.com\/en\/product\/childrens-cross-with-angel-and-sun-115977\/#primaryimage\"},\"image\":{\"@id\":\"https:\/\/articulosreligiosos.com\/en\/product\/childrens-cross-with-angel-and-sun-115977\/#primaryimage\"},\"thumbnailUrl\":\"https:\/\/articulosreligiosos.com\/wp-content\/uploads\/2025\/07\/Cruz-infantil-con-Angel-y-sol-macr00516252-0.webp\",\"datePublished\":\"2020-09-14T14:07:07+00:00\",\"dateModified\":\"2025-05-18T12:18:12+00:00\",\"description\":\"Childrens cross with an angel and sun, ideal as a devotional gift or for your altar. Friendly service and fast delivery.\",\"breadcrumb\":{\"@id\":\"https:\/\/articulosreligiosos.com\/en\/product\/childrens-cross-with-angel-and-sun-115977\/#breadcrumb\"},\"inLanguage\":\"en-US\",\"potentialAction\":[{\"@type\":\"ReadAction\",\"target\":[\"https:\/\/articulosreligiosos.com\/en\/product\/childrens-cross-with-angel-and-sun-115977\/\"]}]},{\"@type\":\"ImageObject\",\"inLanguage\":\"en-US\",\"@id\":\"https:\/\/articulosreligiosos.com\/en\/product\/childrens-cross-with-angel-and-sun-115977\/#primaryimage\",\"url\":\"https:\/\/articulosreligiosos.com\/wp-content\/uploads\/2025\/07\/Cruz-infantil-con-Angel-y-sol-macr00516252-0.webp\",\"contentUrl\":\"https:\/\/articulosreligiosos.com\/wp-content\/uploads\/2025\/07\/Cruz-infantil-con-Angel-y-sol-macr00516252-0.webp\",\"width\":825,\"height\":1100},{\"@type\":\"BreadcrumbList\",\"@id\":\"https:\/\/articulosreligiosos.com\/en\/product\/childrens-cross-with-angel-and-sun-115977\/#breadcrumb\",\"itemListElement\":[{\"@type\":\"ListItem\",\"position\":1,\"name\":\"Home\",\"item\":\"https:\/\/articulosreligiosos.com\/en\/\"},{\"@type\":\"ListItem\",\"position\":2,\"name\":\"Products\"},{\"@type\":\"ListItem\",\"position\":3,\"name\":\"Children\u2019s cross with Angel and sun\"}]},{\"@type\":\"WebSite\",\"@id\":\"https:\/\/articulosreligiosos.com\/en\/#website\",\"url\":\"https:\/\/articulosreligiosos.com\/en\/\",\"name\":\"Art\u00edculos Religiosos\",\"description\":\"Tienda online | Fabricaci\u00f3n, restauraci\u00f3n y comercializaci\u00f3n de objetos religiosos al mejor precio y con el mejor servicio.\",\"publisher\":{\"@id\":\"https:\/\/articulosreligiosos.com\/en\/#organization\"},\"potentialAction\":[{\"@type\":\"SearchAction\",\"target\":{\"@type\":\"EntryPoint\",\"urlTemplate\":\"https:\/\/articulosreligiosos.com\/en\/?s={search_term_string}\"},\"query-input\":{\"@type\":\"PropertyValueSpecification\",\"valueRequired\":true,\"valueName\":\"search_term_string\"}}],\"inLanguage\":\"en-US\"},{\"@type\":\"Organization\",\"@id\":\"https:\/\/articulosreligiosos.com\/en\/#organization\",\"name\":\"Art\u00edculos Religiosos\",\"url\":\"https:\/\/articulosreligiosos.com\/en\/\",\"logo\":{\"@type\":\"ImageObject\",\"inLanguage\":\"en-US\",\"@id\":\"https:\/\/articulosreligiosos.com\/en\/#\/schema\/logo\/image\/\",\"url\":\"https:\/\/articulosreligiosos.com\/wp-content\/uploads\/2023\/12\/newlogo-1.png\",\"contentUrl\":\"https:\/\/articulosreligiosos.com\/wp-content\/uploads\/2023\/12\/newlogo-1.png\",\"width\":178,\"height\":114,\"caption\":\"Art\u00edculos Religiosos\"},\"image\":{\"@id\":\"https:\/\/articulosreligiosos.com\/en\/#\/schema\/logo\/image\/\"},\"sameAs\":[\"https:\/\/www.instagram.com\/articulosreligiosos.tienda\/\"],\"hasMerchantReturnPolicy\":{\"@type\":\"MerchantReturnPolicy\",\"merchantReturnLink\":\"https:\/\/articulosreligiosos.com\/en\/refund-and-returns-policy\/\"}}]}<\/script>\n<meta property=\"og:availability\" content=\"instock\" \/>\n<meta property=\"product:availability\" content=\"instock\" \/>\n<meta property=\"product:retailer_item_id\" content=\"MACR00516252\" \/>\n<meta property=\"product:condition\" content=\"new\" \/>\n<!-- \/ Yoast SEO Premium plugin. -->","yoast_head_json":{"title":"Purchase a unique, spiritual childrens cross with an angel and sun","description":"Childrens cross with an angel and sun, ideal as a devotional gift or for your altar. Friendly service and fast delivery.","robots":{"index":"index","follow":"follow","max-snippet":"max-snippet:-1","max-image-preview":"max-image-preview:large","max-video-preview":"max-video-preview:-1"},"canonical":"https:\/\/articulosreligiosos.com\/en\/product\/childrens-cross-with-angel-and-sun-115977\/","og_locale":"en_US","og_type":"article","og_title":"Children\u2019s cross with Angel and sun","og_description":"Childrens cross with an angel and sun, ideal as a devotional gift or for your altar. Friendly service and fast delivery.","og_url":"https:\/\/articulosreligiosos.com\/en\/product\/childrens-cross-with-angel-and-sun-115977\/","og_site_name":"articulosreligiosos.com","article_modified_time":"2025-05-18T12:18:12+00:00","og_image":[{"width":825,"height":1100,"url":"https:\/\/articulosreligiosos.com\/wp-content\/uploads\/2025\/07\/Cruz-infantil-con-Angel-y-sol-macr00516252-0.webp","type":"image\/webp"}],"twitter_card":"summary_large_image","twitter_misc":{"Availability":"In stock"},"schema":{"@context":"https:\/\/schema.org","@graph":[{"@type":"WebPage","@id":"https:\/\/articulosreligiosos.com\/en\/product\/childrens-cross-with-angel-and-sun-115977\/","url":"https:\/\/articulosreligiosos.com\/en\/product\/childrens-cross-with-angel-and-sun-115977\/","name":"Purchase a unique, spiritual childrens cross with an angel and sun","isPartOf":{"@id":"https:\/\/articulosreligiosos.com\/en\/#website"},"primaryImageOfPage":{"@id":"https:\/\/articulosreligiosos.com\/en\/product\/childrens-cross-with-angel-and-sun-115977\/#primaryimage"},"image":{"@id":"https:\/\/articulosreligiosos.com\/en\/product\/childrens-cross-with-angel-and-sun-115977\/#primaryimage"},"thumbnailUrl":"https:\/\/articulosreligiosos.com\/wp-content\/uploads\/2025\/07\/Cruz-infantil-con-Angel-y-sol-macr00516252-0.webp","datePublished":"2020-09-14T14:07:07+00:00","dateModified":"2025-05-18T12:18:12+00:00","description":"Childrens cross with an angel and sun, ideal as a devotional gift or for your altar. Friendly service and fast delivery.","breadcrumb":{"@id":"https:\/\/articulosreligiosos.com\/en\/product\/childrens-cross-with-angel-and-sun-115977\/#breadcrumb"},"inLanguage":"en-US","potentialAction":[{"@type":"ReadAction","target":["https:\/\/articulosreligiosos.com\/en\/product\/childrens-cross-with-angel-and-sun-115977\/"]}]},{"@type":"ImageObject","inLanguage":"en-US","@id":"https:\/\/articulosreligiosos.com\/en\/product\/childrens-cross-with-angel-and-sun-115977\/#primaryimage","url":"https:\/\/articulosreligiosos.com\/wp-content\/uploads\/2025\/07\/Cruz-infantil-con-Angel-y-sol-macr00516252-0.webp","contentUrl":"https:\/\/articulosreligiosos.com\/wp-content\/uploads\/2025\/07\/Cruz-infantil-con-Angel-y-sol-macr00516252-0.webp","width":825,"height":1100},{"@type":"BreadcrumbList","@id":"https:\/\/articulosreligiosos.com\/en\/product\/childrens-cross-with-angel-and-sun-115977\/#breadcrumb","itemListElement":[{"@type":"ListItem","position":1,"name":"Home","item":"https:\/\/articulosreligiosos.com\/en\/"},{"@type":"ListItem","position":2,"name":"Products"},{"@type":"ListItem","position":3,"name":"Children\u2019s cross with Angel and sun"}]},{"@type":"WebSite","@id":"https:\/\/articulosreligiosos.com\/en\/#website","url":"https:\/\/articulosreligiosos.com\/en\/","name":"Art\u00edculos Religiosos","description":"Tienda online | Fabricaci\u00f3n, restauraci\u00f3n y comercializaci\u00f3n de objetos religiosos al mejor precio y con el mejor servicio.","publisher":{"@id":"https:\/\/articulosreligiosos.com\/en\/#organization"},"potentialAction":[{"@type":"SearchAction","target":{"@type":"EntryPoint","urlTemplate":"https:\/\/articulosreligiosos.com\/en\/?s={search_term_string}"},"query-input":{"@type":"PropertyValueSpecification","valueRequired":true,"valueName":"search_term_string"}}],"inLanguage":"en-US"},{"@type":"Organization","@id":"https:\/\/articulosreligiosos.com\/en\/#organization","name":"Art\u00edculos Religiosos","url":"https:\/\/articulosreligiosos.com\/en\/","logo":{"@type":"ImageObject","inLanguage":"en-US","@id":"https:\/\/articulosreligiosos.com\/en\/#\/schema\/logo\/image\/","url":"https:\/\/articulosreligiosos.com\/wp-content\/uploads\/2023\/12\/newlogo-1.png","contentUrl":"https:\/\/articulosreligiosos.com\/wp-content\/uploads\/2023\/12\/newlogo-1.png","width":178,"height":114,"caption":"Art\u00edculos Religiosos"},"image":{"@id":"https:\/\/articulosreligiosos.com\/en\/#\/schema\/logo\/image\/"},"sameAs":["https:\/\/www.instagram.com\/articulosreligiosos.tienda\/"],"hasMerchantReturnPolicy":{"@type":"MerchantReturnPolicy","merchantReturnLink":"https:\/\/articulosreligiosos.com\/en\/refund-and-returns-policy\/"}}]},"og_availability":"instock","product_availability":"instock","product_retailer_item_id":"MACR00516252","product_condition":"new"},"_links":{"self":[{"href":"https:\/\/articulosreligiosos.com\/en\/wp-json\/wp\/v2\/product\/150746","targetHints":{"allow":["GET"]}}],"collection":[{"href":"https:\/\/articulosreligiosos.com\/en\/wp-json\/wp\/v2\/product"}],"about":[{"href":"https:\/\/articulosreligiosos.com\/en\/wp-json\/wp\/v2\/types\/product"}],"replies":[{"embeddable":true,"href":"https:\/\/articulosreligiosos.com\/en\/wp-json\/wp\/v2\/comments?post=150746"}],"wp:featuredmedia":[{"embeddable":true,"href":"https:\/\/articulosreligiosos.com\/en\/wp-json\/wp\/v2\/media\/327952"}],"wp:attachment":[{"href":"https:\/\/articulosreligiosos.com\/en\/wp-json\/wp\/v2\/media?parent=150746"}],"wp:term":[{"taxonomy":"product_brand","embeddable":true,"href":"https:\/\/articulosreligiosos.com\/en\/wp-json\/wp\/v2\/product_brand?post=150746"},{"taxonomy":"product_cat","embeddable":true,"href":"https:\/\/articulosreligiosos.com\/en\/wp-json\/wp\/v2\/product_cat?post=150746"},{"taxonomy":"product_tag","embeddable":true,"href":"https:\/\/articulosreligiosos.com\/en\/wp-json\/wp\/v2\/product_tag?post=150746"}],"curies":[{"name":"wp","href":"https:\/\/api.w.org\/{rel}","templated":true}]}}