{"id":145409,"date":"2019-03-11T17:31:45","date_gmt":"2019-03-11T17:31:45","guid":{"rendered":"https:\/\/articulosreligiosos.com\/product\/adoration-of-the-kings-102351\/"},"modified":"2025-06-17T06:35:53","modified_gmt":"2025-06-17T06:35:53","slug":"adoration-of-the-kings-102351","status":"publish","type":"product","link":"https:\/\/articulosreligiosos.com\/en\/product\/adoration-of-the-kings-102351\/","title":{"rendered":"Adoration of the kings"},"content":{"rendered":"<p>Following a completely artisanal process, combining design, innovation and quality, this manually decorated sculpture.<\/p>\n","protected":false},"excerpt":{"rendered":"<p>Delicate set of three wise men and shepherds of exceptional quality, hand-decorated. It consists of 6 pieces (Melchior, Gaspar, Balthazar, shepherds and sheep).  Served in a box.<\/p>\n","protected":false},"featured_media":145406,"comment_status":"open","ping_status":"closed","template":"","meta":{"_acf_changed":false},"product_brand":[],"product_cat":[6332,6336],"product_tag":[],"class_list":{"0":"post-145409","1":"product","2":"type-product","3":"status-publish","4":"has-post-thumbnail","6":"product_cat-nativities-nativity-cribs-crib-manger-en","7":"product_cat-three-wise-men-sculptures-images-statues-en","8":"pa_altura-160-en","9":"pa_decoraciones_general-polychrome-sculpture-in-handcrafted-color","10":"pa_disponibilidad-3-en-2","11":"pa_manufacturer-p146-en","12":"pa_material-resin-en-en","14":"first","15":"instock","16":"taxable","17":"shipping-taxable","18":"purchasable","19":"product-type-simple"},"acf":[],"yoast_head":"<!-- This site is optimized with the Yoast SEO Premium plugin v27.2 (Yoast SEO v27.2) - https:\/\/yoast.com\/product\/yoast-seo-premium-wordpress\/ -->\n<title>Buy Adoration of the kings - Art\u00edculos Religiosos | Online Store<\/title>\n<meta name=\"description\" content=\"Delicate set of three wise men and shepherds of exceptional quality, hand-decorated. It consists of 6 pieces (Melchior, Gaspar, Balthazar, shepherds and sheep). Served in a box.\" \/>\n<meta name=\"robots\" content=\"index, follow, max-snippet:-1, max-image-preview:large, max-video-preview:-1\" \/>\n<link rel=\"canonical\" href=\"https:\/\/articulosreligiosos.com\/en\/product\/adoration-of-the-kings-102351\/\" \/>\n<meta property=\"og:locale\" content=\"en_US\" \/>\n<meta property=\"og:type\" content=\"article\" \/>\n<meta property=\"og:title\" content=\"Adoration of the kings\" \/>\n<meta property=\"og:description\" content=\"Delicate set of three wise men and shepherds of exceptional quality, hand-decorated. It consists of 6 pieces (Melchior, Gaspar, Balthazar, shepherds and sheep). Served in a box.\" \/>\n<meta property=\"og:url\" content=\"https:\/\/articulosreligiosos.com\/en\/product\/adoration-of-the-kings-102351\/\" \/>\n<meta property=\"og:site_name\" content=\"articulosreligiosos.com\" \/>\n<meta property=\"article:modified_time\" content=\"2025-06-17T06:35:53+00:00\" \/>\n<meta property=\"og:image\" content=\"https:\/\/articulosreligiosos.com\/wp-content\/uploads\/2019\/03\/impf146736924-0_1.jpg\" \/>\n\t<meta property=\"og:image:width\" content=\"1200\" \/>\n\t<meta property=\"og:image:height\" content=\"622\" \/>\n\t<meta property=\"og:image:type\" content=\"image\/jpeg\" \/>\n<meta name=\"twitter:card\" content=\"summary_large_image\" \/>\n<meta name=\"twitter:label1\" content=\"Price\" \/>\n\t<meta name=\"twitter:data1\" content=\"66,03&nbsp;&euro;\" \/>\n\t<meta name=\"twitter:label2\" content=\"Availability\" \/>\n\t<meta name=\"twitter:data2\" content=\"In stock\" \/>\n<script type=\"application\/ld+json\" class=\"yoast-schema-graph\">{\"@context\":\"https:\/\/schema.org\",\"@graph\":[{\"@type\":\"WebPage\",\"@id\":\"https:\/\/articulosreligiosos.com\/en\/product\/adoration-of-the-kings-102351\/\",\"url\":\"https:\/\/articulosreligiosos.com\/en\/product\/adoration-of-the-kings-102351\/\",\"name\":\"Buy Adoration of the kings - Art\u00edculos Religiosos | Online Store\",\"isPartOf\":{\"@id\":\"https:\/\/articulosreligiosos.com\/en\/#website\"},\"primaryImageOfPage\":{\"@id\":\"https:\/\/articulosreligiosos.com\/en\/product\/adoration-of-the-kings-102351\/#primaryimage\"},\"image\":{\"@id\":\"https:\/\/articulosreligiosos.com\/en\/product\/adoration-of-the-kings-102351\/#primaryimage\"},\"thumbnailUrl\":\"https:\/\/articulosreligiosos.com\/wp-content\/uploads\/2019\/03\/impf146736924-0_1.jpg\",\"datePublished\":\"2019-03-11T17:31:45+00:00\",\"dateModified\":\"2025-06-17T06:35:53+00:00\",\"description\":\"Delicate set of three wise men and shepherds of exceptional quality, hand-decorated. It consists of 6 pieces (Melchior, Gaspar, Balthazar, shepherds and sheep). Served in a box.\",\"breadcrumb\":{\"@id\":\"https:\/\/articulosreligiosos.com\/en\/product\/adoration-of-the-kings-102351\/#breadcrumb\"},\"inLanguage\":\"en-US\",\"potentialAction\":[{\"@type\":\"ReadAction\",\"target\":[\"https:\/\/articulosreligiosos.com\/en\/product\/adoration-of-the-kings-102351\/\"]}]},{\"@type\":\"ImageObject\",\"inLanguage\":\"en-US\",\"@id\":\"https:\/\/articulosreligiosos.com\/en\/product\/adoration-of-the-kings-102351\/#primaryimage\",\"url\":\"https:\/\/articulosreligiosos.com\/wp-content\/uploads\/2019\/03\/impf146736924-0_1.jpg\",\"contentUrl\":\"https:\/\/articulosreligiosos.com\/wp-content\/uploads\/2019\/03\/impf146736924-0_1.jpg\",\"width\":1200,\"height\":622,\"caption\":\"Conjunto Adoraci\u00f3n. Reyes -0\"},{\"@type\":\"BreadcrumbList\",\"@id\":\"https:\/\/articulosreligiosos.com\/en\/product\/adoration-of-the-kings-102351\/#breadcrumb\",\"itemListElement\":[{\"@type\":\"ListItem\",\"position\":1,\"name\":\"Home\",\"item\":\"https:\/\/articulosreligiosos.com\/en\/\"},{\"@type\":\"ListItem\",\"position\":2,\"name\":\"Products\"},{\"@type\":\"ListItem\",\"position\":3,\"name\":\"Adoration of the kings\"}]},{\"@type\":\"WebSite\",\"@id\":\"https:\/\/articulosreligiosos.com\/en\/#website\",\"url\":\"https:\/\/articulosreligiosos.com\/en\/\",\"name\":\"Art\u00edculos Religiosos\",\"description\":\"Tienda online | Fabricaci\u00f3n, restauraci\u00f3n y comercializaci\u00f3n de objetos religiosos al mejor precio y con el mejor servicio.\",\"publisher\":{\"@id\":\"https:\/\/articulosreligiosos.com\/en\/#organization\"},\"potentialAction\":[{\"@type\":\"SearchAction\",\"target\":{\"@type\":\"EntryPoint\",\"urlTemplate\":\"https:\/\/articulosreligiosos.com\/en\/?s={search_term_string}\"},\"query-input\":{\"@type\":\"PropertyValueSpecification\",\"valueRequired\":true,\"valueName\":\"search_term_string\"}}],\"inLanguage\":\"en-US\"},{\"@type\":\"Organization\",\"@id\":\"https:\/\/articulosreligiosos.com\/en\/#organization\",\"name\":\"Art\u00edculos Religiosos\",\"url\":\"https:\/\/articulosreligiosos.com\/en\/\",\"logo\":{\"@type\":\"ImageObject\",\"inLanguage\":\"en-US\",\"@id\":\"https:\/\/articulosreligiosos.com\/en\/#\/schema\/logo\/image\/\",\"url\":\"https:\/\/articulosreligiosos.com\/wp-content\/uploads\/2023\/12\/newlogo-1.png\",\"contentUrl\":\"https:\/\/articulosreligiosos.com\/wp-content\/uploads\/2023\/12\/newlogo-1.png\",\"width\":178,\"height\":114,\"caption\":\"Art\u00edculos Religiosos\"},\"image\":{\"@id\":\"https:\/\/articulosreligiosos.com\/en\/#\/schema\/logo\/image\/\"},\"sameAs\":[\"https:\/\/www.instagram.com\/articulosreligiosos.tienda\/\"],\"hasMerchantReturnPolicy\":{\"@type\":\"MerchantReturnPolicy\",\"merchantReturnLink\":\"https:\/\/articulosreligiosos.com\/en\/refund-and-returns-policy\/\"}}]}<\/script>\n<meta property=\"product:price:amount\" content=\"66.03\" \/>\n<meta property=\"product:price:currency\" content=\"EUR\" \/>\n<meta property=\"og:availability\" content=\"instock\" \/>\n<meta property=\"product:availability\" content=\"instock\" \/>\n<meta property=\"product:retailer_item_id\" content=\"IMPF146736924\" \/>\n<meta property=\"product:condition\" content=\"new\" \/>\n<!-- \/ Yoast SEO Premium plugin. -->","yoast_head_json":{"title":"Buy Adoration of the kings - Art\u00edculos Religiosos | Online Store","description":"Delicate set of three wise men and shepherds of exceptional quality, hand-decorated. It consists of 6 pieces (Melchior, Gaspar, Balthazar, shepherds and sheep). Served in a box.","robots":{"index":"index","follow":"follow","max-snippet":"max-snippet:-1","max-image-preview":"max-image-preview:large","max-video-preview":"max-video-preview:-1"},"canonical":"https:\/\/articulosreligiosos.com\/en\/product\/adoration-of-the-kings-102351\/","og_locale":"en_US","og_type":"article","og_title":"Adoration of the kings","og_description":"Delicate set of three wise men and shepherds of exceptional quality, hand-decorated. It consists of 6 pieces (Melchior, Gaspar, Balthazar, shepherds and sheep). Served in a box.","og_url":"https:\/\/articulosreligiosos.com\/en\/product\/adoration-of-the-kings-102351\/","og_site_name":"articulosreligiosos.com","article_modified_time":"2025-06-17T06:35:53+00:00","og_image":[{"width":1200,"height":622,"url":"https:\/\/articulosreligiosos.com\/wp-content\/uploads\/2019\/03\/impf146736924-0_1.jpg","type":"image\/jpeg"}],"twitter_card":"summary_large_image","twitter_misc":{"Price":"66,03&nbsp;&euro;","Availability":"In stock"},"schema":{"@context":"https:\/\/schema.org","@graph":[{"@type":"WebPage","@id":"https:\/\/articulosreligiosos.com\/en\/product\/adoration-of-the-kings-102351\/","url":"https:\/\/articulosreligiosos.com\/en\/product\/adoration-of-the-kings-102351\/","name":"Buy Adoration of the kings - Art\u00edculos Religiosos | Online Store","isPartOf":{"@id":"https:\/\/articulosreligiosos.com\/en\/#website"},"primaryImageOfPage":{"@id":"https:\/\/articulosreligiosos.com\/en\/product\/adoration-of-the-kings-102351\/#primaryimage"},"image":{"@id":"https:\/\/articulosreligiosos.com\/en\/product\/adoration-of-the-kings-102351\/#primaryimage"},"thumbnailUrl":"https:\/\/articulosreligiosos.com\/wp-content\/uploads\/2019\/03\/impf146736924-0_1.jpg","datePublished":"2019-03-11T17:31:45+00:00","dateModified":"2025-06-17T06:35:53+00:00","description":"Delicate set of three wise men and shepherds of exceptional quality, hand-decorated. It consists of 6 pieces (Melchior, Gaspar, Balthazar, shepherds and sheep). Served in a box.","breadcrumb":{"@id":"https:\/\/articulosreligiosos.com\/en\/product\/adoration-of-the-kings-102351\/#breadcrumb"},"inLanguage":"en-US","potentialAction":[{"@type":"ReadAction","target":["https:\/\/articulosreligiosos.com\/en\/product\/adoration-of-the-kings-102351\/"]}]},{"@type":"ImageObject","inLanguage":"en-US","@id":"https:\/\/articulosreligiosos.com\/en\/product\/adoration-of-the-kings-102351\/#primaryimage","url":"https:\/\/articulosreligiosos.com\/wp-content\/uploads\/2019\/03\/impf146736924-0_1.jpg","contentUrl":"https:\/\/articulosreligiosos.com\/wp-content\/uploads\/2019\/03\/impf146736924-0_1.jpg","width":1200,"height":622,"caption":"Conjunto Adoraci\u00f3n. Reyes -0"},{"@type":"BreadcrumbList","@id":"https:\/\/articulosreligiosos.com\/en\/product\/adoration-of-the-kings-102351\/#breadcrumb","itemListElement":[{"@type":"ListItem","position":1,"name":"Home","item":"https:\/\/articulosreligiosos.com\/en\/"},{"@type":"ListItem","position":2,"name":"Products"},{"@type":"ListItem","position":3,"name":"Adoration of the kings"}]},{"@type":"WebSite","@id":"https:\/\/articulosreligiosos.com\/en\/#website","url":"https:\/\/articulosreligiosos.com\/en\/","name":"Art\u00edculos Religiosos","description":"Tienda online | Fabricaci\u00f3n, restauraci\u00f3n y comercializaci\u00f3n de objetos religiosos al mejor precio y con el mejor servicio.","publisher":{"@id":"https:\/\/articulosreligiosos.com\/en\/#organization"},"potentialAction":[{"@type":"SearchAction","target":{"@type":"EntryPoint","urlTemplate":"https:\/\/articulosreligiosos.com\/en\/?s={search_term_string}"},"query-input":{"@type":"PropertyValueSpecification","valueRequired":true,"valueName":"search_term_string"}}],"inLanguage":"en-US"},{"@type":"Organization","@id":"https:\/\/articulosreligiosos.com\/en\/#organization","name":"Art\u00edculos Religiosos","url":"https:\/\/articulosreligiosos.com\/en\/","logo":{"@type":"ImageObject","inLanguage":"en-US","@id":"https:\/\/articulosreligiosos.com\/en\/#\/schema\/logo\/image\/","url":"https:\/\/articulosreligiosos.com\/wp-content\/uploads\/2023\/12\/newlogo-1.png","contentUrl":"https:\/\/articulosreligiosos.com\/wp-content\/uploads\/2023\/12\/newlogo-1.png","width":178,"height":114,"caption":"Art\u00edculos Religiosos"},"image":{"@id":"https:\/\/articulosreligiosos.com\/en\/#\/schema\/logo\/image\/"},"sameAs":["https:\/\/www.instagram.com\/articulosreligiosos.tienda\/"],"hasMerchantReturnPolicy":{"@type":"MerchantReturnPolicy","merchantReturnLink":"https:\/\/articulosreligiosos.com\/en\/refund-and-returns-policy\/"}}]},"product_price_amount":"66.03","product_price_currency":"EUR","og_availability":"instock","product_availability":"instock","product_retailer_item_id":"IMPF146736924","product_condition":"new"},"_links":{"self":[{"href":"https:\/\/articulosreligiosos.com\/en\/wp-json\/wp\/v2\/product\/145409","targetHints":{"allow":["GET"]}}],"collection":[{"href":"https:\/\/articulosreligiosos.com\/en\/wp-json\/wp\/v2\/product"}],"about":[{"href":"https:\/\/articulosreligiosos.com\/en\/wp-json\/wp\/v2\/types\/product"}],"replies":[{"embeddable":true,"href":"https:\/\/articulosreligiosos.com\/en\/wp-json\/wp\/v2\/comments?post=145409"}],"wp:featuredmedia":[{"embeddable":true,"href":"https:\/\/articulosreligiosos.com\/en\/wp-json\/wp\/v2\/media\/145406"}],"wp:attachment":[{"href":"https:\/\/articulosreligiosos.com\/en\/wp-json\/wp\/v2\/media?parent=145409"}],"wp:term":[{"taxonomy":"product_brand","embeddable":true,"href":"https:\/\/articulosreligiosos.com\/en\/wp-json\/wp\/v2\/product_brand?post=145409"},{"taxonomy":"product_cat","embeddable":true,"href":"https:\/\/articulosreligiosos.com\/en\/wp-json\/wp\/v2\/product_cat?post=145409"},{"taxonomy":"product_tag","embeddable":true,"href":"https:\/\/articulosreligiosos.com\/en\/wp-json\/wp\/v2\/product_tag?post=145409"}],"curies":[{"name":"wp","href":"https:\/\/api.w.org\/{rel}","templated":true}]}}