{"id":144616,"date":"2019-02-19T09:39:30","date_gmt":"2019-02-19T09:39:30","guid":{"rendered":"https:\/\/articulosreligiosos.com\/product\/first-communion-book-of-imitation-nacre-with-or-without-music-102196\/"},"modified":"2024-12-28T09:31:48","modified_gmt":"2024-12-28T09:31:48","slug":"first-communion-book-of-imitation-nacre-with-or-without-music-102196","status":"publish","type":"product","link":"https:\/\/articulosreligiosos.com\/en\/product\/first-communion-book-of-imitation-nacre-with-or-without-music-102196\/","title":{"rendered":"Communion book in imitation mother-of-pearl. With or without music."},"content":{"rendered":"<p>First Communion book in handmade paper with natural fibers, with music. Wide-spine book with 18 colour-printed pages and blank pages for photographs and memories. Includes cardboard CD holder. Served in a decorated box case.<\/p>\n","protected":false},"excerpt":{"rendered":"<p>First Communion book with padded covers, imitation mother-of-pearl finishes and gold stamping. Optionally, with or without music when opening the lid. Available in Spanish and Catalan.<\/p>\n","protected":false},"featured_media":144612,"comment_status":"open","ping_status":"closed","template":"","meta":{"_acf_changed":false},"product_brand":[],"product_cat":[6852,7455,6806],"product_tag":[],"class_list":{"0":"post-144616","1":"product","2":"type-product","3":"status-publish","4":"has-post-thumbnail","6":"product_cat-first-communion-religious-goods-en","7":"product_cat-first-communion-book-album-and-dairy-en-en","8":"product_cat-catholic-goods-religious-goods-other-items-en","9":"pa_acabado_estampas-catalan_withmusic-en","10":"pa_acabado_estampas-spanish_withmusic-en","11":"pa_altura-350-en","12":"pa_decoraciones_general-communion-book-with-padded-covers-imitation-mother-of-pearl-finishes-and-gold-stamping","13":"pa_disponibilidad-3-en-2","14":"pa_manufacturer-p121-en","15":"pa_material-artisan-paper","16":"pa_materiales_general-handmade-paper","17":"pa_medida_estampas-35x27cm_13_78x10_63inch_hxw-en","19":"first","20":"instock","21":"taxable","22":"shipping-taxable","23":"purchasable","24":"product-type-variable","25":"rtwpvs-product"},"acf":[],"yoast_head":"<!-- This site is optimized with the Yoast SEO Premium plugin v27.2 (Yoast SEO v27.2) - https:\/\/yoast.com\/product\/yoast-seo-premium-wordpress\/ -->\n<title>Buy Communion book in imitation mother-of-pearl. With or without music. - Art\u00edculos Religiosos | Online Store<\/title>\n<meta name=\"description\" content=\"First Communion book with padded covers, imitation mother-of-pearl finishes and gold stamping. Optionally, with or without music when opening the lid. Available in Spanish and Catalan.\" \/>\n<meta name=\"robots\" content=\"index, follow, max-snippet:-1, max-image-preview:large, max-video-preview:-1\" \/>\n<link rel=\"canonical\" href=\"https:\/\/articulosreligiosos.com\/en\/product\/first-communion-book-of-imitation-nacre-with-or-without-music-102196\/\" \/>\n<meta property=\"og:locale\" content=\"en_US\" \/>\n<meta property=\"og:type\" content=\"article\" \/>\n<meta property=\"og:title\" content=\"Communion book in imitation mother-of-pearl. With or without music.\" \/>\n<meta property=\"og:description\" content=\"First Communion book with padded covers, imitation mother-of-pearl finishes and gold stamping. Optionally, with or without music when opening the lid. Available in Spanish and Catalan.\" \/>\n<meta property=\"og:url\" content=\"https:\/\/articulosreligiosos.com\/en\/product\/first-communion-book-of-imitation-nacre-with-or-without-music-102196\/\" \/>\n<meta property=\"og:site_name\" content=\"articulosreligiosos.com\" \/>\n<meta property=\"article:modified_time\" content=\"2024-12-28T09:31:48+00:00\" \/>\n<meta property=\"og:image\" content=\"https:\/\/articulosreligiosos.com\/wp-content\/uploads\/2019\/02\/lico12121380-0_2.jpg\" \/>\n\t<meta property=\"og:image:width\" content=\"764\" \/>\n\t<meta property=\"og:image:height\" content=\"1000\" \/>\n\t<meta property=\"og:image:type\" content=\"image\/jpeg\" \/>\n<meta name=\"twitter:card\" content=\"summary_large_image\" \/>\n<meta name=\"twitter:label1\" content=\"Availability\" \/>\n\t<meta name=\"twitter:data1\" content=\"In stock\" \/>\n<script type=\"application\/ld+json\" class=\"yoast-schema-graph\">{\"@context\":\"https:\/\/schema.org\",\"@graph\":[{\"@type\":\"WebPage\",\"@id\":\"https:\/\/articulosreligiosos.com\/en\/product\/first-communion-book-of-imitation-nacre-with-or-without-music-102196\/\",\"url\":\"https:\/\/articulosreligiosos.com\/en\/product\/first-communion-book-of-imitation-nacre-with-or-without-music-102196\/\",\"name\":\"Buy Communion book in imitation mother-of-pearl. With or without music. - Art\u00edculos Religiosos | Online Store\",\"isPartOf\":{\"@id\":\"https:\/\/articulosreligiosos.com\/en\/#website\"},\"primaryImageOfPage\":{\"@id\":\"https:\/\/articulosreligiosos.com\/en\/product\/first-communion-book-of-imitation-nacre-with-or-without-music-102196\/#primaryimage\"},\"image\":{\"@id\":\"https:\/\/articulosreligiosos.com\/en\/product\/first-communion-book-of-imitation-nacre-with-or-without-music-102196\/#primaryimage\"},\"thumbnailUrl\":\"https:\/\/articulosreligiosos.com\/wp-content\/uploads\/2019\/02\/lico12121380-0_2.jpg\",\"datePublished\":\"2019-02-19T09:39:30+00:00\",\"dateModified\":\"2024-12-28T09:31:48+00:00\",\"description\":\"First Communion book with padded covers, imitation mother-of-pearl finishes and gold stamping. Optionally, with or without music when opening the lid. Available in Spanish and Catalan.\",\"breadcrumb\":{\"@id\":\"https:\/\/articulosreligiosos.com\/en\/product\/first-communion-book-of-imitation-nacre-with-or-without-music-102196\/#breadcrumb\"},\"inLanguage\":\"en-US\",\"potentialAction\":[{\"@type\":\"ReadAction\",\"target\":[\"https:\/\/articulosreligiosos.com\/en\/product\/first-communion-book-of-imitation-nacre-with-or-without-music-102196\/\"]}]},{\"@type\":\"ImageObject\",\"inLanguage\":\"en-US\",\"@id\":\"https:\/\/articulosreligiosos.com\/en\/product\/first-communion-book-of-imitation-nacre-with-or-without-music-102196\/#primaryimage\",\"url\":\"https:\/\/articulosreligiosos.com\/wp-content\/uploads\/2019\/02\/lico12121380-0_2.jpg\",\"contentUrl\":\"https:\/\/articulosreligiosos.com\/wp-content\/uploads\/2019\/02\/lico12121380-0_2.jpg\",\"width\":764,\"height\":1000},{\"@type\":\"BreadcrumbList\",\"@id\":\"https:\/\/articulosreligiosos.com\/en\/product\/first-communion-book-of-imitation-nacre-with-or-without-music-102196\/#breadcrumb\",\"itemListElement\":[{\"@type\":\"ListItem\",\"position\":1,\"name\":\"Home\",\"item\":\"https:\/\/articulosreligiosos.com\/en\/\"},{\"@type\":\"ListItem\",\"position\":2,\"name\":\"Products\"},{\"@type\":\"ListItem\",\"position\":3,\"name\":\"Communion book in imitation mother-of-pearl. With or without music.\"}]},{\"@type\":\"WebSite\",\"@id\":\"https:\/\/articulosreligiosos.com\/en\/#website\",\"url\":\"https:\/\/articulosreligiosos.com\/en\/\",\"name\":\"Art\u00edculos Religiosos\",\"description\":\"Tienda online | Fabricaci\u00f3n, restauraci\u00f3n y comercializaci\u00f3n de objetos religiosos al mejor precio y con el mejor servicio.\",\"publisher\":{\"@id\":\"https:\/\/articulosreligiosos.com\/en\/#organization\"},\"potentialAction\":[{\"@type\":\"SearchAction\",\"target\":{\"@type\":\"EntryPoint\",\"urlTemplate\":\"https:\/\/articulosreligiosos.com\/en\/?s={search_term_string}\"},\"query-input\":{\"@type\":\"PropertyValueSpecification\",\"valueRequired\":true,\"valueName\":\"search_term_string\"}}],\"inLanguage\":\"en-US\"},{\"@type\":\"Organization\",\"@id\":\"https:\/\/articulosreligiosos.com\/en\/#organization\",\"name\":\"Art\u00edculos Religiosos\",\"url\":\"https:\/\/articulosreligiosos.com\/en\/\",\"logo\":{\"@type\":\"ImageObject\",\"inLanguage\":\"en-US\",\"@id\":\"https:\/\/articulosreligiosos.com\/en\/#\/schema\/logo\/image\/\",\"url\":\"https:\/\/articulosreligiosos.com\/wp-content\/uploads\/2023\/12\/newlogo-1.png\",\"contentUrl\":\"https:\/\/articulosreligiosos.com\/wp-content\/uploads\/2023\/12\/newlogo-1.png\",\"width\":178,\"height\":114,\"caption\":\"Art\u00edculos Religiosos\"},\"image\":{\"@id\":\"https:\/\/articulosreligiosos.com\/en\/#\/schema\/logo\/image\/\"},\"sameAs\":[\"https:\/\/www.instagram.com\/articulosreligiosos.tienda\/\"],\"hasMerchantReturnPolicy\":{\"@type\":\"MerchantReturnPolicy\",\"merchantReturnLink\":\"https:\/\/articulosreligiosos.com\/en\/refund-and-returns-policy\/\"}}]}<\/script>\n<meta property=\"og:availability\" content=\"instock\" \/>\n<meta property=\"product:availability\" content=\"instock\" \/>\n<meta property=\"product:retailer_item_id\" content=\"LICO12121380\" \/>\n<meta property=\"product:condition\" content=\"new\" \/>\n<!-- \/ Yoast SEO Premium plugin. -->","yoast_head_json":{"title":"Buy Communion book in imitation mother-of-pearl. With or without music. - Art\u00edculos Religiosos | Online Store","description":"First Communion book with padded covers, imitation mother-of-pearl finishes and gold stamping. Optionally, with or without music when opening the lid. Available in Spanish and Catalan.","robots":{"index":"index","follow":"follow","max-snippet":"max-snippet:-1","max-image-preview":"max-image-preview:large","max-video-preview":"max-video-preview:-1"},"canonical":"https:\/\/articulosreligiosos.com\/en\/product\/first-communion-book-of-imitation-nacre-with-or-without-music-102196\/","og_locale":"en_US","og_type":"article","og_title":"Communion book in imitation mother-of-pearl. With or without music.","og_description":"First Communion book with padded covers, imitation mother-of-pearl finishes and gold stamping. Optionally, with or without music when opening the lid. Available in Spanish and Catalan.","og_url":"https:\/\/articulosreligiosos.com\/en\/product\/first-communion-book-of-imitation-nacre-with-or-without-music-102196\/","og_site_name":"articulosreligiosos.com","article_modified_time":"2024-12-28T09:31:48+00:00","og_image":[{"width":764,"height":1000,"url":"https:\/\/articulosreligiosos.com\/wp-content\/uploads\/2019\/02\/lico12121380-0_2.jpg","type":"image\/jpeg"}],"twitter_card":"summary_large_image","twitter_misc":{"Availability":"In stock"},"schema":{"@context":"https:\/\/schema.org","@graph":[{"@type":"WebPage","@id":"https:\/\/articulosreligiosos.com\/en\/product\/first-communion-book-of-imitation-nacre-with-or-without-music-102196\/","url":"https:\/\/articulosreligiosos.com\/en\/product\/first-communion-book-of-imitation-nacre-with-or-without-music-102196\/","name":"Buy Communion book in imitation mother-of-pearl. With or without music. - Art\u00edculos Religiosos | Online Store","isPartOf":{"@id":"https:\/\/articulosreligiosos.com\/en\/#website"},"primaryImageOfPage":{"@id":"https:\/\/articulosreligiosos.com\/en\/product\/first-communion-book-of-imitation-nacre-with-or-without-music-102196\/#primaryimage"},"image":{"@id":"https:\/\/articulosreligiosos.com\/en\/product\/first-communion-book-of-imitation-nacre-with-or-without-music-102196\/#primaryimage"},"thumbnailUrl":"https:\/\/articulosreligiosos.com\/wp-content\/uploads\/2019\/02\/lico12121380-0_2.jpg","datePublished":"2019-02-19T09:39:30+00:00","dateModified":"2024-12-28T09:31:48+00:00","description":"First Communion book with padded covers, imitation mother-of-pearl finishes and gold stamping. Optionally, with or without music when opening the lid. Available in Spanish and Catalan.","breadcrumb":{"@id":"https:\/\/articulosreligiosos.com\/en\/product\/first-communion-book-of-imitation-nacre-with-or-without-music-102196\/#breadcrumb"},"inLanguage":"en-US","potentialAction":[{"@type":"ReadAction","target":["https:\/\/articulosreligiosos.com\/en\/product\/first-communion-book-of-imitation-nacre-with-or-without-music-102196\/"]}]},{"@type":"ImageObject","inLanguage":"en-US","@id":"https:\/\/articulosreligiosos.com\/en\/product\/first-communion-book-of-imitation-nacre-with-or-without-music-102196\/#primaryimage","url":"https:\/\/articulosreligiosos.com\/wp-content\/uploads\/2019\/02\/lico12121380-0_2.jpg","contentUrl":"https:\/\/articulosreligiosos.com\/wp-content\/uploads\/2019\/02\/lico12121380-0_2.jpg","width":764,"height":1000},{"@type":"BreadcrumbList","@id":"https:\/\/articulosreligiosos.com\/en\/product\/first-communion-book-of-imitation-nacre-with-or-without-music-102196\/#breadcrumb","itemListElement":[{"@type":"ListItem","position":1,"name":"Home","item":"https:\/\/articulosreligiosos.com\/en\/"},{"@type":"ListItem","position":2,"name":"Products"},{"@type":"ListItem","position":3,"name":"Communion book in imitation mother-of-pearl. With or without music."}]},{"@type":"WebSite","@id":"https:\/\/articulosreligiosos.com\/en\/#website","url":"https:\/\/articulosreligiosos.com\/en\/","name":"Art\u00edculos Religiosos","description":"Tienda online | Fabricaci\u00f3n, restauraci\u00f3n y comercializaci\u00f3n de objetos religiosos al mejor precio y con el mejor servicio.","publisher":{"@id":"https:\/\/articulosreligiosos.com\/en\/#organization"},"potentialAction":[{"@type":"SearchAction","target":{"@type":"EntryPoint","urlTemplate":"https:\/\/articulosreligiosos.com\/en\/?s={search_term_string}"},"query-input":{"@type":"PropertyValueSpecification","valueRequired":true,"valueName":"search_term_string"}}],"inLanguage":"en-US"},{"@type":"Organization","@id":"https:\/\/articulosreligiosos.com\/en\/#organization","name":"Art\u00edculos Religiosos","url":"https:\/\/articulosreligiosos.com\/en\/","logo":{"@type":"ImageObject","inLanguage":"en-US","@id":"https:\/\/articulosreligiosos.com\/en\/#\/schema\/logo\/image\/","url":"https:\/\/articulosreligiosos.com\/wp-content\/uploads\/2023\/12\/newlogo-1.png","contentUrl":"https:\/\/articulosreligiosos.com\/wp-content\/uploads\/2023\/12\/newlogo-1.png","width":178,"height":114,"caption":"Art\u00edculos Religiosos"},"image":{"@id":"https:\/\/articulosreligiosos.com\/en\/#\/schema\/logo\/image\/"},"sameAs":["https:\/\/www.instagram.com\/articulosreligiosos.tienda\/"],"hasMerchantReturnPolicy":{"@type":"MerchantReturnPolicy","merchantReturnLink":"https:\/\/articulosreligiosos.com\/en\/refund-and-returns-policy\/"}}]},"og_availability":"instock","product_availability":"instock","product_retailer_item_id":"LICO12121380","product_condition":"new"},"_links":{"self":[{"href":"https:\/\/articulosreligiosos.com\/en\/wp-json\/wp\/v2\/product\/144616","targetHints":{"allow":["GET"]}}],"collection":[{"href":"https:\/\/articulosreligiosos.com\/en\/wp-json\/wp\/v2\/product"}],"about":[{"href":"https:\/\/articulosreligiosos.com\/en\/wp-json\/wp\/v2\/types\/product"}],"replies":[{"embeddable":true,"href":"https:\/\/articulosreligiosos.com\/en\/wp-json\/wp\/v2\/comments?post=144616"}],"wp:featuredmedia":[{"embeddable":true,"href":"https:\/\/articulosreligiosos.com\/en\/wp-json\/wp\/v2\/media\/144612"}],"wp:attachment":[{"href":"https:\/\/articulosreligiosos.com\/en\/wp-json\/wp\/v2\/media?parent=144616"}],"wp:term":[{"taxonomy":"product_brand","embeddable":true,"href":"https:\/\/articulosreligiosos.com\/en\/wp-json\/wp\/v2\/product_brand?post=144616"},{"taxonomy":"product_cat","embeddable":true,"href":"https:\/\/articulosreligiosos.com\/en\/wp-json\/wp\/v2\/product_cat?post=144616"},{"taxonomy":"product_tag","embeddable":true,"href":"https:\/\/articulosreligiosos.com\/en\/wp-json\/wp\/v2\/product_tag?post=144616"}],"curies":[{"name":"wp","href":"https:\/\/api.w.org\/{rel}","templated":true}]}}