{"id":144380,"date":"2019-02-14T16:00:22","date_gmt":"2019-02-14T16:00:22","guid":{"rendered":"https:\/\/articulosreligiosos.com\/product\/first-communion-book-for-boy-102106\/"},"modified":"2024-12-28T09:35:04","modified_gmt":"2024-12-28T09:35:04","slug":"first-communion-book-for-boy-102106","status":"publish","type":"product","link":"https:\/\/articulosreligiosos.com\/en\/product\/first-communion-book-for-boy-102106\/","title":{"rendered":"First Communion book for boy"},"content":{"rendered":"<p>First Communion book for boy on artisan paper with natural fibers, without music. Book broad back with 18 color printed sheets and sheets for photographs. Includes cardboard CD holder. Served in a decorated box case.<\/p>\n","protected":false},"excerpt":{"rendered":"<p>Libro de Primera Comuni\u00f3n para ni\u00f1o con estampaci\u00f3n en oro brillante y l\u00e1mina a color decorada. Available in spanish, catalan and basque.<\/p>\n","protected":false},"featured_media":144379,"comment_status":"open","ping_status":"closed","template":"","meta":{"_acf_changed":false},"product_brand":[],"product_cat":[6852,7455,6806],"product_tag":[],"class_list":{"0":"post-144380","1":"product","2":"type-product","3":"status-publish","4":"has-post-thumbnail","6":"product_cat-first-communion-religious-goods-en","7":"product_cat-first-communion-book-album-and-dairy-en-en","8":"product_cat-catholic-goods-religious-goods-other-items-en","9":"pa_acabado_estampas-basque-en","10":"pa_acabado_estampas-catalan-en","11":"pa_acabado_estampas-spanish-en","12":"pa_altura-335-en","13":"pa_decoraciones_general-bright-gold-stamping-and-decorated-colored-foil","14":"pa_disponibilidad-3-en-2","15":"pa_manufacturer-p121-en","16":"pa_material-artisan-paper","17":"pa_materiales_general-handmade-paper","18":"pa_medida_estampas-335x275cm_13_19x10_83inch_hxw-en","20":"first","21":"instock","22":"taxable","23":"shipping-taxable","24":"purchasable","25":"product-type-variable","26":"rtwpvs-product"},"acf":[],"yoast_head":"<!-- This site is optimized with the Yoast SEO Premium plugin v27.2 (Yoast SEO v27.2) - https:\/\/yoast.com\/product\/yoast-seo-premium-wordpress\/ -->\n<title>Buy First Communion book for boy - Art\u00edculos Religiosos | Online Store<\/title>\n<meta name=\"description\" content=\"Libro de Primera Comuni\u00f3n para ni\u00f1o con estampaci\u00f3n en oro brillante y l\u00e1mina a color decorada. Available in spanish, catalan and basque.\" \/>\n<meta name=\"robots\" content=\"index, follow, max-snippet:-1, max-image-preview:large, max-video-preview:-1\" \/>\n<link rel=\"canonical\" href=\"https:\/\/articulosreligiosos.com\/en\/product\/first-communion-book-for-boy-102106\/\" \/>\n<meta property=\"og:locale\" content=\"en_US\" \/>\n<meta property=\"og:type\" content=\"article\" \/>\n<meta property=\"og:title\" content=\"First Communion book for boy\" \/>\n<meta property=\"og:description\" content=\"Libro de Primera Comuni\u00f3n para ni\u00f1o con estampaci\u00f3n en oro brillante y l\u00e1mina a color decorada. Available in spanish, catalan and basque.\" \/>\n<meta property=\"og:url\" content=\"https:\/\/articulosreligiosos.com\/en\/product\/first-communion-book-for-boy-102106\/\" \/>\n<meta property=\"og:site_name\" content=\"articulosreligiosos.com\" \/>\n<meta property=\"article:modified_time\" content=\"2024-12-28T09:35:04+00:00\" \/>\n<meta property=\"og:image\" content=\"https:\/\/articulosreligiosos.com\/wp-content\/uploads\/2019\/02\/lico12121517-0_1.jpg\" \/>\n\t<meta property=\"og:image:width\" content=\"764\" \/>\n\t<meta property=\"og:image:height\" content=\"975\" \/>\n\t<meta property=\"og:image:type\" content=\"image\/jpeg\" \/>\n<meta name=\"twitter:card\" content=\"summary_large_image\" \/>\n<meta name=\"twitter:label1\" content=\"Availability\" \/>\n\t<meta name=\"twitter:data1\" content=\"In stock\" \/>\n<script type=\"application\/ld+json\" class=\"yoast-schema-graph\">{\"@context\":\"https:\/\/schema.org\",\"@graph\":[{\"@type\":\"WebPage\",\"@id\":\"https:\/\/articulosreligiosos.com\/en\/product\/first-communion-book-for-boy-102106\/\",\"url\":\"https:\/\/articulosreligiosos.com\/en\/product\/first-communion-book-for-boy-102106\/\",\"name\":\"Buy First Communion book for boy - Art\u00edculos Religiosos | Online Store\",\"isPartOf\":{\"@id\":\"https:\/\/articulosreligiosos.com\/en\/#website\"},\"primaryImageOfPage\":{\"@id\":\"https:\/\/articulosreligiosos.com\/en\/product\/first-communion-book-for-boy-102106\/#primaryimage\"},\"image\":{\"@id\":\"https:\/\/articulosreligiosos.com\/en\/product\/first-communion-book-for-boy-102106\/#primaryimage\"},\"thumbnailUrl\":\"https:\/\/articulosreligiosos.com\/wp-content\/uploads\/2019\/02\/lico12121517-0_1.jpg\",\"datePublished\":\"2019-02-14T16:00:22+00:00\",\"dateModified\":\"2024-12-28T09:35:04+00:00\",\"description\":\"Libro de Primera Comuni\u00f3n para ni\u00f1o con estampaci\u00f3n en oro brillante y l\u00e1mina a color decorada. Available in spanish, catalan and basque.\",\"breadcrumb\":{\"@id\":\"https:\/\/articulosreligiosos.com\/en\/product\/first-communion-book-for-boy-102106\/#breadcrumb\"},\"inLanguage\":\"en-US\",\"potentialAction\":[{\"@type\":\"ReadAction\",\"target\":[\"https:\/\/articulosreligiosos.com\/en\/product\/first-communion-book-for-boy-102106\/\"]}]},{\"@type\":\"ImageObject\",\"inLanguage\":\"en-US\",\"@id\":\"https:\/\/articulosreligiosos.com\/en\/product\/first-communion-book-for-boy-102106\/#primaryimage\",\"url\":\"https:\/\/articulosreligiosos.com\/wp-content\/uploads\/2019\/02\/lico12121517-0_1.jpg\",\"contentUrl\":\"https:\/\/articulosreligiosos.com\/wp-content\/uploads\/2019\/02\/lico12121517-0_1.jpg\",\"width\":764,\"height\":975},{\"@type\":\"BreadcrumbList\",\"@id\":\"https:\/\/articulosreligiosos.com\/en\/product\/first-communion-book-for-boy-102106\/#breadcrumb\",\"itemListElement\":[{\"@type\":\"ListItem\",\"position\":1,\"name\":\"Home\",\"item\":\"https:\/\/articulosreligiosos.com\/en\/\"},{\"@type\":\"ListItem\",\"position\":2,\"name\":\"Products\"},{\"@type\":\"ListItem\",\"position\":3,\"name\":\"First Communion book for boy\"}]},{\"@type\":\"WebSite\",\"@id\":\"https:\/\/articulosreligiosos.com\/en\/#website\",\"url\":\"https:\/\/articulosreligiosos.com\/en\/\",\"name\":\"Art\u00edculos Religiosos\",\"description\":\"Tienda online | Fabricaci\u00f3n, restauraci\u00f3n y comercializaci\u00f3n de objetos religiosos al mejor precio y con el mejor servicio.\",\"publisher\":{\"@id\":\"https:\/\/articulosreligiosos.com\/en\/#organization\"},\"potentialAction\":[{\"@type\":\"SearchAction\",\"target\":{\"@type\":\"EntryPoint\",\"urlTemplate\":\"https:\/\/articulosreligiosos.com\/en\/?s={search_term_string}\"},\"query-input\":{\"@type\":\"PropertyValueSpecification\",\"valueRequired\":true,\"valueName\":\"search_term_string\"}}],\"inLanguage\":\"en-US\"},{\"@type\":\"Organization\",\"@id\":\"https:\/\/articulosreligiosos.com\/en\/#organization\",\"name\":\"Art\u00edculos Religiosos\",\"url\":\"https:\/\/articulosreligiosos.com\/en\/\",\"logo\":{\"@type\":\"ImageObject\",\"inLanguage\":\"en-US\",\"@id\":\"https:\/\/articulosreligiosos.com\/en\/#\/schema\/logo\/image\/\",\"url\":\"https:\/\/articulosreligiosos.com\/wp-content\/uploads\/2023\/12\/newlogo-1.png\",\"contentUrl\":\"https:\/\/articulosreligiosos.com\/wp-content\/uploads\/2023\/12\/newlogo-1.png\",\"width\":178,\"height\":114,\"caption\":\"Art\u00edculos Religiosos\"},\"image\":{\"@id\":\"https:\/\/articulosreligiosos.com\/en\/#\/schema\/logo\/image\/\"},\"sameAs\":[\"https:\/\/www.instagram.com\/articulosreligiosos.tienda\/\"],\"hasMerchantReturnPolicy\":{\"@type\":\"MerchantReturnPolicy\",\"merchantReturnLink\":\"https:\/\/articulosreligiosos.com\/en\/refund-and-returns-policy\/\"}}]}<\/script>\n<meta property=\"og:availability\" content=\"instock\" \/>\n<meta property=\"product:availability\" content=\"instock\" \/>\n<meta property=\"product:retailer_item_id\" content=\"LICO12121517\" \/>\n<meta property=\"product:condition\" content=\"new\" \/>\n<!-- \/ Yoast SEO Premium plugin. -->","yoast_head_json":{"title":"Buy First Communion book for boy - Art\u00edculos Religiosos | Online Store","description":"Libro de Primera Comuni\u00f3n para ni\u00f1o con estampaci\u00f3n en oro brillante y l\u00e1mina a color decorada. Available in spanish, catalan and basque.","robots":{"index":"index","follow":"follow","max-snippet":"max-snippet:-1","max-image-preview":"max-image-preview:large","max-video-preview":"max-video-preview:-1"},"canonical":"https:\/\/articulosreligiosos.com\/en\/product\/first-communion-book-for-boy-102106\/","og_locale":"en_US","og_type":"article","og_title":"First Communion book for boy","og_description":"Libro de Primera Comuni\u00f3n para ni\u00f1o con estampaci\u00f3n en oro brillante y l\u00e1mina a color decorada. Available in spanish, catalan and basque.","og_url":"https:\/\/articulosreligiosos.com\/en\/product\/first-communion-book-for-boy-102106\/","og_site_name":"articulosreligiosos.com","article_modified_time":"2024-12-28T09:35:04+00:00","og_image":[{"width":764,"height":975,"url":"https:\/\/articulosreligiosos.com\/wp-content\/uploads\/2019\/02\/lico12121517-0_1.jpg","type":"image\/jpeg"}],"twitter_card":"summary_large_image","twitter_misc":{"Availability":"In stock"},"schema":{"@context":"https:\/\/schema.org","@graph":[{"@type":"WebPage","@id":"https:\/\/articulosreligiosos.com\/en\/product\/first-communion-book-for-boy-102106\/","url":"https:\/\/articulosreligiosos.com\/en\/product\/first-communion-book-for-boy-102106\/","name":"Buy First Communion book for boy - Art\u00edculos Religiosos | Online Store","isPartOf":{"@id":"https:\/\/articulosreligiosos.com\/en\/#website"},"primaryImageOfPage":{"@id":"https:\/\/articulosreligiosos.com\/en\/product\/first-communion-book-for-boy-102106\/#primaryimage"},"image":{"@id":"https:\/\/articulosreligiosos.com\/en\/product\/first-communion-book-for-boy-102106\/#primaryimage"},"thumbnailUrl":"https:\/\/articulosreligiosos.com\/wp-content\/uploads\/2019\/02\/lico12121517-0_1.jpg","datePublished":"2019-02-14T16:00:22+00:00","dateModified":"2024-12-28T09:35:04+00:00","description":"Libro de Primera Comuni\u00f3n para ni\u00f1o con estampaci\u00f3n en oro brillante y l\u00e1mina a color decorada. Available in spanish, catalan and basque.","breadcrumb":{"@id":"https:\/\/articulosreligiosos.com\/en\/product\/first-communion-book-for-boy-102106\/#breadcrumb"},"inLanguage":"en-US","potentialAction":[{"@type":"ReadAction","target":["https:\/\/articulosreligiosos.com\/en\/product\/first-communion-book-for-boy-102106\/"]}]},{"@type":"ImageObject","inLanguage":"en-US","@id":"https:\/\/articulosreligiosos.com\/en\/product\/first-communion-book-for-boy-102106\/#primaryimage","url":"https:\/\/articulosreligiosos.com\/wp-content\/uploads\/2019\/02\/lico12121517-0_1.jpg","contentUrl":"https:\/\/articulosreligiosos.com\/wp-content\/uploads\/2019\/02\/lico12121517-0_1.jpg","width":764,"height":975},{"@type":"BreadcrumbList","@id":"https:\/\/articulosreligiosos.com\/en\/product\/first-communion-book-for-boy-102106\/#breadcrumb","itemListElement":[{"@type":"ListItem","position":1,"name":"Home","item":"https:\/\/articulosreligiosos.com\/en\/"},{"@type":"ListItem","position":2,"name":"Products"},{"@type":"ListItem","position":3,"name":"First Communion book for boy"}]},{"@type":"WebSite","@id":"https:\/\/articulosreligiosos.com\/en\/#website","url":"https:\/\/articulosreligiosos.com\/en\/","name":"Art\u00edculos Religiosos","description":"Tienda online | Fabricaci\u00f3n, restauraci\u00f3n y comercializaci\u00f3n de objetos religiosos al mejor precio y con el mejor servicio.","publisher":{"@id":"https:\/\/articulosreligiosos.com\/en\/#organization"},"potentialAction":[{"@type":"SearchAction","target":{"@type":"EntryPoint","urlTemplate":"https:\/\/articulosreligiosos.com\/en\/?s={search_term_string}"},"query-input":{"@type":"PropertyValueSpecification","valueRequired":true,"valueName":"search_term_string"}}],"inLanguage":"en-US"},{"@type":"Organization","@id":"https:\/\/articulosreligiosos.com\/en\/#organization","name":"Art\u00edculos Religiosos","url":"https:\/\/articulosreligiosos.com\/en\/","logo":{"@type":"ImageObject","inLanguage":"en-US","@id":"https:\/\/articulosreligiosos.com\/en\/#\/schema\/logo\/image\/","url":"https:\/\/articulosreligiosos.com\/wp-content\/uploads\/2023\/12\/newlogo-1.png","contentUrl":"https:\/\/articulosreligiosos.com\/wp-content\/uploads\/2023\/12\/newlogo-1.png","width":178,"height":114,"caption":"Art\u00edculos Religiosos"},"image":{"@id":"https:\/\/articulosreligiosos.com\/en\/#\/schema\/logo\/image\/"},"sameAs":["https:\/\/www.instagram.com\/articulosreligiosos.tienda\/"],"hasMerchantReturnPolicy":{"@type":"MerchantReturnPolicy","merchantReturnLink":"https:\/\/articulosreligiosos.com\/en\/refund-and-returns-policy\/"}}]},"og_availability":"instock","product_availability":"instock","product_retailer_item_id":"LICO12121517","product_condition":"new"},"_links":{"self":[{"href":"https:\/\/articulosreligiosos.com\/en\/wp-json\/wp\/v2\/product\/144380","targetHints":{"allow":["GET"]}}],"collection":[{"href":"https:\/\/articulosreligiosos.com\/en\/wp-json\/wp\/v2\/product"}],"about":[{"href":"https:\/\/articulosreligiosos.com\/en\/wp-json\/wp\/v2\/types\/product"}],"replies":[{"embeddable":true,"href":"https:\/\/articulosreligiosos.com\/en\/wp-json\/wp\/v2\/comments?post=144380"}],"wp:featuredmedia":[{"embeddable":true,"href":"https:\/\/articulosreligiosos.com\/en\/wp-json\/wp\/v2\/media\/144379"}],"wp:attachment":[{"href":"https:\/\/articulosreligiosos.com\/en\/wp-json\/wp\/v2\/media?parent=144380"}],"wp:term":[{"taxonomy":"product_brand","embeddable":true,"href":"https:\/\/articulosreligiosos.com\/en\/wp-json\/wp\/v2\/product_brand?post=144380"},{"taxonomy":"product_cat","embeddable":true,"href":"https:\/\/articulosreligiosos.com\/en\/wp-json\/wp\/v2\/product_cat?post=144380"},{"taxonomy":"product_tag","embeddable":true,"href":"https:\/\/articulosreligiosos.com\/en\/wp-json\/wp\/v2\/product_tag?post=144380"}],"curies":[{"name":"wp","href":"https:\/\/api.w.org\/{rel}","templated":true}]}}