{"id":138712,"date":"2018-03-13T10:21:28","date_gmt":"2018-03-13T10:21:28","guid":{"rendered":"https:\/\/articulosreligiosos.com\/product\/keychain-our-lady-of-the-miracle-enamel\/"},"modified":"2025-03-04T12:14:49","modified_gmt":"2025-03-04T12:14:49","slug":"keychain-our-lady-of-the-miracle-enamel","status":"publish","type":"product","link":"https:\/\/articulosreligiosos.com\/en\/product\/keychain-our-lady-of-the-miracle-enamel\/","title":{"rendered":"Keychain Our Lady of the Miracle. Enamel"},"content":{"rendered":"<p>Beautiful keychain made of metal of exceptional quality.<\/p>\n","protected":false},"excerpt":{"rendered":"<p>Our Lady of the Miracle keychain, made of enamel metal.<\/p>\n","protected":false},"featured_media":352069,"comment_status":"open","ping_status":"closed","template":"","meta":{"_acf_changed":false},"product_brand":[],"product_cat":[7465,6806],"product_tag":[],"class_list":{"0":"post-138712","1":"product","2":"type-product","3":"status-publish","4":"has-post-thumbnail","6":"product_cat-religious-catholic-keychains-keychain-en-catholic-goods-religious-goods-other-items-en-en","7":"product_cat-catholic-goods-religious-goods-other-items-en","8":"pa_altura-30-en","9":"pa_decoraciones_general-metal-en","10":"pa_disponibilidad-in-stock","11":"pa_manufacturer-p020-en","12":"pa_material-metal-en-2","14":"first","15":"instock","16":"sale","17":"taxable","18":"shipping-taxable","19":"purchasable","20":"product-type-simple"},"acf":[],"yoast_head":"<!-- This site is optimized with the Yoast SEO Premium plugin v27.2 (Yoast SEO v27.2) - https:\/\/yoast.com\/product\/yoast-seo-premium-wordpress\/ -->\n<title>Buy Keychain Our Lady of the Miracle. Enamel - Art\u00edculos Religiosos | Online Store<\/title>\n<meta name=\"description\" content=\"Our Lady of the Miracle keychain, made of enamel metal.\" \/>\n<meta name=\"robots\" content=\"index, follow, max-snippet:-1, max-image-preview:large, max-video-preview:-1\" \/>\n<link rel=\"canonical\" href=\"https:\/\/articulosreligiosos.com\/en\/product\/keychain-our-lady-of-the-miracle-enamel\/\" \/>\n<meta property=\"og:locale\" content=\"en_US\" \/>\n<meta property=\"og:type\" content=\"article\" \/>\n<meta property=\"og:title\" content=\"Keychain Our Lady of the Miracle. Enamel\" \/>\n<meta property=\"og:description\" content=\"Our Lady of the Miracle keychain, made of enamel metal.\" \/>\n<meta property=\"og:url\" content=\"https:\/\/articulosreligiosos.com\/en\/product\/keychain-our-lady-of-the-miracle-enamel\/\" \/>\n<meta property=\"og:site_name\" content=\"articulosreligiosos.com\" \/>\n<meta property=\"article:modified_time\" content=\"2025-03-04T12:14:49+00:00\" \/>\n<meta property=\"og:image\" content=\"https:\/\/articulosreligiosos.com\/wp-content\/uploads\/2025\/09\/Llavero-Virgen-Milagrosa-Esmaltado-mela0202395d-0.webp\" \/>\n\t<meta property=\"og:image:width\" content=\"768\" \/>\n\t<meta property=\"og:image:height\" content=\"950\" \/>\n\t<meta property=\"og:image:type\" content=\"image\/webp\" \/>\n<meta name=\"twitter:card\" content=\"summary_large_image\" \/>\n<meta name=\"twitter:label1\" content=\"Price\" \/>\n\t<meta name=\"twitter:data1\" content=\"2,48&nbsp;&euro;\" \/>\n\t<meta name=\"twitter:label2\" content=\"Availability\" \/>\n\t<meta name=\"twitter:data2\" content=\"In stock\" \/>\n<script type=\"application\/ld+json\" class=\"yoast-schema-graph\">{\"@context\":\"https:\/\/schema.org\",\"@graph\":[{\"@type\":\"WebPage\",\"@id\":\"https:\/\/articulosreligiosos.com\/en\/product\/keychain-our-lady-of-the-miracle-enamel\/\",\"url\":\"https:\/\/articulosreligiosos.com\/en\/product\/keychain-our-lady-of-the-miracle-enamel\/\",\"name\":\"Buy Keychain Our Lady of the Miracle. Enamel - Art\u00edculos Religiosos | Online Store\",\"isPartOf\":{\"@id\":\"https:\/\/articulosreligiosos.com\/en\/#website\"},\"primaryImageOfPage\":{\"@id\":\"https:\/\/articulosreligiosos.com\/en\/product\/keychain-our-lady-of-the-miracle-enamel\/#primaryimage\"},\"image\":{\"@id\":\"https:\/\/articulosreligiosos.com\/en\/product\/keychain-our-lady-of-the-miracle-enamel\/#primaryimage\"},\"thumbnailUrl\":\"https:\/\/articulosreligiosos.com\/wp-content\/uploads\/2025\/09\/Llavero-Virgen-Milagrosa-Esmaltado-mela0202395d-0.webp\",\"datePublished\":\"2018-03-13T10:21:28+00:00\",\"dateModified\":\"2025-03-04T12:14:49+00:00\",\"description\":\"Our Lady of the Miracle keychain, made of enamel metal.\",\"breadcrumb\":{\"@id\":\"https:\/\/articulosreligiosos.com\/en\/product\/keychain-our-lady-of-the-miracle-enamel\/#breadcrumb\"},\"inLanguage\":\"en-US\",\"potentialAction\":[{\"@type\":\"ReadAction\",\"target\":[\"https:\/\/articulosreligiosos.com\/en\/product\/keychain-our-lady-of-the-miracle-enamel\/\"]}]},{\"@type\":\"ImageObject\",\"inLanguage\":\"en-US\",\"@id\":\"https:\/\/articulosreligiosos.com\/en\/product\/keychain-our-lady-of-the-miracle-enamel\/#primaryimage\",\"url\":\"https:\/\/articulosreligiosos.com\/wp-content\/uploads\/2025\/09\/Llavero-Virgen-Milagrosa-Esmaltado-mela0202395d-0.webp\",\"contentUrl\":\"https:\/\/articulosreligiosos.com\/wp-content\/uploads\/2025\/09\/Llavero-Virgen-Milagrosa-Esmaltado-mela0202395d-0.webp\",\"width\":768,\"height\":950},{\"@type\":\"BreadcrumbList\",\"@id\":\"https:\/\/articulosreligiosos.com\/en\/product\/keychain-our-lady-of-the-miracle-enamel\/#breadcrumb\",\"itemListElement\":[{\"@type\":\"ListItem\",\"position\":1,\"name\":\"Home\",\"item\":\"https:\/\/articulosreligiosos.com\/en\/\"},{\"@type\":\"ListItem\",\"position\":2,\"name\":\"Products\"},{\"@type\":\"ListItem\",\"position\":3,\"name\":\"Keychain Our Lady of the Miracle. Enamel\"}]},{\"@type\":\"WebSite\",\"@id\":\"https:\/\/articulosreligiosos.com\/en\/#website\",\"url\":\"https:\/\/articulosreligiosos.com\/en\/\",\"name\":\"Art\u00edculos Religiosos\",\"description\":\"Tienda online | Fabricaci\u00f3n, restauraci\u00f3n y comercializaci\u00f3n de objetos religiosos al mejor precio y con el mejor servicio.\",\"publisher\":{\"@id\":\"https:\/\/articulosreligiosos.com\/en\/#organization\"},\"potentialAction\":[{\"@type\":\"SearchAction\",\"target\":{\"@type\":\"EntryPoint\",\"urlTemplate\":\"https:\/\/articulosreligiosos.com\/en\/?s={search_term_string}\"},\"query-input\":{\"@type\":\"PropertyValueSpecification\",\"valueRequired\":true,\"valueName\":\"search_term_string\"}}],\"inLanguage\":\"en-US\"},{\"@type\":\"Organization\",\"@id\":\"https:\/\/articulosreligiosos.com\/en\/#organization\",\"name\":\"Art\u00edculos Religiosos\",\"url\":\"https:\/\/articulosreligiosos.com\/en\/\",\"logo\":{\"@type\":\"ImageObject\",\"inLanguage\":\"en-US\",\"@id\":\"https:\/\/articulosreligiosos.com\/en\/#\/schema\/logo\/image\/\",\"url\":\"https:\/\/articulosreligiosos.com\/wp-content\/uploads\/2023\/12\/newlogo-1.png\",\"contentUrl\":\"https:\/\/articulosreligiosos.com\/wp-content\/uploads\/2023\/12\/newlogo-1.png\",\"width\":178,\"height\":114,\"caption\":\"Art\u00edculos Religiosos\"},\"image\":{\"@id\":\"https:\/\/articulosreligiosos.com\/en\/#\/schema\/logo\/image\/\"},\"sameAs\":[\"https:\/\/www.instagram.com\/articulosreligiosos.tienda\/\"],\"hasMerchantReturnPolicy\":{\"@type\":\"MerchantReturnPolicy\",\"merchantReturnLink\":\"https:\/\/articulosreligiosos.com\/en\/refund-and-returns-policy\/\"}}]}<\/script>\n<meta property=\"product:price:amount\" content=\"2.48\" \/>\n<meta property=\"product:price:currency\" content=\"EUR\" \/>\n<meta property=\"og:availability\" content=\"instock\" \/>\n<meta property=\"product:availability\" content=\"instock\" \/>\n<meta property=\"product:retailer_item_id\" content=\"MELA0202395D\" \/>\n<meta property=\"product:condition\" content=\"new\" \/>\n<!-- \/ Yoast SEO Premium plugin. -->","yoast_head_json":{"title":"Buy Keychain Our Lady of the Miracle. Enamel - Art\u00edculos Religiosos | Online Store","description":"Our Lady of the Miracle keychain, made of enamel metal.","robots":{"index":"index","follow":"follow","max-snippet":"max-snippet:-1","max-image-preview":"max-image-preview:large","max-video-preview":"max-video-preview:-1"},"canonical":"https:\/\/articulosreligiosos.com\/en\/product\/keychain-our-lady-of-the-miracle-enamel\/","og_locale":"en_US","og_type":"article","og_title":"Keychain Our Lady of the Miracle. Enamel","og_description":"Our Lady of the Miracle keychain, made of enamel metal.","og_url":"https:\/\/articulosreligiosos.com\/en\/product\/keychain-our-lady-of-the-miracle-enamel\/","og_site_name":"articulosreligiosos.com","article_modified_time":"2025-03-04T12:14:49+00:00","og_image":[{"width":768,"height":950,"url":"https:\/\/articulosreligiosos.com\/wp-content\/uploads\/2025\/09\/Llavero-Virgen-Milagrosa-Esmaltado-mela0202395d-0.webp","type":"image\/webp"}],"twitter_card":"summary_large_image","twitter_misc":{"Price":"2,48&nbsp;&euro;","Availability":"In stock"},"schema":{"@context":"https:\/\/schema.org","@graph":[{"@type":"WebPage","@id":"https:\/\/articulosreligiosos.com\/en\/product\/keychain-our-lady-of-the-miracle-enamel\/","url":"https:\/\/articulosreligiosos.com\/en\/product\/keychain-our-lady-of-the-miracle-enamel\/","name":"Buy Keychain Our Lady of the Miracle. Enamel - Art\u00edculos Religiosos | Online Store","isPartOf":{"@id":"https:\/\/articulosreligiosos.com\/en\/#website"},"primaryImageOfPage":{"@id":"https:\/\/articulosreligiosos.com\/en\/product\/keychain-our-lady-of-the-miracle-enamel\/#primaryimage"},"image":{"@id":"https:\/\/articulosreligiosos.com\/en\/product\/keychain-our-lady-of-the-miracle-enamel\/#primaryimage"},"thumbnailUrl":"https:\/\/articulosreligiosos.com\/wp-content\/uploads\/2025\/09\/Llavero-Virgen-Milagrosa-Esmaltado-mela0202395d-0.webp","datePublished":"2018-03-13T10:21:28+00:00","dateModified":"2025-03-04T12:14:49+00:00","description":"Our Lady of the Miracle keychain, made of enamel metal.","breadcrumb":{"@id":"https:\/\/articulosreligiosos.com\/en\/product\/keychain-our-lady-of-the-miracle-enamel\/#breadcrumb"},"inLanguage":"en-US","potentialAction":[{"@type":"ReadAction","target":["https:\/\/articulosreligiosos.com\/en\/product\/keychain-our-lady-of-the-miracle-enamel\/"]}]},{"@type":"ImageObject","inLanguage":"en-US","@id":"https:\/\/articulosreligiosos.com\/en\/product\/keychain-our-lady-of-the-miracle-enamel\/#primaryimage","url":"https:\/\/articulosreligiosos.com\/wp-content\/uploads\/2025\/09\/Llavero-Virgen-Milagrosa-Esmaltado-mela0202395d-0.webp","contentUrl":"https:\/\/articulosreligiosos.com\/wp-content\/uploads\/2025\/09\/Llavero-Virgen-Milagrosa-Esmaltado-mela0202395d-0.webp","width":768,"height":950},{"@type":"BreadcrumbList","@id":"https:\/\/articulosreligiosos.com\/en\/product\/keychain-our-lady-of-the-miracle-enamel\/#breadcrumb","itemListElement":[{"@type":"ListItem","position":1,"name":"Home","item":"https:\/\/articulosreligiosos.com\/en\/"},{"@type":"ListItem","position":2,"name":"Products"},{"@type":"ListItem","position":3,"name":"Keychain Our Lady of the Miracle. Enamel"}]},{"@type":"WebSite","@id":"https:\/\/articulosreligiosos.com\/en\/#website","url":"https:\/\/articulosreligiosos.com\/en\/","name":"Art\u00edculos Religiosos","description":"Tienda online | Fabricaci\u00f3n, restauraci\u00f3n y comercializaci\u00f3n de objetos religiosos al mejor precio y con el mejor servicio.","publisher":{"@id":"https:\/\/articulosreligiosos.com\/en\/#organization"},"potentialAction":[{"@type":"SearchAction","target":{"@type":"EntryPoint","urlTemplate":"https:\/\/articulosreligiosos.com\/en\/?s={search_term_string}"},"query-input":{"@type":"PropertyValueSpecification","valueRequired":true,"valueName":"search_term_string"}}],"inLanguage":"en-US"},{"@type":"Organization","@id":"https:\/\/articulosreligiosos.com\/en\/#organization","name":"Art\u00edculos Religiosos","url":"https:\/\/articulosreligiosos.com\/en\/","logo":{"@type":"ImageObject","inLanguage":"en-US","@id":"https:\/\/articulosreligiosos.com\/en\/#\/schema\/logo\/image\/","url":"https:\/\/articulosreligiosos.com\/wp-content\/uploads\/2023\/12\/newlogo-1.png","contentUrl":"https:\/\/articulosreligiosos.com\/wp-content\/uploads\/2023\/12\/newlogo-1.png","width":178,"height":114,"caption":"Art\u00edculos Religiosos"},"image":{"@id":"https:\/\/articulosreligiosos.com\/en\/#\/schema\/logo\/image\/"},"sameAs":["https:\/\/www.instagram.com\/articulosreligiosos.tienda\/"],"hasMerchantReturnPolicy":{"@type":"MerchantReturnPolicy","merchantReturnLink":"https:\/\/articulosreligiosos.com\/en\/refund-and-returns-policy\/"}}]},"product_price_amount":"2.48","product_price_currency":"EUR","og_availability":"instock","product_availability":"instock","product_retailer_item_id":"MELA0202395D","product_condition":"new"},"_links":{"self":[{"href":"https:\/\/articulosreligiosos.com\/en\/wp-json\/wp\/v2\/product\/138712","targetHints":{"allow":["GET"]}}],"collection":[{"href":"https:\/\/articulosreligiosos.com\/en\/wp-json\/wp\/v2\/product"}],"about":[{"href":"https:\/\/articulosreligiosos.com\/en\/wp-json\/wp\/v2\/types\/product"}],"replies":[{"embeddable":true,"href":"https:\/\/articulosreligiosos.com\/en\/wp-json\/wp\/v2\/comments?post=138712"}],"wp:featuredmedia":[{"embeddable":true,"href":"https:\/\/articulosreligiosos.com\/en\/wp-json\/wp\/v2\/media\/352069"}],"wp:attachment":[{"href":"https:\/\/articulosreligiosos.com\/en\/wp-json\/wp\/v2\/media?parent=138712"}],"wp:term":[{"taxonomy":"product_brand","embeddable":true,"href":"https:\/\/articulosreligiosos.com\/en\/wp-json\/wp\/v2\/product_brand?post=138712"},{"taxonomy":"product_cat","embeddable":true,"href":"https:\/\/articulosreligiosos.com\/en\/wp-json\/wp\/v2\/product_cat?post=138712"},{"taxonomy":"product_tag","embeddable":true,"href":"https:\/\/articulosreligiosos.com\/en\/wp-json\/wp\/v2\/product_tag?post=138712"}],"curies":[{"name":"wp","href":"https:\/\/api.w.org\/{rel}","templated":true}]}}