{"id":137700,"date":"2018-01-19T18:56:24","date_gmt":"2018-01-19T18:56:24","guid":{"rendered":"https:\/\/articulosreligiosos.com\/product\/hook-and-mitra-pectoral-cross\/"},"modified":"2026-02-06T12:23:23","modified_gmt":"2026-02-06T12:23:23","slug":"hook-and-mitra-pectoral-cross-orcr01000075","status":"publish","type":"product","link":"https:\/\/articulosreligiosos.com\/en\/product\/hook-and-mitra-pectoral-cross-orcr01000075\/","title":{"rendered":"Hook and Mitra (Pectoral cross)"},"content":{"rendered":"<p>Hook and Mitra for Pectoral cross in 925 sterling silver, of great quality and exceptional finish. Elaborated in a completely handmade way. Chain not included, contact us.<\/p>\n","protected":false},"excerpt":{"rendered":"<p>Hook and Mitra for Pectoral cross in 925 sterling silver gold plated. Silver chain not included, contact us. <\/p>\n<p><span style=\"color:#c00000\"><br \/>\n\u26a0\ufe0f <strong>Indicative price based on the current silver market rate.<\/strong><br \/>\nIt is essential to request the final price before placing your order.<br \/>\nOrders placed without prior consultation will be cancelled.<br \/>\n<\/span><\/p>\n","protected":false},"featured_media":332098,"comment_status":"open","ping_status":"closed","template":"","meta":{"_acf_changed":false},"product_brand":[],"product_cat":[6407,6260,6434,6268],"product_tag":[],"class_list":{"0":"post-137700","1":"product","2":"type-product","3":"status-publish","4":"has-post-thumbnail","6":"product_cat-churchware-gold-work-en","7":"product_cat-crosses-crucifixes-cross-crucifix-religious-sculptures-en","8":"product_cat-crucifix-gold-work-churchware-en","9":"product_cat-necklace-crosses-crucifixes-cross-crucifix-en","10":"pa_altura-50-en","11":"pa_decoraciones_general-sterlingsilver925-en","12":"pa_disponibilidad-30-en","13":"pa_manufacturer-p010-en","14":"pa_material-sterlingsilver925-en-en","16":"first","17":"instock","18":"taxable","19":"shipping-taxable","20":"purchasable","21":"product-type-simple"},"acf":[],"yoast_head":"<!-- This site is optimized with the Yoast SEO Premium plugin v27.2 (Yoast SEO v27.2) - https:\/\/yoast.com\/product\/yoast-seo-premium-wordpress\/ -->\n<title>Buy Hook and Mitra (Pectoral cross) - Art\u00edculos Religiosos | Online Store<\/title>\n<meta name=\"description\" content=\"Hook and Mitra for Pectoral cross in 925 sterling silver gold plated. Silver chain not included, contact us.   \u26a0\ufe0f Indicative price based on the current silver market rate. It is essential to request the final price before placing your order. Orders placed without prior consultation will be cancelled.\" \/>\n<meta name=\"robots\" content=\"index, follow, max-snippet:-1, max-image-preview:large, max-video-preview:-1\" \/>\n<link rel=\"canonical\" href=\"https:\/\/articulosreligiosos.com\/en\/product\/hook-and-mitra-pectoral-cross-orcr01000075\/\" \/>\n<meta property=\"og:locale\" content=\"en_US\" \/>\n<meta property=\"og:type\" content=\"article\" \/>\n<meta property=\"og:title\" content=\"Hook and Mitra (Pectoral cross)\" \/>\n<meta property=\"og:description\" content=\"Hook and Mitra for Pectoral cross in 925 sterling silver gold plated. Silver chain not included, contact us.   \u26a0\ufe0f Indicative price based on the current silver market rate. It is essential to request the final price before placing your order. Orders placed without prior consultation will be cancelled.\" \/>\n<meta property=\"og:url\" content=\"https:\/\/articulosreligiosos.com\/en\/product\/hook-and-mitra-pectoral-cross-orcr01000075\/\" \/>\n<meta property=\"og:site_name\" content=\"articulosreligiosos.com\" \/>\n<meta property=\"article:modified_time\" content=\"2026-02-06T12:23:23+00:00\" \/>\n<meta property=\"og:image\" content=\"https:\/\/articulosreligiosos.com\/wp-content\/uploads\/2025\/08\/Gancho-y-Mitra-Cruz-Pectoral-orcr01000075-0.webp\" \/>\n\t<meta property=\"og:image:width\" content=\"525\" \/>\n\t<meta property=\"og:image:height\" content=\"700\" \/>\n\t<meta property=\"og:image:type\" content=\"image\/webp\" \/>\n<meta name=\"twitter:card\" content=\"summary_large_image\" \/>\n<meta name=\"twitter:label1\" content=\"Price\" \/>\n\t<meta name=\"twitter:data1\" content=\"314,88&nbsp;&euro;\" \/>\n\t<meta name=\"twitter:label2\" content=\"Availability\" \/>\n\t<meta name=\"twitter:data2\" content=\"In stock\" \/>\n<script type=\"application\/ld+json\" class=\"yoast-schema-graph\">{\"@context\":\"https:\/\/schema.org\",\"@graph\":[{\"@type\":\"WebPage\",\"@id\":\"https:\/\/articulosreligiosos.com\/en\/product\/hook-and-mitra-pectoral-cross-orcr01000075\/\",\"url\":\"https:\/\/articulosreligiosos.com\/en\/product\/hook-and-mitra-pectoral-cross-orcr01000075\/\",\"name\":\"Buy Hook and Mitra (Pectoral cross) - Art\u00edculos Religiosos | Online Store\",\"isPartOf\":{\"@id\":\"https:\/\/articulosreligiosos.com\/en\/#website\"},\"primaryImageOfPage\":{\"@id\":\"https:\/\/articulosreligiosos.com\/en\/product\/hook-and-mitra-pectoral-cross-orcr01000075\/#primaryimage\"},\"image\":{\"@id\":\"https:\/\/articulosreligiosos.com\/en\/product\/hook-and-mitra-pectoral-cross-orcr01000075\/#primaryimage\"},\"thumbnailUrl\":\"https:\/\/articulosreligiosos.com\/wp-content\/uploads\/2025\/08\/Gancho-y-Mitra-Cruz-Pectoral-orcr01000075-0.webp\",\"datePublished\":\"2018-01-19T18:56:24+00:00\",\"dateModified\":\"2026-02-06T12:23:23+00:00\",\"description\":\"Hook and Mitra for Pectoral cross in 925 sterling silver gold plated. Silver chain not included, contact us. \u26a0\ufe0f Indicative price based on the current silver market rate. It is essential to request the final price before placing your order. Orders placed without prior consultation will be cancelled.\",\"breadcrumb\":{\"@id\":\"https:\/\/articulosreligiosos.com\/en\/product\/hook-and-mitra-pectoral-cross-orcr01000075\/#breadcrumb\"},\"inLanguage\":\"en-US\",\"potentialAction\":[{\"@type\":\"ReadAction\",\"target\":[\"https:\/\/articulosreligiosos.com\/en\/product\/hook-and-mitra-pectoral-cross-orcr01000075\/\"]}]},{\"@type\":\"ImageObject\",\"inLanguage\":\"en-US\",\"@id\":\"https:\/\/articulosreligiosos.com\/en\/product\/hook-and-mitra-pectoral-cross-orcr01000075\/#primaryimage\",\"url\":\"https:\/\/articulosreligiosos.com\/wp-content\/uploads\/2025\/08\/Gancho-y-Mitra-Cruz-Pectoral-orcr01000075-0.webp\",\"contentUrl\":\"https:\/\/articulosreligiosos.com\/wp-content\/uploads\/2025\/08\/Gancho-y-Mitra-Cruz-Pectoral-orcr01000075-0.webp\",\"width\":525,\"height\":700},{\"@type\":\"BreadcrumbList\",\"@id\":\"https:\/\/articulosreligiosos.com\/en\/product\/hook-and-mitra-pectoral-cross-orcr01000075\/#breadcrumb\",\"itemListElement\":[{\"@type\":\"ListItem\",\"position\":1,\"name\":\"Home\",\"item\":\"https:\/\/articulosreligiosos.com\/en\/\"},{\"@type\":\"ListItem\",\"position\":2,\"name\":\"Products\"},{\"@type\":\"ListItem\",\"position\":3,\"name\":\"Hook and Mitra (Pectoral cross)\"}]},{\"@type\":\"WebSite\",\"@id\":\"https:\/\/articulosreligiosos.com\/en\/#website\",\"url\":\"https:\/\/articulosreligiosos.com\/en\/\",\"name\":\"Art\u00edculos Religiosos\",\"description\":\"Tienda online | Fabricaci\u00f3n, restauraci\u00f3n y comercializaci\u00f3n de objetos religiosos al mejor precio y con el mejor servicio.\",\"publisher\":{\"@id\":\"https:\/\/articulosreligiosos.com\/en\/#organization\"},\"potentialAction\":[{\"@type\":\"SearchAction\",\"target\":{\"@type\":\"EntryPoint\",\"urlTemplate\":\"https:\/\/articulosreligiosos.com\/en\/?s={search_term_string}\"},\"query-input\":{\"@type\":\"PropertyValueSpecification\",\"valueRequired\":true,\"valueName\":\"search_term_string\"}}],\"inLanguage\":\"en-US\"},{\"@type\":\"Organization\",\"@id\":\"https:\/\/articulosreligiosos.com\/en\/#organization\",\"name\":\"Art\u00edculos Religiosos\",\"url\":\"https:\/\/articulosreligiosos.com\/en\/\",\"logo\":{\"@type\":\"ImageObject\",\"inLanguage\":\"en-US\",\"@id\":\"https:\/\/articulosreligiosos.com\/en\/#\/schema\/logo\/image\/\",\"url\":\"https:\/\/articulosreligiosos.com\/wp-content\/uploads\/2023\/12\/newlogo-1.png\",\"contentUrl\":\"https:\/\/articulosreligiosos.com\/wp-content\/uploads\/2023\/12\/newlogo-1.png\",\"width\":178,\"height\":114,\"caption\":\"Art\u00edculos Religiosos\"},\"image\":{\"@id\":\"https:\/\/articulosreligiosos.com\/en\/#\/schema\/logo\/image\/\"},\"sameAs\":[\"https:\/\/www.instagram.com\/articulosreligiosos.tienda\/\"],\"hasMerchantReturnPolicy\":{\"@type\":\"MerchantReturnPolicy\",\"merchantReturnLink\":\"https:\/\/articulosreligiosos.com\/en\/refund-and-returns-policy\/\"}}]}<\/script>\n<meta property=\"product:price:amount\" content=\"314.88\" \/>\n<meta property=\"product:price:currency\" content=\"EUR\" \/>\n<meta property=\"og:availability\" content=\"instock\" \/>\n<meta property=\"product:availability\" content=\"instock\" \/>\n<meta property=\"product:retailer_item_id\" content=\"ORCR01000075\" \/>\n<meta property=\"product:condition\" content=\"new\" \/>\n<!-- \/ Yoast SEO Premium plugin. -->","yoast_head_json":{"title":"Buy Hook and Mitra (Pectoral cross) - Art\u00edculos Religiosos | Online Store","description":"Hook and Mitra for Pectoral cross in 925 sterling silver gold plated. Silver chain not included, contact us.   \u26a0\ufe0f Indicative price based on the current silver market rate. It is essential to request the final price before placing your order. Orders placed without prior consultation will be cancelled.","robots":{"index":"index","follow":"follow","max-snippet":"max-snippet:-1","max-image-preview":"max-image-preview:large","max-video-preview":"max-video-preview:-1"},"canonical":"https:\/\/articulosreligiosos.com\/en\/product\/hook-and-mitra-pectoral-cross-orcr01000075\/","og_locale":"en_US","og_type":"article","og_title":"Hook and Mitra (Pectoral cross)","og_description":"Hook and Mitra for Pectoral cross in 925 sterling silver gold plated. Silver chain not included, contact us.   \u26a0\ufe0f Indicative price based on the current silver market rate. It is essential to request the final price before placing your order. Orders placed without prior consultation will be cancelled.","og_url":"https:\/\/articulosreligiosos.com\/en\/product\/hook-and-mitra-pectoral-cross-orcr01000075\/","og_site_name":"articulosreligiosos.com","article_modified_time":"2026-02-06T12:23:23+00:00","og_image":[{"width":525,"height":700,"url":"https:\/\/articulosreligiosos.com\/wp-content\/uploads\/2025\/08\/Gancho-y-Mitra-Cruz-Pectoral-orcr01000075-0.webp","type":"image\/webp"}],"twitter_card":"summary_large_image","twitter_misc":{"Price":"314,88&nbsp;&euro;","Availability":"In stock"},"schema":{"@context":"https:\/\/schema.org","@graph":[{"@type":"WebPage","@id":"https:\/\/articulosreligiosos.com\/en\/product\/hook-and-mitra-pectoral-cross-orcr01000075\/","url":"https:\/\/articulosreligiosos.com\/en\/product\/hook-and-mitra-pectoral-cross-orcr01000075\/","name":"Buy Hook and Mitra (Pectoral cross) - Art\u00edculos Religiosos | Online Store","isPartOf":{"@id":"https:\/\/articulosreligiosos.com\/en\/#website"},"primaryImageOfPage":{"@id":"https:\/\/articulosreligiosos.com\/en\/product\/hook-and-mitra-pectoral-cross-orcr01000075\/#primaryimage"},"image":{"@id":"https:\/\/articulosreligiosos.com\/en\/product\/hook-and-mitra-pectoral-cross-orcr01000075\/#primaryimage"},"thumbnailUrl":"https:\/\/articulosreligiosos.com\/wp-content\/uploads\/2025\/08\/Gancho-y-Mitra-Cruz-Pectoral-orcr01000075-0.webp","datePublished":"2018-01-19T18:56:24+00:00","dateModified":"2026-02-06T12:23:23+00:00","description":"Hook and Mitra for Pectoral cross in 925 sterling silver gold plated. Silver chain not included, contact us. \u26a0\ufe0f Indicative price based on the current silver market rate. It is essential to request the final price before placing your order. Orders placed without prior consultation will be cancelled.","breadcrumb":{"@id":"https:\/\/articulosreligiosos.com\/en\/product\/hook-and-mitra-pectoral-cross-orcr01000075\/#breadcrumb"},"inLanguage":"en-US","potentialAction":[{"@type":"ReadAction","target":["https:\/\/articulosreligiosos.com\/en\/product\/hook-and-mitra-pectoral-cross-orcr01000075\/"]}]},{"@type":"ImageObject","inLanguage":"en-US","@id":"https:\/\/articulosreligiosos.com\/en\/product\/hook-and-mitra-pectoral-cross-orcr01000075\/#primaryimage","url":"https:\/\/articulosreligiosos.com\/wp-content\/uploads\/2025\/08\/Gancho-y-Mitra-Cruz-Pectoral-orcr01000075-0.webp","contentUrl":"https:\/\/articulosreligiosos.com\/wp-content\/uploads\/2025\/08\/Gancho-y-Mitra-Cruz-Pectoral-orcr01000075-0.webp","width":525,"height":700},{"@type":"BreadcrumbList","@id":"https:\/\/articulosreligiosos.com\/en\/product\/hook-and-mitra-pectoral-cross-orcr01000075\/#breadcrumb","itemListElement":[{"@type":"ListItem","position":1,"name":"Home","item":"https:\/\/articulosreligiosos.com\/en\/"},{"@type":"ListItem","position":2,"name":"Products"},{"@type":"ListItem","position":3,"name":"Hook and Mitra (Pectoral cross)"}]},{"@type":"WebSite","@id":"https:\/\/articulosreligiosos.com\/en\/#website","url":"https:\/\/articulosreligiosos.com\/en\/","name":"Art\u00edculos Religiosos","description":"Tienda online | Fabricaci\u00f3n, restauraci\u00f3n y comercializaci\u00f3n de objetos religiosos al mejor precio y con el mejor servicio.","publisher":{"@id":"https:\/\/articulosreligiosos.com\/en\/#organization"},"potentialAction":[{"@type":"SearchAction","target":{"@type":"EntryPoint","urlTemplate":"https:\/\/articulosreligiosos.com\/en\/?s={search_term_string}"},"query-input":{"@type":"PropertyValueSpecification","valueRequired":true,"valueName":"search_term_string"}}],"inLanguage":"en-US"},{"@type":"Organization","@id":"https:\/\/articulosreligiosos.com\/en\/#organization","name":"Art\u00edculos Religiosos","url":"https:\/\/articulosreligiosos.com\/en\/","logo":{"@type":"ImageObject","inLanguage":"en-US","@id":"https:\/\/articulosreligiosos.com\/en\/#\/schema\/logo\/image\/","url":"https:\/\/articulosreligiosos.com\/wp-content\/uploads\/2023\/12\/newlogo-1.png","contentUrl":"https:\/\/articulosreligiosos.com\/wp-content\/uploads\/2023\/12\/newlogo-1.png","width":178,"height":114,"caption":"Art\u00edculos Religiosos"},"image":{"@id":"https:\/\/articulosreligiosos.com\/en\/#\/schema\/logo\/image\/"},"sameAs":["https:\/\/www.instagram.com\/articulosreligiosos.tienda\/"],"hasMerchantReturnPolicy":{"@type":"MerchantReturnPolicy","merchantReturnLink":"https:\/\/articulosreligiosos.com\/en\/refund-and-returns-policy\/"}}]},"product_price_amount":"314.88","product_price_currency":"EUR","og_availability":"instock","product_availability":"instock","product_retailer_item_id":"ORCR01000075","product_condition":"new"},"_links":{"self":[{"href":"https:\/\/articulosreligiosos.com\/en\/wp-json\/wp\/v2\/product\/137700","targetHints":{"allow":["GET"]}}],"collection":[{"href":"https:\/\/articulosreligiosos.com\/en\/wp-json\/wp\/v2\/product"}],"about":[{"href":"https:\/\/articulosreligiosos.com\/en\/wp-json\/wp\/v2\/types\/product"}],"replies":[{"embeddable":true,"href":"https:\/\/articulosreligiosos.com\/en\/wp-json\/wp\/v2\/comments?post=137700"}],"wp:featuredmedia":[{"embeddable":true,"href":"https:\/\/articulosreligiosos.com\/en\/wp-json\/wp\/v2\/media\/332098"}],"wp:attachment":[{"href":"https:\/\/articulosreligiosos.com\/en\/wp-json\/wp\/v2\/media?parent=137700"}],"wp:term":[{"taxonomy":"product_brand","embeddable":true,"href":"https:\/\/articulosreligiosos.com\/en\/wp-json\/wp\/v2\/product_brand?post=137700"},{"taxonomy":"product_cat","embeddable":true,"href":"https:\/\/articulosreligiosos.com\/en\/wp-json\/wp\/v2\/product_cat?post=137700"},{"taxonomy":"product_tag","embeddable":true,"href":"https:\/\/articulosreligiosos.com\/en\/wp-json\/wp\/v2\/product_tag?post=137700"}],"curies":[{"name":"wp","href":"https:\/\/api.w.org\/{rel}","templated":true}]}}