{"id":137506,"date":"2017-12-20T10:47:58","date_gmt":"2017-12-20T10:47:58","guid":{"rendered":"https:\/\/articulosreligiosos.com\/product\/bishop-ring-99297\/"},"modified":"2026-02-04T12:39:10","modified_gmt":"2026-02-04T12:39:10","slug":"bishop-ring-99297","status":"publish","type":"product","link":"https:\/\/articulosreligiosos.com\/en\/product\/bishop-ring-99297\/","title":{"rendered":"Bishop Ring"},"content":{"rendered":"<p>Episcopal ring in 925 sterling silver, of great quality and exceptional finish. Elaborated in a completely handmade way.<\/p>\n","protected":false},"excerpt":{"rendered":"<p>Bishop&#8217;s ring in 925 sterling silver with gold plating.<\/p>\n<p><span style=\"color:#c00000\"><br \/>\u26a0\ufe0f <strong>Indicative price based on the silver price.<\/strong><br \/>It is essential to check the final price before placing your order. <br \/>Orders placed without prior consultation will be cancelled.<br \/><\/span><\/p>\n","protected":false},"featured_media":330963,"comment_status":"open","ping_status":"closed","template":"","meta":{"_acf_changed":false},"product_brand":[],"product_cat":[6407,6938],"product_tag":[],"class_list":{"0":"post-137506","1":"product","2":"type-product","3":"status-publish","4":"has-post-thumbnail","6":"product_cat-churchware-gold-work-en","7":"product_cat-episcopal-rings-bishop-rings-en","8":"pa_altura-30-en","9":"pa_decoraciones_general-925-sterling-silver","10":"pa_disponibilidad-30-en-2","11":"pa_manufacturer-p010-en","12":"pa_material-sterlingsilver925-en-en","13":"pa_materiales_general-metal-en","15":"first","16":"instock","17":"taxable","18":"shipping-taxable","19":"purchasable","20":"product-type-simple"},"acf":[],"yoast_head":"<!-- This site is optimized with the Yoast SEO Premium plugin v27.2 (Yoast SEO v27.2) - https:\/\/yoast.com\/product\/yoast-seo-premium-wordpress\/ -->\n<title>Buy Bishop Ring - Art\u00edculos Religiosos | Online Store<\/title>\n<meta name=\"description\" content=\"Bishop&#039;s ring in 925 sterling silver with gold plating. \u26a0\ufe0f Indicative price based on the silver price.It is essential to check the final price before placing your order. Orders placed without prior consultation will be cancelled.\" \/>\n<meta name=\"robots\" content=\"index, follow, max-snippet:-1, max-image-preview:large, max-video-preview:-1\" \/>\n<link rel=\"canonical\" href=\"https:\/\/articulosreligiosos.com\/en\/product\/bishop-ring-99297\/\" \/>\n<meta property=\"og:locale\" content=\"en_US\" \/>\n<meta property=\"og:type\" content=\"article\" \/>\n<meta property=\"og:title\" content=\"Bishop Ring\" \/>\n<meta property=\"og:description\" content=\"Bishop&#039;s ring in 925 sterling silver with gold plating. \u26a0\ufe0f Indicative price based on the silver price.It is essential to check the final price before placing your order. Orders placed without prior consultation will be cancelled.\" \/>\n<meta property=\"og:url\" content=\"https:\/\/articulosreligiosos.com\/en\/product\/bishop-ring-99297\/\" \/>\n<meta property=\"og:site_name\" content=\"articulosreligiosos.com\" \/>\n<meta property=\"article:modified_time\" content=\"2026-02-04T12:39:10+00:00\" \/>\n<meta property=\"og:image\" content=\"https:\/\/articulosreligiosos.com\/wp-content\/uploads\/2025\/08\/Anillo-Obispal-oran01000770-0.webp\" \/>\n\t<meta property=\"og:image:width\" content=\"565\" \/>\n\t<meta property=\"og:image:height\" content=\"500\" \/>\n\t<meta property=\"og:image:type\" content=\"image\/webp\" \/>\n<meta name=\"twitter:card\" content=\"summary_large_image\" \/>\n<meta name=\"twitter:label1\" content=\"Price\" \/>\n\t<meta name=\"twitter:data1\" content=\"246,28&nbsp;&euro;\" \/>\n\t<meta name=\"twitter:label2\" content=\"Availability\" \/>\n\t<meta name=\"twitter:data2\" content=\"In stock\" \/>\n<script type=\"application\/ld+json\" class=\"yoast-schema-graph\">{\"@context\":\"https:\/\/schema.org\",\"@graph\":[{\"@type\":\"WebPage\",\"@id\":\"https:\/\/articulosreligiosos.com\/en\/product\/bishop-ring-99297\/\",\"url\":\"https:\/\/articulosreligiosos.com\/en\/product\/bishop-ring-99297\/\",\"name\":\"Buy Bishop Ring - Art\u00edculos Religiosos | Online Store\",\"isPartOf\":{\"@id\":\"https:\/\/articulosreligiosos.com\/en\/#website\"},\"primaryImageOfPage\":{\"@id\":\"https:\/\/articulosreligiosos.com\/en\/product\/bishop-ring-99297\/#primaryimage\"},\"image\":{\"@id\":\"https:\/\/articulosreligiosos.com\/en\/product\/bishop-ring-99297\/#primaryimage\"},\"thumbnailUrl\":\"https:\/\/articulosreligiosos.com\/wp-content\/uploads\/2025\/08\/Anillo-Obispal-oran01000770-0.webp\",\"datePublished\":\"2017-12-20T10:47:58+00:00\",\"dateModified\":\"2026-02-04T12:39:10+00:00\",\"description\":\"Bishop's ring in 925 sterling silver with gold plating. \u26a0\ufe0f Indicative price based on the silver price. It is essential to check the final price before placing your order. Orders placed without prior consultation will be cancelled.\",\"breadcrumb\":{\"@id\":\"https:\/\/articulosreligiosos.com\/en\/product\/bishop-ring-99297\/#breadcrumb\"},\"inLanguage\":\"en-US\",\"potentialAction\":[{\"@type\":\"ReadAction\",\"target\":[\"https:\/\/articulosreligiosos.com\/en\/product\/bishop-ring-99297\/\"]}]},{\"@type\":\"ImageObject\",\"inLanguage\":\"en-US\",\"@id\":\"https:\/\/articulosreligiosos.com\/en\/product\/bishop-ring-99297\/#primaryimage\",\"url\":\"https:\/\/articulosreligiosos.com\/wp-content\/uploads\/2025\/08\/Anillo-Obispal-oran01000770-0.webp\",\"contentUrl\":\"https:\/\/articulosreligiosos.com\/wp-content\/uploads\/2025\/08\/Anillo-Obispal-oran01000770-0.webp\",\"width\":565,\"height\":500,\"caption\":\"Bishop-Ring-oran01000770-0\"},{\"@type\":\"BreadcrumbList\",\"@id\":\"https:\/\/articulosreligiosos.com\/en\/product\/bishop-ring-99297\/#breadcrumb\",\"itemListElement\":[{\"@type\":\"ListItem\",\"position\":1,\"name\":\"Home\",\"item\":\"https:\/\/articulosreligiosos.com\/en\/\"},{\"@type\":\"ListItem\",\"position\":2,\"name\":\"Products\"},{\"@type\":\"ListItem\",\"position\":3,\"name\":\"Bishop Ring\"}]},{\"@type\":\"WebSite\",\"@id\":\"https:\/\/articulosreligiosos.com\/en\/#website\",\"url\":\"https:\/\/articulosreligiosos.com\/en\/\",\"name\":\"Art\u00edculos Religiosos\",\"description\":\"Tienda online | Fabricaci\u00f3n, restauraci\u00f3n y comercializaci\u00f3n de objetos religiosos al mejor precio y con el mejor servicio.\",\"publisher\":{\"@id\":\"https:\/\/articulosreligiosos.com\/en\/#organization\"},\"potentialAction\":[{\"@type\":\"SearchAction\",\"target\":{\"@type\":\"EntryPoint\",\"urlTemplate\":\"https:\/\/articulosreligiosos.com\/en\/?s={search_term_string}\"},\"query-input\":{\"@type\":\"PropertyValueSpecification\",\"valueRequired\":true,\"valueName\":\"search_term_string\"}}],\"inLanguage\":\"en-US\"},{\"@type\":\"Organization\",\"@id\":\"https:\/\/articulosreligiosos.com\/en\/#organization\",\"name\":\"Art\u00edculos Religiosos\",\"url\":\"https:\/\/articulosreligiosos.com\/en\/\",\"logo\":{\"@type\":\"ImageObject\",\"inLanguage\":\"en-US\",\"@id\":\"https:\/\/articulosreligiosos.com\/en\/#\/schema\/logo\/image\/\",\"url\":\"https:\/\/articulosreligiosos.com\/wp-content\/uploads\/2023\/12\/newlogo-1.png\",\"contentUrl\":\"https:\/\/articulosreligiosos.com\/wp-content\/uploads\/2023\/12\/newlogo-1.png\",\"width\":178,\"height\":114,\"caption\":\"Art\u00edculos Religiosos\"},\"image\":{\"@id\":\"https:\/\/articulosreligiosos.com\/en\/#\/schema\/logo\/image\/\"},\"sameAs\":[\"https:\/\/www.instagram.com\/articulosreligiosos.tienda\/\"],\"hasMerchantReturnPolicy\":{\"@type\":\"MerchantReturnPolicy\",\"merchantReturnLink\":\"https:\/\/articulosreligiosos.com\/en\/refund-and-returns-policy\/\"}}]}<\/script>\n<meta property=\"product:price:amount\" content=\"246.28\" \/>\n<meta property=\"product:price:currency\" content=\"EUR\" \/>\n<meta property=\"og:availability\" content=\"instock\" \/>\n<meta property=\"product:availability\" content=\"instock\" \/>\n<meta property=\"product:retailer_item_id\" content=\"ORAN01000770\" \/>\n<meta property=\"product:condition\" content=\"new\" \/>\n<!-- \/ Yoast SEO Premium plugin. -->","yoast_head_json":{"title":"Buy Bishop Ring - Art\u00edculos Religiosos | Online Store","description":"Bishop's ring in 925 sterling silver with gold plating. \u26a0\ufe0f Indicative price based on the silver price.It is essential to check the final price before placing your order. Orders placed without prior consultation will be cancelled.","robots":{"index":"index","follow":"follow","max-snippet":"max-snippet:-1","max-image-preview":"max-image-preview:large","max-video-preview":"max-video-preview:-1"},"canonical":"https:\/\/articulosreligiosos.com\/en\/product\/bishop-ring-99297\/","og_locale":"en_US","og_type":"article","og_title":"Bishop Ring","og_description":"Bishop's ring in 925 sterling silver with gold plating. \u26a0\ufe0f Indicative price based on the silver price.It is essential to check the final price before placing your order. Orders placed without prior consultation will be cancelled.","og_url":"https:\/\/articulosreligiosos.com\/en\/product\/bishop-ring-99297\/","og_site_name":"articulosreligiosos.com","article_modified_time":"2026-02-04T12:39:10+00:00","og_image":[{"width":565,"height":500,"url":"https:\/\/articulosreligiosos.com\/wp-content\/uploads\/2025\/08\/Anillo-Obispal-oran01000770-0.webp","type":"image\/webp"}],"twitter_card":"summary_large_image","twitter_misc":{"Price":"246,28&nbsp;&euro;","Availability":"In stock"},"schema":{"@context":"https:\/\/schema.org","@graph":[{"@type":"WebPage","@id":"https:\/\/articulosreligiosos.com\/en\/product\/bishop-ring-99297\/","url":"https:\/\/articulosreligiosos.com\/en\/product\/bishop-ring-99297\/","name":"Buy Bishop Ring - Art\u00edculos Religiosos | Online Store","isPartOf":{"@id":"https:\/\/articulosreligiosos.com\/en\/#website"},"primaryImageOfPage":{"@id":"https:\/\/articulosreligiosos.com\/en\/product\/bishop-ring-99297\/#primaryimage"},"image":{"@id":"https:\/\/articulosreligiosos.com\/en\/product\/bishop-ring-99297\/#primaryimage"},"thumbnailUrl":"https:\/\/articulosreligiosos.com\/wp-content\/uploads\/2025\/08\/Anillo-Obispal-oran01000770-0.webp","datePublished":"2017-12-20T10:47:58+00:00","dateModified":"2026-02-04T12:39:10+00:00","description":"Bishop's ring in 925 sterling silver with gold plating. \u26a0\ufe0f Indicative price based on the silver price. It is essential to check the final price before placing your order. Orders placed without prior consultation will be cancelled.","breadcrumb":{"@id":"https:\/\/articulosreligiosos.com\/en\/product\/bishop-ring-99297\/#breadcrumb"},"inLanguage":"en-US","potentialAction":[{"@type":"ReadAction","target":["https:\/\/articulosreligiosos.com\/en\/product\/bishop-ring-99297\/"]}]},{"@type":"ImageObject","inLanguage":"en-US","@id":"https:\/\/articulosreligiosos.com\/en\/product\/bishop-ring-99297\/#primaryimage","url":"https:\/\/articulosreligiosos.com\/wp-content\/uploads\/2025\/08\/Anillo-Obispal-oran01000770-0.webp","contentUrl":"https:\/\/articulosreligiosos.com\/wp-content\/uploads\/2025\/08\/Anillo-Obispal-oran01000770-0.webp","width":565,"height":500,"caption":"Bishop-Ring-oran01000770-0"},{"@type":"BreadcrumbList","@id":"https:\/\/articulosreligiosos.com\/en\/product\/bishop-ring-99297\/#breadcrumb","itemListElement":[{"@type":"ListItem","position":1,"name":"Home","item":"https:\/\/articulosreligiosos.com\/en\/"},{"@type":"ListItem","position":2,"name":"Products"},{"@type":"ListItem","position":3,"name":"Bishop Ring"}]},{"@type":"WebSite","@id":"https:\/\/articulosreligiosos.com\/en\/#website","url":"https:\/\/articulosreligiosos.com\/en\/","name":"Art\u00edculos Religiosos","description":"Tienda online | Fabricaci\u00f3n, restauraci\u00f3n y comercializaci\u00f3n de objetos religiosos al mejor precio y con el mejor servicio.","publisher":{"@id":"https:\/\/articulosreligiosos.com\/en\/#organization"},"potentialAction":[{"@type":"SearchAction","target":{"@type":"EntryPoint","urlTemplate":"https:\/\/articulosreligiosos.com\/en\/?s={search_term_string}"},"query-input":{"@type":"PropertyValueSpecification","valueRequired":true,"valueName":"search_term_string"}}],"inLanguage":"en-US"},{"@type":"Organization","@id":"https:\/\/articulosreligiosos.com\/en\/#organization","name":"Art\u00edculos Religiosos","url":"https:\/\/articulosreligiosos.com\/en\/","logo":{"@type":"ImageObject","inLanguage":"en-US","@id":"https:\/\/articulosreligiosos.com\/en\/#\/schema\/logo\/image\/","url":"https:\/\/articulosreligiosos.com\/wp-content\/uploads\/2023\/12\/newlogo-1.png","contentUrl":"https:\/\/articulosreligiosos.com\/wp-content\/uploads\/2023\/12\/newlogo-1.png","width":178,"height":114,"caption":"Art\u00edculos Religiosos"},"image":{"@id":"https:\/\/articulosreligiosos.com\/en\/#\/schema\/logo\/image\/"},"sameAs":["https:\/\/www.instagram.com\/articulosreligiosos.tienda\/"],"hasMerchantReturnPolicy":{"@type":"MerchantReturnPolicy","merchantReturnLink":"https:\/\/articulosreligiosos.com\/en\/refund-and-returns-policy\/"}}]},"product_price_amount":"246.28","product_price_currency":"EUR","og_availability":"instock","product_availability":"instock","product_retailer_item_id":"ORAN01000770","product_condition":"new"},"_links":{"self":[{"href":"https:\/\/articulosreligiosos.com\/en\/wp-json\/wp\/v2\/product\/137506","targetHints":{"allow":["GET"]}}],"collection":[{"href":"https:\/\/articulosreligiosos.com\/en\/wp-json\/wp\/v2\/product"}],"about":[{"href":"https:\/\/articulosreligiosos.com\/en\/wp-json\/wp\/v2\/types\/product"}],"replies":[{"embeddable":true,"href":"https:\/\/articulosreligiosos.com\/en\/wp-json\/wp\/v2\/comments?post=137506"}],"wp:featuredmedia":[{"embeddable":true,"href":"https:\/\/articulosreligiosos.com\/en\/wp-json\/wp\/v2\/media\/330963"}],"wp:attachment":[{"href":"https:\/\/articulosreligiosos.com\/en\/wp-json\/wp\/v2\/media?parent=137506"}],"wp:term":[{"taxonomy":"product_brand","embeddable":true,"href":"https:\/\/articulosreligiosos.com\/en\/wp-json\/wp\/v2\/product_brand?post=137506"},{"taxonomy":"product_cat","embeddable":true,"href":"https:\/\/articulosreligiosos.com\/en\/wp-json\/wp\/v2\/product_cat?post=137506"},{"taxonomy":"product_tag","embeddable":true,"href":"https:\/\/articulosreligiosos.com\/en\/wp-json\/wp\/v2\/product_tag?post=137506"}],"curies":[{"name":"wp","href":"https:\/\/api.w.org\/{rel}","templated":true}]}}