{"id":134964,"date":"2017-12-16T07:04:40","date_gmt":"2017-12-16T07:04:40","guid":{"rendered":"https:\/\/articulosreligiosos.com\/product\/chalice-chiselled-98516\/"},"modified":"2026-02-04T14:12:48","modified_gmt":"2026-02-04T14:12:48","slug":"chalice-chiselled-98516","status":"publish","type":"product","link":"https:\/\/articulosreligiosos.com\/en\/product\/chalice-chiselled-98516\/","title":{"rendered":"Chalice chiselled"},"content":{"rendered":"<p>Precious chalice in brass fusion of exceptional quality and presence. Precious chalice in brass fusion of exceptional quality and presence. It is possible to realize it in brass gold plated, or with interior cup of 925 sterling silver.<\/p>\n","protected":false},"excerpt":{"rendered":"<p>Chalice chiseled in brass fusion. Available in two finishes. <\/p>\n","protected":false},"featured_media":331069,"comment_status":"open","ping_status":"closed","template":"","meta":{"_acf_changed":false},"product_brand":[],"product_cat":[6409,6407],"product_tag":[],"class_list":{"0":"post-134964","1":"product","2":"type-product","3":"status-publish","4":"has-post-thumbnail","6":"product_cat-chalices-chalice-gold-work-churchware-en","7":"product_cat-churchware-gold-work-en","8":"pa_altura-180-en","9":"pa_disponibilidad-30-en-2","10":"pa_manufacturer-p010-en","11":"pa_material-metal-en-2","12":"pa_material-silver-cup-en","13":"pa_materiales_general-metal-en","15":"first","16":"instock","17":"taxable","18":"shipping-taxable","19":"purchasable","20":"product-type-variable","21":"rtwpvs-product"},"acf":[],"yoast_head":"<!-- This site is optimized with the Yoast SEO Premium plugin v27.2 (Yoast SEO v27.2) - https:\/\/yoast.com\/product\/yoast-seo-premium-wordpress\/ -->\n<title>Buy Chalice chiselled - Art\u00edculos Religiosos | Online Store<\/title>\n<meta name=\"description\" content=\"Chalice chiseled in brass fusion. Available in two finishes.\" \/>\n<meta name=\"robots\" content=\"index, follow, max-snippet:-1, max-image-preview:large, max-video-preview:-1\" \/>\n<link rel=\"canonical\" href=\"https:\/\/articulosreligiosos.com\/en\/product\/chalice-chiselled-98516\/\" \/>\n<meta property=\"og:locale\" content=\"en_US\" \/>\n<meta property=\"og:type\" content=\"article\" \/>\n<meta property=\"og:title\" content=\"Chalice chiselled\" \/>\n<meta property=\"og:description\" content=\"Chalice chiseled in brass fusion. Available in two finishes.\" \/>\n<meta property=\"og:url\" content=\"https:\/\/articulosreligiosos.com\/en\/product\/chalice-chiselled-98516\/\" \/>\n<meta property=\"og:site_name\" content=\"articulosreligiosos.com\" \/>\n<meta property=\"article:modified_time\" content=\"2026-02-04T14:12:48+00:00\" \/>\n<meta property=\"og:image\" content=\"https:\/\/articulosreligiosos.com\/wp-content\/uploads\/2025\/08\/Caliz-cincelado-orca01002818-0.webp\" \/>\n\t<meta property=\"og:image:width\" content=\"706\" \/>\n\t<meta property=\"og:image:height\" content=\"1000\" \/>\n\t<meta property=\"og:image:type\" content=\"image\/webp\" \/>\n<meta name=\"twitter:card\" content=\"summary_large_image\" \/>\n<meta name=\"twitter:label1\" content=\"Availability\" \/>\n\t<meta name=\"twitter:data1\" content=\"In stock\" \/>\n<script type=\"application\/ld+json\" class=\"yoast-schema-graph\">{\"@context\":\"https:\/\/schema.org\",\"@graph\":[{\"@type\":\"WebPage\",\"@id\":\"https:\/\/articulosreligiosos.com\/en\/product\/chalice-chiselled-98516\/\",\"url\":\"https:\/\/articulosreligiosos.com\/en\/product\/chalice-chiselled-98516\/\",\"name\":\"Buy Chalice chiselled - Art\u00edculos Religiosos | Online Store\",\"isPartOf\":{\"@id\":\"https:\/\/articulosreligiosos.com\/en\/#website\"},\"primaryImageOfPage\":{\"@id\":\"https:\/\/articulosreligiosos.com\/en\/product\/chalice-chiselled-98516\/#primaryimage\"},\"image\":{\"@id\":\"https:\/\/articulosreligiosos.com\/en\/product\/chalice-chiselled-98516\/#primaryimage\"},\"thumbnailUrl\":\"https:\/\/articulosreligiosos.com\/wp-content\/uploads\/2025\/08\/Caliz-cincelado-orca01002818-0.webp\",\"datePublished\":\"2017-12-16T07:04:40+00:00\",\"dateModified\":\"2026-02-04T14:12:48+00:00\",\"description\":\"Chalice chiseled in brass fusion. Available in two finishes.\",\"breadcrumb\":{\"@id\":\"https:\/\/articulosreligiosos.com\/en\/product\/chalice-chiselled-98516\/#breadcrumb\"},\"inLanguage\":\"en-US\",\"potentialAction\":[{\"@type\":\"ReadAction\",\"target\":[\"https:\/\/articulosreligiosos.com\/en\/product\/chalice-chiselled-98516\/\"]}]},{\"@type\":\"ImageObject\",\"inLanguage\":\"en-US\",\"@id\":\"https:\/\/articulosreligiosos.com\/en\/product\/chalice-chiselled-98516\/#primaryimage\",\"url\":\"https:\/\/articulosreligiosos.com\/wp-content\/uploads\/2025\/08\/Caliz-cincelado-orca01002818-0.webp\",\"contentUrl\":\"https:\/\/articulosreligiosos.com\/wp-content\/uploads\/2025\/08\/Caliz-cincelado-orca01002818-0.webp\",\"width\":706,\"height\":1000},{\"@type\":\"BreadcrumbList\",\"@id\":\"https:\/\/articulosreligiosos.com\/en\/product\/chalice-chiselled-98516\/#breadcrumb\",\"itemListElement\":[{\"@type\":\"ListItem\",\"position\":1,\"name\":\"Home\",\"item\":\"https:\/\/articulosreligiosos.com\/en\/\"},{\"@type\":\"ListItem\",\"position\":2,\"name\":\"Products\"},{\"@type\":\"ListItem\",\"position\":3,\"name\":\"Chalice chiselled\"}]},{\"@type\":\"WebSite\",\"@id\":\"https:\/\/articulosreligiosos.com\/en\/#website\",\"url\":\"https:\/\/articulosreligiosos.com\/en\/\",\"name\":\"Art\u00edculos Religiosos\",\"description\":\"Tienda online | Fabricaci\u00f3n, restauraci\u00f3n y comercializaci\u00f3n de objetos religiosos al mejor precio y con el mejor servicio.\",\"publisher\":{\"@id\":\"https:\/\/articulosreligiosos.com\/en\/#organization\"},\"potentialAction\":[{\"@type\":\"SearchAction\",\"target\":{\"@type\":\"EntryPoint\",\"urlTemplate\":\"https:\/\/articulosreligiosos.com\/en\/?s={search_term_string}\"},\"query-input\":{\"@type\":\"PropertyValueSpecification\",\"valueRequired\":true,\"valueName\":\"search_term_string\"}}],\"inLanguage\":\"en-US\"},{\"@type\":\"Organization\",\"@id\":\"https:\/\/articulosreligiosos.com\/en\/#organization\",\"name\":\"Art\u00edculos Religiosos\",\"url\":\"https:\/\/articulosreligiosos.com\/en\/\",\"logo\":{\"@type\":\"ImageObject\",\"inLanguage\":\"en-US\",\"@id\":\"https:\/\/articulosreligiosos.com\/en\/#\/schema\/logo\/image\/\",\"url\":\"https:\/\/articulosreligiosos.com\/wp-content\/uploads\/2023\/12\/newlogo-1.png\",\"contentUrl\":\"https:\/\/articulosreligiosos.com\/wp-content\/uploads\/2023\/12\/newlogo-1.png\",\"width\":178,\"height\":114,\"caption\":\"Art\u00edculos Religiosos\"},\"image\":{\"@id\":\"https:\/\/articulosreligiosos.com\/en\/#\/schema\/logo\/image\/\"},\"sameAs\":[\"https:\/\/www.instagram.com\/articulosreligiosos.tienda\/\"],\"hasMerchantReturnPolicy\":{\"@type\":\"MerchantReturnPolicy\",\"merchantReturnLink\":\"https:\/\/articulosreligiosos.com\/en\/refund-and-returns-policy\/\"}}]}<\/script>\n<meta property=\"og:availability\" content=\"instock\" \/>\n<meta property=\"product:availability\" content=\"instock\" \/>\n<meta property=\"product:retailer_item_id\" content=\"ORCA01002818\" \/>\n<meta property=\"product:condition\" content=\"new\" \/>\n<!-- \/ Yoast SEO Premium plugin. -->","yoast_head_json":{"title":"Buy Chalice chiselled - Art\u00edculos Religiosos | Online Store","description":"Chalice chiseled in brass fusion. Available in two finishes.","robots":{"index":"index","follow":"follow","max-snippet":"max-snippet:-1","max-image-preview":"max-image-preview:large","max-video-preview":"max-video-preview:-1"},"canonical":"https:\/\/articulosreligiosos.com\/en\/product\/chalice-chiselled-98516\/","og_locale":"en_US","og_type":"article","og_title":"Chalice chiselled","og_description":"Chalice chiseled in brass fusion. Available in two finishes.","og_url":"https:\/\/articulosreligiosos.com\/en\/product\/chalice-chiselled-98516\/","og_site_name":"articulosreligiosos.com","article_modified_time":"2026-02-04T14:12:48+00:00","og_image":[{"width":706,"height":1000,"url":"https:\/\/articulosreligiosos.com\/wp-content\/uploads\/2025\/08\/Caliz-cincelado-orca01002818-0.webp","type":"image\/webp"}],"twitter_card":"summary_large_image","twitter_misc":{"Availability":"In stock"},"schema":{"@context":"https:\/\/schema.org","@graph":[{"@type":"WebPage","@id":"https:\/\/articulosreligiosos.com\/en\/product\/chalice-chiselled-98516\/","url":"https:\/\/articulosreligiosos.com\/en\/product\/chalice-chiselled-98516\/","name":"Buy Chalice chiselled - Art\u00edculos Religiosos | Online Store","isPartOf":{"@id":"https:\/\/articulosreligiosos.com\/en\/#website"},"primaryImageOfPage":{"@id":"https:\/\/articulosreligiosos.com\/en\/product\/chalice-chiselled-98516\/#primaryimage"},"image":{"@id":"https:\/\/articulosreligiosos.com\/en\/product\/chalice-chiselled-98516\/#primaryimage"},"thumbnailUrl":"https:\/\/articulosreligiosos.com\/wp-content\/uploads\/2025\/08\/Caliz-cincelado-orca01002818-0.webp","datePublished":"2017-12-16T07:04:40+00:00","dateModified":"2026-02-04T14:12:48+00:00","description":"Chalice chiseled in brass fusion. Available in two finishes.","breadcrumb":{"@id":"https:\/\/articulosreligiosos.com\/en\/product\/chalice-chiselled-98516\/#breadcrumb"},"inLanguage":"en-US","potentialAction":[{"@type":"ReadAction","target":["https:\/\/articulosreligiosos.com\/en\/product\/chalice-chiselled-98516\/"]}]},{"@type":"ImageObject","inLanguage":"en-US","@id":"https:\/\/articulosreligiosos.com\/en\/product\/chalice-chiselled-98516\/#primaryimage","url":"https:\/\/articulosreligiosos.com\/wp-content\/uploads\/2025\/08\/Caliz-cincelado-orca01002818-0.webp","contentUrl":"https:\/\/articulosreligiosos.com\/wp-content\/uploads\/2025\/08\/Caliz-cincelado-orca01002818-0.webp","width":706,"height":1000},{"@type":"BreadcrumbList","@id":"https:\/\/articulosreligiosos.com\/en\/product\/chalice-chiselled-98516\/#breadcrumb","itemListElement":[{"@type":"ListItem","position":1,"name":"Home","item":"https:\/\/articulosreligiosos.com\/en\/"},{"@type":"ListItem","position":2,"name":"Products"},{"@type":"ListItem","position":3,"name":"Chalice chiselled"}]},{"@type":"WebSite","@id":"https:\/\/articulosreligiosos.com\/en\/#website","url":"https:\/\/articulosreligiosos.com\/en\/","name":"Art\u00edculos Religiosos","description":"Tienda online | Fabricaci\u00f3n, restauraci\u00f3n y comercializaci\u00f3n de objetos religiosos al mejor precio y con el mejor servicio.","publisher":{"@id":"https:\/\/articulosreligiosos.com\/en\/#organization"},"potentialAction":[{"@type":"SearchAction","target":{"@type":"EntryPoint","urlTemplate":"https:\/\/articulosreligiosos.com\/en\/?s={search_term_string}"},"query-input":{"@type":"PropertyValueSpecification","valueRequired":true,"valueName":"search_term_string"}}],"inLanguage":"en-US"},{"@type":"Organization","@id":"https:\/\/articulosreligiosos.com\/en\/#organization","name":"Art\u00edculos Religiosos","url":"https:\/\/articulosreligiosos.com\/en\/","logo":{"@type":"ImageObject","inLanguage":"en-US","@id":"https:\/\/articulosreligiosos.com\/en\/#\/schema\/logo\/image\/","url":"https:\/\/articulosreligiosos.com\/wp-content\/uploads\/2023\/12\/newlogo-1.png","contentUrl":"https:\/\/articulosreligiosos.com\/wp-content\/uploads\/2023\/12\/newlogo-1.png","width":178,"height":114,"caption":"Art\u00edculos Religiosos"},"image":{"@id":"https:\/\/articulosreligiosos.com\/en\/#\/schema\/logo\/image\/"},"sameAs":["https:\/\/www.instagram.com\/articulosreligiosos.tienda\/"],"hasMerchantReturnPolicy":{"@type":"MerchantReturnPolicy","merchantReturnLink":"https:\/\/articulosreligiosos.com\/en\/refund-and-returns-policy\/"}}]},"og_availability":"instock","product_availability":"instock","product_retailer_item_id":"ORCA01002818","product_condition":"new"},"_links":{"self":[{"href":"https:\/\/articulosreligiosos.com\/en\/wp-json\/wp\/v2\/product\/134964","targetHints":{"allow":["GET"]}}],"collection":[{"href":"https:\/\/articulosreligiosos.com\/en\/wp-json\/wp\/v2\/product"}],"about":[{"href":"https:\/\/articulosreligiosos.com\/en\/wp-json\/wp\/v2\/types\/product"}],"replies":[{"embeddable":true,"href":"https:\/\/articulosreligiosos.com\/en\/wp-json\/wp\/v2\/comments?post=134964"}],"wp:featuredmedia":[{"embeddable":true,"href":"https:\/\/articulosreligiosos.com\/en\/wp-json\/wp\/v2\/media\/331069"}],"wp:attachment":[{"href":"https:\/\/articulosreligiosos.com\/en\/wp-json\/wp\/v2\/media?parent=134964"}],"wp:term":[{"taxonomy":"product_brand","embeddable":true,"href":"https:\/\/articulosreligiosos.com\/en\/wp-json\/wp\/v2\/product_brand?post=134964"},{"taxonomy":"product_cat","embeddable":true,"href":"https:\/\/articulosreligiosos.com\/en\/wp-json\/wp\/v2\/product_cat?post=134964"},{"taxonomy":"product_tag","embeddable":true,"href":"https:\/\/articulosreligiosos.com\/en\/wp-json\/wp\/v2\/product_tag?post=134964"}],"curies":[{"name":"wp","href":"https:\/\/api.w.org\/{rel}","templated":true}]}}