{"id":133998,"date":"2017-12-16T07:04:30","date_gmt":"2017-12-16T07:04:30","guid":{"rendered":"https:\/\/articulosreligiosos.com\/product\/chalice-paten-apostles-evangelists-romanesque\/"},"modified":"2026-02-04T13:15:51","modified_gmt":"2026-02-04T13:15:51","slug":"chalice-paten-apostles-evangelists-romanesque","status":"publish","type":"product","link":"https:\/\/articulosreligiosos.com\/en\/product\/chalice-paten-apostles-evangelists-romanesque\/","title":{"rendered":"Chalice and Paten Apostles and Evangelists (Romanesque)"},"content":{"rendered":"<p>Spectacular chalice in Romanesque style with the motif of the Twelve Apostles and the Evangelists, with an elaborate enameled work on fire. Made 100% in 925 sterling silver, completely by hand.<\/p>\n","protected":false},"excerpt":{"rendered":"<p>Chalice in Romanesque style with the motif Apostles and Evangelists, enamel. Paten of the same line (16 cm. Diameter) and case included. <\/p>\n<p><span style=\"color:#c00000\"><br \/>\n\u26a0\ufe0f <strong>Indicative price based on the silver price.<\/strong><br \/>It is essential to check the final price before placing your order.<br \/>Orders placed without prior consultation will be cancelled.<br \/>\n<\/span><\/p>\n","protected":false},"featured_media":331269,"comment_status":"open","ping_status":"closed","template":"","meta":{"_acf_changed":false},"product_brand":[],"product_cat":[6409,6407],"product_tag":[],"class_list":{"0":"post-133998","1":"product","2":"type-product","3":"status-publish","4":"has-post-thumbnail","6":"product_cat-chalices-chalice-gold-work-churchware-en","7":"product_cat-churchware-gold-work-en","8":"pa_altura-210-en","9":"pa_disponibilidad-30-en-2","10":"pa_manufacturer-p010-en","11":"pa_material-sterlingsilver925-en-en","12":"pa_materiales_general-925-sterling-silver","14":"first","15":"instock","16":"taxable","17":"shipping-taxable","18":"purchasable","19":"product-type-simple"},"acf":[],"yoast_head":"<!-- This site is optimized with the Yoast SEO Premium plugin v27.2 (Yoast SEO v27.2) - https:\/\/yoast.com\/product\/yoast-seo-premium-wordpress\/ -->\n<title>Buy Chalice and Paten Apostles and Evangelists (Romanesque) - Art\u00edculos Religiosos | Online Store<\/title>\n<meta name=\"description\" content=\"Chalice in Romanesque style with the motif Apostles and Evangelists, enamel. Paten of the same line (16 cm. Diameter) and case included.  \u26a0\ufe0f Indicative price based on the silver price.It is essential to check the final price before placing your order.Orders placed without prior consultation will be cancelled.\" \/>\n<meta name=\"robots\" content=\"index, follow, max-snippet:-1, max-image-preview:large, max-video-preview:-1\" \/>\n<link rel=\"canonical\" href=\"https:\/\/articulosreligiosos.com\/en\/product\/chalice-paten-apostles-evangelists-romanesque\/\" \/>\n<meta property=\"og:locale\" content=\"en_US\" \/>\n<meta property=\"og:type\" content=\"article\" \/>\n<meta property=\"og:title\" content=\"Chalice and Paten Apostles and Evangelists (Romanesque)\" \/>\n<meta property=\"og:description\" content=\"Chalice in Romanesque style with the motif Apostles and Evangelists, enamel. Paten of the same line (16 cm. Diameter) and case included.  \u26a0\ufe0f Indicative price based on the silver price.It is essential to check the final price before placing your order.Orders placed without prior consultation will be cancelled.\" \/>\n<meta property=\"og:url\" content=\"https:\/\/articulosreligiosos.com\/en\/product\/chalice-paten-apostles-evangelists-romanesque\/\" \/>\n<meta property=\"og:site_name\" content=\"articulosreligiosos.com\" \/>\n<meta property=\"article:modified_time\" content=\"2026-02-04T13:15:51+00:00\" \/>\n<meta property=\"og:image\" content=\"https:\/\/articulosreligiosos.com\/wp-content\/uploads\/2025\/08\/Caliz-y-Patena-Apostoles-y-Evangelistas-Romanico-orca01002312-0.webp\" \/>\n\t<meta property=\"og:image:width\" content=\"1144\" \/>\n\t<meta property=\"og:image:height\" content=\"1200\" \/>\n\t<meta property=\"og:image:type\" content=\"image\/webp\" \/>\n<meta name=\"twitter:card\" content=\"summary_large_image\" \/>\n<meta name=\"twitter:label1\" content=\"Price\" \/>\n\t<meta name=\"twitter:data1\" content=\"11.280,99&nbsp;&euro;\" \/>\n\t<meta name=\"twitter:label2\" content=\"Availability\" \/>\n\t<meta name=\"twitter:data2\" content=\"In stock\" \/>\n<script type=\"application\/ld+json\" class=\"yoast-schema-graph\">{\"@context\":\"https:\/\/schema.org\",\"@graph\":[{\"@type\":\"WebPage\",\"@id\":\"https:\/\/articulosreligiosos.com\/en\/product\/chalice-paten-apostles-evangelists-romanesque\/\",\"url\":\"https:\/\/articulosreligiosos.com\/en\/product\/chalice-paten-apostles-evangelists-romanesque\/\",\"name\":\"Buy Chalice and Paten Apostles and Evangelists (Romanesque) - Art\u00edculos Religiosos | Online Store\",\"isPartOf\":{\"@id\":\"https:\/\/articulosreligiosos.com\/en\/#website\"},\"primaryImageOfPage\":{\"@id\":\"https:\/\/articulosreligiosos.com\/en\/product\/chalice-paten-apostles-evangelists-romanesque\/#primaryimage\"},\"image\":{\"@id\":\"https:\/\/articulosreligiosos.com\/en\/product\/chalice-paten-apostles-evangelists-romanesque\/#primaryimage\"},\"thumbnailUrl\":\"https:\/\/articulosreligiosos.com\/wp-content\/uploads\/2025\/08\/Caliz-y-Patena-Apostoles-y-Evangelistas-Romanico-orca01002312-0.webp\",\"datePublished\":\"2017-12-16T07:04:30+00:00\",\"dateModified\":\"2026-02-04T13:15:51+00:00\",\"description\":\"Chalice in Romanesque style with the motif Apostles and Evangelists, enamel. Paten of the same line (16 cm. Diameter) and case included. \u26a0\ufe0f Indicative price based on the silver price. It is essential to check the final price before placing your order. Orders placed without prior consultation will be cancelled.\",\"breadcrumb\":{\"@id\":\"https:\/\/articulosreligiosos.com\/en\/product\/chalice-paten-apostles-evangelists-romanesque\/#breadcrumb\"},\"inLanguage\":\"en-US\",\"potentialAction\":[{\"@type\":\"ReadAction\",\"target\":[\"https:\/\/articulosreligiosos.com\/en\/product\/chalice-paten-apostles-evangelists-romanesque\/\"]}]},{\"@type\":\"ImageObject\",\"inLanguage\":\"en-US\",\"@id\":\"https:\/\/articulosreligiosos.com\/en\/product\/chalice-paten-apostles-evangelists-romanesque\/#primaryimage\",\"url\":\"https:\/\/articulosreligiosos.com\/wp-content\/uploads\/2025\/08\/Caliz-y-Patena-Apostoles-y-Evangelistas-Romanico-orca01002312-0.webp\",\"contentUrl\":\"https:\/\/articulosreligiosos.com\/wp-content\/uploads\/2025\/08\/Caliz-y-Patena-Apostoles-y-Evangelistas-Romanico-orca01002312-0.webp\",\"width\":1144,\"height\":1200,\"caption\":\"Chalice-and-Paten-Apostles-and-Evangelists-orca01002312-0\"},{\"@type\":\"BreadcrumbList\",\"@id\":\"https:\/\/articulosreligiosos.com\/en\/product\/chalice-paten-apostles-evangelists-romanesque\/#breadcrumb\",\"itemListElement\":[{\"@type\":\"ListItem\",\"position\":1,\"name\":\"Home\",\"item\":\"https:\/\/articulosreligiosos.com\/en\/\"},{\"@type\":\"ListItem\",\"position\":2,\"name\":\"Products\"},{\"@type\":\"ListItem\",\"position\":3,\"name\":\"Chalice and Paten Apostles and Evangelists (Romanesque)\"}]},{\"@type\":\"WebSite\",\"@id\":\"https:\/\/articulosreligiosos.com\/en\/#website\",\"url\":\"https:\/\/articulosreligiosos.com\/en\/\",\"name\":\"Art\u00edculos Religiosos\",\"description\":\"Tienda online | Fabricaci\u00f3n, restauraci\u00f3n y comercializaci\u00f3n de objetos religiosos al mejor precio y con el mejor servicio.\",\"publisher\":{\"@id\":\"https:\/\/articulosreligiosos.com\/en\/#organization\"},\"potentialAction\":[{\"@type\":\"SearchAction\",\"target\":{\"@type\":\"EntryPoint\",\"urlTemplate\":\"https:\/\/articulosreligiosos.com\/en\/?s={search_term_string}\"},\"query-input\":{\"@type\":\"PropertyValueSpecification\",\"valueRequired\":true,\"valueName\":\"search_term_string\"}}],\"inLanguage\":\"en-US\"},{\"@type\":\"Organization\",\"@id\":\"https:\/\/articulosreligiosos.com\/en\/#organization\",\"name\":\"Art\u00edculos Religiosos\",\"url\":\"https:\/\/articulosreligiosos.com\/en\/\",\"logo\":{\"@type\":\"ImageObject\",\"inLanguage\":\"en-US\",\"@id\":\"https:\/\/articulosreligiosos.com\/en\/#\/schema\/logo\/image\/\",\"url\":\"https:\/\/articulosreligiosos.com\/wp-content\/uploads\/2023\/12\/newlogo-1.png\",\"contentUrl\":\"https:\/\/articulosreligiosos.com\/wp-content\/uploads\/2023\/12\/newlogo-1.png\",\"width\":178,\"height\":114,\"caption\":\"Art\u00edculos Religiosos\"},\"image\":{\"@id\":\"https:\/\/articulosreligiosos.com\/en\/#\/schema\/logo\/image\/\"},\"sameAs\":[\"https:\/\/www.instagram.com\/articulosreligiosos.tienda\/\"],\"hasMerchantReturnPolicy\":{\"@type\":\"MerchantReturnPolicy\",\"merchantReturnLink\":\"https:\/\/articulosreligiosos.com\/en\/refund-and-returns-policy\/\"}}]}<\/script>\n<meta property=\"product:price:amount\" content=\"11280.99\" \/>\n<meta property=\"product:price:currency\" content=\"EUR\" \/>\n<meta property=\"og:availability\" content=\"instock\" \/>\n<meta property=\"product:availability\" content=\"instock\" \/>\n<meta property=\"product:retailer_item_id\" content=\"ORCA01002312\" \/>\n<meta property=\"product:condition\" content=\"new\" \/>\n<!-- \/ Yoast SEO Premium plugin. -->","yoast_head_json":{"title":"Buy Chalice and Paten Apostles and Evangelists (Romanesque) - Art\u00edculos Religiosos | Online Store","description":"Chalice in Romanesque style with the motif Apostles and Evangelists, enamel. Paten of the same line (16 cm. Diameter) and case included.  \u26a0\ufe0f Indicative price based on the silver price.It is essential to check the final price before placing your order.Orders placed without prior consultation will be cancelled.","robots":{"index":"index","follow":"follow","max-snippet":"max-snippet:-1","max-image-preview":"max-image-preview:large","max-video-preview":"max-video-preview:-1"},"canonical":"https:\/\/articulosreligiosos.com\/en\/product\/chalice-paten-apostles-evangelists-romanesque\/","og_locale":"en_US","og_type":"article","og_title":"Chalice and Paten Apostles and Evangelists (Romanesque)","og_description":"Chalice in Romanesque style with the motif Apostles and Evangelists, enamel. Paten of the same line (16 cm. Diameter) and case included.  \u26a0\ufe0f Indicative price based on the silver price.It is essential to check the final price before placing your order.Orders placed without prior consultation will be cancelled.","og_url":"https:\/\/articulosreligiosos.com\/en\/product\/chalice-paten-apostles-evangelists-romanesque\/","og_site_name":"articulosreligiosos.com","article_modified_time":"2026-02-04T13:15:51+00:00","og_image":[{"width":1144,"height":1200,"url":"https:\/\/articulosreligiosos.com\/wp-content\/uploads\/2025\/08\/Caliz-y-Patena-Apostoles-y-Evangelistas-Romanico-orca01002312-0.webp","type":"image\/webp"}],"twitter_card":"summary_large_image","twitter_misc":{"Price":"11.280,99&nbsp;&euro;","Availability":"In stock"},"schema":{"@context":"https:\/\/schema.org","@graph":[{"@type":"WebPage","@id":"https:\/\/articulosreligiosos.com\/en\/product\/chalice-paten-apostles-evangelists-romanesque\/","url":"https:\/\/articulosreligiosos.com\/en\/product\/chalice-paten-apostles-evangelists-romanesque\/","name":"Buy Chalice and Paten Apostles and Evangelists (Romanesque) - Art\u00edculos Religiosos | Online Store","isPartOf":{"@id":"https:\/\/articulosreligiosos.com\/en\/#website"},"primaryImageOfPage":{"@id":"https:\/\/articulosreligiosos.com\/en\/product\/chalice-paten-apostles-evangelists-romanesque\/#primaryimage"},"image":{"@id":"https:\/\/articulosreligiosos.com\/en\/product\/chalice-paten-apostles-evangelists-romanesque\/#primaryimage"},"thumbnailUrl":"https:\/\/articulosreligiosos.com\/wp-content\/uploads\/2025\/08\/Caliz-y-Patena-Apostoles-y-Evangelistas-Romanico-orca01002312-0.webp","datePublished":"2017-12-16T07:04:30+00:00","dateModified":"2026-02-04T13:15:51+00:00","description":"Chalice in Romanesque style with the motif Apostles and Evangelists, enamel. Paten of the same line (16 cm. Diameter) and case included. \u26a0\ufe0f Indicative price based on the silver price. It is essential to check the final price before placing your order. Orders placed without prior consultation will be cancelled.","breadcrumb":{"@id":"https:\/\/articulosreligiosos.com\/en\/product\/chalice-paten-apostles-evangelists-romanesque\/#breadcrumb"},"inLanguage":"en-US","potentialAction":[{"@type":"ReadAction","target":["https:\/\/articulosreligiosos.com\/en\/product\/chalice-paten-apostles-evangelists-romanesque\/"]}]},{"@type":"ImageObject","inLanguage":"en-US","@id":"https:\/\/articulosreligiosos.com\/en\/product\/chalice-paten-apostles-evangelists-romanesque\/#primaryimage","url":"https:\/\/articulosreligiosos.com\/wp-content\/uploads\/2025\/08\/Caliz-y-Patena-Apostoles-y-Evangelistas-Romanico-orca01002312-0.webp","contentUrl":"https:\/\/articulosreligiosos.com\/wp-content\/uploads\/2025\/08\/Caliz-y-Patena-Apostoles-y-Evangelistas-Romanico-orca01002312-0.webp","width":1144,"height":1200,"caption":"Chalice-and-Paten-Apostles-and-Evangelists-orca01002312-0"},{"@type":"BreadcrumbList","@id":"https:\/\/articulosreligiosos.com\/en\/product\/chalice-paten-apostles-evangelists-romanesque\/#breadcrumb","itemListElement":[{"@type":"ListItem","position":1,"name":"Home","item":"https:\/\/articulosreligiosos.com\/en\/"},{"@type":"ListItem","position":2,"name":"Products"},{"@type":"ListItem","position":3,"name":"Chalice and Paten Apostles and Evangelists (Romanesque)"}]},{"@type":"WebSite","@id":"https:\/\/articulosreligiosos.com\/en\/#website","url":"https:\/\/articulosreligiosos.com\/en\/","name":"Art\u00edculos Religiosos","description":"Tienda online | Fabricaci\u00f3n, restauraci\u00f3n y comercializaci\u00f3n de objetos religiosos al mejor precio y con el mejor servicio.","publisher":{"@id":"https:\/\/articulosreligiosos.com\/en\/#organization"},"potentialAction":[{"@type":"SearchAction","target":{"@type":"EntryPoint","urlTemplate":"https:\/\/articulosreligiosos.com\/en\/?s={search_term_string}"},"query-input":{"@type":"PropertyValueSpecification","valueRequired":true,"valueName":"search_term_string"}}],"inLanguage":"en-US"},{"@type":"Organization","@id":"https:\/\/articulosreligiosos.com\/en\/#organization","name":"Art\u00edculos Religiosos","url":"https:\/\/articulosreligiosos.com\/en\/","logo":{"@type":"ImageObject","inLanguage":"en-US","@id":"https:\/\/articulosreligiosos.com\/en\/#\/schema\/logo\/image\/","url":"https:\/\/articulosreligiosos.com\/wp-content\/uploads\/2023\/12\/newlogo-1.png","contentUrl":"https:\/\/articulosreligiosos.com\/wp-content\/uploads\/2023\/12\/newlogo-1.png","width":178,"height":114,"caption":"Art\u00edculos Religiosos"},"image":{"@id":"https:\/\/articulosreligiosos.com\/en\/#\/schema\/logo\/image\/"},"sameAs":["https:\/\/www.instagram.com\/articulosreligiosos.tienda\/"],"hasMerchantReturnPolicy":{"@type":"MerchantReturnPolicy","merchantReturnLink":"https:\/\/articulosreligiosos.com\/en\/refund-and-returns-policy\/"}}]},"product_price_amount":"11280.99","product_price_currency":"EUR","og_availability":"instock","product_availability":"instock","product_retailer_item_id":"ORCA01002312","product_condition":"new"},"_links":{"self":[{"href":"https:\/\/articulosreligiosos.com\/en\/wp-json\/wp\/v2\/product\/133998","targetHints":{"allow":["GET"]}}],"collection":[{"href":"https:\/\/articulosreligiosos.com\/en\/wp-json\/wp\/v2\/product"}],"about":[{"href":"https:\/\/articulosreligiosos.com\/en\/wp-json\/wp\/v2\/types\/product"}],"replies":[{"embeddable":true,"href":"https:\/\/articulosreligiosos.com\/en\/wp-json\/wp\/v2\/comments?post=133998"}],"wp:featuredmedia":[{"embeddable":true,"href":"https:\/\/articulosreligiosos.com\/en\/wp-json\/wp\/v2\/media\/331269"}],"wp:attachment":[{"href":"https:\/\/articulosreligiosos.com\/en\/wp-json\/wp\/v2\/media?parent=133998"}],"wp:term":[{"taxonomy":"product_brand","embeddable":true,"href":"https:\/\/articulosreligiosos.com\/en\/wp-json\/wp\/v2\/product_brand?post=133998"},{"taxonomy":"product_cat","embeddable":true,"href":"https:\/\/articulosreligiosos.com\/en\/wp-json\/wp\/v2\/product_cat?post=133998"},{"taxonomy":"product_tag","embeddable":true,"href":"https:\/\/articulosreligiosos.com\/en\/wp-json\/wp\/v2\/product_tag?post=133998"}],"curies":[{"name":"wp","href":"https:\/\/api.w.org\/{rel}","templated":true}]}}