{"id":131078,"date":"2017-11-08T21:10:53","date_gmt":"2017-11-08T21:10:53","guid":{"rendered":"https:\/\/articulosreligiosos.com\/product\/crucifijo-renamiento-cruz-95919\/"},"modified":"2025-11-30T09:05:24","modified_gmt":"2025-11-30T09:05:24","slug":"renaissance-crucifix-crcu028crrc","status":"publish","type":"product","link":"https:\/\/articulosreligiosos.com\/en\/product\/renaissance-crucifix-crcu028crrc\/","title":{"rendered":"Renaissance Crucifix"},"content":{"rendered":"<p>Renaissance Cross (Crucifix) hanging on the neck made in gold 18 carat or silver 925. A chain or cord is necessary.<\/p>\n","protected":false},"excerpt":{"rendered":"<p>Renaissance Cross (Crucifix) hanging on the neck made in gold 18 carat or silver 925. A chain or cord is necessary.<\/p>\n","protected":false},"featured_media":349221,"comment_status":"open","ping_status":"closed","template":"","meta":{"_acf_changed":false},"product_brand":[],"product_cat":[6260,6383,6393,6268,6258],"product_tag":[],"class_list":{"0":"post-131078","1":"product","2":"type-product","3":"status-publish","4":"has-post-thumbnail","6":"product_cat-crosses-crucifixes-cross-crucifix-religious-sculptures-en","7":"product_cat-catholic-religious-medals-en","8":"product_cat-neck-crucifixes-catholic-religious-medals-en","9":"product_cat-necklace-crosses-crucifixes-cross-crucifix-en","10":"product_cat-religious-statues-religious-sculptures-catholic-statues-en","11":"pa_acabado_medallas-goldfinished-en","12":"pa_acabado_medallas-silver_finished-en","13":"pa_altura-30-en","14":"pa_altura-35-en","15":"pa_altura-40-en","16":"pa_disponibilidad-3-en-2","17":"pa_disponibilidad-30-en-2","18":"pa_manufacturer-p028-en","19":"pa_material-18c_goldlaw-en-en","20":"pa_material-sterlingsilver925-en-en","21":"pa_materiales_general-18-carat-gold-or-925-sterling-silver-other-materials-for-minimum-quantities-consult-us","23":"first","24":"instock","25":"taxable","26":"shipping-taxable","27":"purchasable","28":"product-type-variable","29":"rtwpvs-product"},"acf":[],"yoast_head":"<!-- This site is optimized with the Yoast SEO Premium plugin v27.2 (Yoast SEO v27.2) - https:\/\/yoast.com\/product\/yoast-seo-premium-wordpress\/ -->\n<title>Buy Renaissance Crucifix - Art\u00edculos Religiosos | Online Store<\/title>\n<meta name=\"description\" content=\"Renaissance Cross (Crucifix) hanging on the neck made in gold 18 carat or silver 925. A chain or cord is necessary.\" \/>\n<meta name=\"robots\" content=\"index, follow, max-snippet:-1, max-image-preview:large, max-video-preview:-1\" \/>\n<link rel=\"canonical\" href=\"https:\/\/articulosreligiosos.com\/en\/product\/renaissance-crucifix-crcu028crrc\/\" \/>\n<meta property=\"og:locale\" content=\"en_US\" \/>\n<meta property=\"og:type\" content=\"article\" \/>\n<meta property=\"og:title\" content=\"Renaissance Crucifix\" \/>\n<meta property=\"og:description\" content=\"Renaissance Cross (Crucifix) hanging on the neck made in gold 18 carat or silver 925. A chain or cord is necessary.\" \/>\n<meta property=\"og:url\" content=\"https:\/\/articulosreligiosos.com\/en\/product\/renaissance-crucifix-crcu028crrc\/\" \/>\n<meta property=\"og:site_name\" content=\"articulosreligiosos.com\" \/>\n<meta property=\"article:modified_time\" content=\"2025-11-30T09:05:24+00:00\" \/>\n<meta property=\"og:image\" content=\"https:\/\/articulosreligiosos.com\/wp-content\/uploads\/2025\/09\/Crucifijo-Renamiento-Cruz-CRCU028CRRC-2.webp\" \/>\n\t<meta property=\"og:image:width\" content=\"336\" \/>\n\t<meta property=\"og:image:height\" content=\"525\" \/>\n\t<meta property=\"og:image:type\" content=\"image\/webp\" \/>\n<meta name=\"twitter:card\" content=\"summary_large_image\" \/>\n<meta name=\"twitter:label1\" content=\"Availability\" \/>\n\t<meta name=\"twitter:data1\" content=\"In stock\" \/>\n<script type=\"application\/ld+json\" class=\"yoast-schema-graph\">{\"@context\":\"https:\/\/schema.org\",\"@graph\":[{\"@type\":\"WebPage\",\"@id\":\"https:\/\/articulosreligiosos.com\/en\/product\/renaissance-crucifix-crcu028crrc\/\",\"url\":\"https:\/\/articulosreligiosos.com\/en\/product\/renaissance-crucifix-crcu028crrc\/\",\"name\":\"Buy Renaissance Crucifix - Art\u00edculos Religiosos | Online Store\",\"isPartOf\":{\"@id\":\"https:\/\/articulosreligiosos.com\/en\/#website\"},\"primaryImageOfPage\":{\"@id\":\"https:\/\/articulosreligiosos.com\/en\/product\/renaissance-crucifix-crcu028crrc\/#primaryimage\"},\"image\":{\"@id\":\"https:\/\/articulosreligiosos.com\/en\/product\/renaissance-crucifix-crcu028crrc\/#primaryimage\"},\"thumbnailUrl\":\"https:\/\/articulosreligiosos.com\/wp-content\/uploads\/2025\/09\/Crucifijo-Renamiento-Cruz-CRCU028CRRC-2.webp\",\"datePublished\":\"2017-11-08T21:10:53+00:00\",\"dateModified\":\"2025-11-30T09:05:24+00:00\",\"description\":\"Renaissance Cross (Crucifix) hanging on the neck made in gold 18 carat or silver 925. A chain or cord is necessary.\",\"breadcrumb\":{\"@id\":\"https:\/\/articulosreligiosos.com\/en\/product\/renaissance-crucifix-crcu028crrc\/#breadcrumb\"},\"inLanguage\":\"en-US\",\"potentialAction\":[{\"@type\":\"ReadAction\",\"target\":[\"https:\/\/articulosreligiosos.com\/en\/product\/renaissance-crucifix-crcu028crrc\/\"]}]},{\"@type\":\"ImageObject\",\"inLanguage\":\"en-US\",\"@id\":\"https:\/\/articulosreligiosos.com\/en\/product\/renaissance-crucifix-crcu028crrc\/#primaryimage\",\"url\":\"https:\/\/articulosreligiosos.com\/wp-content\/uploads\/2025\/09\/Crucifijo-Renamiento-Cruz-CRCU028CRRC-2.webp\",\"contentUrl\":\"https:\/\/articulosreligiosos.com\/wp-content\/uploads\/2025\/09\/Crucifijo-Renamiento-Cruz-CRCU028CRRC-2.webp\",\"width\":336,\"height\":525,\"caption\":\"Renaissance-Crucifix-CRCU028CRRC-2\"},{\"@type\":\"BreadcrumbList\",\"@id\":\"https:\/\/articulosreligiosos.com\/en\/product\/renaissance-crucifix-crcu028crrc\/#breadcrumb\",\"itemListElement\":[{\"@type\":\"ListItem\",\"position\":1,\"name\":\"Home\",\"item\":\"https:\/\/articulosreligiosos.com\/en\/\"},{\"@type\":\"ListItem\",\"position\":2,\"name\":\"Products\"},{\"@type\":\"ListItem\",\"position\":3,\"name\":\"Renaissance Crucifix\"}]},{\"@type\":\"WebSite\",\"@id\":\"https:\/\/articulosreligiosos.com\/en\/#website\",\"url\":\"https:\/\/articulosreligiosos.com\/en\/\",\"name\":\"Art\u00edculos Religiosos\",\"description\":\"Tienda online | Fabricaci\u00f3n, restauraci\u00f3n y comercializaci\u00f3n de objetos religiosos al mejor precio y con el mejor servicio.\",\"publisher\":{\"@id\":\"https:\/\/articulosreligiosos.com\/en\/#organization\"},\"potentialAction\":[{\"@type\":\"SearchAction\",\"target\":{\"@type\":\"EntryPoint\",\"urlTemplate\":\"https:\/\/articulosreligiosos.com\/en\/?s={search_term_string}\"},\"query-input\":{\"@type\":\"PropertyValueSpecification\",\"valueRequired\":true,\"valueName\":\"search_term_string\"}}],\"inLanguage\":\"en-US\"},{\"@type\":\"Organization\",\"@id\":\"https:\/\/articulosreligiosos.com\/en\/#organization\",\"name\":\"Art\u00edculos Religiosos\",\"url\":\"https:\/\/articulosreligiosos.com\/en\/\",\"logo\":{\"@type\":\"ImageObject\",\"inLanguage\":\"en-US\",\"@id\":\"https:\/\/articulosreligiosos.com\/en\/#\/schema\/logo\/image\/\",\"url\":\"https:\/\/articulosreligiosos.com\/wp-content\/uploads\/2023\/12\/newlogo-1.png\",\"contentUrl\":\"https:\/\/articulosreligiosos.com\/wp-content\/uploads\/2023\/12\/newlogo-1.png\",\"width\":178,\"height\":114,\"caption\":\"Art\u00edculos Religiosos\"},\"image\":{\"@id\":\"https:\/\/articulosreligiosos.com\/en\/#\/schema\/logo\/image\/\"},\"sameAs\":[\"https:\/\/www.instagram.com\/articulosreligiosos.tienda\/\"],\"hasMerchantReturnPolicy\":{\"@type\":\"MerchantReturnPolicy\",\"merchantReturnLink\":\"https:\/\/articulosreligiosos.com\/en\/refund-and-returns-policy\/\"}}]}<\/script>\n<meta property=\"og:availability\" content=\"instock\" \/>\n<meta property=\"product:availability\" content=\"instock\" \/>\n<meta property=\"product:retailer_item_id\" content=\"CRCU028CRRC\" \/>\n<meta property=\"product:condition\" content=\"new\" \/>\n<!-- \/ Yoast SEO Premium plugin. -->","yoast_head_json":{"title":"Buy Renaissance Crucifix - Art\u00edculos Religiosos | Online Store","description":"Renaissance Cross (Crucifix) hanging on the neck made in gold 18 carat or silver 925. A chain or cord is necessary.","robots":{"index":"index","follow":"follow","max-snippet":"max-snippet:-1","max-image-preview":"max-image-preview:large","max-video-preview":"max-video-preview:-1"},"canonical":"https:\/\/articulosreligiosos.com\/en\/product\/renaissance-crucifix-crcu028crrc\/","og_locale":"en_US","og_type":"article","og_title":"Renaissance Crucifix","og_description":"Renaissance Cross (Crucifix) hanging on the neck made in gold 18 carat or silver 925. A chain or cord is necessary.","og_url":"https:\/\/articulosreligiosos.com\/en\/product\/renaissance-crucifix-crcu028crrc\/","og_site_name":"articulosreligiosos.com","article_modified_time":"2025-11-30T09:05:24+00:00","og_image":[{"width":336,"height":525,"url":"https:\/\/articulosreligiosos.com\/wp-content\/uploads\/2025\/09\/Crucifijo-Renamiento-Cruz-CRCU028CRRC-2.webp","type":"image\/webp"}],"twitter_card":"summary_large_image","twitter_misc":{"Availability":"In stock"},"schema":{"@context":"https:\/\/schema.org","@graph":[{"@type":"WebPage","@id":"https:\/\/articulosreligiosos.com\/en\/product\/renaissance-crucifix-crcu028crrc\/","url":"https:\/\/articulosreligiosos.com\/en\/product\/renaissance-crucifix-crcu028crrc\/","name":"Buy Renaissance Crucifix - Art\u00edculos Religiosos | Online Store","isPartOf":{"@id":"https:\/\/articulosreligiosos.com\/en\/#website"},"primaryImageOfPage":{"@id":"https:\/\/articulosreligiosos.com\/en\/product\/renaissance-crucifix-crcu028crrc\/#primaryimage"},"image":{"@id":"https:\/\/articulosreligiosos.com\/en\/product\/renaissance-crucifix-crcu028crrc\/#primaryimage"},"thumbnailUrl":"https:\/\/articulosreligiosos.com\/wp-content\/uploads\/2025\/09\/Crucifijo-Renamiento-Cruz-CRCU028CRRC-2.webp","datePublished":"2017-11-08T21:10:53+00:00","dateModified":"2025-11-30T09:05:24+00:00","description":"Renaissance Cross (Crucifix) hanging on the neck made in gold 18 carat or silver 925. A chain or cord is necessary.","breadcrumb":{"@id":"https:\/\/articulosreligiosos.com\/en\/product\/renaissance-crucifix-crcu028crrc\/#breadcrumb"},"inLanguage":"en-US","potentialAction":[{"@type":"ReadAction","target":["https:\/\/articulosreligiosos.com\/en\/product\/renaissance-crucifix-crcu028crrc\/"]}]},{"@type":"ImageObject","inLanguage":"en-US","@id":"https:\/\/articulosreligiosos.com\/en\/product\/renaissance-crucifix-crcu028crrc\/#primaryimage","url":"https:\/\/articulosreligiosos.com\/wp-content\/uploads\/2025\/09\/Crucifijo-Renamiento-Cruz-CRCU028CRRC-2.webp","contentUrl":"https:\/\/articulosreligiosos.com\/wp-content\/uploads\/2025\/09\/Crucifijo-Renamiento-Cruz-CRCU028CRRC-2.webp","width":336,"height":525,"caption":"Renaissance-Crucifix-CRCU028CRRC-2"},{"@type":"BreadcrumbList","@id":"https:\/\/articulosreligiosos.com\/en\/product\/renaissance-crucifix-crcu028crrc\/#breadcrumb","itemListElement":[{"@type":"ListItem","position":1,"name":"Home","item":"https:\/\/articulosreligiosos.com\/en\/"},{"@type":"ListItem","position":2,"name":"Products"},{"@type":"ListItem","position":3,"name":"Renaissance Crucifix"}]},{"@type":"WebSite","@id":"https:\/\/articulosreligiosos.com\/en\/#website","url":"https:\/\/articulosreligiosos.com\/en\/","name":"Art\u00edculos Religiosos","description":"Tienda online | Fabricaci\u00f3n, restauraci\u00f3n y comercializaci\u00f3n de objetos religiosos al mejor precio y con el mejor servicio.","publisher":{"@id":"https:\/\/articulosreligiosos.com\/en\/#organization"},"potentialAction":[{"@type":"SearchAction","target":{"@type":"EntryPoint","urlTemplate":"https:\/\/articulosreligiosos.com\/en\/?s={search_term_string}"},"query-input":{"@type":"PropertyValueSpecification","valueRequired":true,"valueName":"search_term_string"}}],"inLanguage":"en-US"},{"@type":"Organization","@id":"https:\/\/articulosreligiosos.com\/en\/#organization","name":"Art\u00edculos Religiosos","url":"https:\/\/articulosreligiosos.com\/en\/","logo":{"@type":"ImageObject","inLanguage":"en-US","@id":"https:\/\/articulosreligiosos.com\/en\/#\/schema\/logo\/image\/","url":"https:\/\/articulosreligiosos.com\/wp-content\/uploads\/2023\/12\/newlogo-1.png","contentUrl":"https:\/\/articulosreligiosos.com\/wp-content\/uploads\/2023\/12\/newlogo-1.png","width":178,"height":114,"caption":"Art\u00edculos Religiosos"},"image":{"@id":"https:\/\/articulosreligiosos.com\/en\/#\/schema\/logo\/image\/"},"sameAs":["https:\/\/www.instagram.com\/articulosreligiosos.tienda\/"],"hasMerchantReturnPolicy":{"@type":"MerchantReturnPolicy","merchantReturnLink":"https:\/\/articulosreligiosos.com\/en\/refund-and-returns-policy\/"}}]},"og_availability":"instock","product_availability":"instock","product_retailer_item_id":"CRCU028CRRC","product_condition":"new"},"_links":{"self":[{"href":"https:\/\/articulosreligiosos.com\/en\/wp-json\/wp\/v2\/product\/131078","targetHints":{"allow":["GET"]}}],"collection":[{"href":"https:\/\/articulosreligiosos.com\/en\/wp-json\/wp\/v2\/product"}],"about":[{"href":"https:\/\/articulosreligiosos.com\/en\/wp-json\/wp\/v2\/types\/product"}],"replies":[{"embeddable":true,"href":"https:\/\/articulosreligiosos.com\/en\/wp-json\/wp\/v2\/comments?post=131078"}],"wp:featuredmedia":[{"embeddable":true,"href":"https:\/\/articulosreligiosos.com\/en\/wp-json\/wp\/v2\/media\/349221"}],"wp:attachment":[{"href":"https:\/\/articulosreligiosos.com\/en\/wp-json\/wp\/v2\/media?parent=131078"}],"wp:term":[{"taxonomy":"product_brand","embeddable":true,"href":"https:\/\/articulosreligiosos.com\/en\/wp-json\/wp\/v2\/product_brand?post=131078"},{"taxonomy":"product_cat","embeddable":true,"href":"https:\/\/articulosreligiosos.com\/en\/wp-json\/wp\/v2\/product_cat?post=131078"},{"taxonomy":"product_tag","embeddable":true,"href":"https:\/\/articulosreligiosos.com\/en\/wp-json\/wp\/v2\/product_tag?post=131078"}],"curies":[{"name":"wp","href":"https:\/\/api.w.org\/{rel}","templated":true}]}}