{"id":128776,"date":"2017-11-07T17:48:33","date_gmt":"2017-11-07T17:48:33","guid":{"rendered":"https:\/\/articulosreligiosos.com\/product\/pin-de-in-hoc-signo-95851\/"},"modified":"2025-11-30T08:32:56","modified_gmt":"2025-11-30T08:32:56","slug":"in-hoc-signo-pin-megs028gs8112","status":"publish","type":"product","link":"https:\/\/articulosreligiosos.com\/en\/product\/in-hoc-signo-pin-megs028gs8112\/","title":{"rendered":"In Hoc Signo pin"},"content":{"rendered":"<p>Beautiful In Hoc Signo pin characterized by great attention to detail and exceptional quality.<\/p>\n","protected":false},"excerpt":{"rendered":"<p>In Hoc Signo pin in 18 carat Gold and Sterling Silver 925.<\/p>\n","protected":false},"featured_media":350159,"comment_status":"open","ping_status":"closed","template":"","meta":{"_acf_changed":false},"product_brand":[],"product_cat":[6383,6393,6405],"product_tag":[],"class_list":{"0":"post-128776","1":"product","2":"type-product","3":"status-publish","4":"has-post-thumbnail","6":"product_cat-catholic-religious-medals-en","7":"product_cat-neck-crucifixes-catholic-religious-medals-en","8":"product_cat-other-medals-catholic-religious-medals-en","9":"pa_altura-12-en","10":"pa_disponibilidad-3-en-2","11":"pa_disponibilidad-30-en-2","12":"pa_manufacturer-p028-en","13":"pa_material-18c_goldlaw-en-en","14":"pa_material-sterlingsilver925-en-en","16":"first","17":"instock","18":"taxable","19":"shipping-taxable","20":"purchasable","21":"product-type-variable","22":"rtwpvs-product"},"acf":[],"yoast_head":"<!-- This site is optimized with the Yoast SEO Premium plugin v27.2 (Yoast SEO v27.2) - https:\/\/yoast.com\/product\/yoast-seo-premium-wordpress\/ -->\n<title>Buy In Hoc Signo pin - Art\u00edculos Religiosos | Online Store<\/title>\n<meta name=\"description\" content=\"In Hoc Signo pin in 18 carat Gold and Sterling Silver 925.\" \/>\n<meta name=\"robots\" content=\"index, follow, max-snippet:-1, max-image-preview:large, max-video-preview:-1\" \/>\n<link rel=\"canonical\" href=\"https:\/\/articulosreligiosos.com\/en\/product\/in-hoc-signo-pin-megs028gs8112\/\" \/>\n<meta property=\"og:locale\" content=\"en_US\" \/>\n<meta property=\"og:type\" content=\"article\" \/>\n<meta property=\"og:title\" content=\"In Hoc Signo pin\" \/>\n<meta property=\"og:description\" content=\"In Hoc Signo pin in 18 carat Gold and Sterling Silver 925.\" \/>\n<meta property=\"og:url\" content=\"https:\/\/articulosreligiosos.com\/en\/product\/in-hoc-signo-pin-megs028gs8112\/\" \/>\n<meta property=\"og:site_name\" content=\"articulosreligiosos.com\" \/>\n<meta property=\"article:modified_time\" content=\"2025-11-30T08:32:56+00:00\" \/>\n<meta property=\"og:image\" content=\"https:\/\/articulosreligiosos.com\/wp-content\/uploads\/2025\/09\/Pin-de-In-Hoc-Signo-megs028gs8112-0.webp\" \/>\n\t<meta property=\"og:image:width\" content=\"400\" \/>\n\t<meta property=\"og:image:height\" content=\"374\" \/>\n\t<meta property=\"og:image:type\" content=\"image\/webp\" \/>\n<meta name=\"twitter:card\" content=\"summary_large_image\" \/>\n<meta name=\"twitter:label1\" content=\"Availability\" \/>\n\t<meta name=\"twitter:data1\" content=\"In stock\" \/>\n<script type=\"application\/ld+json\" class=\"yoast-schema-graph\">{\"@context\":\"https:\/\/schema.org\",\"@graph\":[{\"@type\":\"WebPage\",\"@id\":\"https:\/\/articulosreligiosos.com\/en\/product\/in-hoc-signo-pin-megs028gs8112\/\",\"url\":\"https:\/\/articulosreligiosos.com\/en\/product\/in-hoc-signo-pin-megs028gs8112\/\",\"name\":\"Buy In Hoc Signo pin - Art\u00edculos Religiosos | Online Store\",\"isPartOf\":{\"@id\":\"https:\/\/articulosreligiosos.com\/en\/#website\"},\"primaryImageOfPage\":{\"@id\":\"https:\/\/articulosreligiosos.com\/en\/product\/in-hoc-signo-pin-megs028gs8112\/#primaryimage\"},\"image\":{\"@id\":\"https:\/\/articulosreligiosos.com\/en\/product\/in-hoc-signo-pin-megs028gs8112\/#primaryimage\"},\"thumbnailUrl\":\"https:\/\/articulosreligiosos.com\/wp-content\/uploads\/2025\/09\/Pin-de-In-Hoc-Signo-megs028gs8112-0.webp\",\"datePublished\":\"2017-11-07T17:48:33+00:00\",\"dateModified\":\"2025-11-30T08:32:56+00:00\",\"description\":\"In Hoc Signo pin in 18 carat Gold and Sterling Silver 925.\",\"breadcrumb\":{\"@id\":\"https:\/\/articulosreligiosos.com\/en\/product\/in-hoc-signo-pin-megs028gs8112\/#breadcrumb\"},\"inLanguage\":\"en-US\",\"potentialAction\":[{\"@type\":\"ReadAction\",\"target\":[\"https:\/\/articulosreligiosos.com\/en\/product\/in-hoc-signo-pin-megs028gs8112\/\"]}]},{\"@type\":\"ImageObject\",\"inLanguage\":\"en-US\",\"@id\":\"https:\/\/articulosreligiosos.com\/en\/product\/in-hoc-signo-pin-megs028gs8112\/#primaryimage\",\"url\":\"https:\/\/articulosreligiosos.com\/wp-content\/uploads\/2025\/09\/Pin-de-In-Hoc-Signo-megs028gs8112-0.webp\",\"contentUrl\":\"https:\/\/articulosreligiosos.com\/wp-content\/uploads\/2025\/09\/Pin-de-In-Hoc-Signo-megs028gs8112-0.webp\",\"width\":400,\"height\":374,\"caption\":\"In-Hoc-Signo-pin-megs028gs8112-0\"},{\"@type\":\"BreadcrumbList\",\"@id\":\"https:\/\/articulosreligiosos.com\/en\/product\/in-hoc-signo-pin-megs028gs8112\/#breadcrumb\",\"itemListElement\":[{\"@type\":\"ListItem\",\"position\":1,\"name\":\"Home\",\"item\":\"https:\/\/articulosreligiosos.com\/en\/\"},{\"@type\":\"ListItem\",\"position\":2,\"name\":\"Products\"},{\"@type\":\"ListItem\",\"position\":3,\"name\":\"In Hoc Signo pin\"}]},{\"@type\":\"WebSite\",\"@id\":\"https:\/\/articulosreligiosos.com\/en\/#website\",\"url\":\"https:\/\/articulosreligiosos.com\/en\/\",\"name\":\"Art\u00edculos Religiosos\",\"description\":\"Tienda online | Fabricaci\u00f3n, restauraci\u00f3n y comercializaci\u00f3n de objetos religiosos al mejor precio y con el mejor servicio.\",\"publisher\":{\"@id\":\"https:\/\/articulosreligiosos.com\/en\/#organization\"},\"potentialAction\":[{\"@type\":\"SearchAction\",\"target\":{\"@type\":\"EntryPoint\",\"urlTemplate\":\"https:\/\/articulosreligiosos.com\/en\/?s={search_term_string}\"},\"query-input\":{\"@type\":\"PropertyValueSpecification\",\"valueRequired\":true,\"valueName\":\"search_term_string\"}}],\"inLanguage\":\"en-US\"},{\"@type\":\"Organization\",\"@id\":\"https:\/\/articulosreligiosos.com\/en\/#organization\",\"name\":\"Art\u00edculos Religiosos\",\"url\":\"https:\/\/articulosreligiosos.com\/en\/\",\"logo\":{\"@type\":\"ImageObject\",\"inLanguage\":\"en-US\",\"@id\":\"https:\/\/articulosreligiosos.com\/en\/#\/schema\/logo\/image\/\",\"url\":\"https:\/\/articulosreligiosos.com\/wp-content\/uploads\/2023\/12\/newlogo-1.png\",\"contentUrl\":\"https:\/\/articulosreligiosos.com\/wp-content\/uploads\/2023\/12\/newlogo-1.png\",\"width\":178,\"height\":114,\"caption\":\"Art\u00edculos Religiosos\"},\"image\":{\"@id\":\"https:\/\/articulosreligiosos.com\/en\/#\/schema\/logo\/image\/\"},\"sameAs\":[\"https:\/\/www.instagram.com\/articulosreligiosos.tienda\/\"],\"hasMerchantReturnPolicy\":{\"@type\":\"MerchantReturnPolicy\",\"merchantReturnLink\":\"https:\/\/articulosreligiosos.com\/en\/refund-and-returns-policy\/\"}}]}<\/script>\n<meta property=\"og:availability\" content=\"instock\" \/>\n<meta property=\"product:availability\" content=\"instock\" \/>\n<meta property=\"product:retailer_item_id\" content=\"MEGS028GS8112\" \/>\n<meta property=\"product:condition\" content=\"new\" \/>\n<!-- \/ Yoast SEO Premium plugin. -->","yoast_head_json":{"title":"Buy In Hoc Signo pin - Art\u00edculos Religiosos | Online Store","description":"In Hoc Signo pin in 18 carat Gold and Sterling Silver 925.","robots":{"index":"index","follow":"follow","max-snippet":"max-snippet:-1","max-image-preview":"max-image-preview:large","max-video-preview":"max-video-preview:-1"},"canonical":"https:\/\/articulosreligiosos.com\/en\/product\/in-hoc-signo-pin-megs028gs8112\/","og_locale":"en_US","og_type":"article","og_title":"In Hoc Signo pin","og_description":"In Hoc Signo pin in 18 carat Gold and Sterling Silver 925.","og_url":"https:\/\/articulosreligiosos.com\/en\/product\/in-hoc-signo-pin-megs028gs8112\/","og_site_name":"articulosreligiosos.com","article_modified_time":"2025-11-30T08:32:56+00:00","og_image":[{"width":400,"height":374,"url":"https:\/\/articulosreligiosos.com\/wp-content\/uploads\/2025\/09\/Pin-de-In-Hoc-Signo-megs028gs8112-0.webp","type":"image\/webp"}],"twitter_card":"summary_large_image","twitter_misc":{"Availability":"In stock"},"schema":{"@context":"https:\/\/schema.org","@graph":[{"@type":"WebPage","@id":"https:\/\/articulosreligiosos.com\/en\/product\/in-hoc-signo-pin-megs028gs8112\/","url":"https:\/\/articulosreligiosos.com\/en\/product\/in-hoc-signo-pin-megs028gs8112\/","name":"Buy In Hoc Signo pin - Art\u00edculos Religiosos | Online Store","isPartOf":{"@id":"https:\/\/articulosreligiosos.com\/en\/#website"},"primaryImageOfPage":{"@id":"https:\/\/articulosreligiosos.com\/en\/product\/in-hoc-signo-pin-megs028gs8112\/#primaryimage"},"image":{"@id":"https:\/\/articulosreligiosos.com\/en\/product\/in-hoc-signo-pin-megs028gs8112\/#primaryimage"},"thumbnailUrl":"https:\/\/articulosreligiosos.com\/wp-content\/uploads\/2025\/09\/Pin-de-In-Hoc-Signo-megs028gs8112-0.webp","datePublished":"2017-11-07T17:48:33+00:00","dateModified":"2025-11-30T08:32:56+00:00","description":"In Hoc Signo pin in 18 carat Gold and Sterling Silver 925.","breadcrumb":{"@id":"https:\/\/articulosreligiosos.com\/en\/product\/in-hoc-signo-pin-megs028gs8112\/#breadcrumb"},"inLanguage":"en-US","potentialAction":[{"@type":"ReadAction","target":["https:\/\/articulosreligiosos.com\/en\/product\/in-hoc-signo-pin-megs028gs8112\/"]}]},{"@type":"ImageObject","inLanguage":"en-US","@id":"https:\/\/articulosreligiosos.com\/en\/product\/in-hoc-signo-pin-megs028gs8112\/#primaryimage","url":"https:\/\/articulosreligiosos.com\/wp-content\/uploads\/2025\/09\/Pin-de-In-Hoc-Signo-megs028gs8112-0.webp","contentUrl":"https:\/\/articulosreligiosos.com\/wp-content\/uploads\/2025\/09\/Pin-de-In-Hoc-Signo-megs028gs8112-0.webp","width":400,"height":374,"caption":"In-Hoc-Signo-pin-megs028gs8112-0"},{"@type":"BreadcrumbList","@id":"https:\/\/articulosreligiosos.com\/en\/product\/in-hoc-signo-pin-megs028gs8112\/#breadcrumb","itemListElement":[{"@type":"ListItem","position":1,"name":"Home","item":"https:\/\/articulosreligiosos.com\/en\/"},{"@type":"ListItem","position":2,"name":"Products"},{"@type":"ListItem","position":3,"name":"In Hoc Signo pin"}]},{"@type":"WebSite","@id":"https:\/\/articulosreligiosos.com\/en\/#website","url":"https:\/\/articulosreligiosos.com\/en\/","name":"Art\u00edculos Religiosos","description":"Tienda online | Fabricaci\u00f3n, restauraci\u00f3n y comercializaci\u00f3n de objetos religiosos al mejor precio y con el mejor servicio.","publisher":{"@id":"https:\/\/articulosreligiosos.com\/en\/#organization"},"potentialAction":[{"@type":"SearchAction","target":{"@type":"EntryPoint","urlTemplate":"https:\/\/articulosreligiosos.com\/en\/?s={search_term_string}"},"query-input":{"@type":"PropertyValueSpecification","valueRequired":true,"valueName":"search_term_string"}}],"inLanguage":"en-US"},{"@type":"Organization","@id":"https:\/\/articulosreligiosos.com\/en\/#organization","name":"Art\u00edculos Religiosos","url":"https:\/\/articulosreligiosos.com\/en\/","logo":{"@type":"ImageObject","inLanguage":"en-US","@id":"https:\/\/articulosreligiosos.com\/en\/#\/schema\/logo\/image\/","url":"https:\/\/articulosreligiosos.com\/wp-content\/uploads\/2023\/12\/newlogo-1.png","contentUrl":"https:\/\/articulosreligiosos.com\/wp-content\/uploads\/2023\/12\/newlogo-1.png","width":178,"height":114,"caption":"Art\u00edculos Religiosos"},"image":{"@id":"https:\/\/articulosreligiosos.com\/en\/#\/schema\/logo\/image\/"},"sameAs":["https:\/\/www.instagram.com\/articulosreligiosos.tienda\/"],"hasMerchantReturnPolicy":{"@type":"MerchantReturnPolicy","merchantReturnLink":"https:\/\/articulosreligiosos.com\/en\/refund-and-returns-policy\/"}}]},"og_availability":"instock","product_availability":"instock","product_retailer_item_id":"MEGS028GS8112","product_condition":"new"},"_links":{"self":[{"href":"https:\/\/articulosreligiosos.com\/en\/wp-json\/wp\/v2\/product\/128776","targetHints":{"allow":["GET"]}}],"collection":[{"href":"https:\/\/articulosreligiosos.com\/en\/wp-json\/wp\/v2\/product"}],"about":[{"href":"https:\/\/articulosreligiosos.com\/en\/wp-json\/wp\/v2\/types\/product"}],"replies":[{"embeddable":true,"href":"https:\/\/articulosreligiosos.com\/en\/wp-json\/wp\/v2\/comments?post=128776"}],"wp:featuredmedia":[{"embeddable":true,"href":"https:\/\/articulosreligiosos.com\/en\/wp-json\/wp\/v2\/media\/350159"}],"wp:attachment":[{"href":"https:\/\/articulosreligiosos.com\/en\/wp-json\/wp\/v2\/media?parent=128776"}],"wp:term":[{"taxonomy":"product_brand","embeddable":true,"href":"https:\/\/articulosreligiosos.com\/en\/wp-json\/wp\/v2\/product_brand?post=128776"},{"taxonomy":"product_cat","embeddable":true,"href":"https:\/\/articulosreligiosos.com\/en\/wp-json\/wp\/v2\/product_cat?post=128776"},{"taxonomy":"product_tag","embeddable":true,"href":"https:\/\/articulosreligiosos.com\/en\/wp-json\/wp\/v2\/product_tag?post=128776"}],"curies":[{"name":"wp","href":"https:\/\/api.w.org\/{rel}","templated":true}]}}