{"id":122695,"date":"2017-11-05T19:27:32","date_gmt":"2017-11-05T19:27:32","guid":{"rendered":"https:\/\/articulosreligiosos.com\/product\/pope-john-paul-ii-medal-95379\/"},"modified":"2026-03-02T10:16:16","modified_gmt":"2026-03-02T10:16:16","slug":"pope-saint-john-paul-ii-medal-merv028rvp8","status":"publish","type":"product","link":"https:\/\/articulosreligiosos.com\/en\/product\/pope-saint-john-paul-ii-medal-merv028rvp8\/","title":{"rendered":"Pope Saint John Paul II medal"},"content":{"rendered":"<p>Beautiful Pope Saint John Paul II medal characterized by great attention to detail and exceptional quality.<\/p>\n","protected":false},"excerpt":{"rendered":"<p>Pope Saint John Paul II medal in 18 carat Gold and Sterling Silver 925.<\/p>\n","protected":false},"featured_media":349807,"comment_status":"open","ping_status":"closed","template":"","meta":{"_acf_changed":false},"product_brand":[],"product_cat":[6383,6399,6385],"product_tag":[],"class_list":{"0":"post-122695","1":"product","2":"type-product","3":"status-publish","4":"has-post-thumbnail","6":"product_cat-catholic-religious-medals-en","7":"product_cat-popes-pope-catholic-religious-medals-en","8":"product_cat-saints-male-catholic-religious-medals-en","10":"first","11":"instock","12":"taxable","13":"shipping-taxable","14":"purchasable","15":"product-type-variable","16":"rtwpvs-product"},"acf":[],"yoast_head":"<!-- This site is optimized with the Yoast SEO Premium plugin v27.2 (Yoast SEO v27.2) - https:\/\/yoast.com\/product\/yoast-seo-premium-wordpress\/ -->\n<title>Buy Pope Saint John Paul II medal - Art\u00edculos Religiosos | Online Store<\/title>\n<meta name=\"description\" content=\"Pope Saint John Paul II medal in 18 carat Gold and Sterling Silver 925.\" \/>\n<meta name=\"robots\" content=\"index, follow, max-snippet:-1, max-image-preview:large, max-video-preview:-1\" \/>\n<link rel=\"canonical\" href=\"https:\/\/articulosreligiosos.com\/en\/product\/pope-saint-john-paul-ii-medal-merv028rvp8\/\" \/>\n<meta property=\"og:locale\" content=\"en_US\" \/>\n<meta property=\"og:type\" content=\"article\" \/>\n<meta property=\"og:title\" content=\"Pope Saint John Paul II medal\" \/>\n<meta property=\"og:description\" content=\"Pope Saint John Paul II medal in 18 carat Gold and Sterling Silver 925.\" \/>\n<meta property=\"og:url\" content=\"https:\/\/articulosreligiosos.com\/en\/product\/pope-saint-john-paul-ii-medal-merv028rvp8\/\" \/>\n<meta property=\"og:site_name\" content=\"articulosreligiosos.com\" \/>\n<meta property=\"article:modified_time\" content=\"2026-03-02T10:16:16+00:00\" \/>\n<meta property=\"og:image\" content=\"https:\/\/articulosreligiosos.com\/wp-content\/uploads\/2025\/09\/Medalla-del-Papa-San-Juan-Pablo-II-merv028rvp8-1.webp\" \/>\n\t<meta property=\"og:image:width\" content=\"450\" \/>\n\t<meta property=\"og:image:height\" content=\"554\" \/>\n\t<meta property=\"og:image:type\" content=\"image\/webp\" \/>\n<meta name=\"twitter:card\" content=\"summary_large_image\" \/>\n<meta name=\"twitter:label1\" content=\"Availability\" \/>\n\t<meta name=\"twitter:data1\" content=\"In stock\" \/>\n<script type=\"application\/ld+json\" class=\"yoast-schema-graph\">{\"@context\":\"https:\/\/schema.org\",\"@graph\":[{\"@type\":\"WebPage\",\"@id\":\"https:\/\/articulosreligiosos.com\/en\/product\/pope-saint-john-paul-ii-medal-merv028rvp8\/\",\"url\":\"https:\/\/articulosreligiosos.com\/en\/product\/pope-saint-john-paul-ii-medal-merv028rvp8\/\",\"name\":\"Buy Pope Saint John Paul II medal - Art\u00edculos Religiosos | Online Store\",\"isPartOf\":{\"@id\":\"https:\/\/articulosreligiosos.com\/en\/#website\"},\"primaryImageOfPage\":{\"@id\":\"https:\/\/articulosreligiosos.com\/en\/product\/pope-saint-john-paul-ii-medal-merv028rvp8\/#primaryimage\"},\"image\":{\"@id\":\"https:\/\/articulosreligiosos.com\/en\/product\/pope-saint-john-paul-ii-medal-merv028rvp8\/#primaryimage\"},\"thumbnailUrl\":\"https:\/\/articulosreligiosos.com\/wp-content\/uploads\/2025\/09\/Medalla-del-Papa-San-Juan-Pablo-II-merv028rvp8-1.webp\",\"datePublished\":\"2017-11-05T19:27:32+00:00\",\"dateModified\":\"2026-03-02T10:16:16+00:00\",\"description\":\"Pope Saint John Paul II medal in 18 carat Gold and Sterling Silver 925.\",\"breadcrumb\":{\"@id\":\"https:\/\/articulosreligiosos.com\/en\/product\/pope-saint-john-paul-ii-medal-merv028rvp8\/#breadcrumb\"},\"inLanguage\":\"en-US\",\"potentialAction\":[{\"@type\":\"ReadAction\",\"target\":[\"https:\/\/articulosreligiosos.com\/en\/product\/pope-saint-john-paul-ii-medal-merv028rvp8\/\"]}]},{\"@type\":\"ImageObject\",\"inLanguage\":\"en-US\",\"@id\":\"https:\/\/articulosreligiosos.com\/en\/product\/pope-saint-john-paul-ii-medal-merv028rvp8\/#primaryimage\",\"url\":\"https:\/\/articulosreligiosos.com\/wp-content\/uploads\/2025\/09\/Medalla-del-Papa-San-Juan-Pablo-II-merv028rvp8-1.webp\",\"contentUrl\":\"https:\/\/articulosreligiosos.com\/wp-content\/uploads\/2025\/09\/Medalla-del-Papa-San-Juan-Pablo-II-merv028rvp8-1.webp\",\"width\":450,\"height\":554},{\"@type\":\"BreadcrumbList\",\"@id\":\"https:\/\/articulosreligiosos.com\/en\/product\/pope-saint-john-paul-ii-medal-merv028rvp8\/#breadcrumb\",\"itemListElement\":[{\"@type\":\"ListItem\",\"position\":1,\"name\":\"Home\",\"item\":\"https:\/\/articulosreligiosos.com\/en\/\"},{\"@type\":\"ListItem\",\"position\":2,\"name\":\"Products\"},{\"@type\":\"ListItem\",\"position\":3,\"name\":\"Pope Saint John Paul II medal\"}]},{\"@type\":\"WebSite\",\"@id\":\"https:\/\/articulosreligiosos.com\/en\/#website\",\"url\":\"https:\/\/articulosreligiosos.com\/en\/\",\"name\":\"Art\u00edculos Religiosos\",\"description\":\"Tienda online | Fabricaci\u00f3n, restauraci\u00f3n y comercializaci\u00f3n de objetos religiosos al mejor precio y con el mejor servicio.\",\"publisher\":{\"@id\":\"https:\/\/articulosreligiosos.com\/en\/#organization\"},\"potentialAction\":[{\"@type\":\"SearchAction\",\"target\":{\"@type\":\"EntryPoint\",\"urlTemplate\":\"https:\/\/articulosreligiosos.com\/en\/?s={search_term_string}\"},\"query-input\":{\"@type\":\"PropertyValueSpecification\",\"valueRequired\":true,\"valueName\":\"search_term_string\"}}],\"inLanguage\":\"en-US\"},{\"@type\":\"Organization\",\"@id\":\"https:\/\/articulosreligiosos.com\/en\/#organization\",\"name\":\"Art\u00edculos Religiosos\",\"url\":\"https:\/\/articulosreligiosos.com\/en\/\",\"logo\":{\"@type\":\"ImageObject\",\"inLanguage\":\"en-US\",\"@id\":\"https:\/\/articulosreligiosos.com\/en\/#\/schema\/logo\/image\/\",\"url\":\"https:\/\/articulosreligiosos.com\/wp-content\/uploads\/2023\/12\/newlogo-1.png\",\"contentUrl\":\"https:\/\/articulosreligiosos.com\/wp-content\/uploads\/2023\/12\/newlogo-1.png\",\"width\":178,\"height\":114,\"caption\":\"Art\u00edculos Religiosos\"},\"image\":{\"@id\":\"https:\/\/articulosreligiosos.com\/en\/#\/schema\/logo\/image\/\"},\"sameAs\":[\"https:\/\/www.instagram.com\/articulosreligiosos.tienda\/\"],\"hasMerchantReturnPolicy\":{\"@type\":\"MerchantReturnPolicy\",\"merchantReturnLink\":\"https:\/\/articulosreligiosos.com\/en\/refund-and-returns-policy\/\"}}]}<\/script>\n<meta property=\"og:availability\" content=\"instock\" \/>\n<meta property=\"product:availability\" content=\"instock\" \/>\n<meta property=\"product:retailer_item_id\" content=\"MERV028RVP8\" \/>\n<meta property=\"product:condition\" content=\"new\" \/>\n<!-- \/ Yoast SEO Premium plugin. -->","yoast_head_json":{"title":"Buy Pope Saint John Paul II medal - Art\u00edculos Religiosos | Online Store","description":"Pope Saint John Paul II medal in 18 carat Gold and Sterling Silver 925.","robots":{"index":"index","follow":"follow","max-snippet":"max-snippet:-1","max-image-preview":"max-image-preview:large","max-video-preview":"max-video-preview:-1"},"canonical":"https:\/\/articulosreligiosos.com\/en\/product\/pope-saint-john-paul-ii-medal-merv028rvp8\/","og_locale":"en_US","og_type":"article","og_title":"Pope Saint John Paul II medal","og_description":"Pope Saint John Paul II medal in 18 carat Gold and Sterling Silver 925.","og_url":"https:\/\/articulosreligiosos.com\/en\/product\/pope-saint-john-paul-ii-medal-merv028rvp8\/","og_site_name":"articulosreligiosos.com","article_modified_time":"2026-03-02T10:16:16+00:00","og_image":[{"width":450,"height":554,"url":"https:\/\/articulosreligiosos.com\/wp-content\/uploads\/2025\/09\/Medalla-del-Papa-San-Juan-Pablo-II-merv028rvp8-1.webp","type":"image\/webp"}],"twitter_card":"summary_large_image","twitter_misc":{"Availability":"In stock"},"schema":{"@context":"https:\/\/schema.org","@graph":[{"@type":"WebPage","@id":"https:\/\/articulosreligiosos.com\/en\/product\/pope-saint-john-paul-ii-medal-merv028rvp8\/","url":"https:\/\/articulosreligiosos.com\/en\/product\/pope-saint-john-paul-ii-medal-merv028rvp8\/","name":"Buy Pope Saint John Paul II medal - Art\u00edculos Religiosos | Online Store","isPartOf":{"@id":"https:\/\/articulosreligiosos.com\/en\/#website"},"primaryImageOfPage":{"@id":"https:\/\/articulosreligiosos.com\/en\/product\/pope-saint-john-paul-ii-medal-merv028rvp8\/#primaryimage"},"image":{"@id":"https:\/\/articulosreligiosos.com\/en\/product\/pope-saint-john-paul-ii-medal-merv028rvp8\/#primaryimage"},"thumbnailUrl":"https:\/\/articulosreligiosos.com\/wp-content\/uploads\/2025\/09\/Medalla-del-Papa-San-Juan-Pablo-II-merv028rvp8-1.webp","datePublished":"2017-11-05T19:27:32+00:00","dateModified":"2026-03-02T10:16:16+00:00","description":"Pope Saint John Paul II medal in 18 carat Gold and Sterling Silver 925.","breadcrumb":{"@id":"https:\/\/articulosreligiosos.com\/en\/product\/pope-saint-john-paul-ii-medal-merv028rvp8\/#breadcrumb"},"inLanguage":"en-US","potentialAction":[{"@type":"ReadAction","target":["https:\/\/articulosreligiosos.com\/en\/product\/pope-saint-john-paul-ii-medal-merv028rvp8\/"]}]},{"@type":"ImageObject","inLanguage":"en-US","@id":"https:\/\/articulosreligiosos.com\/en\/product\/pope-saint-john-paul-ii-medal-merv028rvp8\/#primaryimage","url":"https:\/\/articulosreligiosos.com\/wp-content\/uploads\/2025\/09\/Medalla-del-Papa-San-Juan-Pablo-II-merv028rvp8-1.webp","contentUrl":"https:\/\/articulosreligiosos.com\/wp-content\/uploads\/2025\/09\/Medalla-del-Papa-San-Juan-Pablo-II-merv028rvp8-1.webp","width":450,"height":554},{"@type":"BreadcrumbList","@id":"https:\/\/articulosreligiosos.com\/en\/product\/pope-saint-john-paul-ii-medal-merv028rvp8\/#breadcrumb","itemListElement":[{"@type":"ListItem","position":1,"name":"Home","item":"https:\/\/articulosreligiosos.com\/en\/"},{"@type":"ListItem","position":2,"name":"Products"},{"@type":"ListItem","position":3,"name":"Pope Saint John Paul II medal"}]},{"@type":"WebSite","@id":"https:\/\/articulosreligiosos.com\/en\/#website","url":"https:\/\/articulosreligiosos.com\/en\/","name":"Art\u00edculos Religiosos","description":"Tienda online | Fabricaci\u00f3n, restauraci\u00f3n y comercializaci\u00f3n de objetos religiosos al mejor precio y con el mejor servicio.","publisher":{"@id":"https:\/\/articulosreligiosos.com\/en\/#organization"},"potentialAction":[{"@type":"SearchAction","target":{"@type":"EntryPoint","urlTemplate":"https:\/\/articulosreligiosos.com\/en\/?s={search_term_string}"},"query-input":{"@type":"PropertyValueSpecification","valueRequired":true,"valueName":"search_term_string"}}],"inLanguage":"en-US"},{"@type":"Organization","@id":"https:\/\/articulosreligiosos.com\/en\/#organization","name":"Art\u00edculos Religiosos","url":"https:\/\/articulosreligiosos.com\/en\/","logo":{"@type":"ImageObject","inLanguage":"en-US","@id":"https:\/\/articulosreligiosos.com\/en\/#\/schema\/logo\/image\/","url":"https:\/\/articulosreligiosos.com\/wp-content\/uploads\/2023\/12\/newlogo-1.png","contentUrl":"https:\/\/articulosreligiosos.com\/wp-content\/uploads\/2023\/12\/newlogo-1.png","width":178,"height":114,"caption":"Art\u00edculos Religiosos"},"image":{"@id":"https:\/\/articulosreligiosos.com\/en\/#\/schema\/logo\/image\/"},"sameAs":["https:\/\/www.instagram.com\/articulosreligiosos.tienda\/"],"hasMerchantReturnPolicy":{"@type":"MerchantReturnPolicy","merchantReturnLink":"https:\/\/articulosreligiosos.com\/en\/refund-and-returns-policy\/"}}]},"og_availability":"instock","product_availability":"instock","product_retailer_item_id":"MERV028RVP8","product_condition":"new"},"_links":{"self":[{"href":"https:\/\/articulosreligiosos.com\/en\/wp-json\/wp\/v2\/product\/122695","targetHints":{"allow":["GET"]}}],"collection":[{"href":"https:\/\/articulosreligiosos.com\/en\/wp-json\/wp\/v2\/product"}],"about":[{"href":"https:\/\/articulosreligiosos.com\/en\/wp-json\/wp\/v2\/types\/product"}],"replies":[{"embeddable":true,"href":"https:\/\/articulosreligiosos.com\/en\/wp-json\/wp\/v2\/comments?post=122695"}],"wp:featuredmedia":[{"embeddable":true,"href":"https:\/\/articulosreligiosos.com\/en\/wp-json\/wp\/v2\/media\/349807"}],"wp:attachment":[{"href":"https:\/\/articulosreligiosos.com\/en\/wp-json\/wp\/v2\/media?parent=122695"}],"wp:term":[{"taxonomy":"product_brand","embeddable":true,"href":"https:\/\/articulosreligiosos.com\/en\/wp-json\/wp\/v2\/product_brand?post=122695"},{"taxonomy":"product_cat","embeddable":true,"href":"https:\/\/articulosreligiosos.com\/en\/wp-json\/wp\/v2\/product_cat?post=122695"},{"taxonomy":"product_tag","embeddable":true,"href":"https:\/\/articulosreligiosos.com\/en\/wp-json\/wp\/v2\/product_tag?post=122695"}],"curies":[{"name":"wp","href":"https:\/\/api.w.org\/{rel}","templated":true}]}}