{"id":118029,"date":"2017-03-05T22:57:40","date_gmt":"2017-03-05T22:57:40","guid":{"rendered":"https:\/\/articulosreligiosos.com\/product\/sacred-heart-of-jesus-relief-with-rays-93866\/"},"modified":"2025-03-08T09:16:05","modified_gmt":"2025-03-08T09:16:05","slug":"sacred-heart-of-jesus-relief-with-rays-93866","status":"publish","type":"product","link":"https:\/\/articulosreligiosos.com\/en\/product\/sacred-heart-of-jesus-relief-with-rays-93866\/","title":{"rendered":"Sacred Heart of Jesus Relief with rays"},"content":{"rendered":"<p>Agnus Dei Relief with rays with a great level of detail, getting a perfect finish. <\/p>\n","protected":false},"excerpt":{"rendered":"<p>Sacred Heart of Jesus Relief with rays , wood carving.<\/p>\n","protected":false},"featured_media":348741,"comment_status":"open","ping_status":"closed","template":"","meta":{"_acf_changed":false},"product_brand":[],"product_cat":[6324,6314],"product_tag":[],"class_list":{"0":"post-118029","1":"product","2":"type-product","3":"status-publish","4":"has-post-thumbnail","6":"product_cat-catholic-religious-relief-plates-en","7":"product_cat-pictures-icons-religious-catholic-en","8":"pa_acabado_cuadros-available-in-various-decorations","9":"pa_acabado_cuadros-colored-en","10":"pa_acabado_cuadros-coloredantique-en","11":"pa_acabado_cuadros-natural-en","12":"pa_acabado_cuadros-tones-en","13":"pa_acabado_cuadros-vintagecolorgold24k-en","14":"pa_acabado_cuadros-waxed-en","15":"pa_altura-180-en","16":"pa_altura-250-en","17":"pa_altura-320-en","18":"pa_altura-430-en","19":"pa_disponibilidad-7-en","20":"pa_manufacturer-p030-en","21":"pa_material-woodcarving","23":"first","24":"instock","25":"taxable","26":"shipping-taxable","27":"purchasable","28":"product-type-variable","29":"rtwpvs-product"},"acf":[],"yoast_head":"<!-- This site is optimized with the Yoast SEO Premium plugin v27.2 (Yoast SEO v27.2) - https:\/\/yoast.com\/product\/yoast-seo-premium-wordpress\/ -->\n<title>Buy Sacred Heart of Jesus Relief with rays - Art\u00edculos Religiosos | Online Store<\/title>\n<meta name=\"description\" content=\"Sacred Heart of Jesus Relief with rays , wood carving.\" \/>\n<meta name=\"robots\" content=\"index, follow, max-snippet:-1, max-image-preview:large, max-video-preview:-1\" \/>\n<link rel=\"canonical\" href=\"https:\/\/articulosreligiosos.com\/en\/product\/sacred-heart-of-jesus-relief-with-rays-93866\/\" \/>\n<meta property=\"og:locale\" content=\"en_US\" \/>\n<meta property=\"og:type\" content=\"article\" \/>\n<meta property=\"og:title\" content=\"Sacred Heart of Jesus Relief with rays\" \/>\n<meta property=\"og:description\" content=\"Sacred Heart of Jesus Relief with rays , wood carving.\" \/>\n<meta property=\"og:url\" content=\"https:\/\/articulosreligiosos.com\/en\/product\/sacred-heart-of-jesus-relief-with-rays-93866\/\" \/>\n<meta property=\"og:site_name\" content=\"articulosreligiosos.com\" \/>\n<meta property=\"article:modified_time\" content=\"2025-03-08T09:16:05+00:00\" \/>\n<meta property=\"og:image\" content=\"https:\/\/articulosreligiosos.com\/wp-content\/uploads\/2025\/09\/Relieve-del-Sagrado-Corazon-de-Jesus-con-rayos-Detente-marv030050091-0.webp\" \/>\n\t<meta property=\"og:image:width\" content=\"1000\" \/>\n\t<meta property=\"og:image:height\" content=\"1002\" \/>\n\t<meta property=\"og:image:type\" content=\"image\/webp\" \/>\n<meta name=\"twitter:card\" content=\"summary_large_image\" \/>\n<meta name=\"twitter:label1\" content=\"Availability\" \/>\n\t<meta name=\"twitter:data1\" content=\"In stock\" \/>\n<script type=\"application\/ld+json\" class=\"yoast-schema-graph\">{\"@context\":\"https:\/\/schema.org\",\"@graph\":[{\"@type\":\"WebPage\",\"@id\":\"https:\/\/articulosreligiosos.com\/en\/product\/sacred-heart-of-jesus-relief-with-rays-93866\/\",\"url\":\"https:\/\/articulosreligiosos.com\/en\/product\/sacred-heart-of-jesus-relief-with-rays-93866\/\",\"name\":\"Buy Sacred Heart of Jesus Relief with rays - Art\u00edculos Religiosos | Online Store\",\"isPartOf\":{\"@id\":\"https:\/\/articulosreligiosos.com\/en\/#website\"},\"primaryImageOfPage\":{\"@id\":\"https:\/\/articulosreligiosos.com\/en\/product\/sacred-heart-of-jesus-relief-with-rays-93866\/#primaryimage\"},\"image\":{\"@id\":\"https:\/\/articulosreligiosos.com\/en\/product\/sacred-heart-of-jesus-relief-with-rays-93866\/#primaryimage\"},\"thumbnailUrl\":\"https:\/\/articulosreligiosos.com\/wp-content\/uploads\/2025\/09\/Relieve-del-Sagrado-Corazon-de-Jesus-con-rayos-Detente-marv030050091-0.webp\",\"datePublished\":\"2017-03-05T22:57:40+00:00\",\"dateModified\":\"2025-03-08T09:16:05+00:00\",\"description\":\"Sacred Heart of Jesus Relief with rays , wood carving.\",\"breadcrumb\":{\"@id\":\"https:\/\/articulosreligiosos.com\/en\/product\/sacred-heart-of-jesus-relief-with-rays-93866\/#breadcrumb\"},\"inLanguage\":\"en-US\",\"potentialAction\":[{\"@type\":\"ReadAction\",\"target\":[\"https:\/\/articulosreligiosos.com\/en\/product\/sacred-heart-of-jesus-relief-with-rays-93866\/\"]}]},{\"@type\":\"ImageObject\",\"inLanguage\":\"en-US\",\"@id\":\"https:\/\/articulosreligiosos.com\/en\/product\/sacred-heart-of-jesus-relief-with-rays-93866\/#primaryimage\",\"url\":\"https:\/\/articulosreligiosos.com\/wp-content\/uploads\/2025\/09\/Relieve-del-Sagrado-Corazon-de-Jesus-con-rayos-Detente-marv030050091-0.webp\",\"contentUrl\":\"https:\/\/articulosreligiosos.com\/wp-content\/uploads\/2025\/09\/Relieve-del-Sagrado-Corazon-de-Jesus-con-rayos-Detente-marv030050091-0.webp\",\"width\":1000,\"height\":1002},{\"@type\":\"BreadcrumbList\",\"@id\":\"https:\/\/articulosreligiosos.com\/en\/product\/sacred-heart-of-jesus-relief-with-rays-93866\/#breadcrumb\",\"itemListElement\":[{\"@type\":\"ListItem\",\"position\":1,\"name\":\"Home\",\"item\":\"https:\/\/articulosreligiosos.com\/en\/\"},{\"@type\":\"ListItem\",\"position\":2,\"name\":\"Products\"},{\"@type\":\"ListItem\",\"position\":3,\"name\":\"Sacred Heart of Jesus Relief with rays\"}]},{\"@type\":\"WebSite\",\"@id\":\"https:\/\/articulosreligiosos.com\/en\/#website\",\"url\":\"https:\/\/articulosreligiosos.com\/en\/\",\"name\":\"Art\u00edculos Religiosos\",\"description\":\"Tienda online | Fabricaci\u00f3n, restauraci\u00f3n y comercializaci\u00f3n de objetos religiosos al mejor precio y con el mejor servicio.\",\"publisher\":{\"@id\":\"https:\/\/articulosreligiosos.com\/en\/#organization\"},\"potentialAction\":[{\"@type\":\"SearchAction\",\"target\":{\"@type\":\"EntryPoint\",\"urlTemplate\":\"https:\/\/articulosreligiosos.com\/en\/?s={search_term_string}\"},\"query-input\":{\"@type\":\"PropertyValueSpecification\",\"valueRequired\":true,\"valueName\":\"search_term_string\"}}],\"inLanguage\":\"en-US\"},{\"@type\":\"Organization\",\"@id\":\"https:\/\/articulosreligiosos.com\/en\/#organization\",\"name\":\"Art\u00edculos Religiosos\",\"url\":\"https:\/\/articulosreligiosos.com\/en\/\",\"logo\":{\"@type\":\"ImageObject\",\"inLanguage\":\"en-US\",\"@id\":\"https:\/\/articulosreligiosos.com\/en\/#\/schema\/logo\/image\/\",\"url\":\"https:\/\/articulosreligiosos.com\/wp-content\/uploads\/2023\/12\/newlogo-1.png\",\"contentUrl\":\"https:\/\/articulosreligiosos.com\/wp-content\/uploads\/2023\/12\/newlogo-1.png\",\"width\":178,\"height\":114,\"caption\":\"Art\u00edculos Religiosos\"},\"image\":{\"@id\":\"https:\/\/articulosreligiosos.com\/en\/#\/schema\/logo\/image\/\"},\"sameAs\":[\"https:\/\/www.instagram.com\/articulosreligiosos.tienda\/\"],\"hasMerchantReturnPolicy\":{\"@type\":\"MerchantReturnPolicy\",\"merchantReturnLink\":\"https:\/\/articulosreligiosos.com\/en\/refund-and-returns-policy\/\"}}]}<\/script>\n<meta property=\"og:availability\" content=\"instock\" \/>\n<meta property=\"product:availability\" content=\"instock\" \/>\n<meta property=\"product:retailer_item_id\" content=\"MARV030050091\" \/>\n<meta property=\"product:condition\" content=\"new\" \/>\n<!-- \/ Yoast SEO Premium plugin. -->","yoast_head_json":{"title":"Buy Sacred Heart of Jesus Relief with rays - Art\u00edculos Religiosos | Online Store","description":"Sacred Heart of Jesus Relief with rays , wood carving.","robots":{"index":"index","follow":"follow","max-snippet":"max-snippet:-1","max-image-preview":"max-image-preview:large","max-video-preview":"max-video-preview:-1"},"canonical":"https:\/\/articulosreligiosos.com\/en\/product\/sacred-heart-of-jesus-relief-with-rays-93866\/","og_locale":"en_US","og_type":"article","og_title":"Sacred Heart of Jesus Relief with rays","og_description":"Sacred Heart of Jesus Relief with rays , wood carving.","og_url":"https:\/\/articulosreligiosos.com\/en\/product\/sacred-heart-of-jesus-relief-with-rays-93866\/","og_site_name":"articulosreligiosos.com","article_modified_time":"2025-03-08T09:16:05+00:00","og_image":[{"width":1000,"height":1002,"url":"https:\/\/articulosreligiosos.com\/wp-content\/uploads\/2025\/09\/Relieve-del-Sagrado-Corazon-de-Jesus-con-rayos-Detente-marv030050091-0.webp","type":"image\/webp"}],"twitter_card":"summary_large_image","twitter_misc":{"Availability":"In stock"},"schema":{"@context":"https:\/\/schema.org","@graph":[{"@type":"WebPage","@id":"https:\/\/articulosreligiosos.com\/en\/product\/sacred-heart-of-jesus-relief-with-rays-93866\/","url":"https:\/\/articulosreligiosos.com\/en\/product\/sacred-heart-of-jesus-relief-with-rays-93866\/","name":"Buy Sacred Heart of Jesus Relief with rays - Art\u00edculos Religiosos | Online Store","isPartOf":{"@id":"https:\/\/articulosreligiosos.com\/en\/#website"},"primaryImageOfPage":{"@id":"https:\/\/articulosreligiosos.com\/en\/product\/sacred-heart-of-jesus-relief-with-rays-93866\/#primaryimage"},"image":{"@id":"https:\/\/articulosreligiosos.com\/en\/product\/sacred-heart-of-jesus-relief-with-rays-93866\/#primaryimage"},"thumbnailUrl":"https:\/\/articulosreligiosos.com\/wp-content\/uploads\/2025\/09\/Relieve-del-Sagrado-Corazon-de-Jesus-con-rayos-Detente-marv030050091-0.webp","datePublished":"2017-03-05T22:57:40+00:00","dateModified":"2025-03-08T09:16:05+00:00","description":"Sacred Heart of Jesus Relief with rays , wood carving.","breadcrumb":{"@id":"https:\/\/articulosreligiosos.com\/en\/product\/sacred-heart-of-jesus-relief-with-rays-93866\/#breadcrumb"},"inLanguage":"en-US","potentialAction":[{"@type":"ReadAction","target":["https:\/\/articulosreligiosos.com\/en\/product\/sacred-heart-of-jesus-relief-with-rays-93866\/"]}]},{"@type":"ImageObject","inLanguage":"en-US","@id":"https:\/\/articulosreligiosos.com\/en\/product\/sacred-heart-of-jesus-relief-with-rays-93866\/#primaryimage","url":"https:\/\/articulosreligiosos.com\/wp-content\/uploads\/2025\/09\/Relieve-del-Sagrado-Corazon-de-Jesus-con-rayos-Detente-marv030050091-0.webp","contentUrl":"https:\/\/articulosreligiosos.com\/wp-content\/uploads\/2025\/09\/Relieve-del-Sagrado-Corazon-de-Jesus-con-rayos-Detente-marv030050091-0.webp","width":1000,"height":1002},{"@type":"BreadcrumbList","@id":"https:\/\/articulosreligiosos.com\/en\/product\/sacred-heart-of-jesus-relief-with-rays-93866\/#breadcrumb","itemListElement":[{"@type":"ListItem","position":1,"name":"Home","item":"https:\/\/articulosreligiosos.com\/en\/"},{"@type":"ListItem","position":2,"name":"Products"},{"@type":"ListItem","position":3,"name":"Sacred Heart of Jesus Relief with rays"}]},{"@type":"WebSite","@id":"https:\/\/articulosreligiosos.com\/en\/#website","url":"https:\/\/articulosreligiosos.com\/en\/","name":"Art\u00edculos Religiosos","description":"Tienda online | Fabricaci\u00f3n, restauraci\u00f3n y comercializaci\u00f3n de objetos religiosos al mejor precio y con el mejor servicio.","publisher":{"@id":"https:\/\/articulosreligiosos.com\/en\/#organization"},"potentialAction":[{"@type":"SearchAction","target":{"@type":"EntryPoint","urlTemplate":"https:\/\/articulosreligiosos.com\/en\/?s={search_term_string}"},"query-input":{"@type":"PropertyValueSpecification","valueRequired":true,"valueName":"search_term_string"}}],"inLanguage":"en-US"},{"@type":"Organization","@id":"https:\/\/articulosreligiosos.com\/en\/#organization","name":"Art\u00edculos Religiosos","url":"https:\/\/articulosreligiosos.com\/en\/","logo":{"@type":"ImageObject","inLanguage":"en-US","@id":"https:\/\/articulosreligiosos.com\/en\/#\/schema\/logo\/image\/","url":"https:\/\/articulosreligiosos.com\/wp-content\/uploads\/2023\/12\/newlogo-1.png","contentUrl":"https:\/\/articulosreligiosos.com\/wp-content\/uploads\/2023\/12\/newlogo-1.png","width":178,"height":114,"caption":"Art\u00edculos Religiosos"},"image":{"@id":"https:\/\/articulosreligiosos.com\/en\/#\/schema\/logo\/image\/"},"sameAs":["https:\/\/www.instagram.com\/articulosreligiosos.tienda\/"],"hasMerchantReturnPolicy":{"@type":"MerchantReturnPolicy","merchantReturnLink":"https:\/\/articulosreligiosos.com\/en\/refund-and-returns-policy\/"}}]},"og_availability":"instock","product_availability":"instock","product_retailer_item_id":"MARV030050091","product_condition":"new"},"_links":{"self":[{"href":"https:\/\/articulosreligiosos.com\/en\/wp-json\/wp\/v2\/product\/118029","targetHints":{"allow":["GET"]}}],"collection":[{"href":"https:\/\/articulosreligiosos.com\/en\/wp-json\/wp\/v2\/product"}],"about":[{"href":"https:\/\/articulosreligiosos.com\/en\/wp-json\/wp\/v2\/types\/product"}],"replies":[{"embeddable":true,"href":"https:\/\/articulosreligiosos.com\/en\/wp-json\/wp\/v2\/comments?post=118029"}],"wp:featuredmedia":[{"embeddable":true,"href":"https:\/\/articulosreligiosos.com\/en\/wp-json\/wp\/v2\/media\/348741"}],"wp:attachment":[{"href":"https:\/\/articulosreligiosos.com\/en\/wp-json\/wp\/v2\/media?parent=118029"}],"wp:term":[{"taxonomy":"product_brand","embeddable":true,"href":"https:\/\/articulosreligiosos.com\/en\/wp-json\/wp\/v2\/product_brand?post=118029"},{"taxonomy":"product_cat","embeddable":true,"href":"https:\/\/articulosreligiosos.com\/en\/wp-json\/wp\/v2\/product_cat?post=118029"},{"taxonomy":"product_tag","embeddable":true,"href":"https:\/\/articulosreligiosos.com\/en\/wp-json\/wp\/v2\/product_tag?post=118029"}],"curies":[{"name":"wp","href":"https:\/\/api.w.org\/{rel}","templated":true}]}}